{"id":73851,"date":"2025-12-14T00:47:24","date_gmt":"2025-12-13T22:47:24","guid":{"rendered":"http:\/\/skyline-gs.com\/?post_type=product&#038;p=73851"},"modified":"2025-12-14T00:56:59","modified_gmt":"2025-12-13T22:56:59","slug":"adult-show-big-eye","status":"publish","type":"product","link":"https:\/\/skyline-gs.com\/de\/product\/adult-show-big-eye\/","title":{"rendered":"Die Big Eye Adult Show.\u00ab"},"content":{"rendered":"<p><strong>Big Eye Show<\/strong> - eine der ber\u00fchmtesten Shows f\u00fcr ein erwachsenes Publikum in Pattaya. Es ist eine freim\u00fctige, provokative und gleichzeitig theatralische Auff\u00fchrung <strong>18+<\/strong>, das seit langem Teil des Nachtlebens des Ortes ist.<br \/>\nDie Show verbindet Elemente der Erotik, der Performance-Kunst und des Humors. Das Programm richtet sich an ein erwachsenes Publikum, das eine unkonventionelle Show sehen und eine der meistdiskutierten Seiten von Pattaya erleben m\u00f6chte.<\/p>\n<p><strong>Programm<\/strong><\/p>\n<ul>\n<li>Transfer vom Hotel.<\/li>\n<li>Einlass in den Saal und Sitzpl\u00e4tze entsprechend der gew\u00e4hlten Ticketkategorie.<\/li>\n<li>Big Eye Show ist eine B\u00fchnenshow f\u00fcr Erwachsene:<br \/>\neindeutige Zahlen,<br \/>\nTheatervorstellungen,<br \/>\nElemente des Humors und der Interaktivit\u00e4t,<br \/>\nfarbenfrohe Kost\u00fcme und Lichteffekte.<\/li>\n<li>Nach dem Ende der Show haben Sie Zeit zur freien Verf\u00fcgung.<\/li>\n<li>R\u00fcckkehr zum Hotel.<br \/>\n<em>Die Dauer der Show betr\u00e4gt etwa 60-90 Minuten.<\/em><\/li>\n<\/ul>\n<p><strong>Inbegriffen:<\/strong><\/p>\n<ul>\n<li data-start=\"2622\" data-end=\"2653\">\n<p data-start=\"2624\" data-end=\"2653\">Eintrittskarte zur Big Eye Show<\/p>\n<\/li>\n<li data-start=\"2622\" data-end=\"2653\">\n<p data-start=\"2624\" data-end=\"2653\">Sitzpl\u00e4tze im Saal entsprechend der gew\u00e4hlten Kategorie<\/p>\n<\/li>\n<li data-start=\"2622\" data-end=\"2653\">\n<p data-start=\"2624\" data-end=\"2653\">\u00dcbertragung.<\/p>\n<\/li>\n<li data-start=\"2622\" data-end=\"2653\">\n<p data-start=\"2624\" data-end=\"2653\">Versicherung.<\/p>\n<\/li>\n<\/ul>\n<p><strong>Nimm mit:<\/strong><\/p>\n<ul>\n<li data-start=\"2117\" data-end=\"2159\">\n<p data-start=\"2119\" data-end=\"2159\">Altersnachweis (18+)<\/p>\n<\/li>\n<li>Geld f\u00fcr pers\u00f6nliche Ausgaben<\/li>\n<\/ul>\n<p><strong>Extras:<\/strong><\/p>\n<ul>\n<li>Die Ausstellung richtet sich ausschlie\u00dflich an <strong>Erwachsene (18+)<\/strong><\/li>\n<li><strong>Das Fotografieren und Filmen innerhalb der Halle ist verboten.<\/strong>.<\/li>\n<li>Personen, die unter starkem Alkohol- oder Drogeneinfluss stehen, d\u00fcrfen nicht zugelassen werden.<\/li>\n<li>Die Kleiderordnung ist locker, aber ordentlich<\/li>\n<li>Das Programm kann ohne vorherige Ank\u00fcndigung ge\u00e4ndert werden.<\/li>\n<\/ul>","protected":false},"excerpt":{"rendered":"<p><strong>Dauer:<\/strong> 60 Minuten<br \/>\n<strong>Veranstaltungstage:<\/strong> T\u00e4glich<\/p>","protected":false},"featured_media":73854,"template":"","meta":{"_kad_post_transparent":"default","_kad_post_title":"","_kad_post_layout":"default","_kad_post_sidebar_id":"","_kad_post_content_style":"default","_kad_post_vertical_padding":"default","_kad_post_feature":"","_kad_post_feature_position":"","_kad_post_header":false,"_kad_post_footer":false,"_kad_post_classname":"","_glsr_average":0,"_glsr_ranking":0,"_glsr_reviews":0},"product_brand":[],"product_cat":[507],"product_tag":[],"class_list":{"0":"post-73851","1":"product","2":"type-product","3":"status-publish","4":"has-post-thumbnail","6":"product_cat-pattaya","7":"tm-has-options","9":"first","10":"instock","11":"sold-individually","12":"taxable","13":"shipping-taxable","14":"purchasable","15":"product-type-simple","16":"entry","17":"content-bg","18":"loop-entry"},"yoast_head":"<!-- This site is optimized with the Yoast SEO plugin v27.3 - https:\/\/yoast.com\/product\/yoast-seo-wordpress\/ -->\n<title>\u0428\u043e\u0443 \u0434\u043b\u044f \u0412\u0437\u0440\u043e\u0441\u043b\u044b\u0445 &quot;\u0411\u043e\u043b\u044c\u0448\u043e\u0439 \u0413\u043b\u0430\u0437&quot; &#8226; \u042d\u043a\u0441\u043a\u0443\u0440\u0441\u0438\u0438 Skyline<\/title>\n<meta name=\"robots\" content=\"index, follow, max-snippet:-1, max-image-preview:large, max-video-preview:-1\" \/>\n<link rel=\"canonical\" href=\"https:\/\/skyline-gs.com\/de\/produkt\/adult-show-big-eye\/\" \/>\n<meta property=\"og:locale\" content=\"de_DE\" \/>\n<meta property=\"og:type\" content=\"article\" \/>\n<meta property=\"og:title\" content=\"\u0428\u043e\u0443 \u0434\u043b\u044f \u0412\u0437\u0440\u043e\u0441\u043b\u044b\u0445 &quot;\u0411\u043e\u043b\u044c\u0448\u043e\u0439 \u0413\u043b\u0430\u0437&quot; &#8226; \u042d\u043a\u0441\u043a\u0443\u0440\u0441\u0438\u0438 Skyline\" \/>\n<meta property=\"og:description\" content=\"\u041f\u0440\u043e\u0434\u043e\u043b\u0436\u0438\u0442\u0435\u043b\u044c\u043d\u043e\u0441\u0442\u044c: 60 \u043c\u0438\u043d\u0443\u0442 \u0414\u043d\u0438 \u043f\u0440\u043e\u0432\u0435\u0434\u0435\u043d\u0438\u044f: \u0435\u0436\u0435\u0434\u043d\u0435\u0432\u043d\u043e\" \/>\n<meta property=\"og:url\" content=\"https:\/\/skyline-gs.com\/de\/produkt\/adult-show-big-eye\/\" \/>\n<meta property=\"og:site_name\" content=\"\u042d\u043a\u0441\u043a\u0443\u0440\u0441\u0438\u0438 Skyline\" \/>\n<meta property=\"article:modified_time\" content=\"2025-12-13T22:56:59+00:00\" \/>\n<meta property=\"og:image\" content=\"https:\/\/skyline-gs.com\/wp-content\/uploads\/2025\/12\/2606-2_640x480.jpg-e1765918798150.webp\" \/>\n\t<meta property=\"og:image:width\" content=\"640\" \/>\n\t<meta property=\"og:image:height\" content=\"427\" \/>\n\t<meta property=\"og:image:type\" content=\"image\/webp\" \/>\n<meta name=\"twitter:card\" content=\"summary_large_image\" \/>\n<meta name=\"twitter:label1\" content=\"Gesch\u00e4tzte Lesezeit\" \/>\n\t<meta name=\"twitter:data1\" content=\"2\u00a0Minuten\" \/>\n<script type=\"application\/ld+json\" class=\"yoast-schema-graph\">{\"@context\":\"https:\\\/\\\/schema.org\",\"@graph\":[{\"@type\":\"WebPage\",\"@id\":\"https:\\\/\\\/skyline-gs.com\\\/de\\\/produkt\\\/adult-show-big-eye\\\/\",\"url\":\"https:\\\/\\\/skyline-gs.com\\\/de\\\/produkt\\\/adult-show-big-eye\\\/\",\"name\":\"\u0428\u043e\u0443 \u0434\u043b\u044f \u0412\u0437\u0440\u043e\u0441\u043b\u044b\u0445 \\\"\u0411\u043e\u043b\u044c\u0448\u043e\u0439 \u0413\u043b\u0430\u0437\\\" &#8226; \u042d\u043a\u0441\u043a\u0443\u0440\u0441\u0438\u0438 Skyline\",\"isPartOf\":{\"@id\":\"https:\\\/\\\/skyline-gs.com\\\/it\\\/#website\"},\"primaryImageOfPage\":{\"@id\":\"https:\\\/\\\/skyline-gs.com\\\/de\\\/produkt\\\/adult-show-big-eye\\\/#primaryimage\"},\"image\":{\"@id\":\"https:\\\/\\\/skyline-gs.com\\\/de\\\/produkt\\\/adult-show-big-eye\\\/#primaryimage\"},\"thumbnailUrl\":\"https:\\\/\\\/skyline-gs.com\\\/wp-content\\\/uploads\\\/2025\\\/12\\\/2606-2_640x480.jpg-e1765918798150.webp\",\"datePublished\":\"2025-12-13T22:47:24+00:00\",\"dateModified\":\"2025-12-13T22:56:59+00:00\",\"breadcrumb\":{\"@id\":\"https:\\\/\\\/skyline-gs.com\\\/de\\\/produkt\\\/adult-show-big-eye\\\/#breadcrumb\"},\"inLanguage\":\"de\",\"potentialAction\":[{\"@type\":\"ReadAction\",\"target\":[\"https:\\\/\\\/skyline-gs.com\\\/de\\\/produkt\\\/adult-show-big-eye\\\/\"]}]},{\"@type\":\"ImageObject\",\"inLanguage\":\"de\",\"@id\":\"https:\\\/\\\/skyline-gs.com\\\/de\\\/produkt\\\/adult-show-big-eye\\\/#primaryimage\",\"url\":\"https:\\\/\\\/skyline-gs.com\\\/wp-content\\\/uploads\\\/2025\\\/12\\\/2606-2_640x480.jpg-e1765918798150.webp\",\"contentUrl\":\"https:\\\/\\\/skyline-gs.com\\\/wp-content\\\/uploads\\\/2025\\\/12\\\/2606-2_640x480.jpg-e1765918798150.webp\",\"width\":640,\"height\":427},{\"@type\":\"BreadcrumbList\",\"@id\":\"https:\\\/\\\/skyline-gs.com\\\/de\\\/produkt\\\/adult-show-big-eye\\\/#breadcrumb\",\"itemListElement\":[{\"@type\":\"ListItem\",\"position\":1,\"name\":\"\u0413\u043b\u0430\u0432\u043d\u0430\u044f \u0441\u0442\u0440\u0430\u043d\u0438\u0446\u0430\",\"item\":\"https:\\\/\\\/skyline-gs.com\\\/hu\\\/\"},{\"@type\":\"ListItem\",\"position\":2,\"name\":\"\u041c\u0430\u0433\u0430\u0437\u0438\u043d\",\"item\":\"https:\\\/\\\/skyline-gs.com\\\/cs\\\/shop\\\/\"},{\"@type\":\"ListItem\",\"position\":3,\"name\":\"\u0428\u043e\u0443 \u0434\u043b\u044f \u0412\u0437\u0440\u043e\u0441\u043b\u044b\u0445 &#171;\u0411\u043e\u043b\u044c\u0448\u043e\u0439 \u0413\u043b\u0430\u0437&#187;\"}]},{\"@type\":\"WebSite\",\"@id\":\"https:\\\/\\\/skyline-gs.com\\\/it\\\/#website\",\"url\":\"https:\\\/\\\/skyline-gs.com\\\/it\\\/\",\"name\":\"\u042d\u043a\u0441\u043a\u0443\u0440\u0441\u0438\u0438 Skyline\",\"description\":\"\u042d\u043a\u0441\u043a\u043b\u044e\u0437\u0438\u0432\u043d\u044b\u0435 \u044d\u043a\u0441\u043a\u0443\u0440\u0441\u0438\u0438 \u043d\u0430 \u043b\u0443\u0447\u0448\u0438\u0445 \u043a\u0443\u0440\u043e\u0440\u0442\u0430\u0445 \u043c\u0438\u0440\u0430\",\"publisher\":{\"@id\":\"https:\\\/\\\/skyline-gs.com\\\/it\\\/#organization\"},\"alternateName\":\"Skyline\",\"potentialAction\":[{\"@type\":\"SearchAction\",\"target\":{\"@type\":\"EntryPoint\",\"urlTemplate\":\"https:\\\/\\\/skyline-gs.com\\\/it\\\/?s={search_term_string}\"},\"query-input\":{\"@type\":\"PropertyValueSpecification\",\"valueRequired\":true,\"valueName\":\"search_term_string\"}}],\"inLanguage\":\"de\"},{\"@type\":\"Organization\",\"@id\":\"https:\\\/\\\/skyline-gs.com\\\/it\\\/#organization\",\"name\":\"\u042d\u043a\u0441\u043a\u0443\u0440\u0441\u0438\u0438 Skyline\",\"alternateName\":\"\u042d\u043a\u0441\u043a\u0443\u0440\u0441\u0438\u0438 Skyline\",\"url\":\"https:\\\/\\\/skyline-gs.com\\\/it\\\/\",\"logo\":{\"@type\":\"ImageObject\",\"inLanguage\":\"de\",\"@id\":\"https:\\\/\\\/skyline-gs.com\\\/it\\\/#\\\/schema\\\/logo\\\/image\\\/\",\"url\":\"https:\\\/\\\/skyline-gs.com\\\/wp-content\\\/uploads\\\/2020\\\/12\\\/cropped-logo-2.png\",\"contentUrl\":\"https:\\\/\\\/skyline-gs.com\\\/wp-content\\\/uploads\\\/2020\\\/12\\\/cropped-logo-2.png\",\"width\":512,\"height\":512,\"caption\":\"\u042d\u043a\u0441\u043a\u0443\u0440\u0441\u0438\u0438 Skyline\"},\"image\":{\"@id\":\"https:\\\/\\\/skyline-gs.com\\\/it\\\/#\\\/schema\\\/logo\\\/image\\\/\"},\"sameAs\":[\"https:\\\/\\\/www.instagram.com\\\/skylineglobalservice\\\/\"]}]}<\/script>\n<!-- \/ Yoast SEO plugin. -->","yoast_head_json":{"title":"\u0428\u043e\u0443 \u0434\u043b\u044f \u0412\u0437\u0440\u043e\u0441\u043b\u044b\u0445 \"\u0411\u043e\u043b\u044c\u0448\u043e\u0439 \u0413\u043b\u0430\u0437\" &#8226; \u042d\u043a\u0441\u043a\u0443\u0440\u0441\u0438\u0438 Skyline","robots":{"index":"index","follow":"follow","max-snippet":"max-snippet:-1","max-image-preview":"max-image-preview:large","max-video-preview":"max-video-preview:-1"},"canonical":"https:\/\/skyline-gs.com\/de\/produkt\/adult-show-big-eye\/","og_locale":"de_DE","og_type":"article","og_title":"\u0428\u043e\u0443 \u0434\u043b\u044f \u0412\u0437\u0440\u043e\u0441\u043b\u044b\u0445 \"\u0411\u043e\u043b\u044c\u0448\u043e\u0439 \u0413\u043b\u0430\u0437\" &#8226; \u042d\u043a\u0441\u043a\u0443\u0440\u0441\u0438\u0438 Skyline","og_description":"\u041f\u0440\u043e\u0434\u043e\u043b\u0436\u0438\u0442\u0435\u043b\u044c\u043d\u043e\u0441\u0442\u044c: 60 \u043c\u0438\u043d\u0443\u0442 \u0414\u043d\u0438 \u043f\u0440\u043e\u0432\u0435\u0434\u0435\u043d\u0438\u044f: \u0435\u0436\u0435\u0434\u043d\u0435\u0432\u043d\u043e","og_url":"https:\/\/skyline-gs.com\/de\/produkt\/adult-show-big-eye\/","og_site_name":"\u042d\u043a\u0441\u043a\u0443\u0440\u0441\u0438\u0438 Skyline","article_modified_time":"2025-12-13T22:56:59+00:00","og_image":[{"width":640,"height":427,"url":"https:\/\/skyline-gs.com\/wp-content\/uploads\/2025\/12\/2606-2_640x480.jpg-e1765918798150.webp","type":"image\/webp"}],"twitter_card":"summary_large_image","twitter_misc":{"Gesch\u00e4tzte Lesezeit":"2\u00a0Minuten"},"schema":{"@context":"https:\/\/schema.org","@graph":[{"@type":"WebPage","@id":"https:\/\/skyline-gs.com\/de\/produkt\/adult-show-big-eye\/","url":"https:\/\/skyline-gs.com\/de\/produkt\/adult-show-big-eye\/","name":"\u0428\u043e\u0443 \u0434\u043b\u044f \u0412\u0437\u0440\u043e\u0441\u043b\u044b\u0445 \"\u0411\u043e\u043b\u044c\u0448\u043e\u0439 \u0413\u043b\u0430\u0437\" &#8226; \u042d\u043a\u0441\u043a\u0443\u0440\u0441\u0438\u0438 Skyline","isPartOf":{"@id":"https:\/\/skyline-gs.com\/it\/#website"},"primaryImageOfPage":{"@id":"https:\/\/skyline-gs.com\/de\/produkt\/adult-show-big-eye\/#primaryimage"},"image":{"@id":"https:\/\/skyline-gs.com\/de\/produkt\/adult-show-big-eye\/#primaryimage"},"thumbnailUrl":"https:\/\/skyline-gs.com\/wp-content\/uploads\/2025\/12\/2606-2_640x480.jpg-e1765918798150.webp","datePublished":"2025-12-13T22:47:24+00:00","dateModified":"2025-12-13T22:56:59+00:00","breadcrumb":{"@id":"https:\/\/skyline-gs.com\/de\/produkt\/adult-show-big-eye\/#breadcrumb"},"inLanguage":"de","potentialAction":[{"@type":"ReadAction","target":["https:\/\/skyline-gs.com\/de\/produkt\/adult-show-big-eye\/"]}]},{"@type":"ImageObject","inLanguage":"de","@id":"https:\/\/skyline-gs.com\/de\/produkt\/adult-show-big-eye\/#primaryimage","url":"https:\/\/skyline-gs.com\/wp-content\/uploads\/2025\/12\/2606-2_640x480.jpg-e1765918798150.webp","contentUrl":"https:\/\/skyline-gs.com\/wp-content\/uploads\/2025\/12\/2606-2_640x480.jpg-e1765918798150.webp","width":640,"height":427},{"@type":"BreadcrumbList","@id":"https:\/\/skyline-gs.com\/de\/produkt\/adult-show-big-eye\/#breadcrumb","itemListElement":[{"@type":"ListItem","position":1,"name":"\u0413\u043b\u0430\u0432\u043d\u0430\u044f \u0441\u0442\u0440\u0430\u043d\u0438\u0446\u0430","item":"https:\/\/skyline-gs.com\/hu\/"},{"@type":"ListItem","position":2,"name":"\u041c\u0430\u0433\u0430\u0437\u0438\u043d","item":"https:\/\/skyline-gs.com\/cs\/shop\/"},{"@type":"ListItem","position":3,"name":"\u0428\u043e\u0443 \u0434\u043b\u044f \u0412\u0437\u0440\u043e\u0441\u043b\u044b\u0445 &#171;\u0411\u043e\u043b\u044c\u0448\u043e\u0439 \u0413\u043b\u0430\u0437&#187;"}]},{"@type":"WebSite","@id":"https:\/\/skyline-gs.com\/it\/#website","url":"https:\/\/skyline-gs.com\/it\/","name":"Skyline Ausfl\u00fcge","description":"Exklusive Ausfl\u00fcge in den besten Resorts der Welt","publisher":{"@id":"https:\/\/skyline-gs.com\/it\/#organization"},"alternateName":"Skyline","potentialAction":[{"@type":"SearchAction","target":{"@type":"EntryPoint","urlTemplate":"https:\/\/skyline-gs.com\/it\/?s={search_term_string}"},"query-input":{"@type":"PropertyValueSpecification","valueRequired":true,"valueName":"search_term_string"}}],"inLanguage":"de"},{"@type":"Organization","@id":"https:\/\/skyline-gs.com\/it\/#organization","name":"Skyline Ausfl\u00fcge","alternateName":"\u042d\u043a\u0441\u043a\u0443\u0440\u0441\u0438\u0438 Skyline","url":"https:\/\/skyline-gs.com\/it\/","logo":{"@type":"ImageObject","inLanguage":"de","@id":"https:\/\/skyline-gs.com\/it\/#\/schema\/logo\/image\/","url":"https:\/\/skyline-gs.com\/wp-content\/uploads\/2020\/12\/cropped-logo-2.png","contentUrl":"https:\/\/skyline-gs.com\/wp-content\/uploads\/2020\/12\/cropped-logo-2.png","width":512,"height":512,"caption":"\u042d\u043a\u0441\u043a\u0443\u0440\u0441\u0438\u0438 Skyline"},"image":{"@id":"https:\/\/skyline-gs.com\/it\/#\/schema\/logo\/image\/"},"sameAs":["https:\/\/www.instagram.com\/skylineglobalservice\/"]}]}},"_links":{"self":[{"href":"https:\/\/skyline-gs.com\/de\/wp-json\/wp\/v2\/product\/73851","targetHints":{"allow":["GET"]}}],"collection":[{"href":"https:\/\/skyline-gs.com\/de\/wp-json\/wp\/v2\/product"}],"about":[{"href":"https:\/\/skyline-gs.com\/de\/wp-json\/wp\/v2\/types\/product"}],"version-history":[{"count":0,"href":"https:\/\/skyline-gs.com\/de\/wp-json\/wp\/v2\/product\/73851\/revisions"}],"wp:featuredmedia":[{"embeddable":true,"href":"https:\/\/skyline-gs.com\/de\/wp-json\/wp\/v2\/media\/73854"}],"wp:attachment":[{"href":"https:\/\/skyline-gs.com\/de\/wp-json\/wp\/v2\/media?parent=73851"}],"wp:term":[{"taxonomy":"product_brand","embeddable":true,"href":"https:\/\/skyline-gs.com\/de\/wp-json\/wp\/v2\/product_brand?post=73851"},{"taxonomy":"product_cat","embeddable":true,"href":"https:\/\/skyline-gs.com\/de\/wp-json\/wp\/v2\/product_cat?post=73851"},{"taxonomy":"product_tag","embeddable":true,"href":"https:\/\/skyline-gs.com\/de\/wp-json\/wp\/v2\/product_tag?post=73851"}],"curies":[{"name":"wp","href":"https:\/\/api.w.org\/{rel}","templated":true}]}}