{"id":73694,"date":"2025-12-11T23:51:37","date_gmt":"2025-12-11T21:51:37","guid":{"rendered":"http:\/\/skyline-gs.com\/?post_type=product&#038;p=73694"},"modified":"2025-12-12T00:04:41","modified_gmt":"2025-12-11T22:04:41","slug":"elephant-trekking","status":"publish","type":"product","link":"https:\/\/skyline-gs.com\/de\/product\/elephant-trekking\/","title":{"rendered":"Elefantenreiten - Pattaya"},"content":{"rendered":"<p><strong>Elefantenreiten<\/strong> - ist eine ikonische Attraktion in Thailand, die es Ihnen nicht nur erm\u00f6glicht, diese edlen Tiere zu sehen, sondern auch die besonderen Emotionen des Umgangs mit ihnen zu erleben. W\u00e4hrend der Fahrt reiten Sie auf dem R\u00fccken eines Elefanten, haben einen Panoramablick auf den Dschungel und die Natur um Sie herum und k\u00f6nnen dann die Tiere direkt aus Ihren H\u00e4nden f\u00fcttern.<br \/>\nEs ist eine gro\u00dfartige M\u00f6glichkeit, die thail\u00e4ndische Natur zu erleben, und ein farbenfrohes Erlebnis f\u00fcr die ganze Familie oder die ganze Firma.<\/p>\n<p><strong>Programm<\/strong><\/p>\n<ul>\n<li>Treffen am angegebenen Ort \/ Transfer vom Hotel (falls in Ihrer Option enthalten).<\/li>\n<li>Ein \u00dcberblick \u00fcber das Gel\u00e4nde der Elefantenfarm.<\/li>\n<li>Elefantenritt: Wahlweise 30- oder 60-min\u00fctiges Programm.<\/li>\n<li>Interaktion mit Tieren und F\u00fctterung von Elefanten.<\/li>\n<li>Freie Zeit f\u00fcr Fotos und Entspannung.<br \/>\n<em>(Die genaue Zeit h\u00e4ngt von der gew\u00e4hlten Option ab - 30 Minuten oder 60 Minuten Fu\u00dfweg).<\/em><\/li>\n<\/ul>\n<p><strong>Inbegriffen:<\/strong><\/p>\n<ul>\n<li>Transfer<\/li>\n<li>Elefantenritt von ausgew\u00e4hlter Dauer.<\/li>\n<li>Ein professioneller Verfolger\/Besitzer mit einem Elefanten.<\/li>\n<li>Versicherung.<\/li>\n<\/ul>\n<p><strong>Nimm mit:<\/strong><\/p>\n<ul>\n<li>Bademode (falls n\u00e4her an der Saison geplant).<\/li>\n<li>Sonnencreme, Sonnenbrille, Kopfbedeckung.<\/li>\n<li>Foto-\/Videoausr\u00fcstung.<\/li>\n<li>Kassenbestand f\u00fcr zus\u00e4tzliche Ausgaben<\/li>\n<\/ul>\n<p><strong>Extras:<\/strong><\/p>\n<ul>\n<li>Die maximale Kapazit\u00e4t pro Gruppe h\u00e4ngt von der Gr\u00f6\u00dfe des Bauernhofs\/Camps ab.<\/li>\n<li>Das Programm ist als Elefantenritt mit einem erfahrenen Reiter organisiert, eine traditionelle Attraktion in Thailand.<\/li>\n<li>Es wird empfohlen, im Voraus zu buchen, insbesondere in der Hochsaison.<\/li>\n<li>Kinder und Erwachsene k\u00f6nnen teilnehmen, aber es lohnt sich, die Sicherheitsregeln f\u00fcr die Kleinsten zu kl\u00e4ren.<\/li>\n<li>Die Tour kann aufgrund der Wetterbedingungen ge\u00e4ndert oder abgesagt werden.<\/li>\n<li>Befolgen Sie beim Umgang mit Tieren stets die Sicherheitsvorschriften.<\/li>\n<\/ul>","protected":false},"excerpt":{"rendered":"<p><strong>Abfahrtszeit:<\/strong> 10:00 \u0438 14:00<br \/>\n<strong>Veranstaltungstage:<\/strong> T\u00e4glich<\/p>","protected":false},"featured_media":73702,"template":"","meta":{"_kad_post_transparent":"default","_kad_post_title":"","_kad_post_layout":"default","_kad_post_sidebar_id":"","_kad_post_content_style":"default","_kad_post_vertical_padding":"default","_kad_post_feature":"","_kad_post_feature_position":"","_kad_post_header":false,"_kad_post_footer":false,"_kad_post_classname":"","_glsr_average":0,"_glsr_ranking":0,"_glsr_reviews":0},"product_brand":[],"product_cat":[507],"product_tag":[],"class_list":{"0":"post-73694","1":"product","2":"type-product","3":"status-publish","4":"has-post-thumbnail","6":"product_cat-pattaya","7":"tm-has-options","9":"first","10":"instock","11":"sold-individually","12":"taxable","13":"shipping-taxable","14":"purchasable","15":"product-type-simple","16":"entry","17":"content-bg","18":"loop-entry"},"yoast_head":"<!-- This site is optimized with the Yoast SEO plugin v27.4 - https:\/\/yoast.com\/product\/yoast-seo-wordpress\/ -->\n<title>\u041a\u0430\u0442\u0430\u043d\u0438\u0435 \u043d\u0430 \u0441\u043b\u043e\u043d\u0430\u0445 \u2014 \u041f\u0430\u0442\u0442\u0430\u0439\u044f &#8226; \u042d\u043a\u0441\u043a\u0443\u0440\u0441\u0438\u0438 Skyline<\/title>\n<meta name=\"robots\" content=\"index, follow, max-snippet:-1, max-image-preview:large, max-video-preview:-1\" \/>\n<link rel=\"canonical\" href=\"https:\/\/skyline-gs.com\/de\/produkt\/elephant-trekking\/\" \/>\n<meta property=\"og:locale\" content=\"de_DE\" \/>\n<meta property=\"og:type\" content=\"article\" \/>\n<meta property=\"og:title\" content=\"\u041a\u0430\u0442\u0430\u043d\u0438\u0435 \u043d\u0430 \u0441\u043b\u043e\u043d\u0430\u0445 \u2014 \u041f\u0430\u0442\u0442\u0430\u0439\u044f &#8226; \u042d\u043a\u0441\u043a\u0443\u0440\u0441\u0438\u0438 Skyline\" \/>\n<meta property=\"og:description\" content=\"\u0412\u0440\u0435\u043c\u044f \u0432\u044b\u0435\u0437\u0434\u0430: 10:00 \u0438 14:00 \u0414\u043d\u0438 \u043f\u0440\u043e\u0432\u0435\u0434\u0435\u043d\u0438\u044f: \u0435\u0436\u0435\u0434\u043d\u0435\u0432\u043d\u043e\" \/>\n<meta property=\"og:url\" content=\"https:\/\/skyline-gs.com\/de\/produkt\/elephant-trekking\/\" \/>\n<meta property=\"og:site_name\" content=\"\u042d\u043a\u0441\u043a\u0443\u0440\u0441\u0438\u0438 Skyline\" \/>\n<meta property=\"article:modified_time\" content=\"2025-12-11T22:04:41+00:00\" \/>\n<meta property=\"og:image\" content=\"https:\/\/skyline-gs.com\/wp-content\/uploads\/2025\/12\/khao-sok-elephant-3_0.jpg.webp\" \/>\n\t<meta property=\"og:image:width\" content=\"800\" \/>\n\t<meta property=\"og:image:height\" content=\"595\" \/>\n\t<meta property=\"og:image:type\" content=\"image\/webp\" \/>\n<meta name=\"twitter:card\" content=\"summary_large_image\" \/>\n<meta name=\"twitter:label1\" content=\"Gesch\u00e4tzte Lesezeit\" \/>\n\t<meta name=\"twitter:data1\" content=\"2\u00a0Minuten\" \/>\n<script type=\"application\/ld+json\" class=\"yoast-schema-graph\">{\"@context\":\"https:\\\/\\\/schema.org\",\"@graph\":[{\"@type\":\"WebPage\",\"@id\":\"https:\\\/\\\/skyline-gs.com\\\/hu\\\/termek\\\/elephant-trekking\\\/\",\"url\":\"https:\\\/\\\/skyline-gs.com\\\/hu\\\/termek\\\/elephant-trekking\\\/\",\"name\":\"\u041a\u0430\u0442\u0430\u043d\u0438\u0435 \u043d\u0430 \u0441\u043b\u043e\u043d\u0430\u0445 \u2014 \u041f\u0430\u0442\u0442\u0430\u0439\u044f &#8226; \u042d\u043a\u0441\u043a\u0443\u0440\u0441\u0438\u0438 Skyline\",\"isPartOf\":{\"@id\":\"https:\\\/\\\/skyline-gs.com\\\/it\\\/#website\"},\"primaryImageOfPage\":{\"@id\":\"https:\\\/\\\/skyline-gs.com\\\/hu\\\/termek\\\/elephant-trekking\\\/#primaryimage\"},\"image\":{\"@id\":\"https:\\\/\\\/skyline-gs.com\\\/hu\\\/termek\\\/elephant-trekking\\\/#primaryimage\"},\"thumbnailUrl\":\"https:\\\/\\\/skyline-gs.com\\\/wp-content\\\/uploads\\\/2025\\\/12\\\/khao-sok-elephant-3_0.jpg.webp\",\"datePublished\":\"2025-12-11T21:51:37+00:00\",\"dateModified\":\"2025-12-11T22:04:41+00:00\",\"breadcrumb\":{\"@id\":\"https:\\\/\\\/skyline-gs.com\\\/hu\\\/termek\\\/elephant-trekking\\\/#breadcrumb\"},\"inLanguage\":\"de\",\"potentialAction\":[{\"@type\":\"ReadAction\",\"target\":[\"https:\\\/\\\/skyline-gs.com\\\/hu\\\/termek\\\/elephant-trekking\\\/\"]}]},{\"@type\":\"ImageObject\",\"inLanguage\":\"de\",\"@id\":\"https:\\\/\\\/skyline-gs.com\\\/hu\\\/termek\\\/elephant-trekking\\\/#primaryimage\",\"url\":\"https:\\\/\\\/skyline-gs.com\\\/wp-content\\\/uploads\\\/2025\\\/12\\\/khao-sok-elephant-3_0.jpg.webp\",\"contentUrl\":\"https:\\\/\\\/skyline-gs.com\\\/wp-content\\\/uploads\\\/2025\\\/12\\\/khao-sok-elephant-3_0.jpg.webp\",\"width\":800,\"height\":595},{\"@type\":\"BreadcrumbList\",\"@id\":\"https:\\\/\\\/skyline-gs.com\\\/hu\\\/termek\\\/elephant-trekking\\\/#breadcrumb\",\"itemListElement\":[{\"@type\":\"ListItem\",\"position\":1,\"name\":\"\u0413\u043b\u0430\u0432\u043d\u0430\u044f \u0441\u0442\u0440\u0430\u043d\u0438\u0446\u0430\",\"item\":\"https:\\\/\\\/skyline-gs.com\\\/hu\\\/\"},{\"@type\":\"ListItem\",\"position\":2,\"name\":\"\u041c\u0430\u0433\u0430\u0437\u0438\u043d\",\"item\":\"https:\\\/\\\/skyline-gs.com\\\/cs\\\/shop\\\/\"},{\"@type\":\"ListItem\",\"position\":3,\"name\":\"\u041a\u0430\u0442\u0430\u043d\u0438\u0435 \u043d\u0430 \u0441\u043b\u043e\u043d\u0430\u0445 \u2014 \u041f\u0430\u0442\u0442\u0430\u0439\u044f\"}]},{\"@type\":\"WebSite\",\"@id\":\"https:\\\/\\\/skyline-gs.com\\\/it\\\/#website\",\"url\":\"https:\\\/\\\/skyline-gs.com\\\/it\\\/\",\"name\":\"\u042d\u043a\u0441\u043a\u0443\u0440\u0441\u0438\u0438 Skyline\",\"description\":\"\u042d\u043a\u0441\u043a\u043b\u044e\u0437\u0438\u0432\u043d\u044b\u0435 \u044d\u043a\u0441\u043a\u0443\u0440\u0441\u0438\u0438 \u043d\u0430 \u043b\u0443\u0447\u0448\u0438\u0445 \u043a\u0443\u0440\u043e\u0440\u0442\u0430\u0445 \u043c\u0438\u0440\u0430\",\"publisher\":{\"@id\":\"https:\\\/\\\/skyline-gs.com\\\/it\\\/#organization\"},\"alternateName\":\"Skyline\",\"potentialAction\":[{\"@type\":\"SearchAction\",\"target\":{\"@type\":\"EntryPoint\",\"urlTemplate\":\"https:\\\/\\\/skyline-gs.com\\\/it\\\/?s={search_term_string}\"},\"query-input\":{\"@type\":\"PropertyValueSpecification\",\"valueRequired\":true,\"valueName\":\"search_term_string\"}}],\"inLanguage\":\"de\"},{\"@type\":\"Organization\",\"@id\":\"https:\\\/\\\/skyline-gs.com\\\/it\\\/#organization\",\"name\":\"\u042d\u043a\u0441\u043a\u0443\u0440\u0441\u0438\u0438 Skyline\",\"alternateName\":\"\u042d\u043a\u0441\u043a\u0443\u0440\u0441\u0438\u0438 Skyline\",\"url\":\"https:\\\/\\\/skyline-gs.com\\\/it\\\/\",\"logo\":{\"@type\":\"ImageObject\",\"inLanguage\":\"de\",\"@id\":\"https:\\\/\\\/skyline-gs.com\\\/it\\\/#\\\/schema\\\/logo\\\/image\\\/\",\"url\":\"https:\\\/\\\/skyline-gs.com\\\/wp-content\\\/uploads\\\/2020\\\/12\\\/cropped-logo-2.png\",\"contentUrl\":\"https:\\\/\\\/skyline-gs.com\\\/wp-content\\\/uploads\\\/2020\\\/12\\\/cropped-logo-2.png\",\"width\":512,\"height\":512,\"caption\":\"\u042d\u043a\u0441\u043a\u0443\u0440\u0441\u0438\u0438 Skyline\"},\"image\":{\"@id\":\"https:\\\/\\\/skyline-gs.com\\\/it\\\/#\\\/schema\\\/logo\\\/image\\\/\"},\"sameAs\":[\"https:\\\/\\\/www.instagram.com\\\/skylineglobalservice\\\/\"]}]}<\/script>\n<!-- \/ Yoast SEO plugin. -->","yoast_head_json":{"title":"\u041a\u0430\u0442\u0430\u043d\u0438\u0435 \u043d\u0430 \u0441\u043b\u043e\u043d\u0430\u0445 \u2014 \u041f\u0430\u0442\u0442\u0430\u0439\u044f &#8226; \u042d\u043a\u0441\u043a\u0443\u0440\u0441\u0438\u0438 Skyline","robots":{"index":"index","follow":"follow","max-snippet":"max-snippet:-1","max-image-preview":"max-image-preview:large","max-video-preview":"max-video-preview:-1"},"canonical":"https:\/\/skyline-gs.com\/de\/produkt\/elephant-trekking\/","og_locale":"de_DE","og_type":"article","og_title":"\u041a\u0430\u0442\u0430\u043d\u0438\u0435 \u043d\u0430 \u0441\u043b\u043e\u043d\u0430\u0445 \u2014 \u041f\u0430\u0442\u0442\u0430\u0439\u044f &#8226; \u042d\u043a\u0441\u043a\u0443\u0440\u0441\u0438\u0438 Skyline","og_description":"\u0412\u0440\u0435\u043c\u044f \u0432\u044b\u0435\u0437\u0434\u0430: 10:00 \u0438 14:00 \u0414\u043d\u0438 \u043f\u0440\u043e\u0432\u0435\u0434\u0435\u043d\u0438\u044f: \u0435\u0436\u0435\u0434\u043d\u0435\u0432\u043d\u043e","og_url":"https:\/\/skyline-gs.com\/de\/produkt\/elephant-trekking\/","og_site_name":"\u042d\u043a\u0441\u043a\u0443\u0440\u0441\u0438\u0438 Skyline","article_modified_time":"2025-12-11T22:04:41+00:00","og_image":[{"width":800,"height":595,"url":"https:\/\/skyline-gs.com\/wp-content\/uploads\/2025\/12\/khao-sok-elephant-3_0.jpg.webp","type":"image\/webp"}],"twitter_card":"summary_large_image","twitter_misc":{"Gesch\u00e4tzte Lesezeit":"2\u00a0Minuten"},"schema":{"@context":"https:\/\/schema.org","@graph":[{"@type":"WebPage","@id":"https:\/\/skyline-gs.com\/hu\/termek\/elephant-trekking\/","url":"https:\/\/skyline-gs.com\/hu\/termek\/elephant-trekking\/","name":"\u041a\u0430\u0442\u0430\u043d\u0438\u0435 \u043d\u0430 \u0441\u043b\u043e\u043d\u0430\u0445 \u2014 \u041f\u0430\u0442\u0442\u0430\u0439\u044f &#8226; \u042d\u043a\u0441\u043a\u0443\u0440\u0441\u0438\u0438 Skyline","isPartOf":{"@id":"https:\/\/skyline-gs.com\/it\/#website"},"primaryImageOfPage":{"@id":"https:\/\/skyline-gs.com\/hu\/termek\/elephant-trekking\/#primaryimage"},"image":{"@id":"https:\/\/skyline-gs.com\/hu\/termek\/elephant-trekking\/#primaryimage"},"thumbnailUrl":"https:\/\/skyline-gs.com\/wp-content\/uploads\/2025\/12\/khao-sok-elephant-3_0.jpg.webp","datePublished":"2025-12-11T21:51:37+00:00","dateModified":"2025-12-11T22:04:41+00:00","breadcrumb":{"@id":"https:\/\/skyline-gs.com\/hu\/termek\/elephant-trekking\/#breadcrumb"},"inLanguage":"de","potentialAction":[{"@type":"ReadAction","target":["https:\/\/skyline-gs.com\/hu\/termek\/elephant-trekking\/"]}]},{"@type":"ImageObject","inLanguage":"de","@id":"https:\/\/skyline-gs.com\/hu\/termek\/elephant-trekking\/#primaryimage","url":"https:\/\/skyline-gs.com\/wp-content\/uploads\/2025\/12\/khao-sok-elephant-3_0.jpg.webp","contentUrl":"https:\/\/skyline-gs.com\/wp-content\/uploads\/2025\/12\/khao-sok-elephant-3_0.jpg.webp","width":800,"height":595},{"@type":"BreadcrumbList","@id":"https:\/\/skyline-gs.com\/hu\/termek\/elephant-trekking\/#breadcrumb","itemListElement":[{"@type":"ListItem","position":1,"name":"\u0413\u043b\u0430\u0432\u043d\u0430\u044f \u0441\u0442\u0440\u0430\u043d\u0438\u0446\u0430","item":"https:\/\/skyline-gs.com\/hu\/"},{"@type":"ListItem","position":2,"name":"\u041c\u0430\u0433\u0430\u0437\u0438\u043d","item":"https:\/\/skyline-gs.com\/cs\/shop\/"},{"@type":"ListItem","position":3,"name":"\u041a\u0430\u0442\u0430\u043d\u0438\u0435 \u043d\u0430 \u0441\u043b\u043e\u043d\u0430\u0445 \u2014 \u041f\u0430\u0442\u0442\u0430\u0439\u044f"}]},{"@type":"WebSite","@id":"https:\/\/skyline-gs.com\/it\/#website","url":"https:\/\/skyline-gs.com\/it\/","name":"Skyline Ausfl\u00fcge","description":"Exklusive Ausfl\u00fcge in den besten Resorts der Welt","publisher":{"@id":"https:\/\/skyline-gs.com\/it\/#organization"},"alternateName":"Skyline","potentialAction":[{"@type":"SearchAction","target":{"@type":"EntryPoint","urlTemplate":"https:\/\/skyline-gs.com\/it\/?s={search_term_string}"},"query-input":{"@type":"PropertyValueSpecification","valueRequired":true,"valueName":"search_term_string"}}],"inLanguage":"de"},{"@type":"Organization","@id":"https:\/\/skyline-gs.com\/it\/#organization","name":"Skyline Ausfl\u00fcge","alternateName":"\u042d\u043a\u0441\u043a\u0443\u0440\u0441\u0438\u0438 Skyline","url":"https:\/\/skyline-gs.com\/it\/","logo":{"@type":"ImageObject","inLanguage":"de","@id":"https:\/\/skyline-gs.com\/it\/#\/schema\/logo\/image\/","url":"https:\/\/skyline-gs.com\/wp-content\/uploads\/2020\/12\/cropped-logo-2.png","contentUrl":"https:\/\/skyline-gs.com\/wp-content\/uploads\/2020\/12\/cropped-logo-2.png","width":512,"height":512,"caption":"\u042d\u043a\u0441\u043a\u0443\u0440\u0441\u0438\u0438 Skyline"},"image":{"@id":"https:\/\/skyline-gs.com\/it\/#\/schema\/logo\/image\/"},"sameAs":["https:\/\/www.instagram.com\/skylineglobalservice\/"]}]}},"_links":{"self":[{"href":"https:\/\/skyline-gs.com\/de\/wp-json\/wp\/v2\/product\/73694","targetHints":{"allow":["GET"]}}],"collection":[{"href":"https:\/\/skyline-gs.com\/de\/wp-json\/wp\/v2\/product"}],"about":[{"href":"https:\/\/skyline-gs.com\/de\/wp-json\/wp\/v2\/types\/product"}],"version-history":[{"count":0,"href":"https:\/\/skyline-gs.com\/de\/wp-json\/wp\/v2\/product\/73694\/revisions"}],"wp:featuredmedia":[{"embeddable":true,"href":"https:\/\/skyline-gs.com\/de\/wp-json\/wp\/v2\/media\/73702"}],"wp:attachment":[{"href":"https:\/\/skyline-gs.com\/de\/wp-json\/wp\/v2\/media?parent=73694"}],"wp:term":[{"taxonomy":"product_brand","embeddable":true,"href":"https:\/\/skyline-gs.com\/de\/wp-json\/wp\/v2\/product_brand?post=73694"},{"taxonomy":"product_cat","embeddable":true,"href":"https:\/\/skyline-gs.com\/de\/wp-json\/wp\/v2\/product_cat?post=73694"},{"taxonomy":"product_tag","embeddable":true,"href":"https:\/\/skyline-gs.com\/de\/wp-json\/wp\/v2\/product_tag?post=73694"}],"curies":[{"name":"wp","href":"https:\/\/api.w.org\/{rel}","templated":true}]}}