{"id":73681,"date":"2025-12-11T23:30:14","date_gmt":"2025-12-11T21:30:14","guid":{"rendered":"http:\/\/skyline-gs.com\/?post_type=product&#038;p=73681"},"modified":"2025-12-11T23:47:30","modified_gmt":"2025-12-11T21:47:30","slug":"pattaya-dolphinarium","status":"publish","type":"product","link":"https:\/\/skyline-gs.com\/de\/product\/pattaya-dolphinarium\/","title":{"rendered":"Neues Delphinarium - Delphinarium Pattaya"},"content":{"rendered":"<p><strong>Ein neues Delphinarium in Pattaya<\/strong> (Das Pattaya Dolphinarium ist eine gro\u00dfartige Attraktion f\u00fcr die ganze Familie. Das Pattaya Dolphinarium (Delfinarium Pattaya) ist eine tolle Attraktion f\u00fcr die ganze Familie.<br \/>\nDiese Show kombiniert akrobatische Darbietungen, Interaktion mit Tieren und eine positive Atmosph\u00e4re, die den Eindruck eines fr\u00f6hlichen und ungew\u00f6hnlichen Urlaubs vermittelt. Das Delphinarium ist sowohl f\u00fcr Kinder als auch f\u00fcr Erwachsene geeignet - die Vorf\u00fchrungen sind lustig und spektakul\u00e4r und bieten die M\u00f6glichkeit, tolle Fotos und Videos zu machen.<\/p>\n<p><strong>Programm<\/strong><\/p>\n<ul>\n<li>Eintrittskarte f\u00fcr die Show im Pattaya Dolphinarium (Hauptprogramm).<\/li>\n<li>Auswahl an Sitzen (Standard\/Aufr\u00fcstung, je nach Option).<\/li>\n<li>Vorf\u00fchrungen von Delfinen und Seehunden.<\/li>\n<\/ul>\n<p><strong>Inbegriffen:<\/strong><\/p>\n<ul>\n<li>Transfer vom und zum Hotel.<\/li>\n<li>Eintrittskarte f\u00fcr die Show im Pattaya Dolphinarium (Hauptprogramm).<\/li>\n<li>Auswahl an Sitzen (Standard\/Aufr\u00fcstung, je nach Option).<\/li>\n<li>Vorf\u00fchrungen von Delfinen und Seehunden.<\/li>\n<\/ul>\n<p><strong>Nicht enthalten:<\/strong><\/p>\n<ul>\n<li>Foto\/Video mit Tieren - 400 \u0e3f.<\/li>\n<li>Optionale Aktivit\u00e4ten (z. B. Schwimmen mit Delfinen).<\/li>\n<li>Mahlzeiten, Getr\u00e4nke, Souvenirs - separat zu bezahlen.<\/li>\n<\/ul>\n<p><strong>Nimm mit:<\/strong><\/p>\n<ul>\n<li>Foto-\/Videoausr\u00fcstung zum Filmen der Show.<\/li>\n<li>Bequeme Kleidung und Schuhe.<\/li>\n<li>Geld f\u00fcr Souvenirs, Getr\u00e4nke, zus\u00e4tzliche Aktivit\u00e4ten.<\/li>\n<li>M\u00f6gliche Dokumente, wenn die Buchung einen Transfer beinhaltet.<\/li>\n<\/ul>\n<p><strong>Anmerkungen<\/strong><\/p>\n<ul>\n<li>Die Shows finden t\u00e4glich statt (in der Regel morgens und nachmittags - bei der Buchung auf den Zeitplan achten).<\/li>\n<li>Die Show ist f\u00fcr Kinder und Erwachsene geeignet; vor allem in der Hochsaison wird eine Voranmeldung empfohlen.<\/li>\n<\/ul>","protected":false},"excerpt":{"rendered":"<p><strong>Abfahrtszeit:<\/strong> 10:00 \u2013 15:00<br \/>\n<strong>Veranstaltungstage:<\/strong> T\u00e4glich<\/p>","protected":false},"featured_media":73687,"template":"","meta":{"_kad_post_transparent":"default","_kad_post_title":"","_kad_post_layout":"default","_kad_post_sidebar_id":"","_kad_post_content_style":"default","_kad_post_vertical_padding":"default","_kad_post_feature":"","_kad_post_feature_position":"","_kad_post_header":false,"_kad_post_footer":false,"_kad_post_classname":"","_glsr_average":0,"_glsr_ranking":0,"_glsr_reviews":0},"product_brand":[],"product_cat":[507],"product_tag":[],"class_list":{"0":"post-73681","1":"product","2":"type-product","3":"status-publish","4":"has-post-thumbnail","6":"product_cat-pattaya","7":"tm-has-options","9":"first","10":"instock","11":"sold-individually","12":"taxable","13":"shipping-taxable","14":"purchasable","15":"product-type-simple","16":"entry","17":"content-bg","18":"loop-entry"},"yoast_head":"<!-- This site is optimized with the Yoast SEO plugin v27.3 - https:\/\/yoast.com\/product\/yoast-seo-wordpress\/ -->\n<title>\u041d\u043e\u0432\u044b\u0439 \u0434\u0435\u043b\u044c\u0444\u0438\u043d\u0430\u0440\u0438\u0439 \u2014 Pattaya Dolphinarium &#8226; \u042d\u043a\u0441\u043a\u0443\u0440\u0441\u0438\u0438 Skyline<\/title>\n<meta name=\"robots\" content=\"index, follow, max-snippet:-1, max-image-preview:large, max-video-preview:-1\" \/>\n<link rel=\"canonical\" href=\"https:\/\/skyline-gs.com\/de\/produkt\/pattaya-dolphinarium\/\" \/>\n<meta property=\"og:locale\" content=\"de_DE\" \/>\n<meta property=\"og:type\" content=\"article\" \/>\n<meta property=\"og:title\" content=\"\u041d\u043e\u0432\u044b\u0439 \u0434\u0435\u043b\u044c\u0444\u0438\u043d\u0430\u0440\u0438\u0439 \u2014 Pattaya Dolphinarium &#8226; \u042d\u043a\u0441\u043a\u0443\u0440\u0441\u0438\u0438 Skyline\" \/>\n<meta property=\"og:description\" content=\"\u0412\u0440\u0435\u043c\u044f \u0432\u044b\u0435\u0437\u0434\u0430: 10:00 \u2013 15:00 \u0414\u043d\u0438 \u043f\u0440\u043e\u0432\u0435\u0434\u0435\u043d\u0438\u044f: \u0435\u0436\u0435\u0434\u043d\u0435\u0432\u043d\u043e\" \/>\n<meta property=\"og:url\" content=\"https:\/\/skyline-gs.com\/de\/produkt\/pattaya-dolphinarium\/\" \/>\n<meta property=\"og:site_name\" content=\"\u042d\u043a\u0441\u043a\u0443\u0440\u0441\u0438\u0438 Skyline\" \/>\n<meta property=\"article:modified_time\" content=\"2025-12-11T21:47:30+00:00\" \/>\n<meta property=\"og:image\" content=\"https:\/\/skyline-gs.com\/wp-content\/uploads\/2025\/12\/img_9468.jpg-e1765918655148.webp\" \/>\n\t<meta property=\"og:image:width\" content=\"1478\" \/>\n\t<meta property=\"og:image:height\" content=\"985\" \/>\n\t<meta property=\"og:image:type\" content=\"image\/webp\" \/>\n<meta name=\"twitter:card\" content=\"summary_large_image\" \/>\n<meta name=\"twitter:label1\" content=\"Gesch\u00e4tzte Lesezeit\" \/>\n\t<meta name=\"twitter:data1\" content=\"2\u00a0Minuten\" \/>\n<script type=\"application\/ld+json\" class=\"yoast-schema-graph\">{\"@context\":\"https:\\\/\\\/schema.org\",\"@graph\":[{\"@type\":\"WebPage\",\"@id\":\"https:\\\/\\\/skyline-gs.com\\\/product\\\/pattaya-dolphinarium\\\/\",\"url\":\"https:\\\/\\\/skyline-gs.com\\\/product\\\/pattaya-dolphinarium\\\/\",\"name\":\"\u041d\u043e\u0432\u044b\u0439 \u0434\u0435\u043b\u044c\u0444\u0438\u043d\u0430\u0440\u0438\u0439 \u2014 Pattaya Dolphinarium &#8226; \u042d\u043a\u0441\u043a\u0443\u0440\u0441\u0438\u0438 Skyline\",\"isPartOf\":{\"@id\":\"https:\\\/\\\/skyline-gs.com\\\/it\\\/#website\"},\"primaryImageOfPage\":{\"@id\":\"https:\\\/\\\/skyline-gs.com\\\/product\\\/pattaya-dolphinarium\\\/#primaryimage\"},\"image\":{\"@id\":\"https:\\\/\\\/skyline-gs.com\\\/product\\\/pattaya-dolphinarium\\\/#primaryimage\"},\"thumbnailUrl\":\"https:\\\/\\\/skyline-gs.com\\\/wp-content\\\/uploads\\\/2025\\\/12\\\/img_9468.jpg-e1765918655148.webp\",\"datePublished\":\"2025-12-11T21:30:14+00:00\",\"dateModified\":\"2025-12-11T21:47:30+00:00\",\"breadcrumb\":{\"@id\":\"https:\\\/\\\/skyline-gs.com\\\/product\\\/pattaya-dolphinarium\\\/#breadcrumb\"},\"inLanguage\":\"de\",\"potentialAction\":[{\"@type\":\"ReadAction\",\"target\":[\"https:\\\/\\\/skyline-gs.com\\\/product\\\/pattaya-dolphinarium\\\/\"]}]},{\"@type\":\"ImageObject\",\"inLanguage\":\"de\",\"@id\":\"https:\\\/\\\/skyline-gs.com\\\/product\\\/pattaya-dolphinarium\\\/#primaryimage\",\"url\":\"https:\\\/\\\/skyline-gs.com\\\/wp-content\\\/uploads\\\/2025\\\/12\\\/img_9468.jpg-e1765918655148.webp\",\"contentUrl\":\"https:\\\/\\\/skyline-gs.com\\\/wp-content\\\/uploads\\\/2025\\\/12\\\/img_9468.jpg-e1765918655148.webp\",\"width\":1478,\"height\":985},{\"@type\":\"BreadcrumbList\",\"@id\":\"https:\\\/\\\/skyline-gs.com\\\/product\\\/pattaya-dolphinarium\\\/#breadcrumb\",\"itemListElement\":[{\"@type\":\"ListItem\",\"position\":1,\"name\":\"\u0413\u043b\u0430\u0432\u043d\u0430\u044f \u0441\u0442\u0440\u0430\u043d\u0438\u0446\u0430\",\"item\":\"https:\\\/\\\/skyline-gs.com\\\/hu\\\/\"},{\"@type\":\"ListItem\",\"position\":2,\"name\":\"\u041c\u0430\u0433\u0430\u0437\u0438\u043d\",\"item\":\"https:\\\/\\\/skyline-gs.com\\\/cs\\\/shop\\\/\"},{\"@type\":\"ListItem\",\"position\":3,\"name\":\"\u041d\u043e\u0432\u044b\u0439 \u0434\u0435\u043b\u044c\u0444\u0438\u043d\u0430\u0440\u0438\u0439 \u2014 Pattaya Dolphinarium\"}]},{\"@type\":\"WebSite\",\"@id\":\"https:\\\/\\\/skyline-gs.com\\\/it\\\/#website\",\"url\":\"https:\\\/\\\/skyline-gs.com\\\/it\\\/\",\"name\":\"\u042d\u043a\u0441\u043a\u0443\u0440\u0441\u0438\u0438 Skyline\",\"description\":\"\u042d\u043a\u0441\u043a\u043b\u044e\u0437\u0438\u0432\u043d\u044b\u0435 \u044d\u043a\u0441\u043a\u0443\u0440\u0441\u0438\u0438 \u043d\u0430 \u043b\u0443\u0447\u0448\u0438\u0445 \u043a\u0443\u0440\u043e\u0440\u0442\u0430\u0445 \u043c\u0438\u0440\u0430\",\"publisher\":{\"@id\":\"https:\\\/\\\/skyline-gs.com\\\/it\\\/#organization\"},\"alternateName\":\"Skyline\",\"potentialAction\":[{\"@type\":\"SearchAction\",\"target\":{\"@type\":\"EntryPoint\",\"urlTemplate\":\"https:\\\/\\\/skyline-gs.com\\\/it\\\/?s={search_term_string}\"},\"query-input\":{\"@type\":\"PropertyValueSpecification\",\"valueRequired\":true,\"valueName\":\"search_term_string\"}}],\"inLanguage\":\"de\"},{\"@type\":\"Organization\",\"@id\":\"https:\\\/\\\/skyline-gs.com\\\/it\\\/#organization\",\"name\":\"\u042d\u043a\u0441\u043a\u0443\u0440\u0441\u0438\u0438 Skyline\",\"alternateName\":\"\u042d\u043a\u0441\u043a\u0443\u0440\u0441\u0438\u0438 Skyline\",\"url\":\"https:\\\/\\\/skyline-gs.com\\\/it\\\/\",\"logo\":{\"@type\":\"ImageObject\",\"inLanguage\":\"de\",\"@id\":\"https:\\\/\\\/skyline-gs.com\\\/it\\\/#\\\/schema\\\/logo\\\/image\\\/\",\"url\":\"https:\\\/\\\/skyline-gs.com\\\/wp-content\\\/uploads\\\/2020\\\/12\\\/cropped-logo-2.png\",\"contentUrl\":\"https:\\\/\\\/skyline-gs.com\\\/wp-content\\\/uploads\\\/2020\\\/12\\\/cropped-logo-2.png\",\"width\":512,\"height\":512,\"caption\":\"\u042d\u043a\u0441\u043a\u0443\u0440\u0441\u0438\u0438 Skyline\"},\"image\":{\"@id\":\"https:\\\/\\\/skyline-gs.com\\\/it\\\/#\\\/schema\\\/logo\\\/image\\\/\"},\"sameAs\":[\"https:\\\/\\\/www.instagram.com\\\/skylineglobalservice\\\/\"]}]}<\/script>\n<!-- \/ Yoast SEO plugin. -->","yoast_head_json":{"title":"\u041d\u043e\u0432\u044b\u0439 \u0434\u0435\u043b\u044c\u0444\u0438\u043d\u0430\u0440\u0438\u0439 \u2014 Pattaya Dolphinarium &#8226; \u042d\u043a\u0441\u043a\u0443\u0440\u0441\u0438\u0438 Skyline","robots":{"index":"index","follow":"follow","max-snippet":"max-snippet:-1","max-image-preview":"max-image-preview:large","max-video-preview":"max-video-preview:-1"},"canonical":"https:\/\/skyline-gs.com\/de\/produkt\/pattaya-dolphinarium\/","og_locale":"de_DE","og_type":"article","og_title":"\u041d\u043e\u0432\u044b\u0439 \u0434\u0435\u043b\u044c\u0444\u0438\u043d\u0430\u0440\u0438\u0439 \u2014 Pattaya Dolphinarium &#8226; \u042d\u043a\u0441\u043a\u0443\u0440\u0441\u0438\u0438 Skyline","og_description":"\u0412\u0440\u0435\u043c\u044f \u0432\u044b\u0435\u0437\u0434\u0430: 10:00 \u2013 15:00 \u0414\u043d\u0438 \u043f\u0440\u043e\u0432\u0435\u0434\u0435\u043d\u0438\u044f: \u0435\u0436\u0435\u0434\u043d\u0435\u0432\u043d\u043e","og_url":"https:\/\/skyline-gs.com\/de\/produkt\/pattaya-dolphinarium\/","og_site_name":"\u042d\u043a\u0441\u043a\u0443\u0440\u0441\u0438\u0438 Skyline","article_modified_time":"2025-12-11T21:47:30+00:00","og_image":[{"width":1478,"height":985,"url":"https:\/\/skyline-gs.com\/wp-content\/uploads\/2025\/12\/img_9468.jpg-e1765918655148.webp","type":"image\/webp"}],"twitter_card":"summary_large_image","twitter_misc":{"Gesch\u00e4tzte Lesezeit":"2\u00a0Minuten"},"schema":{"@context":"https:\/\/schema.org","@graph":[{"@type":"WebPage","@id":"https:\/\/skyline-gs.com\/product\/pattaya-dolphinarium\/","url":"https:\/\/skyline-gs.com\/product\/pattaya-dolphinarium\/","name":"\u041d\u043e\u0432\u044b\u0439 \u0434\u0435\u043b\u044c\u0444\u0438\u043d\u0430\u0440\u0438\u0439 \u2014 Pattaya Dolphinarium &#8226; \u042d\u043a\u0441\u043a\u0443\u0440\u0441\u0438\u0438 Skyline","isPartOf":{"@id":"https:\/\/skyline-gs.com\/it\/#website"},"primaryImageOfPage":{"@id":"https:\/\/skyline-gs.com\/product\/pattaya-dolphinarium\/#primaryimage"},"image":{"@id":"https:\/\/skyline-gs.com\/product\/pattaya-dolphinarium\/#primaryimage"},"thumbnailUrl":"https:\/\/skyline-gs.com\/wp-content\/uploads\/2025\/12\/img_9468.jpg-e1765918655148.webp","datePublished":"2025-12-11T21:30:14+00:00","dateModified":"2025-12-11T21:47:30+00:00","breadcrumb":{"@id":"https:\/\/skyline-gs.com\/product\/pattaya-dolphinarium\/#breadcrumb"},"inLanguage":"de","potentialAction":[{"@type":"ReadAction","target":["https:\/\/skyline-gs.com\/product\/pattaya-dolphinarium\/"]}]},{"@type":"ImageObject","inLanguage":"de","@id":"https:\/\/skyline-gs.com\/product\/pattaya-dolphinarium\/#primaryimage","url":"https:\/\/skyline-gs.com\/wp-content\/uploads\/2025\/12\/img_9468.jpg-e1765918655148.webp","contentUrl":"https:\/\/skyline-gs.com\/wp-content\/uploads\/2025\/12\/img_9468.jpg-e1765918655148.webp","width":1478,"height":985},{"@type":"BreadcrumbList","@id":"https:\/\/skyline-gs.com\/product\/pattaya-dolphinarium\/#breadcrumb","itemListElement":[{"@type":"ListItem","position":1,"name":"\u0413\u043b\u0430\u0432\u043d\u0430\u044f \u0441\u0442\u0440\u0430\u043d\u0438\u0446\u0430","item":"https:\/\/skyline-gs.com\/hu\/"},{"@type":"ListItem","position":2,"name":"\u041c\u0430\u0433\u0430\u0437\u0438\u043d","item":"https:\/\/skyline-gs.com\/cs\/shop\/"},{"@type":"ListItem","position":3,"name":"\u041d\u043e\u0432\u044b\u0439 \u0434\u0435\u043b\u044c\u0444\u0438\u043d\u0430\u0440\u0438\u0439 \u2014 Pattaya Dolphinarium"}]},{"@type":"WebSite","@id":"https:\/\/skyline-gs.com\/it\/#website","url":"https:\/\/skyline-gs.com\/it\/","name":"Skyline Ausfl\u00fcge","description":"Exklusive Ausfl\u00fcge in den besten Resorts der Welt","publisher":{"@id":"https:\/\/skyline-gs.com\/it\/#organization"},"alternateName":"Skyline","potentialAction":[{"@type":"SearchAction","target":{"@type":"EntryPoint","urlTemplate":"https:\/\/skyline-gs.com\/it\/?s={search_term_string}"},"query-input":{"@type":"PropertyValueSpecification","valueRequired":true,"valueName":"search_term_string"}}],"inLanguage":"de"},{"@type":"Organization","@id":"https:\/\/skyline-gs.com\/it\/#organization","name":"Skyline Ausfl\u00fcge","alternateName":"\u042d\u043a\u0441\u043a\u0443\u0440\u0441\u0438\u0438 Skyline","url":"https:\/\/skyline-gs.com\/it\/","logo":{"@type":"ImageObject","inLanguage":"de","@id":"https:\/\/skyline-gs.com\/it\/#\/schema\/logo\/image\/","url":"https:\/\/skyline-gs.com\/wp-content\/uploads\/2020\/12\/cropped-logo-2.png","contentUrl":"https:\/\/skyline-gs.com\/wp-content\/uploads\/2020\/12\/cropped-logo-2.png","width":512,"height":512,"caption":"\u042d\u043a\u0441\u043a\u0443\u0440\u0441\u0438\u0438 Skyline"},"image":{"@id":"https:\/\/skyline-gs.com\/it\/#\/schema\/logo\/image\/"},"sameAs":["https:\/\/www.instagram.com\/skylineglobalservice\/"]}]}},"_links":{"self":[{"href":"https:\/\/skyline-gs.com\/de\/wp-json\/wp\/v2\/product\/73681","targetHints":{"allow":["GET"]}}],"collection":[{"href":"https:\/\/skyline-gs.com\/de\/wp-json\/wp\/v2\/product"}],"about":[{"href":"https:\/\/skyline-gs.com\/de\/wp-json\/wp\/v2\/types\/product"}],"version-history":[{"count":0,"href":"https:\/\/skyline-gs.com\/de\/wp-json\/wp\/v2\/product\/73681\/revisions"}],"wp:featuredmedia":[{"embeddable":true,"href":"https:\/\/skyline-gs.com\/de\/wp-json\/wp\/v2\/media\/73687"}],"wp:attachment":[{"href":"https:\/\/skyline-gs.com\/de\/wp-json\/wp\/v2\/media?parent=73681"}],"wp:term":[{"taxonomy":"product_brand","embeddable":true,"href":"https:\/\/skyline-gs.com\/de\/wp-json\/wp\/v2\/product_brand?post=73681"},{"taxonomy":"product_cat","embeddable":true,"href":"https:\/\/skyline-gs.com\/de\/wp-json\/wp\/v2\/product_cat?post=73681"},{"taxonomy":"product_tag","embeddable":true,"href":"https:\/\/skyline-gs.com\/de\/wp-json\/wp\/v2\/product_tag?post=73681"}],"curies":[{"name":"wp","href":"https:\/\/api.w.org\/{rel}","templated":true}]}}