{"id":73665,"date":"2025-12-11T22:36:58","date_gmt":"2025-12-11T20:36:58","guid":{"rendered":"http:\/\/skyline-gs.com\/?post_type=product&#038;p=73665"},"modified":"2025-12-16T23:03:21","modified_gmt":"2025-12-16T21:03:21","slug":"zmeinaya-ferma","status":"publish","type":"product","link":"https:\/\/skyline-gs.com\/de\/product\/zmeinaya-ferma\/","title":{"rendered":"Schlangenfarm"},"content":{"rendered":"<p>Teilnahme an der Veranstaltung <strong>der Schlangenfarm in Pattaya.<\/strong> - Eine der ungew\u00f6hnlichsten und einpr\u00e4gsamsten Attraktionen Thailands. Hier k\u00f6nnen Sie verschiedene Schlangen (giftige und ungiftige) sehen, ihr Verhalten beobachten, etwas \u00fcber Gift und seine Verwendung lernen und einer spannenden Schlangenshow mit erfahrenen Trainern beiwohnen.<br \/>\nDies ist eine gro\u00dfartige Option f\u00fcr G\u00e4ste, die neue Emotionen, sch\u00f6ne Fotos und ungew\u00f6hnliche Erlebnisse in Gesellschaft von Familie oder Freunden erleben m\u00f6chten.<\/p>\n<p><strong>Programm<\/strong><\/p>\n<ul>\n<li>Ankunft auf der Schlangenfarm (als Faustregel gilt, dass die Buchung \u00fcber Agenturen oft einen Hin- und R\u00fccktransfer beinhaltet).<\/li>\n<li>Besuch auf dem Gel\u00e4nde des Bauernhofs: viele Schlangenarten in Volieren, Reptilien, manchmal auch andere Tiere und ein kleiner Mini-Zoo.<\/li>\n<li>Nehmen Sie an einer Schlangenshow teil oder schauen Sie zu - Trainer treten mit Kobras, Pythons und anderen Reptilien auf und zeigen, wie man sie z\u00e4hmt und Tricks vorf\u00fchrt.<\/li>\n<li>Zeit f\u00fcr Fotos, einen Rundgang und die Erkundung der Ausstellungsst\u00fccke.<\/li>\n<li>Die Dauer h\u00e4ngt von den Transferzeiten und Ihren W\u00fcnschen ab - in der Regel 1-2 Stunden auf dem Bauernhof.<\/li>\n<\/ul>\n<p><strong>Inbegriffen:<\/strong><\/p>\n<ul>\n<li>Eintrittskarte.<\/li>\n<li>Transfer vom und zum Hotel.<\/li>\n<li>Eine Schlangenshow anschauen.<\/li>\n<li>German-speaking guide<\/li>\n<li>Versicherung.<\/li>\n<\/ul>\n<p><strong>Nicht enthalten:<\/strong><\/p>\n<ul>\n<li>Essen &amp; Trinken.<\/li>\n<li>Optionale Aktivit\u00e4ten: Fotos mit Schlangen, Schlangentr\u00e4nke, Farmtour nach dem Besuch der Basis.<\/li>\n<li>Souvenirs, Geschenke, lokal hergestellte Waren<\/li>\n<\/ul>\n<p><strong>Nimm mit:<\/strong><\/p>\n<ul>\n<li>Leichte Kleidung und bequeme Schuhe.<\/li>\n<li>Foto-\/Videoausr\u00fcstung (beste Schlangenaufnahmen und -vorf\u00fchrungen).<\/li>\n<li>Sonnenschutzmittel und Sonnenbrille.<\/li>\n<li>Geld f\u00fcr pers\u00f6nliche Ausgaben<\/li>\n<\/ul>\n<p><strong>Anmerkungen<\/strong><\/p>\n<ul>\n<li>Der Hof ist t\u00e4glich ge\u00f6ffnet, in der Regel von morgens bis abends.<\/li>\n<li>Die Show zeigt Schlangen, Pythons und Kobras - eine beeindruckende Vorstellung f\u00fcr alle Altersgruppen (bei j\u00fcngeren Kindern sollte man \u00c4ngste und Reaktionen ber\u00fccksichtigen).<\/li>\n<li>Kl\u00e4ren Sie bei der Buchung, ob der Betrieb einen kostenlosen Shuttle-Service anbietet.<\/li>\n<li>F\u00fcr zus\u00e4tzliche Fotos und Interaktionen mit Schlangen wird oft ein Trinkgeld oder eine separate Geb\u00fchr verlangt.<\/li>\n<\/ul>\n<p><strong>Annullierungspolitik<\/strong><\/p>\n<ul>\n<li>Wenn das Wetter ung\u00fcnstig ist oder der Dienst nicht m\u00f6glich ist, kann ein Ersatztermin oder eine Erstattung angeboten werden.<\/li>\n<\/ul>","protected":false},"excerpt":{"rendered":"<p><strong>Abfahrtszeit:<\/strong> 10:00 \u2013 15:00<br \/>\n<strong>Veranstaltungstage:<\/strong> T\u00e4glich<\/p>","protected":false},"featured_media":73678,"template":"","meta":{"_kad_post_transparent":"default","_kad_post_title":"","_kad_post_layout":"default","_kad_post_sidebar_id":"","_kad_post_content_style":"default","_kad_post_vertical_padding":"default","_kad_post_feature":"","_kad_post_feature_position":"","_kad_post_header":false,"_kad_post_footer":false,"_kad_post_classname":"","_glsr_average":0,"_glsr_ranking":0,"_glsr_reviews":0},"product_brand":[],"product_cat":[507],"product_tag":[],"class_list":{"0":"post-73665","1":"product","2":"type-product","3":"status-publish","4":"has-post-thumbnail","6":"product_cat-pattaya","7":"tm-has-options","9":"first","10":"instock","11":"sold-individually","12":"taxable","13":"shipping-taxable","14":"purchasable","15":"product-type-simple","16":"entry","17":"content-bg","18":"loop-entry"},"yoast_head":"<!-- This site is optimized with the Yoast SEO plugin v27.3 - https:\/\/yoast.com\/product\/yoast-seo-wordpress\/ -->\n<title>\u0417\u043c\u0435\u0438\u043d\u0430\u044f \u0444\u0435\u0440\u043c\u0430 &#8226; \u042d\u043a\u0441\u043a\u0443\u0440\u0441\u0438\u0438 Skyline<\/title>\n<meta name=\"robots\" content=\"index, follow, max-snippet:-1, max-image-preview:large, max-video-preview:-1\" \/>\n<link rel=\"canonical\" href=\"https:\/\/skyline-gs.com\/de\/produkt\/zmeinaya-ferma\/\" \/>\n<meta property=\"og:locale\" content=\"de_DE\" \/>\n<meta property=\"og:type\" content=\"article\" \/>\n<meta property=\"og:title\" content=\"\u0417\u043c\u0435\u0438\u043d\u0430\u044f \u0444\u0435\u0440\u043c\u0430 &#8226; \u042d\u043a\u0441\u043a\u0443\u0440\u0441\u0438\u0438 Skyline\" \/>\n<meta property=\"og:description\" content=\"\u0412\u0440\u0435\u043c\u044f \u0432\u044b\u0435\u0437\u0434\u0430: 10:00 \u2013 15:00 \u0414\u043d\u0438 \u043f\u0440\u043e\u0432\u0435\u0434\u0435\u043d\u0438\u044f: \u0435\u0436\u0435\u0434\u043d\u0435\u0432\u043d\u043e\" \/>\n<meta property=\"og:url\" content=\"https:\/\/skyline-gs.com\/de\/produkt\/zmeinaya-ferma\/\" \/>\n<meta property=\"og:site_name\" content=\"\u042d\u043a\u0441\u043a\u0443\u0440\u0441\u0438\u0438 Skyline\" \/>\n<meta property=\"article:modified_time\" content=\"2025-12-16T21:03:21+00:00\" \/>\n<meta property=\"og:image\" content=\"https:\/\/skyline-gs.com\/wp-content\/uploads\/2025\/12\/snake_farm-1-e1765918699241.jpg\" \/>\n\t<meta property=\"og:image:width\" content=\"757\" \/>\n\t<meta property=\"og:image:height\" content=\"505\" \/>\n\t<meta property=\"og:image:type\" content=\"image\/jpeg\" \/>\n<meta name=\"twitter:card\" content=\"summary_large_image\" \/>\n<meta name=\"twitter:label1\" content=\"Gesch\u00e4tzte Lesezeit\" \/>\n\t<meta name=\"twitter:data1\" content=\"2\u00a0Minuten\" \/>\n<script type=\"application\/ld+json\" class=\"yoast-schema-graph\">{\"@context\":\"https:\\\/\\\/schema.org\",\"@graph\":[{\"@type\":\"WebPage\",\"@id\":\"https:\\\/\\\/skyline-gs.com\\\/product\\\/zmeinaya-ferma\\\/\",\"url\":\"https:\\\/\\\/skyline-gs.com\\\/product\\\/zmeinaya-ferma\\\/\",\"name\":\"\u0417\u043c\u0435\u0438\u043d\u0430\u044f \u0444\u0435\u0440\u043c\u0430 &#8226; \u042d\u043a\u0441\u043a\u0443\u0440\u0441\u0438\u0438 Skyline\",\"isPartOf\":{\"@id\":\"https:\\\/\\\/skyline-gs.com\\\/it\\\/#website\"},\"primaryImageOfPage\":{\"@id\":\"https:\\\/\\\/skyline-gs.com\\\/product\\\/zmeinaya-ferma\\\/#primaryimage\"},\"image\":{\"@id\":\"https:\\\/\\\/skyline-gs.com\\\/product\\\/zmeinaya-ferma\\\/#primaryimage\"},\"thumbnailUrl\":\"https:\\\/\\\/skyline-gs.com\\\/wp-content\\\/uploads\\\/2025\\\/12\\\/snake_farm-1-e1765918699241.jpg\",\"datePublished\":\"2025-12-11T20:36:58+00:00\",\"dateModified\":\"2025-12-16T21:03:21+00:00\",\"breadcrumb\":{\"@id\":\"https:\\\/\\\/skyline-gs.com\\\/product\\\/zmeinaya-ferma\\\/#breadcrumb\"},\"inLanguage\":\"de\",\"potentialAction\":[{\"@type\":\"ReadAction\",\"target\":[\"https:\\\/\\\/skyline-gs.com\\\/product\\\/zmeinaya-ferma\\\/\"]}]},{\"@type\":\"ImageObject\",\"inLanguage\":\"de\",\"@id\":\"https:\\\/\\\/skyline-gs.com\\\/product\\\/zmeinaya-ferma\\\/#primaryimage\",\"url\":\"https:\\\/\\\/skyline-gs.com\\\/wp-content\\\/uploads\\\/2025\\\/12\\\/snake_farm-1-e1765918699241.jpg\",\"contentUrl\":\"https:\\\/\\\/skyline-gs.com\\\/wp-content\\\/uploads\\\/2025\\\/12\\\/snake_farm-1-e1765918699241.jpg\",\"width\":757,\"height\":505},{\"@type\":\"BreadcrumbList\",\"@id\":\"https:\\\/\\\/skyline-gs.com\\\/product\\\/zmeinaya-ferma\\\/#breadcrumb\",\"itemListElement\":[{\"@type\":\"ListItem\",\"position\":1,\"name\":\"\u0413\u043b\u0430\u0432\u043d\u0430\u044f \u0441\u0442\u0440\u0430\u043d\u0438\u0446\u0430\",\"item\":\"https:\\\/\\\/skyline-gs.com\\\/hu\\\/\"},{\"@type\":\"ListItem\",\"position\":2,\"name\":\"\u041c\u0430\u0433\u0430\u0437\u0438\u043d\",\"item\":\"https:\\\/\\\/skyline-gs.com\\\/cs\\\/shop\\\/\"},{\"@type\":\"ListItem\",\"position\":3,\"name\":\"\u0417\u043c\u0435\u0438\u043d\u0430\u044f \u0444\u0435\u0440\u043c\u0430\"}]},{\"@type\":\"WebSite\",\"@id\":\"https:\\\/\\\/skyline-gs.com\\\/it\\\/#website\",\"url\":\"https:\\\/\\\/skyline-gs.com\\\/it\\\/\",\"name\":\"\u042d\u043a\u0441\u043a\u0443\u0440\u0441\u0438\u0438 Skyline\",\"description\":\"\u042d\u043a\u0441\u043a\u043b\u044e\u0437\u0438\u0432\u043d\u044b\u0435 \u044d\u043a\u0441\u043a\u0443\u0440\u0441\u0438\u0438 \u043d\u0430 \u043b\u0443\u0447\u0448\u0438\u0445 \u043a\u0443\u0440\u043e\u0440\u0442\u0430\u0445 \u043c\u0438\u0440\u0430\",\"publisher\":{\"@id\":\"https:\\\/\\\/skyline-gs.com\\\/it\\\/#organization\"},\"alternateName\":\"Skyline\",\"potentialAction\":[{\"@type\":\"SearchAction\",\"target\":{\"@type\":\"EntryPoint\",\"urlTemplate\":\"https:\\\/\\\/skyline-gs.com\\\/it\\\/?s={search_term_string}\"},\"query-input\":{\"@type\":\"PropertyValueSpecification\",\"valueRequired\":true,\"valueName\":\"search_term_string\"}}],\"inLanguage\":\"de\"},{\"@type\":\"Organization\",\"@id\":\"https:\\\/\\\/skyline-gs.com\\\/it\\\/#organization\",\"name\":\"\u042d\u043a\u0441\u043a\u0443\u0440\u0441\u0438\u0438 Skyline\",\"alternateName\":\"\u042d\u043a\u0441\u043a\u0443\u0440\u0441\u0438\u0438 Skyline\",\"url\":\"https:\\\/\\\/skyline-gs.com\\\/it\\\/\",\"logo\":{\"@type\":\"ImageObject\",\"inLanguage\":\"de\",\"@id\":\"https:\\\/\\\/skyline-gs.com\\\/it\\\/#\\\/schema\\\/logo\\\/image\\\/\",\"url\":\"https:\\\/\\\/skyline-gs.com\\\/wp-content\\\/uploads\\\/2020\\\/12\\\/cropped-logo-2.png\",\"contentUrl\":\"https:\\\/\\\/skyline-gs.com\\\/wp-content\\\/uploads\\\/2020\\\/12\\\/cropped-logo-2.png\",\"width\":512,\"height\":512,\"caption\":\"\u042d\u043a\u0441\u043a\u0443\u0440\u0441\u0438\u0438 Skyline\"},\"image\":{\"@id\":\"https:\\\/\\\/skyline-gs.com\\\/it\\\/#\\\/schema\\\/logo\\\/image\\\/\"},\"sameAs\":[\"https:\\\/\\\/www.instagram.com\\\/skylineglobalservice\\\/\"]}]}<\/script>\n<!-- \/ Yoast SEO plugin. -->","yoast_head_json":{"title":"\u0417\u043c\u0435\u0438\u043d\u0430\u044f \u0444\u0435\u0440\u043c\u0430 &#8226; \u042d\u043a\u0441\u043a\u0443\u0440\u0441\u0438\u0438 Skyline","robots":{"index":"index","follow":"follow","max-snippet":"max-snippet:-1","max-image-preview":"max-image-preview:large","max-video-preview":"max-video-preview:-1"},"canonical":"https:\/\/skyline-gs.com\/de\/produkt\/zmeinaya-ferma\/","og_locale":"de_DE","og_type":"article","og_title":"\u0417\u043c\u0435\u0438\u043d\u0430\u044f \u0444\u0435\u0440\u043c\u0430 &#8226; \u042d\u043a\u0441\u043a\u0443\u0440\u0441\u0438\u0438 Skyline","og_description":"\u0412\u0440\u0435\u043c\u044f \u0432\u044b\u0435\u0437\u0434\u0430: 10:00 \u2013 15:00 \u0414\u043d\u0438 \u043f\u0440\u043e\u0432\u0435\u0434\u0435\u043d\u0438\u044f: \u0435\u0436\u0435\u0434\u043d\u0435\u0432\u043d\u043e","og_url":"https:\/\/skyline-gs.com\/de\/produkt\/zmeinaya-ferma\/","og_site_name":"\u042d\u043a\u0441\u043a\u0443\u0440\u0441\u0438\u0438 Skyline","article_modified_time":"2025-12-16T21:03:21+00:00","og_image":[{"width":757,"height":505,"url":"https:\/\/skyline-gs.com\/wp-content\/uploads\/2025\/12\/snake_farm-1-e1765918699241.jpg","type":"image\/jpeg"}],"twitter_card":"summary_large_image","twitter_misc":{"Gesch\u00e4tzte Lesezeit":"2\u00a0Minuten"},"schema":{"@context":"https:\/\/schema.org","@graph":[{"@type":"WebPage","@id":"https:\/\/skyline-gs.com\/product\/zmeinaya-ferma\/","url":"https:\/\/skyline-gs.com\/product\/zmeinaya-ferma\/","name":"\u0417\u043c\u0435\u0438\u043d\u0430\u044f \u0444\u0435\u0440\u043c\u0430 &#8226; \u042d\u043a\u0441\u043a\u0443\u0440\u0441\u0438\u0438 Skyline","isPartOf":{"@id":"https:\/\/skyline-gs.com\/it\/#website"},"primaryImageOfPage":{"@id":"https:\/\/skyline-gs.com\/product\/zmeinaya-ferma\/#primaryimage"},"image":{"@id":"https:\/\/skyline-gs.com\/product\/zmeinaya-ferma\/#primaryimage"},"thumbnailUrl":"https:\/\/skyline-gs.com\/wp-content\/uploads\/2025\/12\/snake_farm-1-e1765918699241.jpg","datePublished":"2025-12-11T20:36:58+00:00","dateModified":"2025-12-16T21:03:21+00:00","breadcrumb":{"@id":"https:\/\/skyline-gs.com\/product\/zmeinaya-ferma\/#breadcrumb"},"inLanguage":"de","potentialAction":[{"@type":"ReadAction","target":["https:\/\/skyline-gs.com\/product\/zmeinaya-ferma\/"]}]},{"@type":"ImageObject","inLanguage":"de","@id":"https:\/\/skyline-gs.com\/product\/zmeinaya-ferma\/#primaryimage","url":"https:\/\/skyline-gs.com\/wp-content\/uploads\/2025\/12\/snake_farm-1-e1765918699241.jpg","contentUrl":"https:\/\/skyline-gs.com\/wp-content\/uploads\/2025\/12\/snake_farm-1-e1765918699241.jpg","width":757,"height":505},{"@type":"BreadcrumbList","@id":"https:\/\/skyline-gs.com\/product\/zmeinaya-ferma\/#breadcrumb","itemListElement":[{"@type":"ListItem","position":1,"name":"\u0413\u043b\u0430\u0432\u043d\u0430\u044f \u0441\u0442\u0440\u0430\u043d\u0438\u0446\u0430","item":"https:\/\/skyline-gs.com\/hu\/"},{"@type":"ListItem","position":2,"name":"\u041c\u0430\u0433\u0430\u0437\u0438\u043d","item":"https:\/\/skyline-gs.com\/cs\/shop\/"},{"@type":"ListItem","position":3,"name":"\u0417\u043c\u0435\u0438\u043d\u0430\u044f \u0444\u0435\u0440\u043c\u0430"}]},{"@type":"WebSite","@id":"https:\/\/skyline-gs.com\/it\/#website","url":"https:\/\/skyline-gs.com\/it\/","name":"Skyline Ausfl\u00fcge","description":"Exklusive Ausfl\u00fcge in den besten Resorts der Welt","publisher":{"@id":"https:\/\/skyline-gs.com\/it\/#organization"},"alternateName":"Skyline","potentialAction":[{"@type":"SearchAction","target":{"@type":"EntryPoint","urlTemplate":"https:\/\/skyline-gs.com\/it\/?s={search_term_string}"},"query-input":{"@type":"PropertyValueSpecification","valueRequired":true,"valueName":"search_term_string"}}],"inLanguage":"de"},{"@type":"Organization","@id":"https:\/\/skyline-gs.com\/it\/#organization","name":"Skyline Ausfl\u00fcge","alternateName":"\u042d\u043a\u0441\u043a\u0443\u0440\u0441\u0438\u0438 Skyline","url":"https:\/\/skyline-gs.com\/it\/","logo":{"@type":"ImageObject","inLanguage":"de","@id":"https:\/\/skyline-gs.com\/it\/#\/schema\/logo\/image\/","url":"https:\/\/skyline-gs.com\/wp-content\/uploads\/2020\/12\/cropped-logo-2.png","contentUrl":"https:\/\/skyline-gs.com\/wp-content\/uploads\/2020\/12\/cropped-logo-2.png","width":512,"height":512,"caption":"\u042d\u043a\u0441\u043a\u0443\u0440\u0441\u0438\u0438 Skyline"},"image":{"@id":"https:\/\/skyline-gs.com\/it\/#\/schema\/logo\/image\/"},"sameAs":["https:\/\/www.instagram.com\/skylineglobalservice\/"]}]}},"_links":{"self":[{"href":"https:\/\/skyline-gs.com\/de\/wp-json\/wp\/v2\/product\/73665","targetHints":{"allow":["GET"]}}],"collection":[{"href":"https:\/\/skyline-gs.com\/de\/wp-json\/wp\/v2\/product"}],"about":[{"href":"https:\/\/skyline-gs.com\/de\/wp-json\/wp\/v2\/types\/product"}],"version-history":[{"count":0,"href":"https:\/\/skyline-gs.com\/de\/wp-json\/wp\/v2\/product\/73665\/revisions"}],"wp:featuredmedia":[{"embeddable":true,"href":"https:\/\/skyline-gs.com\/de\/wp-json\/wp\/v2\/media\/73678"}],"wp:attachment":[{"href":"https:\/\/skyline-gs.com\/de\/wp-json\/wp\/v2\/media?parent=73665"}],"wp:term":[{"taxonomy":"product_brand","embeddable":true,"href":"https:\/\/skyline-gs.com\/de\/wp-json\/wp\/v2\/product_brand?post=73665"},{"taxonomy":"product_cat","embeddable":true,"href":"https:\/\/skyline-gs.com\/de\/wp-json\/wp\/v2\/product_cat?post=73665"},{"taxonomy":"product_tag","embeddable":true,"href":"https:\/\/skyline-gs.com\/de\/wp-json\/wp\/v2\/product_tag?post=73665"}],"curies":[{"name":"wp","href":"https:\/\/api.w.org\/{rel}","templated":true}]}}