{"id":73559,"date":"2025-12-09T03:23:22","date_gmt":"2025-12-09T01:23:22","guid":{"rendered":"http:\/\/skyline-gs.com\/?post_type=product&#038;p=73559"},"modified":"2025-12-09T03:33:41","modified_gmt":"2025-12-09T01:33:41","slug":"transvestite-show-coliseum","status":"publish","type":"product","link":"https:\/\/skyline-gs.com\/de\/product\/transvestite-show-coliseum\/","title":{"rendered":"Die Kolosseum-Transvestitenshow\u00ab"},"content":{"rendered":"<p>Die Colosseum Transvestite Show ist eine der gr\u00f6\u00dften und spektakul\u00e4rsten Kabarettshows in Thailand und Asien. Es handelt sich um eine lebendige Theaterauff\u00fchrung mit Tanz, Musik, Kost\u00fcmen und Spezialeffekten, die in einem im Stil des antiken r\u00f6mischen Kolosseums dekorierten Theater stattfindet.<\/p>\n<p>Die Show ist f\u00fcr all diejenigen geeignet, die einen unterhaltsamen Abend verbringen m\u00f6chten: eine bunte Atmosph\u00e4re, sch\u00f6ne Darbietungen und die M\u00f6glichkeit, sich nach den Ausfl\u00fcgen des Tages zu entspannen. Sie k\u00f6nnen Kinder mitnehmen, wenn Sie m\u00f6chten - es gibt keine expliziten Szenen in der Show.<\/p>\n<p><strong>Programm<\/strong><\/p>\n<ul>\n<li>Dauer: \u2248 75 Minuten (ohne Pause), die Show besteht aus ~14 Nummern.<\/li>\n<li>Beim Kauf \u00fcber eine Agentur: Bei der Option Transfer kann der Hin- und R\u00fccktransfer inbegriffen sein.<\/li>\n<li>Nach der Show k\u00f6nnen Sie, wenn Sie m\u00f6chten, Fotos mit den K\u00fcnstlern machen (Trinkgeld ist freiwillig).<\/li>\n<\/ul>\n<p><strong>Inbegriffen:<\/strong><\/p>\n<ul>\n<li>Eintrittskarte vorzeigen.<\/li>\n<li>Hin- und R\u00fccktransfer - wenn die entsprechende Ticketoption gew\u00e4hlt wurde.<\/li>\n<\/ul>\n<p><strong>Nicht enthalten:<\/strong><\/p>\n<ul>\n<li>Getr\u00e4nke, Essen - separat zu bezahlen.<\/li>\n<li>Foto\/Video mit K\u00fcnstlern - Aufpreis\/Tipp.<\/li>\n<li>Mahlzeiten, Extras, Souvenirs und andere Ausgaben gehen zu Ihren eigenen Lasten.<\/li>\n<\/ul>\n<p><strong>Nimm mit:<\/strong><\/p>\n<ul>\n<li>Kopie des Reisepasses (f\u00fcr \u00dcberweisungen erforderlich)<\/li>\n<li>Foto-\/Videokamera + Ladeger\u00e4te<\/li>\n<li>Geld f\u00fcr pers\u00f6nliche Ausgaben<\/li>\n<\/ul>\n<p><strong>Anmerkungen\/Empfehlungen<\/strong><\/p>\n<ul>\n<li>Foto-\/Videokamera - die Show liefert beeindruckende Aufnahmen<\/li>\n<li>Geld f\u00fcr Fotos, Getr\u00e4nke, Souvenirs.<\/li>\n<li>Bequeme Kleidung<\/li>\n<li>Dokumente (Reisepass\/Kopie) - bei \u00dcbergabe<\/li>\n<\/ul>","protected":false},"excerpt":{"rendered":"<p><strong>Abfahrtszeit:<\/strong> 17:30 \/ 19:00<br \/>\n<strong>Veranstaltungstage:<\/strong> T\u00e4glich<\/p>","protected":false},"featured_media":73564,"template":"","meta":{"_kad_post_transparent":"default","_kad_post_title":"","_kad_post_layout":"default","_kad_post_sidebar_id":"","_kad_post_content_style":"default","_kad_post_vertical_padding":"default","_kad_post_feature":"","_kad_post_feature_position":"","_kad_post_header":false,"_kad_post_footer":false,"_kad_post_classname":"","_glsr_average":0,"_glsr_ranking":0,"_glsr_reviews":0},"product_brand":[],"product_cat":[507],"product_tag":[],"class_list":{"0":"post-73559","1":"product","2":"type-product","3":"status-publish","4":"has-post-thumbnail","6":"product_cat-pattaya","7":"tm-has-options","9":"first","10":"instock","11":"sold-individually","12":"taxable","13":"shipping-taxable","14":"purchasable","15":"product-type-simple","16":"entry","17":"content-bg","18":"loop-entry"},"yoast_head":"<!-- This site is optimized with the Yoast SEO plugin v27.3 - https:\/\/yoast.com\/product\/yoast-seo-wordpress\/ -->\n<title>\u0428\u043e\u0443 \u0442\u0440\u0430\u043d\u0441\u0432\u0435\u0441\u0442\u0438\u0442\u043e\u0432 \u00ab\u041a\u043e\u043b\u0438\u0437\u0435\u0439\u00bb &#8226; \u042d\u043a\u0441\u043a\u0443\u0440\u0441\u0438\u0438 Skyline<\/title>\n<meta name=\"robots\" content=\"index, follow, max-snippet:-1, max-image-preview:large, max-video-preview:-1\" \/>\n<link rel=\"canonical\" href=\"https:\/\/skyline-gs.com\/de\/produkt\/transvestite-show-coliseum\/\" \/>\n<meta property=\"og:locale\" content=\"de_DE\" \/>\n<meta property=\"og:type\" content=\"article\" \/>\n<meta property=\"og:title\" content=\"\u0428\u043e\u0443 \u0442\u0440\u0430\u043d\u0441\u0432\u0435\u0441\u0442\u0438\u0442\u043e\u0432 \u00ab\u041a\u043e\u043b\u0438\u0437\u0435\u0439\u00bb &#8226; \u042d\u043a\u0441\u043a\u0443\u0440\u0441\u0438\u0438 Skyline\" \/>\n<meta property=\"og:description\" content=\"\u0412\u0440\u0435\u043c\u044f \u0432\u044b\u0435\u0437\u0434\u0430: 17:30 \/ 19:00 \u0414\u043d\u0438 \u043f\u0440\u043e\u0432\u0435\u0434\u0435\u043d\u0438\u044f: \u0435\u0436\u0435\u0434\u043d\u0435\u0432\u043d\u043e\" \/>\n<meta property=\"og:url\" content=\"https:\/\/skyline-gs.com\/de\/produkt\/transvestite-show-coliseum\/\" \/>\n<meta property=\"og:site_name\" content=\"\u042d\u043a\u0441\u043a\u0443\u0440\u0441\u0438\u0438 Skyline\" \/>\n<meta property=\"article:modified_time\" content=\"2025-12-09T01:33:41+00:00\" \/>\n<meta property=\"og:image\" content=\"https:\/\/skyline-gs.com\/wp-content\/uploads\/2024\/08\/LoGo777.png\" \/>\n\t<meta property=\"og:image:width\" content=\"1080\" \/>\n\t<meta property=\"og:image:height\" content=\"1080\" \/>\n\t<meta property=\"og:image:type\" content=\"image\/png\" \/>\n<meta name=\"twitter:card\" content=\"summary_large_image\" \/>\n<meta name=\"twitter:label1\" content=\"Gesch\u00e4tzte Lesezeit\" \/>\n\t<meta name=\"twitter:data1\" content=\"1\u00a0Minute\" \/>\n<script type=\"application\/ld+json\" class=\"yoast-schema-graph\">{\"@context\":\"https:\\\/\\\/schema.org\",\"@graph\":[{\"@type\":\"WebPage\",\"@id\":\"https:\\\/\\\/skyline-gs.com\\\/pl\\\/produkt\\\/transvestite-show-coliseum\\\/\",\"url\":\"https:\\\/\\\/skyline-gs.com\\\/pl\\\/produkt\\\/transvestite-show-coliseum\\\/\",\"name\":\"\u0428\u043e\u0443 \u0442\u0440\u0430\u043d\u0441\u0432\u0435\u0441\u0442\u0438\u0442\u043e\u0432 \u00ab\u041a\u043e\u043b\u0438\u0437\u0435\u0439\u00bb &#8226; \u042d\u043a\u0441\u043a\u0443\u0440\u0441\u0438\u0438 Skyline\",\"isPartOf\":{\"@id\":\"https:\\\/\\\/skyline-gs.com\\\/it\\\/#website\"},\"primaryImageOfPage\":{\"@id\":\"https:\\\/\\\/skyline-gs.com\\\/pl\\\/produkt\\\/transvestite-show-coliseum\\\/#primaryimage\"},\"image\":{\"@id\":\"https:\\\/\\\/skyline-gs.com\\\/pl\\\/produkt\\\/transvestite-show-coliseum\\\/#primaryimage\"},\"thumbnailUrl\":\"https:\\\/\\\/skyline-gs.com\\\/wp-content\\\/uploads\\\/2025\\\/12\\\/92106e4e4e8a784de54e243e3df78c8f-11223-pattaya-the-colosseum-show-tickets-01.jpg.avif\",\"datePublished\":\"2025-12-09T01:23:22+00:00\",\"dateModified\":\"2025-12-09T01:33:41+00:00\",\"breadcrumb\":{\"@id\":\"https:\\\/\\\/skyline-gs.com\\\/pl\\\/produkt\\\/transvestite-show-coliseum\\\/#breadcrumb\"},\"inLanguage\":\"de\",\"potentialAction\":[{\"@type\":\"ReadAction\",\"target\":[\"https:\\\/\\\/skyline-gs.com\\\/pl\\\/produkt\\\/transvestite-show-coliseum\\\/\"]}]},{\"@type\":\"ImageObject\",\"inLanguage\":\"de\",\"@id\":\"https:\\\/\\\/skyline-gs.com\\\/pl\\\/produkt\\\/transvestite-show-coliseum\\\/#primaryimage\",\"url\":\"https:\\\/\\\/skyline-gs.com\\\/wp-content\\\/uploads\\\/2025\\\/12\\\/92106e4e4e8a784de54e243e3df78c8f-11223-pattaya-the-colosseum-show-tickets-01.jpg.avif\",\"contentUrl\":\"https:\\\/\\\/skyline-gs.com\\\/wp-content\\\/uploads\\\/2025\\\/12\\\/92106e4e4e8a784de54e243e3df78c8f-11223-pattaya-the-colosseum-show-tickets-01.jpg.avif\",\"width\":1216,\"height\":760},{\"@type\":\"BreadcrumbList\",\"@id\":\"https:\\\/\\\/skyline-gs.com\\\/pl\\\/produkt\\\/transvestite-show-coliseum\\\/#breadcrumb\",\"itemListElement\":[{\"@type\":\"ListItem\",\"position\":1,\"name\":\"\u0413\u043b\u0430\u0432\u043d\u0430\u044f \u0441\u0442\u0440\u0430\u043d\u0438\u0446\u0430\",\"item\":\"https:\\\/\\\/skyline-gs.com\\\/hu\\\/\"},{\"@type\":\"ListItem\",\"position\":2,\"name\":\"\u041c\u0430\u0433\u0430\u0437\u0438\u043d\",\"item\":\"https:\\\/\\\/skyline-gs.com\\\/cs\\\/shop\\\/\"},{\"@type\":\"ListItem\",\"position\":3,\"name\":\"\u0428\u043e\u0443 \u0442\u0440\u0430\u043d\u0441\u0432\u0435\u0441\u0442\u0438\u0442\u043e\u0432 \u00ab\u041a\u043e\u043b\u0438\u0437\u0435\u0439\u00bb\"}]},{\"@type\":\"WebSite\",\"@id\":\"https:\\\/\\\/skyline-gs.com\\\/it\\\/#website\",\"url\":\"https:\\\/\\\/skyline-gs.com\\\/it\\\/\",\"name\":\"\u042d\u043a\u0441\u043a\u0443\u0440\u0441\u0438\u0438 Skyline\",\"description\":\"\u042d\u043a\u0441\u043a\u043b\u044e\u0437\u0438\u0432\u043d\u044b\u0435 \u044d\u043a\u0441\u043a\u0443\u0440\u0441\u0438\u0438 \u043d\u0430 \u043b\u0443\u0447\u0448\u0438\u0445 \u043a\u0443\u0440\u043e\u0440\u0442\u0430\u0445 \u043c\u0438\u0440\u0430\",\"publisher\":{\"@id\":\"https:\\\/\\\/skyline-gs.com\\\/it\\\/#organization\"},\"alternateName\":\"Skyline\",\"potentialAction\":[{\"@type\":\"SearchAction\",\"target\":{\"@type\":\"EntryPoint\",\"urlTemplate\":\"https:\\\/\\\/skyline-gs.com\\\/it\\\/?s={search_term_string}\"},\"query-input\":{\"@type\":\"PropertyValueSpecification\",\"valueRequired\":true,\"valueName\":\"search_term_string\"}}],\"inLanguage\":\"de\"},{\"@type\":\"Organization\",\"@id\":\"https:\\\/\\\/skyline-gs.com\\\/it\\\/#organization\",\"name\":\"\u042d\u043a\u0441\u043a\u0443\u0440\u0441\u0438\u0438 Skyline\",\"alternateName\":\"\u042d\u043a\u0441\u043a\u0443\u0440\u0441\u0438\u0438 Skyline\",\"url\":\"https:\\\/\\\/skyline-gs.com\\\/it\\\/\",\"logo\":{\"@type\":\"ImageObject\",\"inLanguage\":\"de\",\"@id\":\"https:\\\/\\\/skyline-gs.com\\\/it\\\/#\\\/schema\\\/logo\\\/image\\\/\",\"url\":\"https:\\\/\\\/skyline-gs.com\\\/wp-content\\\/uploads\\\/2020\\\/12\\\/cropped-logo-2.png\",\"contentUrl\":\"https:\\\/\\\/skyline-gs.com\\\/wp-content\\\/uploads\\\/2020\\\/12\\\/cropped-logo-2.png\",\"width\":512,\"height\":512,\"caption\":\"\u042d\u043a\u0441\u043a\u0443\u0440\u0441\u0438\u0438 Skyline\"},\"image\":{\"@id\":\"https:\\\/\\\/skyline-gs.com\\\/it\\\/#\\\/schema\\\/logo\\\/image\\\/\"},\"sameAs\":[\"https:\\\/\\\/www.instagram.com\\\/skylineglobalservice\\\/\"]}]}<\/script>\n<!-- \/ Yoast SEO plugin. -->","yoast_head_json":{"title":"\u0428\u043e\u0443 \u0442\u0440\u0430\u043d\u0441\u0432\u0435\u0441\u0442\u0438\u0442\u043e\u0432 \u00ab\u041a\u043e\u043b\u0438\u0437\u0435\u0439\u00bb &#8226; \u042d\u043a\u0441\u043a\u0443\u0440\u0441\u0438\u0438 Skyline","robots":{"index":"index","follow":"follow","max-snippet":"max-snippet:-1","max-image-preview":"max-image-preview:large","max-video-preview":"max-video-preview:-1"},"canonical":"https:\/\/skyline-gs.com\/de\/produkt\/transvestite-show-coliseum\/","og_locale":"de_DE","og_type":"article","og_title":"\u0428\u043e\u0443 \u0442\u0440\u0430\u043d\u0441\u0432\u0435\u0441\u0442\u0438\u0442\u043e\u0432 \u00ab\u041a\u043e\u043b\u0438\u0437\u0435\u0439\u00bb &#8226; \u042d\u043a\u0441\u043a\u0443\u0440\u0441\u0438\u0438 Skyline","og_description":"\u0412\u0440\u0435\u043c\u044f \u0432\u044b\u0435\u0437\u0434\u0430: 17:30 \/ 19:00 \u0414\u043d\u0438 \u043f\u0440\u043e\u0432\u0435\u0434\u0435\u043d\u0438\u044f: \u0435\u0436\u0435\u0434\u043d\u0435\u0432\u043d\u043e","og_url":"https:\/\/skyline-gs.com\/de\/produkt\/transvestite-show-coliseum\/","og_site_name":"\u042d\u043a\u0441\u043a\u0443\u0440\u0441\u0438\u0438 Skyline","article_modified_time":"2025-12-09T01:33:41+00:00","og_image":[{"width":1080,"height":1080,"url":"https:\/\/skyline-gs.com\/wp-content\/uploads\/2024\/08\/LoGo777.png","type":"image\/png"}],"twitter_card":"summary_large_image","twitter_misc":{"Gesch\u00e4tzte Lesezeit":"1\u00a0Minute"},"schema":{"@context":"https:\/\/schema.org","@graph":[{"@type":"WebPage","@id":"https:\/\/skyline-gs.com\/pl\/produkt\/transvestite-show-coliseum\/","url":"https:\/\/skyline-gs.com\/pl\/produkt\/transvestite-show-coliseum\/","name":"\u0428\u043e\u0443 \u0442\u0440\u0430\u043d\u0441\u0432\u0435\u0441\u0442\u0438\u0442\u043e\u0432 \u00ab\u041a\u043e\u043b\u0438\u0437\u0435\u0439\u00bb &#8226; \u042d\u043a\u0441\u043a\u0443\u0440\u0441\u0438\u0438 Skyline","isPartOf":{"@id":"https:\/\/skyline-gs.com\/it\/#website"},"primaryImageOfPage":{"@id":"https:\/\/skyline-gs.com\/pl\/produkt\/transvestite-show-coliseum\/#primaryimage"},"image":{"@id":"https:\/\/skyline-gs.com\/pl\/produkt\/transvestite-show-coliseum\/#primaryimage"},"thumbnailUrl":"https:\/\/skyline-gs.com\/wp-content\/uploads\/2025\/12\/92106e4e4e8a784de54e243e3df78c8f-11223-pattaya-the-colosseum-show-tickets-01.jpg.avif","datePublished":"2025-12-09T01:23:22+00:00","dateModified":"2025-12-09T01:33:41+00:00","breadcrumb":{"@id":"https:\/\/skyline-gs.com\/pl\/produkt\/transvestite-show-coliseum\/#breadcrumb"},"inLanguage":"de","potentialAction":[{"@type":"ReadAction","target":["https:\/\/skyline-gs.com\/pl\/produkt\/transvestite-show-coliseum\/"]}]},{"@type":"ImageObject","inLanguage":"de","@id":"https:\/\/skyline-gs.com\/pl\/produkt\/transvestite-show-coliseum\/#primaryimage","url":"https:\/\/skyline-gs.com\/wp-content\/uploads\/2025\/12\/92106e4e4e8a784de54e243e3df78c8f-11223-pattaya-the-colosseum-show-tickets-01.jpg.avif","contentUrl":"https:\/\/skyline-gs.com\/wp-content\/uploads\/2025\/12\/92106e4e4e8a784de54e243e3df78c8f-11223-pattaya-the-colosseum-show-tickets-01.jpg.avif","width":1216,"height":760},{"@type":"BreadcrumbList","@id":"https:\/\/skyline-gs.com\/pl\/produkt\/transvestite-show-coliseum\/#breadcrumb","itemListElement":[{"@type":"ListItem","position":1,"name":"\u0413\u043b\u0430\u0432\u043d\u0430\u044f \u0441\u0442\u0440\u0430\u043d\u0438\u0446\u0430","item":"https:\/\/skyline-gs.com\/hu\/"},{"@type":"ListItem","position":2,"name":"\u041c\u0430\u0433\u0430\u0437\u0438\u043d","item":"https:\/\/skyline-gs.com\/cs\/shop\/"},{"@type":"ListItem","position":3,"name":"\u0428\u043e\u0443 \u0442\u0440\u0430\u043d\u0441\u0432\u0435\u0441\u0442\u0438\u0442\u043e\u0432 \u00ab\u041a\u043e\u043b\u0438\u0437\u0435\u0439\u00bb"}]},{"@type":"WebSite","@id":"https:\/\/skyline-gs.com\/it\/#website","url":"https:\/\/skyline-gs.com\/it\/","name":"Skyline Ausfl\u00fcge","description":"Exklusive Ausfl\u00fcge in den besten Resorts der Welt","publisher":{"@id":"https:\/\/skyline-gs.com\/it\/#organization"},"alternateName":"Skyline","potentialAction":[{"@type":"SearchAction","target":{"@type":"EntryPoint","urlTemplate":"https:\/\/skyline-gs.com\/it\/?s={search_term_string}"},"query-input":{"@type":"PropertyValueSpecification","valueRequired":true,"valueName":"search_term_string"}}],"inLanguage":"de"},{"@type":"Organization","@id":"https:\/\/skyline-gs.com\/it\/#organization","name":"Skyline Ausfl\u00fcge","alternateName":"\u042d\u043a\u0441\u043a\u0443\u0440\u0441\u0438\u0438 Skyline","url":"https:\/\/skyline-gs.com\/it\/","logo":{"@type":"ImageObject","inLanguage":"de","@id":"https:\/\/skyline-gs.com\/it\/#\/schema\/logo\/image\/","url":"https:\/\/skyline-gs.com\/wp-content\/uploads\/2020\/12\/cropped-logo-2.png","contentUrl":"https:\/\/skyline-gs.com\/wp-content\/uploads\/2020\/12\/cropped-logo-2.png","width":512,"height":512,"caption":"\u042d\u043a\u0441\u043a\u0443\u0440\u0441\u0438\u0438 Skyline"},"image":{"@id":"https:\/\/skyline-gs.com\/it\/#\/schema\/logo\/image\/"},"sameAs":["https:\/\/www.instagram.com\/skylineglobalservice\/"]}]}},"_links":{"self":[{"href":"https:\/\/skyline-gs.com\/de\/wp-json\/wp\/v2\/product\/73559","targetHints":{"allow":["GET"]}}],"collection":[{"href":"https:\/\/skyline-gs.com\/de\/wp-json\/wp\/v2\/product"}],"about":[{"href":"https:\/\/skyline-gs.com\/de\/wp-json\/wp\/v2\/types\/product"}],"version-history":[{"count":0,"href":"https:\/\/skyline-gs.com\/de\/wp-json\/wp\/v2\/product\/73559\/revisions"}],"wp:featuredmedia":[{"embeddable":true,"href":"https:\/\/skyline-gs.com\/de\/wp-json\/wp\/v2\/media\/73564"}],"wp:attachment":[{"href":"https:\/\/skyline-gs.com\/de\/wp-json\/wp\/v2\/media?parent=73559"}],"wp:term":[{"taxonomy":"product_brand","embeddable":true,"href":"https:\/\/skyline-gs.com\/de\/wp-json\/wp\/v2\/product_brand?post=73559"},{"taxonomy":"product_cat","embeddable":true,"href":"https:\/\/skyline-gs.com\/de\/wp-json\/wp\/v2\/product_cat?post=73559"},{"taxonomy":"product_tag","embeddable":true,"href":"https:\/\/skyline-gs.com\/de\/wp-json\/wp\/v2\/product_tag?post=73559"}],"curies":[{"name":"wp","href":"https:\/\/api.w.org\/{rel}","templated":true}]}}