{"id":73525,"date":"2025-12-09T02:59:01","date_gmt":"2025-12-09T00:59:01","guid":{"rendered":"http:\/\/skyline-gs.com\/?post_type=product&#038;p=73525"},"modified":"2025-12-09T03:07:57","modified_gmt":"2025-12-09T01:07:57","slug":"oceanarium-world-of-monsters","status":"publish","type":"product","link":"https:\/\/skyline-gs.com\/de\/product\/oceanarium-world-of-monsters\/","title":{"rendered":"Monster World Ozeanarium.\u00ab"},"content":{"rendered":"<p><strong>Monster World Ozeanarium.\u00ab<\/strong> - Dies ist nicht nur ein Aquarium, sondern eine ganze Mischung aus Meeresbewohnern, exotischen Reptilien, V\u00f6geln, kleinen S\u00e4ugetieren und einem Mini-Zoo mit Kontaktm\u00f6glichkeiten. Sie werden durch einen Unterwassertunnel gehen, Raubtiere und exotische Tiere sehen, Fische, Schildkr\u00f6ten, Schlangen und Papageien beobachten und sogar einige der Tiere f\u00fcttern.<br \/>\nDies ist eine gro\u00dfartige Option f\u00fcr diejenigen, die einen ungew\u00f6hnlichen Zoo und ein Aquarium an einem Tag sehen wollen - und dabei viele Eindr\u00fccke und Emotionen sammeln m\u00f6chten.<\/p>\n<p><strong>Programm<\/strong><\/p>\n<ul>\n<li>Ankunft und Eintritt in die Monster World.<br \/>\nUnterwasser-Tunnelspaziergang - Sie werden Raubfische und Meeresbewohner um Sie herum und unter Ihnen sehen.<\/li>\n<li>Besuch des Terrariums und der Volieren: Schlangen, Leguane, Reptilien.<\/li>\n<li>Gefiederte V\u00f6gel: Papageien, Tukane, Pfaue, andere V\u00f6gel - zum F\u00fcttern m\u00f6glich.<\/li>\n<li>Mini-Zoo mit S\u00e4ugetieren: Affen, Kaninchen, Hamster, Meerschweinchen, usw.<\/li>\n<li>Zeit f\u00fcr die freie Erkundung der Ausstellungen, Fotos, Spazierg\u00e4nge, Erholung.<br \/>\n<em>Die ungef\u00e4hre Dauer betr\u00e4gt etwa 1,5-2 Stunden.<\/em><\/li>\n<\/ul>\n<p><strong>Inbegriffen:<\/strong><\/p>\n<ul>\n<li>Eintritt in die Monster World (Aquarium + Terrarium + Mini-Zoo).<\/li>\n<li>Eine Gelegenheit, durch einen Unterwassertunnel zu gehen.<\/li>\n<li>Untersuchung von Reptilien, V\u00f6geln und S\u00e4ugetieren.<\/li>\n<\/ul>\n<p><strong>Nicht enthalten:<\/strong><\/p>\n<ul>\n<li>Die M\u00f6glichkeit, Tiere zu f\u00fcttern\/anzufassen - hierf\u00fcr kann eine gesonderte Geb\u00fchr erhoben werden (abh\u00e4ngig von den Bestimmungen).<\/li>\n<li>Transport zum\/vom Aquarium<\/li>\n<li>Essen \/ Trinken<\/li>\n<\/ul>\n<p><strong>Nimm mit:<\/strong><\/p>\n<ul>\n<li>Bequeme Schuhe (f\u00fcr den Rundgang durch den Zoo und das Terrarium)<\/li>\n<li>Kamera\/Telefon<\/li>\n<li>Geld f\u00fcr pers\u00f6nliche Ausgaben<\/li>\n<\/ul>\n<p><strong>Anmerkungen\/Empfehlungen<\/strong><\/p>\n<ul>\n<li>Die Tour ist sowohl f\u00fcr Erwachsene als auch f\u00fcr Kinder geeignet - besonders familienfreundlich.<\/li>\n<li>F\u00fcr Kinder: wenn sie unter 90 cm gro\u00df sind, ist der Eintritt wahrscheinlich frei \/ mit einem Kinderticket (beim Kauf pr\u00fcfen).<\/li>\n<li>Aquarium + Zoo + Terrarium ist eine kombinierte Attraktion, die f\u00fcr Familien, Kinder und alle Altersgruppen geeignet ist.<\/li>\n<li>Die Zeit, die man er\u00fcbrigen kann, betr\u00e4gt etwa 1,5-2 Stunden. Kann manchmal mit anderen Touren\/Unterhaltungsangeboten in Pattaya kombiniert werden.<\/li>\n<\/ul>","protected":false},"excerpt":{"rendered":"<p><strong>Abfahrtszeit:<\/strong> 08:00 \/ 11:00 \/ 14:00 \/ 16:00<br \/>\n<strong>Veranstaltungstage:<\/strong> T\u00e4glich<\/p>","protected":false},"featured_media":73535,"template":"","meta":{"_kad_post_transparent":"default","_kad_post_title":"","_kad_post_layout":"default","_kad_post_sidebar_id":"","_kad_post_content_style":"default","_kad_post_vertical_padding":"default","_kad_post_feature":"","_kad_post_feature_position":"","_kad_post_header":false,"_kad_post_footer":false,"_kad_post_classname":"","_glsr_average":0,"_glsr_ranking":0,"_glsr_reviews":0},"product_brand":[],"product_cat":[507],"product_tag":[],"class_list":{"0":"post-73525","1":"product","2":"type-product","3":"status-publish","4":"has-post-thumbnail","6":"product_cat-pattaya","7":"tm-has-options","9":"first","10":"instock","11":"sold-individually","12":"taxable","13":"shipping-taxable","14":"purchasable","15":"product-type-simple","16":"entry","17":"content-bg","18":"loop-entry"},"yoast_head":"<!-- This site is optimized with the Yoast SEO plugin v27.4 - https:\/\/yoast.com\/product\/yoast-seo-wordpress\/ -->\n<title>\u041e\u043a\u0435\u0430\u043d\u0430\u0440\u0438\u0443\u043c \u00ab\u041c\u0438\u0440 \u041c\u043e\u043d\u0441\u0442\u0440\u043e\u0432\u00bb &#8226; \u042d\u043a\u0441\u043a\u0443\u0440\u0441\u0438\u0438 Skyline<\/title>\n<meta name=\"robots\" content=\"index, follow, max-snippet:-1, max-image-preview:large, max-video-preview:-1\" \/>\n<link rel=\"canonical\" href=\"http:\/\/skyline-gs.com\/de\/produkt\/oceanarium-world-of-monsters\/\" \/>\n<meta property=\"og:locale\" content=\"de_DE\" \/>\n<meta property=\"og:type\" content=\"article\" \/>\n<meta property=\"og:title\" content=\"\u041e\u043a\u0435\u0430\u043d\u0430\u0440\u0438\u0443\u043c \u00ab\u041c\u0438\u0440 \u041c\u043e\u043d\u0441\u0442\u0440\u043e\u0432\u00bb &#8226; \u042d\u043a\u0441\u043a\u0443\u0440\u0441\u0438\u0438 Skyline\" \/>\n<meta property=\"og:description\" content=\"\u0412\u0440\u0435\u043c\u044f \u0432\u044b\u0435\u0437\u0434\u0430: 08:00 \/ 11:00 \/ 14:00 \/ 16:00 \u0414\u043d\u0438 \u043f\u0440\u043e\u0432\u0435\u0434\u0435\u043d\u0438\u044f: \u0435\u0436\u0435\u0434\u043d\u0435\u0432\u043d\u043e\" \/>\n<meta property=\"og:url\" content=\"http:\/\/skyline-gs.com\/de\/produkt\/oceanarium-world-of-monsters\/\" \/>\n<meta property=\"og:site_name\" content=\"\u042d\u043a\u0441\u043a\u0443\u0440\u0441\u0438\u0438 Skyline\" \/>\n<meta property=\"article:modified_time\" content=\"2025-12-09T01:07:57+00:00\" \/>\n<meta property=\"og:image\" content=\"https:\/\/skyline-gs.com\/wp-content\/uploads\/2025\/12\/akvariummonstrovvpattaje-blizkoeznakomstvosekzoticheskimividami-klookrossiya.jpg\" \/>\n\t<meta property=\"og:image:width\" content=\"720\" \/>\n\t<meta property=\"og:image:height\" content=\"480\" \/>\n\t<meta property=\"og:image:type\" content=\"image\/jpeg\" \/>\n<meta name=\"twitter:card\" content=\"summary_large_image\" \/>\n<meta name=\"twitter:label1\" content=\"Gesch\u00e4tzte Lesezeit\" \/>\n\t<meta name=\"twitter:data1\" content=\"2\u00a0Minuten\" \/>\n<script type=\"application\/ld+json\" class=\"yoast-schema-graph\">{\"@context\":\"https:\\\/\\\/schema.org\",\"@graph\":[{\"@type\":\"WebPage\",\"@id\":\"http:\\\/\\\/skyline-gs.com\\\/de\\\/produkt\\\/oceanarium-world-of-monsters\\\/\",\"url\":\"http:\\\/\\\/skyline-gs.com\\\/de\\\/produkt\\\/oceanarium-world-of-monsters\\\/\",\"name\":\"\u041e\u043a\u0435\u0430\u043d\u0430\u0440\u0438\u0443\u043c \u00ab\u041c\u0438\u0440 \u041c\u043e\u043d\u0441\u0442\u0440\u043e\u0432\u00bb &#8226; \u042d\u043a\u0441\u043a\u0443\u0440\u0441\u0438\u0438 Skyline\",\"isPartOf\":{\"@id\":\"https:\\\/\\\/skyline-gs.com\\\/it\\\/#website\"},\"primaryImageOfPage\":{\"@id\":\"http:\\\/\\\/skyline-gs.com\\\/de\\\/produkt\\\/oceanarium-world-of-monsters\\\/#primaryimage\"},\"image\":{\"@id\":\"http:\\\/\\\/skyline-gs.com\\\/de\\\/produkt\\\/oceanarium-world-of-monsters\\\/#primaryimage\"},\"thumbnailUrl\":\"https:\\\/\\\/skyline-gs.com\\\/wp-content\\\/uploads\\\/2025\\\/12\\\/akvariummonstrovvpattaje-blizkoeznakomstvosekzoticheskimividami-klookrossiya.jpg\",\"datePublished\":\"2025-12-09T00:59:01+00:00\",\"dateModified\":\"2025-12-09T01:07:57+00:00\",\"breadcrumb\":{\"@id\":\"http:\\\/\\\/skyline-gs.com\\\/de\\\/produkt\\\/oceanarium-world-of-monsters\\\/#breadcrumb\"},\"inLanguage\":\"de\",\"potentialAction\":[{\"@type\":\"ReadAction\",\"target\":[\"http:\\\/\\\/skyline-gs.com\\\/de\\\/produkt\\\/oceanarium-world-of-monsters\\\/\"]}]},{\"@type\":\"ImageObject\",\"inLanguage\":\"de\",\"@id\":\"http:\\\/\\\/skyline-gs.com\\\/de\\\/produkt\\\/oceanarium-world-of-monsters\\\/#primaryimage\",\"url\":\"https:\\\/\\\/skyline-gs.com\\\/wp-content\\\/uploads\\\/2025\\\/12\\\/akvariummonstrovvpattaje-blizkoeznakomstvosekzoticheskimividami-klookrossiya.jpg\",\"contentUrl\":\"https:\\\/\\\/skyline-gs.com\\\/wp-content\\\/uploads\\\/2025\\\/12\\\/akvariummonstrovvpattaje-blizkoeznakomstvosekzoticheskimividami-klookrossiya.jpg\",\"width\":720,\"height\":480},{\"@type\":\"BreadcrumbList\",\"@id\":\"http:\\\/\\\/skyline-gs.com\\\/de\\\/produkt\\\/oceanarium-world-of-monsters\\\/#breadcrumb\",\"itemListElement\":[{\"@type\":\"ListItem\",\"position\":1,\"name\":\"\u0413\u043b\u0430\u0432\u043d\u0430\u044f \u0441\u0442\u0440\u0430\u043d\u0438\u0446\u0430\",\"item\":\"https:\\\/\\\/skyline-gs.com\\\/hu\\\/\"},{\"@type\":\"ListItem\",\"position\":2,\"name\":\"\u041c\u0430\u0433\u0430\u0437\u0438\u043d\",\"item\":\"https:\\\/\\\/skyline-gs.com\\\/cs\\\/shop\\\/\"},{\"@type\":\"ListItem\",\"position\":3,\"name\":\"\u041e\u043a\u0435\u0430\u043d\u0430\u0440\u0438\u0443\u043c \u00ab\u041c\u0438\u0440 \u041c\u043e\u043d\u0441\u0442\u0440\u043e\u0432\u00bb\"}]},{\"@type\":\"WebSite\",\"@id\":\"https:\\\/\\\/skyline-gs.com\\\/it\\\/#website\",\"url\":\"https:\\\/\\\/skyline-gs.com\\\/it\\\/\",\"name\":\"\u042d\u043a\u0441\u043a\u0443\u0440\u0441\u0438\u0438 Skyline\",\"description\":\"\u042d\u043a\u0441\u043a\u043b\u044e\u0437\u0438\u0432\u043d\u044b\u0435 \u044d\u043a\u0441\u043a\u0443\u0440\u0441\u0438\u0438 \u043d\u0430 \u043b\u0443\u0447\u0448\u0438\u0445 \u043a\u0443\u0440\u043e\u0440\u0442\u0430\u0445 \u043c\u0438\u0440\u0430\",\"publisher\":{\"@id\":\"https:\\\/\\\/skyline-gs.com\\\/it\\\/#organization\"},\"alternateName\":\"Skyline\",\"potentialAction\":[{\"@type\":\"SearchAction\",\"target\":{\"@type\":\"EntryPoint\",\"urlTemplate\":\"https:\\\/\\\/skyline-gs.com\\\/it\\\/?s={search_term_string}\"},\"query-input\":{\"@type\":\"PropertyValueSpecification\",\"valueRequired\":true,\"valueName\":\"search_term_string\"}}],\"inLanguage\":\"de\"},{\"@type\":\"Organization\",\"@id\":\"https:\\\/\\\/skyline-gs.com\\\/it\\\/#organization\",\"name\":\"\u042d\u043a\u0441\u043a\u0443\u0440\u0441\u0438\u0438 Skyline\",\"alternateName\":\"\u042d\u043a\u0441\u043a\u0443\u0440\u0441\u0438\u0438 Skyline\",\"url\":\"https:\\\/\\\/skyline-gs.com\\\/it\\\/\",\"logo\":{\"@type\":\"ImageObject\",\"inLanguage\":\"de\",\"@id\":\"https:\\\/\\\/skyline-gs.com\\\/it\\\/#\\\/schema\\\/logo\\\/image\\\/\",\"url\":\"https:\\\/\\\/skyline-gs.com\\\/wp-content\\\/uploads\\\/2020\\\/12\\\/cropped-logo-2.png\",\"contentUrl\":\"https:\\\/\\\/skyline-gs.com\\\/wp-content\\\/uploads\\\/2020\\\/12\\\/cropped-logo-2.png\",\"width\":512,\"height\":512,\"caption\":\"\u042d\u043a\u0441\u043a\u0443\u0440\u0441\u0438\u0438 Skyline\"},\"image\":{\"@id\":\"https:\\\/\\\/skyline-gs.com\\\/it\\\/#\\\/schema\\\/logo\\\/image\\\/\"},\"sameAs\":[\"https:\\\/\\\/www.instagram.com\\\/skylineglobalservice\\\/\"]}]}<\/script>\n<!-- \/ Yoast SEO plugin. -->","yoast_head_json":{"title":"\u041e\u043a\u0435\u0430\u043d\u0430\u0440\u0438\u0443\u043c \u00ab\u041c\u0438\u0440 \u041c\u043e\u043d\u0441\u0442\u0440\u043e\u0432\u00bb &#8226; \u042d\u043a\u0441\u043a\u0443\u0440\u0441\u0438\u0438 Skyline","robots":{"index":"index","follow":"follow","max-snippet":"max-snippet:-1","max-image-preview":"max-image-preview:large","max-video-preview":"max-video-preview:-1"},"canonical":"http:\/\/skyline-gs.com\/de\/produkt\/oceanarium-world-of-monsters\/","og_locale":"de_DE","og_type":"article","og_title":"\u041e\u043a\u0435\u0430\u043d\u0430\u0440\u0438\u0443\u043c \u00ab\u041c\u0438\u0440 \u041c\u043e\u043d\u0441\u0442\u0440\u043e\u0432\u00bb &#8226; \u042d\u043a\u0441\u043a\u0443\u0440\u0441\u0438\u0438 Skyline","og_description":"\u0412\u0440\u0435\u043c\u044f \u0432\u044b\u0435\u0437\u0434\u0430: 08:00 \/ 11:00 \/ 14:00 \/ 16:00 \u0414\u043d\u0438 \u043f\u0440\u043e\u0432\u0435\u0434\u0435\u043d\u0438\u044f: \u0435\u0436\u0435\u0434\u043d\u0435\u0432\u043d\u043e","og_url":"http:\/\/skyline-gs.com\/de\/produkt\/oceanarium-world-of-monsters\/","og_site_name":"\u042d\u043a\u0441\u043a\u0443\u0440\u0441\u0438\u0438 Skyline","article_modified_time":"2025-12-09T01:07:57+00:00","og_image":[{"width":720,"height":480,"url":"https:\/\/skyline-gs.com\/wp-content\/uploads\/2025\/12\/akvariummonstrovvpattaje-blizkoeznakomstvosekzoticheskimividami-klookrossiya.jpg","type":"image\/jpeg"}],"twitter_card":"summary_large_image","twitter_misc":{"Gesch\u00e4tzte Lesezeit":"2\u00a0Minuten"},"schema":{"@context":"https:\/\/schema.org","@graph":[{"@type":"WebPage","@id":"http:\/\/skyline-gs.com\/de\/produkt\/oceanarium-world-of-monsters\/","url":"http:\/\/skyline-gs.com\/de\/produkt\/oceanarium-world-of-monsters\/","name":"\u041e\u043a\u0435\u0430\u043d\u0430\u0440\u0438\u0443\u043c \u00ab\u041c\u0438\u0440 \u041c\u043e\u043d\u0441\u0442\u0440\u043e\u0432\u00bb &#8226; \u042d\u043a\u0441\u043a\u0443\u0440\u0441\u0438\u0438 Skyline","isPartOf":{"@id":"https:\/\/skyline-gs.com\/it\/#website"},"primaryImageOfPage":{"@id":"http:\/\/skyline-gs.com\/de\/produkt\/oceanarium-world-of-monsters\/#primaryimage"},"image":{"@id":"http:\/\/skyline-gs.com\/de\/produkt\/oceanarium-world-of-monsters\/#primaryimage"},"thumbnailUrl":"https:\/\/skyline-gs.com\/wp-content\/uploads\/2025\/12\/akvariummonstrovvpattaje-blizkoeznakomstvosekzoticheskimividami-klookrossiya.jpg","datePublished":"2025-12-09T00:59:01+00:00","dateModified":"2025-12-09T01:07:57+00:00","breadcrumb":{"@id":"http:\/\/skyline-gs.com\/de\/produkt\/oceanarium-world-of-monsters\/#breadcrumb"},"inLanguage":"de","potentialAction":[{"@type":"ReadAction","target":["http:\/\/skyline-gs.com\/de\/produkt\/oceanarium-world-of-monsters\/"]}]},{"@type":"ImageObject","inLanguage":"de","@id":"http:\/\/skyline-gs.com\/de\/produkt\/oceanarium-world-of-monsters\/#primaryimage","url":"https:\/\/skyline-gs.com\/wp-content\/uploads\/2025\/12\/akvariummonstrovvpattaje-blizkoeznakomstvosekzoticheskimividami-klookrossiya.jpg","contentUrl":"https:\/\/skyline-gs.com\/wp-content\/uploads\/2025\/12\/akvariummonstrovvpattaje-blizkoeznakomstvosekzoticheskimividami-klookrossiya.jpg","width":720,"height":480},{"@type":"BreadcrumbList","@id":"http:\/\/skyline-gs.com\/de\/produkt\/oceanarium-world-of-monsters\/#breadcrumb","itemListElement":[{"@type":"ListItem","position":1,"name":"\u0413\u043b\u0430\u0432\u043d\u0430\u044f \u0441\u0442\u0440\u0430\u043d\u0438\u0446\u0430","item":"https:\/\/skyline-gs.com\/hu\/"},{"@type":"ListItem","position":2,"name":"\u041c\u0430\u0433\u0430\u0437\u0438\u043d","item":"https:\/\/skyline-gs.com\/cs\/shop\/"},{"@type":"ListItem","position":3,"name":"\u041e\u043a\u0435\u0430\u043d\u0430\u0440\u0438\u0443\u043c \u00ab\u041c\u0438\u0440 \u041c\u043e\u043d\u0441\u0442\u0440\u043e\u0432\u00bb"}]},{"@type":"WebSite","@id":"https:\/\/skyline-gs.com\/it\/#website","url":"https:\/\/skyline-gs.com\/it\/","name":"Skyline Ausfl\u00fcge","description":"Exklusive Ausfl\u00fcge in den besten Resorts der Welt","publisher":{"@id":"https:\/\/skyline-gs.com\/it\/#organization"},"alternateName":"Skyline","potentialAction":[{"@type":"SearchAction","target":{"@type":"EntryPoint","urlTemplate":"https:\/\/skyline-gs.com\/it\/?s={search_term_string}"},"query-input":{"@type":"PropertyValueSpecification","valueRequired":true,"valueName":"search_term_string"}}],"inLanguage":"de"},{"@type":"Organization","@id":"https:\/\/skyline-gs.com\/it\/#organization","name":"Skyline Ausfl\u00fcge","alternateName":"\u042d\u043a\u0441\u043a\u0443\u0440\u0441\u0438\u0438 Skyline","url":"https:\/\/skyline-gs.com\/it\/","logo":{"@type":"ImageObject","inLanguage":"de","@id":"https:\/\/skyline-gs.com\/it\/#\/schema\/logo\/image\/","url":"https:\/\/skyline-gs.com\/wp-content\/uploads\/2020\/12\/cropped-logo-2.png","contentUrl":"https:\/\/skyline-gs.com\/wp-content\/uploads\/2020\/12\/cropped-logo-2.png","width":512,"height":512,"caption":"\u042d\u043a\u0441\u043a\u0443\u0440\u0441\u0438\u0438 Skyline"},"image":{"@id":"https:\/\/skyline-gs.com\/it\/#\/schema\/logo\/image\/"},"sameAs":["https:\/\/www.instagram.com\/skylineglobalservice\/"]}]}},"_links":{"self":[{"href":"https:\/\/skyline-gs.com\/de\/wp-json\/wp\/v2\/product\/73525","targetHints":{"allow":["GET"]}}],"collection":[{"href":"https:\/\/skyline-gs.com\/de\/wp-json\/wp\/v2\/product"}],"about":[{"href":"https:\/\/skyline-gs.com\/de\/wp-json\/wp\/v2\/types\/product"}],"version-history":[{"count":0,"href":"https:\/\/skyline-gs.com\/de\/wp-json\/wp\/v2\/product\/73525\/revisions"}],"wp:featuredmedia":[{"embeddable":true,"href":"https:\/\/skyline-gs.com\/de\/wp-json\/wp\/v2\/media\/73535"}],"wp:attachment":[{"href":"https:\/\/skyline-gs.com\/de\/wp-json\/wp\/v2\/media?parent=73525"}],"wp:term":[{"taxonomy":"product_brand","embeddable":true,"href":"https:\/\/skyline-gs.com\/de\/wp-json\/wp\/v2\/product_brand?post=73525"},{"taxonomy":"product_cat","embeddable":true,"href":"https:\/\/skyline-gs.com\/de\/wp-json\/wp\/v2\/product_cat?post=73525"},{"taxonomy":"product_tag","embeddable":true,"href":"https:\/\/skyline-gs.com\/de\/wp-json\/wp\/v2\/product_tag?post=73525"}],"curies":[{"name":"wp","href":"https:\/\/api.w.org\/{rel}","templated":true}]}}