{"id":73504,"date":"2025-12-09T02:45:17","date_gmt":"2025-12-09T00:45:17","guid":{"rendered":"http:\/\/skyline-gs.com\/?post_type=product&#038;p=73504"},"modified":"2025-12-16T23:08:58","modified_gmt":"2025-12-16T21:08:58","slug":"underwater-world-pattaya-oceanarium","status":"publish","type":"product","link":"https:\/\/skyline-gs.com\/de\/product\/underwater-world-pattaya-oceanarium\/","title":{"rendered":"Unterwasserwelt Pattaya - \u00abOzeanarium\u00bb"},"content":{"rendered":"<p>Ein Besuch im \u00abOzeanarium\u00bb ist eine gro\u00dfartige Gelegenheit, in die Unterwasserwelt einzutauchen, ohne zu tauchen: Sie gehen durch einen Glastunnel \u00abauf dem Grund des Ozeans\u00bb, sehen Haie, Rochen, Korallenriffe und viele exotische Fische. Diese Tour ist eine ideale Option f\u00fcr Familien mit Kindern, f\u00fcr alle, die die Meeresnatur unter komfortablen Bedingungen, mit Leichtigkeit und Eindr\u00fccken genie\u00dfen wollen.<\/p>\n<p><strong>Programm<\/strong><\/p>\n<ul>\n<li>Transfer von und zu Ihrem Hotel in Pattaya.<\/li>\n<li>Eintritt ins Ozeanarium - Besuch von Unterwassertunneln, Aquarien, Ausstellungen: Schiffswrack, Korallenriffzone, Raubfischzone, Rifffische, M\u00f6glichkeit, einen Fisch zu ber\u00fchren (Touch-Pool).<\/li>\n<li>Auf Wunsch: zus\u00e4tzliche Tauchg\u00e4nge (f\u00fcr zertifizierte G\u00e4ste) - gegen Aufpreis. <em>(Die Dauer der Tour h\u00e4ngt von Ihrem Hotel, dem Transferplan und der Geschwindigkeit des Besuchs ab; planen Sie einen Tag inklusive Transfers + 1-2 Stunden im Ozeanarium selbst ein).<\/em><\/li>\n<\/ul>\n<p><strong>Inbegriffen:<\/strong><\/p>\n<ul>\n<li>Transfer vom und zum Hotel (je nach Unterkunftsbereich).<\/li>\n<li>Eintrittsgelder f\u00fcr das Ozeanarium.<\/li>\n<li>Versicherung.<\/li>\n<\/ul>\n<p><strong>Nicht enthalten:<\/strong><\/p>\n<ul>\n<li>Tauchen (optional und gegen Aufpreis).<\/li>\n<li>Souvenirs, zus\u00e4tzliche Dienstleistungen (Fotos, Sonderausstellungen usw.) - separat zu bezahlen.<\/li>\n<\/ul>\n<p><strong>Nimm mit:<\/strong><\/p>\n<ul>\n<li>Eine Kopie Ihres Reisepasses.<\/li>\n<li>Foto-\/Videokamera.<\/li>\n<li>Geld f\u00fcr pers\u00f6nliche Ausgaben<\/li>\n<\/ul>\n<p><strong>Anmerkungen\/Empfehlungen<\/strong><\/p>\n<ul>\n<li>Die Tour ist sowohl f\u00fcr Erwachsene als auch f\u00fcr Kinder geeignet - besonders familienfreundlich.<\/li>\n<li>F\u00fcr Kinder: wenn sie unter 90 cm gro\u00df sind, ist der Eintritt wahrscheinlich frei \/ mit einem Kinderticket (beim Kauf pr\u00fcfen).<\/li>\n<li>Das Tauchen ist nur mit einem Zertifikat m\u00f6glich; bitte informieren Sie sich im Voraus, wenn Sie dies w\u00fcnschen.<\/li>\n<li>Wenn Sie m\u00f6chten, k\u00f6nnen Sie den Besuch des Ozeanariums mit einem weiteren Besuch kombinieren - praktisch f\u00fcr einen Tag mit weniger Stress und maximalem Komfort.<\/li>\n<\/ul>","protected":false},"excerpt":{"rendered":"<p><strong>Abfahrtszeit:<\/strong> 10:30 \u2013 10:45 \/ 14:30 \u2013 14:50<br \/>\n<strong>Veranstaltungstage:<\/strong> T\u00e4glich<\/p>","protected":false},"featured_media":73512,"template":"","meta":{"_kad_post_transparent":"default","_kad_post_title":"","_kad_post_layout":"default","_kad_post_sidebar_id":"","_kad_post_content_style":"default","_kad_post_vertical_padding":"default","_kad_post_feature":"","_kad_post_feature_position":"","_kad_post_header":false,"_kad_post_footer":false,"_kad_post_classname":"","_glsr_average":0,"_glsr_ranking":0,"_glsr_reviews":0},"product_brand":[],"product_cat":[507],"product_tag":[],"class_list":{"0":"post-73504","1":"product","2":"type-product","3":"status-publish","4":"has-post-thumbnail","6":"product_cat-pattaya","7":"tm-has-options","9":"first","10":"instock","11":"sold-individually","12":"taxable","13":"shipping-taxable","14":"purchasable","15":"product-type-simple","16":"entry","17":"content-bg","18":"loop-entry"},"yoast_head":"<!-- This site is optimized with the Yoast SEO plugin v27.3 - https:\/\/yoast.com\/product\/yoast-seo-wordpress\/ -->\n<title>Underwater World Pattaya - \u00ab\u041e\u043a\u0435\u0430\u043d\u0430\u0440\u0438\u0443\u043c\u00bb &#8226; \u042d\u043a\u0441\u043a\u0443\u0440\u0441\u0438\u0438 Skyline<\/title>\n<meta name=\"robots\" content=\"index, follow, max-snippet:-1, max-image-preview:large, max-video-preview:-1\" \/>\n<link rel=\"canonical\" href=\"https:\/\/skyline-gs.com\/de\/produkt\/underwater-world-pattaya-oceanarium\/\" \/>\n<meta property=\"og:locale\" content=\"de_DE\" \/>\n<meta property=\"og:type\" content=\"article\" \/>\n<meta property=\"og:title\" content=\"Underwater World Pattaya - \u00ab\u041e\u043a\u0435\u0430\u043d\u0430\u0440\u0438\u0443\u043c\u00bb &#8226; \u042d\u043a\u0441\u043a\u0443\u0440\u0441\u0438\u0438 Skyline\" \/>\n<meta property=\"og:description\" content=\"\u0412\u0440\u0435\u043c\u044f \u0432\u044b\u0435\u0437\u0434\u0430: 10:30 \u2013 10:45 \/ 14:30 \u2013 14:50 \u0414\u043d\u0438 \u043f\u0440\u043e\u0432\u0435\u0434\u0435\u043d\u0438\u044f: \u0435\u0436\u0435\u0434\u043d\u0435\u0432\u043d\u043e\" \/>\n<meta property=\"og:url\" content=\"https:\/\/skyline-gs.com\/de\/produkt\/underwater-world-pattaya-oceanarium\/\" \/>\n<meta property=\"og:site_name\" content=\"\u042d\u043a\u0441\u043a\u0443\u0440\u0441\u0438\u0438 Skyline\" \/>\n<meta property=\"article:modified_time\" content=\"2025-12-16T21:08:58+00:00\" \/>\n<meta property=\"og:image\" content=\"https:\/\/skyline-gs.com\/wp-content\/uploads\/2025\/12\/00001701_30609m8_original_0.jpg-e1765919329986.webp\" \/>\n\t<meta property=\"og:image:width\" content=\"619\" \/>\n\t<meta property=\"og:image:height\" content=\"413\" \/>\n\t<meta property=\"og:image:type\" content=\"image\/webp\" \/>\n<meta name=\"twitter:card\" content=\"summary_large_image\" \/>\n<meta name=\"twitter:label1\" content=\"Gesch\u00e4tzte Lesezeit\" \/>\n\t<meta name=\"twitter:data1\" content=\"2\u00a0Minuten\" \/>\n<script type=\"application\/ld+json\" class=\"yoast-schema-graph\">{\"@context\":\"https:\\\/\\\/schema.org\",\"@graph\":[{\"@type\":\"WebPage\",\"@id\":\"https:\\\/\\\/skyline-gs.com\\\/product\\\/underwater-world-pattaya-oceanarium\\\/\",\"url\":\"https:\\\/\\\/skyline-gs.com\\\/product\\\/underwater-world-pattaya-oceanarium\\\/\",\"name\":\"Underwater World Pattaya - \u00ab\u041e\u043a\u0435\u0430\u043d\u0430\u0440\u0438\u0443\u043c\u00bb &#8226; \u042d\u043a\u0441\u043a\u0443\u0440\u0441\u0438\u0438 Skyline\",\"isPartOf\":{\"@id\":\"https:\\\/\\\/skyline-gs.com\\\/it\\\/#website\"},\"primaryImageOfPage\":{\"@id\":\"https:\\\/\\\/skyline-gs.com\\\/product\\\/underwater-world-pattaya-oceanarium\\\/#primaryimage\"},\"image\":{\"@id\":\"https:\\\/\\\/skyline-gs.com\\\/product\\\/underwater-world-pattaya-oceanarium\\\/#primaryimage\"},\"thumbnailUrl\":\"https:\\\/\\\/skyline-gs.com\\\/wp-content\\\/uploads\\\/2025\\\/12\\\/00001701_30609m8_original_0.jpg-e1765919329986.webp\",\"datePublished\":\"2025-12-09T00:45:17+00:00\",\"dateModified\":\"2025-12-16T21:08:58+00:00\",\"breadcrumb\":{\"@id\":\"https:\\\/\\\/skyline-gs.com\\\/product\\\/underwater-world-pattaya-oceanarium\\\/#breadcrumb\"},\"inLanguage\":\"de\",\"potentialAction\":[{\"@type\":\"ReadAction\",\"target\":[\"https:\\\/\\\/skyline-gs.com\\\/product\\\/underwater-world-pattaya-oceanarium\\\/\"]}]},{\"@type\":\"ImageObject\",\"inLanguage\":\"de\",\"@id\":\"https:\\\/\\\/skyline-gs.com\\\/product\\\/underwater-world-pattaya-oceanarium\\\/#primaryimage\",\"url\":\"https:\\\/\\\/skyline-gs.com\\\/wp-content\\\/uploads\\\/2025\\\/12\\\/00001701_30609m8_original_0.jpg-e1765919329986.webp\",\"contentUrl\":\"https:\\\/\\\/skyline-gs.com\\\/wp-content\\\/uploads\\\/2025\\\/12\\\/00001701_30609m8_original_0.jpg-e1765919329986.webp\",\"width\":619,\"height\":413},{\"@type\":\"BreadcrumbList\",\"@id\":\"https:\\\/\\\/skyline-gs.com\\\/product\\\/underwater-world-pattaya-oceanarium\\\/#breadcrumb\",\"itemListElement\":[{\"@type\":\"ListItem\",\"position\":1,\"name\":\"\u0413\u043b\u0430\u0432\u043d\u0430\u044f \u0441\u0442\u0440\u0430\u043d\u0438\u0446\u0430\",\"item\":\"https:\\\/\\\/skyline-gs.com\\\/hu\\\/\"},{\"@type\":\"ListItem\",\"position\":2,\"name\":\"\u041c\u0430\u0433\u0430\u0437\u0438\u043d\",\"item\":\"https:\\\/\\\/skyline-gs.com\\\/cs\\\/shop\\\/\"},{\"@type\":\"ListItem\",\"position\":3,\"name\":\"Underwater World Pattaya &#8212; \u00ab\u041e\u043a\u0435\u0430\u043d\u0430\u0440\u0438\u0443\u043c\u00bb\"}]},{\"@type\":\"WebSite\",\"@id\":\"https:\\\/\\\/skyline-gs.com\\\/it\\\/#website\",\"url\":\"https:\\\/\\\/skyline-gs.com\\\/it\\\/\",\"name\":\"\u042d\u043a\u0441\u043a\u0443\u0440\u0441\u0438\u0438 Skyline\",\"description\":\"\u042d\u043a\u0441\u043a\u043b\u044e\u0437\u0438\u0432\u043d\u044b\u0435 \u044d\u043a\u0441\u043a\u0443\u0440\u0441\u0438\u0438 \u043d\u0430 \u043b\u0443\u0447\u0448\u0438\u0445 \u043a\u0443\u0440\u043e\u0440\u0442\u0430\u0445 \u043c\u0438\u0440\u0430\",\"publisher\":{\"@id\":\"https:\\\/\\\/skyline-gs.com\\\/it\\\/#organization\"},\"alternateName\":\"Skyline\",\"potentialAction\":[{\"@type\":\"SearchAction\",\"target\":{\"@type\":\"EntryPoint\",\"urlTemplate\":\"https:\\\/\\\/skyline-gs.com\\\/it\\\/?s={search_term_string}\"},\"query-input\":{\"@type\":\"PropertyValueSpecification\",\"valueRequired\":true,\"valueName\":\"search_term_string\"}}],\"inLanguage\":\"de\"},{\"@type\":\"Organization\",\"@id\":\"https:\\\/\\\/skyline-gs.com\\\/it\\\/#organization\",\"name\":\"\u042d\u043a\u0441\u043a\u0443\u0440\u0441\u0438\u0438 Skyline\",\"alternateName\":\"\u042d\u043a\u0441\u043a\u0443\u0440\u0441\u0438\u0438 Skyline\",\"url\":\"https:\\\/\\\/skyline-gs.com\\\/it\\\/\",\"logo\":{\"@type\":\"ImageObject\",\"inLanguage\":\"de\",\"@id\":\"https:\\\/\\\/skyline-gs.com\\\/it\\\/#\\\/schema\\\/logo\\\/image\\\/\",\"url\":\"https:\\\/\\\/skyline-gs.com\\\/wp-content\\\/uploads\\\/2020\\\/12\\\/cropped-logo-2.png\",\"contentUrl\":\"https:\\\/\\\/skyline-gs.com\\\/wp-content\\\/uploads\\\/2020\\\/12\\\/cropped-logo-2.png\",\"width\":512,\"height\":512,\"caption\":\"\u042d\u043a\u0441\u043a\u0443\u0440\u0441\u0438\u0438 Skyline\"},\"image\":{\"@id\":\"https:\\\/\\\/skyline-gs.com\\\/it\\\/#\\\/schema\\\/logo\\\/image\\\/\"},\"sameAs\":[\"https:\\\/\\\/www.instagram.com\\\/skylineglobalservice\\\/\"]}]}<\/script>\n<!-- \/ Yoast SEO plugin. -->","yoast_head_json":{"title":"Underwater World Pattaya - \u00ab\u041e\u043a\u0435\u0430\u043d\u0430\u0440\u0438\u0443\u043c\u00bb &#8226; \u042d\u043a\u0441\u043a\u0443\u0440\u0441\u0438\u0438 Skyline","robots":{"index":"index","follow":"follow","max-snippet":"max-snippet:-1","max-image-preview":"max-image-preview:large","max-video-preview":"max-video-preview:-1"},"canonical":"https:\/\/skyline-gs.com\/de\/produkt\/underwater-world-pattaya-oceanarium\/","og_locale":"de_DE","og_type":"article","og_title":"Underwater World Pattaya - \u00ab\u041e\u043a\u0435\u0430\u043d\u0430\u0440\u0438\u0443\u043c\u00bb &#8226; \u042d\u043a\u0441\u043a\u0443\u0440\u0441\u0438\u0438 Skyline","og_description":"\u0412\u0440\u0435\u043c\u044f \u0432\u044b\u0435\u0437\u0434\u0430: 10:30 \u2013 10:45 \/ 14:30 \u2013 14:50 \u0414\u043d\u0438 \u043f\u0440\u043e\u0432\u0435\u0434\u0435\u043d\u0438\u044f: \u0435\u0436\u0435\u0434\u043d\u0435\u0432\u043d\u043e","og_url":"https:\/\/skyline-gs.com\/de\/produkt\/underwater-world-pattaya-oceanarium\/","og_site_name":"\u042d\u043a\u0441\u043a\u0443\u0440\u0441\u0438\u0438 Skyline","article_modified_time":"2025-12-16T21:08:58+00:00","og_image":[{"width":619,"height":413,"url":"https:\/\/skyline-gs.com\/wp-content\/uploads\/2025\/12\/00001701_30609m8_original_0.jpg-e1765919329986.webp","type":"image\/webp"}],"twitter_card":"summary_large_image","twitter_misc":{"Gesch\u00e4tzte Lesezeit":"2\u00a0Minuten"},"schema":{"@context":"https:\/\/schema.org","@graph":[{"@type":"WebPage","@id":"https:\/\/skyline-gs.com\/product\/underwater-world-pattaya-oceanarium\/","url":"https:\/\/skyline-gs.com\/product\/underwater-world-pattaya-oceanarium\/","name":"Underwater World Pattaya - \u00ab\u041e\u043a\u0435\u0430\u043d\u0430\u0440\u0438\u0443\u043c\u00bb &#8226; \u042d\u043a\u0441\u043a\u0443\u0440\u0441\u0438\u0438 Skyline","isPartOf":{"@id":"https:\/\/skyline-gs.com\/it\/#website"},"primaryImageOfPage":{"@id":"https:\/\/skyline-gs.com\/product\/underwater-world-pattaya-oceanarium\/#primaryimage"},"image":{"@id":"https:\/\/skyline-gs.com\/product\/underwater-world-pattaya-oceanarium\/#primaryimage"},"thumbnailUrl":"https:\/\/skyline-gs.com\/wp-content\/uploads\/2025\/12\/00001701_30609m8_original_0.jpg-e1765919329986.webp","datePublished":"2025-12-09T00:45:17+00:00","dateModified":"2025-12-16T21:08:58+00:00","breadcrumb":{"@id":"https:\/\/skyline-gs.com\/product\/underwater-world-pattaya-oceanarium\/#breadcrumb"},"inLanguage":"de","potentialAction":[{"@type":"ReadAction","target":["https:\/\/skyline-gs.com\/product\/underwater-world-pattaya-oceanarium\/"]}]},{"@type":"ImageObject","inLanguage":"de","@id":"https:\/\/skyline-gs.com\/product\/underwater-world-pattaya-oceanarium\/#primaryimage","url":"https:\/\/skyline-gs.com\/wp-content\/uploads\/2025\/12\/00001701_30609m8_original_0.jpg-e1765919329986.webp","contentUrl":"https:\/\/skyline-gs.com\/wp-content\/uploads\/2025\/12\/00001701_30609m8_original_0.jpg-e1765919329986.webp","width":619,"height":413},{"@type":"BreadcrumbList","@id":"https:\/\/skyline-gs.com\/product\/underwater-world-pattaya-oceanarium\/#breadcrumb","itemListElement":[{"@type":"ListItem","position":1,"name":"\u0413\u043b\u0430\u0432\u043d\u0430\u044f \u0441\u0442\u0440\u0430\u043d\u0438\u0446\u0430","item":"https:\/\/skyline-gs.com\/hu\/"},{"@type":"ListItem","position":2,"name":"\u041c\u0430\u0433\u0430\u0437\u0438\u043d","item":"https:\/\/skyline-gs.com\/cs\/shop\/"},{"@type":"ListItem","position":3,"name":"Underwater World Pattaya &#8212; \u00ab\u041e\u043a\u0435\u0430\u043d\u0430\u0440\u0438\u0443\u043c\u00bb"}]},{"@type":"WebSite","@id":"https:\/\/skyline-gs.com\/it\/#website","url":"https:\/\/skyline-gs.com\/it\/","name":"Skyline Ausfl\u00fcge","description":"Exklusive Ausfl\u00fcge in den besten Resorts der Welt","publisher":{"@id":"https:\/\/skyline-gs.com\/it\/#organization"},"alternateName":"Skyline","potentialAction":[{"@type":"SearchAction","target":{"@type":"EntryPoint","urlTemplate":"https:\/\/skyline-gs.com\/it\/?s={search_term_string}"},"query-input":{"@type":"PropertyValueSpecification","valueRequired":true,"valueName":"search_term_string"}}],"inLanguage":"de"},{"@type":"Organization","@id":"https:\/\/skyline-gs.com\/it\/#organization","name":"Skyline Ausfl\u00fcge","alternateName":"\u042d\u043a\u0441\u043a\u0443\u0440\u0441\u0438\u0438 Skyline","url":"https:\/\/skyline-gs.com\/it\/","logo":{"@type":"ImageObject","inLanguage":"de","@id":"https:\/\/skyline-gs.com\/it\/#\/schema\/logo\/image\/","url":"https:\/\/skyline-gs.com\/wp-content\/uploads\/2020\/12\/cropped-logo-2.png","contentUrl":"https:\/\/skyline-gs.com\/wp-content\/uploads\/2020\/12\/cropped-logo-2.png","width":512,"height":512,"caption":"\u042d\u043a\u0441\u043a\u0443\u0440\u0441\u0438\u0438 Skyline"},"image":{"@id":"https:\/\/skyline-gs.com\/it\/#\/schema\/logo\/image\/"},"sameAs":["https:\/\/www.instagram.com\/skylineglobalservice\/"]}]}},"_links":{"self":[{"href":"https:\/\/skyline-gs.com\/de\/wp-json\/wp\/v2\/product\/73504","targetHints":{"allow":["GET"]}}],"collection":[{"href":"https:\/\/skyline-gs.com\/de\/wp-json\/wp\/v2\/product"}],"about":[{"href":"https:\/\/skyline-gs.com\/de\/wp-json\/wp\/v2\/types\/product"}],"version-history":[{"count":0,"href":"https:\/\/skyline-gs.com\/de\/wp-json\/wp\/v2\/product\/73504\/revisions"}],"wp:featuredmedia":[{"embeddable":true,"href":"https:\/\/skyline-gs.com\/de\/wp-json\/wp\/v2\/media\/73512"}],"wp:attachment":[{"href":"https:\/\/skyline-gs.com\/de\/wp-json\/wp\/v2\/media?parent=73504"}],"wp:term":[{"taxonomy":"product_brand","embeddable":true,"href":"https:\/\/skyline-gs.com\/de\/wp-json\/wp\/v2\/product_brand?post=73504"},{"taxonomy":"product_cat","embeddable":true,"href":"https:\/\/skyline-gs.com\/de\/wp-json\/wp\/v2\/product_cat?post=73504"},{"taxonomy":"product_tag","embeddable":true,"href":"https:\/\/skyline-gs.com\/de\/wp-json\/wp\/v2\/product_tag?post=73504"}],"curies":[{"name":"wp","href":"https:\/\/api.w.org\/{rel}","templated":true}]}}