{"id":73441,"date":"2025-12-09T01:40:13","date_gmt":"2025-12-08T23:40:13","guid":{"rendered":"http:\/\/skyline-gs.com\/?post_type=product&#038;p=73441"},"modified":"2025-12-09T02:08:08","modified_gmt":"2025-12-09T00:08:08","slug":"sailing-catamaran-elizabeth","status":"publish","type":"product","link":"https:\/\/skyline-gs.com\/de\/product\/sailing-catamaran-elizabeth\/","title":{"rendered":"Segel-Katamaran ELIZABETH"},"content":{"rendered":"<p><strong>Segel-Katamaran Elizabeth<\/strong> - Neu auf Samui und eine der attraktivsten Optionen f\u00fcr private Bootsfahrten. Es ist ideal f\u00fcr kleine Gruppen von Freunden, aber auch f\u00fcr Familienurlaube, romantische Ausfl\u00fcge oder Ferien auf dem Wasser.<\/p>\n<p>Der Katamaran vereint Ger\u00e4umigkeit, Komfort und Stil:<\/p>\n<ul>\n<li>gem\u00fctliche Sitzecke,<\/li>\n<li>klimatisierte Kabine,<\/li>\n<li>Badezimmer,<\/li>\n<li>Au\u00dfenbereiche und Sonnendeck zum Sonnenbaden, f\u00fcr Fotoshootings und Panoramablicke.<\/li>\n<\/ul>\n<p>G\u00e4ste jeden Alters f\u00fchlen sich an Bord wohl, sicher und gut unterhalten. Sie k\u00f6nnen versteckte Buchten entdecken, im klaren Wasser schwimmen, schnorcheln oder sich einfach an Deck beim Rauschen der Wellen entspannen.<br \/>\nW\u00e4hlen Sie Ihr Format - halb- oder ganzt\u00e4gig - und begeben Sie sich auf Ihr perfektes Segelabenteuer. Der Katamaran ELIZABETH wird Ihnen ein Erlebnis bieten, an das Sie sich noch lange erinnern werden.<\/p>\n<p><strong>Inbegriffen:<\/strong><\/p>\n<ul>\n<li>Preis f\u00fcr 1-8 G\u00e4ste<\/li>\n<li>Kapit\u00e4n, Besatzung, englischsprachiger F\u00fchrer<\/li>\n<li>Trinkwasser, Erfrischungsgetr\u00e4nke<\/li>\n<li>Snacks, Fr\u00fcchte der Saison, Sashimi<\/li>\n<li>M\u00f6glichkeit, an Bord selbst zu kochen (BBQ, K\u00fcche)<\/li>\n<li>SUP-Board, Kajak, aufblasbare Rutsche<\/li>\n<li>Schnorchel- und Angelausr\u00fcstung<\/li>\n<li>Schwimmwesten<\/li>\n<li>Versicherung<\/li>\n<\/ul>\n<p><strong>Die Tour beinhaltet nicht<\/strong><\/p>\n<ul>\n<li>Alkoholische Getr\u00e4nke<\/li>\n<li>Mahlzeiten auf Vorbestellung:<br \/>\nMeeresfr\u00fcchte + lokale K\u00fcche - 700 \u0e3f \u2192 $19 \/ Person.<br \/>\nThail\u00e4ndische K\u00fcche + Grillh\u00e4hnchen\/Schweinefleisch - 500 \u0e3f \u2192 $14 \/ Person.<\/li>\n<li>Transfer<\/li>\n<li>Eintrittsgelder f\u00fcr Inseln, Nationalparkgeb\u00fchren<\/li>\n<li>Verlorene\/besch\u00e4digte Ausr\u00fcstung<\/li>\n<\/ul>\n<p><strong>Nimm mit:<\/strong><\/p>\n<ul>\n<li>Badeutensilien<\/li>\n<li>Sonnenschutz, Sonnenbrille, Kopfbedeckung<\/li>\n<li>Strandhandtuch<\/li>\n<li>Gadgets und Ladeger\u00e4te (vorzugsweise ein wasserdichtes Geh\u00e4use)<\/li>\n<li>Geld f\u00fcr pers\u00f6nliche Ausgaben<\/li>\n<\/ul>\n<p><strong>Weitere Informationen:<\/strong><\/p>\n<ul>\n<li>Kosten pro <strong>1-8 G\u00e4ste<\/strong><\/li>\n<li>Maximale Kapazit\u00e4t: <strong>15 Personen<\/strong><\/li>\n<li>Extra pro Gast:<br \/>\n- halber Tag: 800 \u0e3f \u2192 $22<br \/>\n- ganzer Tag: 1.400 \u0e3f \u2192 $40<\/li>\n<li>Fr\u00fchzeitige Buchung wird empfohlen, besonders in der Hochsaison<\/li>\n<li>Nicht empfohlen f\u00fcr schwangere Frauen, Kinder unter 1 Jahr, Menschen \u00fcber 65 und G\u00e4ste mit ODA-Problemen<\/li>\n<li>Die Reiseroute kann aufgrund von Wetterbedingungen und h\u00f6herer Gewalt ge\u00e4ndert werden.<\/li>\n<li>G\u00e4ste, die unter dem Einfluss von Alkohol\/Drogen stehen, d\u00fcrfen nicht eingelassen werden.<\/li>\n<\/ul>\n<p><strong>Annullierungspolitik<\/strong><\/p>\n<p><em><strong>Auf der Seite des Betreibers:<\/strong><\/em><\/p>\n<ul>\n<li>Bei schlechtem Wetter oder technischen Problemen wird ein neuer Termin vereinbart oder der volle Betrag erstattet.<\/li>\n<\/ul>\n<p><em><strong>Auf der Seite des Kunden:<\/strong><\/em><\/p>\n<ul>\n<li>Stornierung am Tag der Tour - 100% Wert<\/li>\n<\/ul>","protected":false},"excerpt":{"rendered":"<p><strong>Tourzeit:<\/strong><br \/>\nHalbtags - 10:00-14:00 oder 14:30-18:30<br \/>\nEint\u00e4giges Programm - 10:00-18:00<\/p>\n<p><strong>Veranstaltungstage:<\/strong> T\u00e4glich<\/p>","protected":false},"featured_media":73460,"template":"","meta":{"_kad_post_transparent":"default","_kad_post_title":"","_kad_post_layout":"default","_kad_post_sidebar_id":"","_kad_post_content_style":"default","_kad_post_vertical_padding":"default","_kad_post_feature":"","_kad_post_feature_position":"","_kad_post_header":false,"_kad_post_footer":false,"_kad_post_classname":"","_glsr_average":0,"_glsr_ranking":0,"_glsr_reviews":0},"product_brand":[],"product_cat":[517],"product_tag":[],"class_list":{"0":"post-73441","1":"product","2":"type-product","3":"status-publish","4":"has-post-thumbnail","6":"product_cat-arenda-yahty-na-samui","7":"tm-has-options","9":"first","10":"instock","11":"sold-individually","12":"taxable","13":"shipping-taxable","14":"purchasable","15":"product-type-simple","16":"entry","17":"content-bg","18":"loop-entry"},"yoast_head":"<!-- This site is optimized with the Yoast SEO plugin v27.3 - https:\/\/yoast.com\/product\/yoast-seo-wordpress\/ -->\n<title>\u041f\u0430\u0440\u0443\u0441\u043d\u044b\u0439 \u043a\u0430\u0442\u0430\u043c\u0430\u0440\u0430\u043d ELIZABETH &#8226; \u042d\u043a\u0441\u043a\u0443\u0440\u0441\u0438\u0438 Skyline<\/title>\n<meta name=\"robots\" content=\"index, follow, max-snippet:-1, max-image-preview:large, max-video-preview:-1\" \/>\n<link rel=\"canonical\" href=\"https:\/\/skyline-gs.com\/de\/produkt\/sailing-catamaran-elizabeth\/\" \/>\n<meta property=\"og:locale\" content=\"de_DE\" \/>\n<meta property=\"og:type\" content=\"article\" \/>\n<meta property=\"og:title\" content=\"\u041f\u0430\u0440\u0443\u0441\u043d\u044b\u0439 \u043a\u0430\u0442\u0430\u043c\u0430\u0440\u0430\u043d ELIZABETH &#8226; \u042d\u043a\u0441\u043a\u0443\u0440\u0441\u0438\u0438 Skyline\" \/>\n<meta property=\"og:description\" content=\"\u0412\u0440\u0435\u043c\u044f \u0442\u0443\u0440\u0430: \u041d\u0430 \u043f\u043e\u043b\u0434\u043d\u044f \u2014 \u00a010:00\u201314:00 \u0438\u043b\u0438 14:30\u201318:30 \u041e\u0434\u043d\u043e\u0434\u043d\u0435\u0432\u043d\u0430\u044f \u043f\u0440\u043e\u0433\u0440\u0430\u043c\u043c\u0430 \u2014 10:00\u201318:00  \u0414\u043d\u0438 \u043f\u0440\u043e\u0432\u0435\u0434\u0435\u043d\u0438\u044f: \u041a\u0430\u0436\u0434\u044b\u0439 \u0434\u0435\u043d\u044c\" \/>\n<meta property=\"og:url\" content=\"https:\/\/skyline-gs.com\/de\/produkt\/sailing-catamaran-elizabeth\/\" \/>\n<meta property=\"og:site_name\" content=\"\u042d\u043a\u0441\u043a\u0443\u0440\u0441\u0438\u0438 Skyline\" \/>\n<meta property=\"article:modified_time\" content=\"2025-12-09T00:08:08+00:00\" \/>\n<meta property=\"og:image\" content=\"https:\/\/skyline-gs.com\/wp-content\/uploads\/2025\/12\/victoria-catamaran-samui.webp\" \/>\n\t<meta property=\"og:image:width\" content=\"600\" \/>\n\t<meta property=\"og:image:height\" content=\"399\" \/>\n\t<meta property=\"og:image:type\" content=\"image\/webp\" \/>\n<meta name=\"twitter:card\" content=\"summary_large_image\" \/>\n<meta name=\"twitter:label1\" content=\"Gesch\u00e4tzte Lesezeit\" \/>\n\t<meta name=\"twitter:data1\" content=\"2\u00a0Minuten\" \/>\n<script type=\"application\/ld+json\" class=\"yoast-schema-graph\">{\"@context\":\"https:\\\/\\\/schema.org\",\"@graph\":[{\"@type\":\"WebPage\",\"@id\":\"https:\\\/\\\/skyline-gs.com\\\/product\\\/sailing-catamaran-elizabeth\\\/\",\"url\":\"https:\\\/\\\/skyline-gs.com\\\/product\\\/sailing-catamaran-elizabeth\\\/\",\"name\":\"\u041f\u0430\u0440\u0443\u0441\u043d\u044b\u0439 \u043a\u0430\u0442\u0430\u043c\u0430\u0440\u0430\u043d ELIZABETH &#8226; \u042d\u043a\u0441\u043a\u0443\u0440\u0441\u0438\u0438 Skyline\",\"isPartOf\":{\"@id\":\"https:\\\/\\\/skyline-gs.com\\\/it\\\/#website\"},\"primaryImageOfPage\":{\"@id\":\"https:\\\/\\\/skyline-gs.com\\\/product\\\/sailing-catamaran-elizabeth\\\/#primaryimage\"},\"image\":{\"@id\":\"https:\\\/\\\/skyline-gs.com\\\/product\\\/sailing-catamaran-elizabeth\\\/#primaryimage\"},\"thumbnailUrl\":\"https:\\\/\\\/skyline-gs.com\\\/wp-content\\\/uploads\\\/2025\\\/12\\\/victoria-catamaran-samui.webp\",\"datePublished\":\"2025-12-08T23:40:13+00:00\",\"dateModified\":\"2025-12-09T00:08:08+00:00\",\"breadcrumb\":{\"@id\":\"https:\\\/\\\/skyline-gs.com\\\/product\\\/sailing-catamaran-elizabeth\\\/#breadcrumb\"},\"inLanguage\":\"de\",\"potentialAction\":[{\"@type\":\"ReadAction\",\"target\":[\"https:\\\/\\\/skyline-gs.com\\\/product\\\/sailing-catamaran-elizabeth\\\/\"]}]},{\"@type\":\"ImageObject\",\"inLanguage\":\"de\",\"@id\":\"https:\\\/\\\/skyline-gs.com\\\/product\\\/sailing-catamaran-elizabeth\\\/#primaryimage\",\"url\":\"https:\\\/\\\/skyline-gs.com\\\/wp-content\\\/uploads\\\/2025\\\/12\\\/victoria-catamaran-samui.webp\",\"contentUrl\":\"https:\\\/\\\/skyline-gs.com\\\/wp-content\\\/uploads\\\/2025\\\/12\\\/victoria-catamaran-samui.webp\",\"width\":600,\"height\":399},{\"@type\":\"BreadcrumbList\",\"@id\":\"https:\\\/\\\/skyline-gs.com\\\/product\\\/sailing-catamaran-elizabeth\\\/#breadcrumb\",\"itemListElement\":[{\"@type\":\"ListItem\",\"position\":1,\"name\":\"\u0413\u043b\u0430\u0432\u043d\u0430\u044f \u0441\u0442\u0440\u0430\u043d\u0438\u0446\u0430\",\"item\":\"https:\\\/\\\/skyline-gs.com\\\/hu\\\/\"},{\"@type\":\"ListItem\",\"position\":2,\"name\":\"\u041c\u0430\u0433\u0430\u0437\u0438\u043d\",\"item\":\"https:\\\/\\\/skyline-gs.com\\\/cs\\\/shop\\\/\"},{\"@type\":\"ListItem\",\"position\":3,\"name\":\"\u041f\u0430\u0440\u0443\u0441\u043d\u044b\u0439 \u043a\u0430\u0442\u0430\u043c\u0430\u0440\u0430\u043d ELIZABETH\"}]},{\"@type\":\"WebSite\",\"@id\":\"https:\\\/\\\/skyline-gs.com\\\/it\\\/#website\",\"url\":\"https:\\\/\\\/skyline-gs.com\\\/it\\\/\",\"name\":\"\u042d\u043a\u0441\u043a\u0443\u0440\u0441\u0438\u0438 Skyline\",\"description\":\"\u042d\u043a\u0441\u043a\u043b\u044e\u0437\u0438\u0432\u043d\u044b\u0435 \u044d\u043a\u0441\u043a\u0443\u0440\u0441\u0438\u0438 \u043d\u0430 \u043b\u0443\u0447\u0448\u0438\u0445 \u043a\u0443\u0440\u043e\u0440\u0442\u0430\u0445 \u043c\u0438\u0440\u0430\",\"publisher\":{\"@id\":\"https:\\\/\\\/skyline-gs.com\\\/it\\\/#organization\"},\"alternateName\":\"Skyline\",\"potentialAction\":[{\"@type\":\"SearchAction\",\"target\":{\"@type\":\"EntryPoint\",\"urlTemplate\":\"https:\\\/\\\/skyline-gs.com\\\/it\\\/?s={search_term_string}\"},\"query-input\":{\"@type\":\"PropertyValueSpecification\",\"valueRequired\":true,\"valueName\":\"search_term_string\"}}],\"inLanguage\":\"de\"},{\"@type\":\"Organization\",\"@id\":\"https:\\\/\\\/skyline-gs.com\\\/it\\\/#organization\",\"name\":\"\u042d\u043a\u0441\u043a\u0443\u0440\u0441\u0438\u0438 Skyline\",\"alternateName\":\"\u042d\u043a\u0441\u043a\u0443\u0440\u0441\u0438\u0438 Skyline\",\"url\":\"https:\\\/\\\/skyline-gs.com\\\/it\\\/\",\"logo\":{\"@type\":\"ImageObject\",\"inLanguage\":\"de\",\"@id\":\"https:\\\/\\\/skyline-gs.com\\\/it\\\/#\\\/schema\\\/logo\\\/image\\\/\",\"url\":\"https:\\\/\\\/skyline-gs.com\\\/wp-content\\\/uploads\\\/2020\\\/12\\\/cropped-logo-2.png\",\"contentUrl\":\"https:\\\/\\\/skyline-gs.com\\\/wp-content\\\/uploads\\\/2020\\\/12\\\/cropped-logo-2.png\",\"width\":512,\"height\":512,\"caption\":\"\u042d\u043a\u0441\u043a\u0443\u0440\u0441\u0438\u0438 Skyline\"},\"image\":{\"@id\":\"https:\\\/\\\/skyline-gs.com\\\/it\\\/#\\\/schema\\\/logo\\\/image\\\/\"},\"sameAs\":[\"https:\\\/\\\/www.instagram.com\\\/skylineglobalservice\\\/\"]}]}<\/script>\n<!-- \/ Yoast SEO plugin. -->","yoast_head_json":{"title":"Segelkatamaran ELIZABETH - Skyline Excursions","robots":{"index":"index","follow":"follow","max-snippet":"max-snippet:-1","max-image-preview":"max-image-preview:large","max-video-preview":"max-video-preview:-1"},"canonical":"https:\/\/skyline-gs.com\/de\/produkt\/sailing-catamaran-elizabeth\/","og_locale":"de_DE","og_type":"article","og_title":"\u041f\u0430\u0440\u0443\u0441\u043d\u044b\u0439 \u043a\u0430\u0442\u0430\u043c\u0430\u0440\u0430\u043d ELIZABETH &#8226; \u042d\u043a\u0441\u043a\u0443\u0440\u0441\u0438\u0438 Skyline","og_description":"\u0412\u0440\u0435\u043c\u044f \u0442\u0443\u0440\u0430: \u041d\u0430 \u043f\u043e\u043b\u0434\u043d\u044f \u2014 \u00a010:00\u201314:00 \u0438\u043b\u0438 14:30\u201318:30 \u041e\u0434\u043d\u043e\u0434\u043d\u0435\u0432\u043d\u0430\u044f \u043f\u0440\u043e\u0433\u0440\u0430\u043c\u043c\u0430 \u2014 10:00\u201318:00  \u0414\u043d\u0438 \u043f\u0440\u043e\u0432\u0435\u0434\u0435\u043d\u0438\u044f: \u041a\u0430\u0436\u0434\u044b\u0439 \u0434\u0435\u043d\u044c","og_url":"https:\/\/skyline-gs.com\/de\/produkt\/sailing-catamaran-elizabeth\/","og_site_name":"\u042d\u043a\u0441\u043a\u0443\u0440\u0441\u0438\u0438 Skyline","article_modified_time":"2025-12-09T00:08:08+00:00","og_image":[{"width":600,"height":399,"url":"https:\/\/skyline-gs.com\/wp-content\/uploads\/2025\/12\/victoria-catamaran-samui.webp","type":"image\/webp"}],"twitter_card":"summary_large_image","twitter_misc":{"Gesch\u00e4tzte Lesezeit":"2\u00a0Minuten"},"schema":{"@context":"https:\/\/schema.org","@graph":[{"@type":"WebPage","@id":"https:\/\/skyline-gs.com\/product\/sailing-catamaran-elizabeth\/","url":"https:\/\/skyline-gs.com\/product\/sailing-catamaran-elizabeth\/","name":"Segelkatamaran ELIZABETH - Skyline Excursions","isPartOf":{"@id":"https:\/\/skyline-gs.com\/it\/#website"},"primaryImageOfPage":{"@id":"https:\/\/skyline-gs.com\/product\/sailing-catamaran-elizabeth\/#primaryimage"},"image":{"@id":"https:\/\/skyline-gs.com\/product\/sailing-catamaran-elizabeth\/#primaryimage"},"thumbnailUrl":"https:\/\/skyline-gs.com\/wp-content\/uploads\/2025\/12\/victoria-catamaran-samui.webp","datePublished":"2025-12-08T23:40:13+00:00","dateModified":"2025-12-09T00:08:08+00:00","breadcrumb":{"@id":"https:\/\/skyline-gs.com\/product\/sailing-catamaran-elizabeth\/#breadcrumb"},"inLanguage":"de","potentialAction":[{"@type":"ReadAction","target":["https:\/\/skyline-gs.com\/product\/sailing-catamaran-elizabeth\/"]}]},{"@type":"ImageObject","inLanguage":"de","@id":"https:\/\/skyline-gs.com\/product\/sailing-catamaran-elizabeth\/#primaryimage","url":"https:\/\/skyline-gs.com\/wp-content\/uploads\/2025\/12\/victoria-catamaran-samui.webp","contentUrl":"https:\/\/skyline-gs.com\/wp-content\/uploads\/2025\/12\/victoria-catamaran-samui.webp","width":600,"height":399},{"@type":"BreadcrumbList","@id":"https:\/\/skyline-gs.com\/product\/sailing-catamaran-elizabeth\/#breadcrumb","itemListElement":[{"@type":"ListItem","position":1,"name":"\u0413\u043b\u0430\u0432\u043d\u0430\u044f \u0441\u0442\u0440\u0430\u043d\u0438\u0446\u0430","item":"https:\/\/skyline-gs.com\/hu\/"},{"@type":"ListItem","position":2,"name":"\u041c\u0430\u0433\u0430\u0437\u0438\u043d","item":"https:\/\/skyline-gs.com\/cs\/shop\/"},{"@type":"ListItem","position":3,"name":"\u041f\u0430\u0440\u0443\u0441\u043d\u044b\u0439 \u043a\u0430\u0442\u0430\u043c\u0430\u0440\u0430\u043d ELIZABETH"}]},{"@type":"WebSite","@id":"https:\/\/skyline-gs.com\/it\/#website","url":"https:\/\/skyline-gs.com\/it\/","name":"Skyline Ausfl\u00fcge","description":"Exklusive Ausfl\u00fcge in den besten Resorts der Welt","publisher":{"@id":"https:\/\/skyline-gs.com\/it\/#organization"},"alternateName":"Skyline","potentialAction":[{"@type":"SearchAction","target":{"@type":"EntryPoint","urlTemplate":"https:\/\/skyline-gs.com\/it\/?s={search_term_string}"},"query-input":{"@type":"PropertyValueSpecification","valueRequired":true,"valueName":"search_term_string"}}],"inLanguage":"de"},{"@type":"Organization","@id":"https:\/\/skyline-gs.com\/it\/#organization","name":"Skyline Ausfl\u00fcge","alternateName":"\u042d\u043a\u0441\u043a\u0443\u0440\u0441\u0438\u0438 Skyline","url":"https:\/\/skyline-gs.com\/it\/","logo":{"@type":"ImageObject","inLanguage":"de","@id":"https:\/\/skyline-gs.com\/it\/#\/schema\/logo\/image\/","url":"https:\/\/skyline-gs.com\/wp-content\/uploads\/2020\/12\/cropped-logo-2.png","contentUrl":"https:\/\/skyline-gs.com\/wp-content\/uploads\/2020\/12\/cropped-logo-2.png","width":512,"height":512,"caption":"\u042d\u043a\u0441\u043a\u0443\u0440\u0441\u0438\u0438 Skyline"},"image":{"@id":"https:\/\/skyline-gs.com\/it\/#\/schema\/logo\/image\/"},"sameAs":["https:\/\/www.instagram.com\/skylineglobalservice\/"]}]}},"_links":{"self":[{"href":"https:\/\/skyline-gs.com\/de\/wp-json\/wp\/v2\/product\/73441","targetHints":{"allow":["GET"]}}],"collection":[{"href":"https:\/\/skyline-gs.com\/de\/wp-json\/wp\/v2\/product"}],"about":[{"href":"https:\/\/skyline-gs.com\/de\/wp-json\/wp\/v2\/types\/product"}],"version-history":[{"count":0,"href":"https:\/\/skyline-gs.com\/de\/wp-json\/wp\/v2\/product\/73441\/revisions"}],"wp:featuredmedia":[{"embeddable":true,"href":"https:\/\/skyline-gs.com\/de\/wp-json\/wp\/v2\/media\/73460"}],"wp:attachment":[{"href":"https:\/\/skyline-gs.com\/de\/wp-json\/wp\/v2\/media?parent=73441"}],"wp:term":[{"taxonomy":"product_brand","embeddable":true,"href":"https:\/\/skyline-gs.com\/de\/wp-json\/wp\/v2\/product_brand?post=73441"},{"taxonomy":"product_cat","embeddable":true,"href":"https:\/\/skyline-gs.com\/de\/wp-json\/wp\/v2\/product_cat?post=73441"},{"taxonomy":"product_tag","embeddable":true,"href":"https:\/\/skyline-gs.com\/de\/wp-json\/wp\/v2\/product_tag?post=73441"}],"curies":[{"name":"wp","href":"https:\/\/api.w.org\/{rel}","templated":true}]}}