{"id":73378,"date":"2025-12-09T01:03:14","date_gmt":"2025-12-08T23:03:14","guid":{"rendered":"http:\/\/skyline-gs.com\/?post_type=product&#038;p=73378"},"modified":"2025-12-09T01:18:28","modified_gmt":"2025-12-08T23:18:28","slug":"high-speed-yacht-casablanca","status":"publish","type":"product","link":"https:\/\/skyline-gs.com\/de\/product\/high-speed-yacht-casablanca\/","title":{"rendered":"\u0411\u044b\u0441\u0442\u0440\u043e\u0445\u043e\u0434\u043d\u0430\u044f \u044f\u0445\u0442\u0430 CASABLANCA"},"content":{"rendered":"<p><strong>\u0411\u044b\u0441\u0442\u0440\u043e\u0445\u043e\u0434\u043d\u0430\u044f \u044f\u0445\u0442\u0430 CASABLANCA<\/strong> \u2014 \u044d\u0442\u043e \u0441\u043e\u0447\u0435\u0442\u0430\u043d\u0438\u0435 \u043c\u043e\u0449\u043d\u043e\u0441\u0442\u0438, \u0441\u0442\u0438\u043b\u044f \u0438 \u043c\u0430\u043a\u0441\u0438\u043c\u0430\u043b\u044c\u043d\u043e\u0433\u043e \u043a\u043e\u043c\u0444\u043e\u0440\u0442\u0430 \u0434\u043b\u044f \u043f\u0443\u0442\u0435\u0448\u0435\u0441\u0442\u0432\u0438\u0439 \u043f\u043e \u043e\u0441\u0442\u0440\u043e\u0432\u0430\u043c \u0421\u0430\u043c\u0443\u0438 \u0438 \u043e\u043a\u0440\u0435\u0441\u0442\u043d\u043e\u0441\u0442\u044f\u043c. \u041d\u0430 \u0431\u043e\u0440\u0442\u0443 \u0435\u0441\u0442\u044c \u0432\u0441\u0451 \u0434\u043b\u044f \u0438\u0434\u0435\u0430\u043b\u044c\u043d\u043e\u0433\u043e \u0434\u043d\u044f \u043d\u0430 \u043c\u043e\u0440\u0435: \u0434\u0432\u0435 \u043a\u043e\u043c\u043d\u0430\u0442\u044b, \u0434\u0432\u0435 \u0433\u043e\u0441\u0442\u0438\u043d\u044b\u0435, \u0434\u0432\u0435 \u0432\u0430\u043d\u043d\u044b\u0435 \u043a\u043e\u043c\u043d\u0430\u0442\u044b, \u043f\u043e\u043b\u043d\u043e\u0441\u0442\u044c\u044e \u043e\u0431\u043e\u0440\u0443\u0434\u043e\u0432\u0430\u043d\u043d\u044b\u0439 \u043a\u0430\u043c\u0431\u0443\u0437, \u043a\u043e\u043d\u0434\u0438\u0446\u0438\u043e\u043d\u0435\u0440 \u0432 \u043a\u0430\u0436\u0434\u043e\u043c \u043f\u043e\u043c\u0435\u0449\u0435\u043d\u0438\u0438, \u043f\u0440\u043e\u0441\u0442\u043e\u0440\u043d\u044b\u0439 \u0441\u0430\u043b\u043e\u043d \u0441 \u0434\u0438\u0432\u0430\u043d\u043e\u043c-\u0440\u0435\u043a\u043b\u0430\u0439\u043d\u0435\u0440\u043e\u043c, \u0442\u0435\u043b\u0435\u0432\u0438\u0437\u043e\u0440\u043e\u043c \u0438 \u0441\u043e\u0432\u0440\u0435\u043c\u0435\u043d\u043d\u043e\u0439 \u0430\u0443\u0434\u0438\u043e\u0441\u0438\u0441\u0442\u0435\u043c\u043e\u0439.<br \/>\n\u041c\u043e\u0442\u043e\u0440\u043d\u0430\u044f \u044f\u0445\u0442\u0430 Gelati 415 \u0432\u043f\u0435\u0447\u0430\u0442\u043b\u044f\u0435\u0442 \u0445\u0430\u0440\u0430\u043a\u0442\u0435\u0440\u0438\u0441\u0442\u0438\u043a\u0430\u043c\u0438: \u0434\u043b\u0438\u043d\u0430 12,5 \u043c, \u0434\u0432\u0430 \u0434\u0438\u0437\u0435\u043b\u044c\u043d\u044b\u0445 \u0434\u0432\u0438\u0433\u0430\u0442\u0435\u043b\u044f Volvo \u043f\u043e 435 \u043b.\u0441., \u043a\u0440\u0435\u0439\u0441\u0435\u0440\u0441\u043a\u0430\u044f \u0441\u043a\u043e\u0440\u043e\u0441\u0442\u044c \u0434\u043e 20 \u0443\u0437\u043b\u043e\u0432 \u0438 \u0432\u0435\u043b\u0438\u043a\u043e\u043b\u0435\u043f\u043d\u0430\u044f \u043c\u043e\u0440\u0435\u0445\u043e\u0434\u043d\u043e\u0441\u0442\u044c. \u0417\u0430\u043f\u0430\u0441 \u0442\u043e\u043f\u043b\u0438\u0432\u0430 \u2014 1438 \u043b, \u0447\u0442\u043e \u043f\u043e\u0437\u0432\u043e\u043b\u044f\u0435\u0442 \u0441\u043e\u0432\u0435\u0440\u0448\u0430\u0442\u044c \u0434\u0430\u043b\u044c\u043d\u0438\u0435 \u043f\u0435\u0440\u0435\u0445\u043e\u0434\u044b, \u0432\u043a\u043b\u044e\u0447\u0430\u044f \u0410\u043d\u0433\u0442\u043e\u043d\u0433 \u0438 \u041a\u043e \u0422\u0430\u043e.<br \/>\nCASABLANCA \u043f\u043e\u0434\u0445\u043e\u0434\u0438\u0442 \u0434\u043b\u044f \u043f\u0440\u0438\u0432\u0430\u0442\u043d\u044b\u0445 \u043f\u0443\u0442\u0435\u0448\u0435\u0441\u0442\u0432\u0438\u0439, \u0441\u0435\u043c\u0435\u0439\u043d\u044b\u0445 \u043f\u0440\u043e\u0433\u0443\u043b\u043e\u043a, \u043c\u0430\u0440\u0448\u0440\u0443\u0442\u043e\u0432 \u043a \u043e\u0441\u0442\u0440\u043e\u0432\u0430\u043c, \u0441\u043d\u043e\u0440\u043a\u043b\u0438\u043d\u0433\u0430, \u0440\u044b\u0431\u0430\u043b\u043a\u0438 \u0438 \u0440\u043e\u043c\u0430\u043d\u0442\u0438\u0447\u0435\u0441\u043a\u0438\u0445 \u0437\u0430\u043a\u0430\u0442\u043d\u044b\u0445 \u043a\u0440\u0443\u0438\u0437\u043e\u0432. <strong>\u0412\u043c\u0435\u0441\u0442\u0438\u043c\u043e\u0441\u0442\u044c \u2014 \u0434\u043e 12 \u0433\u043e\u0441\u0442\u0435\u0439<\/strong>.<\/p>\n<p><strong>Inbegriffen:<\/strong><\/p>\n<ul>\n<li>\u042f\u0445\u0442\u0430 \u043f\u043e\u043b\u043d\u043e\u0441\u0442\u044c\u044e \u043d\u0430 1\u201312 \u0433\u043e\u0441\u0442\u0435\u0439<\/li>\n<li>\u041a\u0430\u043f\u0438\u0442\u0430\u043d, \u044d\u043a\u0438\u043f\u0430\u0436 \u0438 \u0430\u043d\u0433\u043b\u043e\u044f\u0437\u044b\u0447\u043d\u044b\u0439 \u0433\u0438\u0434<\/li>\n<li>Trinkwasser, Erfrischungsgetr\u00e4nke<\/li>\n<li>Snacks, Fr\u00fcchte der Saison, Sashimi<\/li>\n<li>\u0417\u043e\u043d\u0430 \u0434\u043b\u044f \u0431\u0430\u0440\u0431\u0435\u043a\u044e<\/li>\n<li>SUP-\u0431\u043e\u0440\u0434<\/li>\n<li>Schnorchel- und Angelausr\u00fcstung<\/li>\n<li>Schwimmwesten<\/li>\n<li>Versicherung<\/li>\n<\/ul>\n<p><strong>Die Tour beinhaltet nicht<\/strong><\/p>\n<ul>\n<li>Alkoholische Getr\u00e4nke<\/li>\n<li>Mahlzeiten auf Vorbestellung:<br \/>\nMeeresfr\u00fcchte + lokale K\u00fcche - 700 \u0e3f \u2192 $19 \/ Person.<br \/>\nThail\u00e4ndische K\u00fcche + Grillh\u00e4hnchen\/Schweinefleisch - 500 \u0e3f \u2192 $14 \/ Person.<\/li>\n<li>Transfer<\/li>\n<li>Eintrittsgelder f\u00fcr Inseln, Nationalparkgeb\u00fchren<\/li>\n<li>Verlorene\/besch\u00e4digte Ausr\u00fcstung<\/li>\n<\/ul>\n<p><strong>Nimm mit:<\/strong><\/p>\n<ul>\n<li>Badeutensilien<\/li>\n<li>Sonnenschutz, Sonnenbrille, Kopfbedeckung<\/li>\n<li>Strandhandtuch<\/li>\n<li>Gadgets und Ladeger\u00e4te (vorzugsweise ein wasserdichtes Geh\u00e4use)<\/li>\n<li>Geld f\u00fcr pers\u00f6nliche Ausgaben<\/li>\n<\/ul>\n<p><strong>Weitere Informationen:<\/strong><\/p>\n<ul>\n<li>\u0421\u0442\u043e\u0438\u043c\u043e\u0441\u0442\u044c \u0443\u043a\u0430\u0437\u0430\u043d\u0430 \u0437\u0430 <strong>1\u201312 \u0447\u0435\u043b\u043e\u0432\u0435\u043a<\/strong><\/li>\n<li>Maximale Kapazit\u00e4t: <strong>12 \u0433\u043e\u0441\u0442\u0435\u0439<\/strong><\/li>\n<li>\u0412 \u0432\u044b\u0441\u043e\u043a\u0438\u0439 \u0441\u0435\u0437\u043e\u043d \u0440\u0435\u043a\u043e\u043c\u0435\u043d\u0434\u0443\u0435\u0442\u0441\u044f \u0440\u0430\u043d\u043d\u0435\u0435 \u0431\u0440\u043e\u043d\u0438\u0440\u043e\u0432\u0430\u043d\u0438\u0435<\/li>\n<li>\u041d\u0435 \u0440\u0435\u043a\u043e\u043c\u0435\u043d\u0434\u0443\u0435\u0442\u0441\u044f: \u0431\u0435\u0440\u0435\u043c\u0435\u043d\u043d\u044b\u043c, \u00a0\u0434\u0435\u0442\u044f\u043c \u0434\u043e 1 \u0433\u043e\u0434\u0430, \u0433\u043e\u0441\u0442\u044f\u043c \u0441\u0442\u0430\u0440\u0448\u0435 65 \u043b\u0435\u0442, \u043b\u044e\u0434\u044f\u043c \u0441 \u041e\u0414\u0410-\u0437\u0430\u0431\u043e\u043b\u0435\u0432\u0430\u043d\u0438\u044f\u043c\u0438.<\/li>\n<li>\u041f\u0440\u043e\u0433\u0440\u0430\u043c\u043c\u0430 \u043c\u043e\u0436\u0435\u0442 \u0431\u044b\u0442\u044c \u0438\u0437\u043c\u0435\u043d\u0435\u043d\u0430 \u043f\u043e \u043f\u043e\u0433\u043e\u0434\u0435 \u0438\u043b\u0438 \u0444\u043e\u0440\u0441-\u043c\u0430\u0436\u043e\u0440\u0443<\/li>\n<li>\u0413\u043e\u0441\u0442\u0438 \u0432 \u0441\u043e\u0441\u0442\u043e\u044f\u043d\u0438\u0438 \u0430\u043b\u043a\u043e\u0433\u043e\u043b\u044c\u043d\u043e\u0433\u043e\/\u043d\u0430\u0440\u043a\u043e\u0442\u0438\u0447\u0435\u0441\u043a\u043e\u0433\u043e \u043e\u043f\u044c\u044f\u043d\u0435\u043d\u0438\u044f \u043c\u043e\u0433\u0443\u0442 \u0431\u044b\u0442\u044c \u043d\u0435\u0434\u043e\u043f\u0443\u0449\u0435\u043d\u044b.<\/li>\n<\/ul>\n<p><strong>Annullierungspolitik<\/strong><\/p>\n<p><em><strong>Auf der Seite des Betreibers:<\/strong><\/em><\/p>\n<ul>\n<li>Bei schlechtem Wetter oder technischen Problemen wird ein neuer Termin vereinbart oder der volle Betrag erstattet.<\/li>\n<\/ul>\n<p><em><strong>Auf der Seite des Kunden:<\/strong><\/em><\/p>\n<ul>\n<li>Stornierung am Tag der Tour - 100% Wert<\/li>\n<\/ul>","protected":false},"excerpt":{"rendered":"<p><strong>Tourzeit:<\/strong><br \/>\n\u041a\u043e \u0421\u043e\u043c \u2014 10:00\u201314:00<br \/>\n\u0417\u0430\u043a\u0430\u0442 \u043d\u0430 \u041a\u043e \u0421\u043e\u043c \u2014 14:30\u201318:30<br \/>\n\u041a\u043e \u041f\u0430\u043d\u0433\u0430\u043d \u2014 10:00\u201314:00<br \/>\n\u0417\u0430\u043a\u0430\u0442 \u043d\u0430 \u041a\u043e \u041f\u0430\u043d\u0433\u0430\u043d \u2014 14:30\u201318:30<br \/>\n\u041f\u043e\u043b\u043d\u044b\u0439 \u0434\u0435\u043d\u044c: \u041a\u043e \u041f\u0430\u043d\u0433\u0430\u043d \/ \u041a\u043e \u041c\u0430\u0434\u0441\u0443\u043c \/ \u0410\u043d\u0433\u0442\u043e\u043d\u0433 \/ \u041a\u043e \u0422\u0430\u043e \u2014 14:30 \u2013 18:30<\/p>\n<p><strong>Veranstaltungstage:<\/strong> T\u00e4glich<\/p>","protected":false},"featured_media":73387,"template":"","meta":{"_kad_post_transparent":"default","_kad_post_title":"","_kad_post_layout":"default","_kad_post_sidebar_id":"","_kad_post_content_style":"default","_kad_post_vertical_padding":"default","_kad_post_feature":"","_kad_post_feature_position":"","_kad_post_header":false,"_kad_post_footer":false,"_kad_post_classname":"","_glsr_average":0,"_glsr_ranking":0,"_glsr_reviews":0},"product_brand":[],"product_cat":[517],"product_tag":[],"class_list":{"0":"post-73378","1":"product","2":"type-product","3":"status-publish","4":"has-post-thumbnail","6":"product_cat-arenda-yahty-na-samui","7":"tm-has-options","9":"first","10":"instock","11":"sold-individually","12":"taxable","13":"shipping-taxable","14":"purchasable","15":"product-type-simple","16":"entry","17":"content-bg","18":"loop-entry"},"yoast_head":"<!-- This site is optimized with the Yoast SEO plugin v27.3 - https:\/\/yoast.com\/product\/yoast-seo-wordpress\/ -->\n<title>\u0411\u044b\u0441\u0442\u0440\u043e\u0445\u043e\u0434\u043d\u0430\u044f \u044f\u0445\u0442\u0430 CASABLANCA &#8226; \u042d\u043a\u0441\u043a\u0443\u0440\u0441\u0438\u0438 Skyline<\/title>\n<meta name=\"robots\" content=\"index, follow, max-snippet:-1, max-image-preview:large, max-video-preview:-1\" \/>\n<link rel=\"canonical\" href=\"http:\/\/skyline-gs.com\/de\/produkt\/high-speed-yacht-casablanca\/\" \/>\n<meta property=\"og:locale\" content=\"de_DE\" \/>\n<meta property=\"og:type\" content=\"article\" \/>\n<meta property=\"og:title\" content=\"\u0411\u044b\u0441\u0442\u0440\u043e\u0445\u043e\u0434\u043d\u0430\u044f \u044f\u0445\u0442\u0430 CASABLANCA &#8226; \u042d\u043a\u0441\u043a\u0443\u0440\u0441\u0438\u0438 Skyline\" \/>\n<meta property=\"og:description\" content=\"\u0412\u0440\u0435\u043c\u044f \u0442\u0443\u0440\u0430: \u041a\u043e \u0421\u043e\u043c \u2014 10:00\u201314:00 \u0417\u0430\u043a\u0430\u0442 \u043d\u0430 \u041a\u043e \u0421\u043e\u043c \u2014 14:30\u201318:30 \u041a\u043e \u041f\u0430\u043d\u0433\u0430\u043d \u2014 10:00\u201314:00 \u0417\u0430\u043a\u0430\u0442 \u043d\u0430 \u041a\u043e \u041f\u0430\u043d\u0433\u0430\u043d \u2014 14:30\u201318:30 \u041f\u043e\u043b\u043d\u044b\u0439 \u0434\u0435\u043d\u044c: \u041a\u043e \u041f\u0430\u043d\u0433\u0430\u043d \/ \u041a\u043e \u041c\u0430\u0434\u0441\u0443\u043c \/ \u0410\u043d\u0433\u0442\u043e\u043d\u0433 \/ \u041a\u043e \u0422\u0430\u043e \u2014 14:30 \u2013 18:30  \u0414\u043d\u0438 \u043f\u0440\u043e\u0432\u0435\u0434\u0435\u043d\u0438\u044f: \u041a\u0430\u0436\u0434\u044b\u0439 \u0434\u0435\u043d\u044c\" \/>\n<meta property=\"og:url\" content=\"http:\/\/skyline-gs.com\/de\/produkt\/high-speed-yacht-casablanca\/\" \/>\n<meta property=\"og:site_name\" content=\"\u042d\u043a\u0441\u043a\u0443\u0440\u0441\u0438\u0438 Skyline\" \/>\n<meta property=\"article:modified_time\" content=\"2025-12-08T23:18:28+00:00\" \/>\n<meta property=\"og:image\" content=\"https:\/\/skyline-gs.com\/wp-content\/uploads\/2025\/12\/bb283.jpg\" \/>\n\t<meta property=\"og:image:width\" content=\"650\" \/>\n\t<meta property=\"og:image:height\" content=\"450\" \/>\n\t<meta property=\"og:image:type\" content=\"image\/jpeg\" \/>\n<meta name=\"twitter:card\" content=\"summary_large_image\" \/>\n<meta name=\"twitter:label1\" content=\"Gesch\u00e4tzte Lesezeit\" \/>\n\t<meta name=\"twitter:data1\" content=\"2\u00a0Minuten\" \/>\n<script type=\"application\/ld+json\" class=\"yoast-schema-graph\">{\"@context\":\"https:\\\/\\\/schema.org\",\"@graph\":[{\"@type\":\"WebPage\",\"@id\":\"http:\\\/\\\/skyline-gs.com\\\/it\\\/prodotto\\\/high-speed-yacht-casablanca\\\/\",\"url\":\"http:\\\/\\\/skyline-gs.com\\\/it\\\/prodotto\\\/high-speed-yacht-casablanca\\\/\",\"name\":\"\u0411\u044b\u0441\u0442\u0440\u043e\u0445\u043e\u0434\u043d\u0430\u044f \u044f\u0445\u0442\u0430 CASABLANCA &#8226; \u042d\u043a\u0441\u043a\u0443\u0440\u0441\u0438\u0438 Skyline\",\"isPartOf\":{\"@id\":\"https:\\\/\\\/skyline-gs.com\\\/it\\\/#website\"},\"primaryImageOfPage\":{\"@id\":\"http:\\\/\\\/skyline-gs.com\\\/it\\\/prodotto\\\/high-speed-yacht-casablanca\\\/#primaryimage\"},\"image\":{\"@id\":\"http:\\\/\\\/skyline-gs.com\\\/it\\\/prodotto\\\/high-speed-yacht-casablanca\\\/#primaryimage\"},\"thumbnailUrl\":\"https:\\\/\\\/skyline-gs.com\\\/wp-content\\\/uploads\\\/2025\\\/12\\\/bb283.jpg\",\"datePublished\":\"2025-12-08T23:03:14+00:00\",\"dateModified\":\"2025-12-08T23:18:28+00:00\",\"breadcrumb\":{\"@id\":\"http:\\\/\\\/skyline-gs.com\\\/it\\\/prodotto\\\/high-speed-yacht-casablanca\\\/#breadcrumb\"},\"inLanguage\":\"de\",\"potentialAction\":[{\"@type\":\"ReadAction\",\"target\":[\"http:\\\/\\\/skyline-gs.com\\\/it\\\/prodotto\\\/high-speed-yacht-casablanca\\\/\"]}]},{\"@type\":\"ImageObject\",\"inLanguage\":\"de\",\"@id\":\"http:\\\/\\\/skyline-gs.com\\\/it\\\/prodotto\\\/high-speed-yacht-casablanca\\\/#primaryimage\",\"url\":\"https:\\\/\\\/skyline-gs.com\\\/wp-content\\\/uploads\\\/2025\\\/12\\\/bb283.jpg\",\"contentUrl\":\"https:\\\/\\\/skyline-gs.com\\\/wp-content\\\/uploads\\\/2025\\\/12\\\/bb283.jpg\",\"width\":650,\"height\":450},{\"@type\":\"BreadcrumbList\",\"@id\":\"http:\\\/\\\/skyline-gs.com\\\/it\\\/prodotto\\\/high-speed-yacht-casablanca\\\/#breadcrumb\",\"itemListElement\":[{\"@type\":\"ListItem\",\"position\":1,\"name\":\"\u0413\u043b\u0430\u0432\u043d\u0430\u044f \u0441\u0442\u0440\u0430\u043d\u0438\u0446\u0430\",\"item\":\"https:\\\/\\\/skyline-gs.com\\\/hu\\\/\"},{\"@type\":\"ListItem\",\"position\":2,\"name\":\"\u041c\u0430\u0433\u0430\u0437\u0438\u043d\",\"item\":\"https:\\\/\\\/skyline-gs.com\\\/cs\\\/shop\\\/\"},{\"@type\":\"ListItem\",\"position\":3,\"name\":\"\u0411\u044b\u0441\u0442\u0440\u043e\u0445\u043e\u0434\u043d\u0430\u044f \u044f\u0445\u0442\u0430 CASABLANCA\"}]},{\"@type\":\"WebSite\",\"@id\":\"https:\\\/\\\/skyline-gs.com\\\/it\\\/#website\",\"url\":\"https:\\\/\\\/skyline-gs.com\\\/it\\\/\",\"name\":\"\u042d\u043a\u0441\u043a\u0443\u0440\u0441\u0438\u0438 Skyline\",\"description\":\"\u042d\u043a\u0441\u043a\u043b\u044e\u0437\u0438\u0432\u043d\u044b\u0435 \u044d\u043a\u0441\u043a\u0443\u0440\u0441\u0438\u0438 \u043d\u0430 \u043b\u0443\u0447\u0448\u0438\u0445 \u043a\u0443\u0440\u043e\u0440\u0442\u0430\u0445 \u043c\u0438\u0440\u0430\",\"publisher\":{\"@id\":\"https:\\\/\\\/skyline-gs.com\\\/it\\\/#organization\"},\"alternateName\":\"Skyline\",\"potentialAction\":[{\"@type\":\"SearchAction\",\"target\":{\"@type\":\"EntryPoint\",\"urlTemplate\":\"https:\\\/\\\/skyline-gs.com\\\/it\\\/?s={search_term_string}\"},\"query-input\":{\"@type\":\"PropertyValueSpecification\",\"valueRequired\":true,\"valueName\":\"search_term_string\"}}],\"inLanguage\":\"de\"},{\"@type\":\"Organization\",\"@id\":\"https:\\\/\\\/skyline-gs.com\\\/it\\\/#organization\",\"name\":\"\u042d\u043a\u0441\u043a\u0443\u0440\u0441\u0438\u0438 Skyline\",\"alternateName\":\"\u042d\u043a\u0441\u043a\u0443\u0440\u0441\u0438\u0438 Skyline\",\"url\":\"https:\\\/\\\/skyline-gs.com\\\/it\\\/\",\"logo\":{\"@type\":\"ImageObject\",\"inLanguage\":\"de\",\"@id\":\"https:\\\/\\\/skyline-gs.com\\\/it\\\/#\\\/schema\\\/logo\\\/image\\\/\",\"url\":\"https:\\\/\\\/skyline-gs.com\\\/wp-content\\\/uploads\\\/2020\\\/12\\\/cropped-logo-2.png\",\"contentUrl\":\"https:\\\/\\\/skyline-gs.com\\\/wp-content\\\/uploads\\\/2020\\\/12\\\/cropped-logo-2.png\",\"width\":512,\"height\":512,\"caption\":\"\u042d\u043a\u0441\u043a\u0443\u0440\u0441\u0438\u0438 Skyline\"},\"image\":{\"@id\":\"https:\\\/\\\/skyline-gs.com\\\/it\\\/#\\\/schema\\\/logo\\\/image\\\/\"},\"sameAs\":[\"https:\\\/\\\/www.instagram.com\\\/skylineglobalservice\\\/\"]}]}<\/script>\n<!-- \/ Yoast SEO plugin. -->","yoast_head_json":{"title":"\u0411\u044b\u0441\u0442\u0440\u043e\u0445\u043e\u0434\u043d\u0430\u044f \u044f\u0445\u0442\u0430 CASABLANCA &#8226; \u042d\u043a\u0441\u043a\u0443\u0440\u0441\u0438\u0438 Skyline","robots":{"index":"index","follow":"follow","max-snippet":"max-snippet:-1","max-image-preview":"max-image-preview:large","max-video-preview":"max-video-preview:-1"},"canonical":"http:\/\/skyline-gs.com\/de\/produkt\/high-speed-yacht-casablanca\/","og_locale":"de_DE","og_type":"article","og_title":"\u0411\u044b\u0441\u0442\u0440\u043e\u0445\u043e\u0434\u043d\u0430\u044f \u044f\u0445\u0442\u0430 CASABLANCA &#8226; \u042d\u043a\u0441\u043a\u0443\u0440\u0441\u0438\u0438 Skyline","og_description":"\u0412\u0440\u0435\u043c\u044f \u0442\u0443\u0440\u0430: \u041a\u043e \u0421\u043e\u043c \u2014 10:00\u201314:00 \u0417\u0430\u043a\u0430\u0442 \u043d\u0430 \u041a\u043e \u0421\u043e\u043c \u2014 14:30\u201318:30 \u041a\u043e \u041f\u0430\u043d\u0433\u0430\u043d \u2014 10:00\u201314:00 \u0417\u0430\u043a\u0430\u0442 \u043d\u0430 \u041a\u043e \u041f\u0430\u043d\u0433\u0430\u043d \u2014 14:30\u201318:30 \u041f\u043e\u043b\u043d\u044b\u0439 \u0434\u0435\u043d\u044c: \u041a\u043e \u041f\u0430\u043d\u0433\u0430\u043d \/ \u041a\u043e \u041c\u0430\u0434\u0441\u0443\u043c \/ \u0410\u043d\u0433\u0442\u043e\u043d\u0433 \/ \u041a\u043e \u0422\u0430\u043e \u2014 14:30 \u2013 18:30  \u0414\u043d\u0438 \u043f\u0440\u043e\u0432\u0435\u0434\u0435\u043d\u0438\u044f: \u041a\u0430\u0436\u0434\u044b\u0439 \u0434\u0435\u043d\u044c","og_url":"http:\/\/skyline-gs.com\/de\/produkt\/high-speed-yacht-casablanca\/","og_site_name":"\u042d\u043a\u0441\u043a\u0443\u0440\u0441\u0438\u0438 Skyline","article_modified_time":"2025-12-08T23:18:28+00:00","og_image":[{"width":650,"height":450,"url":"https:\/\/skyline-gs.com\/wp-content\/uploads\/2025\/12\/bb283.jpg","type":"image\/jpeg"}],"twitter_card":"summary_large_image","twitter_misc":{"Gesch\u00e4tzte Lesezeit":"2\u00a0Minuten"},"schema":{"@context":"https:\/\/schema.org","@graph":[{"@type":"WebPage","@id":"http:\/\/skyline-gs.com\/it\/prodotto\/high-speed-yacht-casablanca\/","url":"http:\/\/skyline-gs.com\/it\/prodotto\/high-speed-yacht-casablanca\/","name":"\u0411\u044b\u0441\u0442\u0440\u043e\u0445\u043e\u0434\u043d\u0430\u044f \u044f\u0445\u0442\u0430 CASABLANCA &#8226; \u042d\u043a\u0441\u043a\u0443\u0440\u0441\u0438\u0438 Skyline","isPartOf":{"@id":"https:\/\/skyline-gs.com\/it\/#website"},"primaryImageOfPage":{"@id":"http:\/\/skyline-gs.com\/it\/prodotto\/high-speed-yacht-casablanca\/#primaryimage"},"image":{"@id":"http:\/\/skyline-gs.com\/it\/prodotto\/high-speed-yacht-casablanca\/#primaryimage"},"thumbnailUrl":"https:\/\/skyline-gs.com\/wp-content\/uploads\/2025\/12\/bb283.jpg","datePublished":"2025-12-08T23:03:14+00:00","dateModified":"2025-12-08T23:18:28+00:00","breadcrumb":{"@id":"http:\/\/skyline-gs.com\/it\/prodotto\/high-speed-yacht-casablanca\/#breadcrumb"},"inLanguage":"de","potentialAction":[{"@type":"ReadAction","target":["http:\/\/skyline-gs.com\/it\/prodotto\/high-speed-yacht-casablanca\/"]}]},{"@type":"ImageObject","inLanguage":"de","@id":"http:\/\/skyline-gs.com\/it\/prodotto\/high-speed-yacht-casablanca\/#primaryimage","url":"https:\/\/skyline-gs.com\/wp-content\/uploads\/2025\/12\/bb283.jpg","contentUrl":"https:\/\/skyline-gs.com\/wp-content\/uploads\/2025\/12\/bb283.jpg","width":650,"height":450},{"@type":"BreadcrumbList","@id":"http:\/\/skyline-gs.com\/it\/prodotto\/high-speed-yacht-casablanca\/#breadcrumb","itemListElement":[{"@type":"ListItem","position":1,"name":"\u0413\u043b\u0430\u0432\u043d\u0430\u044f \u0441\u0442\u0440\u0430\u043d\u0438\u0446\u0430","item":"https:\/\/skyline-gs.com\/hu\/"},{"@type":"ListItem","position":2,"name":"\u041c\u0430\u0433\u0430\u0437\u0438\u043d","item":"https:\/\/skyline-gs.com\/cs\/shop\/"},{"@type":"ListItem","position":3,"name":"\u0411\u044b\u0441\u0442\u0440\u043e\u0445\u043e\u0434\u043d\u0430\u044f \u044f\u0445\u0442\u0430 CASABLANCA"}]},{"@type":"WebSite","@id":"https:\/\/skyline-gs.com\/it\/#website","url":"https:\/\/skyline-gs.com\/it\/","name":"Skyline Ausfl\u00fcge","description":"Exklusive Ausfl\u00fcge in den besten Resorts der Welt","publisher":{"@id":"https:\/\/skyline-gs.com\/it\/#organization"},"alternateName":"Skyline","potentialAction":[{"@type":"SearchAction","target":{"@type":"EntryPoint","urlTemplate":"https:\/\/skyline-gs.com\/it\/?s={search_term_string}"},"query-input":{"@type":"PropertyValueSpecification","valueRequired":true,"valueName":"search_term_string"}}],"inLanguage":"de"},{"@type":"Organization","@id":"https:\/\/skyline-gs.com\/it\/#organization","name":"Skyline Ausfl\u00fcge","alternateName":"\u042d\u043a\u0441\u043a\u0443\u0440\u0441\u0438\u0438 Skyline","url":"https:\/\/skyline-gs.com\/it\/","logo":{"@type":"ImageObject","inLanguage":"de","@id":"https:\/\/skyline-gs.com\/it\/#\/schema\/logo\/image\/","url":"https:\/\/skyline-gs.com\/wp-content\/uploads\/2020\/12\/cropped-logo-2.png","contentUrl":"https:\/\/skyline-gs.com\/wp-content\/uploads\/2020\/12\/cropped-logo-2.png","width":512,"height":512,"caption":"\u042d\u043a\u0441\u043a\u0443\u0440\u0441\u0438\u0438 Skyline"},"image":{"@id":"https:\/\/skyline-gs.com\/it\/#\/schema\/logo\/image\/"},"sameAs":["https:\/\/www.instagram.com\/skylineglobalservice\/"]}]}},"_links":{"self":[{"href":"https:\/\/skyline-gs.com\/de\/wp-json\/wp\/v2\/product\/73378","targetHints":{"allow":["GET"]}}],"collection":[{"href":"https:\/\/skyline-gs.com\/de\/wp-json\/wp\/v2\/product"}],"about":[{"href":"https:\/\/skyline-gs.com\/de\/wp-json\/wp\/v2\/types\/product"}],"version-history":[{"count":0,"href":"https:\/\/skyline-gs.com\/de\/wp-json\/wp\/v2\/product\/73378\/revisions"}],"wp:featuredmedia":[{"embeddable":true,"href":"https:\/\/skyline-gs.com\/de\/wp-json\/wp\/v2\/media\/73387"}],"wp:attachment":[{"href":"https:\/\/skyline-gs.com\/de\/wp-json\/wp\/v2\/media?parent=73378"}],"wp:term":[{"taxonomy":"product_brand","embeddable":true,"href":"https:\/\/skyline-gs.com\/de\/wp-json\/wp\/v2\/product_brand?post=73378"},{"taxonomy":"product_cat","embeddable":true,"href":"https:\/\/skyline-gs.com\/de\/wp-json\/wp\/v2\/product_cat?post=73378"},{"taxonomy":"product_tag","embeddable":true,"href":"https:\/\/skyline-gs.com\/de\/wp-json\/wp\/v2\/product_tag?post=73378"}],"curies":[{"name":"wp","href":"https:\/\/api.w.org\/{rel}","templated":true}]}}