{"id":71615,"date":"2025-11-25T21:34:26","date_gmt":"2025-11-25T19:34:26","guid":{"rendered":"http:\/\/skyline-gs.com\/?post_type=product&#038;p=71615"},"modified":"2025-11-25T22:02:25","modified_gmt":"2025-11-25T20:02:25","slug":"siri-discovery-a-day-of-adventure-in-chonburi","status":"publish","type":"product","link":"https:\/\/skyline-gs.com\/de\/product\/siri-discovery-a-day-of-adventure-in-chonburi\/","title":{"rendered":"Siri Discovery ist ein Tag voller Abenteuer in Chonburi."},"content":{"rendered":"<p>Eine faszinierende Tour rund um Pattaya, bei der Sie einen der landschaftlich reizvollsten Orte besuchen - Grand Canyon Chonburi, gl\u00e4serne Himmelsbr\u00fccke, Tempel und andere ikonische Orte. Eine gute Wahl f\u00fcr diejenigen, die eine Kombination aus Natur, Aussichtspunkten und einfachen Erlebnissen an einem Tag w\u00fcnschen.<\/p>\n<p><strong>Programm<\/strong><\/p>\n<ul>\n<li>07:30 - Abfahrt von Ihrem Hotel (Pattaya). Bequemer Transport, russischsprachiger F\u00fchrer.<\/li>\n<li>Wat Khao Tabaek Skywalk. Klettern auf der Glasbr\u00fccke \u00fcber die Schlucht. Panoramablick, sch\u00f6ne Fotostellen, saubere Bergluft.<\/li>\n<li>\u00a0Ananas-Plantage. Frische thail\u00e4ndische Ananas, Obstverkostung, Einf\u00fchrung in die lokale Landwirtschaft.<\/li>\n<li>Grand Canyon Chonburi. Eine malerische Naturattraktion. Blauer See, Aussichtspunkte, spektakul\u00e4re Fotostellen.<\/li>\n<li>Chinesischer Tempel des Roten Drachen. Eine sch\u00f6ne Tempelanlage im chinesischen Stil. Statuen, Weihrauchduft, farbenfrohe traditionelle Architektur.<\/li>\n<li>Tempel der H\u00f6lle und des Himmels in Bang Seng. Ein stimmungsvoller Ort mit ausdrucksstarken Skulpturen, die dem Karma, der Bestrafung und der Wiedergeburt gewidmet sind.  Interessant und informativ f\u00fcr Erwachsene und Kinder.<\/li>\n<li>Siri Park Zoo - ein Kontaktzoo<br \/>\nErleben Sie eine Vielzahl von Tieren: Honigfresser, Krokodile, Papageien, Kaninchen, Ponys, Elefanten, K\u00e4ngurus, Wasserschweine, Leguane, Affen, Waschb\u00e4ren, Pr\u00e4riehennecs, Erdm\u00e4nnchen und mehr.<br \/>\nOptional:<br \/>\nTierfutter - 100 Baht, oder<br \/>\nElefantenritt - 5 Minuten.<\/li>\n<li>Mittagessen in einem Restaurant mit bengalischen Tigern. Das Restaurant befindet sich direkt im Gehege der Tiger - ein einzigartiger Ort! Mittagsbuffet: indische, thail\u00e4ndische und europ\u00e4ische K\u00fcche.<\/li>\n<li>Tiger Park - Tigerpark. Schie\u00dfen mit Luftgewehren auf Ziele \u00fcber dem Gehege mit Tigern - bei einem Treffer f\u00e4llt ein St\u00fcck Fleisch auf die Raubtiere. Betrachtung der Show von Tigern. Spaziergang durch das Gebiet des Parks.<br \/>\nFoto mit L\u00f6wenbaby oder Krokodil (fakultativ):<br \/>\nFoto mit einem L\u00f6wenjungen - 250 Baht,<br \/>\nFoto mit Krokodil - 150 Baht.<\/li>\n<\/ul>\n<p><strong>Inbegriffen:<\/strong><\/p>\n<ul>\n<li>Transfer vom und zum Hotel (falls ausgew\u00e4hlt)<\/li>\n<li>Bequemer Transport<\/li>\n<li>Englischsprachiger Reiseleiter<\/li>\n<li>Alle Eintrittskarten laut Programm<\/li>\n<li>Mittagsbuffet (Obstfr\u00fchst\u00fcck-Mittagessen)<\/li>\n<li>Verkostungen (Ananas, Austern)<\/li>\n<li>Versicherung<\/li>\n<\/ul>\n<p><strong>Nimm mit:<\/strong><\/p>\n<ul>\n<li>Kopie des Reisepasses<\/li>\n<li>Kamera<\/li>\n<li>Sonnenbrille<\/li>\n<li>Bequeme Schuhe<\/li>\n<li>Kopfbedeckung \/ M\u00fctze<\/li>\n<li>Geld f\u00fcr pers\u00f6nliche Ausgaben.<\/li>\n<\/ul>\n<p><strong>Weitere Informationen:<\/strong><\/p>\n<ul>\n<li>Bitte bedecken Sie bei Tempelbesuchen Schultern und Knie.<\/li>\n<li>Das Programm ist auf einen aktiven Tag mit vielen Spazierg\u00e4ngen ausgelegt - auch f\u00fcr Kinder geeignet.<\/li>\n<li>Im Grand Canyon kann es Bereiche mit Wasser oder Felsen geben - seien Sie vorsichtig.<\/li>\n<li>Wenn die Tour einen Zoo einschlie\u00dft, ist es am besten, Kleidung zu tragen, die nicht schmutzig werden darf.<\/li>\n<\/ul>","protected":false},"excerpt":{"rendered":"<p><strong>Tourzeit:<\/strong> 7:30 \u2013 21:00<br \/>\n<strong>Veranstaltungstage:<\/strong> T\u00e4glich<\/p>","protected":false},"featured_media":71616,"template":"","meta":{"_kad_post_transparent":"default","_kad_post_title":"","_kad_post_layout":"default","_kad_post_sidebar_id":"","_kad_post_content_style":"default","_kad_post_vertical_padding":"default","_kad_post_feature":"","_kad_post_feature_position":"","_kad_post_header":false,"_kad_post_footer":false,"_kad_post_classname":"","_glsr_average":0,"_glsr_ranking":0,"_glsr_reviews":0},"product_brand":[],"product_cat":[507],"product_tag":[],"class_list":{"0":"post-71615","1":"product","2":"type-product","3":"status-publish","4":"has-post-thumbnail","6":"product_cat-pattaya","7":"tm-has-options","9":"first","10":"instock","11":"sold-individually","12":"taxable","13":"shipping-taxable","14":"purchasable","15":"product-type-simple","16":"entry","17":"content-bg","18":"loop-entry"},"yoast_head":"<!-- This site is optimized with the Yoast SEO plugin v27.4 - https:\/\/yoast.com\/product\/yoast-seo-wordpress\/ -->\n<title>\u0421\u0438\u0440\u0438 \u0414\u0438\u0441\u043a\u0430\u0432\u0435\u0440\u0438 \u2014 \u0434\u0435\u043d\u044c \u043f\u0440\u0438\u043a\u043b\u044e\u0447\u0435\u043d\u0438\u0439 \u0432 \u0427\u043e\u043d\u0431\u0443\u0440\u0438 &#8226; \u042d\u043a\u0441\u043a\u0443\u0440\u0441\u0438\u0438 Skyline<\/title>\n<meta name=\"robots\" content=\"index, follow, max-snippet:-1, max-image-preview:large, max-video-preview:-1\" \/>\n<link rel=\"canonical\" href=\"http:\/\/skyline-gs.com\/de\/produkt\/siri-discovery-a-day-of-adventure-in-chonburi\/\" \/>\n<meta property=\"og:locale\" content=\"de_DE\" \/>\n<meta property=\"og:type\" content=\"article\" \/>\n<meta property=\"og:title\" content=\"\u0421\u0438\u0440\u0438 \u0414\u0438\u0441\u043a\u0430\u0432\u0435\u0440\u0438 \u2014 \u0434\u0435\u043d\u044c \u043f\u0440\u0438\u043a\u043b\u044e\u0447\u0435\u043d\u0438\u0439 \u0432 \u0427\u043e\u043d\u0431\u0443\u0440\u0438 &#8226; \u042d\u043a\u0441\u043a\u0443\u0440\u0441\u0438\u0438 Skyline\" \/>\n<meta property=\"og:description\" content=\"\u0412\u0440\u0435\u043c\u044f \u0442\u0443\u0440\u0430: 7:30 \u2013 21:00 \u0414\u043d\u0438 \u043f\u0440\u043e\u0432\u0435\u0434\u0435\u043d\u0438\u044f: \u0435\u0436\u0435\u0434\u043d\u0435\u0432\u043d\u043e\" \/>\n<meta property=\"og:url\" content=\"http:\/\/skyline-gs.com\/de\/produkt\/siri-discovery-a-day-of-adventure-in-chonburi\/\" \/>\n<meta property=\"og:site_name\" content=\"\u042d\u043a\u0441\u043a\u0443\u0440\u0441\u0438\u0438 Skyline\" \/>\n<meta property=\"article:modified_time\" content=\"2025-11-25T20:02:25+00:00\" \/>\n<meta property=\"og:image\" content=\"https:\/\/skyline-gs.com\/wp-content\/uploads\/2025\/11\/345_1.jpg\" \/>\n\t<meta property=\"og:image:width\" content=\"1600\" \/>\n\t<meta property=\"og:image:height\" content=\"900\" \/>\n\t<meta property=\"og:image:type\" content=\"image\/jpeg\" \/>\n<meta name=\"twitter:card\" content=\"summary_large_image\" \/>\n<meta name=\"twitter:label1\" content=\"Gesch\u00e4tzte Lesezeit\" \/>\n\t<meta name=\"twitter:data1\" content=\"2\u00a0Minuten\" \/>\n<script type=\"application\/ld+json\" class=\"yoast-schema-graph\">{\"@context\":\"https:\\\/\\\/schema.org\",\"@graph\":[{\"@type\":\"WebPage\",\"@id\":\"http:\\\/\\\/skyline-gs.com\\\/de\\\/produkt\\\/siri-discovery-a-day-of-adventure-in-chonburi\\\/\",\"url\":\"http:\\\/\\\/skyline-gs.com\\\/de\\\/produkt\\\/siri-discovery-a-day-of-adventure-in-chonburi\\\/\",\"name\":\"\u0421\u0438\u0440\u0438 \u0414\u0438\u0441\u043a\u0430\u0432\u0435\u0440\u0438 \u2014 \u0434\u0435\u043d\u044c \u043f\u0440\u0438\u043a\u043b\u044e\u0447\u0435\u043d\u0438\u0439 \u0432 \u0427\u043e\u043d\u0431\u0443\u0440\u0438 &#8226; \u042d\u043a\u0441\u043a\u0443\u0440\u0441\u0438\u0438 Skyline\",\"isPartOf\":{\"@id\":\"https:\\\/\\\/skyline-gs.com\\\/it\\\/#website\"},\"primaryImageOfPage\":{\"@id\":\"http:\\\/\\\/skyline-gs.com\\\/de\\\/produkt\\\/siri-discovery-a-day-of-adventure-in-chonburi\\\/#primaryimage\"},\"image\":{\"@id\":\"http:\\\/\\\/skyline-gs.com\\\/de\\\/produkt\\\/siri-discovery-a-day-of-adventure-in-chonburi\\\/#primaryimage\"},\"thumbnailUrl\":\"https:\\\/\\\/skyline-gs.com\\\/wp-content\\\/uploads\\\/2025\\\/11\\\/345_1.jpg\",\"datePublished\":\"2025-11-25T19:34:26+00:00\",\"dateModified\":\"2025-11-25T20:02:25+00:00\",\"breadcrumb\":{\"@id\":\"http:\\\/\\\/skyline-gs.com\\\/de\\\/produkt\\\/siri-discovery-a-day-of-adventure-in-chonburi\\\/#breadcrumb\"},\"inLanguage\":\"de\",\"potentialAction\":[{\"@type\":\"ReadAction\",\"target\":[\"http:\\\/\\\/skyline-gs.com\\\/de\\\/produkt\\\/siri-discovery-a-day-of-adventure-in-chonburi\\\/\"]}]},{\"@type\":\"ImageObject\",\"inLanguage\":\"de\",\"@id\":\"http:\\\/\\\/skyline-gs.com\\\/de\\\/produkt\\\/siri-discovery-a-day-of-adventure-in-chonburi\\\/#primaryimage\",\"url\":\"https:\\\/\\\/skyline-gs.com\\\/wp-content\\\/uploads\\\/2025\\\/11\\\/345_1.jpg\",\"contentUrl\":\"https:\\\/\\\/skyline-gs.com\\\/wp-content\\\/uploads\\\/2025\\\/11\\\/345_1.jpg\",\"width\":1600,\"height\":900},{\"@type\":\"BreadcrumbList\",\"@id\":\"http:\\\/\\\/skyline-gs.com\\\/de\\\/produkt\\\/siri-discovery-a-day-of-adventure-in-chonburi\\\/#breadcrumb\",\"itemListElement\":[{\"@type\":\"ListItem\",\"position\":1,\"name\":\"\u0413\u043b\u0430\u0432\u043d\u0430\u044f \u0441\u0442\u0440\u0430\u043d\u0438\u0446\u0430\",\"item\":\"https:\\\/\\\/skyline-gs.com\\\/hu\\\/\"},{\"@type\":\"ListItem\",\"position\":2,\"name\":\"\u041c\u0430\u0433\u0430\u0437\u0438\u043d\",\"item\":\"https:\\\/\\\/skyline-gs.com\\\/cs\\\/shop\\\/\"},{\"@type\":\"ListItem\",\"position\":3,\"name\":\"\u0421\u0438\u0440\u0438 \u0414\u0438\u0441\u043a\u0430\u0432\u0435\u0440\u0438 \u2014 \u0434\u0435\u043d\u044c \u043f\u0440\u0438\u043a\u043b\u044e\u0447\u0435\u043d\u0438\u0439 \u0432 \u0427\u043e\u043d\u0431\u0443\u0440\u0438\"}]},{\"@type\":\"WebSite\",\"@id\":\"https:\\\/\\\/skyline-gs.com\\\/it\\\/#website\",\"url\":\"https:\\\/\\\/skyline-gs.com\\\/it\\\/\",\"name\":\"\u042d\u043a\u0441\u043a\u0443\u0440\u0441\u0438\u0438 Skyline\",\"description\":\"\u042d\u043a\u0441\u043a\u043b\u044e\u0437\u0438\u0432\u043d\u044b\u0435 \u044d\u043a\u0441\u043a\u0443\u0440\u0441\u0438\u0438 \u043d\u0430 \u043b\u0443\u0447\u0448\u0438\u0445 \u043a\u0443\u0440\u043e\u0440\u0442\u0430\u0445 \u043c\u0438\u0440\u0430\",\"publisher\":{\"@id\":\"https:\\\/\\\/skyline-gs.com\\\/it\\\/#organization\"},\"alternateName\":\"Skyline\",\"potentialAction\":[{\"@type\":\"SearchAction\",\"target\":{\"@type\":\"EntryPoint\",\"urlTemplate\":\"https:\\\/\\\/skyline-gs.com\\\/it\\\/?s={search_term_string}\"},\"query-input\":{\"@type\":\"PropertyValueSpecification\",\"valueRequired\":true,\"valueName\":\"search_term_string\"}}],\"inLanguage\":\"de\"},{\"@type\":\"Organization\",\"@id\":\"https:\\\/\\\/skyline-gs.com\\\/it\\\/#organization\",\"name\":\"\u042d\u043a\u0441\u043a\u0443\u0440\u0441\u0438\u0438 Skyline\",\"alternateName\":\"\u042d\u043a\u0441\u043a\u0443\u0440\u0441\u0438\u0438 Skyline\",\"url\":\"https:\\\/\\\/skyline-gs.com\\\/it\\\/\",\"logo\":{\"@type\":\"ImageObject\",\"inLanguage\":\"de\",\"@id\":\"https:\\\/\\\/skyline-gs.com\\\/it\\\/#\\\/schema\\\/logo\\\/image\\\/\",\"url\":\"https:\\\/\\\/skyline-gs.com\\\/wp-content\\\/uploads\\\/2020\\\/12\\\/cropped-logo-2.png\",\"contentUrl\":\"https:\\\/\\\/skyline-gs.com\\\/wp-content\\\/uploads\\\/2020\\\/12\\\/cropped-logo-2.png\",\"width\":512,\"height\":512,\"caption\":\"\u042d\u043a\u0441\u043a\u0443\u0440\u0441\u0438\u0438 Skyline\"},\"image\":{\"@id\":\"https:\\\/\\\/skyline-gs.com\\\/it\\\/#\\\/schema\\\/logo\\\/image\\\/\"},\"sameAs\":[\"https:\\\/\\\/www.instagram.com\\\/skylineglobalservice\\\/\"]}]}<\/script>\n<!-- \/ Yoast SEO plugin. -->","yoast_head_json":{"title":"\u0421\u0438\u0440\u0438 \u0414\u0438\u0441\u043a\u0430\u0432\u0435\u0440\u0438 \u2014 \u0434\u0435\u043d\u044c \u043f\u0440\u0438\u043a\u043b\u044e\u0447\u0435\u043d\u0438\u0439 \u0432 \u0427\u043e\u043d\u0431\u0443\u0440\u0438 &#8226; \u042d\u043a\u0441\u043a\u0443\u0440\u0441\u0438\u0438 Skyline","robots":{"index":"index","follow":"follow","max-snippet":"max-snippet:-1","max-image-preview":"max-image-preview:large","max-video-preview":"max-video-preview:-1"},"canonical":"http:\/\/skyline-gs.com\/de\/produkt\/siri-discovery-a-day-of-adventure-in-chonburi\/","og_locale":"de_DE","og_type":"article","og_title":"\u0421\u0438\u0440\u0438 \u0414\u0438\u0441\u043a\u0430\u0432\u0435\u0440\u0438 \u2014 \u0434\u0435\u043d\u044c \u043f\u0440\u0438\u043a\u043b\u044e\u0447\u0435\u043d\u0438\u0439 \u0432 \u0427\u043e\u043d\u0431\u0443\u0440\u0438 &#8226; \u042d\u043a\u0441\u043a\u0443\u0440\u0441\u0438\u0438 Skyline","og_description":"\u0412\u0440\u0435\u043c\u044f \u0442\u0443\u0440\u0430: 7:30 \u2013 21:00 \u0414\u043d\u0438 \u043f\u0440\u043e\u0432\u0435\u0434\u0435\u043d\u0438\u044f: \u0435\u0436\u0435\u0434\u043d\u0435\u0432\u043d\u043e","og_url":"http:\/\/skyline-gs.com\/de\/produkt\/siri-discovery-a-day-of-adventure-in-chonburi\/","og_site_name":"\u042d\u043a\u0441\u043a\u0443\u0440\u0441\u0438\u0438 Skyline","article_modified_time":"2025-11-25T20:02:25+00:00","og_image":[{"width":1600,"height":900,"url":"https:\/\/skyline-gs.com\/wp-content\/uploads\/2025\/11\/345_1.jpg","type":"image\/jpeg"}],"twitter_card":"summary_large_image","twitter_misc":{"Gesch\u00e4tzte Lesezeit":"2\u00a0Minuten"},"schema":{"@context":"https:\/\/schema.org","@graph":[{"@type":"WebPage","@id":"http:\/\/skyline-gs.com\/de\/produkt\/siri-discovery-a-day-of-adventure-in-chonburi\/","url":"http:\/\/skyline-gs.com\/de\/produkt\/siri-discovery-a-day-of-adventure-in-chonburi\/","name":"\u0421\u0438\u0440\u0438 \u0414\u0438\u0441\u043a\u0430\u0432\u0435\u0440\u0438 \u2014 \u0434\u0435\u043d\u044c \u043f\u0440\u0438\u043a\u043b\u044e\u0447\u0435\u043d\u0438\u0439 \u0432 \u0427\u043e\u043d\u0431\u0443\u0440\u0438 &#8226; \u042d\u043a\u0441\u043a\u0443\u0440\u0441\u0438\u0438 Skyline","isPartOf":{"@id":"https:\/\/skyline-gs.com\/it\/#website"},"primaryImageOfPage":{"@id":"http:\/\/skyline-gs.com\/de\/produkt\/siri-discovery-a-day-of-adventure-in-chonburi\/#primaryimage"},"image":{"@id":"http:\/\/skyline-gs.com\/de\/produkt\/siri-discovery-a-day-of-adventure-in-chonburi\/#primaryimage"},"thumbnailUrl":"https:\/\/skyline-gs.com\/wp-content\/uploads\/2025\/11\/345_1.jpg","datePublished":"2025-11-25T19:34:26+00:00","dateModified":"2025-11-25T20:02:25+00:00","breadcrumb":{"@id":"http:\/\/skyline-gs.com\/de\/produkt\/siri-discovery-a-day-of-adventure-in-chonburi\/#breadcrumb"},"inLanguage":"de","potentialAction":[{"@type":"ReadAction","target":["http:\/\/skyline-gs.com\/de\/produkt\/siri-discovery-a-day-of-adventure-in-chonburi\/"]}]},{"@type":"ImageObject","inLanguage":"de","@id":"http:\/\/skyline-gs.com\/de\/produkt\/siri-discovery-a-day-of-adventure-in-chonburi\/#primaryimage","url":"https:\/\/skyline-gs.com\/wp-content\/uploads\/2025\/11\/345_1.jpg","contentUrl":"https:\/\/skyline-gs.com\/wp-content\/uploads\/2025\/11\/345_1.jpg","width":1600,"height":900},{"@type":"BreadcrumbList","@id":"http:\/\/skyline-gs.com\/de\/produkt\/siri-discovery-a-day-of-adventure-in-chonburi\/#breadcrumb","itemListElement":[{"@type":"ListItem","position":1,"name":"\u0413\u043b\u0430\u0432\u043d\u0430\u044f \u0441\u0442\u0440\u0430\u043d\u0438\u0446\u0430","item":"https:\/\/skyline-gs.com\/hu\/"},{"@type":"ListItem","position":2,"name":"\u041c\u0430\u0433\u0430\u0437\u0438\u043d","item":"https:\/\/skyline-gs.com\/cs\/shop\/"},{"@type":"ListItem","position":3,"name":"\u0421\u0438\u0440\u0438 \u0414\u0438\u0441\u043a\u0430\u0432\u0435\u0440\u0438 \u2014 \u0434\u0435\u043d\u044c \u043f\u0440\u0438\u043a\u043b\u044e\u0447\u0435\u043d\u0438\u0439 \u0432 \u0427\u043e\u043d\u0431\u0443\u0440\u0438"}]},{"@type":"WebSite","@id":"https:\/\/skyline-gs.com\/it\/#website","url":"https:\/\/skyline-gs.com\/it\/","name":"Skyline Ausfl\u00fcge","description":"Exklusive Ausfl\u00fcge in den besten Resorts der Welt","publisher":{"@id":"https:\/\/skyline-gs.com\/it\/#organization"},"alternateName":"Skyline","potentialAction":[{"@type":"SearchAction","target":{"@type":"EntryPoint","urlTemplate":"https:\/\/skyline-gs.com\/it\/?s={search_term_string}"},"query-input":{"@type":"PropertyValueSpecification","valueRequired":true,"valueName":"search_term_string"}}],"inLanguage":"de"},{"@type":"Organization","@id":"https:\/\/skyline-gs.com\/it\/#organization","name":"Skyline Ausfl\u00fcge","alternateName":"\u042d\u043a\u0441\u043a\u0443\u0440\u0441\u0438\u0438 Skyline","url":"https:\/\/skyline-gs.com\/it\/","logo":{"@type":"ImageObject","inLanguage":"de","@id":"https:\/\/skyline-gs.com\/it\/#\/schema\/logo\/image\/","url":"https:\/\/skyline-gs.com\/wp-content\/uploads\/2020\/12\/cropped-logo-2.png","contentUrl":"https:\/\/skyline-gs.com\/wp-content\/uploads\/2020\/12\/cropped-logo-2.png","width":512,"height":512,"caption":"\u042d\u043a\u0441\u043a\u0443\u0440\u0441\u0438\u0438 Skyline"},"image":{"@id":"https:\/\/skyline-gs.com\/it\/#\/schema\/logo\/image\/"},"sameAs":["https:\/\/www.instagram.com\/skylineglobalservice\/"]}]}},"_links":{"self":[{"href":"https:\/\/skyline-gs.com\/de\/wp-json\/wp\/v2\/product\/71615","targetHints":{"allow":["GET"]}}],"collection":[{"href":"https:\/\/skyline-gs.com\/de\/wp-json\/wp\/v2\/product"}],"about":[{"href":"https:\/\/skyline-gs.com\/de\/wp-json\/wp\/v2\/types\/product"}],"version-history":[{"count":0,"href":"https:\/\/skyline-gs.com\/de\/wp-json\/wp\/v2\/product\/71615\/revisions"}],"wp:featuredmedia":[{"embeddable":true,"href":"https:\/\/skyline-gs.com\/de\/wp-json\/wp\/v2\/media\/71616"}],"wp:attachment":[{"href":"https:\/\/skyline-gs.com\/de\/wp-json\/wp\/v2\/media?parent=71615"}],"wp:term":[{"taxonomy":"product_brand","embeddable":true,"href":"https:\/\/skyline-gs.com\/de\/wp-json\/wp\/v2\/product_brand?post=71615"},{"taxonomy":"product_cat","embeddable":true,"href":"https:\/\/skyline-gs.com\/de\/wp-json\/wp\/v2\/product_cat?post=71615"},{"taxonomy":"product_tag","embeddable":true,"href":"https:\/\/skyline-gs.com\/de\/wp-json\/wp\/v2\/product_tag?post=71615"}],"curies":[{"name":"wp","href":"https:\/\/api.w.org\/{rel}","templated":true}]}}