{"id":71460,"date":"2025-11-20T16:28:03","date_gmt":"2025-11-20T14:28:03","guid":{"rendered":"http:\/\/skyline-gs.com\/?post_type=product&#038;p=71460"},"modified":"2025-11-20T17:41:14","modified_gmt":"2025-11-20T15:41:14","slug":"nong-nuch-tropical-garden","status":"publish","type":"product","link":"https:\/\/skyline-gs.com\/de\/product\/nong-nuch-tropical-garden\/","title":{"rendered":"Nong Nuch Tropischer Garten.\u00ab"},"content":{"rendered":"<p>Der Madame Nong Nuch Tropical Garden ist ein beeindruckender Landschaftskomplex mit endlosen Gew\u00e4chsh\u00e4usern - leuchtende Orchideen, Themenbereiche, eine Palmensammlung, Arjpaym-Seen, Dinosaurier, eine Elefantenshow, eine historische Theaterauff\u00fchrung und vieles mehr.<br \/>\nSie besuchen den Englischen Garten \/ Stonehenge, den Franz\u00f6sischen Garten von Versailles, den Kaktusgarten, den Steingarten, sehen eine Sammlung von Retro-Autos und k\u00f6nnen sogar auf einem Elefanten reiten.<\/p>\n<p><strong>Programm<\/strong><\/p>\n<ul>\n<li>08:00 - Abfahrt von der Lobby Ihres Hotels (Pattaya).<\/li>\n<li>10:00 - Ankunft im Nong Nuch Garden, Einchecken, einf\u00fchrender \u00dcberblick.<\/li>\n<li>10:15-11:00 - Spaziergang durch den Orchideen- und Kakteengarten: farbenfrohe Pflanzen, Fotozonen.<\/li>\n<li>11:00-12:00 - Dinosaur Valley Zone: gro\u00dfformatige Dinosauriernachbildungen, Installationen.<\/li>\n<li>12:00-12:45 - Besuch des Franz\u00f6sischen Gartens und des Bereichs im europ\u00e4ischen Stil mit Landschaftsgestaltung.<\/li>\n<li>12:45-13:45 - Mittagessen in Form eines Buffets (bei der Option Mittagessen) oder Freizeit \/ leichter Snack (bei der Option Standard).<\/li>\n<li>13:45-15:00 - Traditionelle Thai-Show + Elefanten-Show: Musik, Tanzvorf\u00fchrungen, lustige Tiernummern.<\/li>\n<li>15:00-16:00 - Spaziergang um den See, botanische Alleen, Fotosession, Tee und Kaffee im Gartencaf\u00e9.<\/li>\n<li>16:00-17:30 - Freizeit: Sie k\u00f6nnen die Schlangenzone, die Schlangenfarm (bei der Option VIP + Schlangenfarm) und die Souvenirl\u00e4den besuchen.<\/li>\n<li>17:30-19:00 - Abendessen im Gartenrestaurant (f\u00fcr die Option Abendessen und Show) mit sch\u00f6ner Atmosph\u00e4re und Blick auf die Landschaft.<\/li>\n<li>19:00 - Abreise zur\u00fcck zum Hotel.<\/li>\n<li>21:00 - R\u00fcckkehr zum Hotel.<\/li>\n<\/ul>\n<p><strong>Inbegriffen:<\/strong><\/p>\n<ul>\n<li>Transfer vom und zum Hotel (f\u00fcr Transferoptionen)<\/li>\n<li>Programmtransfer mit komfortablem Bus\/Minivan<\/li>\n<li>Englischsprachiger Reiseleiter<\/li>\n<li>Eintrittskarten je nach gew\u00e4hlter Option<\/li>\n<li>Mittag- oder Abendessen (falls ausgew\u00e4hlt)<\/li>\n<li>Show \/ Kulturprogramm (je nach Option)<\/li>\n<li>Versicherung<\/li>\n<\/ul>\n<p><strong>Nimm mit:<\/strong><\/p>\n<ul>\n<li>Kopie des Reisepasses<\/li>\n<li>Kamera<\/li>\n<li>Sonnenbrille<\/li>\n<li>Bequeme Schuhe<\/li>\n<li>Eine leichte Jacke f\u00fcr den Abend (falls es k\u00fchl ist).<\/li>\n<li>sich mit Wasser oder Getr\u00e4nken eindecken (obwohl es vor Ort ein Caf\u00e9 gibt)<\/li>\n<li>Geld f\u00fcr pers\u00f6nliche Ausgaben.<\/li>\n<\/ul>\n<p><strong>Weitere Informationen:<\/strong><\/p>\n<ul>\n<li>Innerhalb der G\u00e4rten gibt es zus\u00e4tzlich Bereiche mit Tieren und Elefantenshows, die zu unterschiedlichen Zeiten beginnen k\u00f6nnen - auf dem Programm stehen 10:15-15:00.<\/li>\n<li>Kleiderordnung: F\u00fcr den Besuch der G\u00e4rten ist bequeme Kleidung vorgeschrieben, Schultern und Knie sollten beim Besuch von Pavillons oder Shows m\u00f6glichst bedeckt sein.<\/li>\n<li>Erkundigen Sie sich bei Ihrem Reiseleiter\/Veranstalter nach Gutscheinen und Transferpl\u00e4nen.<\/li>\n<li>Der Garten ist gro\u00df - es gibt viele Stufen; bei Bedarf kann man Fahrr\u00e4der oder Elektroautos mieten (gegen Aufpreis).<\/li>\n<\/ul>","protected":false},"excerpt":{"rendered":"<p><strong>Tourzeit:<\/strong> 8:00 \u2013 21:00<br \/>\n<strong>Veranstaltungstage:<\/strong> Montag, Mittwoch, Samstag<\/p>","protected":false},"featured_media":71485,"template":"","meta":{"_kad_post_transparent":"default","_kad_post_title":"","_kad_post_layout":"default","_kad_post_sidebar_id":"","_kad_post_content_style":"default","_kad_post_vertical_padding":"default","_kad_post_feature":"","_kad_post_feature_position":"","_kad_post_header":false,"_kad_post_footer":false,"_kad_post_classname":"","_glsr_average":0,"_glsr_ranking":0,"_glsr_reviews":0},"product_brand":[],"product_cat":[507],"product_tag":[],"class_list":{"0":"post-71460","1":"product","2":"type-product","3":"status-publish","4":"has-post-thumbnail","6":"product_cat-pattaya","7":"tm-has-options","9":"first","10":"instock","11":"sold-individually","12":"taxable","13":"shipping-taxable","14":"purchasable","15":"product-type-simple","16":"entry","17":"content-bg","18":"loop-entry"},"yoast_head":"<!-- This site is optimized with the Yoast SEO plugin v27.3 - https:\/\/yoast.com\/product\/yoast-seo-wordpress\/ -->\n<title>\u0421\u0430\u0434 \u043e\u0440\u0445\u0438\u0434\u0435\u0439 \u00abNong Nuch Tropical Garden\u00bb &#8226; \u042d\u043a\u0441\u043a\u0443\u0440\u0441\u0438\u0438 Skyline<\/title>\n<meta name=\"robots\" content=\"index, follow, max-snippet:-1, max-image-preview:large, max-video-preview:-1\" \/>\n<link rel=\"canonical\" href=\"http:\/\/skyline-gs.com\/de\/produkt\/nong-nuch-tropical-garden\/\" \/>\n<meta property=\"og:locale\" content=\"de_DE\" \/>\n<meta property=\"og:type\" content=\"article\" \/>\n<meta property=\"og:title\" content=\"\u0421\u0430\u0434 \u043e\u0440\u0445\u0438\u0434\u0435\u0439 \u00abNong Nuch Tropical Garden\u00bb &#8226; \u042d\u043a\u0441\u043a\u0443\u0440\u0441\u0438\u0438 Skyline\" \/>\n<meta property=\"og:description\" content=\"\u0412\u0440\u0435\u043c\u044f \u0442\u0443\u0440\u0430: 8:00 \u2013 21:00 \u0414\u043d\u0438 \u043f\u0440\u043e\u0432\u0435\u0434\u0435\u043d\u0438\u044f: \u043f\u043e\u043d\u0435\u0434\u0435\u043b\u044c\u043d\u0438\u043a, \u0441\u0440\u0435\u0434\u0430, \u0441\u0443\u0431\u0431\u043e\u0442\u0430\" \/>\n<meta property=\"og:url\" content=\"http:\/\/skyline-gs.com\/de\/produkt\/nong-nuch-tropical-garden\/\" \/>\n<meta property=\"og:site_name\" content=\"\u042d\u043a\u0441\u043a\u0443\u0440\u0441\u0438\u0438 Skyline\" \/>\n<meta property=\"article:modified_time\" content=\"2025-11-20T15:41:14+00:00\" \/>\n<meta property=\"og:image\" content=\"https:\/\/skyline-gs.com\/wp-content\/uploads\/2025\/11\/img_4026_0.jpg.webp\" \/>\n\t<meta property=\"og:image:width\" content=\"1500\" \/>\n\t<meta property=\"og:image:height\" content=\"1000\" \/>\n\t<meta property=\"og:image:type\" content=\"image\/webp\" \/>\n<meta name=\"twitter:card\" content=\"summary_large_image\" \/>\n<meta name=\"twitter:label1\" content=\"Gesch\u00e4tzte Lesezeit\" \/>\n\t<meta name=\"twitter:data1\" content=\"2\u00a0Minuten\" \/>\n<script type=\"application\/ld+json\" class=\"yoast-schema-graph\">{\"@context\":\"https:\\\/\\\/schema.org\",\"@graph\":[{\"@type\":\"WebPage\",\"@id\":\"http:\\\/\\\/skyline-gs.com\\\/it\\\/prodotto\\\/nong-nuch-tropical-garden\\\/\",\"url\":\"http:\\\/\\\/skyline-gs.com\\\/it\\\/prodotto\\\/nong-nuch-tropical-garden\\\/\",\"name\":\"\u0421\u0430\u0434 \u043e\u0440\u0445\u0438\u0434\u0435\u0439 \u00abNong Nuch Tropical Garden\u00bb &#8226; \u042d\u043a\u0441\u043a\u0443\u0440\u0441\u0438\u0438 Skyline\",\"isPartOf\":{\"@id\":\"https:\\\/\\\/skyline-gs.com\\\/it\\\/#website\"},\"primaryImageOfPage\":{\"@id\":\"http:\\\/\\\/skyline-gs.com\\\/it\\\/prodotto\\\/nong-nuch-tropical-garden\\\/#primaryimage\"},\"image\":{\"@id\":\"http:\\\/\\\/skyline-gs.com\\\/it\\\/prodotto\\\/nong-nuch-tropical-garden\\\/#primaryimage\"},\"thumbnailUrl\":\"https:\\\/\\\/skyline-gs.com\\\/wp-content\\\/uploads\\\/2025\\\/11\\\/img_4026_0.jpg.webp\",\"datePublished\":\"2025-11-20T14:28:03+00:00\",\"dateModified\":\"2025-11-20T15:41:14+00:00\",\"breadcrumb\":{\"@id\":\"http:\\\/\\\/skyline-gs.com\\\/it\\\/prodotto\\\/nong-nuch-tropical-garden\\\/#breadcrumb\"},\"inLanguage\":\"de\",\"potentialAction\":[{\"@type\":\"ReadAction\",\"target\":[\"http:\\\/\\\/skyline-gs.com\\\/it\\\/prodotto\\\/nong-nuch-tropical-garden\\\/\"]}]},{\"@type\":\"ImageObject\",\"inLanguage\":\"de\",\"@id\":\"http:\\\/\\\/skyline-gs.com\\\/it\\\/prodotto\\\/nong-nuch-tropical-garden\\\/#primaryimage\",\"url\":\"https:\\\/\\\/skyline-gs.com\\\/wp-content\\\/uploads\\\/2025\\\/11\\\/img_4026_0.jpg.webp\",\"contentUrl\":\"https:\\\/\\\/skyline-gs.com\\\/wp-content\\\/uploads\\\/2025\\\/11\\\/img_4026_0.jpg.webp\",\"width\":1500,\"height\":1000},{\"@type\":\"BreadcrumbList\",\"@id\":\"http:\\\/\\\/skyline-gs.com\\\/it\\\/prodotto\\\/nong-nuch-tropical-garden\\\/#breadcrumb\",\"itemListElement\":[{\"@type\":\"ListItem\",\"position\":1,\"name\":\"\u0413\u043b\u0430\u0432\u043d\u0430\u044f \u0441\u0442\u0440\u0430\u043d\u0438\u0446\u0430\",\"item\":\"https:\\\/\\\/skyline-gs.com\\\/hu\\\/\"},{\"@type\":\"ListItem\",\"position\":2,\"name\":\"\u041c\u0430\u0433\u0430\u0437\u0438\u043d\",\"item\":\"https:\\\/\\\/skyline-gs.com\\\/cs\\\/shop\\\/\"},{\"@type\":\"ListItem\",\"position\":3,\"name\":\"\u0421\u0430\u0434 \u043e\u0440\u0445\u0438\u0434\u0435\u0439 \u00abNong Nuch Tropical Garden\u00bb\"}]},{\"@type\":\"WebSite\",\"@id\":\"https:\\\/\\\/skyline-gs.com\\\/it\\\/#website\",\"url\":\"https:\\\/\\\/skyline-gs.com\\\/it\\\/\",\"name\":\"\u042d\u043a\u0441\u043a\u0443\u0440\u0441\u0438\u0438 Skyline\",\"description\":\"\u042d\u043a\u0441\u043a\u043b\u044e\u0437\u0438\u0432\u043d\u044b\u0435 \u044d\u043a\u0441\u043a\u0443\u0440\u0441\u0438\u0438 \u043d\u0430 \u043b\u0443\u0447\u0448\u0438\u0445 \u043a\u0443\u0440\u043e\u0440\u0442\u0430\u0445 \u043c\u0438\u0440\u0430\",\"publisher\":{\"@id\":\"https:\\\/\\\/skyline-gs.com\\\/it\\\/#organization\"},\"alternateName\":\"Skyline\",\"potentialAction\":[{\"@type\":\"SearchAction\",\"target\":{\"@type\":\"EntryPoint\",\"urlTemplate\":\"https:\\\/\\\/skyline-gs.com\\\/it\\\/?s={search_term_string}\"},\"query-input\":{\"@type\":\"PropertyValueSpecification\",\"valueRequired\":true,\"valueName\":\"search_term_string\"}}],\"inLanguage\":\"de\"},{\"@type\":\"Organization\",\"@id\":\"https:\\\/\\\/skyline-gs.com\\\/it\\\/#organization\",\"name\":\"\u042d\u043a\u0441\u043a\u0443\u0440\u0441\u0438\u0438 Skyline\",\"alternateName\":\"\u042d\u043a\u0441\u043a\u0443\u0440\u0441\u0438\u0438 Skyline\",\"url\":\"https:\\\/\\\/skyline-gs.com\\\/it\\\/\",\"logo\":{\"@type\":\"ImageObject\",\"inLanguage\":\"de\",\"@id\":\"https:\\\/\\\/skyline-gs.com\\\/it\\\/#\\\/schema\\\/logo\\\/image\\\/\",\"url\":\"https:\\\/\\\/skyline-gs.com\\\/wp-content\\\/uploads\\\/2020\\\/12\\\/cropped-logo-2.png\",\"contentUrl\":\"https:\\\/\\\/skyline-gs.com\\\/wp-content\\\/uploads\\\/2020\\\/12\\\/cropped-logo-2.png\",\"width\":512,\"height\":512,\"caption\":\"\u042d\u043a\u0441\u043a\u0443\u0440\u0441\u0438\u0438 Skyline\"},\"image\":{\"@id\":\"https:\\\/\\\/skyline-gs.com\\\/it\\\/#\\\/schema\\\/logo\\\/image\\\/\"},\"sameAs\":[\"https:\\\/\\\/www.instagram.com\\\/skylineglobalservice\\\/\"]}]}<\/script>\n<!-- \/ Yoast SEO plugin. -->","yoast_head_json":{"title":"\u0421\u0430\u0434 \u043e\u0440\u0445\u0438\u0434\u0435\u0439 \u00abNong Nuch Tropical Garden\u00bb &#8226; \u042d\u043a\u0441\u043a\u0443\u0440\u0441\u0438\u0438 Skyline","robots":{"index":"index","follow":"follow","max-snippet":"max-snippet:-1","max-image-preview":"max-image-preview:large","max-video-preview":"max-video-preview:-1"},"canonical":"http:\/\/skyline-gs.com\/de\/produkt\/nong-nuch-tropical-garden\/","og_locale":"de_DE","og_type":"article","og_title":"\u0421\u0430\u0434 \u043e\u0440\u0445\u0438\u0434\u0435\u0439 \u00abNong Nuch Tropical Garden\u00bb &#8226; \u042d\u043a\u0441\u043a\u0443\u0440\u0441\u0438\u0438 Skyline","og_description":"\u0412\u0440\u0435\u043c\u044f \u0442\u0443\u0440\u0430: 8:00 \u2013 21:00 \u0414\u043d\u0438 \u043f\u0440\u043e\u0432\u0435\u0434\u0435\u043d\u0438\u044f: \u043f\u043e\u043d\u0435\u0434\u0435\u043b\u044c\u043d\u0438\u043a, \u0441\u0440\u0435\u0434\u0430, \u0441\u0443\u0431\u0431\u043e\u0442\u0430","og_url":"http:\/\/skyline-gs.com\/de\/produkt\/nong-nuch-tropical-garden\/","og_site_name":"\u042d\u043a\u0441\u043a\u0443\u0440\u0441\u0438\u0438 Skyline","article_modified_time":"2025-11-20T15:41:14+00:00","og_image":[{"width":1500,"height":1000,"url":"https:\/\/skyline-gs.com\/wp-content\/uploads\/2025\/11\/img_4026_0.jpg.webp","type":"image\/webp"}],"twitter_card":"summary_large_image","twitter_misc":{"Gesch\u00e4tzte Lesezeit":"2\u00a0Minuten"},"schema":{"@context":"https:\/\/schema.org","@graph":[{"@type":"WebPage","@id":"http:\/\/skyline-gs.com\/it\/prodotto\/nong-nuch-tropical-garden\/","url":"http:\/\/skyline-gs.com\/it\/prodotto\/nong-nuch-tropical-garden\/","name":"\u0421\u0430\u0434 \u043e\u0440\u0445\u0438\u0434\u0435\u0439 \u00abNong Nuch Tropical Garden\u00bb &#8226; \u042d\u043a\u0441\u043a\u0443\u0440\u0441\u0438\u0438 Skyline","isPartOf":{"@id":"https:\/\/skyline-gs.com\/it\/#website"},"primaryImageOfPage":{"@id":"http:\/\/skyline-gs.com\/it\/prodotto\/nong-nuch-tropical-garden\/#primaryimage"},"image":{"@id":"http:\/\/skyline-gs.com\/it\/prodotto\/nong-nuch-tropical-garden\/#primaryimage"},"thumbnailUrl":"https:\/\/skyline-gs.com\/wp-content\/uploads\/2025\/11\/img_4026_0.jpg.webp","datePublished":"2025-11-20T14:28:03+00:00","dateModified":"2025-11-20T15:41:14+00:00","breadcrumb":{"@id":"http:\/\/skyline-gs.com\/it\/prodotto\/nong-nuch-tropical-garden\/#breadcrumb"},"inLanguage":"de","potentialAction":[{"@type":"ReadAction","target":["http:\/\/skyline-gs.com\/it\/prodotto\/nong-nuch-tropical-garden\/"]}]},{"@type":"ImageObject","inLanguage":"de","@id":"http:\/\/skyline-gs.com\/it\/prodotto\/nong-nuch-tropical-garden\/#primaryimage","url":"https:\/\/skyline-gs.com\/wp-content\/uploads\/2025\/11\/img_4026_0.jpg.webp","contentUrl":"https:\/\/skyline-gs.com\/wp-content\/uploads\/2025\/11\/img_4026_0.jpg.webp","width":1500,"height":1000},{"@type":"BreadcrumbList","@id":"http:\/\/skyline-gs.com\/it\/prodotto\/nong-nuch-tropical-garden\/#breadcrumb","itemListElement":[{"@type":"ListItem","position":1,"name":"\u0413\u043b\u0430\u0432\u043d\u0430\u044f \u0441\u0442\u0440\u0430\u043d\u0438\u0446\u0430","item":"https:\/\/skyline-gs.com\/hu\/"},{"@type":"ListItem","position":2,"name":"\u041c\u0430\u0433\u0430\u0437\u0438\u043d","item":"https:\/\/skyline-gs.com\/cs\/shop\/"},{"@type":"ListItem","position":3,"name":"\u0421\u0430\u0434 \u043e\u0440\u0445\u0438\u0434\u0435\u0439 \u00abNong Nuch Tropical Garden\u00bb"}]},{"@type":"WebSite","@id":"https:\/\/skyline-gs.com\/it\/#website","url":"https:\/\/skyline-gs.com\/it\/","name":"Skyline Ausfl\u00fcge","description":"Exklusive Ausfl\u00fcge in den besten Resorts der Welt","publisher":{"@id":"https:\/\/skyline-gs.com\/it\/#organization"},"alternateName":"Skyline","potentialAction":[{"@type":"SearchAction","target":{"@type":"EntryPoint","urlTemplate":"https:\/\/skyline-gs.com\/it\/?s={search_term_string}"},"query-input":{"@type":"PropertyValueSpecification","valueRequired":true,"valueName":"search_term_string"}}],"inLanguage":"de"},{"@type":"Organization","@id":"https:\/\/skyline-gs.com\/it\/#organization","name":"Skyline Ausfl\u00fcge","alternateName":"\u042d\u043a\u0441\u043a\u0443\u0440\u0441\u0438\u0438 Skyline","url":"https:\/\/skyline-gs.com\/it\/","logo":{"@type":"ImageObject","inLanguage":"de","@id":"https:\/\/skyline-gs.com\/it\/#\/schema\/logo\/image\/","url":"https:\/\/skyline-gs.com\/wp-content\/uploads\/2020\/12\/cropped-logo-2.png","contentUrl":"https:\/\/skyline-gs.com\/wp-content\/uploads\/2020\/12\/cropped-logo-2.png","width":512,"height":512,"caption":"\u042d\u043a\u0441\u043a\u0443\u0440\u0441\u0438\u0438 Skyline"},"image":{"@id":"https:\/\/skyline-gs.com\/it\/#\/schema\/logo\/image\/"},"sameAs":["https:\/\/www.instagram.com\/skylineglobalservice\/"]}]}},"_links":{"self":[{"href":"https:\/\/skyline-gs.com\/de\/wp-json\/wp\/v2\/product\/71460","targetHints":{"allow":["GET"]}}],"collection":[{"href":"https:\/\/skyline-gs.com\/de\/wp-json\/wp\/v2\/product"}],"about":[{"href":"https:\/\/skyline-gs.com\/de\/wp-json\/wp\/v2\/types\/product"}],"version-history":[{"count":0,"href":"https:\/\/skyline-gs.com\/de\/wp-json\/wp\/v2\/product\/71460\/revisions"}],"wp:featuredmedia":[{"embeddable":true,"href":"https:\/\/skyline-gs.com\/de\/wp-json\/wp\/v2\/media\/71485"}],"wp:attachment":[{"href":"https:\/\/skyline-gs.com\/de\/wp-json\/wp\/v2\/media?parent=71460"}],"wp:term":[{"taxonomy":"product_brand","embeddable":true,"href":"https:\/\/skyline-gs.com\/de\/wp-json\/wp\/v2\/product_brand?post=71460"},{"taxonomy":"product_cat","embeddable":true,"href":"https:\/\/skyline-gs.com\/de\/wp-json\/wp\/v2\/product_cat?post=71460"},{"taxonomy":"product_tag","embeddable":true,"href":"https:\/\/skyline-gs.com\/de\/wp-json\/wp\/v2\/product_tag?post=71460"}],"curies":[{"name":"wp","href":"https:\/\/api.w.org\/{rel}","templated":true}]}}