{"id":71135,"date":"2025-11-13T23:19:49","date_gmt":"2025-11-13T21:19:49","guid":{"rendered":"http:\/\/skyline-gs.com\/?post_type=product&#038;p=71135"},"modified":"2025-11-13T23:30:03","modified_gmt":"2025-11-13T21:30:03","slug":"siam-park-city-is-an-amusement-park-in-bangkok","status":"publish","type":"product","link":"https:\/\/skyline-gs.com\/de\/product\/siam-park-city-is-an-amusement-park-in-bangkok\/","title":{"rendered":"Siam Park City ist ein Vergn\u00fcgungspark in Bangkok"},"content":{"rendered":"<p>Entdecken Sie einen der gr\u00f6\u00dften und extremsten Parks Thailands, den Siam Park City. Er kombiniert Wasserbahnen mit Achterbahnen, einem riesigen Wasserpark und Spa\u00dfzonen f\u00fcr die ganze Familie.<\/p>\n<p><strong>Programm<\/strong><\/p>\n<ul>\n<li>Abholung der Touristen durch die Hotels in Pattaya, Transfer zum Park in Bangkok.<\/li>\n<li>Ankunft in Siam Park City:<\/li>\n<li>Wasserpark: riesige Wellenlagune, Hochgeschwindigkeits-Wasserrutschen, \u00abLazy River\u00bb.<\/li>\n<li>X-Zone\u00ab Zone mit extremen Attraktionen: Achterbahnen, freier Fall, Ger\u00e4te der Thrill-Klasse.<\/li>\n<li>Familien- und Kinderbereiche: Family World, Fantasy World, Small World - Fahrgesch\u00e4fte und Unterhaltung f\u00fcr Kinder.<\/li>\n<li>Freie Zeit im Park, Mahlzeiten (nach Wahl).<\/li>\n<li>R\u00fcckkehr zum Hotel in Pattaya.<\/li>\n<\/ul>\n<p><strong>Inbegriffen:<\/strong><\/p>\n<ul>\n<li>Eintrittskarte f\u00fcr den Park (Erwachsene\/Kinder).<\/li>\n<li>(falls ausgew\u00e4hlt) Transfer zum und vom Hotel.<\/li>\n<li>Vollst\u00e4ndiger Besuch des Vergn\u00fcgungsparks und Wasserparks Siam Park City.<\/li>\n<\/ul>\n<p><strong>Nimm mit:<\/strong><\/p>\n<ul>\n<li>Badeanzug (wenn Sie den Wasserpark besuchen wollen), Handtuch.<\/li>\n<li>Kleidung und Schuhe zum Wechseln (f\u00fcr Fahrten und Ausfl\u00fcge).<\/li>\n<li>Sonnenschutzmittel, Kopfbedeckung.<\/li>\n<li>Foto-\/Videokamera, Ladeger\u00e4te.<\/li>\n<li>Geld f\u00fcr pers\u00f6nliche Ausgaben: Getr\u00e4nke, Essen, Fotos usw.<\/li>\n<\/ul>\n<p><strong>Weitere Informationen:<\/strong><\/p>\n<ul>\n<li>Kindertarife werden nach K\u00f6rpergr\u00f6\u00dfe berechnet (z. B. 90-120 cm) - bitte bei der Buchung pr\u00fcfen.<\/li>\n<li>Personen, die unter dem Einfluss von Alkohol oder Drogen stehen, d\u00fcrfen nicht zugelassen werden.<\/li>\n<li>Das Programm kann vom Veranstalter aufgrund von Wetter- oder anderen Bedingungen ge\u00e4ndert werden.<\/li>\n<\/ul>","protected":false},"excerpt":{"rendered":"<p><strong>Tourzeit:<\/strong> muss bei der Buchung best\u00e4tigt werden<br \/>\n<strong>Veranstaltungstage:<\/strong> T\u00e4glich<\/p>","protected":false},"featured_media":71137,"template":"","meta":{"_kad_post_transparent":"default","_kad_post_title":"","_kad_post_layout":"default","_kad_post_sidebar_id":"","_kad_post_content_style":"default","_kad_post_vertical_padding":"default","_kad_post_feature":"","_kad_post_feature_position":"","_kad_post_header":false,"_kad_post_footer":false,"_kad_post_classname":"","_glsr_average":0,"_glsr_ranking":0,"_glsr_reviews":0},"product_brand":[],"product_cat":[507],"product_tag":[],"class_list":{"0":"post-71135","1":"product","2":"type-product","3":"status-publish","4":"has-post-thumbnail","6":"product_cat-pattaya","7":"tm-has-options","9":"first","10":"instock","11":"sold-individually","12":"taxable","13":"shipping-taxable","14":"purchasable","15":"product-type-simple","16":"entry","17":"content-bg","18":"loop-entry"},"yoast_head":"<!-- This site is optimized with the Yoast SEO plugin v27.3 - https:\/\/yoast.com\/product\/yoast-seo-wordpress\/ -->\n<title>Siam Park City\u00bb \u2014 \u043f\u0430\u0440\u043a \u0440\u0430\u0437\u0432\u043b\u0435\u0447\u0435\u043d\u0438\u0439 \u0432 \u0411\u0430\u043d\u0433\u043a\u043e\u043a\u0435 &#8226; \u042d\u043a\u0441\u043a\u0443\u0440\u0441\u0438\u0438 Skyline<\/title>\n<meta name=\"robots\" content=\"index, follow, max-snippet:-1, max-image-preview:large, max-video-preview:-1\" \/>\n<link rel=\"canonical\" href=\"https:\/\/skyline-gs.com\/de\/produkt\/siam-park-city-is-an-amusement-park-in-bangkok\/\" \/>\n<meta property=\"og:locale\" content=\"de_DE\" \/>\n<meta property=\"og:type\" content=\"article\" \/>\n<meta property=\"og:title\" content=\"Siam Park City\u00bb \u2014 \u043f\u0430\u0440\u043a \u0440\u0430\u0437\u0432\u043b\u0435\u0447\u0435\u043d\u0438\u0439 \u0432 \u0411\u0430\u043d\u0433\u043a\u043e\u043a\u0435 &#8226; \u042d\u043a\u0441\u043a\u0443\u0440\u0441\u0438\u0438 Skyline\" \/>\n<meta property=\"og:description\" content=\"\u0412\u0440\u0435\u043c\u044f \u0442\u0443\u0440\u0430: \u0443\u0442\u043e\u0447\u043d\u044f\u0435\u0442\u0441\u044f \u043f\u0440\u0438 \u0431\u0440\u043e\u043d\u0438\u0440\u043e\u0432\u0430\u043d\u0438\u0438 \u0414\u043d\u0438 \u043f\u0440\u043e\u0432\u0435\u0434\u0435\u043d\u0438\u044f: \u0435\u0436\u0435\u0434\u043d\u0435\u0432\u043d\u043e\" \/>\n<meta property=\"og:url\" content=\"https:\/\/skyline-gs.com\/de\/produkt\/siam-park-city-is-an-amusement-park-in-bangkok\/\" \/>\n<meta property=\"og:site_name\" content=\"\u042d\u043a\u0441\u043a\u0443\u0440\u0441\u0438\u0438 Skyline\" \/>\n<meta property=\"article:modified_time\" content=\"2025-11-13T21:30:03+00:00\" \/>\n<meta property=\"og:image\" content=\"https:\/\/skyline-gs.com\/wp-content\/uploads\/2025\/11\/siam-park-v-bangkoke-5.jpg\" \/>\n\t<meta property=\"og:image:width\" content=\"1152\" \/>\n\t<meta property=\"og:image:height\" content=\"600\" \/>\n\t<meta property=\"og:image:type\" content=\"image\/jpeg\" \/>\n<meta name=\"twitter:card\" content=\"summary_large_image\" \/>\n<meta name=\"twitter:label1\" content=\"Gesch\u00e4tzte Lesezeit\" \/>\n\t<meta name=\"twitter:data1\" content=\"2\u00a0Minuten\" \/>\n<script type=\"application\/ld+json\" class=\"yoast-schema-graph\">{\"@context\":\"https:\\\/\\\/schema.org\",\"@graph\":[{\"@type\":\"WebPage\",\"@id\":\"https:\\\/\\\/skyline-gs.com\\\/en\\\/product-2\\\/siam-park-city-is-an-amusement-park-in-bangkok\\\/\",\"url\":\"https:\\\/\\\/skyline-gs.com\\\/en\\\/product-2\\\/siam-park-city-is-an-amusement-park-in-bangkok\\\/\",\"name\":\"Siam Park City\u00bb \u2014 \u043f\u0430\u0440\u043a \u0440\u0430\u0437\u0432\u043b\u0435\u0447\u0435\u043d\u0438\u0439 \u0432 \u0411\u0430\u043d\u0433\u043a\u043e\u043a\u0435 &#8226; \u042d\u043a\u0441\u043a\u0443\u0440\u0441\u0438\u0438 Skyline\",\"isPartOf\":{\"@id\":\"https:\\\/\\\/skyline-gs.com\\\/it\\\/#website\"},\"primaryImageOfPage\":{\"@id\":\"https:\\\/\\\/skyline-gs.com\\\/en\\\/product-2\\\/siam-park-city-is-an-amusement-park-in-bangkok\\\/#primaryimage\"},\"image\":{\"@id\":\"https:\\\/\\\/skyline-gs.com\\\/en\\\/product-2\\\/siam-park-city-is-an-amusement-park-in-bangkok\\\/#primaryimage\"},\"thumbnailUrl\":\"https:\\\/\\\/skyline-gs.com\\\/wp-content\\\/uploads\\\/2025\\\/11\\\/siam-park-v-bangkoke-5.jpg\",\"datePublished\":\"2025-11-13T21:19:49+00:00\",\"dateModified\":\"2025-11-13T21:30:03+00:00\",\"breadcrumb\":{\"@id\":\"https:\\\/\\\/skyline-gs.com\\\/en\\\/product-2\\\/siam-park-city-is-an-amusement-park-in-bangkok\\\/#breadcrumb\"},\"inLanguage\":\"de\",\"potentialAction\":[{\"@type\":\"ReadAction\",\"target\":[\"https:\\\/\\\/skyline-gs.com\\\/en\\\/product-2\\\/siam-park-city-is-an-amusement-park-in-bangkok\\\/\"]}]},{\"@type\":\"ImageObject\",\"inLanguage\":\"de\",\"@id\":\"https:\\\/\\\/skyline-gs.com\\\/en\\\/product-2\\\/siam-park-city-is-an-amusement-park-in-bangkok\\\/#primaryimage\",\"url\":\"https:\\\/\\\/skyline-gs.com\\\/wp-content\\\/uploads\\\/2025\\\/11\\\/siam-park-v-bangkoke-5.jpg\",\"contentUrl\":\"https:\\\/\\\/skyline-gs.com\\\/wp-content\\\/uploads\\\/2025\\\/11\\\/siam-park-v-bangkoke-5.jpg\",\"width\":1152,\"height\":600},{\"@type\":\"BreadcrumbList\",\"@id\":\"https:\\\/\\\/skyline-gs.com\\\/en\\\/product-2\\\/siam-park-city-is-an-amusement-park-in-bangkok\\\/#breadcrumb\",\"itemListElement\":[{\"@type\":\"ListItem\",\"position\":1,\"name\":\"\u0413\u043b\u0430\u0432\u043d\u0430\u044f \u0441\u0442\u0440\u0430\u043d\u0438\u0446\u0430\",\"item\":\"https:\\\/\\\/skyline-gs.com\\\/hu\\\/\"},{\"@type\":\"ListItem\",\"position\":2,\"name\":\"\u041c\u0430\u0433\u0430\u0437\u0438\u043d\",\"item\":\"https:\\\/\\\/skyline-gs.com\\\/cs\\\/shop\\\/\"},{\"@type\":\"ListItem\",\"position\":3,\"name\":\"Siam Park City\u00bb \u2014 \u043f\u0430\u0440\u043a \u0440\u0430\u0437\u0432\u043b\u0435\u0447\u0435\u043d\u0438\u0439 \u0432 \u0411\u0430\u043d\u0433\u043a\u043e\u043a\u0435\"}]},{\"@type\":\"WebSite\",\"@id\":\"https:\\\/\\\/skyline-gs.com\\\/it\\\/#website\",\"url\":\"https:\\\/\\\/skyline-gs.com\\\/it\\\/\",\"name\":\"\u042d\u043a\u0441\u043a\u0443\u0440\u0441\u0438\u0438 Skyline\",\"description\":\"\u042d\u043a\u0441\u043a\u043b\u044e\u0437\u0438\u0432\u043d\u044b\u0435 \u044d\u043a\u0441\u043a\u0443\u0440\u0441\u0438\u0438 \u043d\u0430 \u043b\u0443\u0447\u0448\u0438\u0445 \u043a\u0443\u0440\u043e\u0440\u0442\u0430\u0445 \u043c\u0438\u0440\u0430\",\"publisher\":{\"@id\":\"https:\\\/\\\/skyline-gs.com\\\/it\\\/#organization\"},\"alternateName\":\"Skyline\",\"potentialAction\":[{\"@type\":\"SearchAction\",\"target\":{\"@type\":\"EntryPoint\",\"urlTemplate\":\"https:\\\/\\\/skyline-gs.com\\\/it\\\/?s={search_term_string}\"},\"query-input\":{\"@type\":\"PropertyValueSpecification\",\"valueRequired\":true,\"valueName\":\"search_term_string\"}}],\"inLanguage\":\"de\"},{\"@type\":\"Organization\",\"@id\":\"https:\\\/\\\/skyline-gs.com\\\/it\\\/#organization\",\"name\":\"\u042d\u043a\u0441\u043a\u0443\u0440\u0441\u0438\u0438 Skyline\",\"alternateName\":\"\u042d\u043a\u0441\u043a\u0443\u0440\u0441\u0438\u0438 Skyline\",\"url\":\"https:\\\/\\\/skyline-gs.com\\\/it\\\/\",\"logo\":{\"@type\":\"ImageObject\",\"inLanguage\":\"de\",\"@id\":\"https:\\\/\\\/skyline-gs.com\\\/it\\\/#\\\/schema\\\/logo\\\/image\\\/\",\"url\":\"https:\\\/\\\/skyline-gs.com\\\/wp-content\\\/uploads\\\/2020\\\/12\\\/cropped-logo-2.png\",\"contentUrl\":\"https:\\\/\\\/skyline-gs.com\\\/wp-content\\\/uploads\\\/2020\\\/12\\\/cropped-logo-2.png\",\"width\":512,\"height\":512,\"caption\":\"\u042d\u043a\u0441\u043a\u0443\u0440\u0441\u0438\u0438 Skyline\"},\"image\":{\"@id\":\"https:\\\/\\\/skyline-gs.com\\\/it\\\/#\\\/schema\\\/logo\\\/image\\\/\"},\"sameAs\":[\"https:\\\/\\\/www.instagram.com\\\/skylineglobalservice\\\/\"]}]}<\/script>\n<!-- \/ Yoast SEO plugin. -->","yoast_head_json":{"title":"Siam Park City\u00bb \u2014 \u043f\u0430\u0440\u043a \u0440\u0430\u0437\u0432\u043b\u0435\u0447\u0435\u043d\u0438\u0439 \u0432 \u0411\u0430\u043d\u0433\u043a\u043e\u043a\u0435 &#8226; \u042d\u043a\u0441\u043a\u0443\u0440\u0441\u0438\u0438 Skyline","robots":{"index":"index","follow":"follow","max-snippet":"max-snippet:-1","max-image-preview":"max-image-preview:large","max-video-preview":"max-video-preview:-1"},"canonical":"https:\/\/skyline-gs.com\/de\/produkt\/siam-park-city-is-an-amusement-park-in-bangkok\/","og_locale":"de_DE","og_type":"article","og_title":"Siam Park City\u00bb \u2014 \u043f\u0430\u0440\u043a \u0440\u0430\u0437\u0432\u043b\u0435\u0447\u0435\u043d\u0438\u0439 \u0432 \u0411\u0430\u043d\u0433\u043a\u043e\u043a\u0435 &#8226; \u042d\u043a\u0441\u043a\u0443\u0440\u0441\u0438\u0438 Skyline","og_description":"\u0412\u0440\u0435\u043c\u044f \u0442\u0443\u0440\u0430: \u0443\u0442\u043e\u0447\u043d\u044f\u0435\u0442\u0441\u044f \u043f\u0440\u0438 \u0431\u0440\u043e\u043d\u0438\u0440\u043e\u0432\u0430\u043d\u0438\u0438 \u0414\u043d\u0438 \u043f\u0440\u043e\u0432\u0435\u0434\u0435\u043d\u0438\u044f: \u0435\u0436\u0435\u0434\u043d\u0435\u0432\u043d\u043e","og_url":"https:\/\/skyline-gs.com\/de\/produkt\/siam-park-city-is-an-amusement-park-in-bangkok\/","og_site_name":"\u042d\u043a\u0441\u043a\u0443\u0440\u0441\u0438\u0438 Skyline","article_modified_time":"2025-11-13T21:30:03+00:00","og_image":[{"width":1152,"height":600,"url":"https:\/\/skyline-gs.com\/wp-content\/uploads\/2025\/11\/siam-park-v-bangkoke-5.jpg","type":"image\/jpeg"}],"twitter_card":"summary_large_image","twitter_misc":{"Gesch\u00e4tzte Lesezeit":"2\u00a0Minuten"},"schema":{"@context":"https:\/\/schema.org","@graph":[{"@type":"WebPage","@id":"https:\/\/skyline-gs.com\/en\/product-2\/siam-park-city-is-an-amusement-park-in-bangkok\/","url":"https:\/\/skyline-gs.com\/en\/product-2\/siam-park-city-is-an-amusement-park-in-bangkok\/","name":"Siam Park City\u00bb \u2014 \u043f\u0430\u0440\u043a \u0440\u0430\u0437\u0432\u043b\u0435\u0447\u0435\u043d\u0438\u0439 \u0432 \u0411\u0430\u043d\u0433\u043a\u043e\u043a\u0435 &#8226; \u042d\u043a\u0441\u043a\u0443\u0440\u0441\u0438\u0438 Skyline","isPartOf":{"@id":"https:\/\/skyline-gs.com\/it\/#website"},"primaryImageOfPage":{"@id":"https:\/\/skyline-gs.com\/en\/product-2\/siam-park-city-is-an-amusement-park-in-bangkok\/#primaryimage"},"image":{"@id":"https:\/\/skyline-gs.com\/en\/product-2\/siam-park-city-is-an-amusement-park-in-bangkok\/#primaryimage"},"thumbnailUrl":"https:\/\/skyline-gs.com\/wp-content\/uploads\/2025\/11\/siam-park-v-bangkoke-5.jpg","datePublished":"2025-11-13T21:19:49+00:00","dateModified":"2025-11-13T21:30:03+00:00","breadcrumb":{"@id":"https:\/\/skyline-gs.com\/en\/product-2\/siam-park-city-is-an-amusement-park-in-bangkok\/#breadcrumb"},"inLanguage":"de","potentialAction":[{"@type":"ReadAction","target":["https:\/\/skyline-gs.com\/en\/product-2\/siam-park-city-is-an-amusement-park-in-bangkok\/"]}]},{"@type":"ImageObject","inLanguage":"de","@id":"https:\/\/skyline-gs.com\/en\/product-2\/siam-park-city-is-an-amusement-park-in-bangkok\/#primaryimage","url":"https:\/\/skyline-gs.com\/wp-content\/uploads\/2025\/11\/siam-park-v-bangkoke-5.jpg","contentUrl":"https:\/\/skyline-gs.com\/wp-content\/uploads\/2025\/11\/siam-park-v-bangkoke-5.jpg","width":1152,"height":600},{"@type":"BreadcrumbList","@id":"https:\/\/skyline-gs.com\/en\/product-2\/siam-park-city-is-an-amusement-park-in-bangkok\/#breadcrumb","itemListElement":[{"@type":"ListItem","position":1,"name":"\u0413\u043b\u0430\u0432\u043d\u0430\u044f \u0441\u0442\u0440\u0430\u043d\u0438\u0446\u0430","item":"https:\/\/skyline-gs.com\/hu\/"},{"@type":"ListItem","position":2,"name":"\u041c\u0430\u0433\u0430\u0437\u0438\u043d","item":"https:\/\/skyline-gs.com\/cs\/shop\/"},{"@type":"ListItem","position":3,"name":"Siam Park City\u00bb \u2014 \u043f\u0430\u0440\u043a \u0440\u0430\u0437\u0432\u043b\u0435\u0447\u0435\u043d\u0438\u0439 \u0432 \u0411\u0430\u043d\u0433\u043a\u043e\u043a\u0435"}]},{"@type":"WebSite","@id":"https:\/\/skyline-gs.com\/it\/#website","url":"https:\/\/skyline-gs.com\/it\/","name":"Skyline Ausfl\u00fcge","description":"Exklusive Ausfl\u00fcge in den besten Resorts der Welt","publisher":{"@id":"https:\/\/skyline-gs.com\/it\/#organization"},"alternateName":"Skyline","potentialAction":[{"@type":"SearchAction","target":{"@type":"EntryPoint","urlTemplate":"https:\/\/skyline-gs.com\/it\/?s={search_term_string}"},"query-input":{"@type":"PropertyValueSpecification","valueRequired":true,"valueName":"search_term_string"}}],"inLanguage":"de"},{"@type":"Organization","@id":"https:\/\/skyline-gs.com\/it\/#organization","name":"Skyline Ausfl\u00fcge","alternateName":"\u042d\u043a\u0441\u043a\u0443\u0440\u0441\u0438\u0438 Skyline","url":"https:\/\/skyline-gs.com\/it\/","logo":{"@type":"ImageObject","inLanguage":"de","@id":"https:\/\/skyline-gs.com\/it\/#\/schema\/logo\/image\/","url":"https:\/\/skyline-gs.com\/wp-content\/uploads\/2020\/12\/cropped-logo-2.png","contentUrl":"https:\/\/skyline-gs.com\/wp-content\/uploads\/2020\/12\/cropped-logo-2.png","width":512,"height":512,"caption":"\u042d\u043a\u0441\u043a\u0443\u0440\u0441\u0438\u0438 Skyline"},"image":{"@id":"https:\/\/skyline-gs.com\/it\/#\/schema\/logo\/image\/"},"sameAs":["https:\/\/www.instagram.com\/skylineglobalservice\/"]}]}},"_links":{"self":[{"href":"https:\/\/skyline-gs.com\/de\/wp-json\/wp\/v2\/product\/71135","targetHints":{"allow":["GET"]}}],"collection":[{"href":"https:\/\/skyline-gs.com\/de\/wp-json\/wp\/v2\/product"}],"about":[{"href":"https:\/\/skyline-gs.com\/de\/wp-json\/wp\/v2\/types\/product"}],"version-history":[{"count":0,"href":"https:\/\/skyline-gs.com\/de\/wp-json\/wp\/v2\/product\/71135\/revisions"}],"wp:featuredmedia":[{"embeddable":true,"href":"https:\/\/skyline-gs.com\/de\/wp-json\/wp\/v2\/media\/71137"}],"wp:attachment":[{"href":"https:\/\/skyline-gs.com\/de\/wp-json\/wp\/v2\/media?parent=71135"}],"wp:term":[{"taxonomy":"product_brand","embeddable":true,"href":"https:\/\/skyline-gs.com\/de\/wp-json\/wp\/v2\/product_brand?post=71135"},{"taxonomy":"product_cat","embeddable":true,"href":"https:\/\/skyline-gs.com\/de\/wp-json\/wp\/v2\/product_cat?post=71135"},{"taxonomy":"product_tag","embeddable":true,"href":"https:\/\/skyline-gs.com\/de\/wp-json\/wp\/v2\/product_tag?post=71135"}],"curies":[{"name":"wp","href":"https:\/\/api.w.org\/{rel}","templated":true}]}}