{"id":71012,"date":"2025-11-13T00:19:08","date_gmt":"2025-11-12T22:19:08","guid":{"rendered":"http:\/\/skyline-gs.com\/?post_type=product&#038;p=71012"},"modified":"2025-11-13T00:44:39","modified_gmt":"2025-11-12T22:44:39","slug":"koh-chang-2-days-1-night","status":"publish","type":"product","link":"https:\/\/skyline-gs.com\/de\/product\/koh-chang-2-days-1-night\/","title":{"rendered":"Koh Chang - 2 Tage \/ 1 Nacht"},"content":{"rendered":"<p>Machen Sie sich auf den Weg zu einer der gr\u00f6\u00dften Inseln Thailands, Koh Chang: malerische Str\u00e4nde, Dschungel, Wasserf\u00e4lle und eine abendliche Lichtshow in der Bucht. Diese Tour ist f\u00fcr diejenigen gedacht, die in zwei Tagen einen Tapetenwechsel w\u00fcnschen und in die Atmosph\u00e4re einer tropischen Insel mit maximalem Komfort eintauchen m\u00f6chten.<\/p>\n<p data-start=\"474\" data-end=\"809\"><strong>Reiseprogramm:<\/strong><\/p>\n<p><strong>Standardprogramm - 2 Tage \/ 1 Nacht<\/strong><br \/>\n<strong>Tag 1<\/strong><br \/>\n05:30 - Abholung vom Hotel in Pattaya.<br \/>\n08:00 - Fr\u00fchst\u00fcckspause.<br \/>\n08:30 - Halt am \u00abAffentempel\u00bb.<br \/>\n09:20 - Ankunft am Pier, Fahrt mit der F\u00e4hre nach Ko Chang.<br \/>\n11:40 - Ankunft im Hotel auf der Insel.<br \/>\n13:00 - Freie Zeit.<br \/>\n19:30 - Feuershow am Strand.<\/p>\n<p><strong>Tag 2<\/strong><br \/>\n08:00 - Fr\u00fchst\u00fcck.<br \/>\n16:00 - Auschecken und R\u00fcckfahrt nach Pattaya, mit einem Stopp auf dem Obstmarkt.<br \/>\n22:00 - Ankunft in Pattaya.<\/p>\n<p><strong>Standardprogramm - 2 Tage \/ 1 Nacht<\/strong><\/p>\n<p><strong>Tag 1<\/strong><br \/>\n05:30 - Abholung vom Hotel in Pattaya.<br \/>\n08:00 - Fr\u00fchst\u00fcckspause.<br \/>\n08:30 - Halt am \u00abAffentempel\u00bb.<br \/>\n09:20 - Ankunft am Pier, Fahrt mit der F\u00e4hre nach Ko Chang.<br \/>\n11:40 - Ankunft im Hotel auf der Insel.<br \/>\n12:30 - Mittagessen.<br \/>\n13:00 - Freie Zeit.<br \/>\n19:30 - Feuershow am Strand.<\/p>\n<p><strong>Tag 2<\/strong><br \/>\n08:00 - Fr\u00fchst\u00fcck.<br \/>\n08:30 - Seereise und Besuch der Koralleninseln (Ko Ngam, Ko Wai, Ko Klum) mit Schwimmen und Schnorcheln.<br \/>\n13:00 - Mittagessen.<br \/>\n16:00 - Abreise zur\u00fcck.<br \/>\n22:00 - Ankunft in Pattaya.<\/p>\n<p><strong>Inbegriffen:<\/strong><\/p>\n<ul>\n<li>Transfer von und zu Ihrem Hotel in Pattaya.<\/li>\n<li>F\u00e4hre zur und von der Insel.<\/li>\n<li>Hotelunterkunft auf Koh Chang (je nach Programm).<\/li>\n<li>Fr\u00fchst\u00fcck (und in der Premium-Option Mittag-\/Abendessen).<\/li>\n<li>Russischsprachiger F\u00fchrer.<\/li>\n<li>Versicherung.<\/li>\n<\/ul>\n<p><strong>Nimm mit:<\/strong><\/p>\n<ul>\n<li>Eine Kopie Ihres Reisepasses.<\/li>\n<li>Badeanzug und Handtuch.<\/li>\n<li>Sonnenschutz und Kopfbedeckung.<\/li>\n<li>Foto-\/Videokamera und Ladeger\u00e4te.<\/li>\n<li>Bequeme Wanderschuhe.<\/li>\n<li>Geld f\u00fcr pers\u00f6nliche Ausgaben und Extras.<\/li>\n<\/ul>\n<p><strong>Weitere Informationen:<\/strong><\/p>\n<ul>\n<li>Kindererm\u00e4\u00dfigungen:<br \/>\n0-2,99 Jahre alt - kostenlos;<br \/>\n3-7,99 Jahre - 50% (ohne Zusatzbett);<br \/>\n3-10,99 Jahre - 20% Rabatt (mit Zusatzbett).<\/li>\n<li>Das Programm kann an die Wetter- und Seebedingungen angepasst werden.<\/li>\n<li>Bei gr\u00f6\u00dferen Koffern k\u00f6nnen zus\u00e4tzliche Transportkosten anfallen.<\/li>\n<li>Das Programm kann an die Wetter- und Seebedingungen angepasst werden.<\/li>\n<li>Einzelbelegung oder Hotel-Upgrades werden bei Bedarf separat berechnet.<\/li>\n<\/ul>","protected":false},"excerpt":{"rendered":"<p><strong>Tourzeit:<\/strong> 5.30 &#8212; 22.00<br \/>\n<strong>Veranstaltungstage:<\/strong> T\u00e4glich<\/p>","protected":false},"featured_media":71027,"template":"","meta":{"_kad_post_transparent":"default","_kad_post_title":"","_kad_post_layout":"default","_kad_post_sidebar_id":"","_kad_post_content_style":"default","_kad_post_vertical_padding":"default","_kad_post_feature":"","_kad_post_feature_position":"","_kad_post_header":false,"_kad_post_footer":false,"_kad_post_classname":"","_glsr_average":0,"_glsr_ranking":0,"_glsr_reviews":0},"product_brand":[],"product_cat":[507],"product_tag":[],"class_list":{"0":"post-71012","1":"product","2":"type-product","3":"status-publish","4":"has-post-thumbnail","6":"product_cat-pattaya","7":"tm-has-options","9":"first","10":"instock","11":"sold-individually","12":"taxable","13":"shipping-taxable","14":"purchasable","15":"product-type-simple","16":"entry","17":"content-bg","18":"loop-entry"},"yoast_head":"<!-- This site is optimized with the Yoast SEO plugin v27.3 - https:\/\/yoast.com\/product\/yoast-seo-wordpress\/ -->\n<title>\u041a\u043e \u0427\u0430\u043d\u0433 \u2014 2 \u0434\u043d\u044f \/ 1 \u043d\u043e\u0447\u044c &#8226; \u042d\u043a\u0441\u043a\u0443\u0440\u0441\u0438\u0438 Skyline<\/title>\n<meta name=\"robots\" content=\"index, follow, max-snippet:-1, max-image-preview:large, max-video-preview:-1\" \/>\n<link rel=\"canonical\" href=\"http:\/\/skyline-gs.com\/de\/produkt\/koh-chang-2-days-1-night\/\" \/>\n<meta property=\"og:locale\" content=\"de_DE\" \/>\n<meta property=\"og:type\" content=\"article\" \/>\n<meta property=\"og:title\" content=\"\u041a\u043e \u0427\u0430\u043d\u0433 \u2014 2 \u0434\u043d\u044f \/ 1 \u043d\u043e\u0447\u044c &#8226; \u042d\u043a\u0441\u043a\u0443\u0440\u0441\u0438\u0438 Skyline\" \/>\n<meta property=\"og:description\" content=\"\u0412\u0440\u0435\u043c\u044f \u0442\u0443\u0440\u0430: 5.30 - 22.00 \u0414\u043d\u0438 \u043f\u0440\u043e\u0432\u0435\u0434\u0435\u043d\u0438\u044f: \u0435\u0436\u0435\u0434\u043d\u0435\u0432\u043d\u043e\" \/>\n<meta property=\"og:url\" content=\"http:\/\/skyline-gs.com\/de\/produkt\/koh-chang-2-days-1-night\/\" \/>\n<meta property=\"og:site_name\" content=\"\u042d\u043a\u0441\u043a\u0443\u0440\u0441\u0438\u0438 Skyline\" \/>\n<meta property=\"article:modified_time\" content=\"2025-11-12T22:44:39+00:00\" \/>\n<meta property=\"og:image\" content=\"https:\/\/skyline-gs.com\/wp-content\/uploads\/2025\/11\/ko-chang-tailand-7.jpg\" \/>\n\t<meta property=\"og:image:width\" content=\"1200\" \/>\n\t<meta property=\"og:image:height\" content=\"750\" \/>\n\t<meta property=\"og:image:type\" content=\"image\/jpeg\" \/>\n<meta name=\"twitter:card\" content=\"summary_large_image\" \/>\n<meta name=\"twitter:label1\" content=\"Gesch\u00e4tzte Lesezeit\" \/>\n\t<meta name=\"twitter:data1\" content=\"2\u00a0Minuten\" \/>\n<script type=\"application\/ld+json\" class=\"yoast-schema-graph\">{\"@context\":\"https:\\\/\\\/schema.org\",\"@graph\":[{\"@type\":\"WebPage\",\"@id\":\"http:\\\/\\\/skyline-gs.com\\\/de\\\/produkt\\\/koh-chang-2-days-1-night\\\/\",\"url\":\"http:\\\/\\\/skyline-gs.com\\\/de\\\/produkt\\\/koh-chang-2-days-1-night\\\/\",\"name\":\"\u041a\u043e \u0427\u0430\u043d\u0433 \u2014 2 \u0434\u043d\u044f \\\/ 1 \u043d\u043e\u0447\u044c &#8226; \u042d\u043a\u0441\u043a\u0443\u0440\u0441\u0438\u0438 Skyline\",\"isPartOf\":{\"@id\":\"https:\\\/\\\/skyline-gs.com\\\/it\\\/#website\"},\"primaryImageOfPage\":{\"@id\":\"http:\\\/\\\/skyline-gs.com\\\/de\\\/produkt\\\/koh-chang-2-days-1-night\\\/#primaryimage\"},\"image\":{\"@id\":\"http:\\\/\\\/skyline-gs.com\\\/de\\\/produkt\\\/koh-chang-2-days-1-night\\\/#primaryimage\"},\"thumbnailUrl\":\"https:\\\/\\\/skyline-gs.com\\\/wp-content\\\/uploads\\\/2025\\\/11\\\/ko-chang-tailand-7.jpg\",\"datePublished\":\"2025-11-12T22:19:08+00:00\",\"dateModified\":\"2025-11-12T22:44:39+00:00\",\"breadcrumb\":{\"@id\":\"http:\\\/\\\/skyline-gs.com\\\/de\\\/produkt\\\/koh-chang-2-days-1-night\\\/#breadcrumb\"},\"inLanguage\":\"de\",\"potentialAction\":[{\"@type\":\"ReadAction\",\"target\":[\"http:\\\/\\\/skyline-gs.com\\\/de\\\/produkt\\\/koh-chang-2-days-1-night\\\/\"]}]},{\"@type\":\"ImageObject\",\"inLanguage\":\"de\",\"@id\":\"http:\\\/\\\/skyline-gs.com\\\/de\\\/produkt\\\/koh-chang-2-days-1-night\\\/#primaryimage\",\"url\":\"https:\\\/\\\/skyline-gs.com\\\/wp-content\\\/uploads\\\/2025\\\/11\\\/ko-chang-tailand-7.jpg\",\"contentUrl\":\"https:\\\/\\\/skyline-gs.com\\\/wp-content\\\/uploads\\\/2025\\\/11\\\/ko-chang-tailand-7.jpg\",\"width\":1200,\"height\":750},{\"@type\":\"BreadcrumbList\",\"@id\":\"http:\\\/\\\/skyline-gs.com\\\/de\\\/produkt\\\/koh-chang-2-days-1-night\\\/#breadcrumb\",\"itemListElement\":[{\"@type\":\"ListItem\",\"position\":1,\"name\":\"\u0413\u043b\u0430\u0432\u043d\u0430\u044f \u0441\u0442\u0440\u0430\u043d\u0438\u0446\u0430\",\"item\":\"https:\\\/\\\/skyline-gs.com\\\/hu\\\/\"},{\"@type\":\"ListItem\",\"position\":2,\"name\":\"\u041c\u0430\u0433\u0430\u0437\u0438\u043d\",\"item\":\"https:\\\/\\\/skyline-gs.com\\\/cs\\\/shop\\\/\"},{\"@type\":\"ListItem\",\"position\":3,\"name\":\"\u041a\u043e \u0427\u0430\u043d\u0433 \u2014 2 \u0434\u043d\u044f \\\/ 1 \u043d\u043e\u0447\u044c\"}]},{\"@type\":\"WebSite\",\"@id\":\"https:\\\/\\\/skyline-gs.com\\\/it\\\/#website\",\"url\":\"https:\\\/\\\/skyline-gs.com\\\/it\\\/\",\"name\":\"\u042d\u043a\u0441\u043a\u0443\u0440\u0441\u0438\u0438 Skyline\",\"description\":\"\u042d\u043a\u0441\u043a\u043b\u044e\u0437\u0438\u0432\u043d\u044b\u0435 \u044d\u043a\u0441\u043a\u0443\u0440\u0441\u0438\u0438 \u043d\u0430 \u043b\u0443\u0447\u0448\u0438\u0445 \u043a\u0443\u0440\u043e\u0440\u0442\u0430\u0445 \u043c\u0438\u0440\u0430\",\"publisher\":{\"@id\":\"https:\\\/\\\/skyline-gs.com\\\/it\\\/#organization\"},\"alternateName\":\"Skyline\",\"potentialAction\":[{\"@type\":\"SearchAction\",\"target\":{\"@type\":\"EntryPoint\",\"urlTemplate\":\"https:\\\/\\\/skyline-gs.com\\\/it\\\/?s={search_term_string}\"},\"query-input\":{\"@type\":\"PropertyValueSpecification\",\"valueRequired\":true,\"valueName\":\"search_term_string\"}}],\"inLanguage\":\"de\"},{\"@type\":\"Organization\",\"@id\":\"https:\\\/\\\/skyline-gs.com\\\/it\\\/#organization\",\"name\":\"\u042d\u043a\u0441\u043a\u0443\u0440\u0441\u0438\u0438 Skyline\",\"alternateName\":\"\u042d\u043a\u0441\u043a\u0443\u0440\u0441\u0438\u0438 Skyline\",\"url\":\"https:\\\/\\\/skyline-gs.com\\\/it\\\/\",\"logo\":{\"@type\":\"ImageObject\",\"inLanguage\":\"de\",\"@id\":\"https:\\\/\\\/skyline-gs.com\\\/it\\\/#\\\/schema\\\/logo\\\/image\\\/\",\"url\":\"https:\\\/\\\/skyline-gs.com\\\/wp-content\\\/uploads\\\/2020\\\/12\\\/cropped-logo-2.png\",\"contentUrl\":\"https:\\\/\\\/skyline-gs.com\\\/wp-content\\\/uploads\\\/2020\\\/12\\\/cropped-logo-2.png\",\"width\":512,\"height\":512,\"caption\":\"\u042d\u043a\u0441\u043a\u0443\u0440\u0441\u0438\u0438 Skyline\"},\"image\":{\"@id\":\"https:\\\/\\\/skyline-gs.com\\\/it\\\/#\\\/schema\\\/logo\\\/image\\\/\"},\"sameAs\":[\"https:\\\/\\\/www.instagram.com\\\/skylineglobalservice\\\/\"]}]}<\/script>\n<!-- \/ Yoast SEO plugin. -->","yoast_head_json":{"title":"\u041a\u043e \u0427\u0430\u043d\u0433 \u2014 2 \u0434\u043d\u044f \/ 1 \u043d\u043e\u0447\u044c &#8226; \u042d\u043a\u0441\u043a\u0443\u0440\u0441\u0438\u0438 Skyline","robots":{"index":"index","follow":"follow","max-snippet":"max-snippet:-1","max-image-preview":"max-image-preview:large","max-video-preview":"max-video-preview:-1"},"canonical":"http:\/\/skyline-gs.com\/de\/produkt\/koh-chang-2-days-1-night\/","og_locale":"de_DE","og_type":"article","og_title":"\u041a\u043e \u0427\u0430\u043d\u0433 \u2014 2 \u0434\u043d\u044f \/ 1 \u043d\u043e\u0447\u044c &#8226; \u042d\u043a\u0441\u043a\u0443\u0440\u0441\u0438\u0438 Skyline","og_description":"\u0412\u0440\u0435\u043c\u044f \u0442\u0443\u0440\u0430: 5.30 - 22.00 \u0414\u043d\u0438 \u043f\u0440\u043e\u0432\u0435\u0434\u0435\u043d\u0438\u044f: \u0435\u0436\u0435\u0434\u043d\u0435\u0432\u043d\u043e","og_url":"http:\/\/skyline-gs.com\/de\/produkt\/koh-chang-2-days-1-night\/","og_site_name":"\u042d\u043a\u0441\u043a\u0443\u0440\u0441\u0438\u0438 Skyline","article_modified_time":"2025-11-12T22:44:39+00:00","og_image":[{"width":1200,"height":750,"url":"https:\/\/skyline-gs.com\/wp-content\/uploads\/2025\/11\/ko-chang-tailand-7.jpg","type":"image\/jpeg"}],"twitter_card":"summary_large_image","twitter_misc":{"Gesch\u00e4tzte Lesezeit":"2\u00a0Minuten"},"schema":{"@context":"https:\/\/schema.org","@graph":[{"@type":"WebPage","@id":"http:\/\/skyline-gs.com\/de\/produkt\/koh-chang-2-days-1-night\/","url":"http:\/\/skyline-gs.com\/de\/produkt\/koh-chang-2-days-1-night\/","name":"\u041a\u043e \u0427\u0430\u043d\u0433 \u2014 2 \u0434\u043d\u044f \/ 1 \u043d\u043e\u0447\u044c &#8226; \u042d\u043a\u0441\u043a\u0443\u0440\u0441\u0438\u0438 Skyline","isPartOf":{"@id":"https:\/\/skyline-gs.com\/it\/#website"},"primaryImageOfPage":{"@id":"http:\/\/skyline-gs.com\/de\/produkt\/koh-chang-2-days-1-night\/#primaryimage"},"image":{"@id":"http:\/\/skyline-gs.com\/de\/produkt\/koh-chang-2-days-1-night\/#primaryimage"},"thumbnailUrl":"https:\/\/skyline-gs.com\/wp-content\/uploads\/2025\/11\/ko-chang-tailand-7.jpg","datePublished":"2025-11-12T22:19:08+00:00","dateModified":"2025-11-12T22:44:39+00:00","breadcrumb":{"@id":"http:\/\/skyline-gs.com\/de\/produkt\/koh-chang-2-days-1-night\/#breadcrumb"},"inLanguage":"de","potentialAction":[{"@type":"ReadAction","target":["http:\/\/skyline-gs.com\/de\/produkt\/koh-chang-2-days-1-night\/"]}]},{"@type":"ImageObject","inLanguage":"de","@id":"http:\/\/skyline-gs.com\/de\/produkt\/koh-chang-2-days-1-night\/#primaryimage","url":"https:\/\/skyline-gs.com\/wp-content\/uploads\/2025\/11\/ko-chang-tailand-7.jpg","contentUrl":"https:\/\/skyline-gs.com\/wp-content\/uploads\/2025\/11\/ko-chang-tailand-7.jpg","width":1200,"height":750},{"@type":"BreadcrumbList","@id":"http:\/\/skyline-gs.com\/de\/produkt\/koh-chang-2-days-1-night\/#breadcrumb","itemListElement":[{"@type":"ListItem","position":1,"name":"\u0413\u043b\u0430\u0432\u043d\u0430\u044f \u0441\u0442\u0440\u0430\u043d\u0438\u0446\u0430","item":"https:\/\/skyline-gs.com\/hu\/"},{"@type":"ListItem","position":2,"name":"\u041c\u0430\u0433\u0430\u0437\u0438\u043d","item":"https:\/\/skyline-gs.com\/cs\/shop\/"},{"@type":"ListItem","position":3,"name":"\u041a\u043e \u0427\u0430\u043d\u0433 \u2014 2 \u0434\u043d\u044f \/ 1 \u043d\u043e\u0447\u044c"}]},{"@type":"WebSite","@id":"https:\/\/skyline-gs.com\/it\/#website","url":"https:\/\/skyline-gs.com\/it\/","name":"Skyline Ausfl\u00fcge","description":"Exklusive Ausfl\u00fcge in den besten Resorts der Welt","publisher":{"@id":"https:\/\/skyline-gs.com\/it\/#organization"},"alternateName":"Skyline","potentialAction":[{"@type":"SearchAction","target":{"@type":"EntryPoint","urlTemplate":"https:\/\/skyline-gs.com\/it\/?s={search_term_string}"},"query-input":{"@type":"PropertyValueSpecification","valueRequired":true,"valueName":"search_term_string"}}],"inLanguage":"de"},{"@type":"Organization","@id":"https:\/\/skyline-gs.com\/it\/#organization","name":"Skyline Ausfl\u00fcge","alternateName":"\u042d\u043a\u0441\u043a\u0443\u0440\u0441\u0438\u0438 Skyline","url":"https:\/\/skyline-gs.com\/it\/","logo":{"@type":"ImageObject","inLanguage":"de","@id":"https:\/\/skyline-gs.com\/it\/#\/schema\/logo\/image\/","url":"https:\/\/skyline-gs.com\/wp-content\/uploads\/2020\/12\/cropped-logo-2.png","contentUrl":"https:\/\/skyline-gs.com\/wp-content\/uploads\/2020\/12\/cropped-logo-2.png","width":512,"height":512,"caption":"\u042d\u043a\u0441\u043a\u0443\u0440\u0441\u0438\u0438 Skyline"},"image":{"@id":"https:\/\/skyline-gs.com\/it\/#\/schema\/logo\/image\/"},"sameAs":["https:\/\/www.instagram.com\/skylineglobalservice\/"]}]}},"_links":{"self":[{"href":"https:\/\/skyline-gs.com\/de\/wp-json\/wp\/v2\/product\/71012","targetHints":{"allow":["GET"]}}],"collection":[{"href":"https:\/\/skyline-gs.com\/de\/wp-json\/wp\/v2\/product"}],"about":[{"href":"https:\/\/skyline-gs.com\/de\/wp-json\/wp\/v2\/types\/product"}],"version-history":[{"count":0,"href":"https:\/\/skyline-gs.com\/de\/wp-json\/wp\/v2\/product\/71012\/revisions"}],"wp:featuredmedia":[{"embeddable":true,"href":"https:\/\/skyline-gs.com\/de\/wp-json\/wp\/v2\/media\/71027"}],"wp:attachment":[{"href":"https:\/\/skyline-gs.com\/de\/wp-json\/wp\/v2\/media?parent=71012"}],"wp:term":[{"taxonomy":"product_brand","embeddable":true,"href":"https:\/\/skyline-gs.com\/de\/wp-json\/wp\/v2\/product_brand?post=71012"},{"taxonomy":"product_cat","embeddable":true,"href":"https:\/\/skyline-gs.com\/de\/wp-json\/wp\/v2\/product_cat?post=71012"},{"taxonomy":"product_tag","embeddable":true,"href":"https:\/\/skyline-gs.com\/de\/wp-json\/wp\/v2\/product_tag?post=71012"}],"curies":[{"name":"wp","href":"https:\/\/api.w.org\/{rel}","templated":true}]}}