{"id":70293,"date":"2025-10-24T00:31:35","date_gmt":"2025-10-23T22:31:35","guid":{"rendered":"http:\/\/skyline-gs.com\/?post_type=product&#038;p=70293"},"modified":"2025-10-24T00:42:38","modified_gmt":"2025-10-23T22:42:38","slug":"emerald-island-koh-kham","status":"publish","type":"product","link":"https:\/\/skyline-gs.com\/de\/product\/emerald-island-koh-kham\/","title":{"rendered":"Smaragdinsel (Ko Kham)"},"content":{"rendered":"<p>Entdecken Sie eine der malerischsten und unber\u00fchrtesten unbewohnten Inseln Thailands, Koh Kham. Hier gibt es keine Hektik, nur eine t\u00fcrkisfarbene Lagune, ein Korallenriff, eine Aktinienplantage und die Stille des Dschungels. Eine ideale Wahl f\u00fcr alle, die Ruhe, Natur und sch\u00f6ne Fotolandschaften suchen.<\/p>\n<p data-start=\"474\" data-end=\"809\"><strong>Reiseprogramm:<\/strong><\/p>\n<ul>\n<li>Abfahrt von Pattaya (am Morgen).<\/li>\n<li>Ankunft auf der Insel Ko Kham: Lagune, Strand, klares Wasser, Korallen - ideal zum Schnorcheln.<\/li>\n<li>Schnorcheln zwischen Korallen und Fischen (einschlie\u00dflich \u00abNemo\u00bb).<\/li>\n<li>Kajakfahren oder Strandurlaub.<\/li>\n<li>Wandern Sie durch den Dschungel zu einem Aussichtspunkt, von dem aus Sie einen Blick auf die Lagune haben.<\/li>\n<li>Freie Zeit zum Entspannen in einer H\u00e4ngematte, auf einer Sonnenliege unter einem Sonnenschirm, Schwimmen im kristallklaren Wasser.<\/li>\n<li>R\u00fcckkehr nach Pattaya am Abend.<\/li>\n<\/ul>\n<p><strong>Inbegriffen:<\/strong><\/p>\n<ul>\n<li>Transfer vom und zum Hotel.<\/li>\n<li>Mittagessen und Erfrischungen w\u00e4hrend der Mittagspause<\/li>\n<li>Schnorchelausr\u00fcstung, Kajaks<\/li>\n<li>Russischsprachiger F\u00fchrer.<\/li>\n<li>Versicherung.<\/li>\n<\/ul>\n<p><strong>Nimm mit:<\/strong><\/p>\n<ul>\n<li>Eine Kopie Ihres Reisepasses.<\/li>\n<li>Badeanzug, Handtuch.<\/li>\n<li>Sonnenschutz und Kopfbedeckung.<\/li>\n<li>Bequeme Schuhe f\u00fcr den Strand.<\/li>\n<li>Foto-\/Videoausr\u00fcstung.<\/li>\n<li>Geld f\u00fcr pers\u00f6nliche Ausgaben.<\/li>\n<\/ul>\n<p><strong>Weitere Informationen:<\/strong><\/p>\n<ul>\n<li>Koh Kham Island ist ein \u00abNaturschutzgebiet\u00bb: eine Lagune ohne Boote und Jetskis, Ruhe und Frieden.<\/li>\n<li>Der Kindertarif gilt f\u00fcr eine K\u00f6rpergr\u00f6\u00dfe von 90-130 cm<\/li>\n<li>Personen, die unter Alkohol- oder Drogeneinfluss stehen, k\u00f6nnen bei Verlust der gezahlten Gelder nicht zur Teilnahme zugelassen werden.<\/li>\n<li>Der Veranstalter beh\u00e4lt sich vor, das Programm je nach Wetter- und Seebedingungen zu \u00e4ndern.<\/li>\n<\/ul>","protected":false},"excerpt":{"rendered":"<p><strong>Tourzeit:<\/strong> 7:30 bis 18:00<br \/>\n<strong>Veranstaltungstage:<\/strong> T\u00e4glich<\/p>","protected":false},"featured_media":70301,"template":"","meta":{"_kad_post_transparent":"default","_kad_post_title":"","_kad_post_layout":"default","_kad_post_sidebar_id":"","_kad_post_content_style":"default","_kad_post_vertical_padding":"default","_kad_post_feature":"","_kad_post_feature_position":"","_kad_post_header":false,"_kad_post_footer":false,"_kad_post_classname":"","_glsr_average":0,"_glsr_ranking":0,"_glsr_reviews":0},"product_brand":[],"product_cat":[507],"product_tag":[],"class_list":{"0":"post-70293","1":"product","2":"type-product","3":"status-publish","4":"has-post-thumbnail","6":"product_cat-pattaya","7":"tm-has-options","9":"first","10":"instock","11":"sold-individually","12":"taxable","13":"shipping-taxable","14":"purchasable","15":"product-type-simple","16":"entry","17":"content-bg","18":"loop-entry"},"yoast_head":"<!-- This site is optimized with the Yoast SEO plugin v27.3 - https:\/\/yoast.com\/product\/yoast-seo-wordpress\/ -->\n<title>\u0418\u0437\u0443\u043c\u0440\u0443\u0434\u043d\u044b\u0439 \u043e\u0441\u0442\u0440\u043e\u0432 (\u041a\u043e \u041a\u0445\u0430\u043c) &#8226; \u042d\u043a\u0441\u043a\u0443\u0440\u0441\u0438\u0438 Skyline<\/title>\n<meta name=\"robots\" content=\"index, follow, max-snippet:-1, max-image-preview:large, max-video-preview:-1\" \/>\n<link rel=\"canonical\" href=\"http:\/\/skyline-gs.com\/de\/produkt\/emerald-island-koh-kham\/\" \/>\n<meta property=\"og:locale\" content=\"de_DE\" \/>\n<meta property=\"og:type\" content=\"article\" \/>\n<meta property=\"og:title\" content=\"\u0418\u0437\u0443\u043c\u0440\u0443\u0434\u043d\u044b\u0439 \u043e\u0441\u0442\u0440\u043e\u0432 (\u041a\u043e \u041a\u0445\u0430\u043c) &#8226; \u042d\u043a\u0441\u043a\u0443\u0440\u0441\u0438\u0438 Skyline\" \/>\n<meta property=\"og:description\" content=\"\u0412\u0440\u0435\u043c\u044f \u0442\u0443\u0440\u0430: \u0441 7:30 \u2014 \u0434\u043e 18:00 \u0414\u043d\u0438 \u043f\u0440\u043e\u0432\u0435\u0434\u0435\u043d\u0438\u044f: \u0435\u0436\u0435\u0434\u043d\u0435\u0432\u043d\u043e\" \/>\n<meta property=\"og:url\" content=\"http:\/\/skyline-gs.com\/de\/produkt\/emerald-island-koh-kham\/\" \/>\n<meta property=\"og:site_name\" content=\"\u042d\u043a\u0441\u043a\u0443\u0440\u0441\u0438\u0438 Skyline\" \/>\n<meta property=\"article:modified_time\" content=\"2025-10-23T22:42:38+00:00\" \/>\n<meta property=\"og:image\" content=\"https:\/\/skyline-gs.com\/wp-content\/uploads\/2025\/10\/izumrudnyy_ostrov_180724_0004_0.jpg.webp\" \/>\n\t<meta property=\"og:image:width\" content=\"1200\" \/>\n\t<meta property=\"og:image:height\" content=\"700\" \/>\n\t<meta property=\"og:image:type\" content=\"image\/webp\" \/>\n<meta name=\"twitter:card\" content=\"summary_large_image\" \/>\n<meta name=\"twitter:label1\" content=\"Gesch\u00e4tzte Lesezeit\" \/>\n\t<meta name=\"twitter:data1\" content=\"2\u00a0Minuten\" \/>\n<script type=\"application\/ld+json\" class=\"yoast-schema-graph\">{\"@context\":\"https:\\\/\\\/schema.org\",\"@graph\":[{\"@type\":\"WebPage\",\"@id\":\"http:\\\/\\\/skyline-gs.com\\\/cs\\\/produkt\\\/emerald-island-koh-kham\\\/\",\"url\":\"http:\\\/\\\/skyline-gs.com\\\/cs\\\/produkt\\\/emerald-island-koh-kham\\\/\",\"name\":\"\u0418\u0437\u0443\u043c\u0440\u0443\u0434\u043d\u044b\u0439 \u043e\u0441\u0442\u0440\u043e\u0432 (\u041a\u043e \u041a\u0445\u0430\u043c) &#8226; \u042d\u043a\u0441\u043a\u0443\u0440\u0441\u0438\u0438 Skyline\",\"isPartOf\":{\"@id\":\"https:\\\/\\\/skyline-gs.com\\\/it\\\/#website\"},\"primaryImageOfPage\":{\"@id\":\"http:\\\/\\\/skyline-gs.com\\\/cs\\\/produkt\\\/emerald-island-koh-kham\\\/#primaryimage\"},\"image\":{\"@id\":\"http:\\\/\\\/skyline-gs.com\\\/cs\\\/produkt\\\/emerald-island-koh-kham\\\/#primaryimage\"},\"thumbnailUrl\":\"https:\\\/\\\/skyline-gs.com\\\/wp-content\\\/uploads\\\/2025\\\/10\\\/izumrudnyy_ostrov_180724_0004_0.jpg.webp\",\"datePublished\":\"2025-10-23T22:31:35+00:00\",\"dateModified\":\"2025-10-23T22:42:38+00:00\",\"breadcrumb\":{\"@id\":\"http:\\\/\\\/skyline-gs.com\\\/cs\\\/produkt\\\/emerald-island-koh-kham\\\/#breadcrumb\"},\"inLanguage\":\"de\",\"potentialAction\":[{\"@type\":\"ReadAction\",\"target\":[\"http:\\\/\\\/skyline-gs.com\\\/cs\\\/produkt\\\/emerald-island-koh-kham\\\/\"]}]},{\"@type\":\"ImageObject\",\"inLanguage\":\"de\",\"@id\":\"http:\\\/\\\/skyline-gs.com\\\/cs\\\/produkt\\\/emerald-island-koh-kham\\\/#primaryimage\",\"url\":\"https:\\\/\\\/skyline-gs.com\\\/wp-content\\\/uploads\\\/2025\\\/10\\\/izumrudnyy_ostrov_180724_0004_0.jpg.webp\",\"contentUrl\":\"https:\\\/\\\/skyline-gs.com\\\/wp-content\\\/uploads\\\/2025\\\/10\\\/izumrudnyy_ostrov_180724_0004_0.jpg.webp\",\"width\":1200,\"height\":700},{\"@type\":\"BreadcrumbList\",\"@id\":\"http:\\\/\\\/skyline-gs.com\\\/cs\\\/produkt\\\/emerald-island-koh-kham\\\/#breadcrumb\",\"itemListElement\":[{\"@type\":\"ListItem\",\"position\":1,\"name\":\"\u0413\u043b\u0430\u0432\u043d\u0430\u044f \u0441\u0442\u0440\u0430\u043d\u0438\u0446\u0430\",\"item\":\"https:\\\/\\\/skyline-gs.com\\\/hu\\\/\"},{\"@type\":\"ListItem\",\"position\":2,\"name\":\"\u041c\u0430\u0433\u0430\u0437\u0438\u043d\",\"item\":\"https:\\\/\\\/skyline-gs.com\\\/cs\\\/shop\\\/\"},{\"@type\":\"ListItem\",\"position\":3,\"name\":\"\u0418\u0437\u0443\u043c\u0440\u0443\u0434\u043d\u044b\u0439 \u043e\u0441\u0442\u0440\u043e\u0432 (\u041a\u043e \u041a\u0445\u0430\u043c)\"}]},{\"@type\":\"WebSite\",\"@id\":\"https:\\\/\\\/skyline-gs.com\\\/it\\\/#website\",\"url\":\"https:\\\/\\\/skyline-gs.com\\\/it\\\/\",\"name\":\"\u042d\u043a\u0441\u043a\u0443\u0440\u0441\u0438\u0438 Skyline\",\"description\":\"\u042d\u043a\u0441\u043a\u043b\u044e\u0437\u0438\u0432\u043d\u044b\u0435 \u044d\u043a\u0441\u043a\u0443\u0440\u0441\u0438\u0438 \u043d\u0430 \u043b\u0443\u0447\u0448\u0438\u0445 \u043a\u0443\u0440\u043e\u0440\u0442\u0430\u0445 \u043c\u0438\u0440\u0430\",\"publisher\":{\"@id\":\"https:\\\/\\\/skyline-gs.com\\\/it\\\/#organization\"},\"alternateName\":\"Skyline\",\"potentialAction\":[{\"@type\":\"SearchAction\",\"target\":{\"@type\":\"EntryPoint\",\"urlTemplate\":\"https:\\\/\\\/skyline-gs.com\\\/it\\\/?s={search_term_string}\"},\"query-input\":{\"@type\":\"PropertyValueSpecification\",\"valueRequired\":true,\"valueName\":\"search_term_string\"}}],\"inLanguage\":\"de\"},{\"@type\":\"Organization\",\"@id\":\"https:\\\/\\\/skyline-gs.com\\\/it\\\/#organization\",\"name\":\"\u042d\u043a\u0441\u043a\u0443\u0440\u0441\u0438\u0438 Skyline\",\"alternateName\":\"\u042d\u043a\u0441\u043a\u0443\u0440\u0441\u0438\u0438 Skyline\",\"url\":\"https:\\\/\\\/skyline-gs.com\\\/it\\\/\",\"logo\":{\"@type\":\"ImageObject\",\"inLanguage\":\"de\",\"@id\":\"https:\\\/\\\/skyline-gs.com\\\/it\\\/#\\\/schema\\\/logo\\\/image\\\/\",\"url\":\"https:\\\/\\\/skyline-gs.com\\\/wp-content\\\/uploads\\\/2020\\\/12\\\/cropped-logo-2.png\",\"contentUrl\":\"https:\\\/\\\/skyline-gs.com\\\/wp-content\\\/uploads\\\/2020\\\/12\\\/cropped-logo-2.png\",\"width\":512,\"height\":512,\"caption\":\"\u042d\u043a\u0441\u043a\u0443\u0440\u0441\u0438\u0438 Skyline\"},\"image\":{\"@id\":\"https:\\\/\\\/skyline-gs.com\\\/it\\\/#\\\/schema\\\/logo\\\/image\\\/\"},\"sameAs\":[\"https:\\\/\\\/www.instagram.com\\\/skylineglobalservice\\\/\"]}]}<\/script>\n<!-- \/ Yoast SEO plugin. -->","yoast_head_json":{"title":"Smaragdinsel (Ko Kham) - Skyline Excursions","robots":{"index":"index","follow":"follow","max-snippet":"max-snippet:-1","max-image-preview":"max-image-preview:large","max-video-preview":"max-video-preview:-1"},"canonical":"http:\/\/skyline-gs.com\/de\/produkt\/emerald-island-koh-kham\/","og_locale":"de_DE","og_type":"article","og_title":"\u0418\u0437\u0443\u043c\u0440\u0443\u0434\u043d\u044b\u0439 \u043e\u0441\u0442\u0440\u043e\u0432 (\u041a\u043e \u041a\u0445\u0430\u043c) &#8226; \u042d\u043a\u0441\u043a\u0443\u0440\u0441\u0438\u0438 Skyline","og_description":"\u0412\u0440\u0435\u043c\u044f \u0442\u0443\u0440\u0430: \u0441 7:30 \u2014 \u0434\u043e 18:00 \u0414\u043d\u0438 \u043f\u0440\u043e\u0432\u0435\u0434\u0435\u043d\u0438\u044f: \u0435\u0436\u0435\u0434\u043d\u0435\u0432\u043d\u043e","og_url":"http:\/\/skyline-gs.com\/de\/produkt\/emerald-island-koh-kham\/","og_site_name":"\u042d\u043a\u0441\u043a\u0443\u0440\u0441\u0438\u0438 Skyline","article_modified_time":"2025-10-23T22:42:38+00:00","og_image":[{"width":1200,"height":700,"url":"https:\/\/skyline-gs.com\/wp-content\/uploads\/2025\/10\/izumrudnyy_ostrov_180724_0004_0.jpg.webp","type":"image\/webp"}],"twitter_card":"summary_large_image","twitter_misc":{"Gesch\u00e4tzte Lesezeit":"2\u00a0Minuten"},"schema":{"@context":"https:\/\/schema.org","@graph":[{"@type":"WebPage","@id":"http:\/\/skyline-gs.com\/cs\/produkt\/emerald-island-koh-kham\/","url":"http:\/\/skyline-gs.com\/cs\/produkt\/emerald-island-koh-kham\/","name":"Smaragdinsel (Ko Kham) - Skyline Excursions","isPartOf":{"@id":"https:\/\/skyline-gs.com\/it\/#website"},"primaryImageOfPage":{"@id":"http:\/\/skyline-gs.com\/cs\/produkt\/emerald-island-koh-kham\/#primaryimage"},"image":{"@id":"http:\/\/skyline-gs.com\/cs\/produkt\/emerald-island-koh-kham\/#primaryimage"},"thumbnailUrl":"https:\/\/skyline-gs.com\/wp-content\/uploads\/2025\/10\/izumrudnyy_ostrov_180724_0004_0.jpg.webp","datePublished":"2025-10-23T22:31:35+00:00","dateModified":"2025-10-23T22:42:38+00:00","breadcrumb":{"@id":"http:\/\/skyline-gs.com\/cs\/produkt\/emerald-island-koh-kham\/#breadcrumb"},"inLanguage":"de","potentialAction":[{"@type":"ReadAction","target":["http:\/\/skyline-gs.com\/cs\/produkt\/emerald-island-koh-kham\/"]}]},{"@type":"ImageObject","inLanguage":"de","@id":"http:\/\/skyline-gs.com\/cs\/produkt\/emerald-island-koh-kham\/#primaryimage","url":"https:\/\/skyline-gs.com\/wp-content\/uploads\/2025\/10\/izumrudnyy_ostrov_180724_0004_0.jpg.webp","contentUrl":"https:\/\/skyline-gs.com\/wp-content\/uploads\/2025\/10\/izumrudnyy_ostrov_180724_0004_0.jpg.webp","width":1200,"height":700},{"@type":"BreadcrumbList","@id":"http:\/\/skyline-gs.com\/cs\/produkt\/emerald-island-koh-kham\/#breadcrumb","itemListElement":[{"@type":"ListItem","position":1,"name":"\u0413\u043b\u0430\u0432\u043d\u0430\u044f \u0441\u0442\u0440\u0430\u043d\u0438\u0446\u0430","item":"https:\/\/skyline-gs.com\/hu\/"},{"@type":"ListItem","position":2,"name":"\u041c\u0430\u0433\u0430\u0437\u0438\u043d","item":"https:\/\/skyline-gs.com\/cs\/shop\/"},{"@type":"ListItem","position":3,"name":"\u0418\u0437\u0443\u043c\u0440\u0443\u0434\u043d\u044b\u0439 \u043e\u0441\u0442\u0440\u043e\u0432 (\u041a\u043e \u041a\u0445\u0430\u043c)"}]},{"@type":"WebSite","@id":"https:\/\/skyline-gs.com\/it\/#website","url":"https:\/\/skyline-gs.com\/it\/","name":"Skyline Ausfl\u00fcge","description":"Exklusive Ausfl\u00fcge in den besten Resorts der Welt","publisher":{"@id":"https:\/\/skyline-gs.com\/it\/#organization"},"alternateName":"Skyline","potentialAction":[{"@type":"SearchAction","target":{"@type":"EntryPoint","urlTemplate":"https:\/\/skyline-gs.com\/it\/?s={search_term_string}"},"query-input":{"@type":"PropertyValueSpecification","valueRequired":true,"valueName":"search_term_string"}}],"inLanguage":"de"},{"@type":"Organization","@id":"https:\/\/skyline-gs.com\/it\/#organization","name":"Skyline Ausfl\u00fcge","alternateName":"\u042d\u043a\u0441\u043a\u0443\u0440\u0441\u0438\u0438 Skyline","url":"https:\/\/skyline-gs.com\/it\/","logo":{"@type":"ImageObject","inLanguage":"de","@id":"https:\/\/skyline-gs.com\/it\/#\/schema\/logo\/image\/","url":"https:\/\/skyline-gs.com\/wp-content\/uploads\/2020\/12\/cropped-logo-2.png","contentUrl":"https:\/\/skyline-gs.com\/wp-content\/uploads\/2020\/12\/cropped-logo-2.png","width":512,"height":512,"caption":"\u042d\u043a\u0441\u043a\u0443\u0440\u0441\u0438\u0438 Skyline"},"image":{"@id":"https:\/\/skyline-gs.com\/it\/#\/schema\/logo\/image\/"},"sameAs":["https:\/\/www.instagram.com\/skylineglobalservice\/"]}]}},"_links":{"self":[{"href":"https:\/\/skyline-gs.com\/de\/wp-json\/wp\/v2\/product\/70293","targetHints":{"allow":["GET"]}}],"collection":[{"href":"https:\/\/skyline-gs.com\/de\/wp-json\/wp\/v2\/product"}],"about":[{"href":"https:\/\/skyline-gs.com\/de\/wp-json\/wp\/v2\/types\/product"}],"version-history":[{"count":0,"href":"https:\/\/skyline-gs.com\/de\/wp-json\/wp\/v2\/product\/70293\/revisions"}],"wp:featuredmedia":[{"embeddable":true,"href":"https:\/\/skyline-gs.com\/de\/wp-json\/wp\/v2\/media\/70301"}],"wp:attachment":[{"href":"https:\/\/skyline-gs.com\/de\/wp-json\/wp\/v2\/media?parent=70293"}],"wp:term":[{"taxonomy":"product_brand","embeddable":true,"href":"https:\/\/skyline-gs.com\/de\/wp-json\/wp\/v2\/product_brand?post=70293"},{"taxonomy":"product_cat","embeddable":true,"href":"https:\/\/skyline-gs.com\/de\/wp-json\/wp\/v2\/product_cat?post=70293"},{"taxonomy":"product_tag","embeddable":true,"href":"https:\/\/skyline-gs.com\/de\/wp-json\/wp\/v2\/product_tag?post=70293"}],"curies":[{"name":"wp","href":"https:\/\/api.w.org\/{rel}","templated":true}]}}