{"id":67662,"date":"2025-10-18T00:31:59","date_gmt":"2025-10-17T22:31:59","guid":{"rendered":"http:\/\/skyline-gs.com\/?post_type=product&#038;p=67662"},"modified":"2025-10-18T00:55:12","modified_gmt":"2025-10-17T22:55:12","slug":"kontrastreiches-bangkok","status":"publish","type":"product","link":"https:\/\/skyline-gs.com\/de\/product\/contrasting-bangkok\/","title":{"rendered":"Kontrast Bangkok"},"content":{"rendered":"<p>Von modernen Wolkenkratzern und gesch\u00e4ftigen M\u00e4rkten bis hin zu ruhigen Tempeln und malerischen Kan\u00e4len - tauchen Sie ein in die lebhaften Kontraste von Thailands Hauptstadt. An nur einem Tag werden Sie \u00abzwei Bangkoks\u00bb sehen: das alte und das neue, die Farben der Stra\u00dfen sp\u00fcren, die lokale K\u00fcche probieren und einzigartige Ausblicke auf die Stadt von oben genie\u00dfen. Diese Tour vermittelt Ihnen einen umfassenden Eindruck von der Stadt der Engel, ihrer Geschichte und ihrem modernen Leben.<\/p>\n<p data-start=\"474\" data-end=\"809\"><strong>Programm N1: \u00abBKK - 050. Kontrast Bangkok\u00bb<\/strong><\/p>\n<p data-start=\"474\" data-end=\"809\">10:30 - Abreise aus Pattaya<br \/>\n12:30 - Indisches Viertel, Mariamanne-Tempel<br \/>\n14:00 - Tempel-Schiff (\u00abTempel-Schiff-Schrein\u00bb) mit Aussichtsplattform<br \/>\n15:00 - Longtail-Bootsfahrt auf den Kan\u00e4len von Bangkok<br \/>\n16:30 - Chinatown (Chinatown)<br \/>\n18:00 - Abendessen<br \/>\n19:00 - Abend im Asiatique Riverfront District<br \/>\n21:00 - Abfahrt nach Pattaya<br \/>\n23:00 - Ankunft im Hotel<\/p>\n<p data-start=\"474\" data-end=\"809\"><strong>Programm N2: \u00abBangkok: Stadt der Kontraste\u00bb<\/strong><\/p>\n<p data-start=\"474\" data-end=\"809\">9:30 - Abreise aus Pattaya<br \/>\n11:20-11:40 - MahaNakhon Aussichtsturm<br \/>\n12:50 - Einkaufszentrum Siam Paragon<br \/>\n13:30-14:30 - Mittagessen in einem thail\u00e4ndischen Restaurant<br \/>\n16:00 - Ratchanadda-Tempel<br \/>\n17:00 - Tempel des Goldenen Berges (Wat Saket)<br \/>\nFlusswanderung und Stadtrundgang<br \/>\n17:00-18:20 - Abendessen im Baiyoke Sky<br \/>\n21:30 - Ankunft in Pattaya<br \/>\n<em>Im Rahmen des N2-Programms ist es m\u00f6glich, gegen Aufpreis das Ozeanarium zu besuchen (~34$).<\/em><\/p>\n<p data-start=\"474\" data-end=\"809\"><strong>Zus\u00e4tzliche Geb\u00fchren:<\/strong><\/p>\n<ul>\n<li data-start=\"474\" data-end=\"809\">Spenden in Tempeln<\/li>\n<li data-start=\"474\" data-end=\"809\">Souvenirs<\/li>\n<li data-start=\"474\" data-end=\"809\">Magische Rituale<\/li>\n<li data-start=\"474\" data-end=\"809\">Alkohol<\/li>\n<\/ul>\n<p><strong style=\"font-family: var(--global-body-font-family);\">Inbegriffen:<\/strong><\/p>\n<ul>\n<li>Transfer vom Hotel und zur\u00fcck<\/li>\n<li>Komfortabler Bus<\/li>\n<li>Eintrittskarten<\/li>\n<li>Mittagessen, Abendessen<\/li>\n<li>German-speaking guide<\/li>\n<li>Versicherung<\/li>\n<\/ul>\n<p><strong>Nimm mit:<\/strong><\/p>\n<ul>\n<li>Kopie des Reisepasses<\/li>\n<li>Bequeme Schuhe<\/li>\n<li>Kleidung f\u00fcr Tempelbesuche (Schultern und Knie bedeckt)<\/li>\n<li>Kopfbedeckung<\/li>\n<li>Foto-\/Videokamera<\/li>\n<li>Geld f\u00fcr pers\u00f6nliche Ausgaben<\/li>\n<\/ul>\n<p><strong>Weitere Informationen:<\/strong><\/p>\n<ul>\n<li>Das Kinderticket wird nach der K\u00f6rpergr\u00f6\u00dfe von 90 bis 120 cm berechnet. Ein Kind bis zu 90 cm f\u00e4hrt kostenlos.<\/li>\n<li>Personen, die unter Alkohol- oder Drogeneinfluss stehen, d\u00fcrfen bei Verlust der gezahlten Gelder nicht an der Tour teilnehmen.<\/li>\n<\/ul>","protected":false},"excerpt":{"rendered":"<p><strong>Tourzeit:<\/strong> 10:30 bis 23:00<br \/>\n<strong>Veranstaltungstage:<\/strong> Dienstag, Freitag<\/p>","protected":false},"featured_media":67676,"template":"","meta":{"_kad_post_transparent":"default","_kad_post_title":"","_kad_post_layout":"default","_kad_post_sidebar_id":"","_kad_post_content_style":"default","_kad_post_vertical_padding":"default","_kad_post_feature":"","_kad_post_feature_position":"","_kad_post_header":false,"_kad_post_footer":false,"_kad_post_classname":"","_glsr_average":0,"_glsr_ranking":0,"_glsr_reviews":0},"product_brand":[],"product_cat":[507],"product_tag":[],"class_list":{"0":"post-67662","1":"product","2":"type-product","3":"status-publish","4":"has-post-thumbnail","6":"product_cat-pattaya","7":"tm-has-options","9":"first","10":"instock","11":"sold-individually","12":"taxable","13":"shipping-taxable","14":"purchasable","15":"product-type-simple","16":"entry","17":"content-bg","18":"loop-entry"},"yoast_head":"<!-- This site is optimized with the Yoast SEO plugin v27.4 - https:\/\/yoast.com\/product\/yoast-seo-wordpress\/ -->\n<title>\u041a\u043e\u043d\u0442\u0440\u0430\u0441\u0442\u043d\u044b\u0439 \u0411\u0430\u043d\u0433\u043a\u043e\u043a &#8226; \u042d\u043a\u0441\u043a\u0443\u0440\u0441\u0438\u0438 Skyline<\/title>\n<meta name=\"robots\" content=\"index, follow, max-snippet:-1, max-image-preview:large, max-video-preview:-1\" \/>\n<link rel=\"canonical\" href=\"https:\/\/skyline-gs.com\/de\/produkt\/kontrastreiches-bangkok\/\" \/>\n<meta property=\"og:locale\" content=\"de_DE\" \/>\n<meta property=\"og:type\" content=\"article\" \/>\n<meta property=\"og:title\" content=\"\u041a\u043e\u043d\u0442\u0440\u0430\u0441\u0442\u043d\u044b\u0439 \u0411\u0430\u043d\u0433\u043a\u043e\u043a &#8226; \u042d\u043a\u0441\u043a\u0443\u0440\u0441\u0438\u0438 Skyline\" \/>\n<meta property=\"og:description\" content=\"\u0412\u0440\u0435\u043c\u044f \u0442\u0443\u0440\u0430: \u0441 10:30 \u2014 \u0434\u043e 23:00 \u0414\u043d\u0438 \u043f\u0440\u043e\u0432\u0435\u0434\u0435\u043d\u0438\u044f: \u0432\u0442\u043e\u0440\u043d\u0438\u043a, \u043f\u044f\u0442\u043d\u0438\u0446\u0430\" \/>\n<meta property=\"og:url\" content=\"https:\/\/skyline-gs.com\/de\/produkt\/kontrastreiches-bangkok\/\" \/>\n<meta property=\"og:site_name\" content=\"\u042d\u043a\u0441\u043a\u0443\u0440\u0441\u0438\u0438 Skyline\" \/>\n<meta property=\"article:modified_time\" content=\"2025-10-17T22:55:12+00:00\" \/>\n<meta property=\"og:image\" content=\"https:\/\/skyline-gs.com\/wp-content\/uploads\/2025\/10\/aaf196b5-8c46-4921-abb7-0b3e85f4c173.jpg.webp\" \/>\n\t<meta property=\"og:image:width\" content=\"1478\" \/>\n\t<meta property=\"og:image:height\" content=\"1108\" \/>\n\t<meta property=\"og:image:type\" content=\"image\/webp\" \/>\n<meta name=\"twitter:card\" content=\"summary_large_image\" \/>\n<meta name=\"twitter:label1\" content=\"Gesch\u00e4tzte Lesezeit\" \/>\n\t<meta name=\"twitter:data1\" content=\"2\u00a0Minuten\" \/>\n<script type=\"application\/ld+json\" class=\"yoast-schema-graph\">{\"@context\":\"https:\\\/\\\/schema.org\",\"@graph\":[{\"@type\":\"WebPage\",\"@id\":\"https:\\\/\\\/skyline-gs.com\\\/product\\\/contrasting-bangkok\\\/\",\"url\":\"https:\\\/\\\/skyline-gs.com\\\/product\\\/contrasting-bangkok\\\/\",\"name\":\"\u041a\u043e\u043d\u0442\u0440\u0430\u0441\u0442\u043d\u044b\u0439 \u0411\u0430\u043d\u0433\u043a\u043e\u043a &#8226; \u042d\u043a\u0441\u043a\u0443\u0440\u0441\u0438\u0438 Skyline\",\"isPartOf\":{\"@id\":\"https:\\\/\\\/skyline-gs.com\\\/it\\\/#website\"},\"primaryImageOfPage\":{\"@id\":\"https:\\\/\\\/skyline-gs.com\\\/product\\\/contrasting-bangkok\\\/#primaryimage\"},\"image\":{\"@id\":\"https:\\\/\\\/skyline-gs.com\\\/product\\\/contrasting-bangkok\\\/#primaryimage\"},\"thumbnailUrl\":\"https:\\\/\\\/skyline-gs.com\\\/wp-content\\\/uploads\\\/2025\\\/10\\\/aaf196b5-8c46-4921-abb7-0b3e85f4c173.jpg.webp\",\"datePublished\":\"2025-10-17T22:31:59+00:00\",\"dateModified\":\"2025-10-17T22:55:12+00:00\",\"breadcrumb\":{\"@id\":\"https:\\\/\\\/skyline-gs.com\\\/product\\\/contrasting-bangkok\\\/#breadcrumb\"},\"inLanguage\":\"de\",\"potentialAction\":[{\"@type\":\"ReadAction\",\"target\":[\"https:\\\/\\\/skyline-gs.com\\\/product\\\/contrasting-bangkok\\\/\"]}]},{\"@type\":\"ImageObject\",\"inLanguage\":\"de\",\"@id\":\"https:\\\/\\\/skyline-gs.com\\\/product\\\/contrasting-bangkok\\\/#primaryimage\",\"url\":\"https:\\\/\\\/skyline-gs.com\\\/wp-content\\\/uploads\\\/2025\\\/10\\\/aaf196b5-8c46-4921-abb7-0b3e85f4c173.jpg.webp\",\"contentUrl\":\"https:\\\/\\\/skyline-gs.com\\\/wp-content\\\/uploads\\\/2025\\\/10\\\/aaf196b5-8c46-4921-abb7-0b3e85f4c173.jpg.webp\",\"width\":1478,\"height\":1108},{\"@type\":\"BreadcrumbList\",\"@id\":\"https:\\\/\\\/skyline-gs.com\\\/product\\\/contrasting-bangkok\\\/#breadcrumb\",\"itemListElement\":[{\"@type\":\"ListItem\",\"position\":1,\"name\":\"\u0413\u043b\u0430\u0432\u043d\u0430\u044f \u0441\u0442\u0440\u0430\u043d\u0438\u0446\u0430\",\"item\":\"https:\\\/\\\/skyline-gs.com\\\/hu\\\/\"},{\"@type\":\"ListItem\",\"position\":2,\"name\":\"\u041c\u0430\u0433\u0430\u0437\u0438\u043d\",\"item\":\"https:\\\/\\\/skyline-gs.com\\\/cs\\\/shop\\\/\"},{\"@type\":\"ListItem\",\"position\":3,\"name\":\"\u041a\u043e\u043d\u0442\u0440\u0430\u0441\u0442\u043d\u044b\u0439 \u0411\u0430\u043d\u0433\u043a\u043e\u043a\"}]},{\"@type\":\"WebSite\",\"@id\":\"https:\\\/\\\/skyline-gs.com\\\/it\\\/#website\",\"url\":\"https:\\\/\\\/skyline-gs.com\\\/it\\\/\",\"name\":\"\u042d\u043a\u0441\u043a\u0443\u0440\u0441\u0438\u0438 Skyline\",\"description\":\"\u042d\u043a\u0441\u043a\u043b\u044e\u0437\u0438\u0432\u043d\u044b\u0435 \u044d\u043a\u0441\u043a\u0443\u0440\u0441\u0438\u0438 \u043d\u0430 \u043b\u0443\u0447\u0448\u0438\u0445 \u043a\u0443\u0440\u043e\u0440\u0442\u0430\u0445 \u043c\u0438\u0440\u0430\",\"publisher\":{\"@id\":\"https:\\\/\\\/skyline-gs.com\\\/it\\\/#organization\"},\"alternateName\":\"Skyline\",\"potentialAction\":[{\"@type\":\"SearchAction\",\"target\":{\"@type\":\"EntryPoint\",\"urlTemplate\":\"https:\\\/\\\/skyline-gs.com\\\/it\\\/?s={search_term_string}\"},\"query-input\":{\"@type\":\"PropertyValueSpecification\",\"valueRequired\":true,\"valueName\":\"search_term_string\"}}],\"inLanguage\":\"de\"},{\"@type\":\"Organization\",\"@id\":\"https:\\\/\\\/skyline-gs.com\\\/it\\\/#organization\",\"name\":\"\u042d\u043a\u0441\u043a\u0443\u0440\u0441\u0438\u0438 Skyline\",\"alternateName\":\"\u042d\u043a\u0441\u043a\u0443\u0440\u0441\u0438\u0438 Skyline\",\"url\":\"https:\\\/\\\/skyline-gs.com\\\/it\\\/\",\"logo\":{\"@type\":\"ImageObject\",\"inLanguage\":\"de\",\"@id\":\"https:\\\/\\\/skyline-gs.com\\\/it\\\/#\\\/schema\\\/logo\\\/image\\\/\",\"url\":\"https:\\\/\\\/skyline-gs.com\\\/wp-content\\\/uploads\\\/2020\\\/12\\\/cropped-logo-2.png\",\"contentUrl\":\"https:\\\/\\\/skyline-gs.com\\\/wp-content\\\/uploads\\\/2020\\\/12\\\/cropped-logo-2.png\",\"width\":512,\"height\":512,\"caption\":\"\u042d\u043a\u0441\u043a\u0443\u0440\u0441\u0438\u0438 Skyline\"},\"image\":{\"@id\":\"https:\\\/\\\/skyline-gs.com\\\/it\\\/#\\\/schema\\\/logo\\\/image\\\/\"},\"sameAs\":[\"https:\\\/\\\/www.instagram.com\\\/skylineglobalservice\\\/\"]}]}<\/script>\n<!-- \/ Yoast SEO plugin. -->","yoast_head_json":{"title":"Contrast Bangkok - Skyline-Ausfl\u00fcge","robots":{"index":"index","follow":"follow","max-snippet":"max-snippet:-1","max-image-preview":"max-image-preview:large","max-video-preview":"max-video-preview:-1"},"canonical":"https:\/\/skyline-gs.com\/de\/produkt\/kontrastreiches-bangkok\/","og_locale":"de_DE","og_type":"article","og_title":"\u041a\u043e\u043d\u0442\u0440\u0430\u0441\u0442\u043d\u044b\u0439 \u0411\u0430\u043d\u0433\u043a\u043e\u043a &#8226; \u042d\u043a\u0441\u043a\u0443\u0440\u0441\u0438\u0438 Skyline","og_description":"\u0412\u0440\u0435\u043c\u044f \u0442\u0443\u0440\u0430: \u0441 10:30 \u2014 \u0434\u043e 23:00 \u0414\u043d\u0438 \u043f\u0440\u043e\u0432\u0435\u0434\u0435\u043d\u0438\u044f: \u0432\u0442\u043e\u0440\u043d\u0438\u043a, \u043f\u044f\u0442\u043d\u0438\u0446\u0430","og_url":"https:\/\/skyline-gs.com\/de\/produkt\/kontrastreiches-bangkok\/","og_site_name":"\u042d\u043a\u0441\u043a\u0443\u0440\u0441\u0438\u0438 Skyline","article_modified_time":"2025-10-17T22:55:12+00:00","og_image":[{"width":1478,"height":1108,"url":"https:\/\/skyline-gs.com\/wp-content\/uploads\/2025\/10\/aaf196b5-8c46-4921-abb7-0b3e85f4c173.jpg.webp","type":"image\/webp"}],"twitter_card":"summary_large_image","twitter_misc":{"Gesch\u00e4tzte Lesezeit":"2\u00a0Minuten"},"schema":{"@context":"https:\/\/schema.org","@graph":[{"@type":"WebPage","@id":"https:\/\/skyline-gs.com\/product\/contrasting-bangkok\/","url":"https:\/\/skyline-gs.com\/product\/contrasting-bangkok\/","name":"Contrast Bangkok - Skyline-Ausfl\u00fcge","isPartOf":{"@id":"https:\/\/skyline-gs.com\/it\/#website"},"primaryImageOfPage":{"@id":"https:\/\/skyline-gs.com\/product\/contrasting-bangkok\/#primaryimage"},"image":{"@id":"https:\/\/skyline-gs.com\/product\/contrasting-bangkok\/#primaryimage"},"thumbnailUrl":"https:\/\/skyline-gs.com\/wp-content\/uploads\/2025\/10\/aaf196b5-8c46-4921-abb7-0b3e85f4c173.jpg.webp","datePublished":"2025-10-17T22:31:59+00:00","dateModified":"2025-10-17T22:55:12+00:00","breadcrumb":{"@id":"https:\/\/skyline-gs.com\/product\/contrasting-bangkok\/#breadcrumb"},"inLanguage":"de","potentialAction":[{"@type":"ReadAction","target":["https:\/\/skyline-gs.com\/product\/contrasting-bangkok\/"]}]},{"@type":"ImageObject","inLanguage":"de","@id":"https:\/\/skyline-gs.com\/product\/contrasting-bangkok\/#primaryimage","url":"https:\/\/skyline-gs.com\/wp-content\/uploads\/2025\/10\/aaf196b5-8c46-4921-abb7-0b3e85f4c173.jpg.webp","contentUrl":"https:\/\/skyline-gs.com\/wp-content\/uploads\/2025\/10\/aaf196b5-8c46-4921-abb7-0b3e85f4c173.jpg.webp","width":1478,"height":1108},{"@type":"BreadcrumbList","@id":"https:\/\/skyline-gs.com\/product\/contrasting-bangkok\/#breadcrumb","itemListElement":[{"@type":"ListItem","position":1,"name":"\u0413\u043b\u0430\u0432\u043d\u0430\u044f \u0441\u0442\u0440\u0430\u043d\u0438\u0446\u0430","item":"https:\/\/skyline-gs.com\/hu\/"},{"@type":"ListItem","position":2,"name":"\u041c\u0430\u0433\u0430\u0437\u0438\u043d","item":"https:\/\/skyline-gs.com\/cs\/shop\/"},{"@type":"ListItem","position":3,"name":"\u041a\u043e\u043d\u0442\u0440\u0430\u0441\u0442\u043d\u044b\u0439 \u0411\u0430\u043d\u0433\u043a\u043e\u043a"}]},{"@type":"WebSite","@id":"https:\/\/skyline-gs.com\/it\/#website","url":"https:\/\/skyline-gs.com\/it\/","name":"Skyline Ausfl\u00fcge","description":"Exklusive Ausfl\u00fcge in den besten Resorts der Welt","publisher":{"@id":"https:\/\/skyline-gs.com\/it\/#organization"},"alternateName":"Skyline","potentialAction":[{"@type":"SearchAction","target":{"@type":"EntryPoint","urlTemplate":"https:\/\/skyline-gs.com\/it\/?s={search_term_string}"},"query-input":{"@type":"PropertyValueSpecification","valueRequired":true,"valueName":"search_term_string"}}],"inLanguage":"de"},{"@type":"Organization","@id":"https:\/\/skyline-gs.com\/it\/#organization","name":"Skyline Ausfl\u00fcge","alternateName":"\u042d\u043a\u0441\u043a\u0443\u0440\u0441\u0438\u0438 Skyline","url":"https:\/\/skyline-gs.com\/it\/","logo":{"@type":"ImageObject","inLanguage":"de","@id":"https:\/\/skyline-gs.com\/it\/#\/schema\/logo\/image\/","url":"https:\/\/skyline-gs.com\/wp-content\/uploads\/2020\/12\/cropped-logo-2.png","contentUrl":"https:\/\/skyline-gs.com\/wp-content\/uploads\/2020\/12\/cropped-logo-2.png","width":512,"height":512,"caption":"\u042d\u043a\u0441\u043a\u0443\u0440\u0441\u0438\u0438 Skyline"},"image":{"@id":"https:\/\/skyline-gs.com\/it\/#\/schema\/logo\/image\/"},"sameAs":["https:\/\/www.instagram.com\/skylineglobalservice\/"]}]}},"_links":{"self":[{"href":"https:\/\/skyline-gs.com\/de\/wp-json\/wp\/v2\/product\/67662","targetHints":{"allow":["GET"]}}],"collection":[{"href":"https:\/\/skyline-gs.com\/de\/wp-json\/wp\/v2\/product"}],"about":[{"href":"https:\/\/skyline-gs.com\/de\/wp-json\/wp\/v2\/types\/product"}],"version-history":[{"count":0,"href":"https:\/\/skyline-gs.com\/de\/wp-json\/wp\/v2\/product\/67662\/revisions"}],"wp:featuredmedia":[{"embeddable":true,"href":"https:\/\/skyline-gs.com\/de\/wp-json\/wp\/v2\/media\/67676"}],"wp:attachment":[{"href":"https:\/\/skyline-gs.com\/de\/wp-json\/wp\/v2\/media?parent=67662"}],"wp:term":[{"taxonomy":"product_brand","embeddable":true,"href":"https:\/\/skyline-gs.com\/de\/wp-json\/wp\/v2\/product_brand?post=67662"},{"taxonomy":"product_cat","embeddable":true,"href":"https:\/\/skyline-gs.com\/de\/wp-json\/wp\/v2\/product_cat?post=67662"},{"taxonomy":"product_tag","embeddable":true,"href":"https:\/\/skyline-gs.com\/de\/wp-json\/wp\/v2\/product_tag?post=67662"}],"curies":[{"name":"wp","href":"https:\/\/api.w.org\/{rel}","templated":true}]}}