{"id":66446,"date":"2025-09-26T16:29:20","date_gmt":"2025-09-26T14:29:20","guid":{"rendered":"http:\/\/skyline-gs.com\/?post_type=product&#038;p=66446"},"modified":"2025-09-26T16:51:49","modified_gmt":"2025-09-26T14:51:49","slug":"above-the-clouds-tour-to-khao-kho-national-park-from-pattaya","status":"publish","type":"product","link":"https:\/\/skyline-gs.com\/de\/product\/above-the-clouds-tour-to-khao-kho-national-park-from-pattaya\/","title":{"rendered":"\u00ab\u00dcber den Wolken\u00bb zum Khao Kho Kho Nationalpark von Pattaya aus"},"content":{"rendered":"<p>Eine atemberaubende Reise zum Khao-Kho-Nationalpark, wo der Sonnenaufgang auf den Berggipfeln begr\u00fc\u00dft wird und die Wolken unter Ihren F\u00fc\u00dfen vorbeiziehen. Sie werden atemberaubende Panoramen, Tempel und Landschaften sehen, die saubere Luft und eine Atmosph\u00e4re der Ruhe genie\u00dfen. Diese Tour bietet Momente der Leichtigkeit, Sch\u00f6nheit und Inspiration - die perfekte Wahl f\u00fcr Romantiker und Naturliebhaber.<\/p>\n<p data-start=\"474\" data-end=\"809\"><strong data-start=\"474\" data-end=\"488\">Programm: <\/strong><\/p>\n<p data-start=\"1170\" data-end=\"1263\">Am ersten Tag, fr\u00fche Abfahrt von Pattaya und Transfer in die Provinz Phetchabun. Auf dem Weg dorthin werden Pausen eingelegt. Nach der Ankunft im Khao Kho National Park checken Sie im Hotel ein, wandern in den Bergen und besuchen die Aussichtspunkte. Abendessen und Erholung am Abend.<br \/>\nAm zweiten Tag stehen Sie fr\u00fch auf, um den Sonnenaufgang \u00fcber den Wolken auf der Aussichtsplattform zu erleben. Zeit f\u00fcr Fotos, Spazierg\u00e4nge und Fr\u00fchst\u00fcck. Dann Besuch des Tempels Wat Phra That Pha Song Kaew, einer einzigartigen modernen Anlage mit wei\u00dfen Buddha-Statuen. Nach dem Mittagessen - R\u00fcckfahrt nach Pattaya, Ankunft am Abend.<\/p>\n<p data-start=\"1233\" data-end=\"1656\"><strong style=\"font-family: var(--global-body-font-family);\">Inbegriffen:<\/strong><\/p>\n<ul>\n<li>Transfer vom Hotel und zur\u00fcck<\/li>\n<li>Unterkunft im Hotel 3\u2605<\/li>\n<li>Fr\u00fchst\u00fccke, Mittagessen, Abendessen<\/li>\n<li>Alle Eintrittskarten<\/li>\n<li>German-speaking guide<\/li>\n<li>Versicherung<\/li>\n<\/ul>\n<p><strong>Nimm mit:<\/strong><\/p>\n<ul>\n<li>Der Pass<\/li>\n<li>Bequeme Kleidung und Schuhe<\/li>\n<li>Warme Kleidung (in den Bergen ist es nachts und morgens k\u00fchl)<\/li>\n<li>Kamera<\/li>\n<li>Leichter Rucksack<\/li>\n<\/ul>\n<p data-start=\"2105\" data-end=\"2137\"><strong>Weitere Informationen:<\/strong><\/p>\n<ul>\n<li data-start=\"2105\" data-end=\"2137\">Die Tour dauert 2 Tage und ist f\u00fcr alle Altersgruppen geeignet.<\/li>\n<li data-start=\"2105\" data-end=\"2137\">Das Schauspiel der Morgenwolken h\u00e4ngt von den Wetterbedingungen ab.<\/li>\n<li data-start=\"2105\" data-end=\"2137\">Die Pl\u00e4tze sind begrenzt, daher wird eine Voranmeldung empfohlen.<\/li>\n<\/ul>","protected":false},"excerpt":{"rendered":"<p><strong>Tourzeit:<\/strong> 2 Tage \/ 1 Nacht<br \/>\n<strong>Veranstaltungstage:<\/strong> T\u00e4glich<\/p>","protected":false},"featured_media":66448,"template":"","meta":{"_kad_post_transparent":"default","_kad_post_title":"","_kad_post_layout":"default","_kad_post_sidebar_id":"","_kad_post_content_style":"default","_kad_post_vertical_padding":"default","_kad_post_feature":"","_kad_post_feature_position":"","_kad_post_header":false,"_kad_post_footer":false,"_kad_post_classname":"","_glsr_average":0,"_glsr_ranking":0,"_glsr_reviews":0},"product_brand":[],"product_cat":[507],"product_tag":[],"class_list":{"0":"post-66446","1":"product","2":"type-product","3":"status-publish","4":"has-post-thumbnail","6":"product_cat-pattaya","7":"tm-has-options","9":"first","10":"instock","11":"sold-individually","12":"taxable","13":"shipping-taxable","14":"purchasable","15":"product-type-simple","16":"entry","17":"content-bg","18":"loop-entry"},"yoast_head":"<!-- This site is optimized with the Yoast SEO plugin v27.3 - https:\/\/yoast.com\/product\/yoast-seo-wordpress\/ -->\n<title>&quot;\u041d\u0430\u0434 \u043e\u0431\u043b\u0430\u043a\u0430\u043c\u0438&quot; \u0432 \u043d\u0430\u0446\u0438\u043e\u043d\u0430\u043b\u044c\u043d\u044b\u0439 \u043f\u0430\u0440\u043a \u041a\u0445\u0430\u043e \u041a\u0445\u043e \u0438\u0437 \u041f\u0430\u0442\u0442\u0430\u0439\u0438 &#8226; \u042d\u043a\u0441\u043a\u0443\u0440\u0441\u0438\u0438 Skyline<\/title>\n<meta name=\"robots\" content=\"index, follow, max-snippet:-1, max-image-preview:large, max-video-preview:-1\" \/>\n<link rel=\"canonical\" href=\"http:\/\/skyline-gs.com\/de\/produkt\/above-the-clouds-tour-to-khao-kho-national-park-from-pattaya\/\" \/>\n<meta property=\"og:locale\" content=\"de_DE\" \/>\n<meta property=\"og:type\" content=\"article\" \/>\n<meta property=\"og:title\" content=\"&quot;\u041d\u0430\u0434 \u043e\u0431\u043b\u0430\u043a\u0430\u043c\u0438&quot; \u0432 \u043d\u0430\u0446\u0438\u043e\u043d\u0430\u043b\u044c\u043d\u044b\u0439 \u043f\u0430\u0440\u043a \u041a\u0445\u0430\u043e \u041a\u0445\u043e \u0438\u0437 \u041f\u0430\u0442\u0442\u0430\u0439\u0438 &#8226; \u042d\u043a\u0441\u043a\u0443\u0440\u0441\u0438\u0438 Skyline\" \/>\n<meta property=\"og:description\" content=\"\u0412\u0440\u0435\u043c\u044f \u0442\u0443\u0440\u0430: 2 \u0434\u043d\u044f \/ 1 \u043d\u043e\u0447\u044c \u0414\u043d\u0438 \u043f\u0440\u043e\u0432\u0435\u0434\u0435\u043d\u0438\u044f: \u0415\u0436\u0435\u0434\u043d\u0435\u0432\u043d\u043e\" \/>\n<meta property=\"og:url\" content=\"http:\/\/skyline-gs.com\/de\/produkt\/above-the-clouds-tour-to-khao-kho-national-park-from-pattaya\/\" \/>\n<meta property=\"og:site_name\" content=\"\u042d\u043a\u0441\u043a\u0443\u0440\u0441\u0438\u0438 Skyline\" \/>\n<meta property=\"article:modified_time\" content=\"2025-09-26T14:51:49+00:00\" \/>\n<meta property=\"og:image\" content=\"https:\/\/skyline-gs.com\/wp-content\/uploads\/2025\/09\/jpg-2-e1765912912387.webp\" \/>\n\t<meta property=\"og:image:width\" content=\"960\" \/>\n\t<meta property=\"og:image:height\" content=\"640\" \/>\n\t<meta property=\"og:image:type\" content=\"image\/webp\" \/>\n<meta name=\"twitter:card\" content=\"summary_large_image\" \/>\n<meta name=\"twitter:label1\" content=\"Gesch\u00e4tzte Lesezeit\" \/>\n\t<meta name=\"twitter:data1\" content=\"2\u00a0Minuten\" \/>\n<script type=\"application\/ld+json\" class=\"yoast-schema-graph\">{\"@context\":\"https:\\\/\\\/schema.org\",\"@graph\":[{\"@type\":\"WebPage\",\"@id\":\"http:\\\/\\\/skyline-gs.com\\\/de\\\/produkt\\\/above-the-clouds-tour-to-khao-kho-national-park-from-pattaya\\\/\",\"url\":\"http:\\\/\\\/skyline-gs.com\\\/de\\\/produkt\\\/above-the-clouds-tour-to-khao-kho-national-park-from-pattaya\\\/\",\"name\":\"\\\"\u041d\u0430\u0434 \u043e\u0431\u043b\u0430\u043a\u0430\u043c\u0438\\\" \u0432 \u043d\u0430\u0446\u0438\u043e\u043d\u0430\u043b\u044c\u043d\u044b\u0439 \u043f\u0430\u0440\u043a \u041a\u0445\u0430\u043e \u041a\u0445\u043e \u0438\u0437 \u041f\u0430\u0442\u0442\u0430\u0439\u0438 &#8226; \u042d\u043a\u0441\u043a\u0443\u0440\u0441\u0438\u0438 Skyline\",\"isPartOf\":{\"@id\":\"https:\\\/\\\/skyline-gs.com\\\/it\\\/#website\"},\"primaryImageOfPage\":{\"@id\":\"http:\\\/\\\/skyline-gs.com\\\/de\\\/produkt\\\/above-the-clouds-tour-to-khao-kho-national-park-from-pattaya\\\/#primaryimage\"},\"image\":{\"@id\":\"http:\\\/\\\/skyline-gs.com\\\/de\\\/produkt\\\/above-the-clouds-tour-to-khao-kho-national-park-from-pattaya\\\/#primaryimage\"},\"thumbnailUrl\":\"https:\\\/\\\/skyline-gs.com\\\/wp-content\\\/uploads\\\/2025\\\/09\\\/jpg-2-e1765912912387.webp\",\"datePublished\":\"2025-09-26T14:29:20+00:00\",\"dateModified\":\"2025-09-26T14:51:49+00:00\",\"breadcrumb\":{\"@id\":\"http:\\\/\\\/skyline-gs.com\\\/de\\\/produkt\\\/above-the-clouds-tour-to-khao-kho-national-park-from-pattaya\\\/#breadcrumb\"},\"inLanguage\":\"de\",\"potentialAction\":[{\"@type\":\"ReadAction\",\"target\":[\"http:\\\/\\\/skyline-gs.com\\\/de\\\/produkt\\\/above-the-clouds-tour-to-khao-kho-national-park-from-pattaya\\\/\"]}]},{\"@type\":\"ImageObject\",\"inLanguage\":\"de\",\"@id\":\"http:\\\/\\\/skyline-gs.com\\\/de\\\/produkt\\\/above-the-clouds-tour-to-khao-kho-national-park-from-pattaya\\\/#primaryimage\",\"url\":\"https:\\\/\\\/skyline-gs.com\\\/wp-content\\\/uploads\\\/2025\\\/09\\\/jpg-2-e1765912912387.webp\",\"contentUrl\":\"https:\\\/\\\/skyline-gs.com\\\/wp-content\\\/uploads\\\/2025\\\/09\\\/jpg-2-e1765912912387.webp\",\"width\":960,\"height\":640},{\"@type\":\"BreadcrumbList\",\"@id\":\"http:\\\/\\\/skyline-gs.com\\\/de\\\/produkt\\\/above-the-clouds-tour-to-khao-kho-national-park-from-pattaya\\\/#breadcrumb\",\"itemListElement\":[{\"@type\":\"ListItem\",\"position\":1,\"name\":\"\u0413\u043b\u0430\u0432\u043d\u0430\u044f \u0441\u0442\u0440\u0430\u043d\u0438\u0446\u0430\",\"item\":\"https:\\\/\\\/skyline-gs.com\\\/hu\\\/\"},{\"@type\":\"ListItem\",\"position\":2,\"name\":\"\u041c\u0430\u0433\u0430\u0437\u0438\u043d\",\"item\":\"https:\\\/\\\/skyline-gs.com\\\/cs\\\/shop\\\/\"},{\"@type\":\"ListItem\",\"position\":3,\"name\":\"&#171;\u041d\u0430\u0434 \u043e\u0431\u043b\u0430\u043a\u0430\u043c\u0438&#187; \u0432 \u043d\u0430\u0446\u0438\u043e\u043d\u0430\u043b\u044c\u043d\u044b\u0439 \u043f\u0430\u0440\u043a \u041a\u0445\u0430\u043e \u041a\u0445\u043e \u0438\u0437 \u041f\u0430\u0442\u0442\u0430\u0439\u0438\"}]},{\"@type\":\"WebSite\",\"@id\":\"https:\\\/\\\/skyline-gs.com\\\/it\\\/#website\",\"url\":\"https:\\\/\\\/skyline-gs.com\\\/it\\\/\",\"name\":\"\u042d\u043a\u0441\u043a\u0443\u0440\u0441\u0438\u0438 Skyline\",\"description\":\"\u042d\u043a\u0441\u043a\u043b\u044e\u0437\u0438\u0432\u043d\u044b\u0435 \u044d\u043a\u0441\u043a\u0443\u0440\u0441\u0438\u0438 \u043d\u0430 \u043b\u0443\u0447\u0448\u0438\u0445 \u043a\u0443\u0440\u043e\u0440\u0442\u0430\u0445 \u043c\u0438\u0440\u0430\",\"publisher\":{\"@id\":\"https:\\\/\\\/skyline-gs.com\\\/it\\\/#organization\"},\"alternateName\":\"Skyline\",\"potentialAction\":[{\"@type\":\"SearchAction\",\"target\":{\"@type\":\"EntryPoint\",\"urlTemplate\":\"https:\\\/\\\/skyline-gs.com\\\/it\\\/?s={search_term_string}\"},\"query-input\":{\"@type\":\"PropertyValueSpecification\",\"valueRequired\":true,\"valueName\":\"search_term_string\"}}],\"inLanguage\":\"de\"},{\"@type\":\"Organization\",\"@id\":\"https:\\\/\\\/skyline-gs.com\\\/it\\\/#organization\",\"name\":\"\u042d\u043a\u0441\u043a\u0443\u0440\u0441\u0438\u0438 Skyline\",\"alternateName\":\"\u042d\u043a\u0441\u043a\u0443\u0440\u0441\u0438\u0438 Skyline\",\"url\":\"https:\\\/\\\/skyline-gs.com\\\/it\\\/\",\"logo\":{\"@type\":\"ImageObject\",\"inLanguage\":\"de\",\"@id\":\"https:\\\/\\\/skyline-gs.com\\\/it\\\/#\\\/schema\\\/logo\\\/image\\\/\",\"url\":\"https:\\\/\\\/skyline-gs.com\\\/wp-content\\\/uploads\\\/2020\\\/12\\\/cropped-logo-2.png\",\"contentUrl\":\"https:\\\/\\\/skyline-gs.com\\\/wp-content\\\/uploads\\\/2020\\\/12\\\/cropped-logo-2.png\",\"width\":512,\"height\":512,\"caption\":\"\u042d\u043a\u0441\u043a\u0443\u0440\u0441\u0438\u0438 Skyline\"},\"image\":{\"@id\":\"https:\\\/\\\/skyline-gs.com\\\/it\\\/#\\\/schema\\\/logo\\\/image\\\/\"},\"sameAs\":[\"https:\\\/\\\/www.instagram.com\\\/skylineglobalservice\\\/\"]}]}<\/script>\n<!-- \/ Yoast SEO plugin. -->","yoast_head_json":{"title":"\"\u00dcber den Wolken\" zum Khao Kho Kho Nationalpark von Pattaya aus - Skyline Excursions","robots":{"index":"index","follow":"follow","max-snippet":"max-snippet:-1","max-image-preview":"max-image-preview:large","max-video-preview":"max-video-preview:-1"},"canonical":"http:\/\/skyline-gs.com\/de\/produkt\/above-the-clouds-tour-to-khao-kho-national-park-from-pattaya\/","og_locale":"de_DE","og_type":"article","og_title":"\"\u041d\u0430\u0434 \u043e\u0431\u043b\u0430\u043a\u0430\u043c\u0438\" \u0432 \u043d\u0430\u0446\u0438\u043e\u043d\u0430\u043b\u044c\u043d\u044b\u0439 \u043f\u0430\u0440\u043a \u041a\u0445\u0430\u043e \u041a\u0445\u043e \u0438\u0437 \u041f\u0430\u0442\u0442\u0430\u0439\u0438 &#8226; \u042d\u043a\u0441\u043a\u0443\u0440\u0441\u0438\u0438 Skyline","og_description":"\u0412\u0440\u0435\u043c\u044f \u0442\u0443\u0440\u0430: 2 \u0434\u043d\u044f \/ 1 \u043d\u043e\u0447\u044c \u0414\u043d\u0438 \u043f\u0440\u043e\u0432\u0435\u0434\u0435\u043d\u0438\u044f: \u0415\u0436\u0435\u0434\u043d\u0435\u0432\u043d\u043e","og_url":"http:\/\/skyline-gs.com\/de\/produkt\/above-the-clouds-tour-to-khao-kho-national-park-from-pattaya\/","og_site_name":"\u042d\u043a\u0441\u043a\u0443\u0440\u0441\u0438\u0438 Skyline","article_modified_time":"2025-09-26T14:51:49+00:00","og_image":[{"width":960,"height":640,"url":"https:\/\/skyline-gs.com\/wp-content\/uploads\/2025\/09\/jpg-2-e1765912912387.webp","type":"image\/webp"}],"twitter_card":"summary_large_image","twitter_misc":{"Gesch\u00e4tzte Lesezeit":"2\u00a0Minuten"},"schema":{"@context":"https:\/\/schema.org","@graph":[{"@type":"WebPage","@id":"http:\/\/skyline-gs.com\/de\/produkt\/above-the-clouds-tour-to-khao-kho-national-park-from-pattaya\/","url":"http:\/\/skyline-gs.com\/de\/produkt\/above-the-clouds-tour-to-khao-kho-national-park-from-pattaya\/","name":"\"\u00dcber den Wolken\" zum Khao Kho Kho Nationalpark von Pattaya aus - Skyline Excursions","isPartOf":{"@id":"https:\/\/skyline-gs.com\/it\/#website"},"primaryImageOfPage":{"@id":"http:\/\/skyline-gs.com\/de\/produkt\/above-the-clouds-tour-to-khao-kho-national-park-from-pattaya\/#primaryimage"},"image":{"@id":"http:\/\/skyline-gs.com\/de\/produkt\/above-the-clouds-tour-to-khao-kho-national-park-from-pattaya\/#primaryimage"},"thumbnailUrl":"https:\/\/skyline-gs.com\/wp-content\/uploads\/2025\/09\/jpg-2-e1765912912387.webp","datePublished":"2025-09-26T14:29:20+00:00","dateModified":"2025-09-26T14:51:49+00:00","breadcrumb":{"@id":"http:\/\/skyline-gs.com\/de\/produkt\/above-the-clouds-tour-to-khao-kho-national-park-from-pattaya\/#breadcrumb"},"inLanguage":"de","potentialAction":[{"@type":"ReadAction","target":["http:\/\/skyline-gs.com\/de\/produkt\/above-the-clouds-tour-to-khao-kho-national-park-from-pattaya\/"]}]},{"@type":"ImageObject","inLanguage":"de","@id":"http:\/\/skyline-gs.com\/de\/produkt\/above-the-clouds-tour-to-khao-kho-national-park-from-pattaya\/#primaryimage","url":"https:\/\/skyline-gs.com\/wp-content\/uploads\/2025\/09\/jpg-2-e1765912912387.webp","contentUrl":"https:\/\/skyline-gs.com\/wp-content\/uploads\/2025\/09\/jpg-2-e1765912912387.webp","width":960,"height":640},{"@type":"BreadcrumbList","@id":"http:\/\/skyline-gs.com\/de\/produkt\/above-the-clouds-tour-to-khao-kho-national-park-from-pattaya\/#breadcrumb","itemListElement":[{"@type":"ListItem","position":1,"name":"\u0413\u043b\u0430\u0432\u043d\u0430\u044f \u0441\u0442\u0440\u0430\u043d\u0438\u0446\u0430","item":"https:\/\/skyline-gs.com\/hu\/"},{"@type":"ListItem","position":2,"name":"\u041c\u0430\u0433\u0430\u0437\u0438\u043d","item":"https:\/\/skyline-gs.com\/cs\/shop\/"},{"@type":"ListItem","position":3,"name":"&#171;\u041d\u0430\u0434 \u043e\u0431\u043b\u0430\u043a\u0430\u043c\u0438&#187; \u0432 \u043d\u0430\u0446\u0438\u043e\u043d\u0430\u043b\u044c\u043d\u044b\u0439 \u043f\u0430\u0440\u043a \u041a\u0445\u0430\u043e \u041a\u0445\u043e \u0438\u0437 \u041f\u0430\u0442\u0442\u0430\u0439\u0438"}]},{"@type":"WebSite","@id":"https:\/\/skyline-gs.com\/it\/#website","url":"https:\/\/skyline-gs.com\/it\/","name":"Skyline Ausfl\u00fcge","description":"Exklusive Ausfl\u00fcge in den besten Resorts der Welt","publisher":{"@id":"https:\/\/skyline-gs.com\/it\/#organization"},"alternateName":"Skyline","potentialAction":[{"@type":"SearchAction","target":{"@type":"EntryPoint","urlTemplate":"https:\/\/skyline-gs.com\/it\/?s={search_term_string}"},"query-input":{"@type":"PropertyValueSpecification","valueRequired":true,"valueName":"search_term_string"}}],"inLanguage":"de"},{"@type":"Organization","@id":"https:\/\/skyline-gs.com\/it\/#organization","name":"Skyline Ausfl\u00fcge","alternateName":"\u042d\u043a\u0441\u043a\u0443\u0440\u0441\u0438\u0438 Skyline","url":"https:\/\/skyline-gs.com\/it\/","logo":{"@type":"ImageObject","inLanguage":"de","@id":"https:\/\/skyline-gs.com\/it\/#\/schema\/logo\/image\/","url":"https:\/\/skyline-gs.com\/wp-content\/uploads\/2020\/12\/cropped-logo-2.png","contentUrl":"https:\/\/skyline-gs.com\/wp-content\/uploads\/2020\/12\/cropped-logo-2.png","width":512,"height":512,"caption":"\u042d\u043a\u0441\u043a\u0443\u0440\u0441\u0438\u0438 Skyline"},"image":{"@id":"https:\/\/skyline-gs.com\/it\/#\/schema\/logo\/image\/"},"sameAs":["https:\/\/www.instagram.com\/skylineglobalservice\/"]}]}},"_links":{"self":[{"href":"https:\/\/skyline-gs.com\/de\/wp-json\/wp\/v2\/product\/66446","targetHints":{"allow":["GET"]}}],"collection":[{"href":"https:\/\/skyline-gs.com\/de\/wp-json\/wp\/v2\/product"}],"about":[{"href":"https:\/\/skyline-gs.com\/de\/wp-json\/wp\/v2\/types\/product"}],"version-history":[{"count":0,"href":"https:\/\/skyline-gs.com\/de\/wp-json\/wp\/v2\/product\/66446\/revisions"}],"wp:featuredmedia":[{"embeddable":true,"href":"https:\/\/skyline-gs.com\/de\/wp-json\/wp\/v2\/media\/66448"}],"wp:attachment":[{"href":"https:\/\/skyline-gs.com\/de\/wp-json\/wp\/v2\/media?parent=66446"}],"wp:term":[{"taxonomy":"product_brand","embeddable":true,"href":"https:\/\/skyline-gs.com\/de\/wp-json\/wp\/v2\/product_brand?post=66446"},{"taxonomy":"product_cat","embeddable":true,"href":"https:\/\/skyline-gs.com\/de\/wp-json\/wp\/v2\/product_cat?post=66446"},{"taxonomy":"product_tag","embeddable":true,"href":"https:\/\/skyline-gs.com\/de\/wp-json\/wp\/v2\/product_tag?post=66446"}],"curies":[{"name":"wp","href":"https:\/\/api.w.org\/{rel}","templated":true}]}}