{"id":66288,"date":"2025-09-22T00:35:18","date_gmt":"2025-09-21T22:35:18","guid":{"rendered":"http:\/\/skyline-gs.com\/?post_type=product&#038;p=66288"},"modified":"2026-02-19T04:08:49","modified_gmt":"2026-02-19T02:08:49","slug":"11-inseln-phuket","status":"publish","type":"product","link":"https:\/\/skyline-gs.com\/de\/product\/11-islands-phuket\/","title":{"rendered":"11 Inseln (1 Tag)"},"content":{"rendered":"<p>Eine intensive Schnellboottour zu 11 Inseln in der Phang Nga Bay, Krabi und Phi Phi. An einem Tag besuchen Sie James Bond, Panak, Tapu, Pranang Beach, Krabi und Phi Phi Inseln, sehen die Wikingerh\u00f6hle und \u00abMonkey Beach\u00bb und schnorcheln in der Maya Lagune.<\/p>\n<p><strong data-start=\"464\" data-end=\"479\">6:30 - Abfahrt von der Lobby Ihres Hotels in Phuket.<\/strong>\u00a0Transfer vom Hotel zur Anlegestelle.<\/p>\n<ul>\n<li data-start=\"467\" data-end=\"511\">07:30 - Treffen mit Ihrem Reiseleiter, Tee oder Kaffee.<\/li>\n<li data-start=\"514\" data-end=\"551\">08:00 - Abfahrt zu den Inseln.<\/li>\n<li data-start=\"554\" data-end=\"594\">08:40 - Inselrundgang. <strong>Panak<\/strong>.<\/li>\n<li data-start=\"597\" data-end=\"671\">09:00 \u2014 <strong>James-Bond-Insel<\/strong> (Khao Ping Kan): Ansichten, Souvenirmarkt.<\/li>\n<li data-start=\"674\" data-end=\"746\">09:50 \u2014 <strong>Kanufahrt<\/strong> rund um die Insel Tapu: <strong>Mangroven, Grotten<\/strong>.<\/li>\n<li data-start=\"749\" data-end=\"813\">11:40 \u2014 <strong>Pranang Strand<\/strong> (Krabi), ber\u00fchmt f\u00fcr die vielen H\u00f6hlen.<\/li>\n<li data-start=\"816\" data-end=\"898\">12:40 - Exotische Insel <strong>Zwillinge<\/strong> \u0438 <strong>Chick-Rock\u00ab<\/strong> im S\u00fcden von Chicken Island.<\/li>\n<li data-start=\"901\" data-end=\"964\">13:20 - Mittagessen in einem Strandrestaurant am Strand von Phi Phi Don.<\/li>\n<li data-start=\"967\" data-end=\"1013\">14:20 \u2014 <strong>Schnorcheln<\/strong> von der Insel <strong>Phi Phi Phi Don<\/strong>.<\/li>\n<li data-start=\"1016\" data-end=\"1070\">16:00 - \u00ab<strong>Der Strand mit den Affen<\/strong>\u00bb in der Bucht von Yong Kasem.<\/li>\n<li data-start=\"1073\" data-end=\"1110\">16:15 \u2014 <strong>Wikingerh\u00f6hlen-Tour<\/strong>.<\/li>\n<li data-start=\"1113\" data-end=\"1157\">16:25 - Schnorcheln in der Bucht <strong>Maya<\/strong>.<\/li>\n<\/ul>\n<p><strong>19:00 - R\u00fcckkehr zum Hotel.<\/strong><\/p>\n<p><strong>Inbegriffen:<\/strong><\/p>\n<ul>\n<li data-start=\"1237\" data-end=\"1267\">Transfer vom und zum Hotel.<\/li>\n<li data-start=\"1270\" data-end=\"1301\">Speedboat auf der Strecke.<\/li>\n<li data-start=\"1304\" data-end=\"1335\">Russisch und Englisch sprechender F\u00fchrer.<\/li>\n<li data-start=\"1338\" data-end=\"1366\">Schnorchelausr\u00fcstung.<\/li>\n<li data-start=\"1369\" data-end=\"1376\">Abendessen.<\/li>\n<li data-start=\"1379\" data-end=\"1413\">Erfrischungsgetr\u00e4nke und Obst.<\/li>\n<li data-start=\"1416\" data-end=\"1444\">Eintritt in Nationalparks.<\/li>\n<\/ul>\n<p data-start=\"1728\" data-end=\"1784\"><strong>Nicht enthalten:<\/strong><\/p>\n<ul>\n<li data-start=\"1471\" data-end=\"1562\"><strong data-start=\"1471\" data-end=\"1486\">Premium-Tour<\/strong> (Sa, Sa) - 145 $ Erwachsener \/ 120 $ Kind: verbesserte Bef\u00f6rderung, Mahlzeiten.<\/li>\n<li data-start=\"1565\" data-end=\"1789\"><strong data-start=\"1565\" data-end=\"1576\">VIP-Tour<\/strong> (Sa, Sa) - 155 $ Erwachsener \/ 135 $ Kind: Royal Phuket Marina Pier, Fr\u00fchst\u00fcck, Kaffee, Bier, komfortable Boote und Katamarane, kleine Gruppen, Wi-Fi, Handt\u00fccher, Mackintoshes, Eis, Wein, beste F\u00fchrer.<\/li>\n<li data-start=\"1792\" data-end=\"1807\">Foto und Video.<\/li>\n<li data-start=\"1810\" data-end=\"1827\">Pers\u00f6nliche Ausgaben.<\/li>\n<\/ul>\n<p><strong>Nimm mit:<\/strong><\/p>\n<ul>\n<li data-start=\"1972\" data-end=\"2012\">Badeanzug, Handtuch<\/li>\n<li data-start=\"1972\" data-end=\"2012\">Sonnenbrille und Sonnencreme<\/li>\n<li data-start=\"1972\" data-end=\"2012\">Kopfbedeckung<\/li>\n<li data-start=\"1972\" data-end=\"2012\">Wasser<\/li>\n<\/ul>\n<p><strong>Weitere Informationen:<\/strong><\/p>\n<ul>\n<li data-start=\"3527\" data-end=\"3679\">Schwangere Frauen, die l\u00e4nger als 3 Monate schwanger sind, d\u00fcrfen nicht an der Tour teilnehmen (im Falle einer verheimlichten Schwangerschaft werden keine R\u00fcckerstattungen gew\u00e4hrt).<\/li>\n<li data-start=\"3527\" data-end=\"3679\">Personen, die unter Alkohol- oder Drogeneinfluss stehen, d\u00fcrfen bei Verlust des gezahlten Geldes nicht an der Tour teilnehmen.<\/li>\n<li data-start=\"3527\" data-end=\"3679\">Das Programm kann aufgrund von Wetterbedingungen und anderer h\u00f6herer Gewalt ge\u00e4ndert werden.<\/li>\n<\/ul>","protected":false},"excerpt":{"rendered":"<p><strong>Tourzeit:<\/strong> 6:30 \u2014 19:00<\/p>\n<p><strong>Veranstaltungstage:<\/strong> T\u00e4glich<\/p>","protected":false},"featured_media":66265,"template":"","meta":{"_kad_post_transparent":"default","_kad_post_title":"","_kad_post_layout":"default","_kad_post_sidebar_id":"","_kad_post_content_style":"default","_kad_post_vertical_padding":"default","_kad_post_feature":"","_kad_post_feature_position":"","_kad_post_header":false,"_kad_post_footer":false,"_kad_post_classname":"","_glsr_average":0,"_glsr_ranking":0,"_glsr_reviews":0},"product_brand":[],"product_cat":[506],"product_tag":[],"class_list":{"0":"post-66288","1":"product","2":"type-product","3":"status-publish","4":"has-post-thumbnail","6":"product_cat-phuket","7":"tm-has-options","9":"first","10":"instock","11":"sold-individually","12":"taxable","13":"shipping-taxable","14":"purchasable","15":"product-type-simple","16":"entry","17":"content-bg","18":"loop-entry"},"yoast_head":"<!-- This site is optimized with the Yoast SEO plugin v27.4 - https:\/\/yoast.com\/product\/yoast-seo-wordpress\/ -->\n<title>11 \u043e\u0441\u0442\u0440\u043e\u0432\u043e\u0432 (1 \u0434\u0435\u043d\u044c) &#8226; \u042d\u043a\u0441\u043a\u0443\u0440\u0441\u0438\u0438 Skyline<\/title>\n<meta name=\"robots\" content=\"index, follow, max-snippet:-1, max-image-preview:large, max-video-preview:-1\" \/>\n<link rel=\"canonical\" href=\"https:\/\/skyline-gs.com\/de\/produkt\/11-inseln-phuket\/\" \/>\n<meta property=\"og:locale\" content=\"de_DE\" \/>\n<meta property=\"og:type\" content=\"article\" \/>\n<meta property=\"og:title\" content=\"11 \u043e\u0441\u0442\u0440\u043e\u0432\u043e\u0432 (1 \u0434\u0435\u043d\u044c) &#8226; \u042d\u043a\u0441\u043a\u0443\u0440\u0441\u0438\u0438 Skyline\" \/>\n<meta property=\"og:description\" content=\"\u0412\u0440\u0435\u043c\u044f \u0442\u0443\u0440\u0430: 6:30 \u2014 19:00  \u0414\u043d\u0438 \u043f\u0440\u043e\u0432\u0435\u0434\u0435\u043d\u0438\u044f: \u041a\u0430\u0436\u0434\u044b\u0439 \u0434\u0435\u043d\u044c\" \/>\n<meta property=\"og:url\" content=\"https:\/\/skyline-gs.com\/de\/produkt\/11-inseln-phuket\/\" \/>\n<meta property=\"og:site_name\" content=\"\u042d\u043a\u0441\u043a\u0443\u0440\u0441\u0438\u0438 Skyline\" \/>\n<meta property=\"article:modified_time\" content=\"2026-02-19T02:08:49+00:00\" \/>\n<meta property=\"og:image\" content=\"https:\/\/skyline-gs.com\/wp-content\/uploads\/2025\/09\/55.jpg\" \/>\n\t<meta property=\"og:image:width\" content=\"669\" \/>\n\t<meta property=\"og:image:height\" content=\"446\" \/>\n\t<meta property=\"og:image:type\" content=\"image\/jpeg\" \/>\n<meta name=\"twitter:card\" content=\"summary_large_image\" \/>\n<meta name=\"twitter:label1\" content=\"Gesch\u00e4tzte Lesezeit\" \/>\n\t<meta name=\"twitter:data1\" content=\"2\u00a0Minuten\" \/>\n<script type=\"application\/ld+json\" class=\"yoast-schema-graph\">{\"@context\":\"https:\\\/\\\/schema.org\",\"@graph\":[{\"@type\":\"WebPage\",\"@id\":\"https:\\\/\\\/skyline-gs.com\\\/product\\\/11-islands-phuket\\\/\",\"url\":\"https:\\\/\\\/skyline-gs.com\\\/product\\\/11-islands-phuket\\\/\",\"name\":\"11 \u043e\u0441\u0442\u0440\u043e\u0432\u043e\u0432 (1 \u0434\u0435\u043d\u044c) &#8226; \u042d\u043a\u0441\u043a\u0443\u0440\u0441\u0438\u0438 Skyline\",\"isPartOf\":{\"@id\":\"https:\\\/\\\/skyline-gs.com\\\/it\\\/#website\"},\"primaryImageOfPage\":{\"@id\":\"https:\\\/\\\/skyline-gs.com\\\/product\\\/11-islands-phuket\\\/#primaryimage\"},\"image\":{\"@id\":\"https:\\\/\\\/skyline-gs.com\\\/product\\\/11-islands-phuket\\\/#primaryimage\"},\"thumbnailUrl\":\"https:\\\/\\\/skyline-gs.com\\\/wp-content\\\/uploads\\\/2025\\\/09\\\/55.jpg\",\"datePublished\":\"2025-09-21T22:35:18+00:00\",\"dateModified\":\"2026-02-19T02:08:49+00:00\",\"breadcrumb\":{\"@id\":\"https:\\\/\\\/skyline-gs.com\\\/product\\\/11-islands-phuket\\\/#breadcrumb\"},\"inLanguage\":\"de\",\"potentialAction\":[{\"@type\":\"ReadAction\",\"target\":[\"https:\\\/\\\/skyline-gs.com\\\/product\\\/11-islands-phuket\\\/\"]}]},{\"@type\":\"ImageObject\",\"inLanguage\":\"de\",\"@id\":\"https:\\\/\\\/skyline-gs.com\\\/product\\\/11-islands-phuket\\\/#primaryimage\",\"url\":\"https:\\\/\\\/skyline-gs.com\\\/wp-content\\\/uploads\\\/2025\\\/09\\\/55.jpg\",\"contentUrl\":\"https:\\\/\\\/skyline-gs.com\\\/wp-content\\\/uploads\\\/2025\\\/09\\\/55.jpg\",\"width\":669,\"height\":446},{\"@type\":\"BreadcrumbList\",\"@id\":\"https:\\\/\\\/skyline-gs.com\\\/product\\\/11-islands-phuket\\\/#breadcrumb\",\"itemListElement\":[{\"@type\":\"ListItem\",\"position\":1,\"name\":\"\u0413\u043b\u0430\u0432\u043d\u0430\u044f \u0441\u0442\u0440\u0430\u043d\u0438\u0446\u0430\",\"item\":\"https:\\\/\\\/skyline-gs.com\\\/hu\\\/\"},{\"@type\":\"ListItem\",\"position\":2,\"name\":\"\u041c\u0430\u0433\u0430\u0437\u0438\u043d\",\"item\":\"https:\\\/\\\/skyline-gs.com\\\/cs\\\/shop\\\/\"},{\"@type\":\"ListItem\",\"position\":3,\"name\":\"11 \u043e\u0441\u0442\u0440\u043e\u0432\u043e\u0432 (1 \u0434\u0435\u043d\u044c)\"}]},{\"@type\":\"WebSite\",\"@id\":\"https:\\\/\\\/skyline-gs.com\\\/it\\\/#website\",\"url\":\"https:\\\/\\\/skyline-gs.com\\\/it\\\/\",\"name\":\"\u042d\u043a\u0441\u043a\u0443\u0440\u0441\u0438\u0438 Skyline\",\"description\":\"\u042d\u043a\u0441\u043a\u043b\u044e\u0437\u0438\u0432\u043d\u044b\u0435 \u044d\u043a\u0441\u043a\u0443\u0440\u0441\u0438\u0438 \u043d\u0430 \u043b\u0443\u0447\u0448\u0438\u0445 \u043a\u0443\u0440\u043e\u0440\u0442\u0430\u0445 \u043c\u0438\u0440\u0430\",\"publisher\":{\"@id\":\"https:\\\/\\\/skyline-gs.com\\\/it\\\/#organization\"},\"alternateName\":\"Skyline\",\"potentialAction\":[{\"@type\":\"SearchAction\",\"target\":{\"@type\":\"EntryPoint\",\"urlTemplate\":\"https:\\\/\\\/skyline-gs.com\\\/it\\\/?s={search_term_string}\"},\"query-input\":{\"@type\":\"PropertyValueSpecification\",\"valueRequired\":true,\"valueName\":\"search_term_string\"}}],\"inLanguage\":\"de\"},{\"@type\":\"Organization\",\"@id\":\"https:\\\/\\\/skyline-gs.com\\\/it\\\/#organization\",\"name\":\"\u042d\u043a\u0441\u043a\u0443\u0440\u0441\u0438\u0438 Skyline\",\"alternateName\":\"\u042d\u043a\u0441\u043a\u0443\u0440\u0441\u0438\u0438 Skyline\",\"url\":\"https:\\\/\\\/skyline-gs.com\\\/it\\\/\",\"logo\":{\"@type\":\"ImageObject\",\"inLanguage\":\"de\",\"@id\":\"https:\\\/\\\/skyline-gs.com\\\/it\\\/#\\\/schema\\\/logo\\\/image\\\/\",\"url\":\"https:\\\/\\\/skyline-gs.com\\\/wp-content\\\/uploads\\\/2020\\\/12\\\/cropped-logo-2.png\",\"contentUrl\":\"https:\\\/\\\/skyline-gs.com\\\/wp-content\\\/uploads\\\/2020\\\/12\\\/cropped-logo-2.png\",\"width\":512,\"height\":512,\"caption\":\"\u042d\u043a\u0441\u043a\u0443\u0440\u0441\u0438\u0438 Skyline\"},\"image\":{\"@id\":\"https:\\\/\\\/skyline-gs.com\\\/it\\\/#\\\/schema\\\/logo\\\/image\\\/\"},\"sameAs\":[\"https:\\\/\\\/www.instagram.com\\\/skylineglobalservice\\\/\"]}]}<\/script>\n<!-- \/ Yoast SEO plugin. -->","yoast_head_json":{"title":"11 Inseln (1 Tag) - Skyline Excursions","robots":{"index":"index","follow":"follow","max-snippet":"max-snippet:-1","max-image-preview":"max-image-preview:large","max-video-preview":"max-video-preview:-1"},"canonical":"https:\/\/skyline-gs.com\/de\/produkt\/11-inseln-phuket\/","og_locale":"de_DE","og_type":"article","og_title":"11 \u043e\u0441\u0442\u0440\u043e\u0432\u043e\u0432 (1 \u0434\u0435\u043d\u044c) &#8226; \u042d\u043a\u0441\u043a\u0443\u0440\u0441\u0438\u0438 Skyline","og_description":"\u0412\u0440\u0435\u043c\u044f \u0442\u0443\u0440\u0430: 6:30 \u2014 19:00  \u0414\u043d\u0438 \u043f\u0440\u043e\u0432\u0435\u0434\u0435\u043d\u0438\u044f: \u041a\u0430\u0436\u0434\u044b\u0439 \u0434\u0435\u043d\u044c","og_url":"https:\/\/skyline-gs.com\/de\/produkt\/11-inseln-phuket\/","og_site_name":"\u042d\u043a\u0441\u043a\u0443\u0440\u0441\u0438\u0438 Skyline","article_modified_time":"2026-02-19T02:08:49+00:00","og_image":[{"width":669,"height":446,"url":"https:\/\/skyline-gs.com\/wp-content\/uploads\/2025\/09\/55.jpg","type":"image\/jpeg"}],"twitter_card":"summary_large_image","twitter_misc":{"Gesch\u00e4tzte Lesezeit":"2\u00a0Minuten"},"schema":{"@context":"https:\/\/schema.org","@graph":[{"@type":"WebPage","@id":"https:\/\/skyline-gs.com\/product\/11-islands-phuket\/","url":"https:\/\/skyline-gs.com\/product\/11-islands-phuket\/","name":"11 Inseln (1 Tag) - Skyline Excursions","isPartOf":{"@id":"https:\/\/skyline-gs.com\/it\/#website"},"primaryImageOfPage":{"@id":"https:\/\/skyline-gs.com\/product\/11-islands-phuket\/#primaryimage"},"image":{"@id":"https:\/\/skyline-gs.com\/product\/11-islands-phuket\/#primaryimage"},"thumbnailUrl":"https:\/\/skyline-gs.com\/wp-content\/uploads\/2025\/09\/55.jpg","datePublished":"2025-09-21T22:35:18+00:00","dateModified":"2026-02-19T02:08:49+00:00","breadcrumb":{"@id":"https:\/\/skyline-gs.com\/product\/11-islands-phuket\/#breadcrumb"},"inLanguage":"de","potentialAction":[{"@type":"ReadAction","target":["https:\/\/skyline-gs.com\/product\/11-islands-phuket\/"]}]},{"@type":"ImageObject","inLanguage":"de","@id":"https:\/\/skyline-gs.com\/product\/11-islands-phuket\/#primaryimage","url":"https:\/\/skyline-gs.com\/wp-content\/uploads\/2025\/09\/55.jpg","contentUrl":"https:\/\/skyline-gs.com\/wp-content\/uploads\/2025\/09\/55.jpg","width":669,"height":446},{"@type":"BreadcrumbList","@id":"https:\/\/skyline-gs.com\/product\/11-islands-phuket\/#breadcrumb","itemListElement":[{"@type":"ListItem","position":1,"name":"\u0413\u043b\u0430\u0432\u043d\u0430\u044f \u0441\u0442\u0440\u0430\u043d\u0438\u0446\u0430","item":"https:\/\/skyline-gs.com\/hu\/"},{"@type":"ListItem","position":2,"name":"\u041c\u0430\u0433\u0430\u0437\u0438\u043d","item":"https:\/\/skyline-gs.com\/cs\/shop\/"},{"@type":"ListItem","position":3,"name":"11 \u043e\u0441\u0442\u0440\u043e\u0432\u043e\u0432 (1 \u0434\u0435\u043d\u044c)"}]},{"@type":"WebSite","@id":"https:\/\/skyline-gs.com\/it\/#website","url":"https:\/\/skyline-gs.com\/it\/","name":"Skyline Ausfl\u00fcge","description":"Exklusive Ausfl\u00fcge in den besten Resorts der Welt","publisher":{"@id":"https:\/\/skyline-gs.com\/it\/#organization"},"alternateName":"Skyline","potentialAction":[{"@type":"SearchAction","target":{"@type":"EntryPoint","urlTemplate":"https:\/\/skyline-gs.com\/it\/?s={search_term_string}"},"query-input":{"@type":"PropertyValueSpecification","valueRequired":true,"valueName":"search_term_string"}}],"inLanguage":"de"},{"@type":"Organization","@id":"https:\/\/skyline-gs.com\/it\/#organization","name":"Skyline Ausfl\u00fcge","alternateName":"\u042d\u043a\u0441\u043a\u0443\u0440\u0441\u0438\u0438 Skyline","url":"https:\/\/skyline-gs.com\/it\/","logo":{"@type":"ImageObject","inLanguage":"de","@id":"https:\/\/skyline-gs.com\/it\/#\/schema\/logo\/image\/","url":"https:\/\/skyline-gs.com\/wp-content\/uploads\/2020\/12\/cropped-logo-2.png","contentUrl":"https:\/\/skyline-gs.com\/wp-content\/uploads\/2020\/12\/cropped-logo-2.png","width":512,"height":512,"caption":"\u042d\u043a\u0441\u043a\u0443\u0440\u0441\u0438\u0438 Skyline"},"image":{"@id":"https:\/\/skyline-gs.com\/it\/#\/schema\/logo\/image\/"},"sameAs":["https:\/\/www.instagram.com\/skylineglobalservice\/"]}]}},"_links":{"self":[{"href":"https:\/\/skyline-gs.com\/de\/wp-json\/wp\/v2\/product\/66288","targetHints":{"allow":["GET"]}}],"collection":[{"href":"https:\/\/skyline-gs.com\/de\/wp-json\/wp\/v2\/product"}],"about":[{"href":"https:\/\/skyline-gs.com\/de\/wp-json\/wp\/v2\/types\/product"}],"version-history":[{"count":0,"href":"https:\/\/skyline-gs.com\/de\/wp-json\/wp\/v2\/product\/66288\/revisions"}],"wp:featuredmedia":[{"embeddable":true,"href":"https:\/\/skyline-gs.com\/de\/wp-json\/wp\/v2\/media\/66265"}],"wp:attachment":[{"href":"https:\/\/skyline-gs.com\/de\/wp-json\/wp\/v2\/media?parent=66288"}],"wp:term":[{"taxonomy":"product_brand","embeddable":true,"href":"https:\/\/skyline-gs.com\/de\/wp-json\/wp\/v2\/product_brand?post=66288"},{"taxonomy":"product_cat","embeddable":true,"href":"https:\/\/skyline-gs.com\/de\/wp-json\/wp\/v2\/product_cat?post=66288"},{"taxonomy":"product_tag","embeddable":true,"href":"https:\/\/skyline-gs.com\/de\/wp-json\/wp\/v2\/product_tag?post=66288"}],"curies":[{"name":"wp","href":"https:\/\/api.w.org\/{rel}","templated":true}]}}