{"id":66179,"date":"2025-09-20T17:56:44","date_gmt":"2025-09-20T15:56:44","guid":{"rendered":"http:\/\/skyline-gs.com\/?post_type=product&#038;p=66179"},"modified":"2025-09-23T22:16:33","modified_gmt":"2025-09-23T20:16:33","slug":"evening-in-pattaya-excursion-from-pattaya-and-bangkok","status":"publish","type":"product","link":"https:\/\/skyline-gs.com\/de\/product\/evening-in-pattaya-excursion-from-pattaya-and-bangkok\/","title":{"rendered":"Abend in Ayutthaya, Ausflug von Pattaya und Bangkok"},"content":{"rendered":"<p>Wenn die alten Tempel in das goldene Licht des Sonnenuntergangs getaucht sind und die abendliche Stille die steinernen Ruinen verwandelt, werden Sie Ayutthaya aus einer neuen, magischen Perspektive sehen. Spazierg\u00e4nge, Flussfahrten, Pal\u00e4ste, Illuminationen, abendliche Ausblicke - alles, um den Tag mit einer Erfahrung zu beenden, die Ihnen f\u00fcr immer in Erinnerung bleiben wird!<\/p>\n<p data-start=\"474\" data-end=\"809\"><strong data-start=\"474\" data-end=\"488\">Programm: <\/strong><\/p>\n<ul>\n<li data-start=\"474\" data-end=\"809\">\u0412\u044b\u0435\u0437\u0434 \u0438\u0437 \u043e\u0442\u0435\u043b\u044f \u0440\u0430\u043d\u043d\u0438\u043c \u0443\u0442\u0440\u043e\u043c.<\/li>\n<li data-start=\"474\" data-end=\"809\">\u041f\u0435\u0440\u0432\u043e\u0439 \u0442\u043e\u0447\u043a\u043e\u0439 \u043c\u0430\u0440\u0448\u0440\u0443\u0442\u0430 \u0441\u0442\u0430\u043d\u0435\u0442 \u0434\u0432\u043e\u0440\u0435\u0446 \u0411\u0430\u043d\u0433 \u041f\u0430 \u0418\u043d \u2014 \u043a\u043e\u0440\u043e\u043b\u0435\u0432\u0441\u043a\u0430\u044f \u043b\u0435\u0442\u043d\u044f\u044f \u0440\u0435\u0437\u0438\u0434\u0435\u043d\u0446\u0438\u044f \u0441 \u043f\u0440\u0435\u043a\u0440\u0430\u0441\u043d\u044b\u043c \u043f\u0430\u0440\u043a\u043e\u043c.<\/li>\n<li data-start=\"474\" data-end=\"809\">\u0417\u0430\u0442\u0435\u043c \u043e\u0431\u0435\u0434 \u0432 \u0430\u0443\u0442\u0435\u043d\u0442\u0438\u0447\u043d\u043e\u043c \u0440\u0435\u0441\u0442\u043e\u0440\u0430\u043d\u0435.<\/li>\n<li data-start=\"474\" data-end=\"809\">\u041f\u043e\u0441\u043b\u0435 \u2014 \u043f\u043e\u0441\u0435\u0449\u0435\u043d\u0438\u0435 \u0445\u0440\u0430\u043c\u0430 \u041f\u043e\u0431\u0435\u0434\u044b \u0438 \u0445\u0440\u0430\u043c\u0430 Wat Yai Chai Mongkhon, \u0438\u0437\u0432\u0435\u0441\u0442\u043d\u043e\u0433\u043e \u0441\u0432\u043e\u0435\u0439 \u043e\u0433\u0440\u043e\u043c\u043d\u043e\u0439 \u0447\u0435\u0434\u0438 \u0438 \u043b\u0435\u0436\u0430\u0447\u0438\u043c \u0411\u0443\u0434\u0434\u043e\u0439.<\/li>\n<li data-start=\"474\" data-end=\"809\">\u0414\u0430\u043b\u0435\u0435 \u043e\u0442\u043f\u0440\u0430\u0432\u043b\u0435\u043d\u0438\u0435 \u043d\u0430 \u0434\u0432\u0443\u0445\u0447\u0430\u0441\u043e\u0432\u043e\u0439 \u043a\u0440\u0443\u0438\u0437 \u0432\u043e\u043a\u0440\u0443\u0433 \u0410\u044e\u0442\u0442\u0430\u0439\u0438 \u0441 \u043e\u0441\u0442\u0430\u043d\u043e\u0432\u043a\u0430\u043c\u0438 \u0443 \u0434\u0432\u0443\u0445 \u0445\u0440\u0430\u043c\u043e\u0432 Wat Phanan Choeng Worawihan \u0438 Phut Thai Savan, \u0433\u0434\u0435 \u043c\u043e\u0436\u043d\u043e \u0432\u044b\u0439\u0442\u0438 \u0438 \u043d\u0430\u0441\u043b\u0430\u0434\u0438\u0442\u044c\u0441\u044f \u0430\u0442\u043c\u043e\u0441\u0444\u0435\u0440\u043e\u0439.<\/li>\n<li data-start=\"474\" data-end=\"809\">\u0417\u0430\u0442\u0435\u043c \u0432\u0430\u0441 \u0436\u0434\u0451\u0442 \u0445\u0440\u0430\u043c\u043e\u0432\u044b\u0439 \u043a\u043e\u043c\u043f\u043b\u0435\u043a\u0441 Wat Chaiwatthanaram \u0432 \u0432\u0435\u0447\u0435\u0440\u043d\u0435\u0439 \u043f\u043e\u0434\u0441\u0432\u0435\u0442\u043a\u0435 \u2014 \u043e\u0434\u0438\u043d \u0438\u0437 \u0441\u0430\u043c\u044b\u0445 \u043a\u0440\u0430\u0441\u0438\u0432\u044b\u0445 \u0432\u0438\u0434\u043e\u0432 \u0441\u0442\u0440\u0430\u043d\u044b.<\/li>\n<li data-start=\"474\" data-end=\"809\">\u0422\u0443\u0440 \u0437\u0430\u0432\u0435\u0440\u0448\u0430\u0435\u0442\u0441\u044f \u0432\u0435\u0447\u0435\u0440\u043e\u043c \u0432\u043e\u0437\u0432\u0440\u0430\u0449\u0435\u043d\u0438\u0435\u043c \u0432 \u041f\u0430\u0442\u0442\u0430\u0439\u044e.<\/li>\n<\/ul>\n<p data-start=\"1233\" data-end=\"1656\"><strong style=\"font-family: var(--global-body-font-family);\">Inbegriffen:<\/strong><\/p>\n<ul>\n<li>Transfer vom Hotel und zur\u00fcck<\/li>\n<li>Eintrittsgelder f\u00fcr die Tempelanlage<\/li>\n<li>Abendessen<\/li>\n<li>Englischsprachiger Reiseleiter<\/li>\n<li><span style=\"font-family: var(--global-body-font-family);\">Versicherung<\/span><\/li>\n<\/ul>\n<p><strong>Nimm mit:<\/strong><\/p>\n<ul>\n<li>Kopie des Reisepasses<\/li>\n<li>Kleidung, die die Schultern und Knie bedeckt<\/li>\n<li>Bequeme Schuhe<\/li>\n<li>Kopfbedeckung, Sonnenbrille<\/li>\n<li>Foto-\/Videokamera<\/li>\n<li><span style=\"font-family: var(--global-body-font-family);\">Geld f\u00fcr pers\u00f6nliche Ausgaben<\/span><\/li>\n<\/ul>\n<p data-start=\"2105\" data-end=\"2137\"><strong data-start=\"2105\" data-end=\"2135\">Weitere Informationen:<\/strong><\/p>\n<ul>\n<li data-start=\"1908\" data-end=\"1977\">Auf dem Tempelgel\u00e4nde ist die Kleiderordnung zu beachten: bedeckte Schultern und Knie.<\/li>\n<li data-start=\"1980\" data-end=\"2067\">Die R\u00fcckfahrtzeiten sind ungef\u00e4hre Angaben und k\u00f6nnen je nach Stra\u00dfenbedingungen variieren.<\/li>\n<\/ul>","protected":false},"excerpt":{"rendered":"<p><strong>Tourzeit:<\/strong> \u0432\u044b\u0435\u0437\u0434 \u0443\u0442\u0440\u043e\u043c \u0438\u0437 \u043e\u0442\u0435\u043b\u044f<br \/>\n<strong>Veranstaltungstage:<\/strong> \u043f\u044f\u0442\u043d\u0438\u0446\u0430, \u0432\u043e\u0441\u043a\u0440\u0435\u0441\u0435\u043d\u044c\u0435<\/p>","protected":false},"featured_media":66185,"template":"","meta":{"_kad_post_transparent":"default","_kad_post_title":"","_kad_post_layout":"default","_kad_post_sidebar_id":"","_kad_post_content_style":"default","_kad_post_vertical_padding":"default","_kad_post_feature":"","_kad_post_feature_position":"","_kad_post_header":false,"_kad_post_footer":false,"_kad_post_classname":"","_glsr_average":0,"_glsr_ranking":0,"_glsr_reviews":0},"product_brand":[],"product_cat":[507],"product_tag":[],"class_list":{"0":"post-66179","1":"product","2":"type-product","3":"status-publish","4":"has-post-thumbnail","6":"product_cat-pattaya","7":"tm-has-options","9":"first","10":"instock","11":"sold-individually","12":"taxable","13":"shipping-taxable","14":"purchasable","15":"product-type-simple","16":"entry","17":"content-bg","18":"loop-entry"},"yoast_head":"<!-- This site is optimized with the Yoast SEO plugin v27.3 - https:\/\/yoast.com\/product\/yoast-seo-wordpress\/ -->\n<title>\u0412\u0435\u0447\u0435\u0440 \u0432 \u0410\u044e\u0442\u0442\u0430\u0439\u0435, \u044d\u043a\u0441\u043a\u0443\u0440\u0441\u0438\u044f \u0438\u0437 \u041f\u0430\u0442\u0442\u0430\u0439\u0435 \u0438 \u0411\u0430\u043d\u0433\u043a\u043e\u043a\u0430 &#8226; \u042d\u043a\u0441\u043a\u0443\u0440\u0441\u0438\u0438 Skyline<\/title>\n<meta name=\"robots\" content=\"index, follow, max-snippet:-1, max-image-preview:large, max-video-preview:-1\" \/>\n<link rel=\"canonical\" href=\"http:\/\/skyline-gs.com\/de\/produkt\/evening-in-pattaya-excursion-from-pattaya-and-bangkok\/\" \/>\n<meta property=\"og:locale\" content=\"de_DE\" \/>\n<meta property=\"og:type\" content=\"article\" \/>\n<meta property=\"og:title\" content=\"\u0412\u0435\u0447\u0435\u0440 \u0432 \u0410\u044e\u0442\u0442\u0430\u0439\u0435, \u044d\u043a\u0441\u043a\u0443\u0440\u0441\u0438\u044f \u0438\u0437 \u041f\u0430\u0442\u0442\u0430\u0439\u0435 \u0438 \u0411\u0430\u043d\u0433\u043a\u043e\u043a\u0430 &#8226; \u042d\u043a\u0441\u043a\u0443\u0440\u0441\u0438\u0438 Skyline\" \/>\n<meta property=\"og:description\" content=\"\u0412\u0440\u0435\u043c\u044f \u0442\u0443\u0440\u0430: \u0432\u044b\u0435\u0437\u0434 \u0443\u0442\u0440\u043e\u043c \u0438\u0437 \u043e\u0442\u0435\u043b\u044f \u0414\u043d\u0438 \u043f\u0440\u043e\u0432\u0435\u0434\u0435\u043d\u0438\u044f: \u043f\u044f\u0442\u043d\u0438\u0446\u0430, \u0432\u043e\u0441\u043a\u0440\u0435\u0441\u0435\u043d\u044c\u0435\" \/>\n<meta property=\"og:url\" content=\"http:\/\/skyline-gs.com\/de\/produkt\/evening-in-pattaya-excursion-from-pattaya-and-bangkok\/\" \/>\n<meta property=\"og:site_name\" content=\"\u042d\u043a\u0441\u043a\u0443\u0440\u0441\u0438\u0438 Skyline\" \/>\n<meta property=\"article:modified_time\" content=\"2025-09-23T20:16:33+00:00\" \/>\n<meta property=\"og:image\" content=\"https:\/\/skyline-gs.com\/wp-content\/uploads\/2025\/09\/eveningayuthaya7-e1765911426352.webp\" \/>\n\t<meta property=\"og:image:width\" content=\"800\" \/>\n\t<meta property=\"og:image:height\" content=\"533\" \/>\n\t<meta property=\"og:image:type\" content=\"image\/webp\" \/>\n<meta name=\"twitter:card\" content=\"summary_large_image\" \/>\n<meta name=\"twitter:label1\" content=\"Gesch\u00e4tzte Lesezeit\" \/>\n\t<meta name=\"twitter:data1\" content=\"2\u00a0Minuten\" \/>\n<script type=\"application\/ld+json\" class=\"yoast-schema-graph\">{\"@context\":\"https:\\\/\\\/schema.org\",\"@graph\":[{\"@type\":\"WebPage\",\"@id\":\"http:\\\/\\\/skyline-gs.com\\\/it\\\/prodotto\\\/evening-in-pattaya-excursion-from-pattaya-and-bangkok\\\/\",\"url\":\"http:\\\/\\\/skyline-gs.com\\\/it\\\/prodotto\\\/evening-in-pattaya-excursion-from-pattaya-and-bangkok\\\/\",\"name\":\"\u0412\u0435\u0447\u0435\u0440 \u0432 \u0410\u044e\u0442\u0442\u0430\u0439\u0435, \u044d\u043a\u0441\u043a\u0443\u0440\u0441\u0438\u044f \u0438\u0437 \u041f\u0430\u0442\u0442\u0430\u0439\u0435 \u0438 \u0411\u0430\u043d\u0433\u043a\u043e\u043a\u0430 &#8226; \u042d\u043a\u0441\u043a\u0443\u0440\u0441\u0438\u0438 Skyline\",\"isPartOf\":{\"@id\":\"https:\\\/\\\/skyline-gs.com\\\/it\\\/#website\"},\"primaryImageOfPage\":{\"@id\":\"http:\\\/\\\/skyline-gs.com\\\/it\\\/prodotto\\\/evening-in-pattaya-excursion-from-pattaya-and-bangkok\\\/#primaryimage\"},\"image\":{\"@id\":\"http:\\\/\\\/skyline-gs.com\\\/it\\\/prodotto\\\/evening-in-pattaya-excursion-from-pattaya-and-bangkok\\\/#primaryimage\"},\"thumbnailUrl\":\"https:\\\/\\\/skyline-gs.com\\\/wp-content\\\/uploads\\\/2025\\\/09\\\/eveningayuthaya7-e1765911426352.webp\",\"datePublished\":\"2025-09-20T15:56:44+00:00\",\"dateModified\":\"2025-09-23T20:16:33+00:00\",\"breadcrumb\":{\"@id\":\"http:\\\/\\\/skyline-gs.com\\\/it\\\/prodotto\\\/evening-in-pattaya-excursion-from-pattaya-and-bangkok\\\/#breadcrumb\"},\"inLanguage\":\"de\",\"potentialAction\":[{\"@type\":\"ReadAction\",\"target\":[\"http:\\\/\\\/skyline-gs.com\\\/it\\\/prodotto\\\/evening-in-pattaya-excursion-from-pattaya-and-bangkok\\\/\"]}]},{\"@type\":\"ImageObject\",\"inLanguage\":\"de\",\"@id\":\"http:\\\/\\\/skyline-gs.com\\\/it\\\/prodotto\\\/evening-in-pattaya-excursion-from-pattaya-and-bangkok\\\/#primaryimage\",\"url\":\"https:\\\/\\\/skyline-gs.com\\\/wp-content\\\/uploads\\\/2025\\\/09\\\/eveningayuthaya7-e1765911426352.webp\",\"contentUrl\":\"https:\\\/\\\/skyline-gs.com\\\/wp-content\\\/uploads\\\/2025\\\/09\\\/eveningayuthaya7-e1765911426352.webp\",\"width\":800,\"height\":533},{\"@type\":\"BreadcrumbList\",\"@id\":\"http:\\\/\\\/skyline-gs.com\\\/it\\\/prodotto\\\/evening-in-pattaya-excursion-from-pattaya-and-bangkok\\\/#breadcrumb\",\"itemListElement\":[{\"@type\":\"ListItem\",\"position\":1,\"name\":\"\u0413\u043b\u0430\u0432\u043d\u0430\u044f \u0441\u0442\u0440\u0430\u043d\u0438\u0446\u0430\",\"item\":\"https:\\\/\\\/skyline-gs.com\\\/hu\\\/\"},{\"@type\":\"ListItem\",\"position\":2,\"name\":\"\u041c\u0430\u0433\u0430\u0437\u0438\u043d\",\"item\":\"https:\\\/\\\/skyline-gs.com\\\/cs\\\/shop\\\/\"},{\"@type\":\"ListItem\",\"position\":3,\"name\":\"\u0412\u0435\u0447\u0435\u0440 \u0432 \u0410\u044e\u0442\u0442\u0430\u0439\u0435, \u044d\u043a\u0441\u043a\u0443\u0440\u0441\u0438\u044f \u0438\u0437 \u041f\u0430\u0442\u0442\u0430\u0439\u0435 \u0438 \u0411\u0430\u043d\u0433\u043a\u043e\u043a\u0430\"}]},{\"@type\":\"WebSite\",\"@id\":\"https:\\\/\\\/skyline-gs.com\\\/it\\\/#website\",\"url\":\"https:\\\/\\\/skyline-gs.com\\\/it\\\/\",\"name\":\"\u042d\u043a\u0441\u043a\u0443\u0440\u0441\u0438\u0438 Skyline\",\"description\":\"\u042d\u043a\u0441\u043a\u043b\u044e\u0437\u0438\u0432\u043d\u044b\u0435 \u044d\u043a\u0441\u043a\u0443\u0440\u0441\u0438\u0438 \u043d\u0430 \u043b\u0443\u0447\u0448\u0438\u0445 \u043a\u0443\u0440\u043e\u0440\u0442\u0430\u0445 \u043c\u0438\u0440\u0430\",\"publisher\":{\"@id\":\"https:\\\/\\\/skyline-gs.com\\\/it\\\/#organization\"},\"alternateName\":\"Skyline\",\"potentialAction\":[{\"@type\":\"SearchAction\",\"target\":{\"@type\":\"EntryPoint\",\"urlTemplate\":\"https:\\\/\\\/skyline-gs.com\\\/it\\\/?s={search_term_string}\"},\"query-input\":{\"@type\":\"PropertyValueSpecification\",\"valueRequired\":true,\"valueName\":\"search_term_string\"}}],\"inLanguage\":\"de\"},{\"@type\":\"Organization\",\"@id\":\"https:\\\/\\\/skyline-gs.com\\\/it\\\/#organization\",\"name\":\"\u042d\u043a\u0441\u043a\u0443\u0440\u0441\u0438\u0438 Skyline\",\"alternateName\":\"\u042d\u043a\u0441\u043a\u0443\u0440\u0441\u0438\u0438 Skyline\",\"url\":\"https:\\\/\\\/skyline-gs.com\\\/it\\\/\",\"logo\":{\"@type\":\"ImageObject\",\"inLanguage\":\"de\",\"@id\":\"https:\\\/\\\/skyline-gs.com\\\/it\\\/#\\\/schema\\\/logo\\\/image\\\/\",\"url\":\"https:\\\/\\\/skyline-gs.com\\\/wp-content\\\/uploads\\\/2020\\\/12\\\/cropped-logo-2.png\",\"contentUrl\":\"https:\\\/\\\/skyline-gs.com\\\/wp-content\\\/uploads\\\/2020\\\/12\\\/cropped-logo-2.png\",\"width\":512,\"height\":512,\"caption\":\"\u042d\u043a\u0441\u043a\u0443\u0440\u0441\u0438\u0438 Skyline\"},\"image\":{\"@id\":\"https:\\\/\\\/skyline-gs.com\\\/it\\\/#\\\/schema\\\/logo\\\/image\\\/\"},\"sameAs\":[\"https:\\\/\\\/www.instagram.com\\\/skylineglobalservice\\\/\"]}]}<\/script>\n<!-- \/ Yoast SEO plugin. -->","yoast_head_json":{"title":"Abend in Ayutthaya, Ausflug von Pattaya und Bangkok - Skyline Excursions","robots":{"index":"index","follow":"follow","max-snippet":"max-snippet:-1","max-image-preview":"max-image-preview:large","max-video-preview":"max-video-preview:-1"},"canonical":"http:\/\/skyline-gs.com\/de\/produkt\/evening-in-pattaya-excursion-from-pattaya-and-bangkok\/","og_locale":"de_DE","og_type":"article","og_title":"\u0412\u0435\u0447\u0435\u0440 \u0432 \u0410\u044e\u0442\u0442\u0430\u0439\u0435, \u044d\u043a\u0441\u043a\u0443\u0440\u0441\u0438\u044f \u0438\u0437 \u041f\u0430\u0442\u0442\u0430\u0439\u0435 \u0438 \u0411\u0430\u043d\u0433\u043a\u043e\u043a\u0430 &#8226; \u042d\u043a\u0441\u043a\u0443\u0440\u0441\u0438\u0438 Skyline","og_description":"\u0412\u0440\u0435\u043c\u044f \u0442\u0443\u0440\u0430: \u0432\u044b\u0435\u0437\u0434 \u0443\u0442\u0440\u043e\u043c \u0438\u0437 \u043e\u0442\u0435\u043b\u044f \u0414\u043d\u0438 \u043f\u0440\u043e\u0432\u0435\u0434\u0435\u043d\u0438\u044f: \u043f\u044f\u0442\u043d\u0438\u0446\u0430, \u0432\u043e\u0441\u043a\u0440\u0435\u0441\u0435\u043d\u044c\u0435","og_url":"http:\/\/skyline-gs.com\/de\/produkt\/evening-in-pattaya-excursion-from-pattaya-and-bangkok\/","og_site_name":"\u042d\u043a\u0441\u043a\u0443\u0440\u0441\u0438\u0438 Skyline","article_modified_time":"2025-09-23T20:16:33+00:00","og_image":[{"width":800,"height":533,"url":"https:\/\/skyline-gs.com\/wp-content\/uploads\/2025\/09\/eveningayuthaya7-e1765911426352.webp","type":"image\/webp"}],"twitter_card":"summary_large_image","twitter_misc":{"Gesch\u00e4tzte Lesezeit":"2\u00a0Minuten"},"schema":{"@context":"https:\/\/schema.org","@graph":[{"@type":"WebPage","@id":"http:\/\/skyline-gs.com\/it\/prodotto\/evening-in-pattaya-excursion-from-pattaya-and-bangkok\/","url":"http:\/\/skyline-gs.com\/it\/prodotto\/evening-in-pattaya-excursion-from-pattaya-and-bangkok\/","name":"Abend in Ayutthaya, Ausflug von Pattaya und Bangkok - Skyline Excursions","isPartOf":{"@id":"https:\/\/skyline-gs.com\/it\/#website"},"primaryImageOfPage":{"@id":"http:\/\/skyline-gs.com\/it\/prodotto\/evening-in-pattaya-excursion-from-pattaya-and-bangkok\/#primaryimage"},"image":{"@id":"http:\/\/skyline-gs.com\/it\/prodotto\/evening-in-pattaya-excursion-from-pattaya-and-bangkok\/#primaryimage"},"thumbnailUrl":"https:\/\/skyline-gs.com\/wp-content\/uploads\/2025\/09\/eveningayuthaya7-e1765911426352.webp","datePublished":"2025-09-20T15:56:44+00:00","dateModified":"2025-09-23T20:16:33+00:00","breadcrumb":{"@id":"http:\/\/skyline-gs.com\/it\/prodotto\/evening-in-pattaya-excursion-from-pattaya-and-bangkok\/#breadcrumb"},"inLanguage":"de","potentialAction":[{"@type":"ReadAction","target":["http:\/\/skyline-gs.com\/it\/prodotto\/evening-in-pattaya-excursion-from-pattaya-and-bangkok\/"]}]},{"@type":"ImageObject","inLanguage":"de","@id":"http:\/\/skyline-gs.com\/it\/prodotto\/evening-in-pattaya-excursion-from-pattaya-and-bangkok\/#primaryimage","url":"https:\/\/skyline-gs.com\/wp-content\/uploads\/2025\/09\/eveningayuthaya7-e1765911426352.webp","contentUrl":"https:\/\/skyline-gs.com\/wp-content\/uploads\/2025\/09\/eveningayuthaya7-e1765911426352.webp","width":800,"height":533},{"@type":"BreadcrumbList","@id":"http:\/\/skyline-gs.com\/it\/prodotto\/evening-in-pattaya-excursion-from-pattaya-and-bangkok\/#breadcrumb","itemListElement":[{"@type":"ListItem","position":1,"name":"\u0413\u043b\u0430\u0432\u043d\u0430\u044f \u0441\u0442\u0440\u0430\u043d\u0438\u0446\u0430","item":"https:\/\/skyline-gs.com\/hu\/"},{"@type":"ListItem","position":2,"name":"\u041c\u0430\u0433\u0430\u0437\u0438\u043d","item":"https:\/\/skyline-gs.com\/cs\/shop\/"},{"@type":"ListItem","position":3,"name":"\u0412\u0435\u0447\u0435\u0440 \u0432 \u0410\u044e\u0442\u0442\u0430\u0439\u0435, \u044d\u043a\u0441\u043a\u0443\u0440\u0441\u0438\u044f \u0438\u0437 \u041f\u0430\u0442\u0442\u0430\u0439\u0435 \u0438 \u0411\u0430\u043d\u0433\u043a\u043e\u043a\u0430"}]},{"@type":"WebSite","@id":"https:\/\/skyline-gs.com\/it\/#website","url":"https:\/\/skyline-gs.com\/it\/","name":"Skyline Ausfl\u00fcge","description":"Exklusive Ausfl\u00fcge in den besten Resorts der Welt","publisher":{"@id":"https:\/\/skyline-gs.com\/it\/#organization"},"alternateName":"Skyline","potentialAction":[{"@type":"SearchAction","target":{"@type":"EntryPoint","urlTemplate":"https:\/\/skyline-gs.com\/it\/?s={search_term_string}"},"query-input":{"@type":"PropertyValueSpecification","valueRequired":true,"valueName":"search_term_string"}}],"inLanguage":"de"},{"@type":"Organization","@id":"https:\/\/skyline-gs.com\/it\/#organization","name":"Skyline Ausfl\u00fcge","alternateName":"\u042d\u043a\u0441\u043a\u0443\u0440\u0441\u0438\u0438 Skyline","url":"https:\/\/skyline-gs.com\/it\/","logo":{"@type":"ImageObject","inLanguage":"de","@id":"https:\/\/skyline-gs.com\/it\/#\/schema\/logo\/image\/","url":"https:\/\/skyline-gs.com\/wp-content\/uploads\/2020\/12\/cropped-logo-2.png","contentUrl":"https:\/\/skyline-gs.com\/wp-content\/uploads\/2020\/12\/cropped-logo-2.png","width":512,"height":512,"caption":"\u042d\u043a\u0441\u043a\u0443\u0440\u0441\u0438\u0438 Skyline"},"image":{"@id":"https:\/\/skyline-gs.com\/it\/#\/schema\/logo\/image\/"},"sameAs":["https:\/\/www.instagram.com\/skylineglobalservice\/"]}]}},"_links":{"self":[{"href":"https:\/\/skyline-gs.com\/de\/wp-json\/wp\/v2\/product\/66179","targetHints":{"allow":["GET"]}}],"collection":[{"href":"https:\/\/skyline-gs.com\/de\/wp-json\/wp\/v2\/product"}],"about":[{"href":"https:\/\/skyline-gs.com\/de\/wp-json\/wp\/v2\/types\/product"}],"version-history":[{"count":0,"href":"https:\/\/skyline-gs.com\/de\/wp-json\/wp\/v2\/product\/66179\/revisions"}],"wp:featuredmedia":[{"embeddable":true,"href":"https:\/\/skyline-gs.com\/de\/wp-json\/wp\/v2\/media\/66185"}],"wp:attachment":[{"href":"https:\/\/skyline-gs.com\/de\/wp-json\/wp\/v2\/media?parent=66179"}],"wp:term":[{"taxonomy":"product_brand","embeddable":true,"href":"https:\/\/skyline-gs.com\/de\/wp-json\/wp\/v2\/product_brand?post=66179"},{"taxonomy":"product_cat","embeddable":true,"href":"https:\/\/skyline-gs.com\/de\/wp-json\/wp\/v2\/product_cat?post=66179"},{"taxonomy":"product_tag","embeddable":true,"href":"https:\/\/skyline-gs.com\/de\/wp-json\/wp\/v2\/product_tag?post=66179"}],"curies":[{"name":"wp","href":"https:\/\/api.w.org\/{rel}","templated":true}]}}