{"id":66171,"date":"2025-09-20T14:59:53","date_gmt":"2025-09-20T12:59:53","guid":{"rendered":"http:\/\/skyline-gs.com\/?post_type=product&#038;p=66171"},"modified":"2025-09-20T17:56:16","modified_gmt":"2025-09-20T15:56:16","slug":"ayutthaya-ancient-capital","status":"publish","type":"product","link":"https:\/\/skyline-gs.com\/de\/product\/ayutthaya-ancient-capital\/","title":{"rendered":"Ayutthaya - Antike Hauptstadt"},"content":{"rendered":"<p>\u042d\u0442\u0430 \u044d\u043a\u0441\u043a\u0443\u0440\u0441\u0438\u044f \u043f\u043e\u0437\u0432\u043e\u043b\u0438\u0442 \u043f\u0440\u0438\u043a\u043e\u0441\u043d\u0443\u0442\u044c\u0441\u044f \u043a \u0438\u0441\u0442\u043e\u0440\u0438\u0438 \u0421\u0438\u0430\u043c\u0430, \u0443\u0432\u0438\u0434\u0435\u0442\u044c \u0432\u0435\u043b\u0438\u0447\u0438\u0435 \u0445\u0440\u0430\u043c\u043e\u0432, \u0443\u0437\u043d\u0430\u0442\u044c \u043b\u0435\u0433\u0435\u043d\u0434\u044b \u0434\u0440\u0435\u0432\u043d\u0438\u0445 \u043a\u043e\u0440\u043e\u043b\u0435\u0439, \u043d\u0430\u0441\u043b\u0430\u0434\u0438\u0442\u044c\u0441\u044f \u0430\u0442\u043c\u043e\u0441\u0444\u0435\u0440\u043e\u0439 \u0434\u0440\u0435\u0432\u043d\u0435\u0433\u043e \u0433\u043e\u0440\u043e\u0434\u0430. \u0423\u0434\u043e\u0431\u043d\u044b\u0439 \u0442\u0440\u0430\u043d\u0441\u0444\u0435\u0440, \u043f\u0440\u043e\u0444\u0435\u0441\u0441\u0438\u043e\u043d\u0430\u043b\u044c\u043d\u044b\u0439 \u0440\u0443\u0441\u0441\u043a\u043e\u044f\u0437\u044b\u0447\u043d\u044b\u0439 \u0433\u0438\u0434, \u043a\u043e\u043c\u0444\u043e\u0440\u0442 \u0438 \u0432\u0434\u043e\u0445\u043d\u043e\u0432\u0435\u043d\u0438\u0435 \u2014 \u0432\u0441\u0451 \u0434\u043b\u044f \u0432\u0430\u0448\u0435\u0433\u043e \u043f\u043e\u043b\u043d\u043e\u0433\u043e \u043f\u043e\u0433\u0440\u0443\u0436\u0435\u043d\u0438\u044f!<\/p>\n<p data-start=\"474\" data-end=\"809\"><strong data-start=\"474\" data-end=\"488\">Programm: <\/strong><\/p>\n<p data-start=\"474\" data-end=\"809\">\u0412\u044b\u0435\u0437\u0434 \u0438\u0437 \u043e\u0442\u0435\u043b\u044f \u0440\u0430\u043d\u043d\u0438\u043c \u0443\u0442\u0440\u043e\u043c. \u041f\u0435\u0440\u0432\u044b\u043c \u0432\u044b \u043f\u043e\u0441\u0435\u0442\u0438\u0442\u0435 \u0445\u0440\u0430\u043c \u0412\u0430\u0442 \u041f\u0445\u0440\u0430 \u0421\u0438\u0441\u0430\u043d\u043f\u0435\u0442 \u2014 \u043e\u0434\u0438\u043d \u0438\u0437 \u0434\u0440\u0435\u0432\u043d\u0438\u0445 \u0445\u0440\u0430\u043c\u043e\u0432, \u0441\u043f\u0440\u043e\u0435\u043a\u0442\u0438\u0440\u043e\u0432\u0430\u043d\u043d\u044b\u0445 \u0432 \u043a\u043e\u0440\u043e\u043b\u0435\u0432\u0441\u043a\u043e\u043c \u0441\u0442\u0438\u043b\u0435. \u0417\u0430\u0442\u0435\u043c \u2014 \u0445\u0440\u0430\u043c \u0412\u0430\u0442 \u042f\u0439 \u0427\u0430\u0439\u043c\u043e\u043d\u0433\u043a\u043e\u043b, \u0433\u0434\u0435 \u0447\u0443\u0432\u0441\u0442\u0432\u0443\u0435\u0442\u0441\u044f \u0434\u0443\u0445 \u0438\u0441\u0442\u043e\u0440\u0438\u0438 \u0438 \u043c\u043e\u0449\u044c \u0430\u0440\u0445\u0438\u0442\u0435\u043a\u0442\u0443\u0440\u044b. \u041f\u043e\u0441\u043b\u0435 \u2014 \u0412\u0430\u0442 \u041c\u0430\u0445\u0430\u0442\u0445\u0430\u0442, \u0437\u043d\u0430\u043c\u0435\u043d\u0438\u0442\u044b\u0439 \u00ab\u0411\u0443\u0434\u0434\u0430-\u0433\u043e\u043b\u043e\u0432\u0430 \u0432 \u043a\u043e\u0440\u043d\u044f\u0445 \u0434\u0435\u0440\u0435\u0432\u0430\u00bb. \u0414\u0430\u043b\u0435\u0435 \u2014 \u0412\u0430\u0442 \u0427\u0430\u0439 \u0412\u0430\u0442\u0442\u0430\u043d\u0430\u0440\u0430\u043c, \u0441 \u0435\u0433\u043e \u0432\u0438\u0434\u043e\u043c \u043d\u0430 \u0440\u0435\u043a\u0443, \u0441\u0442\u0430\u0440\u0438\u043d\u043d\u044b\u043c\u0438 \u0447\u0435\u0434\u044f\u043c\u0438 \u0438 \u043a\u0440\u0430\u0441\u0438\u0432\u044b\u043c \u043e\u0444\u043e\u0440\u043c\u043b\u0435\u043d\u0438\u0435\u043c. \u041e\u0431\u0435\u0434 \u0432 \u0442\u0430\u0439\u0441\u043a\u043e\u043c \u0441\u0442\u0438\u043b\u0435 \u0432 \u043c\u0435\u0441\u0442\u043d\u043e\u043c \u0440\u0435\u0441\u0442\u043e\u0440\u0430\u043d\u0435. \u041f\u043e\u0441\u043b\u0435 \u043e\u0431\u0435\u0434\u0430 \u2014 \u043e\u0431\u0440\u0430\u0442\u043d\u044b\u0439 \u043f\u0443\u0442\u044c \u0432 \u041f\u0430\u0442\u0442\u0430\u0439\u044e \u0441 \u043e\u0441\u0442\u0430\u043d\u043e\u0432\u043a\u0430\u043c\u0438, \u0433\u0434\u0435 \u043c\u043e\u0436\u0435\u0448\u044c \u043e\u0442\u0434\u043e\u0445\u043d\u0443\u0442\u044c \u0438 \u043a\u0443\u043f\u0438\u0442\u044c \u0447\u0442\u043e-\u0442\u043e \u043d\u0430 \u043f\u0430\u043c\u044f\u0442\u044c.<\/p>\n<p data-start=\"1233\" data-end=\"1656\"><strong style=\"font-family: var(--global-body-font-family);\">Inbegriffen:<\/strong><\/p>\n<ul>\n<li>Transfer vom Hotel und zur\u00fcck<\/li>\n<li><span style=\"font-family: var(--global-body-font-family);\">Eintrittskarten zu allen Tempeln, die auf dem Programm stehen<\/span><\/li>\n<li><span style=\"font-family: var(--global-body-font-family);\">Abendessen<\/span><\/li>\n<li><span style=\"font-family: var(--global-body-font-family);\">German-speaking guide<\/span><\/li>\n<\/ul>\n<p><strong>Nimm mit:<\/strong><\/p>\n<ul>\n<li data-start=\"1627\" data-end=\"1648\">Ausl\u00e4ndischer Reisepass<\/li>\n<li data-start=\"1651\" data-end=\"1666\">Bequeme Schuhe<\/li>\n<li data-start=\"1669\" data-end=\"1706\">Kopfbedeckungen und Sonnenbrillen<\/li>\n<li data-start=\"1709\" data-end=\"1733\">Foto-\/Videoausr\u00fcstung<\/li>\n<li data-start=\"1736\" data-end=\"1785\">Kleidung, die Schultern und Knie bedeckt (f\u00fcr Schl\u00e4fen)<\/li>\n<\/ul>\n<p data-start=\"2105\" data-end=\"2137\"><strong data-start=\"2105\" data-end=\"2135\">Weitere Informationen:<\/strong><\/p>\n<ul>\n<li data-start=\"1908\" data-end=\"1977\">Auf dem Tempelgel\u00e4nde ist die Kleiderordnung zu beachten: bedeckte Schultern und Knie.<\/li>\n<li data-start=\"1980\" data-end=\"2067\">Die R\u00fcckfahrtzeiten sind ungef\u00e4hre Angaben und k\u00f6nnen je nach Stra\u00dfenbedingungen variieren.<\/li>\n<\/ul>","protected":false},"excerpt":{"rendered":"<p><strong data-start=\"567\" data-end=\"599\">Tourzeiten und Tage der Tour:<\/strong><br data-start=\"599\" data-end=\"602\" \/>\u0421\u0431\u043e\u0440 \u0443\u0442\u0440\u043e\u043c \u0438\u0437 \u043e\u0442\u0435\u043b\u044f \u0432 \u041f\u0430\u0442\u0442\u0430\u0439\u0435. \u0422\u0443\u0440 \u0435\u0436\u0435\u0434\u043d\u0435\u0432\u043d\u043e \u043f\u0440\u043e\u0432\u043e\u0434\u0438\u0442\u0441\u044f. \u0412\u043e\u0437\u0432\u0440\u0430\u0449\u0435\u043d\u0438\u0435 \u0432\u0435\u0447\u0435\u0440\u043e\u043c, \u043e\u0440\u0438\u0435\u043d\u0442\u0438\u0440\u043e\u0432\u043e\u0447\u043d\u043e \u0432 18:30-19:00.<\/p>","protected":false},"featured_media":66177,"template":"","meta":{"_kad_post_transparent":"default","_kad_post_title":"","_kad_post_layout":"default","_kad_post_sidebar_id":"","_kad_post_content_style":"default","_kad_post_vertical_padding":"default","_kad_post_feature":"","_kad_post_feature_position":"","_kad_post_header":false,"_kad_post_footer":false,"_kad_post_classname":"","_glsr_average":0,"_glsr_ranking":0,"_glsr_reviews":0},"product_brand":[],"product_cat":[507],"product_tag":[],"class_list":{"0":"post-66171","1":"product","2":"type-product","3":"status-publish","4":"has-post-thumbnail","6":"product_cat-pattaya","7":"tm-has-options","9":"first","10":"instock","11":"sold-individually","12":"taxable","13":"shipping-taxable","14":"purchasable","15":"product-type-simple","16":"entry","17":"content-bg","18":"loop-entry"},"yoast_head":"<!-- This site is optimized with the Yoast SEO plugin v27.3 - https:\/\/yoast.com\/product\/yoast-seo-wordpress\/ -->\n<title>\u0410\u044e\u0442\u0442\u0430\u0439\u044f \u2014 \u0414\u0440\u0435\u0432\u043d\u044f\u044f \u0421\u0442\u043e\u043b\u0438\u0446\u0430 &#8226; \u042d\u043a\u0441\u043a\u0443\u0440\u0441\u0438\u0438 Skyline<\/title>\n<meta name=\"robots\" content=\"index, follow, max-snippet:-1, max-image-preview:large, max-video-preview:-1\" \/>\n<link rel=\"canonical\" href=\"http:\/\/skyline-gs.com\/de\/produkt\/ayutthaya-ancient-capital\/\" \/>\n<meta property=\"og:locale\" content=\"de_DE\" \/>\n<meta property=\"og:type\" content=\"article\" \/>\n<meta property=\"og:title\" content=\"\u0410\u044e\u0442\u0442\u0430\u0439\u044f \u2014 \u0414\u0440\u0435\u0432\u043d\u044f\u044f \u0421\u0442\u043e\u043b\u0438\u0446\u0430 &#8226; \u042d\u043a\u0441\u043a\u0443\u0440\u0441\u0438\u0438 Skyline\" \/>\n<meta property=\"og:description\" content=\"\u0412\u0440\u0435\u043c\u044f \u0442\u0443\u0440\u0430 \u0438 \u0434\u043d\u0438 \u043f\u0440\u043e\u0432\u0435\u0434\u0435\u043d\u0438\u044f:\u0421\u0431\u043e\u0440 \u0443\u0442\u0440\u043e\u043c \u0438\u0437 \u043e\u0442\u0435\u043b\u044f \u0432 \u041f\u0430\u0442\u0442\u0430\u0439\u0435. \u0422\u0443\u0440 \u0435\u0436\u0435\u0434\u043d\u0435\u0432\u043d\u043e \u043f\u0440\u043e\u0432\u043e\u0434\u0438\u0442\u0441\u044f. \u0412\u043e\u0437\u0432\u0440\u0430\u0449\u0435\u043d\u0438\u0435 \u0432\u0435\u0447\u0435\u0440\u043e\u043c, \u043e\u0440\u0438\u0435\u043d\u0442\u0438\u0440\u043e\u0432\u043e\u0447\u043d\u043e \u0432 18:30-19:00.\" \/>\n<meta property=\"og:url\" content=\"http:\/\/skyline-gs.com\/de\/produkt\/ayutthaya-ancient-capital\/\" \/>\n<meta property=\"og:site_name\" content=\"\u042d\u043a\u0441\u043a\u0443\u0440\u0441\u0438\u0438 Skyline\" \/>\n<meta property=\"article:modified_time\" content=\"2025-09-20T15:56:16+00:00\" \/>\n<meta property=\"og:image\" content=\"https:\/\/skyline-gs.com\/wp-content\/uploads\/2025\/09\/dreamstime_m_314098302-e1758374332973.jpg\" \/>\n\t<meta property=\"og:image:width\" content=\"669\" \/>\n\t<meta property=\"og:image:height\" content=\"446\" \/>\n\t<meta property=\"og:image:type\" content=\"image\/jpeg\" \/>\n<meta name=\"twitter:card\" content=\"summary_large_image\" \/>\n<meta name=\"twitter:label1\" content=\"Gesch\u00e4tzte Lesezeit\" \/>\n\t<meta name=\"twitter:data1\" content=\"2\u00a0Minuten\" \/>\n<script type=\"application\/ld+json\" class=\"yoast-schema-graph\">{\"@context\":\"https:\\\/\\\/schema.org\",\"@graph\":[{\"@type\":\"WebPage\",\"@id\":\"http:\\\/\\\/skyline-gs.com\\\/cs\\\/produkt\\\/ayutthaya-ancient-capital\\\/\",\"url\":\"http:\\\/\\\/skyline-gs.com\\\/cs\\\/produkt\\\/ayutthaya-ancient-capital\\\/\",\"name\":\"\u0410\u044e\u0442\u0442\u0430\u0439\u044f \u2014 \u0414\u0440\u0435\u0432\u043d\u044f\u044f \u0421\u0442\u043e\u043b\u0438\u0446\u0430 &#8226; \u042d\u043a\u0441\u043a\u0443\u0440\u0441\u0438\u0438 Skyline\",\"isPartOf\":{\"@id\":\"https:\\\/\\\/skyline-gs.com\\\/it\\\/#website\"},\"primaryImageOfPage\":{\"@id\":\"http:\\\/\\\/skyline-gs.com\\\/cs\\\/produkt\\\/ayutthaya-ancient-capital\\\/#primaryimage\"},\"image\":{\"@id\":\"http:\\\/\\\/skyline-gs.com\\\/cs\\\/produkt\\\/ayutthaya-ancient-capital\\\/#primaryimage\"},\"thumbnailUrl\":\"https:\\\/\\\/skyline-gs.com\\\/wp-content\\\/uploads\\\/2025\\\/09\\\/dreamstime_m_314098302-e1758374332973.jpg\",\"datePublished\":\"2025-09-20T12:59:53+00:00\",\"dateModified\":\"2025-09-20T15:56:16+00:00\",\"breadcrumb\":{\"@id\":\"http:\\\/\\\/skyline-gs.com\\\/cs\\\/produkt\\\/ayutthaya-ancient-capital\\\/#breadcrumb\"},\"inLanguage\":\"de\",\"potentialAction\":[{\"@type\":\"ReadAction\",\"target\":[\"http:\\\/\\\/skyline-gs.com\\\/cs\\\/produkt\\\/ayutthaya-ancient-capital\\\/\"]}]},{\"@type\":\"ImageObject\",\"inLanguage\":\"de\",\"@id\":\"http:\\\/\\\/skyline-gs.com\\\/cs\\\/produkt\\\/ayutthaya-ancient-capital\\\/#primaryimage\",\"url\":\"https:\\\/\\\/skyline-gs.com\\\/wp-content\\\/uploads\\\/2025\\\/09\\\/dreamstime_m_314098302-e1758374332973.jpg\",\"contentUrl\":\"https:\\\/\\\/skyline-gs.com\\\/wp-content\\\/uploads\\\/2025\\\/09\\\/dreamstime_m_314098302-e1758374332973.jpg\",\"width\":669,\"height\":446},{\"@type\":\"BreadcrumbList\",\"@id\":\"http:\\\/\\\/skyline-gs.com\\\/cs\\\/produkt\\\/ayutthaya-ancient-capital\\\/#breadcrumb\",\"itemListElement\":[{\"@type\":\"ListItem\",\"position\":1,\"name\":\"\u0413\u043b\u0430\u0432\u043d\u0430\u044f \u0441\u0442\u0440\u0430\u043d\u0438\u0446\u0430\",\"item\":\"https:\\\/\\\/skyline-gs.com\\\/hu\\\/\"},{\"@type\":\"ListItem\",\"position\":2,\"name\":\"\u041c\u0430\u0433\u0430\u0437\u0438\u043d\",\"item\":\"https:\\\/\\\/skyline-gs.com\\\/cs\\\/shop\\\/\"},{\"@type\":\"ListItem\",\"position\":3,\"name\":\"\u0410\u044e\u0442\u0442\u0430\u0439\u044f \u2014 \u0414\u0440\u0435\u0432\u043d\u044f\u044f \u0421\u0442\u043e\u043b\u0438\u0446\u0430\"}]},{\"@type\":\"WebSite\",\"@id\":\"https:\\\/\\\/skyline-gs.com\\\/it\\\/#website\",\"url\":\"https:\\\/\\\/skyline-gs.com\\\/it\\\/\",\"name\":\"\u042d\u043a\u0441\u043a\u0443\u0440\u0441\u0438\u0438 Skyline\",\"description\":\"\u042d\u043a\u0441\u043a\u043b\u044e\u0437\u0438\u0432\u043d\u044b\u0435 \u044d\u043a\u0441\u043a\u0443\u0440\u0441\u0438\u0438 \u043d\u0430 \u043b\u0443\u0447\u0448\u0438\u0445 \u043a\u0443\u0440\u043e\u0440\u0442\u0430\u0445 \u043c\u0438\u0440\u0430\",\"publisher\":{\"@id\":\"https:\\\/\\\/skyline-gs.com\\\/it\\\/#organization\"},\"alternateName\":\"Skyline\",\"potentialAction\":[{\"@type\":\"SearchAction\",\"target\":{\"@type\":\"EntryPoint\",\"urlTemplate\":\"https:\\\/\\\/skyline-gs.com\\\/it\\\/?s={search_term_string}\"},\"query-input\":{\"@type\":\"PropertyValueSpecification\",\"valueRequired\":true,\"valueName\":\"search_term_string\"}}],\"inLanguage\":\"de\"},{\"@type\":\"Organization\",\"@id\":\"https:\\\/\\\/skyline-gs.com\\\/it\\\/#organization\",\"name\":\"\u042d\u043a\u0441\u043a\u0443\u0440\u0441\u0438\u0438 Skyline\",\"alternateName\":\"\u042d\u043a\u0441\u043a\u0443\u0440\u0441\u0438\u0438 Skyline\",\"url\":\"https:\\\/\\\/skyline-gs.com\\\/it\\\/\",\"logo\":{\"@type\":\"ImageObject\",\"inLanguage\":\"de\",\"@id\":\"https:\\\/\\\/skyline-gs.com\\\/it\\\/#\\\/schema\\\/logo\\\/image\\\/\",\"url\":\"https:\\\/\\\/skyline-gs.com\\\/wp-content\\\/uploads\\\/2020\\\/12\\\/cropped-logo-2.png\",\"contentUrl\":\"https:\\\/\\\/skyline-gs.com\\\/wp-content\\\/uploads\\\/2020\\\/12\\\/cropped-logo-2.png\",\"width\":512,\"height\":512,\"caption\":\"\u042d\u043a\u0441\u043a\u0443\u0440\u0441\u0438\u0438 Skyline\"},\"image\":{\"@id\":\"https:\\\/\\\/skyline-gs.com\\\/it\\\/#\\\/schema\\\/logo\\\/image\\\/\"},\"sameAs\":[\"https:\\\/\\\/www.instagram.com\\\/skylineglobalservice\\\/\"]}]}<\/script>\n<!-- \/ Yoast SEO plugin. -->","yoast_head_json":{"title":"\u0410\u044e\u0442\u0442\u0430\u0439\u044f \u2014 \u0414\u0440\u0435\u0432\u043d\u044f\u044f \u0421\u0442\u043e\u043b\u0438\u0446\u0430 &#8226; \u042d\u043a\u0441\u043a\u0443\u0440\u0441\u0438\u0438 Skyline","robots":{"index":"index","follow":"follow","max-snippet":"max-snippet:-1","max-image-preview":"max-image-preview:large","max-video-preview":"max-video-preview:-1"},"canonical":"http:\/\/skyline-gs.com\/de\/produkt\/ayutthaya-ancient-capital\/","og_locale":"de_DE","og_type":"article","og_title":"\u0410\u044e\u0442\u0442\u0430\u0439\u044f \u2014 \u0414\u0440\u0435\u0432\u043d\u044f\u044f \u0421\u0442\u043e\u043b\u0438\u0446\u0430 &#8226; \u042d\u043a\u0441\u043a\u0443\u0440\u0441\u0438\u0438 Skyline","og_description":"\u0412\u0440\u0435\u043c\u044f \u0442\u0443\u0440\u0430 \u0438 \u0434\u043d\u0438 \u043f\u0440\u043e\u0432\u0435\u0434\u0435\u043d\u0438\u044f:\u0421\u0431\u043e\u0440 \u0443\u0442\u0440\u043e\u043c \u0438\u0437 \u043e\u0442\u0435\u043b\u044f \u0432 \u041f\u0430\u0442\u0442\u0430\u0439\u0435. \u0422\u0443\u0440 \u0435\u0436\u0435\u0434\u043d\u0435\u0432\u043d\u043e \u043f\u0440\u043e\u0432\u043e\u0434\u0438\u0442\u0441\u044f. \u0412\u043e\u0437\u0432\u0440\u0430\u0449\u0435\u043d\u0438\u0435 \u0432\u0435\u0447\u0435\u0440\u043e\u043c, \u043e\u0440\u0438\u0435\u043d\u0442\u0438\u0440\u043e\u0432\u043e\u0447\u043d\u043e \u0432 18:30-19:00.","og_url":"http:\/\/skyline-gs.com\/de\/produkt\/ayutthaya-ancient-capital\/","og_site_name":"\u042d\u043a\u0441\u043a\u0443\u0440\u0441\u0438\u0438 Skyline","article_modified_time":"2025-09-20T15:56:16+00:00","og_image":[{"width":669,"height":446,"url":"https:\/\/skyline-gs.com\/wp-content\/uploads\/2025\/09\/dreamstime_m_314098302-e1758374332973.jpg","type":"image\/jpeg"}],"twitter_card":"summary_large_image","twitter_misc":{"Gesch\u00e4tzte Lesezeit":"2\u00a0Minuten"},"schema":{"@context":"https:\/\/schema.org","@graph":[{"@type":"WebPage","@id":"http:\/\/skyline-gs.com\/cs\/produkt\/ayutthaya-ancient-capital\/","url":"http:\/\/skyline-gs.com\/cs\/produkt\/ayutthaya-ancient-capital\/","name":"\u0410\u044e\u0442\u0442\u0430\u0439\u044f \u2014 \u0414\u0440\u0435\u0432\u043d\u044f\u044f \u0421\u0442\u043e\u043b\u0438\u0446\u0430 &#8226; \u042d\u043a\u0441\u043a\u0443\u0440\u0441\u0438\u0438 Skyline","isPartOf":{"@id":"https:\/\/skyline-gs.com\/it\/#website"},"primaryImageOfPage":{"@id":"http:\/\/skyline-gs.com\/cs\/produkt\/ayutthaya-ancient-capital\/#primaryimage"},"image":{"@id":"http:\/\/skyline-gs.com\/cs\/produkt\/ayutthaya-ancient-capital\/#primaryimage"},"thumbnailUrl":"https:\/\/skyline-gs.com\/wp-content\/uploads\/2025\/09\/dreamstime_m_314098302-e1758374332973.jpg","datePublished":"2025-09-20T12:59:53+00:00","dateModified":"2025-09-20T15:56:16+00:00","breadcrumb":{"@id":"http:\/\/skyline-gs.com\/cs\/produkt\/ayutthaya-ancient-capital\/#breadcrumb"},"inLanguage":"de","potentialAction":[{"@type":"ReadAction","target":["http:\/\/skyline-gs.com\/cs\/produkt\/ayutthaya-ancient-capital\/"]}]},{"@type":"ImageObject","inLanguage":"de","@id":"http:\/\/skyline-gs.com\/cs\/produkt\/ayutthaya-ancient-capital\/#primaryimage","url":"https:\/\/skyline-gs.com\/wp-content\/uploads\/2025\/09\/dreamstime_m_314098302-e1758374332973.jpg","contentUrl":"https:\/\/skyline-gs.com\/wp-content\/uploads\/2025\/09\/dreamstime_m_314098302-e1758374332973.jpg","width":669,"height":446},{"@type":"BreadcrumbList","@id":"http:\/\/skyline-gs.com\/cs\/produkt\/ayutthaya-ancient-capital\/#breadcrumb","itemListElement":[{"@type":"ListItem","position":1,"name":"\u0413\u043b\u0430\u0432\u043d\u0430\u044f \u0441\u0442\u0440\u0430\u043d\u0438\u0446\u0430","item":"https:\/\/skyline-gs.com\/hu\/"},{"@type":"ListItem","position":2,"name":"\u041c\u0430\u0433\u0430\u0437\u0438\u043d","item":"https:\/\/skyline-gs.com\/cs\/shop\/"},{"@type":"ListItem","position":3,"name":"\u0410\u044e\u0442\u0442\u0430\u0439\u044f \u2014 \u0414\u0440\u0435\u0432\u043d\u044f\u044f \u0421\u0442\u043e\u043b\u0438\u0446\u0430"}]},{"@type":"WebSite","@id":"https:\/\/skyline-gs.com\/it\/#website","url":"https:\/\/skyline-gs.com\/it\/","name":"Skyline Ausfl\u00fcge","description":"Exklusive Ausfl\u00fcge in den besten Resorts der Welt","publisher":{"@id":"https:\/\/skyline-gs.com\/it\/#organization"},"alternateName":"Skyline","potentialAction":[{"@type":"SearchAction","target":{"@type":"EntryPoint","urlTemplate":"https:\/\/skyline-gs.com\/it\/?s={search_term_string}"},"query-input":{"@type":"PropertyValueSpecification","valueRequired":true,"valueName":"search_term_string"}}],"inLanguage":"de"},{"@type":"Organization","@id":"https:\/\/skyline-gs.com\/it\/#organization","name":"Skyline Ausfl\u00fcge","alternateName":"\u042d\u043a\u0441\u043a\u0443\u0440\u0441\u0438\u0438 Skyline","url":"https:\/\/skyline-gs.com\/it\/","logo":{"@type":"ImageObject","inLanguage":"de","@id":"https:\/\/skyline-gs.com\/it\/#\/schema\/logo\/image\/","url":"https:\/\/skyline-gs.com\/wp-content\/uploads\/2020\/12\/cropped-logo-2.png","contentUrl":"https:\/\/skyline-gs.com\/wp-content\/uploads\/2020\/12\/cropped-logo-2.png","width":512,"height":512,"caption":"\u042d\u043a\u0441\u043a\u0443\u0440\u0441\u0438\u0438 Skyline"},"image":{"@id":"https:\/\/skyline-gs.com\/it\/#\/schema\/logo\/image\/"},"sameAs":["https:\/\/www.instagram.com\/skylineglobalservice\/"]}]}},"_links":{"self":[{"href":"https:\/\/skyline-gs.com\/de\/wp-json\/wp\/v2\/product\/66171","targetHints":{"allow":["GET"]}}],"collection":[{"href":"https:\/\/skyline-gs.com\/de\/wp-json\/wp\/v2\/product"}],"about":[{"href":"https:\/\/skyline-gs.com\/de\/wp-json\/wp\/v2\/types\/product"}],"version-history":[{"count":0,"href":"https:\/\/skyline-gs.com\/de\/wp-json\/wp\/v2\/product\/66171\/revisions"}],"wp:featuredmedia":[{"embeddable":true,"href":"https:\/\/skyline-gs.com\/de\/wp-json\/wp\/v2\/media\/66177"}],"wp:attachment":[{"href":"https:\/\/skyline-gs.com\/de\/wp-json\/wp\/v2\/media?parent=66171"}],"wp:term":[{"taxonomy":"product_brand","embeddable":true,"href":"https:\/\/skyline-gs.com\/de\/wp-json\/wp\/v2\/product_brand?post=66171"},{"taxonomy":"product_cat","embeddable":true,"href":"https:\/\/skyline-gs.com\/de\/wp-json\/wp\/v2\/product_cat?post=66171"},{"taxonomy":"product_tag","embeddable":true,"href":"https:\/\/skyline-gs.com\/de\/wp-json\/wp\/v2\/product_tag?post=66171"}],"curies":[{"name":"wp","href":"https:\/\/api.w.org\/{rel}","templated":true}]}}