{"id":66052,"date":"2025-09-16T23:35:57","date_gmt":"2025-09-16T21:35:57","guid":{"rendered":"http:\/\/skyline-gs.com\/?post_type=product&#038;p=66052"},"modified":"2026-03-12T17:47:59","modified_gmt":"2026-03-12T15:47:59","slug":"three-days-in-the-heart-of-africa-zanzibar","status":"publish","type":"product","link":"https:\/\/skyline-gs.com\/de\/product\/three-days-in-the-heart-of-africa-zanzibar\/","title":{"rendered":"Drei Tage im Herzen von Afrika"},"content":{"rendered":"<p>\u0412\u0441\u0435\u0433\u043e \u0437\u0430 \u0442\u0440\u0438 \u0434\u043d\u044f \u0432\u044b \u0443\u0432\u0438\u0434\u0438\u0442\u0435 \u0433\u043b\u0430\u0432\u043d\u043e\u0435, \u0447\u0435\u043c \u0437\u043d\u0430\u043c\u0435\u043d\u0438\u0442\u0430 \u0422\u0430\u043d\u0437\u0430\u043d\u0438\u044f. \u0412 \u043f\u0430\u0440\u043a\u0435 <strong>\u0422\u0430\u0440\u0430\u043d\u0433\u0438\u0440\u0435<\/strong> \u0432\u0430\u0441 \u0436\u0434\u0443\u0442 \u0441\u0442\u0430\u0434\u0430 \u0441\u043b\u043e\u043d\u043e\u0432 \u0438 \u0436\u0438\u0440\u0430\u0444\u043e\u0432, \u0432 \u043a\u0440\u0430\u0442\u0435\u0440\u0435 <strong>\u041d\u0433\u043e\u0440\u043e\u043d\u0433\u043e\u0440\u043e<\/strong> \u2014 \u0432\u0441\u0442\u0440\u0435\u0447\u0430 \u0441 \u0445\u0438\u0449\u043d\u0438\u043a\u0430\u043c\u0438 \u0438 \u0440\u0435\u0434\u043a\u0438\u043c\u0438 \u0436\u0438\u0432\u043e\u0442\u043d\u044b\u043c\u0438, \u0438 \u043a\u043e\u043d\u0435\u0447\u043d\u043e \u043b\u0435\u0433\u0435\u043d\u0434\u0430\u0440\u043d\u044b\u0439 <strong>Mount Kilimandscharo<\/strong>. \u0412\u044b \u043f\u043e\u043f\u0440\u043e\u0431\u0443\u0435\u0442\u0435 \u043a\u043e\u0444\u0435, \u043f\u0440\u0438\u0433\u043e\u0442\u043e\u0432\u043b\u0435\u043d\u043d\u044b\u0439 \u0434\u0438\u043a\u0438\u043c\u0438 \u043f\u043b\u0435\u043c\u0435\u043d\u0430\u043c\u0438 \u0438 \u043f\u0440\u043e\u0432\u0435\u0434\u0451\u0442\u0435 \u0432\u0440\u0435\u043c\u044f \u0432 \u043f\u0430\u0440\u043a\u0435 <strong>\u0421\u0435\u0440\u0432\u0430\u043b Wildlife<\/strong>, \u0433\u0434\u0435 \u043c\u043e\u0436\u043d\u043e \u043f\u043e\u043a\u043e\u0440\u043c\u0438\u0442\u044c \u0436\u0438\u0432\u043e\u0442\u043d\u044b\u0445 \u043f\u0440\u044f\u043c\u043e \u0441 \u0440\u0443\u043a.<\/p>\n<p><strong>Tag 1: Tarangire<\/strong><\/p>\n<p><strong>5:00 - Abreise vom Hotel\u00a0<\/strong>und Flughafentransfers<\/p>\n<ul>\n<li data-start=\"720\" data-end=\"782\">7:40 - 9:00 - Flug nach Arusha, Treffen mit russischsprachigem F\u00fchrer<\/li>\n<li data-start=\"785\" data-end=\"841\">\u0422\u0440\u0430\u043d\u0441\u0444\u0435\u0440 \u0432 \u041d\u0430\u0446\u0438\u043e\u043d\u0430\u043b\u044c\u043d\u044b\u0439 <strong>\u043f\u0430\u0440\u043a \u0422\u0430\u0440\u0430\u043d\u0433\u0438\u0440\u0435<\/strong> (\u043e\u043a\u043e\u043b\u043e 1,5 \u0447\u0430\u0441\u043e\u0432)<\/li>\n<li data-start=\"862\" data-end=\"927\"><strong>Safari durch einen der landschaftlich reizvollsten Parks Tansanias<\/strong><\/li>\n<li data-start=\"930\" data-end=\"994\"><strong>Baobabs, Elefanten, Zebras, Giraffen, Antilopen, L\u00f6wenrudel, Geparden<\/strong><\/li>\n<li data-start=\"997\" data-end=\"1060\">\u0417\u043d\u0430\u043c\u0435\u043d\u0438\u0442\u0430\u044f <strong>\u0440\u0435\u043a\u0430 \u0422\u0430\u0440\u0430\u043d\u0433\u0438\u0440\u0435<\/strong>, \u0433\u0434\u0435 \u0441\u043e\u0431\u0438\u0440\u0430\u044e\u0442\u0441\u044f \u0436\u0438\u0432\u043e\u0442\u043d\u044b\u0435 \u043d\u0430 \u0432\u043e\u0434\u043e\u043f\u043e\u0439<\/li>\n<li data-start=\"1063\" data-end=\"1115\">Die Geschichte von Wilderern, die sich in einem hohlen Affenbrotbaum verstecken.<\/li>\n<li data-start=\"1118\" data-end=\"1188\">Mittagessen mit Blick auf den Fluss - warme Mahlzeiten in einem speziell eingerichteten Raum<\/li>\n<li data-start=\"1118\" data-end=\"1188\">Nach der Safari, Transfer nach Arusha (2,5 Stunden)<\/li>\n<li data-start=\"1118\" data-end=\"1188\">Abendessen<\/li>\n<li>\u041d\u043e\u0447\u044c \u0432 \u043b\u043e\u0434\u0436\u0435<\/li>\n<\/ul>\n<p><strong>\u0414\u0435\u043d\u044c 2. \u041a\u0440\u0430\u0442\u0435\u0440 \u041d\u0433\u043e\u0440\u043e\u043d\u0433\u043e\u0440\u043e<\/strong><\/p>\n<ul>\n<li>Fr\u00fchst\u00fcck<\/li>\n<li>\u041e\u0442\u043f\u0440\u0430\u0432\u043b\u0435\u043d\u0438\u0435 \u0432 \u043a\u0440\u0430\u0442\u0435\u0440 \u041d\u0433\u043e\u0440\u043e\u043d\u0433\u043e\u0440\u043e<\/li>\n<li>\u0421\u043f\u0443\u0441\u043a \u0432 <strong>\u043a\u0440\u0430\u0442\u0435\u0440 \u041d\u0433\u043e\u0440\u043e\u043d\u0433\u043e\u0440\u043e<\/strong> \u2014 \u043a\u0430\u043a \u043f\u0443\u0442\u0435\u0448\u0435\u0441\u0442\u0432\u0438\u0435 \u0432 \u0434\u0440\u0443\u0433\u043e\u0439 \u043c\u0438\u0440. \u0412 \u044d\u0442\u043e\u043c \u0434\u0440\u0435\u0432\u043d\u0435\u043c \u0432\u0443\u043b\u043a\u0430\u043d\u0435 \u0436\u0438\u0437\u043d\u044c \u043a\u0438\u043f\u0438\u0442 \u043f\u043e\u0432\u0441\u044e\u0434\u0443: <strong>\u0442\u044b\u0441\u044f\u0447\u0438 \u0436\u0438\u0432\u043e\u0442\u043d\u044b\u0445 \u043f\u0430\u0441\u0443\u0442\u0441\u044f \u043d\u0430 \u0431\u0435\u0441\u043a\u0440\u0430\u0439\u043d\u0438\u0445 \u0440\u0430\u0432\u043d\u0438\u043d\u0430\u0445<\/strong>, \u0432 \u043b\u0430\u0433\u0443\u043d\u0430\u0445 \u043f\u0435\u0440\u0435\u043b\u0438\u0432\u0430\u044e\u0442\u0441\u044f \u0444\u043b\u0430\u043c\u0438\u043d\u0433\u043e, \u0430 \u043d\u0430\u0434 \u0441\u0430\u0432\u0430\u043d\u043d\u043e\u0439 \u043f\u0430\u0440\u044f\u0442 \u043e\u0440\u043b\u044b. \u041d\u0438\u0433\u0434\u0435 \u0431\u043e\u043b\u044c\u0448\u0435 \u043d\u0435\u043b\u044c\u0437\u044f \u0442\u0430\u043a \u0431\u043b\u0438\u0437\u043a\u043e \u0443\u0432\u0438\u0434\u0435\u0442\u044c \u0441\u0442\u043e\u043b\u044c\u043a\u043e \u0434\u0438\u043a\u043e\u0439 \u0410\u0444\u0440\u0438\u043a\u0438 \u0432 \u043e\u0434\u043d\u043e\u043c \u043c\u0435\u0441\u0442\u0435.<\/li>\n<li>\u041e\u0437\u0435\u0440\u043e \u041c\u0430\u0433\u0430\u0434\u0438. \u0417\u0434\u0435\u0441\u044c <strong>\u0432\u044b \u0443\u0432\u0438\u0434\u0438\u0442\u0435 \u0431\u0435\u0433\u0435\u043c\u043e\u0442\u043e\u0432, \u0431\u0443\u0439\u0432\u043e\u043b\u043e\u0432, \u0447\u0435\u0440\u043d\u044b\u0445 \u043d\u043e\u0441\u043e\u0440\u043e\u0433\u043e\u0432, \u0437\u0435\u0431\u0440, \u0430\u043d\u0442\u0438\u043b\u043e\u043f<\/strong> \u0438 \u043c\u043d\u043e\u0436\u0435\u0441\u0442\u0432\u043e \u0445\u0438\u0449\u043d\u0438\u043a\u043e\u0432, \u0432\u043a\u043b\u044e\u0447\u0430\u044f <strong>\u043b\u044c\u0432\u043e\u0432, \u0433\u0435\u043f\u0430\u0440\u0434\u043e\u0432, \u0433\u0438\u0435\u043d, \u043b\u0435\u043e\u043f\u0430\u0440\u0434\u043e\u0432 \u0438 \u0448\u0430\u043a\u0430\u043b\u043e\u0432<\/strong>. \u041d\u0443 \u0438 \u043a\u043e\u043d\u0435\u0447\u043d\u043e \u0432\u0430\u0441 \u0432\u0441\u0442\u0440\u0435\u0442\u044f\u0442 <strong>\u0442\u044b\u0441\u044f\u0447\u0438 \u0440\u043e\u0437\u043e\u0432\u044b\u0445 \u0444\u043b\u0430\u043c\u0438\u043d\u0433\u043e.<\/strong><\/li>\n<li data-start=\"1118\" data-end=\"1188\">Abendessen<\/li>\n<li>\u041d\u043e\u0447\u044c \u0432 \u043b\u043e\u0434\u0436\u0435.<\/li>\n<\/ul>\n<p><strong>\u0414\u0435\u043d\u044c 3. \u0417\u043e\u043e\u043f\u0430\u0440\u043a \u0421\u0435\u0440\u0432\u0430\u043b, \u041a\u0438\u043b\u0438\u043c\u0430\u043d\u0434\u0436\u0430\u0440\u043e \u0438 \u043f\u043b\u0435\u043c\u044f \u0427\u0430\u0433\u0430<\/strong><\/p>\n<ul>\n<li data-start=\"1583\" data-end=\"1650\">Fr\u00fchst\u00fcck<\/li>\n<li data-start=\"1583\" data-end=\"1650\">8:00 Abfahrt zum Kilimanjaro (die Fahrt dauert etwa 2 Stunden)<\/li>\n<li data-start=\"1671\" data-end=\"1782\"><strong>Kilimanjaro-Safari und Materuni-F\u00e4lle<\/strong>\u00a0(90 Meter hoch)<\/li>\n<li data-start=\"1785\" data-end=\"1857\"><strong>Ein Einblick in das Leben des Chaga-Stammes<\/strong>\u00a0- authentische D\u00f6rfer, Traditionen und Alltagsleben<\/li>\n<li data-start=\"1860\" data-end=\"1876\">Mittagessen im Dorf<\/li>\n<li data-start=\"1879\" data-end=\"1991\">Besuch von Kaffeeplantagen: von der Bohnenernte bis zur Kaffeezubereitung auf dem Feuer mit Liedern und T\u00e4nzen der Einheimischen<\/li>\n<li data-start=\"2044\" data-end=\"2084\"><strong>Besichtigung des Serval Wildlife Contact Zoo (Serval Wildlife)<\/strong>\u00a0mit F\u00fctterung (2 Stunden)<\/li>\n<li data-start=\"2088\" data-end=\"2109\">Flughafen-Transfer<\/li>\n<li data-start=\"2088\" data-end=\"2109\">21:30 Abfahrt nach Sansibar<\/li>\n<li>Abholung am Flughafen und Transfer zum Hotel<\/li>\n<\/ul>\n<p><strong>1:00 - R\u00fcckkehr zum Hotel.<\/strong><\/p>\n<p><strong>Inbegriffen:<\/strong><\/p>\n<ul>\n<li>Fl\u00fcge<\/li>\n<li>Transfer vom Hotel und zur\u00fcck<\/li>\n<li>Alle Transfers auf der Strecke<\/li>\n<li data-start=\"1116\" data-end=\"1188\">\u041f\u0440\u043e\u0436\u0438\u0432\u0430\u043d\u0438\u0435 \u0432 \u043b\u043e\u0434\u0436\u0430\u0445<\/li>\n<li>\u041f\u0438\u0442\u0430\u043d\u0438\u0435: 1 \u0434\u0435\u043d\u044c \u2014 \u043e\u0431\u0435\u0434, \u0443\u0436\u0438\u043d; 2 \u0434\u0435\u043d\u044c \u2014 \u0437\u0430\u0432\u0442\u0440\u0430\u043a, \u043e\u0431\u0435\u0434, \u0443\u0436\u0438\u043d; 3 \u0434\u0435\u043d\u044c \u2014 \u0437\u0430\u0432\u0442\u0440\u0430\u043a, \u043e\u0431\u0435\u0434.<\/li>\n<li>Trinken von Wasser und alkoholfreien Getr\u00e4nken w\u00e4hrend der gesamten Tour<\/li>\n<li>Verbandskasten<\/li>\n<li>Begleitet von einem qualifizierten Ranger-Guide<\/li>\n<li>Englischsprachiger Reiseleiter<\/li>\n<li>Safari und Ausfl\u00fcge gem\u00e4\u00df dem Programm mit einem 4*4 Allrad-Safari-Gel\u00e4ndewagen<\/li>\n<li>Eintrittsgelder f\u00fcr Nationalparks<\/li>\n<li>Eintrittskarten f\u00fcr den Serval Zoo<\/li>\n<\/ul>\n<p><strong>Was soll ich mitbringen?<\/strong><\/p>\n<ul>\n<li>Reisepass. Nicht umsonst, weil Sansibar Tansania besuchen wird, haben wir im Flughafen eine Passagierkontrolle durchgef\u00fchrt<\/li>\n<li>Bequeme Schuhe und Kleidung. \u041b<span class=\"fontstyle0\">leichte Hose, lang\u00e4rmliges Hemd, T-Shirt, pers\u00f6nliche Gegenst\u00e4nde (bis zu 5 kg)<\/span><\/li>\n<li>Jacke bei Regen oder k\u00fchlem Abend<\/li>\n<li>Foto- und Videoger\u00e4te. Laden Sie Ihre Ger\u00e4te rechtzeitig auf<\/li>\n<li>Wechseln Sie Geld in kleine Scheine. Sie werden n\u00fctzlich sein, um Souvenirs zu kaufen und den Rangern Trinkgeld zu geben. Empfohlener Tipp: 5 \u20ac pro Person<\/li>\n<li>Morgensnack (erkl\u00e4ren Sie an der Hotelrezeption, dass Sie fr\u00fch morgens einen Ausflug unternehmen und eine Lunchbox vorbereiten m\u00fcssen, die Hotels bieten diesen Service kostenlos an)<\/li>\n<li><span class=\"fontstyle0\">Sonnenbrille und Hut, Sonnencreme<\/span><\/li>\n<li><span class=\"fontstyle0\">Pers\u00f6nliche Hygieneprodukte, pers\u00f6nliches Erste-Hilfe-Set<\/span><\/li>\n<li><span class=\"fontstyle0\">Handdesinfektionsgel<\/span><\/li>\n<\/ul>\n<p><strong>Buchungsbedingungen:<\/strong><\/p>\n<ul>\n<li>\u041f\u0440\u0435\u0434\u043e\u043f\u043b\u0430\u0442\u0430 50% (\u0432\u043e\u0437\u043c\u043e\u0436\u043d\u0430 \u043e\u043f\u043b\u0430\u0442\u0430 \u043e\u043d\u043b\u0430\u0439\u043d \u043f\u0435\u0440\u0435\u0432\u043e\u0434\u043e\u043c \u043d\u0430 \u043a\u0430\u0440\u0442\u0443 \u0438\u043b\u0438 \u043d\u0430\u043b\u0438\u0447\u043d\u044b\u043c\u0438). <strong>\u041f\u0440\u0435\u0434\u043e\u043f\u043b\u0430\u0442\u0430 \u043d\u0435 \u0432\u043e\u0437\u0432\u0440\u0430\u0449\u0430\u0435\u0442\u0441\u044f.<\/strong><\/li>\n<\/ul>","protected":false},"excerpt":{"rendered":"<p><strong>Tourzeit:<\/strong> 3 Tage<\/p>\n<p><strong>Veranstaltungstage:\u00a0<\/strong>T\u00e4glich<\/p>","protected":false},"featured_media":63112,"template":"","meta":{"_kad_post_transparent":"default","_kad_post_title":"","_kad_post_layout":"default","_kad_post_sidebar_id":"","_kad_post_content_style":"default","_kad_post_vertical_padding":"default","_kad_post_feature":"","_kad_post_feature_position":"","_kad_post_header":false,"_kad_post_footer":false,"_kad_post_classname":"","_glsr_average":0,"_glsr_ranking":0,"_glsr_reviews":0},"product_brand":[],"product_cat":[468,469],"product_tag":[],"class_list":{"0":"post-66052","1":"product","2":"type-product","3":"status-publish","4":"has-post-thumbnail","6":"product_cat-zanzibar-safari","7":"product_cat-tours","8":"tm-has-options","10":"first","11":"instock","12":"sale","13":"sold-individually","14":"taxable","15":"shipping-taxable","16":"purchasable","17":"product-type-simple","18":"entry","19":"content-bg","20":"loop-entry"},"yoast_head":"<!-- This site is optimized with the Yoast SEO plugin v27.3 - https:\/\/yoast.com\/product\/yoast-seo-wordpress\/ -->\n<title>\u0422\u0440\u0438 \u0434\u043d\u044f \u0432 \u0441\u0435\u0440\u0434\u0446\u0435 \u0410\u0444\u0440\u0438\u043a\u0438 &#8226; \u042d\u043a\u0441\u043a\u0443\u0440\u0441\u0438\u0438 Skyline<\/title>\n<meta name=\"robots\" content=\"index, follow, max-snippet:-1, max-image-preview:large, max-video-preview:-1\" \/>\n<link rel=\"canonical\" href=\"https:\/\/skyline-gs.com\/de\/produkt\/three-days-in-the-heart-of-africa-zanzibar\/\" \/>\n<meta property=\"og:locale\" content=\"de_DE\" \/>\n<meta property=\"og:type\" content=\"article\" \/>\n<meta property=\"og:title\" content=\"\u0422\u0440\u0438 \u0434\u043d\u044f \u0432 \u0441\u0435\u0440\u0434\u0446\u0435 \u0410\u0444\u0440\u0438\u043a\u0438 &#8226; \u042d\u043a\u0441\u043a\u0443\u0440\u0441\u0438\u0438 Skyline\" \/>\n<meta property=\"og:description\" content=\"\u0412\u0440\u0435\u043c\u044f \u0442\u0443\u0440\u0430: 3 \u0434\u043d\u044f  \u0414\u043d\u0438 \u043f\u0440\u043e\u0432\u0435\u0434\u0435\u043d\u0438\u044f:\u00a0\u041a\u0430\u0436\u0434\u044b\u0439 \u0434\u0435\u043d\u044c\" \/>\n<meta property=\"og:url\" content=\"https:\/\/skyline-gs.com\/de\/produkt\/three-days-in-the-heart-of-africa-zanzibar\/\" \/>\n<meta property=\"og:site_name\" content=\"\u042d\u043a\u0441\u043a\u0443\u0440\u0441\u0438\u0438 Skyline\" \/>\n<meta property=\"article:modified_time\" content=\"2026-03-12T15:47:59+00:00\" \/>\n<meta property=\"og:image\" content=\"https:\/\/skyline-gs.com\/wp-content\/uploads\/2025\/05\/17.jpg\" \/>\n\t<meta property=\"og:image:width\" content=\"585\" \/>\n\t<meta property=\"og:image:height\" content=\"390\" \/>\n\t<meta property=\"og:image:type\" content=\"image\/jpeg\" \/>\n<meta name=\"twitter:card\" content=\"summary_large_image\" \/>\n<meta name=\"twitter:label1\" content=\"Gesch\u00e4tzte Lesezeit\" \/>\n\t<meta name=\"twitter:data1\" content=\"3\u00a0Minuten\" \/>\n<script type=\"application\/ld+json\" class=\"yoast-schema-graph\">{\"@context\":\"https:\\\/\\\/schema.org\",\"@graph\":[{\"@type\":\"WebPage\",\"@id\":\"https:\\\/\\\/skyline-gs.com\\\/product\\\/three-days-in-the-heart-of-africa-zanzibar\\\/\",\"url\":\"https:\\\/\\\/skyline-gs.com\\\/product\\\/three-days-in-the-heart-of-africa-zanzibar\\\/\",\"name\":\"\u0422\u0440\u0438 \u0434\u043d\u044f \u0432 \u0441\u0435\u0440\u0434\u0446\u0435 \u0410\u0444\u0440\u0438\u043a\u0438 &#8226; \u042d\u043a\u0441\u043a\u0443\u0440\u0441\u0438\u0438 Skyline\",\"isPartOf\":{\"@id\":\"https:\\\/\\\/skyline-gs.com\\\/it\\\/#website\"},\"primaryImageOfPage\":{\"@id\":\"https:\\\/\\\/skyline-gs.com\\\/product\\\/three-days-in-the-heart-of-africa-zanzibar\\\/#primaryimage\"},\"image\":{\"@id\":\"https:\\\/\\\/skyline-gs.com\\\/product\\\/three-days-in-the-heart-of-africa-zanzibar\\\/#primaryimage\"},\"thumbnailUrl\":\"https:\\\/\\\/skyline-gs.com\\\/wp-content\\\/uploads\\\/2025\\\/05\\\/17.jpg\",\"datePublished\":\"2025-09-16T21:35:57+00:00\",\"dateModified\":\"2026-03-12T15:47:59+00:00\",\"breadcrumb\":{\"@id\":\"https:\\\/\\\/skyline-gs.com\\\/product\\\/three-days-in-the-heart-of-africa-zanzibar\\\/#breadcrumb\"},\"inLanguage\":\"de\",\"potentialAction\":[{\"@type\":\"ReadAction\",\"target\":[\"https:\\\/\\\/skyline-gs.com\\\/product\\\/three-days-in-the-heart-of-africa-zanzibar\\\/\"]}]},{\"@type\":\"ImageObject\",\"inLanguage\":\"de\",\"@id\":\"https:\\\/\\\/skyline-gs.com\\\/product\\\/three-days-in-the-heart-of-africa-zanzibar\\\/#primaryimage\",\"url\":\"https:\\\/\\\/skyline-gs.com\\\/wp-content\\\/uploads\\\/2025\\\/05\\\/17.jpg\",\"contentUrl\":\"https:\\\/\\\/skyline-gs.com\\\/wp-content\\\/uploads\\\/2025\\\/05\\\/17.jpg\",\"width\":585,\"height\":390},{\"@type\":\"BreadcrumbList\",\"@id\":\"https:\\\/\\\/skyline-gs.com\\\/product\\\/three-days-in-the-heart-of-africa-zanzibar\\\/#breadcrumb\",\"itemListElement\":[{\"@type\":\"ListItem\",\"position\":1,\"name\":\"\u0413\u043b\u0430\u0432\u043d\u0430\u044f \u0441\u0442\u0440\u0430\u043d\u0438\u0446\u0430\",\"item\":\"https:\\\/\\\/skyline-gs.com\\\/hu\\\/\"},{\"@type\":\"ListItem\",\"position\":2,\"name\":\"\u041c\u0430\u0433\u0430\u0437\u0438\u043d\",\"item\":\"https:\\\/\\\/skyline-gs.com\\\/cs\\\/shop\\\/\"},{\"@type\":\"ListItem\",\"position\":3,\"name\":\"\u0422\u0440\u0438 \u0434\u043d\u044f \u0432 \u0441\u0435\u0440\u0434\u0446\u0435 \u0410\u0444\u0440\u0438\u043a\u0438\"}]},{\"@type\":\"WebSite\",\"@id\":\"https:\\\/\\\/skyline-gs.com\\\/it\\\/#website\",\"url\":\"https:\\\/\\\/skyline-gs.com\\\/it\\\/\",\"name\":\"\u042d\u043a\u0441\u043a\u0443\u0440\u0441\u0438\u0438 Skyline\",\"description\":\"\u042d\u043a\u0441\u043a\u043b\u044e\u0437\u0438\u0432\u043d\u044b\u0435 \u044d\u043a\u0441\u043a\u0443\u0440\u0441\u0438\u0438 \u043d\u0430 \u043b\u0443\u0447\u0448\u0438\u0445 \u043a\u0443\u0440\u043e\u0440\u0442\u0430\u0445 \u043c\u0438\u0440\u0430\",\"publisher\":{\"@id\":\"https:\\\/\\\/skyline-gs.com\\\/it\\\/#organization\"},\"alternateName\":\"Skyline\",\"potentialAction\":[{\"@type\":\"SearchAction\",\"target\":{\"@type\":\"EntryPoint\",\"urlTemplate\":\"https:\\\/\\\/skyline-gs.com\\\/it\\\/?s={search_term_string}\"},\"query-input\":{\"@type\":\"PropertyValueSpecification\",\"valueRequired\":true,\"valueName\":\"search_term_string\"}}],\"inLanguage\":\"de\"},{\"@type\":\"Organization\",\"@id\":\"https:\\\/\\\/skyline-gs.com\\\/it\\\/#organization\",\"name\":\"\u042d\u043a\u0441\u043a\u0443\u0440\u0441\u0438\u0438 Skyline\",\"alternateName\":\"\u042d\u043a\u0441\u043a\u0443\u0440\u0441\u0438\u0438 Skyline\",\"url\":\"https:\\\/\\\/skyline-gs.com\\\/it\\\/\",\"logo\":{\"@type\":\"ImageObject\",\"inLanguage\":\"de\",\"@id\":\"https:\\\/\\\/skyline-gs.com\\\/it\\\/#\\\/schema\\\/logo\\\/image\\\/\",\"url\":\"https:\\\/\\\/skyline-gs.com\\\/wp-content\\\/uploads\\\/2020\\\/12\\\/cropped-logo-2.png\",\"contentUrl\":\"https:\\\/\\\/skyline-gs.com\\\/wp-content\\\/uploads\\\/2020\\\/12\\\/cropped-logo-2.png\",\"width\":512,\"height\":512,\"caption\":\"\u042d\u043a\u0441\u043a\u0443\u0440\u0441\u0438\u0438 Skyline\"},\"image\":{\"@id\":\"https:\\\/\\\/skyline-gs.com\\\/it\\\/#\\\/schema\\\/logo\\\/image\\\/\"},\"sameAs\":[\"https:\\\/\\\/www.instagram.com\\\/skylineglobalservice\\\/\"]}]}<\/script>\n<!-- \/ Yoast SEO plugin. -->","yoast_head_json":{"title":"\u0422\u0440\u0438 \u0434\u043d\u044f \u0432 \u0441\u0435\u0440\u0434\u0446\u0435 \u0410\u0444\u0440\u0438\u043a\u0438 &#8226; \u042d\u043a\u0441\u043a\u0443\u0440\u0441\u0438\u0438 Skyline","robots":{"index":"index","follow":"follow","max-snippet":"max-snippet:-1","max-image-preview":"max-image-preview:large","max-video-preview":"max-video-preview:-1"},"canonical":"https:\/\/skyline-gs.com\/de\/produkt\/three-days-in-the-heart-of-africa-zanzibar\/","og_locale":"de_DE","og_type":"article","og_title":"\u0422\u0440\u0438 \u0434\u043d\u044f \u0432 \u0441\u0435\u0440\u0434\u0446\u0435 \u0410\u0444\u0440\u0438\u043a\u0438 &#8226; \u042d\u043a\u0441\u043a\u0443\u0440\u0441\u0438\u0438 Skyline","og_description":"\u0412\u0440\u0435\u043c\u044f \u0442\u0443\u0440\u0430: 3 \u0434\u043d\u044f  \u0414\u043d\u0438 \u043f\u0440\u043e\u0432\u0435\u0434\u0435\u043d\u0438\u044f:\u00a0\u041a\u0430\u0436\u0434\u044b\u0439 \u0434\u0435\u043d\u044c","og_url":"https:\/\/skyline-gs.com\/de\/produkt\/three-days-in-the-heart-of-africa-zanzibar\/","og_site_name":"\u042d\u043a\u0441\u043a\u0443\u0440\u0441\u0438\u0438 Skyline","article_modified_time":"2026-03-12T15:47:59+00:00","og_image":[{"width":585,"height":390,"url":"https:\/\/skyline-gs.com\/wp-content\/uploads\/2025\/05\/17.jpg","type":"image\/jpeg"}],"twitter_card":"summary_large_image","twitter_misc":{"Gesch\u00e4tzte Lesezeit":"3\u00a0Minuten"},"schema":{"@context":"https:\/\/schema.org","@graph":[{"@type":"WebPage","@id":"https:\/\/skyline-gs.com\/product\/three-days-in-the-heart-of-africa-zanzibar\/","url":"https:\/\/skyline-gs.com\/product\/three-days-in-the-heart-of-africa-zanzibar\/","name":"\u0422\u0440\u0438 \u0434\u043d\u044f \u0432 \u0441\u0435\u0440\u0434\u0446\u0435 \u0410\u0444\u0440\u0438\u043a\u0438 &#8226; \u042d\u043a\u0441\u043a\u0443\u0440\u0441\u0438\u0438 Skyline","isPartOf":{"@id":"https:\/\/skyline-gs.com\/it\/#website"},"primaryImageOfPage":{"@id":"https:\/\/skyline-gs.com\/product\/three-days-in-the-heart-of-africa-zanzibar\/#primaryimage"},"image":{"@id":"https:\/\/skyline-gs.com\/product\/three-days-in-the-heart-of-africa-zanzibar\/#primaryimage"},"thumbnailUrl":"https:\/\/skyline-gs.com\/wp-content\/uploads\/2025\/05\/17.jpg","datePublished":"2025-09-16T21:35:57+00:00","dateModified":"2026-03-12T15:47:59+00:00","breadcrumb":{"@id":"https:\/\/skyline-gs.com\/product\/three-days-in-the-heart-of-africa-zanzibar\/#breadcrumb"},"inLanguage":"de","potentialAction":[{"@type":"ReadAction","target":["https:\/\/skyline-gs.com\/product\/three-days-in-the-heart-of-africa-zanzibar\/"]}]},{"@type":"ImageObject","inLanguage":"de","@id":"https:\/\/skyline-gs.com\/product\/three-days-in-the-heart-of-africa-zanzibar\/#primaryimage","url":"https:\/\/skyline-gs.com\/wp-content\/uploads\/2025\/05\/17.jpg","contentUrl":"https:\/\/skyline-gs.com\/wp-content\/uploads\/2025\/05\/17.jpg","width":585,"height":390},{"@type":"BreadcrumbList","@id":"https:\/\/skyline-gs.com\/product\/three-days-in-the-heart-of-africa-zanzibar\/#breadcrumb","itemListElement":[{"@type":"ListItem","position":1,"name":"\u0413\u043b\u0430\u0432\u043d\u0430\u044f \u0441\u0442\u0440\u0430\u043d\u0438\u0446\u0430","item":"https:\/\/skyline-gs.com\/hu\/"},{"@type":"ListItem","position":2,"name":"\u041c\u0430\u0433\u0430\u0437\u0438\u043d","item":"https:\/\/skyline-gs.com\/cs\/shop\/"},{"@type":"ListItem","position":3,"name":"\u0422\u0440\u0438 \u0434\u043d\u044f \u0432 \u0441\u0435\u0440\u0434\u0446\u0435 \u0410\u0444\u0440\u0438\u043a\u0438"}]},{"@type":"WebSite","@id":"https:\/\/skyline-gs.com\/it\/#website","url":"https:\/\/skyline-gs.com\/it\/","name":"Skyline Ausfl\u00fcge","description":"Exklusive Ausfl\u00fcge in den besten Resorts der Welt","publisher":{"@id":"https:\/\/skyline-gs.com\/it\/#organization"},"alternateName":"Skyline","potentialAction":[{"@type":"SearchAction","target":{"@type":"EntryPoint","urlTemplate":"https:\/\/skyline-gs.com\/it\/?s={search_term_string}"},"query-input":{"@type":"PropertyValueSpecification","valueRequired":true,"valueName":"search_term_string"}}],"inLanguage":"de"},{"@type":"Organization","@id":"https:\/\/skyline-gs.com\/it\/#organization","name":"Skyline Ausfl\u00fcge","alternateName":"\u042d\u043a\u0441\u043a\u0443\u0440\u0441\u0438\u0438 Skyline","url":"https:\/\/skyline-gs.com\/it\/","logo":{"@type":"ImageObject","inLanguage":"de","@id":"https:\/\/skyline-gs.com\/it\/#\/schema\/logo\/image\/","url":"https:\/\/skyline-gs.com\/wp-content\/uploads\/2020\/12\/cropped-logo-2.png","contentUrl":"https:\/\/skyline-gs.com\/wp-content\/uploads\/2020\/12\/cropped-logo-2.png","width":512,"height":512,"caption":"\u042d\u043a\u0441\u043a\u0443\u0440\u0441\u0438\u0438 Skyline"},"image":{"@id":"https:\/\/skyline-gs.com\/it\/#\/schema\/logo\/image\/"},"sameAs":["https:\/\/www.instagram.com\/skylineglobalservice\/"]}]}},"_links":{"self":[{"href":"https:\/\/skyline-gs.com\/de\/wp-json\/wp\/v2\/product\/66052","targetHints":{"allow":["GET"]}}],"collection":[{"href":"https:\/\/skyline-gs.com\/de\/wp-json\/wp\/v2\/product"}],"about":[{"href":"https:\/\/skyline-gs.com\/de\/wp-json\/wp\/v2\/types\/product"}],"version-history":[{"count":0,"href":"https:\/\/skyline-gs.com\/de\/wp-json\/wp\/v2\/product\/66052\/revisions"}],"wp:featuredmedia":[{"embeddable":true,"href":"https:\/\/skyline-gs.com\/de\/wp-json\/wp\/v2\/media\/63112"}],"wp:attachment":[{"href":"https:\/\/skyline-gs.com\/de\/wp-json\/wp\/v2\/media?parent=66052"}],"wp:term":[{"taxonomy":"product_brand","embeddable":true,"href":"https:\/\/skyline-gs.com\/de\/wp-json\/wp\/v2\/product_brand?post=66052"},{"taxonomy":"product_cat","embeddable":true,"href":"https:\/\/skyline-gs.com\/de\/wp-json\/wp\/v2\/product_cat?post=66052"},{"taxonomy":"product_tag","embeddable":true,"href":"https:\/\/skyline-gs.com\/de\/wp-json\/wp\/v2\/product_tag?post=66052"}],"curies":[{"name":"wp","href":"https:\/\/api.w.org\/{rel}","templated":true}]}}