{"id":65495,"date":"2025-08-26T23:39:45","date_gmt":"2025-08-26T21:39:45","guid":{"rendered":"http:\/\/skyline-gs.com\/?post_type=product&#038;p=65495"},"modified":"2025-09-29T01:34:09","modified_gmt":"2025-09-28T23:34:09","slug":"die-geschichte-von-budva","status":"publish","type":"product","link":"https:\/\/skyline-gs.com\/de\/product\/the-story-of-budva\/","title":{"rendered":"Pers\u00f6nliche F\u00fchrung: Geschichte, Traditionen und Weingeheimnisse"},"content":{"rendered":"<p data-start=\"72\" data-end=\"234\"><strong data-start=\"72\" data-end=\"122\">Geschichte, Traditionen und Wein-Geheimnisse<\/strong> \u2014 ist eine Reise, die antike St\u00e4dte, heilige St\u00e4tten und den Geschmack des echten montenegrinischen Weins verbindet.<\/p>\n<p data-start=\"236\" data-end=\"301\"><strong>8:00 - Abfahrt von Ihrer Hotellobby.<\/strong><\/p>\n<ul>\n<li data-start=\"303\" data-end=\"1061\"><strong>Altstadt von Budva<\/strong> \u2014 Ein Spaziergang durch enge, gepflasterte Gassen, wo die Atmosph\u00e4re des Mittelalters erhalten geblieben ist. Sie werden Stadtlegenden h\u00f6ren, alte Kirchen und T\u00fcrme sehen und den Geist der Adria sp\u00fcren.<\/li>\n<li data-start=\"303\" data-end=\"1061\"><strong>Cetinje<\/strong> \u2014 historische Hauptstadt und spirituelles Zentrum von Montenegro.<\/li>\n<li data-start=\"303\" data-end=\"1061\"><strong>K\u00f6nig-Nikolaus-Palast<\/strong> \u2014 ehemalige k\u00f6nigliche Residenz, wo die Geschichte der Entstehung des montenegrinischen Staates enth\u00fcllt wird.<\/li>\n<li data-start=\"303\" data-end=\"1061\"><strong>Zetiner Kloster<\/strong> \u2014 die Hauptheiligtum des Landes, wo sich die rechte Hand Johannes des T\u00e4ufers befindet. Auf Wunsch kann der Besuch von Cetinje durch eine Besichtigung der Lippischen H\u00f6hle mit ihren unterirdischen S\u00e4len und Stalaktiten ersetzt werden.<\/li>\n<li data-start=\"303\" data-end=\"1061\"><strong>Weinberg<\/strong> (bis zu 2 Stunden) \u2013 Spaziergang durch die Weinberge, Kennenlernen der Geheimnisse des Weinkellers, Verkostung von aromatischem Brandy und drei Weinsorten, begleitet von traditionellen Snacks.<\/li>\n<\/ul>\n<p data-start=\"1063\" data-end=\"1097\"><strong data-start=\"1464\" data-end=\"1511\">19:00 - R\u00fcckkehr zum Hotel.<\/strong><\/p>\n<p data-start=\"1232\" data-end=\"1247\"><strong data-start=\"1232\" data-end=\"1245\">Inbegriffen:<\/strong><\/p>\n<ul data-start=\"1248\" data-end=\"1333\">\n<li>Transfer vom Hotel und zur\u00fcck<\/li>\n<li>Alle Transfers im Programm mit privatem Auto mit Klimaanlage<\/li>\n<li>Englischsprachiger Reiseleiter<\/li>\n<li>Eingangskarten<\/li>\n<li>Weinprobe im Weingut<\/li>\n<\/ul>\n<p data-start=\"1335\" data-end=\"1353\"><strong data-start=\"1335\" data-end=\"1351\">Nicht enthalten:<\/strong><\/p>\n<ul>\n<li data-start=\"1356\" data-end=\"1363\">Abendessen<\/li>\n<li data-start=\"1356\" data-end=\"1363\">Pers\u00f6nliche Ausgaben<\/li>\n<\/ul>\n<p data-start=\"1426\" data-end=\"1449\"><strong data-start=\"1426\" data-end=\"1447\">Nimm mit:<\/strong><\/p>\n<ul>\n<li data-start=\"1452\" data-end=\"1468\">Bequeme Schuhe<\/li>\n<li data-start=\"1452\" data-end=\"1468\">Kopfbedeckung<\/li>\n<li data-start=\"1452\" data-end=\"1468\">Wasser<\/li>\n<li data-start=\"1452\" data-end=\"1468\">Geld f\u00fcr pers\u00f6nliche Ausgaben<\/li>\n<\/ul>\n<p><strong>Buchungsbedingungen:<\/strong><\/p>\n<ul>\n<li>Vorauszahlung 20%.<\/li>\n<\/ul>","protected":false},"excerpt":{"rendered":"<p><strong>Tourzeit:<\/strong> 8:00 \u2014 19:00<\/p>\n<p><strong>Veranstaltungstage:<\/strong> T\u00e4glich<\/p>","protected":false},"featured_media":65522,"template":"","meta":{"_kad_post_transparent":"default","_kad_post_title":"","_kad_post_layout":"default","_kad_post_sidebar_id":"","_kad_post_content_style":"default","_kad_post_vertical_padding":"default","_kad_post_feature":"","_kad_post_feature_position":"","_kad_post_header":false,"_kad_post_footer":false,"_kad_post_classname":"","_glsr_average":0,"_glsr_ranking":0,"_glsr_reviews":0},"product_brand":[],"product_cat":[504],"product_tag":[],"class_list":{"0":"post-65495","1":"product","2":"type-product","3":"status-publish","4":"has-post-thumbnail","6":"product_cat-budva","7":"tm-has-options","9":"first","10":"instock","11":"sale","12":"sold-individually","13":"taxable","14":"shipping-taxable","15":"purchasable","16":"product-type-simple","17":"entry","18":"content-bg","19":"loop-entry"},"yoast_head":"<!-- This site is optimized with the Yoast SEO plugin v27.5 - https:\/\/yoast.com\/product\/yoast-seo-wordpress\/ -->\n<title>\u0418\u043d\u0434\u0438\u0432\u0438\u0434\u0443\u0430\u043b\u044c\u043d\u044b\u0439 \u0442\u0443\u0440: \u0418\u0441\u0442\u043e\u0440\u0438\u044f, \u0442\u0440\u0430\u0434\u0438\u0446\u0438\u0438 \u0438 \u0432\u0438\u043d\u043d\u044b\u0435 \u0441\u0435\u043a\u0440\u0435\u0442\u044b &#8226; \u042d\u043a\u0441\u043a\u0443\u0440\u0441\u0438\u0438 Skyline<\/title>\n<meta name=\"robots\" content=\"index, follow, max-snippet:-1, max-image-preview:large, max-video-preview:-1\" \/>\n<link rel=\"canonical\" href=\"http:\/\/skyline-gs.com\/de\/produkt\/die-geschichte-von-budva\/\" \/>\n<meta property=\"og:locale\" content=\"de_DE\" \/>\n<meta property=\"og:type\" content=\"article\" \/>\n<meta property=\"og:title\" content=\"\u0418\u043d\u0434\u0438\u0432\u0438\u0434\u0443\u0430\u043b\u044c\u043d\u044b\u0439 \u0442\u0443\u0440: \u0418\u0441\u0442\u043e\u0440\u0438\u044f, \u0442\u0440\u0430\u0434\u0438\u0446\u0438\u0438 \u0438 \u0432\u0438\u043d\u043d\u044b\u0435 \u0441\u0435\u043a\u0440\u0435\u0442\u044b &#8226; \u042d\u043a\u0441\u043a\u0443\u0440\u0441\u0438\u0438 Skyline\" \/>\n<meta property=\"og:description\" content=\"\u0412\u0440\u0435\u043c\u044f \u0442\u0443\u0440\u0430: 8:00 - 19:00  \u0414\u043d\u0438 \u043f\u0440\u043e\u0432\u0435\u0434\u0435\u043d\u0438\u044f: \u041a\u0430\u0436\u0434\u044b\u0439 \u0434\u0435\u043d\u044c\" \/>\n<meta property=\"og:url\" content=\"http:\/\/skyline-gs.com\/de\/produkt\/die-geschichte-von-budva\/\" \/>\n<meta property=\"og:site_name\" content=\"\u042d\u043a\u0441\u043a\u0443\u0440\u0441\u0438\u0438 Skyline\" \/>\n<meta property=\"article:modified_time\" content=\"2025-09-28T23:34:09+00:00\" \/>\n<meta property=\"og:image\" content=\"https:\/\/skyline-gs.com\/wp-content\/uploads\/2025\/08\/45.jpg\" \/>\n\t<meta property=\"og:image:width\" content=\"669\" \/>\n\t<meta property=\"og:image:height\" content=\"446\" \/>\n\t<meta property=\"og:image:type\" content=\"image\/jpeg\" \/>\n<meta name=\"twitter:card\" content=\"summary_large_image\" \/>\n<meta name=\"twitter:label1\" content=\"Gesch\u00e4tzte Lesezeit\" \/>\n\t<meta name=\"twitter:data1\" content=\"2\u00a0Minuten\" \/>\n<script type=\"application\/ld+json\" class=\"yoast-schema-graph\">{\"@context\":\"https:\\\/\\\/schema.org\",\"@graph\":[{\"@type\":\"WebPage\",\"@id\":\"http:\\\/\\\/skyline-gs.com\\\/de\\\/produkt\\\/the-story-of-budva\\\/\",\"url\":\"http:\\\/\\\/skyline-gs.com\\\/de\\\/produkt\\\/the-story-of-budva\\\/\",\"name\":\"\u0418\u043d\u0434\u0438\u0432\u0438\u0434\u0443\u0430\u043b\u044c\u043d\u044b\u0439 \u0442\u0443\u0440: \u0418\u0441\u0442\u043e\u0440\u0438\u044f, \u0442\u0440\u0430\u0434\u0438\u0446\u0438\u0438 \u0438 \u0432\u0438\u043d\u043d\u044b\u0435 \u0441\u0435\u043a\u0440\u0435\u0442\u044b &#8226; \u042d\u043a\u0441\u043a\u0443\u0440\u0441\u0438\u0438 Skyline\",\"isPartOf\":{\"@id\":\"https:\\\/\\\/skyline-gs.com\\\/it\\\/#website\"},\"primaryImageOfPage\":{\"@id\":\"http:\\\/\\\/skyline-gs.com\\\/de\\\/produkt\\\/the-story-of-budva\\\/#primaryimage\"},\"image\":{\"@id\":\"http:\\\/\\\/skyline-gs.com\\\/de\\\/produkt\\\/the-story-of-budva\\\/#primaryimage\"},\"thumbnailUrl\":\"https:\\\/\\\/skyline-gs.com\\\/wp-content\\\/uploads\\\/2025\\\/08\\\/45.jpg\",\"datePublished\":\"2025-08-26T21:39:45+00:00\",\"dateModified\":\"2025-09-28T23:34:09+00:00\",\"breadcrumb\":{\"@id\":\"http:\\\/\\\/skyline-gs.com\\\/de\\\/produkt\\\/the-story-of-budva\\\/#breadcrumb\"},\"inLanguage\":\"de\",\"potentialAction\":[{\"@type\":\"ReadAction\",\"target\":[\"http:\\\/\\\/skyline-gs.com\\\/de\\\/produkt\\\/the-story-of-budva\\\/\"]}]},{\"@type\":\"ImageObject\",\"inLanguage\":\"de\",\"@id\":\"http:\\\/\\\/skyline-gs.com\\\/de\\\/produkt\\\/the-story-of-budva\\\/#primaryimage\",\"url\":\"https:\\\/\\\/skyline-gs.com\\\/wp-content\\\/uploads\\\/2025\\\/08\\\/45.jpg\",\"contentUrl\":\"https:\\\/\\\/skyline-gs.com\\\/wp-content\\\/uploads\\\/2025\\\/08\\\/45.jpg\",\"width\":669,\"height\":446},{\"@type\":\"BreadcrumbList\",\"@id\":\"http:\\\/\\\/skyline-gs.com\\\/de\\\/produkt\\\/the-story-of-budva\\\/#breadcrumb\",\"itemListElement\":[{\"@type\":\"ListItem\",\"position\":1,\"name\":\"\u0413\u043b\u0430\u0432\u043d\u0430\u044f \u0441\u0442\u0440\u0430\u043d\u0438\u0446\u0430\",\"item\":\"https:\\\/\\\/skyline-gs.com\\\/hu\\\/\"},{\"@type\":\"ListItem\",\"position\":2,\"name\":\"\u041c\u0430\u0433\u0430\u0437\u0438\u043d\",\"item\":\"https:\\\/\\\/skyline-gs.com\\\/cs\\\/shop\\\/\"},{\"@type\":\"ListItem\",\"position\":3,\"name\":\"\u0418\u043d\u0434\u0438\u0432\u0438\u0434\u0443\u0430\u043b\u044c\u043d\u044b\u0439 \u0442\u0443\u0440: \u0418\u0441\u0442\u043e\u0440\u0438\u044f, \u0442\u0440\u0430\u0434\u0438\u0446\u0438\u0438 \u0438 \u0432\u0438\u043d\u043d\u044b\u0435 \u0441\u0435\u043a\u0440\u0435\u0442\u044b\"}]},{\"@type\":\"WebSite\",\"@id\":\"https:\\\/\\\/skyline-gs.com\\\/it\\\/#website\",\"url\":\"https:\\\/\\\/skyline-gs.com\\\/it\\\/\",\"name\":\"\u042d\u043a\u0441\u043a\u0443\u0440\u0441\u0438\u0438 Skyline\",\"description\":\"\u042d\u043a\u0441\u043a\u043b\u044e\u0437\u0438\u0432\u043d\u044b\u0435 \u044d\u043a\u0441\u043a\u0443\u0440\u0441\u0438\u0438 \u043d\u0430 \u043b\u0443\u0447\u0448\u0438\u0445 \u043a\u0443\u0440\u043e\u0440\u0442\u0430\u0445 \u043c\u0438\u0440\u0430\",\"publisher\":{\"@id\":\"https:\\\/\\\/skyline-gs.com\\\/it\\\/#organization\"},\"alternateName\":\"Skyline\",\"potentialAction\":[{\"@type\":\"SearchAction\",\"target\":{\"@type\":\"EntryPoint\",\"urlTemplate\":\"https:\\\/\\\/skyline-gs.com\\\/it\\\/?s={search_term_string}\"},\"query-input\":{\"@type\":\"PropertyValueSpecification\",\"valueRequired\":true,\"valueName\":\"search_term_string\"}}],\"inLanguage\":\"de\"},{\"@type\":\"Organization\",\"@id\":\"https:\\\/\\\/skyline-gs.com\\\/it\\\/#organization\",\"name\":\"\u042d\u043a\u0441\u043a\u0443\u0440\u0441\u0438\u0438 Skyline\",\"alternateName\":\"\u042d\u043a\u0441\u043a\u0443\u0440\u0441\u0438\u0438 Skyline\",\"url\":\"https:\\\/\\\/skyline-gs.com\\\/it\\\/\",\"logo\":{\"@type\":\"ImageObject\",\"inLanguage\":\"de\",\"@id\":\"https:\\\/\\\/skyline-gs.com\\\/it\\\/#\\\/schema\\\/logo\\\/image\\\/\",\"url\":\"https:\\\/\\\/skyline-gs.com\\\/wp-content\\\/uploads\\\/2020\\\/12\\\/cropped-logo-2.png\",\"contentUrl\":\"https:\\\/\\\/skyline-gs.com\\\/wp-content\\\/uploads\\\/2020\\\/12\\\/cropped-logo-2.png\",\"width\":512,\"height\":512,\"caption\":\"\u042d\u043a\u0441\u043a\u0443\u0440\u0441\u0438\u0438 Skyline\"},\"image\":{\"@id\":\"https:\\\/\\\/skyline-gs.com\\\/it\\\/#\\\/schema\\\/logo\\\/image\\\/\"},\"sameAs\":[\"https:\\\/\\\/www.instagram.com\\\/skylineglobalservice\\\/\"]}]}<\/script>\n<!-- \/ Yoast SEO plugin. -->","yoast_head_json":{"title":"Individuelle Tour: Geschichte, Traditionen und Wein-Geheimnisse \u2022 Skyline Touren","robots":{"index":"index","follow":"follow","max-snippet":"max-snippet:-1","max-image-preview":"max-image-preview:large","max-video-preview":"max-video-preview:-1"},"canonical":"http:\/\/skyline-gs.com\/de\/produkt\/die-geschichte-von-budva\/","og_locale":"de_DE","og_type":"article","og_title":"\u0418\u043d\u0434\u0438\u0432\u0438\u0434\u0443\u0430\u043b\u044c\u043d\u044b\u0439 \u0442\u0443\u0440: \u0418\u0441\u0442\u043e\u0440\u0438\u044f, \u0442\u0440\u0430\u0434\u0438\u0446\u0438\u0438 \u0438 \u0432\u0438\u043d\u043d\u044b\u0435 \u0441\u0435\u043a\u0440\u0435\u0442\u044b &#8226; \u042d\u043a\u0441\u043a\u0443\u0440\u0441\u0438\u0438 Skyline","og_description":"\u0412\u0440\u0435\u043c\u044f \u0442\u0443\u0440\u0430: 8:00 - 19:00  \u0414\u043d\u0438 \u043f\u0440\u043e\u0432\u0435\u0434\u0435\u043d\u0438\u044f: \u041a\u0430\u0436\u0434\u044b\u0439 \u0434\u0435\u043d\u044c","og_url":"http:\/\/skyline-gs.com\/de\/produkt\/die-geschichte-von-budva\/","og_site_name":"\u042d\u043a\u0441\u043a\u0443\u0440\u0441\u0438\u0438 Skyline","article_modified_time":"2025-09-28T23:34:09+00:00","og_image":[{"width":669,"height":446,"url":"https:\/\/skyline-gs.com\/wp-content\/uploads\/2025\/08\/45.jpg","type":"image\/jpeg"}],"twitter_card":"summary_large_image","twitter_misc":{"Gesch\u00e4tzte Lesezeit":"2\u00a0Minuten"},"schema":{"@context":"https:\/\/schema.org","@graph":[{"@type":"WebPage","@id":"http:\/\/skyline-gs.com\/de\/produkt\/the-story-of-budva\/","url":"http:\/\/skyline-gs.com\/de\/produkt\/the-story-of-budva\/","name":"Individuelle Tour: Geschichte, Traditionen und Wein-Geheimnisse \u2022 Skyline Touren","isPartOf":{"@id":"https:\/\/skyline-gs.com\/it\/#website"},"primaryImageOfPage":{"@id":"http:\/\/skyline-gs.com\/de\/produkt\/the-story-of-budva\/#primaryimage"},"image":{"@id":"http:\/\/skyline-gs.com\/de\/produkt\/the-story-of-budva\/#primaryimage"},"thumbnailUrl":"https:\/\/skyline-gs.com\/wp-content\/uploads\/2025\/08\/45.jpg","datePublished":"2025-08-26T21:39:45+00:00","dateModified":"2025-09-28T23:34:09+00:00","breadcrumb":{"@id":"http:\/\/skyline-gs.com\/de\/produkt\/the-story-of-budva\/#breadcrumb"},"inLanguage":"de","potentialAction":[{"@type":"ReadAction","target":["http:\/\/skyline-gs.com\/de\/produkt\/the-story-of-budva\/"]}]},{"@type":"ImageObject","inLanguage":"de","@id":"http:\/\/skyline-gs.com\/de\/produkt\/the-story-of-budva\/#primaryimage","url":"https:\/\/skyline-gs.com\/wp-content\/uploads\/2025\/08\/45.jpg","contentUrl":"https:\/\/skyline-gs.com\/wp-content\/uploads\/2025\/08\/45.jpg","width":669,"height":446},{"@type":"BreadcrumbList","@id":"http:\/\/skyline-gs.com\/de\/produkt\/the-story-of-budva\/#breadcrumb","itemListElement":[{"@type":"ListItem","position":1,"name":"\u0413\u043b\u0430\u0432\u043d\u0430\u044f \u0441\u0442\u0440\u0430\u043d\u0438\u0446\u0430","item":"https:\/\/skyline-gs.com\/hu\/"},{"@type":"ListItem","position":2,"name":"\u041c\u0430\u0433\u0430\u0437\u0438\u043d","item":"https:\/\/skyline-gs.com\/cs\/shop\/"},{"@type":"ListItem","position":3,"name":"\u0418\u043d\u0434\u0438\u0432\u0438\u0434\u0443\u0430\u043b\u044c\u043d\u044b\u0439 \u0442\u0443\u0440: \u0418\u0441\u0442\u043e\u0440\u0438\u044f, \u0442\u0440\u0430\u0434\u0438\u0446\u0438\u0438 \u0438 \u0432\u0438\u043d\u043d\u044b\u0435 \u0441\u0435\u043a\u0440\u0435\u0442\u044b"}]},{"@type":"WebSite","@id":"https:\/\/skyline-gs.com\/it\/#website","url":"https:\/\/skyline-gs.com\/it\/","name":"Skyline Ausfl\u00fcge","description":"Exklusive Ausfl\u00fcge in den besten Resorts der Welt","publisher":{"@id":"https:\/\/skyline-gs.com\/it\/#organization"},"alternateName":"Skyline","potentialAction":[{"@type":"SearchAction","target":{"@type":"EntryPoint","urlTemplate":"https:\/\/skyline-gs.com\/it\/?s={search_term_string}"},"query-input":{"@type":"PropertyValueSpecification","valueRequired":true,"valueName":"search_term_string"}}],"inLanguage":"de"},{"@type":"Organization","@id":"https:\/\/skyline-gs.com\/it\/#organization","name":"Skyline Ausfl\u00fcge","alternateName":"\u042d\u043a\u0441\u043a\u0443\u0440\u0441\u0438\u0438 Skyline","url":"https:\/\/skyline-gs.com\/it\/","logo":{"@type":"ImageObject","inLanguage":"de","@id":"https:\/\/skyline-gs.com\/it\/#\/schema\/logo\/image\/","url":"https:\/\/skyline-gs.com\/wp-content\/uploads\/2020\/12\/cropped-logo-2.png","contentUrl":"https:\/\/skyline-gs.com\/wp-content\/uploads\/2020\/12\/cropped-logo-2.png","width":512,"height":512,"caption":"\u042d\u043a\u0441\u043a\u0443\u0440\u0441\u0438\u0438 Skyline"},"image":{"@id":"https:\/\/skyline-gs.com\/it\/#\/schema\/logo\/image\/"},"sameAs":["https:\/\/www.instagram.com\/skylineglobalservice\/"]}]}},"_links":{"self":[{"href":"https:\/\/skyline-gs.com\/de\/wp-json\/wp\/v2\/product\/65495","targetHints":{"allow":["GET"]}}],"collection":[{"href":"https:\/\/skyline-gs.com\/de\/wp-json\/wp\/v2\/product"}],"about":[{"href":"https:\/\/skyline-gs.com\/de\/wp-json\/wp\/v2\/types\/product"}],"version-history":[{"count":0,"href":"https:\/\/skyline-gs.com\/de\/wp-json\/wp\/v2\/product\/65495\/revisions"}],"wp:featuredmedia":[{"embeddable":true,"href":"https:\/\/skyline-gs.com\/de\/wp-json\/wp\/v2\/media\/65522"}],"wp:attachment":[{"href":"https:\/\/skyline-gs.com\/de\/wp-json\/wp\/v2\/media?parent=65495"}],"wp:term":[{"taxonomy":"product_brand","embeddable":true,"href":"https:\/\/skyline-gs.com\/de\/wp-json\/wp\/v2\/product_brand?post=65495"},{"taxonomy":"product_cat","embeddable":true,"href":"https:\/\/skyline-gs.com\/de\/wp-json\/wp\/v2\/product_cat?post=65495"},{"taxonomy":"product_tag","embeddable":true,"href":"https:\/\/skyline-gs.com\/de\/wp-json\/wp\/v2\/product_tag?post=65495"}],"curies":[{"name":"wp","href":"https:\/\/api.w.org\/{rel}","templated":true}]}}