{"id":65413,"date":"2025-08-25T05:05:46","date_gmt":"2025-08-25T03:05:46","guid":{"rendered":"http:\/\/skyline-gs.com\/?post_type=product&#038;p=65413"},"modified":"2025-09-07T19:33:39","modified_gmt":"2025-09-07T17:33:39","slug":"privat-sunrise-on-the-batur-bali","status":"publish","type":"product","link":"https:\/\/skyline-gs.com\/de\/product\/privat-sunrise-on-the-batur-bali\/","title":{"rendered":"Personalisierte Tour: Sonnenaufgang auf dem Vulkan Batur"},"content":{"rendered":"<p data-start=\"286\" data-end=\"549\">Eines der beliebtesten Abenteuer auf Bali ist es, den Sonnenaufgang auf dem Gipfel des aktiven Vulkans Batur (1717 m) zu erleben. Dies ist nicht nur ein Aufstieg, sondern eine echte Reise in das Herz der Insel, wo Sie die ersten Sonnenstrahlen sehen k\u00f6nnen, die den Krater und den Batur-See beleuchten.<\/p>\n<p><strong>2:00 - Abfahrt von Ihrer Hotellobby.<\/strong><\/p>\n<ul>\n<li data-start=\"580\" data-end=\"663\"><strong data-start=\"580\" data-end=\"598\">Check-out<\/strong>. Ein Shuttleservice bringt Sie zu Ihrem Startpunkt.<\/li>\n<li data-start=\"580\" data-end=\"663\"><strong data-start=\"667\" data-end=\"696\">Willkommene Kaffeepause. <\/strong>Im B\u00fcro warten hei\u00dfer Tee oder Kaffee und ein traditioneller Bananenpfannkuchen mit Schokolade auf Sie - ein leichter Snack vor dem Aufstehen.<\/li>\n<li data-start=\"580\" data-end=\"663\"><strong data-start=\"819\" data-end=\"838\">Verfolgung starten<\/strong> (gegen 4:00 Uhr). Sie werden von einem lizenzierten F\u00fchrer begleitet, der Ihnen hilft, sicher aufzusteigen und ein Foto zu machen. Der Aufstieg dauert etwa 2 Stunden.<\/li>\n<li data-start=\"580\" data-end=\"663\"><strong data-start=\"1004\" data-end=\"1028\">Rastplatz. <\/strong>Nach etwa einer Stunde Fahrt wird eine kurze Pause eingelegt, um sich zu st\u00e4rken und Wasser zu trinken.<\/li>\n<li data-start=\"580\" data-end=\"663\"><strong data-start=\"1121\" data-end=\"1166\">Begegnung mit der Morgend\u00e4mmerung auf dem Gipfel des Vulkans Batur<\/strong> (gegen 6:00 Uhr). Die Kr\u00f6nung der Reise! Der Blick auf den Batur-See, die benachbarten Berge und die erwachende Insel ist \u00fcberw\u00e4ltigend. Hier wird Ihnen das Fr\u00fchst\u00fcck serviert: abgepackte Mahlzeiten und direkt im hei\u00dfen Vulkandampf gekochte Eier. Die Atmosph\u00e4re ist unvergesslich!<\/li>\n<li data-start=\"580\" data-end=\"663\"><strong data-start=\"1433\" data-end=\"1464\">Abstieg und R\u00fcckkehr zum Hotel.<\/strong><\/li>\n<\/ul>\n<p><strong>10:00 - R\u00fcckkehr zum Hotel.<\/strong><\/p>\n<p><strong>Inbegriffen:<\/strong><\/p>\n<ul>\n<li>Transfer vom Hotel und zur\u00fcck<\/li>\n<li>Transfers mit klimatisiertem Auto<\/li>\n<li>Lizensierter F\u00fchrer<\/li>\n<li>Kaffee, Tee.<\/li>\n<li>Fr\u00fchst\u00fcck<\/li>\n<\/ul>\n<p><strong>Nimm mit:<\/strong><\/p>\n<ul>\n<li data-start=\"1844\" data-end=\"1882\">Warme Kleidung (es ist k\u00fchl auf dem Gipfel)<\/li>\n<li data-start=\"1844\" data-end=\"1882\">Bequeme Turnschuhe<\/li>\n<li data-start=\"1844\" data-end=\"1882\">Geld f\u00fcr pers\u00f6nliche Ausgaben<\/li>\n<li data-start=\"1844\" data-end=\"1882\">Kamera<\/li>\n<\/ul>","protected":false},"excerpt":{"rendered":"<p><strong>Tourzeit:<\/strong> 2:00 &#8212; 10:00<\/p>\n<p><strong>Veranstaltungstage:<\/strong> T\u00e4glich<\/p>","protected":false},"featured_media":65415,"template":"","meta":{"_kad_post_transparent":"default","_kad_post_title":"","_kad_post_layout":"default","_kad_post_sidebar_id":"","_kad_post_content_style":"default","_kad_post_vertical_padding":"default","_kad_post_feature":"","_kad_post_feature_position":"","_kad_post_header":false,"_kad_post_footer":false,"_kad_post_classname":"","_glsr_average":0,"_glsr_ranking":0,"_glsr_reviews":0},"product_brand":[],"product_cat":[503],"product_tag":[],"class_list":{"0":"post-65413","1":"product","2":"type-product","3":"status-publish","4":"has-post-thumbnail","6":"product_cat-privat_bali","7":"tm-has-options","9":"first","10":"instock","11":"sold-individually","12":"taxable","13":"shipping-taxable","14":"purchasable","15":"product-type-simple","16":"entry","17":"content-bg","18":"loop-entry"},"yoast_head":"<!-- This site is optimized with the Yoast SEO plugin v27.3 - https:\/\/yoast.com\/product\/yoast-seo-wordpress\/ -->\n<title>\u0418\u043d\u0434\u0438\u0432\u0438\u0434\u0443\u0430\u043b\u044c\u043d\u044b\u0439 \u0442\u0443\u0440: \u0420\u0430\u0441\u0441\u0432\u0435\u0442 \u043d\u0430 \u0432\u0435\u0440\u0448\u0438\u043d\u0435 \u0432\u0443\u043b\u043a\u0430\u043d\u0430 \u0411\u0430\u0442\u0443\u0440 &#8226; \u042d\u043a\u0441\u043a\u0443\u0440\u0441\u0438\u0438 Skyline<\/title>\n<meta name=\"robots\" content=\"index, follow, max-snippet:-1, max-image-preview:large, max-video-preview:-1\" \/>\n<link rel=\"canonical\" href=\"https:\/\/skyline-gs.com\/de\/produkt\/privat-sunrise-on-the-batur-bali\/\" \/>\n<meta property=\"og:locale\" content=\"de_DE\" \/>\n<meta property=\"og:type\" content=\"article\" \/>\n<meta property=\"og:title\" content=\"\u0418\u043d\u0434\u0438\u0432\u0438\u0434\u0443\u0430\u043b\u044c\u043d\u044b\u0439 \u0442\u0443\u0440: \u0420\u0430\u0441\u0441\u0432\u0435\u0442 \u043d\u0430 \u0432\u0435\u0440\u0448\u0438\u043d\u0435 \u0432\u0443\u043b\u043a\u0430\u043d\u0430 \u0411\u0430\u0442\u0443\u0440 &#8226; \u042d\u043a\u0441\u043a\u0443\u0440\u0441\u0438\u0438 Skyline\" \/>\n<meta property=\"og:description\" content=\"\u0412\u0440\u0435\u043c\u044f \u0442\u0443\u0440\u0430: 2:00 - 10:00  \u0414\u043d\u0438 \u043f\u0440\u043e\u0432\u0435\u0434\u0435\u043d\u0438\u044f: \u041a\u0430\u0436\u0434\u044b\u0439 \u0434\u0435\u043d\u044c\" \/>\n<meta property=\"og:url\" content=\"https:\/\/skyline-gs.com\/de\/produkt\/privat-sunrise-on-the-batur-bali\/\" \/>\n<meta property=\"og:site_name\" content=\"\u042d\u043a\u0441\u043a\u0443\u0440\u0441\u0438\u0438 Skyline\" \/>\n<meta property=\"article:modified_time\" content=\"2025-09-07T17:33:39+00:00\" \/>\n<meta property=\"og:image\" content=\"https:\/\/skyline-gs.com\/wp-content\/uploads\/2025\/08\/7.jpg\" \/>\n\t<meta property=\"og:image:width\" content=\"669\" \/>\n\t<meta property=\"og:image:height\" content=\"446\" \/>\n\t<meta property=\"og:image:type\" content=\"image\/jpeg\" \/>\n<meta name=\"twitter:card\" content=\"summary_large_image\" \/>\n<meta name=\"twitter:label1\" content=\"Gesch\u00e4tzte Lesezeit\" \/>\n\t<meta name=\"twitter:data1\" content=\"2\u00a0Minuten\" \/>\n<script type=\"application\/ld+json\" class=\"yoast-schema-graph\">{\"@context\":\"https:\\\/\\\/schema.org\",\"@graph\":[{\"@type\":\"WebPage\",\"@id\":\"https:\\\/\\\/skyline-gs.com\\\/de\\\/produkt\\\/privat-sunrise-on-the-batur-bali\\\/\",\"url\":\"https:\\\/\\\/skyline-gs.com\\\/de\\\/produkt\\\/privat-sunrise-on-the-batur-bali\\\/\",\"name\":\"\u0418\u043d\u0434\u0438\u0432\u0438\u0434\u0443\u0430\u043b\u044c\u043d\u044b\u0439 \u0442\u0443\u0440: \u0420\u0430\u0441\u0441\u0432\u0435\u0442 \u043d\u0430 \u0432\u0435\u0440\u0448\u0438\u043d\u0435 \u0432\u0443\u043b\u043a\u0430\u043d\u0430 \u0411\u0430\u0442\u0443\u0440 &#8226; \u042d\u043a\u0441\u043a\u0443\u0440\u0441\u0438\u0438 Skyline\",\"isPartOf\":{\"@id\":\"https:\\\/\\\/skyline-gs.com\\\/it\\\/#website\"},\"primaryImageOfPage\":{\"@id\":\"https:\\\/\\\/skyline-gs.com\\\/de\\\/produkt\\\/privat-sunrise-on-the-batur-bali\\\/#primaryimage\"},\"image\":{\"@id\":\"https:\\\/\\\/skyline-gs.com\\\/de\\\/produkt\\\/privat-sunrise-on-the-batur-bali\\\/#primaryimage\"},\"thumbnailUrl\":\"https:\\\/\\\/skyline-gs.com\\\/wp-content\\\/uploads\\\/2025\\\/08\\\/7.jpg\",\"datePublished\":\"2025-08-25T03:05:46+00:00\",\"dateModified\":\"2025-09-07T17:33:39+00:00\",\"breadcrumb\":{\"@id\":\"https:\\\/\\\/skyline-gs.com\\\/de\\\/produkt\\\/privat-sunrise-on-the-batur-bali\\\/#breadcrumb\"},\"inLanguage\":\"de\",\"potentialAction\":[{\"@type\":\"ReadAction\",\"target\":[\"https:\\\/\\\/skyline-gs.com\\\/de\\\/produkt\\\/privat-sunrise-on-the-batur-bali\\\/\"]}]},{\"@type\":\"ImageObject\",\"inLanguage\":\"de\",\"@id\":\"https:\\\/\\\/skyline-gs.com\\\/de\\\/produkt\\\/privat-sunrise-on-the-batur-bali\\\/#primaryimage\",\"url\":\"https:\\\/\\\/skyline-gs.com\\\/wp-content\\\/uploads\\\/2025\\\/08\\\/7.jpg\",\"contentUrl\":\"https:\\\/\\\/skyline-gs.com\\\/wp-content\\\/uploads\\\/2025\\\/08\\\/7.jpg\",\"width\":669,\"height\":446},{\"@type\":\"BreadcrumbList\",\"@id\":\"https:\\\/\\\/skyline-gs.com\\\/de\\\/produkt\\\/privat-sunrise-on-the-batur-bali\\\/#breadcrumb\",\"itemListElement\":[{\"@type\":\"ListItem\",\"position\":1,\"name\":\"\u0413\u043b\u0430\u0432\u043d\u0430\u044f \u0441\u0442\u0440\u0430\u043d\u0438\u0446\u0430\",\"item\":\"https:\\\/\\\/skyline-gs.com\\\/hu\\\/\"},{\"@type\":\"ListItem\",\"position\":2,\"name\":\"\u041c\u0430\u0433\u0430\u0437\u0438\u043d\",\"item\":\"https:\\\/\\\/skyline-gs.com\\\/cs\\\/shop\\\/\"},{\"@type\":\"ListItem\",\"position\":3,\"name\":\"\u0418\u043d\u0434\u0438\u0432\u0438\u0434\u0443\u0430\u043b\u044c\u043d\u044b\u0439 \u0442\u0443\u0440: \u0420\u0430\u0441\u0441\u0432\u0435\u0442 \u043d\u0430 \u0432\u0435\u0440\u0448\u0438\u043d\u0435 \u0432\u0443\u043b\u043a\u0430\u043d\u0430 \u0411\u0430\u0442\u0443\u0440\"}]},{\"@type\":\"WebSite\",\"@id\":\"https:\\\/\\\/skyline-gs.com\\\/it\\\/#website\",\"url\":\"https:\\\/\\\/skyline-gs.com\\\/it\\\/\",\"name\":\"\u042d\u043a\u0441\u043a\u0443\u0440\u0441\u0438\u0438 Skyline\",\"description\":\"\u042d\u043a\u0441\u043a\u043b\u044e\u0437\u0438\u0432\u043d\u044b\u0435 \u044d\u043a\u0441\u043a\u0443\u0440\u0441\u0438\u0438 \u043d\u0430 \u043b\u0443\u0447\u0448\u0438\u0445 \u043a\u0443\u0440\u043e\u0440\u0442\u0430\u0445 \u043c\u0438\u0440\u0430\",\"publisher\":{\"@id\":\"https:\\\/\\\/skyline-gs.com\\\/it\\\/#organization\"},\"alternateName\":\"Skyline\",\"potentialAction\":[{\"@type\":\"SearchAction\",\"target\":{\"@type\":\"EntryPoint\",\"urlTemplate\":\"https:\\\/\\\/skyline-gs.com\\\/it\\\/?s={search_term_string}\"},\"query-input\":{\"@type\":\"PropertyValueSpecification\",\"valueRequired\":true,\"valueName\":\"search_term_string\"}}],\"inLanguage\":\"de\"},{\"@type\":\"Organization\",\"@id\":\"https:\\\/\\\/skyline-gs.com\\\/it\\\/#organization\",\"name\":\"\u042d\u043a\u0441\u043a\u0443\u0440\u0441\u0438\u0438 Skyline\",\"alternateName\":\"\u042d\u043a\u0441\u043a\u0443\u0440\u0441\u0438\u0438 Skyline\",\"url\":\"https:\\\/\\\/skyline-gs.com\\\/it\\\/\",\"logo\":{\"@type\":\"ImageObject\",\"inLanguage\":\"de\",\"@id\":\"https:\\\/\\\/skyline-gs.com\\\/it\\\/#\\\/schema\\\/logo\\\/image\\\/\",\"url\":\"https:\\\/\\\/skyline-gs.com\\\/wp-content\\\/uploads\\\/2020\\\/12\\\/cropped-logo-2.png\",\"contentUrl\":\"https:\\\/\\\/skyline-gs.com\\\/wp-content\\\/uploads\\\/2020\\\/12\\\/cropped-logo-2.png\",\"width\":512,\"height\":512,\"caption\":\"\u042d\u043a\u0441\u043a\u0443\u0440\u0441\u0438\u0438 Skyline\"},\"image\":{\"@id\":\"https:\\\/\\\/skyline-gs.com\\\/it\\\/#\\\/schema\\\/logo\\\/image\\\/\"},\"sameAs\":[\"https:\\\/\\\/www.instagram.com\\\/skylineglobalservice\\\/\"]}]}<\/script>\n<!-- \/ Yoast SEO plugin. -->","yoast_head_json":{"title":"Personalisierte Tour: Sonnenaufgang auf dem Vulkan Batur - Skyline Excursions","robots":{"index":"index","follow":"follow","max-snippet":"max-snippet:-1","max-image-preview":"max-image-preview:large","max-video-preview":"max-video-preview:-1"},"canonical":"https:\/\/skyline-gs.com\/de\/produkt\/privat-sunrise-on-the-batur-bali\/","og_locale":"de_DE","og_type":"article","og_title":"\u0418\u043d\u0434\u0438\u0432\u0438\u0434\u0443\u0430\u043b\u044c\u043d\u044b\u0439 \u0442\u0443\u0440: \u0420\u0430\u0441\u0441\u0432\u0435\u0442 \u043d\u0430 \u0432\u0435\u0440\u0448\u0438\u043d\u0435 \u0432\u0443\u043b\u043a\u0430\u043d\u0430 \u0411\u0430\u0442\u0443\u0440 &#8226; \u042d\u043a\u0441\u043a\u0443\u0440\u0441\u0438\u0438 Skyline","og_description":"\u0412\u0440\u0435\u043c\u044f \u0442\u0443\u0440\u0430: 2:00 - 10:00  \u0414\u043d\u0438 \u043f\u0440\u043e\u0432\u0435\u0434\u0435\u043d\u0438\u044f: \u041a\u0430\u0436\u0434\u044b\u0439 \u0434\u0435\u043d\u044c","og_url":"https:\/\/skyline-gs.com\/de\/produkt\/privat-sunrise-on-the-batur-bali\/","og_site_name":"\u042d\u043a\u0441\u043a\u0443\u0440\u0441\u0438\u0438 Skyline","article_modified_time":"2025-09-07T17:33:39+00:00","og_image":[{"width":669,"height":446,"url":"https:\/\/skyline-gs.com\/wp-content\/uploads\/2025\/08\/7.jpg","type":"image\/jpeg"}],"twitter_card":"summary_large_image","twitter_misc":{"Gesch\u00e4tzte Lesezeit":"2\u00a0Minuten"},"schema":{"@context":"https:\/\/schema.org","@graph":[{"@type":"WebPage","@id":"https:\/\/skyline-gs.com\/de\/produkt\/privat-sunrise-on-the-batur-bali\/","url":"https:\/\/skyline-gs.com\/de\/produkt\/privat-sunrise-on-the-batur-bali\/","name":"Personalisierte Tour: Sonnenaufgang auf dem Vulkan Batur - Skyline Excursions","isPartOf":{"@id":"https:\/\/skyline-gs.com\/it\/#website"},"primaryImageOfPage":{"@id":"https:\/\/skyline-gs.com\/de\/produkt\/privat-sunrise-on-the-batur-bali\/#primaryimage"},"image":{"@id":"https:\/\/skyline-gs.com\/de\/produkt\/privat-sunrise-on-the-batur-bali\/#primaryimage"},"thumbnailUrl":"https:\/\/skyline-gs.com\/wp-content\/uploads\/2025\/08\/7.jpg","datePublished":"2025-08-25T03:05:46+00:00","dateModified":"2025-09-07T17:33:39+00:00","breadcrumb":{"@id":"https:\/\/skyline-gs.com\/de\/produkt\/privat-sunrise-on-the-batur-bali\/#breadcrumb"},"inLanguage":"de","potentialAction":[{"@type":"ReadAction","target":["https:\/\/skyline-gs.com\/de\/produkt\/privat-sunrise-on-the-batur-bali\/"]}]},{"@type":"ImageObject","inLanguage":"de","@id":"https:\/\/skyline-gs.com\/de\/produkt\/privat-sunrise-on-the-batur-bali\/#primaryimage","url":"https:\/\/skyline-gs.com\/wp-content\/uploads\/2025\/08\/7.jpg","contentUrl":"https:\/\/skyline-gs.com\/wp-content\/uploads\/2025\/08\/7.jpg","width":669,"height":446},{"@type":"BreadcrumbList","@id":"https:\/\/skyline-gs.com\/de\/produkt\/privat-sunrise-on-the-batur-bali\/#breadcrumb","itemListElement":[{"@type":"ListItem","position":1,"name":"\u0413\u043b\u0430\u0432\u043d\u0430\u044f \u0441\u0442\u0440\u0430\u043d\u0438\u0446\u0430","item":"https:\/\/skyline-gs.com\/hu\/"},{"@type":"ListItem","position":2,"name":"\u041c\u0430\u0433\u0430\u0437\u0438\u043d","item":"https:\/\/skyline-gs.com\/cs\/shop\/"},{"@type":"ListItem","position":3,"name":"\u0418\u043d\u0434\u0438\u0432\u0438\u0434\u0443\u0430\u043b\u044c\u043d\u044b\u0439 \u0442\u0443\u0440: \u0420\u0430\u0441\u0441\u0432\u0435\u0442 \u043d\u0430 \u0432\u0435\u0440\u0448\u0438\u043d\u0435 \u0432\u0443\u043b\u043a\u0430\u043d\u0430 \u0411\u0430\u0442\u0443\u0440"}]},{"@type":"WebSite","@id":"https:\/\/skyline-gs.com\/it\/#website","url":"https:\/\/skyline-gs.com\/it\/","name":"Skyline Ausfl\u00fcge","description":"Exklusive Ausfl\u00fcge in den besten Resorts der Welt","publisher":{"@id":"https:\/\/skyline-gs.com\/it\/#organization"},"alternateName":"Skyline","potentialAction":[{"@type":"SearchAction","target":{"@type":"EntryPoint","urlTemplate":"https:\/\/skyline-gs.com\/it\/?s={search_term_string}"},"query-input":{"@type":"PropertyValueSpecification","valueRequired":true,"valueName":"search_term_string"}}],"inLanguage":"de"},{"@type":"Organization","@id":"https:\/\/skyline-gs.com\/it\/#organization","name":"Skyline Ausfl\u00fcge","alternateName":"\u042d\u043a\u0441\u043a\u0443\u0440\u0441\u0438\u0438 Skyline","url":"https:\/\/skyline-gs.com\/it\/","logo":{"@type":"ImageObject","inLanguage":"de","@id":"https:\/\/skyline-gs.com\/it\/#\/schema\/logo\/image\/","url":"https:\/\/skyline-gs.com\/wp-content\/uploads\/2020\/12\/cropped-logo-2.png","contentUrl":"https:\/\/skyline-gs.com\/wp-content\/uploads\/2020\/12\/cropped-logo-2.png","width":512,"height":512,"caption":"\u042d\u043a\u0441\u043a\u0443\u0440\u0441\u0438\u0438 Skyline"},"image":{"@id":"https:\/\/skyline-gs.com\/it\/#\/schema\/logo\/image\/"},"sameAs":["https:\/\/www.instagram.com\/skylineglobalservice\/"]}]}},"_links":{"self":[{"href":"https:\/\/skyline-gs.com\/de\/wp-json\/wp\/v2\/product\/65413","targetHints":{"allow":["GET"]}}],"collection":[{"href":"https:\/\/skyline-gs.com\/de\/wp-json\/wp\/v2\/product"}],"about":[{"href":"https:\/\/skyline-gs.com\/de\/wp-json\/wp\/v2\/types\/product"}],"version-history":[{"count":0,"href":"https:\/\/skyline-gs.com\/de\/wp-json\/wp\/v2\/product\/65413\/revisions"}],"wp:featuredmedia":[{"embeddable":true,"href":"https:\/\/skyline-gs.com\/de\/wp-json\/wp\/v2\/media\/65415"}],"wp:attachment":[{"href":"https:\/\/skyline-gs.com\/de\/wp-json\/wp\/v2\/media?parent=65413"}],"wp:term":[{"taxonomy":"product_brand","embeddable":true,"href":"https:\/\/skyline-gs.com\/de\/wp-json\/wp\/v2\/product_brand?post=65413"},{"taxonomy":"product_cat","embeddable":true,"href":"https:\/\/skyline-gs.com\/de\/wp-json\/wp\/v2\/product_cat?post=65413"},{"taxonomy":"product_tag","embeddable":true,"href":"https:\/\/skyline-gs.com\/de\/wp-json\/wp\/v2\/product_tag?post=65413"}],"curies":[{"name":"wp","href":"https:\/\/api.w.org\/{rel}","templated":true}]}}