{"id":65386,"date":"2025-08-25T04:40:17","date_gmt":"2025-08-25T02:40:17","guid":{"rendered":"http:\/\/skyline-gs.com\/?post_type=product&#038;p=65386"},"modified":"2025-09-07T18:46:50","modified_gmt":"2025-09-07T16:46:50","slug":"privat-uluvatu-bali","status":"publish","type":"product","link":"https:\/\/skyline-gs.com\/de\/product\/privat-uluvatu-bali\/","title":{"rendered":"Personalisierte Tour: Uluwatu und Balis s\u00fcdliche Str\u00e4nde"},"content":{"rendered":"<p data-start=\"286\" data-end=\"549\">S\u00fcdbali ist eine Kombination aus den besten Str\u00e4nden der Insel und dem heiligen Tempel von Uluwatu am Rande einer Meeresklippe. Hier k\u00f6nnen Sie in den klarsten Gew\u00e4ssern schwimmen, Outdoor-Aktivit\u00e4ten unternehmen und den Tag mit einem Sonnenuntergang und einem Abendessen am Meer ausklingen lassen.<\/p>\n<p><strong>8:00 - Abfahrt von Ihrer Hotellobby.<\/strong><\/p>\n<ul>\n<li data-start=\"497\" data-end=\"748\"><strong data-start=\"497\" data-end=\"514\">Nusa Dua Strand. <\/strong>Ein beliebter Urlaubsort mit wei\u00dfem Sand und ruhigem Meer. Hier k\u00f6nnen Sie Meeresaktivit\u00e4ten ausprobieren und auch das Schildkr\u00f6tenschutzzentrum besuchen.<\/li>\n<li data-start=\"497\" data-end=\"748\"><strong data-start=\"752\" data-end=\"769\">Pandawa Strand. <\/strong>Ein malerischer Strand, versteckt zwischen den Klippen. Er bietet eine ruhige Atmosph\u00e4re, azurblaues Wasser und eine herrliche Aussicht, ideal zum Schwimmen und Entspannen.<\/li>\n<li data-start=\"497\" data-end=\"748\"><strong data-start=\"914\" data-end=\"933\">Dreamland Beach. <\/strong>Ein wahres Paradies f\u00fcr Surfer und Liebhaber von Strandromantik. Der weiche wei\u00dfe Sand und die Wellen des Indischen Ozeans schaffen hier eine besondere Atmosph\u00e4re.<\/li>\n<li data-start=\"497\" data-end=\"748\"><strong data-start=\"1082\" data-end=\"1105\">Padang Padang Strand. <\/strong>Einer der ber\u00fchmtesten Str\u00e4nde Balis, an dem der Film gedreht wurde <em data-start=\"1166\" data-end=\"1183\">Eat, Pray, Love<\/em>. Atmosph\u00e4rischer Ort mit t\u00fcrkisfarbenem Wasser und gem\u00fctlicher Bucht.<\/li>\n<li data-start=\"497\" data-end=\"748\"><strong data-start=\"1243\" data-end=\"1263\">Water Blow Beach. <\/strong>Ein einzigartiges Naturph\u00e4nomen: M\u00e4chtige Meereswellen treffen auf die Felsen und explodieren in einer Font\u00e4ne nach oben - ein beeindruckender Anblick!<\/li>\n<li data-start=\"497\" data-end=\"748\"><strong data-start=\"1404\" data-end=\"1418\">Kuta Strand. <\/strong>Der ber\u00fchmteste Strand und das bekannteste Surferzentrum der Insel. Ein gro\u00dfartiger Ort f\u00fcr alle, die sich auf einem Brett versuchen oder einfach die Atmosph\u00e4re des Ortes genie\u00dfen m\u00f6chten.<\/li>\n<li data-start=\"497\" data-end=\"748\"><strong data-start=\"1579\" data-end=\"1597\">Jimbaran Beach. <\/strong>Ein langer Sandstrand, bekannt f\u00fcr seine Fischrestaurants.<\/li>\n<li data-start=\"497\" data-end=\"748\"><strong data-start=\"1775\" data-end=\"1791\">Uluwatu-Tempel. <\/strong>Der H\u00f6hepunkt der Reise! Der Tempel befindet sich auf einer 90 Meter hohen Klippe und bietet einen spektakul\u00e4ren Blick auf den Ozean. Uluwatu gilt als einer der wichtigsten heiligen Tempel auf Bali (<em data-start=\"1964\" data-end=\"1978\">Kakyangan-Garten<\/em>). Hier leben lustige balinesische Makaken, und die Energie des Ortes l\u00e4sst niemanden gleichg\u00fcltig.<\/li>\n<\/ul>\n<p><strong>16:00 - R\u00fcckkehr zum Hotel.<\/strong><\/p>\n<p><strong>Inbegriffen:<\/strong><\/p>\n<ul>\n<li>Transfer vom Hotel und zur\u00fcck<\/li>\n<li>Transfers mit klimatisiertem Auto<\/li>\n<li>Russischsprachiger Fahrer-Guide<\/li>\n<\/ul>\n<p><strong>Nicht enthalten:<\/strong><\/p>\n<ul>\n<li>Eintrittskarten<\/li>\n<li>Abendessen<\/li>\n<\/ul>\n<p><strong>Nimm mit:<\/strong><\/p>\n<ul>\n<li data-start=\"2462\" data-end=\"2473\">Badeanzug<\/li>\n<li data-start=\"2462\" data-end=\"2473\">Handtuch<\/li>\n<li data-start=\"2462\" data-end=\"2473\">Kopfbedeckung<\/li>\n<li data-start=\"2462\" data-end=\"2473\">Geld f\u00fcr pers\u00f6nliche Ausgaben<\/li>\n<\/ul>","protected":false},"excerpt":{"rendered":"<p><strong>Tourzeit:<\/strong> 8:00 &#8212; 16:00<\/p>\n<p><strong>Veranstaltungstage:<\/strong> T\u00e4glich<\/p>","protected":false},"featured_media":65387,"template":"","meta":{"_kad_post_transparent":"default","_kad_post_title":"","_kad_post_layout":"default","_kad_post_sidebar_id":"","_kad_post_content_style":"default","_kad_post_vertical_padding":"default","_kad_post_feature":"","_kad_post_feature_position":"","_kad_post_header":false,"_kad_post_footer":false,"_kad_post_classname":"","_glsr_average":0,"_glsr_ranking":0,"_glsr_reviews":0},"product_brand":[],"product_cat":[503],"product_tag":[],"class_list":{"0":"post-65386","1":"product","2":"type-product","3":"status-publish","4":"has-post-thumbnail","6":"product_cat-privat_bali","7":"tm-has-options","9":"first","10":"instock","11":"sold-individually","12":"taxable","13":"shipping-taxable","14":"purchasable","15":"product-type-simple","16":"entry","17":"content-bg","18":"loop-entry"},"yoast_head":"<!-- This site is optimized with the Yoast SEO plugin v27.3 - https:\/\/yoast.com\/product\/yoast-seo-wordpress\/ -->\n<title>\u0418\u043d\u0434\u0438\u0432\u0438\u0434\u0443\u0430\u043b\u044c\u043d\u044b\u0439 \u0442\u0443\u0440: \u0423\u043b\u0443\u0432\u0430\u0442\u0443 \u0438 \u044e\u0436\u043d\u044b\u0435 \u043f\u043b\u044f\u0436\u0438 \u0411\u0430\u043b\u0438 &#8226; \u042d\u043a\u0441\u043a\u0443\u0440\u0441\u0438\u0438 Skyline<\/title>\n<meta name=\"robots\" content=\"index, follow, max-snippet:-1, max-image-preview:large, max-video-preview:-1\" \/>\n<link rel=\"canonical\" href=\"https:\/\/skyline-gs.com\/de\/produkt\/privat-uluvatu-bali\/\" \/>\n<meta property=\"og:locale\" content=\"de_DE\" \/>\n<meta property=\"og:type\" content=\"article\" \/>\n<meta property=\"og:title\" content=\"\u0418\u043d\u0434\u0438\u0432\u0438\u0434\u0443\u0430\u043b\u044c\u043d\u044b\u0439 \u0442\u0443\u0440: \u0423\u043b\u0443\u0432\u0430\u0442\u0443 \u0438 \u044e\u0436\u043d\u044b\u0435 \u043f\u043b\u044f\u0436\u0438 \u0411\u0430\u043b\u0438 &#8226; \u042d\u043a\u0441\u043a\u0443\u0440\u0441\u0438\u0438 Skyline\" \/>\n<meta property=\"og:description\" content=\"\u0412\u0440\u0435\u043c\u044f \u0442\u0443\u0440\u0430: 8:00 - 16:00  \u0414\u043d\u0438 \u043f\u0440\u043e\u0432\u0435\u0434\u0435\u043d\u0438\u044f: \u041a\u0430\u0436\u0434\u044b\u0439 \u0434\u0435\u043d\u044c\" \/>\n<meta property=\"og:url\" content=\"https:\/\/skyline-gs.com\/de\/produkt\/privat-uluvatu-bali\/\" \/>\n<meta property=\"og:site_name\" content=\"\u042d\u043a\u0441\u043a\u0443\u0440\u0441\u0438\u0438 Skyline\" \/>\n<meta property=\"article:modified_time\" content=\"2025-09-07T16:46:50+00:00\" \/>\n<meta property=\"og:image\" content=\"https:\/\/skyline-gs.com\/wp-content\/uploads\/2025\/08\/39.jpg\" \/>\n\t<meta property=\"og:image:width\" content=\"669\" \/>\n\t<meta property=\"og:image:height\" content=\"446\" \/>\n\t<meta property=\"og:image:type\" content=\"image\/jpeg\" \/>\n<meta name=\"twitter:card\" content=\"summary_large_image\" \/>\n<meta name=\"twitter:label1\" content=\"Gesch\u00e4tzte Lesezeit\" \/>\n\t<meta name=\"twitter:data1\" content=\"2\u00a0Minuten\" \/>\n<script type=\"application\/ld+json\" class=\"yoast-schema-graph\">{\"@context\":\"https:\\\/\\\/schema.org\",\"@graph\":[{\"@type\":\"WebPage\",\"@id\":\"https:\\\/\\\/skyline-gs.com\\\/en\\\/product-2\\\/privat-uluvatu-bali\\\/\",\"url\":\"https:\\\/\\\/skyline-gs.com\\\/en\\\/product-2\\\/privat-uluvatu-bali\\\/\",\"name\":\"\u0418\u043d\u0434\u0438\u0432\u0438\u0434\u0443\u0430\u043b\u044c\u043d\u044b\u0439 \u0442\u0443\u0440: \u0423\u043b\u0443\u0432\u0430\u0442\u0443 \u0438 \u044e\u0436\u043d\u044b\u0435 \u043f\u043b\u044f\u0436\u0438 \u0411\u0430\u043b\u0438 &#8226; \u042d\u043a\u0441\u043a\u0443\u0440\u0441\u0438\u0438 Skyline\",\"isPartOf\":{\"@id\":\"https:\\\/\\\/skyline-gs.com\\\/it\\\/#website\"},\"primaryImageOfPage\":{\"@id\":\"https:\\\/\\\/skyline-gs.com\\\/en\\\/product-2\\\/privat-uluvatu-bali\\\/#primaryimage\"},\"image\":{\"@id\":\"https:\\\/\\\/skyline-gs.com\\\/en\\\/product-2\\\/privat-uluvatu-bali\\\/#primaryimage\"},\"thumbnailUrl\":\"https:\\\/\\\/skyline-gs.com\\\/wp-content\\\/uploads\\\/2025\\\/08\\\/39.jpg\",\"datePublished\":\"2025-08-25T02:40:17+00:00\",\"dateModified\":\"2025-09-07T16:46:50+00:00\",\"breadcrumb\":{\"@id\":\"https:\\\/\\\/skyline-gs.com\\\/en\\\/product-2\\\/privat-uluvatu-bali\\\/#breadcrumb\"},\"inLanguage\":\"de\",\"potentialAction\":[{\"@type\":\"ReadAction\",\"target\":[\"https:\\\/\\\/skyline-gs.com\\\/en\\\/product-2\\\/privat-uluvatu-bali\\\/\"]}]},{\"@type\":\"ImageObject\",\"inLanguage\":\"de\",\"@id\":\"https:\\\/\\\/skyline-gs.com\\\/en\\\/product-2\\\/privat-uluvatu-bali\\\/#primaryimage\",\"url\":\"https:\\\/\\\/skyline-gs.com\\\/wp-content\\\/uploads\\\/2025\\\/08\\\/39.jpg\",\"contentUrl\":\"https:\\\/\\\/skyline-gs.com\\\/wp-content\\\/uploads\\\/2025\\\/08\\\/39.jpg\",\"width\":669,\"height\":446},{\"@type\":\"BreadcrumbList\",\"@id\":\"https:\\\/\\\/skyline-gs.com\\\/en\\\/product-2\\\/privat-uluvatu-bali\\\/#breadcrumb\",\"itemListElement\":[{\"@type\":\"ListItem\",\"position\":1,\"name\":\"\u0413\u043b\u0430\u0432\u043d\u0430\u044f \u0441\u0442\u0440\u0430\u043d\u0438\u0446\u0430\",\"item\":\"https:\\\/\\\/skyline-gs.com\\\/hu\\\/\"},{\"@type\":\"ListItem\",\"position\":2,\"name\":\"\u041c\u0430\u0433\u0430\u0437\u0438\u043d\",\"item\":\"https:\\\/\\\/skyline-gs.com\\\/cs\\\/shop\\\/\"},{\"@type\":\"ListItem\",\"position\":3,\"name\":\"\u0418\u043d\u0434\u0438\u0432\u0438\u0434\u0443\u0430\u043b\u044c\u043d\u044b\u0439 \u0442\u0443\u0440: \u0423\u043b\u0443\u0432\u0430\u0442\u0443 \u0438 \u044e\u0436\u043d\u044b\u0435 \u043f\u043b\u044f\u0436\u0438 \u0411\u0430\u043b\u0438\"}]},{\"@type\":\"WebSite\",\"@id\":\"https:\\\/\\\/skyline-gs.com\\\/it\\\/#website\",\"url\":\"https:\\\/\\\/skyline-gs.com\\\/it\\\/\",\"name\":\"\u042d\u043a\u0441\u043a\u0443\u0440\u0441\u0438\u0438 Skyline\",\"description\":\"\u042d\u043a\u0441\u043a\u043b\u044e\u0437\u0438\u0432\u043d\u044b\u0435 \u044d\u043a\u0441\u043a\u0443\u0440\u0441\u0438\u0438 \u043d\u0430 \u043b\u0443\u0447\u0448\u0438\u0445 \u043a\u0443\u0440\u043e\u0440\u0442\u0430\u0445 \u043c\u0438\u0440\u0430\",\"publisher\":{\"@id\":\"https:\\\/\\\/skyline-gs.com\\\/it\\\/#organization\"},\"alternateName\":\"Skyline\",\"potentialAction\":[{\"@type\":\"SearchAction\",\"target\":{\"@type\":\"EntryPoint\",\"urlTemplate\":\"https:\\\/\\\/skyline-gs.com\\\/it\\\/?s={search_term_string}\"},\"query-input\":{\"@type\":\"PropertyValueSpecification\",\"valueRequired\":true,\"valueName\":\"search_term_string\"}}],\"inLanguage\":\"de\"},{\"@type\":\"Organization\",\"@id\":\"https:\\\/\\\/skyline-gs.com\\\/it\\\/#organization\",\"name\":\"\u042d\u043a\u0441\u043a\u0443\u0440\u0441\u0438\u0438 Skyline\",\"alternateName\":\"\u042d\u043a\u0441\u043a\u0443\u0440\u0441\u0438\u0438 Skyline\",\"url\":\"https:\\\/\\\/skyline-gs.com\\\/it\\\/\",\"logo\":{\"@type\":\"ImageObject\",\"inLanguage\":\"de\",\"@id\":\"https:\\\/\\\/skyline-gs.com\\\/it\\\/#\\\/schema\\\/logo\\\/image\\\/\",\"url\":\"https:\\\/\\\/skyline-gs.com\\\/wp-content\\\/uploads\\\/2020\\\/12\\\/cropped-logo-2.png\",\"contentUrl\":\"https:\\\/\\\/skyline-gs.com\\\/wp-content\\\/uploads\\\/2020\\\/12\\\/cropped-logo-2.png\",\"width\":512,\"height\":512,\"caption\":\"\u042d\u043a\u0441\u043a\u0443\u0440\u0441\u0438\u0438 Skyline\"},\"image\":{\"@id\":\"https:\\\/\\\/skyline-gs.com\\\/it\\\/#\\\/schema\\\/logo\\\/image\\\/\"},\"sameAs\":[\"https:\\\/\\\/www.instagram.com\\\/skylineglobalservice\\\/\"]}]}<\/script>\n<!-- \/ Yoast SEO plugin. -->","yoast_head_json":{"title":"Pers\u00f6nliche Tour: Uluwatu und Balis s\u00fcdliche Str\u00e4nde - Skyline Excursions","robots":{"index":"index","follow":"follow","max-snippet":"max-snippet:-1","max-image-preview":"max-image-preview:large","max-video-preview":"max-video-preview:-1"},"canonical":"https:\/\/skyline-gs.com\/de\/produkt\/privat-uluvatu-bali\/","og_locale":"de_DE","og_type":"article","og_title":"\u0418\u043d\u0434\u0438\u0432\u0438\u0434\u0443\u0430\u043b\u044c\u043d\u044b\u0439 \u0442\u0443\u0440: \u0423\u043b\u0443\u0432\u0430\u0442\u0443 \u0438 \u044e\u0436\u043d\u044b\u0435 \u043f\u043b\u044f\u0436\u0438 \u0411\u0430\u043b\u0438 &#8226; \u042d\u043a\u0441\u043a\u0443\u0440\u0441\u0438\u0438 Skyline","og_description":"\u0412\u0440\u0435\u043c\u044f \u0442\u0443\u0440\u0430: 8:00 - 16:00  \u0414\u043d\u0438 \u043f\u0440\u043e\u0432\u0435\u0434\u0435\u043d\u0438\u044f: \u041a\u0430\u0436\u0434\u044b\u0439 \u0434\u0435\u043d\u044c","og_url":"https:\/\/skyline-gs.com\/de\/produkt\/privat-uluvatu-bali\/","og_site_name":"\u042d\u043a\u0441\u043a\u0443\u0440\u0441\u0438\u0438 Skyline","article_modified_time":"2025-09-07T16:46:50+00:00","og_image":[{"width":669,"height":446,"url":"https:\/\/skyline-gs.com\/wp-content\/uploads\/2025\/08\/39.jpg","type":"image\/jpeg"}],"twitter_card":"summary_large_image","twitter_misc":{"Gesch\u00e4tzte Lesezeit":"2\u00a0Minuten"},"schema":{"@context":"https:\/\/schema.org","@graph":[{"@type":"WebPage","@id":"https:\/\/skyline-gs.com\/en\/product-2\/privat-uluvatu-bali\/","url":"https:\/\/skyline-gs.com\/en\/product-2\/privat-uluvatu-bali\/","name":"Pers\u00f6nliche Tour: Uluwatu und Balis s\u00fcdliche Str\u00e4nde - Skyline Excursions","isPartOf":{"@id":"https:\/\/skyline-gs.com\/it\/#website"},"primaryImageOfPage":{"@id":"https:\/\/skyline-gs.com\/en\/product-2\/privat-uluvatu-bali\/#primaryimage"},"image":{"@id":"https:\/\/skyline-gs.com\/en\/product-2\/privat-uluvatu-bali\/#primaryimage"},"thumbnailUrl":"https:\/\/skyline-gs.com\/wp-content\/uploads\/2025\/08\/39.jpg","datePublished":"2025-08-25T02:40:17+00:00","dateModified":"2025-09-07T16:46:50+00:00","breadcrumb":{"@id":"https:\/\/skyline-gs.com\/en\/product-2\/privat-uluvatu-bali\/#breadcrumb"},"inLanguage":"de","potentialAction":[{"@type":"ReadAction","target":["https:\/\/skyline-gs.com\/en\/product-2\/privat-uluvatu-bali\/"]}]},{"@type":"ImageObject","inLanguage":"de","@id":"https:\/\/skyline-gs.com\/en\/product-2\/privat-uluvatu-bali\/#primaryimage","url":"https:\/\/skyline-gs.com\/wp-content\/uploads\/2025\/08\/39.jpg","contentUrl":"https:\/\/skyline-gs.com\/wp-content\/uploads\/2025\/08\/39.jpg","width":669,"height":446},{"@type":"BreadcrumbList","@id":"https:\/\/skyline-gs.com\/en\/product-2\/privat-uluvatu-bali\/#breadcrumb","itemListElement":[{"@type":"ListItem","position":1,"name":"\u0413\u043b\u0430\u0432\u043d\u0430\u044f \u0441\u0442\u0440\u0430\u043d\u0438\u0446\u0430","item":"https:\/\/skyline-gs.com\/hu\/"},{"@type":"ListItem","position":2,"name":"\u041c\u0430\u0433\u0430\u0437\u0438\u043d","item":"https:\/\/skyline-gs.com\/cs\/shop\/"},{"@type":"ListItem","position":3,"name":"\u0418\u043d\u0434\u0438\u0432\u0438\u0434\u0443\u0430\u043b\u044c\u043d\u044b\u0439 \u0442\u0443\u0440: \u0423\u043b\u0443\u0432\u0430\u0442\u0443 \u0438 \u044e\u0436\u043d\u044b\u0435 \u043f\u043b\u044f\u0436\u0438 \u0411\u0430\u043b\u0438"}]},{"@type":"WebSite","@id":"https:\/\/skyline-gs.com\/it\/#website","url":"https:\/\/skyline-gs.com\/it\/","name":"Skyline Ausfl\u00fcge","description":"Exklusive Ausfl\u00fcge in den besten Resorts der Welt","publisher":{"@id":"https:\/\/skyline-gs.com\/it\/#organization"},"alternateName":"Skyline","potentialAction":[{"@type":"SearchAction","target":{"@type":"EntryPoint","urlTemplate":"https:\/\/skyline-gs.com\/it\/?s={search_term_string}"},"query-input":{"@type":"PropertyValueSpecification","valueRequired":true,"valueName":"search_term_string"}}],"inLanguage":"de"},{"@type":"Organization","@id":"https:\/\/skyline-gs.com\/it\/#organization","name":"Skyline Ausfl\u00fcge","alternateName":"\u042d\u043a\u0441\u043a\u0443\u0440\u0441\u0438\u0438 Skyline","url":"https:\/\/skyline-gs.com\/it\/","logo":{"@type":"ImageObject","inLanguage":"de","@id":"https:\/\/skyline-gs.com\/it\/#\/schema\/logo\/image\/","url":"https:\/\/skyline-gs.com\/wp-content\/uploads\/2020\/12\/cropped-logo-2.png","contentUrl":"https:\/\/skyline-gs.com\/wp-content\/uploads\/2020\/12\/cropped-logo-2.png","width":512,"height":512,"caption":"\u042d\u043a\u0441\u043a\u0443\u0440\u0441\u0438\u0438 Skyline"},"image":{"@id":"https:\/\/skyline-gs.com\/it\/#\/schema\/logo\/image\/"},"sameAs":["https:\/\/www.instagram.com\/skylineglobalservice\/"]}]}},"_links":{"self":[{"href":"https:\/\/skyline-gs.com\/de\/wp-json\/wp\/v2\/product\/65386","targetHints":{"allow":["GET"]}}],"collection":[{"href":"https:\/\/skyline-gs.com\/de\/wp-json\/wp\/v2\/product"}],"about":[{"href":"https:\/\/skyline-gs.com\/de\/wp-json\/wp\/v2\/types\/product"}],"version-history":[{"count":0,"href":"https:\/\/skyline-gs.com\/de\/wp-json\/wp\/v2\/product\/65386\/revisions"}],"wp:featuredmedia":[{"embeddable":true,"href":"https:\/\/skyline-gs.com\/de\/wp-json\/wp\/v2\/media\/65387"}],"wp:attachment":[{"href":"https:\/\/skyline-gs.com\/de\/wp-json\/wp\/v2\/media?parent=65386"}],"wp:term":[{"taxonomy":"product_brand","embeddable":true,"href":"https:\/\/skyline-gs.com\/de\/wp-json\/wp\/v2\/product_brand?post=65386"},{"taxonomy":"product_cat","embeddable":true,"href":"https:\/\/skyline-gs.com\/de\/wp-json\/wp\/v2\/product_cat?post=65386"},{"taxonomy":"product_tag","embeddable":true,"href":"https:\/\/skyline-gs.com\/de\/wp-json\/wp\/v2\/product_tag?post=65386"}],"curies":[{"name":"wp","href":"https:\/\/api.w.org\/{rel}","templated":true}]}}