{"id":64726,"date":"2025-07-11T00:03:30","date_gmt":"2025-07-10T22:03:30","guid":{"rendered":"http:\/\/skyline-gs.com\/?post_type=product&#038;p=64726"},"modified":"2025-07-11T00:07:53","modified_gmt":"2025-07-10T22:07:53","slug":"green-canyon-antalya","status":"publish","type":"product","link":"https:\/\/skyline-gs.com\/de\/product\/green-canyon-antalya\/","title":{"rendered":"Gr\u00fcner Canyon"},"content":{"rendered":"<p data-start=\"525\" data-end=\"664\">Tauchen Sie ein in ein M\u00e4rchen, in dem sich t\u00fcrkisfarbenes Wasser mit steilen Klippen verbindet und die Seele mit Frieden erf\u00fcllt ist. Green Canyon ist nicht nur ein Ausflug, es ist ein Schluck reinste Natur und ein entspannender Tag auf einer Yacht im Herzen des Nationalparks!<\/p>\n<p data-start=\"734\" data-end=\"872\"><strong data-start=\"734\" data-end=\"766\">7:00 - Abreise vom Hotel in Antalya.\u00a0<\/strong><\/p>\n<ul>\n<li><strong>Halt auf der Aussichtsplattform<\/strong> mit atemberaubendem Blick auf den Canyon<\/li>\n<li>Ankunft am Canyon-Kai<\/li>\n<li><strong data-start=\"898\" data-end=\"949\">Bootsfahrt durch den Little und Big Canyon<\/strong><\/li>\n<li><strong>Urlaub auf einem schwimmenden Plateau in der Mitte des Sees<\/strong> - optionales Baden<\/li>\n<li><strong>Abendessen<\/strong> am Wasser<\/li>\n<li><strong>Wanderung durch den Grand Canyon<\/strong> mit Badestopp<\/li>\n<li>R\u00fcckkehr in den Hafen<\/li>\n<\/ul>\n<p data-start=\"1585\" data-end=\"1679\"><strong>18:00 - R\u00fcckkehr zum Hotel.<\/strong><\/p>\n<p><strong>Inbegriffen:<\/strong><\/p>\n<ul>\n<li>Transfer vom Hotel und zur\u00fcck<\/li>\n<li>Bewegt sich entlang der Route<\/li>\n<li>Bootsfahrt durch den Canyon<\/li>\n<li>Eingang zum Green Canyon National Park<\/li>\n<li>Englischsprachiger Reiseleiter<\/li>\n<li>Mittagessen und alkoholfreie Getr\u00e4nke auf dem Schiff<\/li>\n<li>Versicherung<\/li>\n<\/ul>\n<p><strong>Nicht enthalten:<\/strong><\/p>\n<ul>\n<li>Getr\u00e4nke im restaurant<\/li>\n<\/ul>\n<p><strong>Nimm mit:<\/strong><\/p>\n<ul>\n<li data-start=\"2193\" data-end=\"2215\">Badeanzug oder Badehose<\/li>\n<li data-start=\"2218\" data-end=\"2229\">Handtuch<\/li>\n<li data-start=\"2273\" data-end=\"2294\">Sonnencreme<\/li>\n<li data-start=\"2297\" data-end=\"2323\">Bargeld f\u00fcr pers\u00f6nliche Ausgaben<\/li>\n<\/ul>","protected":false},"excerpt":{"rendered":"<p><strong>Tourzeit:<\/strong> 7:00 &#8212; 18:00<\/p>\n<p><strong>Veranstaltungstage:<\/strong> T\u00e4glich<\/p>","protected":false},"featured_media":64310,"template":"","meta":{"_kad_post_transparent":"default","_kad_post_title":"","_kad_post_layout":"default","_kad_post_sidebar_id":"","_kad_post_content_style":"default","_kad_post_vertical_padding":"default","_kad_post_feature":"","_kad_post_feature_position":"","_kad_post_header":false,"_kad_post_footer":false,"_kad_post_classname":"","_glsr_average":0,"_glsr_ranking":0,"_glsr_reviews":0},"product_brand":[],"product_cat":[450],"product_tag":[],"class_list":{"0":"post-64726","1":"product","2":"type-product","3":"status-publish","4":"has-post-thumbnail","6":"product_cat-antalya","7":"tm-has-options","9":"first","10":"instock","11":"sold-individually","12":"taxable","13":"shipping-taxable","14":"purchasable","15":"product-type-simple","16":"entry","17":"content-bg","18":"loop-entry"},"yoast_head":"<!-- This site is optimized with the Yoast SEO plugin v27.3 - https:\/\/yoast.com\/product\/yoast-seo-wordpress\/ -->\n<title>\u0417\u0435\u043b\u0451\u043d\u044b\u0439 \u043a\u0430\u043d\u044c\u043e\u043d \u0438\u0437 \u0410\u043d\u0442\u0430\u043b\u0438\u0438 &#8226; \u042d\u043a\u0441\u043a\u0443\u0440\u0441\u0438\u0438 Skyline<\/title>\n<meta name=\"description\" content=\"\u0417\u0435\u043b\u0451\u043d\u044b\u0439 \u043a\u0430\u043d\u044c\u043e\u043d \u2014 \u044d\u0442\u043e \u043d\u0435 \u043f\u0440\u043e\u0441\u0442\u043e \u044d\u043a\u0441\u043a\u0443\u0440\u0441\u0438\u044f, \u044d\u0442\u043e \u0433\u043b\u043e\u0442\u043e\u043a \u0447\u0438\u0441\u0442\u0435\u0439\u0448\u0435\u0439 \u043f\u0440\u0438\u0440\u043e\u0434\u044b \u0438 \u0440\u0430\u0441\u0441\u043b\u0430\u0431\u043b\u044f\u044e\u0449\u0438\u0439 \u0434\u0435\u043d\u044c \u043d\u0430 \u044f\u0445\u0442\u0435 \u0432 \u0441\u0430\u043c\u043e\u043c \u0441\u0435\u0440\u0434\u0446\u0435 \u043d\u0430\u0446\u0438\u043e\u043d\u0430\u043b\u044c\u043d\u043e\u0433\u043e \u043f\u0430\u0440\u043a\u0430!\" \/>\n<meta name=\"robots\" content=\"index, follow, max-snippet:-1, max-image-preview:large, max-video-preview:-1\" \/>\n<link rel=\"canonical\" href=\"http:\/\/skyline-gs.com\/de\/produkt\/green-canyon-antalya\/\" \/>\n<meta property=\"og:locale\" content=\"de_DE\" \/>\n<meta property=\"og:type\" content=\"article\" \/>\n<meta property=\"og:title\" content=\"\u0417\u0435\u043b\u0451\u043d\u044b\u0439 \u043a\u0430\u043d\u044c\u043e\u043d \u0438\u0437 \u0410\u043d\u0442\u0430\u043b\u0438\u0438 &#8226; \u042d\u043a\u0441\u043a\u0443\u0440\u0441\u0438\u0438 Skyline\" \/>\n<meta property=\"og:description\" content=\"\u0417\u0435\u043b\u0451\u043d\u044b\u0439 \u043a\u0430\u043d\u044c\u043e\u043d \u2014 \u044d\u0442\u043e \u043d\u0435 \u043f\u0440\u043e\u0441\u0442\u043e \u044d\u043a\u0441\u043a\u0443\u0440\u0441\u0438\u044f, \u044d\u0442\u043e \u0433\u043b\u043e\u0442\u043e\u043a \u0447\u0438\u0441\u0442\u0435\u0439\u0448\u0435\u0439 \u043f\u0440\u0438\u0440\u043e\u0434\u044b \u0438 \u0440\u0430\u0441\u0441\u043b\u0430\u0431\u043b\u044f\u044e\u0449\u0438\u0439 \u0434\u0435\u043d\u044c \u043d\u0430 \u044f\u0445\u0442\u0435 \u0432 \u0441\u0430\u043c\u043e\u043c \u0441\u0435\u0440\u0434\u0446\u0435 \u043d\u0430\u0446\u0438\u043e\u043d\u0430\u043b\u044c\u043d\u043e\u0433\u043e \u043f\u0430\u0440\u043a\u0430!\" \/>\n<meta property=\"og:url\" content=\"http:\/\/skyline-gs.com\/de\/produkt\/green-canyon-antalya\/\" \/>\n<meta property=\"og:site_name\" content=\"\u042d\u043a\u0441\u043a\u0443\u0440\u0441\u0438\u0438 Skyline\" \/>\n<meta property=\"article:modified_time\" content=\"2025-07-10T22:07:53+00:00\" \/>\n<meta property=\"og:image\" content=\"https:\/\/skyline-gs.com\/wp-content\/uploads\/2025\/06\/\u0417\u0435\u043b\u0451\u043d\u044b\u0439-\u043a\u0430\u043d\u044c\u043e\u043d-16.jpg\" \/>\n\t<meta property=\"og:image:width\" content=\"669\" \/>\n\t<meta property=\"og:image:height\" content=\"446\" \/>\n\t<meta property=\"og:image:type\" content=\"image\/jpeg\" \/>\n<meta name=\"twitter:card\" content=\"summary_large_image\" \/>\n<meta name=\"twitter:label1\" content=\"Gesch\u00e4tzte Lesezeit\" \/>\n\t<meta name=\"twitter:data1\" content=\"1\u00a0Minute\" \/>\n<script type=\"application\/ld+json\" class=\"yoast-schema-graph\">{\"@context\":\"https:\\\/\\\/schema.org\",\"@graph\":[{\"@type\":\"WebPage\",\"@id\":\"http:\\\/\\\/skyline-gs.com\\\/hu\\\/termek\\\/green-canyon-antalya\\\/\",\"url\":\"http:\\\/\\\/skyline-gs.com\\\/hu\\\/termek\\\/green-canyon-antalya\\\/\",\"name\":\"\u0417\u0435\u043b\u0451\u043d\u044b\u0439 \u043a\u0430\u043d\u044c\u043e\u043d \u0438\u0437 \u0410\u043d\u0442\u0430\u043b\u0438\u0438 &#8226; \u042d\u043a\u0441\u043a\u0443\u0440\u0441\u0438\u0438 Skyline\",\"isPartOf\":{\"@id\":\"https:\\\/\\\/skyline-gs.com\\\/it\\\/#website\"},\"primaryImageOfPage\":{\"@id\":\"http:\\\/\\\/skyline-gs.com\\\/hu\\\/termek\\\/green-canyon-antalya\\\/#primaryimage\"},\"image\":{\"@id\":\"http:\\\/\\\/skyline-gs.com\\\/hu\\\/termek\\\/green-canyon-antalya\\\/#primaryimage\"},\"thumbnailUrl\":\"https:\\\/\\\/skyline-gs.com\\\/wp-content\\\/uploads\\\/2025\\\/06\\\/\u0417\u0435\u043b\u0451\u043d\u044b\u0439-\u043a\u0430\u043d\u044c\u043e\u043d-16.jpg\",\"datePublished\":\"2025-07-10T22:03:30+00:00\",\"dateModified\":\"2025-07-10T22:07:53+00:00\",\"description\":\"\u0417\u0435\u043b\u0451\u043d\u044b\u0439 \u043a\u0430\u043d\u044c\u043e\u043d \u2014 \u044d\u0442\u043e \u043d\u0435 \u043f\u0440\u043e\u0441\u0442\u043e \u044d\u043a\u0441\u043a\u0443\u0440\u0441\u0438\u044f, \u044d\u0442\u043e \u0433\u043b\u043e\u0442\u043e\u043a \u0447\u0438\u0441\u0442\u0435\u0439\u0448\u0435\u0439 \u043f\u0440\u0438\u0440\u043e\u0434\u044b \u0438 \u0440\u0430\u0441\u0441\u043b\u0430\u0431\u043b\u044f\u044e\u0449\u0438\u0439 \u0434\u0435\u043d\u044c \u043d\u0430 \u044f\u0445\u0442\u0435 \u0432 \u0441\u0430\u043c\u043e\u043c \u0441\u0435\u0440\u0434\u0446\u0435 \u043d\u0430\u0446\u0438\u043e\u043d\u0430\u043b\u044c\u043d\u043e\u0433\u043e \u043f\u0430\u0440\u043a\u0430!\",\"breadcrumb\":{\"@id\":\"http:\\\/\\\/skyline-gs.com\\\/hu\\\/termek\\\/green-canyon-antalya\\\/#breadcrumb\"},\"inLanguage\":\"de\",\"potentialAction\":[{\"@type\":\"ReadAction\",\"target\":[\"http:\\\/\\\/skyline-gs.com\\\/hu\\\/termek\\\/green-canyon-antalya\\\/\"]}]},{\"@type\":\"ImageObject\",\"inLanguage\":\"de\",\"@id\":\"http:\\\/\\\/skyline-gs.com\\\/hu\\\/termek\\\/green-canyon-antalya\\\/#primaryimage\",\"url\":\"https:\\\/\\\/skyline-gs.com\\\/wp-content\\\/uploads\\\/2025\\\/06\\\/\u0417\u0435\u043b\u0451\u043d\u044b\u0439-\u043a\u0430\u043d\u044c\u043e\u043d-16.jpg\",\"contentUrl\":\"https:\\\/\\\/skyline-gs.com\\\/wp-content\\\/uploads\\\/2025\\\/06\\\/\u0417\u0435\u043b\u0451\u043d\u044b\u0439-\u043a\u0430\u043d\u044c\u043e\u043d-16.jpg\",\"width\":669,\"height\":446},{\"@type\":\"BreadcrumbList\",\"@id\":\"http:\\\/\\\/skyline-gs.com\\\/hu\\\/termek\\\/green-canyon-antalya\\\/#breadcrumb\",\"itemListElement\":[{\"@type\":\"ListItem\",\"position\":1,\"name\":\"\u0413\u043b\u0430\u0432\u043d\u0430\u044f \u0441\u0442\u0440\u0430\u043d\u0438\u0446\u0430\",\"item\":\"https:\\\/\\\/skyline-gs.com\\\/hu\\\/\"},{\"@type\":\"ListItem\",\"position\":2,\"name\":\"\u041c\u0430\u0433\u0430\u0437\u0438\u043d\",\"item\":\"https:\\\/\\\/skyline-gs.com\\\/cs\\\/shop\\\/\"},{\"@type\":\"ListItem\",\"position\":3,\"name\":\"\u0417\u0435\u043b\u0451\u043d\u044b\u0439 \u043a\u0430\u043d\u044c\u043e\u043d\"}]},{\"@type\":\"WebSite\",\"@id\":\"https:\\\/\\\/skyline-gs.com\\\/it\\\/#website\",\"url\":\"https:\\\/\\\/skyline-gs.com\\\/it\\\/\",\"name\":\"\u042d\u043a\u0441\u043a\u0443\u0440\u0441\u0438\u0438 Skyline\",\"description\":\"\u042d\u043a\u0441\u043a\u043b\u044e\u0437\u0438\u0432\u043d\u044b\u0435 \u044d\u043a\u0441\u043a\u0443\u0440\u0441\u0438\u0438 \u043d\u0430 \u043b\u0443\u0447\u0448\u0438\u0445 \u043a\u0443\u0440\u043e\u0440\u0442\u0430\u0445 \u043c\u0438\u0440\u0430\",\"publisher\":{\"@id\":\"https:\\\/\\\/skyline-gs.com\\\/it\\\/#organization\"},\"alternateName\":\"Skyline\",\"potentialAction\":[{\"@type\":\"SearchAction\",\"target\":{\"@type\":\"EntryPoint\",\"urlTemplate\":\"https:\\\/\\\/skyline-gs.com\\\/it\\\/?s={search_term_string}\"},\"query-input\":{\"@type\":\"PropertyValueSpecification\",\"valueRequired\":true,\"valueName\":\"search_term_string\"}}],\"inLanguage\":\"de\"},{\"@type\":\"Organization\",\"@id\":\"https:\\\/\\\/skyline-gs.com\\\/it\\\/#organization\",\"name\":\"\u042d\u043a\u0441\u043a\u0443\u0440\u0441\u0438\u0438 Skyline\",\"alternateName\":\"\u042d\u043a\u0441\u043a\u0443\u0440\u0441\u0438\u0438 Skyline\",\"url\":\"https:\\\/\\\/skyline-gs.com\\\/it\\\/\",\"logo\":{\"@type\":\"ImageObject\",\"inLanguage\":\"de\",\"@id\":\"https:\\\/\\\/skyline-gs.com\\\/it\\\/#\\\/schema\\\/logo\\\/image\\\/\",\"url\":\"https:\\\/\\\/skyline-gs.com\\\/wp-content\\\/uploads\\\/2020\\\/12\\\/cropped-logo-2.png\",\"contentUrl\":\"https:\\\/\\\/skyline-gs.com\\\/wp-content\\\/uploads\\\/2020\\\/12\\\/cropped-logo-2.png\",\"width\":512,\"height\":512,\"caption\":\"\u042d\u043a\u0441\u043a\u0443\u0440\u0441\u0438\u0438 Skyline\"},\"image\":{\"@id\":\"https:\\\/\\\/skyline-gs.com\\\/it\\\/#\\\/schema\\\/logo\\\/image\\\/\"},\"sameAs\":[\"https:\\\/\\\/www.instagram.com\\\/skylineglobalservice\\\/\"]}]}<\/script>\n<!-- \/ Yoast SEO plugin. -->","yoast_head_json":{"title":"Gr\u00fcner Canyon von Antalya aus - Skyline Excursions","description":"Green Canyon ist nicht nur ein Ausflug, sondern ein Schluck Natur pur und ein entspannter Tag auf einem Boot im Herzen des Nationalparks!","robots":{"index":"index","follow":"follow","max-snippet":"max-snippet:-1","max-image-preview":"max-image-preview:large","max-video-preview":"max-video-preview:-1"},"canonical":"http:\/\/skyline-gs.com\/de\/produkt\/green-canyon-antalya\/","og_locale":"de_DE","og_type":"article","og_title":"\u0417\u0435\u043b\u0451\u043d\u044b\u0439 \u043a\u0430\u043d\u044c\u043e\u043d \u0438\u0437 \u0410\u043d\u0442\u0430\u043b\u0438\u0438 &#8226; \u042d\u043a\u0441\u043a\u0443\u0440\u0441\u0438\u0438 Skyline","og_description":"\u0417\u0435\u043b\u0451\u043d\u044b\u0439 \u043a\u0430\u043d\u044c\u043e\u043d \u2014 \u044d\u0442\u043e \u043d\u0435 \u043f\u0440\u043e\u0441\u0442\u043e \u044d\u043a\u0441\u043a\u0443\u0440\u0441\u0438\u044f, \u044d\u0442\u043e \u0433\u043b\u043e\u0442\u043e\u043a \u0447\u0438\u0441\u0442\u0435\u0439\u0448\u0435\u0439 \u043f\u0440\u0438\u0440\u043e\u0434\u044b \u0438 \u0440\u0430\u0441\u0441\u043b\u0430\u0431\u043b\u044f\u044e\u0449\u0438\u0439 \u0434\u0435\u043d\u044c \u043d\u0430 \u044f\u0445\u0442\u0435 \u0432 \u0441\u0430\u043c\u043e\u043c \u0441\u0435\u0440\u0434\u0446\u0435 \u043d\u0430\u0446\u0438\u043e\u043d\u0430\u043b\u044c\u043d\u043e\u0433\u043e \u043f\u0430\u0440\u043a\u0430!","og_url":"http:\/\/skyline-gs.com\/de\/produkt\/green-canyon-antalya\/","og_site_name":"\u042d\u043a\u0441\u043a\u0443\u0440\u0441\u0438\u0438 Skyline","article_modified_time":"2025-07-10T22:07:53+00:00","og_image":[{"width":669,"height":446,"url":"https:\/\/skyline-gs.com\/wp-content\/uploads\/2025\/06\/\u0417\u0435\u043b\u0451\u043d\u044b\u0439-\u043a\u0430\u043d\u044c\u043e\u043d-16.jpg","type":"image\/jpeg"}],"twitter_card":"summary_large_image","twitter_misc":{"Gesch\u00e4tzte Lesezeit":"1\u00a0Minute"},"schema":{"@context":"https:\/\/schema.org","@graph":[{"@type":"WebPage","@id":"http:\/\/skyline-gs.com\/hu\/termek\/green-canyon-antalya\/","url":"http:\/\/skyline-gs.com\/hu\/termek\/green-canyon-antalya\/","name":"Gr\u00fcner Canyon von Antalya aus - Skyline Excursions","isPartOf":{"@id":"https:\/\/skyline-gs.com\/it\/#website"},"primaryImageOfPage":{"@id":"http:\/\/skyline-gs.com\/hu\/termek\/green-canyon-antalya\/#primaryimage"},"image":{"@id":"http:\/\/skyline-gs.com\/hu\/termek\/green-canyon-antalya\/#primaryimage"},"thumbnailUrl":"https:\/\/skyline-gs.com\/wp-content\/uploads\/2025\/06\/\u0417\u0435\u043b\u0451\u043d\u044b\u0439-\u043a\u0430\u043d\u044c\u043e\u043d-16.jpg","datePublished":"2025-07-10T22:03:30+00:00","dateModified":"2025-07-10T22:07:53+00:00","description":"Green Canyon ist nicht nur ein Ausflug, sondern ein Schluck Natur pur und ein entspannter Tag auf einem Boot im Herzen des Nationalparks!","breadcrumb":{"@id":"http:\/\/skyline-gs.com\/hu\/termek\/green-canyon-antalya\/#breadcrumb"},"inLanguage":"de","potentialAction":[{"@type":"ReadAction","target":["http:\/\/skyline-gs.com\/hu\/termek\/green-canyon-antalya\/"]}]},{"@type":"ImageObject","inLanguage":"de","@id":"http:\/\/skyline-gs.com\/hu\/termek\/green-canyon-antalya\/#primaryimage","url":"https:\/\/skyline-gs.com\/wp-content\/uploads\/2025\/06\/\u0417\u0435\u043b\u0451\u043d\u044b\u0439-\u043a\u0430\u043d\u044c\u043e\u043d-16.jpg","contentUrl":"https:\/\/skyline-gs.com\/wp-content\/uploads\/2025\/06\/\u0417\u0435\u043b\u0451\u043d\u044b\u0439-\u043a\u0430\u043d\u044c\u043e\u043d-16.jpg","width":669,"height":446},{"@type":"BreadcrumbList","@id":"http:\/\/skyline-gs.com\/hu\/termek\/green-canyon-antalya\/#breadcrumb","itemListElement":[{"@type":"ListItem","position":1,"name":"\u0413\u043b\u0430\u0432\u043d\u0430\u044f \u0441\u0442\u0440\u0430\u043d\u0438\u0446\u0430","item":"https:\/\/skyline-gs.com\/hu\/"},{"@type":"ListItem","position":2,"name":"\u041c\u0430\u0433\u0430\u0437\u0438\u043d","item":"https:\/\/skyline-gs.com\/cs\/shop\/"},{"@type":"ListItem","position":3,"name":"\u0417\u0435\u043b\u0451\u043d\u044b\u0439 \u043a\u0430\u043d\u044c\u043e\u043d"}]},{"@type":"WebSite","@id":"https:\/\/skyline-gs.com\/it\/#website","url":"https:\/\/skyline-gs.com\/it\/","name":"Skyline Ausfl\u00fcge","description":"Exklusive Ausfl\u00fcge in den besten Resorts der Welt","publisher":{"@id":"https:\/\/skyline-gs.com\/it\/#organization"},"alternateName":"Skyline","potentialAction":[{"@type":"SearchAction","target":{"@type":"EntryPoint","urlTemplate":"https:\/\/skyline-gs.com\/it\/?s={search_term_string}"},"query-input":{"@type":"PropertyValueSpecification","valueRequired":true,"valueName":"search_term_string"}}],"inLanguage":"de"},{"@type":"Organization","@id":"https:\/\/skyline-gs.com\/it\/#organization","name":"Skyline Ausfl\u00fcge","alternateName":"\u042d\u043a\u0441\u043a\u0443\u0440\u0441\u0438\u0438 Skyline","url":"https:\/\/skyline-gs.com\/it\/","logo":{"@type":"ImageObject","inLanguage":"de","@id":"https:\/\/skyline-gs.com\/it\/#\/schema\/logo\/image\/","url":"https:\/\/skyline-gs.com\/wp-content\/uploads\/2020\/12\/cropped-logo-2.png","contentUrl":"https:\/\/skyline-gs.com\/wp-content\/uploads\/2020\/12\/cropped-logo-2.png","width":512,"height":512,"caption":"\u042d\u043a\u0441\u043a\u0443\u0440\u0441\u0438\u0438 Skyline"},"image":{"@id":"https:\/\/skyline-gs.com\/it\/#\/schema\/logo\/image\/"},"sameAs":["https:\/\/www.instagram.com\/skylineglobalservice\/"]}]}},"_links":{"self":[{"href":"https:\/\/skyline-gs.com\/de\/wp-json\/wp\/v2\/product\/64726","targetHints":{"allow":["GET"]}}],"collection":[{"href":"https:\/\/skyline-gs.com\/de\/wp-json\/wp\/v2\/product"}],"about":[{"href":"https:\/\/skyline-gs.com\/de\/wp-json\/wp\/v2\/types\/product"}],"version-history":[{"count":0,"href":"https:\/\/skyline-gs.com\/de\/wp-json\/wp\/v2\/product\/64726\/revisions"}],"wp:featuredmedia":[{"embeddable":true,"href":"https:\/\/skyline-gs.com\/de\/wp-json\/wp\/v2\/media\/64310"}],"wp:attachment":[{"href":"https:\/\/skyline-gs.com\/de\/wp-json\/wp\/v2\/media?parent=64726"}],"wp:term":[{"taxonomy":"product_brand","embeddable":true,"href":"https:\/\/skyline-gs.com\/de\/wp-json\/wp\/v2\/product_brand?post=64726"},{"taxonomy":"product_cat","embeddable":true,"href":"https:\/\/skyline-gs.com\/de\/wp-json\/wp\/v2\/product_cat?post=64726"},{"taxonomy":"product_tag","embeddable":true,"href":"https:\/\/skyline-gs.com\/de\/wp-json\/wp\/v2\/product_tag?post=64726"}],"curies":[{"name":"wp","href":"https:\/\/api.w.org\/{rel}","templated":true}]}}