{"id":64714,"date":"2025-07-10T23:32:41","date_gmt":"2025-07-10T21:32:41","guid":{"rendered":"http:\/\/skyline-gs.com\/?post_type=product&#038;p=64714"},"modified":"2025-07-10T23:37:13","modified_gmt":"2025-07-10T21:37:13","slug":"tazy-rafting-antalya","status":"publish","type":"product","link":"https:\/\/skyline-gs.com\/de\/product\/tazy-rafting-antalya\/","title":{"rendered":"Tazy-Schlucht + Rafting"},"content":{"rendered":"<p data-start=\"525\" data-end=\"664\">Tauchen Sie ein in die Kontraste der t\u00fcrkischen Natur: Erkunden Sie Schluchten mit malerischen Panoramen, genie\u00dfen Sie eine Fahrt durch bergiges Gel\u00e4nde und beenden Sie den Tag mit einer aktiven River-Rafting-Tour mit erfahrenen Lehrern.<strong data-start=\"525\" data-end=\"557\"><br \/>\n<\/strong><\/p>\n<p data-start=\"734\" data-end=\"872\"><strong data-start=\"734\" data-end=\"766\">8:00 \u2014 \u041e\u0442\u043f\u0440\u0430\u0432\u043b\u0435\u043d\u0438\u0435 \u0438\u0437 \u043e\u0442\u0435\u043b\u044f \u0432 \u0410\u043d\u0442\u0430\u043b\u0438\u0438. <\/strong>Transfer zum K\u00f6pr\u00fcl\u00fc-Nationalpark. Die Fahrzeit betr\u00e4gt ca. 1 Stunde (je nach Lage des Hotels).<\/p>\n<ul>\n<li data-start=\"874\" data-end=\"947\"><strong data-start=\"874\" data-end=\"892\">K\u00f6pr\u00fcl\u00fc-Schlucht<\/strong> - erster Halt f\u00fcr eine kurze Pause und Einweisung.<\/li>\n<li data-start=\"874\" data-end=\"947\"><strong style=\"font-family: var(--global-body-font-family);\" data-start=\"949\" data-end=\"975\">Transfer zum Tazy Canyon. <\/strong>Umsteigen in Cabrio-Busse und Fahrt zum Tazy Canyon (ca. 30 Minuten). Unterwegs - \u00dcberblick \u00fcber die Berglandschaft.<\/li>\n<li data-start=\"874\" data-end=\"947\"><strong style=\"font-family: var(--global-body-font-family);\" data-start=\"1083\" data-end=\"1098\">Tazy Canyon<\/strong><span style=\"font-family: var(--global-body-font-family);\"> - 30-40 Minuten freie Zeit. Gelegenheit zum Wandern, Beobachten von Aussichtspunkten und Fotografieren.<\/span><\/li>\n<li data-start=\"874\" data-end=\"947\"><strong style=\"font-family: var(--global-body-font-family);\" data-start=\"1198\" data-end=\"1223\">R\u00fcckkehr nach K\u00f6pr\u00fcl\u00fc. <\/strong>Vorbereitung auf das Rafting: Einweisung, Unterzeichnung der Dokumente, Besorgung der Ausr\u00fcstung (Weste, Helm).<\/li>\n<li data-start=\"874\" data-end=\"947\"><strong style=\"font-family: var(--global-body-font-family);\" data-start=\"1322\" data-end=\"1349\">Rafting auf dem K\u00f6pr\u00fcl\u00fc-Fluss<\/strong><span style=\"font-family: var(--global-body-font-family);\"> - Dauer des Raftings: 2-2,5 Stunden. Es gibt 2 technische Pausen entlang der Strecke - f\u00fcr 30 und 15 Minuten.<\/span><\/li>\n<li data-start=\"874\" data-end=\"947\"><strong style=\"font-family: var(--global-body-font-family);\" data-start=\"1456\" data-end=\"1478\">Duschen und Umziehen<\/strong><span style=\"font-family: var(--global-body-font-family);\"> - am Ende der Rafting-Tour.<\/span><\/li>\n<li data-start=\"874\" data-end=\"947\"><strong style=\"font-family: var(--global-body-font-family);\" data-start=\"1505\" data-end=\"1513\">Abendessen. <\/strong>Buffet: H\u00e4hnchenspie\u00dfe, Fisch, Pilaw, Nudeln, frische Salate.<\/li>\n<\/ul>\n<p data-start=\"1585\" data-end=\"1679\"><strong>19:00 - R\u00fcckkehr zum Hotel.<\/strong><\/p>\n<p><strong>Inbegriffen:<\/strong><\/p>\n<ul>\n<li data-start=\"1703\" data-end=\"1732\">Transfer vom Hotel und zur\u00fcck<\/li>\n<li data-start=\"1735\" data-end=\"1797\">Transfers auf der Strecke, einschlie\u00dflich Cabrio-Bus zum Tazy Canyon<\/li>\n<li data-start=\"1800\" data-end=\"1821\">Englischsprachiger Reiseleiter<\/li>\n<li data-start=\"1824\" data-end=\"1849\">Rafting-Ausr\u00fcstung<\/li>\n<li data-start=\"1852\" data-end=\"1880\">Unterweisung und Begleitung<\/li>\n<li data-start=\"1883\" data-end=\"1889\">Abendessen<\/li>\n<li data-start=\"1892\" data-end=\"1901\">Versicherung<\/li>\n<\/ul>\n<p><strong>Nicht enthalten:<\/strong><\/p>\n<ul>\n<li data-start=\"1928\" data-end=\"1937\">Getr\u00e4nke<\/li>\n<li data-start=\"1940\" data-end=\"1988\">Foto- und Videoaufnahme (USB mit Materialien - 30$)<\/li>\n<li data-start=\"1991\" data-end=\"2026\">Kopftuch, Schutzbrille, Handytasche.<\/li>\n<li data-start=\"2029\" data-end=\"2067\">Raftingschuhe (8$ - optional)<\/li>\n<li data-start=\"2070\" data-end=\"2100\">Kajak (10$ - optional)<\/li>\n<li data-start=\"2103\" data-end=\"2135\">Neoprenanzug (5$ - optional)<\/li>\n<li data-start=\"2138\" data-end=\"2152\">Pers\u00f6nliche Ausgaben<\/li>\n<\/ul>\n<p><strong>Nimm mit:<\/strong><\/p>\n<ul>\n<li data-start=\"2193\" data-end=\"2215\">Badeanzug oder Badehose<\/li>\n<li data-start=\"2218\" data-end=\"2229\">Handtuch<\/li>\n<li data-start=\"2232\" data-end=\"2270\">Bequeme Schuhe (vorzugsweise Gummischuhe)<\/li>\n<li data-start=\"2273\" data-end=\"2294\">Sonnencreme<\/li>\n<li data-start=\"2297\" data-end=\"2323\">Bargeld f\u00fcr pers\u00f6nliche Ausgaben<\/li>\n<\/ul>","protected":false},"excerpt":{"rendered":"<p><strong>Tourzeit:<\/strong> 8:00 \u2014 19:00<\/p>\n<p><strong>Veranstaltungstage:<\/strong> T\u00e4glich<\/p>","protected":false},"featured_media":63907,"template":"","meta":{"_kad_post_transparent":"default","_kad_post_title":"","_kad_post_layout":"default","_kad_post_sidebar_id":"","_kad_post_content_style":"default","_kad_post_vertical_padding":"default","_kad_post_feature":"","_kad_post_feature_position":"","_kad_post_header":false,"_kad_post_footer":false,"_kad_post_classname":"","_glsr_average":0,"_glsr_ranking":0,"_glsr_reviews":0},"product_brand":[],"product_cat":[450],"product_tag":[],"class_list":{"0":"post-64714","1":"product","2":"type-product","3":"status-publish","4":"has-post-thumbnail","6":"product_cat-antalya","7":"tm-has-options","9":"first","10":"instock","11":"sale","12":"sold-individually","13":"taxable","14":"shipping-taxable","15":"purchasable","16":"product-type-simple","17":"entry","18":"content-bg","19":"loop-entry"},"yoast_head":"<!-- This site is optimized with the Yoast SEO plugin v27.3 - https:\/\/yoast.com\/product\/yoast-seo-wordpress\/ -->\n<title>\u041a\u0430\u043d\u044c\u043e\u043d \u0422\u0430\u0437\u044b \u0438\u0437 \u0410\u043d\u0442\u0430\u043b\u0438\u0438 &#8226; \u042d\u043a\u0441\u043a\u0443\u0440\u0441\u0438\u0438 Skyline<\/title>\n<meta name=\"description\" content=\"\u0418\u0441\u0441\u043b\u0435\u0434\u0443\u0439\u0442\u0435 \u043a\u0430\u043d\u044c\u043e\u043d\u044b \u0441 \u0436\u0438\u0432\u043e\u043f\u0438\u0441\u043d\u044b\u043c\u0438 \u043f\u0430\u043d\u043e\u0440\u0430\u043c\u0430\u043c\u0438, \u043d\u0430\u0441\u043b\u0430\u0434\u0438\u0442\u0435\u0441\u044c \u043f\u043e\u0435\u0437\u0434\u043a\u043e\u0439 \u043f\u043e \u0433\u043e\u0440\u043d\u043e\u0439 \u043c\u0435\u0441\u0442\u043d\u043e\u0441\u0442\u0438 \u0438 \u0437\u0430\u0432\u0435\u0440\u0448\u0438\u0442\u0435 \u0434\u0435\u043d\u044c \u0441\u043f\u043b\u0430\u0432\u043e\u043c \u043f\u043e \u0440\u0435\u043a\u0435. \u0417\u0430\u043a\u0430\u0436\u0438\u0442\u0435 \u0443\u0436\u0435 \u0441\u0435\u0439\u0447\u0430\u0441!\" \/>\n<meta name=\"robots\" content=\"index, follow, max-snippet:-1, max-image-preview:large, max-video-preview:-1\" \/>\n<link rel=\"canonical\" href=\"https:\/\/skyline-gs.com\/de\/produkt\/tazy-rafting-antalya\/\" \/>\n<meta property=\"og:locale\" content=\"de_DE\" \/>\n<meta property=\"og:type\" content=\"article\" \/>\n<meta property=\"og:title\" content=\"\u041a\u0430\u043d\u044c\u043e\u043d \u0422\u0430\u0437\u044b \u0438\u0437 \u0410\u043d\u0442\u0430\u043b\u0438\u0438 &#8226; \u042d\u043a\u0441\u043a\u0443\u0440\u0441\u0438\u0438 Skyline\" \/>\n<meta property=\"og:description\" content=\"\u0418\u0441\u0441\u043b\u0435\u0434\u0443\u0439\u0442\u0435 \u043a\u0430\u043d\u044c\u043e\u043d\u044b \u0441 \u0436\u0438\u0432\u043e\u043f\u0438\u0441\u043d\u044b\u043c\u0438 \u043f\u0430\u043d\u043e\u0440\u0430\u043c\u0430\u043c\u0438, \u043d\u0430\u0441\u043b\u0430\u0434\u0438\u0442\u0435\u0441\u044c \u043f\u043e\u0435\u0437\u0434\u043a\u043e\u0439 \u043f\u043e \u0433\u043e\u0440\u043d\u043e\u0439 \u043c\u0435\u0441\u0442\u043d\u043e\u0441\u0442\u0438 \u0438 \u0437\u0430\u0432\u0435\u0440\u0448\u0438\u0442\u0435 \u0434\u0435\u043d\u044c \u0441\u043f\u043b\u0430\u0432\u043e\u043c \u043f\u043e \u0440\u0435\u043a\u0435. \u0417\u0430\u043a\u0430\u0436\u0438\u0442\u0435 \u0443\u0436\u0435 \u0441\u0435\u0439\u0447\u0430\u0441!\" \/>\n<meta property=\"og:url\" content=\"https:\/\/skyline-gs.com\/de\/produkt\/tazy-rafting-antalya\/\" \/>\n<meta property=\"og:site_name\" content=\"\u042d\u043a\u0441\u043a\u0443\u0440\u0441\u0438\u0438 Skyline\" \/>\n<meta property=\"article:modified_time\" content=\"2025-07-10T21:37:13+00:00\" \/>\n<meta property=\"og:image\" content=\"https:\/\/skyline-gs.com\/wp-content\/uploads\/2025\/06\/\u041a\u0430\u043d\u044c\u043e\u043d-\u0422\u0430\u0437\u044b-22.jpg\" \/>\n\t<meta property=\"og:image:width\" content=\"669\" \/>\n\t<meta property=\"og:image:height\" content=\"446\" \/>\n\t<meta property=\"og:image:type\" content=\"image\/jpeg\" \/>\n<meta name=\"twitter:card\" content=\"summary_large_image\" \/>\n<meta name=\"twitter:label1\" content=\"Gesch\u00e4tzte Lesezeit\" \/>\n\t<meta name=\"twitter:data1\" content=\"2\u00a0Minuten\" \/>\n<script type=\"application\/ld+json\" class=\"yoast-schema-graph\">{\"@context\":\"https:\\\/\\\/schema.org\",\"@graph\":[{\"@type\":\"WebPage\",\"@id\":\"https:\\\/\\\/skyline-gs.com\\\/fr\\\/produit\\\/tazy-rafting-antalya\\\/\",\"url\":\"https:\\\/\\\/skyline-gs.com\\\/fr\\\/produit\\\/tazy-rafting-antalya\\\/\",\"name\":\"\u041a\u0430\u043d\u044c\u043e\u043d \u0422\u0430\u0437\u044b \u0438\u0437 \u0410\u043d\u0442\u0430\u043b\u0438\u0438 &#8226; \u042d\u043a\u0441\u043a\u0443\u0440\u0441\u0438\u0438 Skyline\",\"isPartOf\":{\"@id\":\"https:\\\/\\\/skyline-gs.com\\\/it\\\/#website\"},\"primaryImageOfPage\":{\"@id\":\"https:\\\/\\\/skyline-gs.com\\\/fr\\\/produit\\\/tazy-rafting-antalya\\\/#primaryimage\"},\"image\":{\"@id\":\"https:\\\/\\\/skyline-gs.com\\\/fr\\\/produit\\\/tazy-rafting-antalya\\\/#primaryimage\"},\"thumbnailUrl\":\"https:\\\/\\\/skyline-gs.com\\\/wp-content\\\/uploads\\\/2025\\\/06\\\/\u041a\u0430\u043d\u044c\u043e\u043d-\u0422\u0430\u0437\u044b-22.jpg\",\"datePublished\":\"2025-07-10T21:32:41+00:00\",\"dateModified\":\"2025-07-10T21:37:13+00:00\",\"description\":\"\u0418\u0441\u0441\u043b\u0435\u0434\u0443\u0439\u0442\u0435 \u043a\u0430\u043d\u044c\u043e\u043d\u044b \u0441 \u0436\u0438\u0432\u043e\u043f\u0438\u0441\u043d\u044b\u043c\u0438 \u043f\u0430\u043d\u043e\u0440\u0430\u043c\u0430\u043c\u0438, \u043d\u0430\u0441\u043b\u0430\u0434\u0438\u0442\u0435\u0441\u044c \u043f\u043e\u0435\u0437\u0434\u043a\u043e\u0439 \u043f\u043e \u0433\u043e\u0440\u043d\u043e\u0439 \u043c\u0435\u0441\u0442\u043d\u043e\u0441\u0442\u0438 \u0438 \u0437\u0430\u0432\u0435\u0440\u0448\u0438\u0442\u0435 \u0434\u0435\u043d\u044c \u0441\u043f\u043b\u0430\u0432\u043e\u043c \u043f\u043e \u0440\u0435\u043a\u0435. \u0417\u0430\u043a\u0430\u0436\u0438\u0442\u0435 \u0443\u0436\u0435 \u0441\u0435\u0439\u0447\u0430\u0441!\",\"breadcrumb\":{\"@id\":\"https:\\\/\\\/skyline-gs.com\\\/fr\\\/produit\\\/tazy-rafting-antalya\\\/#breadcrumb\"},\"inLanguage\":\"de\",\"potentialAction\":[{\"@type\":\"ReadAction\",\"target\":[\"https:\\\/\\\/skyline-gs.com\\\/fr\\\/produit\\\/tazy-rafting-antalya\\\/\"]}]},{\"@type\":\"ImageObject\",\"inLanguage\":\"de\",\"@id\":\"https:\\\/\\\/skyline-gs.com\\\/fr\\\/produit\\\/tazy-rafting-antalya\\\/#primaryimage\",\"url\":\"https:\\\/\\\/skyline-gs.com\\\/wp-content\\\/uploads\\\/2025\\\/06\\\/\u041a\u0430\u043d\u044c\u043e\u043d-\u0422\u0430\u0437\u044b-22.jpg\",\"contentUrl\":\"https:\\\/\\\/skyline-gs.com\\\/wp-content\\\/uploads\\\/2025\\\/06\\\/\u041a\u0430\u043d\u044c\u043e\u043d-\u0422\u0430\u0437\u044b-22.jpg\",\"width\":669,\"height\":446},{\"@type\":\"BreadcrumbList\",\"@id\":\"https:\\\/\\\/skyline-gs.com\\\/fr\\\/produit\\\/tazy-rafting-antalya\\\/#breadcrumb\",\"itemListElement\":[{\"@type\":\"ListItem\",\"position\":1,\"name\":\"\u0413\u043b\u0430\u0432\u043d\u0430\u044f \u0441\u0442\u0440\u0430\u043d\u0438\u0446\u0430\",\"item\":\"https:\\\/\\\/skyline-gs.com\\\/hu\\\/\"},{\"@type\":\"ListItem\",\"position\":2,\"name\":\"\u041c\u0430\u0433\u0430\u0437\u0438\u043d\",\"item\":\"https:\\\/\\\/skyline-gs.com\\\/cs\\\/shop\\\/\"},{\"@type\":\"ListItem\",\"position\":3,\"name\":\"\u041a\u0430\u043d\u044c\u043e\u043d \u0422\u0430\u0437\u044b + \u0420\u0430\u0444\u0442\u0438\u043d\u0433\"}]},{\"@type\":\"WebSite\",\"@id\":\"https:\\\/\\\/skyline-gs.com\\\/it\\\/#website\",\"url\":\"https:\\\/\\\/skyline-gs.com\\\/it\\\/\",\"name\":\"\u042d\u043a\u0441\u043a\u0443\u0440\u0441\u0438\u0438 Skyline\",\"description\":\"\u042d\u043a\u0441\u043a\u043b\u044e\u0437\u0438\u0432\u043d\u044b\u0435 \u044d\u043a\u0441\u043a\u0443\u0440\u0441\u0438\u0438 \u043d\u0430 \u043b\u0443\u0447\u0448\u0438\u0445 \u043a\u0443\u0440\u043e\u0440\u0442\u0430\u0445 \u043c\u0438\u0440\u0430\",\"publisher\":{\"@id\":\"https:\\\/\\\/skyline-gs.com\\\/it\\\/#organization\"},\"alternateName\":\"Skyline\",\"potentialAction\":[{\"@type\":\"SearchAction\",\"target\":{\"@type\":\"EntryPoint\",\"urlTemplate\":\"https:\\\/\\\/skyline-gs.com\\\/it\\\/?s={search_term_string}\"},\"query-input\":{\"@type\":\"PropertyValueSpecification\",\"valueRequired\":true,\"valueName\":\"search_term_string\"}}],\"inLanguage\":\"de\"},{\"@type\":\"Organization\",\"@id\":\"https:\\\/\\\/skyline-gs.com\\\/it\\\/#organization\",\"name\":\"\u042d\u043a\u0441\u043a\u0443\u0440\u0441\u0438\u0438 Skyline\",\"alternateName\":\"\u042d\u043a\u0441\u043a\u0443\u0440\u0441\u0438\u0438 Skyline\",\"url\":\"https:\\\/\\\/skyline-gs.com\\\/it\\\/\",\"logo\":{\"@type\":\"ImageObject\",\"inLanguage\":\"de\",\"@id\":\"https:\\\/\\\/skyline-gs.com\\\/it\\\/#\\\/schema\\\/logo\\\/image\\\/\",\"url\":\"https:\\\/\\\/skyline-gs.com\\\/wp-content\\\/uploads\\\/2020\\\/12\\\/cropped-logo-2.png\",\"contentUrl\":\"https:\\\/\\\/skyline-gs.com\\\/wp-content\\\/uploads\\\/2020\\\/12\\\/cropped-logo-2.png\",\"width\":512,\"height\":512,\"caption\":\"\u042d\u043a\u0441\u043a\u0443\u0440\u0441\u0438\u0438 Skyline\"},\"image\":{\"@id\":\"https:\\\/\\\/skyline-gs.com\\\/it\\\/#\\\/schema\\\/logo\\\/image\\\/\"},\"sameAs\":[\"https:\\\/\\\/www.instagram.com\\\/skylineglobalservice\\\/\"]}]}<\/script>\n<!-- \/ Yoast SEO plugin. -->","yoast_head_json":{"title":"\u041a\u0430\u043d\u044c\u043e\u043d \u0422\u0430\u0437\u044b \u0438\u0437 \u0410\u043d\u0442\u0430\u043b\u0438\u0438 &#8226; \u042d\u043a\u0441\u043a\u0443\u0440\u0441\u0438\u0438 Skyline","description":"Erkunden Sie Canyons mit malerischen Panoramen, genie\u00dfen Sie eine Fahrt durch bergiges Gel\u00e4nde und beenden Sie den Tag mit einem River Rafting. Jetzt buchen!","robots":{"index":"index","follow":"follow","max-snippet":"max-snippet:-1","max-image-preview":"max-image-preview:large","max-video-preview":"max-video-preview:-1"},"canonical":"https:\/\/skyline-gs.com\/de\/produkt\/tazy-rafting-antalya\/","og_locale":"de_DE","og_type":"article","og_title":"\u041a\u0430\u043d\u044c\u043e\u043d \u0422\u0430\u0437\u044b \u0438\u0437 \u0410\u043d\u0442\u0430\u043b\u0438\u0438 &#8226; \u042d\u043a\u0441\u043a\u0443\u0440\u0441\u0438\u0438 Skyline","og_description":"\u0418\u0441\u0441\u043b\u0435\u0434\u0443\u0439\u0442\u0435 \u043a\u0430\u043d\u044c\u043e\u043d\u044b \u0441 \u0436\u0438\u0432\u043e\u043f\u0438\u0441\u043d\u044b\u043c\u0438 \u043f\u0430\u043d\u043e\u0440\u0430\u043c\u0430\u043c\u0438, \u043d\u0430\u0441\u043b\u0430\u0434\u0438\u0442\u0435\u0441\u044c \u043f\u043e\u0435\u0437\u0434\u043a\u043e\u0439 \u043f\u043e \u0433\u043e\u0440\u043d\u043e\u0439 \u043c\u0435\u0441\u0442\u043d\u043e\u0441\u0442\u0438 \u0438 \u0437\u0430\u0432\u0435\u0440\u0448\u0438\u0442\u0435 \u0434\u0435\u043d\u044c \u0441\u043f\u043b\u0430\u0432\u043e\u043c \u043f\u043e \u0440\u0435\u043a\u0435. \u0417\u0430\u043a\u0430\u0436\u0438\u0442\u0435 \u0443\u0436\u0435 \u0441\u0435\u0439\u0447\u0430\u0441!","og_url":"https:\/\/skyline-gs.com\/de\/produkt\/tazy-rafting-antalya\/","og_site_name":"\u042d\u043a\u0441\u043a\u0443\u0440\u0441\u0438\u0438 Skyline","article_modified_time":"2025-07-10T21:37:13+00:00","og_image":[{"width":669,"height":446,"url":"https:\/\/skyline-gs.com\/wp-content\/uploads\/2025\/06\/\u041a\u0430\u043d\u044c\u043e\u043d-\u0422\u0430\u0437\u044b-22.jpg","type":"image\/jpeg"}],"twitter_card":"summary_large_image","twitter_misc":{"Gesch\u00e4tzte Lesezeit":"2\u00a0Minuten"},"schema":{"@context":"https:\/\/schema.org","@graph":[{"@type":"WebPage","@id":"https:\/\/skyline-gs.com\/fr\/produit\/tazy-rafting-antalya\/","url":"https:\/\/skyline-gs.com\/fr\/produit\/tazy-rafting-antalya\/","name":"\u041a\u0430\u043d\u044c\u043e\u043d \u0422\u0430\u0437\u044b \u0438\u0437 \u0410\u043d\u0442\u0430\u043b\u0438\u0438 &#8226; \u042d\u043a\u0441\u043a\u0443\u0440\u0441\u0438\u0438 Skyline","isPartOf":{"@id":"https:\/\/skyline-gs.com\/it\/#website"},"primaryImageOfPage":{"@id":"https:\/\/skyline-gs.com\/fr\/produit\/tazy-rafting-antalya\/#primaryimage"},"image":{"@id":"https:\/\/skyline-gs.com\/fr\/produit\/tazy-rafting-antalya\/#primaryimage"},"thumbnailUrl":"https:\/\/skyline-gs.com\/wp-content\/uploads\/2025\/06\/\u041a\u0430\u043d\u044c\u043e\u043d-\u0422\u0430\u0437\u044b-22.jpg","datePublished":"2025-07-10T21:32:41+00:00","dateModified":"2025-07-10T21:37:13+00:00","description":"Erkunden Sie Canyons mit malerischen Panoramen, genie\u00dfen Sie eine Fahrt durch bergiges Gel\u00e4nde und beenden Sie den Tag mit einem River Rafting. Jetzt buchen!","breadcrumb":{"@id":"https:\/\/skyline-gs.com\/fr\/produit\/tazy-rafting-antalya\/#breadcrumb"},"inLanguage":"de","potentialAction":[{"@type":"ReadAction","target":["https:\/\/skyline-gs.com\/fr\/produit\/tazy-rafting-antalya\/"]}]},{"@type":"ImageObject","inLanguage":"de","@id":"https:\/\/skyline-gs.com\/fr\/produit\/tazy-rafting-antalya\/#primaryimage","url":"https:\/\/skyline-gs.com\/wp-content\/uploads\/2025\/06\/\u041a\u0430\u043d\u044c\u043e\u043d-\u0422\u0430\u0437\u044b-22.jpg","contentUrl":"https:\/\/skyline-gs.com\/wp-content\/uploads\/2025\/06\/\u041a\u0430\u043d\u044c\u043e\u043d-\u0422\u0430\u0437\u044b-22.jpg","width":669,"height":446},{"@type":"BreadcrumbList","@id":"https:\/\/skyline-gs.com\/fr\/produit\/tazy-rafting-antalya\/#breadcrumb","itemListElement":[{"@type":"ListItem","position":1,"name":"\u0413\u043b\u0430\u0432\u043d\u0430\u044f \u0441\u0442\u0440\u0430\u043d\u0438\u0446\u0430","item":"https:\/\/skyline-gs.com\/hu\/"},{"@type":"ListItem","position":2,"name":"\u041c\u0430\u0433\u0430\u0437\u0438\u043d","item":"https:\/\/skyline-gs.com\/cs\/shop\/"},{"@type":"ListItem","position":3,"name":"\u041a\u0430\u043d\u044c\u043e\u043d \u0422\u0430\u0437\u044b + \u0420\u0430\u0444\u0442\u0438\u043d\u0433"}]},{"@type":"WebSite","@id":"https:\/\/skyline-gs.com\/it\/#website","url":"https:\/\/skyline-gs.com\/it\/","name":"Skyline Ausfl\u00fcge","description":"Exklusive Ausfl\u00fcge in den besten Resorts der Welt","publisher":{"@id":"https:\/\/skyline-gs.com\/it\/#organization"},"alternateName":"Skyline","potentialAction":[{"@type":"SearchAction","target":{"@type":"EntryPoint","urlTemplate":"https:\/\/skyline-gs.com\/it\/?s={search_term_string}"},"query-input":{"@type":"PropertyValueSpecification","valueRequired":true,"valueName":"search_term_string"}}],"inLanguage":"de"},{"@type":"Organization","@id":"https:\/\/skyline-gs.com\/it\/#organization","name":"Skyline Ausfl\u00fcge","alternateName":"\u042d\u043a\u0441\u043a\u0443\u0440\u0441\u0438\u0438 Skyline","url":"https:\/\/skyline-gs.com\/it\/","logo":{"@type":"ImageObject","inLanguage":"de","@id":"https:\/\/skyline-gs.com\/it\/#\/schema\/logo\/image\/","url":"https:\/\/skyline-gs.com\/wp-content\/uploads\/2020\/12\/cropped-logo-2.png","contentUrl":"https:\/\/skyline-gs.com\/wp-content\/uploads\/2020\/12\/cropped-logo-2.png","width":512,"height":512,"caption":"\u042d\u043a\u0441\u043a\u0443\u0440\u0441\u0438\u0438 Skyline"},"image":{"@id":"https:\/\/skyline-gs.com\/it\/#\/schema\/logo\/image\/"},"sameAs":["https:\/\/www.instagram.com\/skylineglobalservice\/"]}]}},"_links":{"self":[{"href":"https:\/\/skyline-gs.com\/de\/wp-json\/wp\/v2\/product\/64714","targetHints":{"allow":["GET"]}}],"collection":[{"href":"https:\/\/skyline-gs.com\/de\/wp-json\/wp\/v2\/product"}],"about":[{"href":"https:\/\/skyline-gs.com\/de\/wp-json\/wp\/v2\/types\/product"}],"version-history":[{"count":0,"href":"https:\/\/skyline-gs.com\/de\/wp-json\/wp\/v2\/product\/64714\/revisions"}],"wp:featuredmedia":[{"embeddable":true,"href":"https:\/\/skyline-gs.com\/de\/wp-json\/wp\/v2\/media\/63907"}],"wp:attachment":[{"href":"https:\/\/skyline-gs.com\/de\/wp-json\/wp\/v2\/media?parent=64714"}],"wp:term":[{"taxonomy":"product_brand","embeddable":true,"href":"https:\/\/skyline-gs.com\/de\/wp-json\/wp\/v2\/product_brand?post=64714"},{"taxonomy":"product_cat","embeddable":true,"href":"https:\/\/skyline-gs.com\/de\/wp-json\/wp\/v2\/product_cat?post=64714"},{"taxonomy":"product_tag","embeddable":true,"href":"https:\/\/skyline-gs.com\/de\/wp-json\/wp\/v2\/product_tag?post=64714"}],"curies":[{"name":"wp","href":"https:\/\/api.w.org\/{rel}","templated":true}]}}