{"id":64472,"date":"2025-06-20T00:57:44","date_gmt":"2025-06-19T22:57:44","guid":{"rendered":"http:\/\/skyline-gs.com\/?post_type=product&#038;p=64472"},"modified":"2026-03-30T23:38:54","modified_gmt":"2026-03-30T21:38:54","slug":"privat-fanrang-with-capybaras-nhatrang","status":"publish","type":"product","link":"https:\/\/skyline-gs.com\/de\/product\/privat-fanrang-with-capybaras-nhatrang\/","title":{"rendered":"Personalisierte Tour: Phanrang mit Wasserschweinen"},"content":{"rendered":"<p><strong>Reisen nach Phanrang<\/strong> - ist eine faszinierende Mischung aus Natur, Kultur und magischen Landschaften. Hier finden Sie ungew\u00f6hnliche Tiere, geheimnisvolle Tempel und herrliche Ausblicke auf Reisfelder und das Meer.<\/p>\n<p><strong>8:00 - Abfahrt von Ihrer Hotellobby.<\/strong><\/p>\n<ul>\n<li><strong>Ein Tierpark mit Wasserschweinen. <\/strong>Beginnen Sie den Tag mit einem Besuch des Zoos, wo Sie die bezaubernden Wasserschweine kennenlernen. Diese freundlichen Tiere erobern die Herzen von Kindern und Erwachsenen gleicherma\u00dfen. Sie k\u00f6nnen ein Foto machen und Zeit in der Gesellschaft dieser niedlichen Kreaturen verbringen, die Ihrem Kind Freude bereiten.<\/li>\n<li><strong style=\"font-family: Montserrat, var(--global-fallback-font); font-size: 17px;\">Muscheltempel und Drachenlabyrinth. <\/strong>Dann geht es zum einzigartigen Muscheltempel, der mit Tausenden von Muscheln und Drachensymbolen verziert ist. Es erwartet Sie ein Spaziergang durch das geheimnisvolle Drachenlabyrinth, wo jeder Weg seine Geheimnisse offenbart. Dieser Ort ist voll von Magie und Inspiration.<\/li>\n<li><strong style=\"font-family: Montserrat, var(--global-fallback-font); font-size: 17px;\">Eine Pagode mit Blick auf die Reisfelder und das Meer. <\/strong>Steigen Sie den Berg hinauf und besuchen Sie eine alte Pagode. Hier haben Sie einen atemberaubenden Blick auf gr\u00fcne Reisterrassen und das weite, azurblaue Meer. An diesem Ort k\u00f6nnen Sie Ihre Seele baumeln lassen, die Stille genie\u00dfen und tolle Fotos machen.<\/li>\n<li><strong style=\"font-family: Montserrat, var(--global-fallback-font); font-size: 17px;\">Weinberge und Weinverkostung. <\/strong>Nach dem Mittagessen fahren wir zu den ber\u00fchmten Weinbergen von Fanrang. Dort k\u00f6nnen Sie reife Trauben pfl\u00fccken, lokalen Wein und frischen Traubensaft probieren. Dies ist eine gute Gelegenheit, mehr \u00fcber die Weinherstellung in dieser Region zu erfahren.<\/li>\n<li><strong style=\"font-family: Montserrat, var(--global-fallback-font); font-size: 17px;\">Salzplantagen. <\/strong>Wir beenden die Tour mit einem Besuch der Salzplantagen. Hier k\u00f6nnen Sie sehen, wie Salz aus Meerwasser gewonnen wird, und spektakul\u00e4re Fotos vor der Kulisse der schneewei\u00dfen Salzh\u00fcgel machen. Wir halten auch in einem Fischerdorf, um die Bucht und die Inseln am Horizont zu bewundern.<\/li>\n<\/ul>\n<p><strong>18:00 - R\u00fcckkehr zum Hotel.<\/strong><\/p>\n<p><strong>Inbegriffen:<\/strong><\/p>\n<ul>\n<li>Transfer vom Hotel und zur\u00fcck<\/li>\n<li>Englischsprachiger Reiseleiter<\/li>\n<li>Eintrittskarten<\/li>\n<li>Abendessen<\/li>\n<li>Wein- und Saftverkostung<\/li>\n<li>Wasser<\/li>\n<\/ul>\n<p><strong>Nicht enthalten:<\/strong><\/p>\n<ul>\n<li>Transfer von Hotels au\u00dferhalb der Stadt:\u00a0<strong>Amiana<\/strong>\u00a0- Aufpreis\u00a0<strong>+10$ pro Fahrzeug f\u00fcr bis zu 6 Personen<\/strong>\u00a0Hin- und R\u00fcckflug und\u00a0<strong>+15$ pro Fahrzeug f\u00fcr bis zu 10 Personen<\/strong>\u00a0beide Richtungen<\/li>\n<\/ul>\n<p><strong>Nimm mit:<\/strong><\/p>\n<ul>\n<li>Kamera oder Smartphone f\u00fcr lebendige Bilder<\/li>\n<li>Kopfbedeckungen und Sonnenbrillen<\/li>\n<li>Bequeme Wanderschuhe<\/li>\n<li style=\"list-style-type: none;\"><\/li>\n<\/ul>","protected":false},"excerpt":{"rendered":"<p><strong>Tourzeit:<\/strong> 8:00 \u2014 18:00<\/p>\n<p><strong>Veranstaltungstage: <\/strong>T\u00e4glich<\/p>","protected":false},"featured_media":64473,"template":"","meta":{"_kad_post_transparent":"default","_kad_post_title":"","_kad_post_layout":"default","_kad_post_sidebar_id":"","_kad_post_content_style":"default","_kad_post_vertical_padding":"default","_kad_post_feature":"","_kad_post_feature_position":"","_kad_post_header":false,"_kad_post_footer":false,"_kad_post_classname":"","_glsr_average":0,"_glsr_ranking":0,"_glsr_reviews":0},"product_brand":[],"product_cat":[437],"product_tag":[],"class_list":{"0":"post-64472","1":"product","2":"type-product","3":"status-publish","4":"has-post-thumbnail","6":"product_cat-nha-trang","7":"tm-has-options","9":"first","10":"instock","11":"sold-individually","12":"taxable","13":"shipping-taxable","14":"purchasable","15":"product-type-simple","16":"entry","17":"content-bg","18":"loop-entry"},"yoast_head":"<!-- This site is optimized with the Yoast SEO plugin v27.3 - https:\/\/yoast.com\/product\/yoast-seo-wordpress\/ -->\n<title>\u0418\u043d\u0434\u0438\u0432\u0438\u0434\u0443\u0430\u043b\u044c\u043d\u044b\u0439 \u0442\u0443\u0440: \u0424\u0430\u043d\u0440\u0430\u043d\u0433 \u0441 \u043a\u0430\u043f\u0438\u0431\u0430\u0440\u0430\u043c\u0438 &#8226; \u042d\u043a\u0441\u043a\u0443\u0440\u0441\u0438\u0438 Skyline<\/title>\n<meta name=\"robots\" content=\"index, follow, max-snippet:-1, max-image-preview:large, max-video-preview:-1\" \/>\n<link rel=\"canonical\" href=\"https:\/\/skyline-gs.com\/de\/produkt\/privat-fanrang-with-capybaras-nhatrang\/\" \/>\n<meta property=\"og:locale\" content=\"de_DE\" \/>\n<meta property=\"og:type\" content=\"article\" \/>\n<meta property=\"og:title\" content=\"\u0418\u043d\u0434\u0438\u0432\u0438\u0434\u0443\u0430\u043b\u044c\u043d\u044b\u0439 \u0442\u0443\u0440: \u0424\u0430\u043d\u0440\u0430\u043d\u0433 \u0441 \u043a\u0430\u043f\u0438\u0431\u0430\u0440\u0430\u043c\u0438 &#8226; \u042d\u043a\u0441\u043a\u0443\u0440\u0441\u0438\u0438 Skyline\" \/>\n<meta property=\"og:description\" content=\"\u0412\u0440\u0435\u043c\u044f \u0442\u0443\u0440\u0430: 8:00 - 18:00  \u0414\u043d\u0438 \u043f\u0440\u043e\u0432\u0435\u0434\u0435\u043d\u0438\u044f: \u041a\u0430\u0436\u0434\u044b\u0439 \u0434\u0435\u043d\u044c\" \/>\n<meta property=\"og:url\" content=\"https:\/\/skyline-gs.com\/de\/produkt\/privat-fanrang-with-capybaras-nhatrang\/\" \/>\n<meta property=\"og:site_name\" content=\"\u042d\u043a\u0441\u043a\u0443\u0440\u0441\u0438\u0438 Skyline\" \/>\n<meta property=\"article:modified_time\" content=\"2026-03-30T21:38:54+00:00\" \/>\n<meta property=\"og:image\" content=\"https:\/\/skyline-gs.com\/wp-content\/uploads\/2025\/06\/22.png\" \/>\n\t<meta property=\"og:image:width\" content=\"669\" \/>\n\t<meta property=\"og:image:height\" content=\"446\" \/>\n\t<meta property=\"og:image:type\" content=\"image\/png\" \/>\n<meta name=\"twitter:card\" content=\"summary_large_image\" \/>\n<meta name=\"twitter:label1\" content=\"Gesch\u00e4tzte Lesezeit\" \/>\n\t<meta name=\"twitter:data1\" content=\"2\u00a0Minuten\" \/>\n<script type=\"application\/ld+json\" class=\"yoast-schema-graph\">{\"@context\":\"https:\\\/\\\/schema.org\",\"@graph\":[{\"@type\":\"WebPage\",\"@id\":\"https:\\\/\\\/skyline-gs.com\\\/product\\\/privat-fanrang-with-capybaras-nhatrang\\\/\",\"url\":\"https:\\\/\\\/skyline-gs.com\\\/product\\\/privat-fanrang-with-capybaras-nhatrang\\\/\",\"name\":\"\u0418\u043d\u0434\u0438\u0432\u0438\u0434\u0443\u0430\u043b\u044c\u043d\u044b\u0439 \u0442\u0443\u0440: \u0424\u0430\u043d\u0440\u0430\u043d\u0433 \u0441 \u043a\u0430\u043f\u0438\u0431\u0430\u0440\u0430\u043c\u0438 &#8226; \u042d\u043a\u0441\u043a\u0443\u0440\u0441\u0438\u0438 Skyline\",\"isPartOf\":{\"@id\":\"https:\\\/\\\/skyline-gs.com\\\/it\\\/#website\"},\"primaryImageOfPage\":{\"@id\":\"https:\\\/\\\/skyline-gs.com\\\/product\\\/privat-fanrang-with-capybaras-nhatrang\\\/#primaryimage\"},\"image\":{\"@id\":\"https:\\\/\\\/skyline-gs.com\\\/product\\\/privat-fanrang-with-capybaras-nhatrang\\\/#primaryimage\"},\"thumbnailUrl\":\"https:\\\/\\\/skyline-gs.com\\\/wp-content\\\/uploads\\\/2025\\\/06\\\/22.png\",\"datePublished\":\"2025-06-19T22:57:44+00:00\",\"dateModified\":\"2026-03-30T21:38:54+00:00\",\"breadcrumb\":{\"@id\":\"https:\\\/\\\/skyline-gs.com\\\/product\\\/privat-fanrang-with-capybaras-nhatrang\\\/#breadcrumb\"},\"inLanguage\":\"de\",\"potentialAction\":[{\"@type\":\"ReadAction\",\"target\":[\"https:\\\/\\\/skyline-gs.com\\\/product\\\/privat-fanrang-with-capybaras-nhatrang\\\/\"]}]},{\"@type\":\"ImageObject\",\"inLanguage\":\"de\",\"@id\":\"https:\\\/\\\/skyline-gs.com\\\/product\\\/privat-fanrang-with-capybaras-nhatrang\\\/#primaryimage\",\"url\":\"https:\\\/\\\/skyline-gs.com\\\/wp-content\\\/uploads\\\/2025\\\/06\\\/22.png\",\"contentUrl\":\"https:\\\/\\\/skyline-gs.com\\\/wp-content\\\/uploads\\\/2025\\\/06\\\/22.png\",\"width\":669,\"height\":446},{\"@type\":\"BreadcrumbList\",\"@id\":\"https:\\\/\\\/skyline-gs.com\\\/product\\\/privat-fanrang-with-capybaras-nhatrang\\\/#breadcrumb\",\"itemListElement\":[{\"@type\":\"ListItem\",\"position\":1,\"name\":\"\u0413\u043b\u0430\u0432\u043d\u0430\u044f \u0441\u0442\u0440\u0430\u043d\u0438\u0446\u0430\",\"item\":\"https:\\\/\\\/skyline-gs.com\\\/hu\\\/\"},{\"@type\":\"ListItem\",\"position\":2,\"name\":\"\u041c\u0430\u0433\u0430\u0437\u0438\u043d\",\"item\":\"https:\\\/\\\/skyline-gs.com\\\/cs\\\/shop\\\/\"},{\"@type\":\"ListItem\",\"position\":3,\"name\":\"\u0418\u043d\u0434\u0438\u0432\u0438\u0434\u0443\u0430\u043b\u044c\u043d\u044b\u0439 \u0442\u0443\u0440: \u0424\u0430\u043d\u0440\u0430\u043d\u0433 \u0441 \u043a\u0430\u043f\u0438\u0431\u0430\u0440\u0430\u043c\u0438\"}]},{\"@type\":\"WebSite\",\"@id\":\"https:\\\/\\\/skyline-gs.com\\\/it\\\/#website\",\"url\":\"https:\\\/\\\/skyline-gs.com\\\/it\\\/\",\"name\":\"\u042d\u043a\u0441\u043a\u0443\u0440\u0441\u0438\u0438 Skyline\",\"description\":\"\u042d\u043a\u0441\u043a\u043b\u044e\u0437\u0438\u0432\u043d\u044b\u0435 \u044d\u043a\u0441\u043a\u0443\u0440\u0441\u0438\u0438 \u043d\u0430 \u043b\u0443\u0447\u0448\u0438\u0445 \u043a\u0443\u0440\u043e\u0440\u0442\u0430\u0445 \u043c\u0438\u0440\u0430\",\"publisher\":{\"@id\":\"https:\\\/\\\/skyline-gs.com\\\/it\\\/#organization\"},\"alternateName\":\"Skyline\",\"potentialAction\":[{\"@type\":\"SearchAction\",\"target\":{\"@type\":\"EntryPoint\",\"urlTemplate\":\"https:\\\/\\\/skyline-gs.com\\\/it\\\/?s={search_term_string}\"},\"query-input\":{\"@type\":\"PropertyValueSpecification\",\"valueRequired\":true,\"valueName\":\"search_term_string\"}}],\"inLanguage\":\"de\"},{\"@type\":\"Organization\",\"@id\":\"https:\\\/\\\/skyline-gs.com\\\/it\\\/#organization\",\"name\":\"\u042d\u043a\u0441\u043a\u0443\u0440\u0441\u0438\u0438 Skyline\",\"alternateName\":\"\u042d\u043a\u0441\u043a\u0443\u0440\u0441\u0438\u0438 Skyline\",\"url\":\"https:\\\/\\\/skyline-gs.com\\\/it\\\/\",\"logo\":{\"@type\":\"ImageObject\",\"inLanguage\":\"de\",\"@id\":\"https:\\\/\\\/skyline-gs.com\\\/it\\\/#\\\/schema\\\/logo\\\/image\\\/\",\"url\":\"https:\\\/\\\/skyline-gs.com\\\/wp-content\\\/uploads\\\/2020\\\/12\\\/cropped-logo-2.png\",\"contentUrl\":\"https:\\\/\\\/skyline-gs.com\\\/wp-content\\\/uploads\\\/2020\\\/12\\\/cropped-logo-2.png\",\"width\":512,\"height\":512,\"caption\":\"\u042d\u043a\u0441\u043a\u0443\u0440\u0441\u0438\u0438 Skyline\"},\"image\":{\"@id\":\"https:\\\/\\\/skyline-gs.com\\\/it\\\/#\\\/schema\\\/logo\\\/image\\\/\"},\"sameAs\":[\"https:\\\/\\\/www.instagram.com\\\/skylineglobalservice\\\/\"]}]}<\/script>\n<!-- \/ Yoast SEO plugin. -->","yoast_head_json":{"title":"\u0418\u043d\u0434\u0438\u0432\u0438\u0434\u0443\u0430\u043b\u044c\u043d\u044b\u0439 \u0442\u0443\u0440: \u0424\u0430\u043d\u0440\u0430\u043d\u0433 \u0441 \u043a\u0430\u043f\u0438\u0431\u0430\u0440\u0430\u043c\u0438 &#8226; \u042d\u043a\u0441\u043a\u0443\u0440\u0441\u0438\u0438 Skyline","robots":{"index":"index","follow":"follow","max-snippet":"max-snippet:-1","max-image-preview":"max-image-preview:large","max-video-preview":"max-video-preview:-1"},"canonical":"https:\/\/skyline-gs.com\/de\/produkt\/privat-fanrang-with-capybaras-nhatrang\/","og_locale":"de_DE","og_type":"article","og_title":"\u0418\u043d\u0434\u0438\u0432\u0438\u0434\u0443\u0430\u043b\u044c\u043d\u044b\u0439 \u0442\u0443\u0440: \u0424\u0430\u043d\u0440\u0430\u043d\u0433 \u0441 \u043a\u0430\u043f\u0438\u0431\u0430\u0440\u0430\u043c\u0438 &#8226; \u042d\u043a\u0441\u043a\u0443\u0440\u0441\u0438\u0438 Skyline","og_description":"\u0412\u0440\u0435\u043c\u044f \u0442\u0443\u0440\u0430: 8:00 - 18:00  \u0414\u043d\u0438 \u043f\u0440\u043e\u0432\u0435\u0434\u0435\u043d\u0438\u044f: \u041a\u0430\u0436\u0434\u044b\u0439 \u0434\u0435\u043d\u044c","og_url":"https:\/\/skyline-gs.com\/de\/produkt\/privat-fanrang-with-capybaras-nhatrang\/","og_site_name":"\u042d\u043a\u0441\u043a\u0443\u0440\u0441\u0438\u0438 Skyline","article_modified_time":"2026-03-30T21:38:54+00:00","og_image":[{"width":669,"height":446,"url":"https:\/\/skyline-gs.com\/wp-content\/uploads\/2025\/06\/22.png","type":"image\/png"}],"twitter_card":"summary_large_image","twitter_misc":{"Gesch\u00e4tzte Lesezeit":"2\u00a0Minuten"},"schema":{"@context":"https:\/\/schema.org","@graph":[{"@type":"WebPage","@id":"https:\/\/skyline-gs.com\/product\/privat-fanrang-with-capybaras-nhatrang\/","url":"https:\/\/skyline-gs.com\/product\/privat-fanrang-with-capybaras-nhatrang\/","name":"\u0418\u043d\u0434\u0438\u0432\u0438\u0434\u0443\u0430\u043b\u044c\u043d\u044b\u0439 \u0442\u0443\u0440: \u0424\u0430\u043d\u0440\u0430\u043d\u0433 \u0441 \u043a\u0430\u043f\u0438\u0431\u0430\u0440\u0430\u043c\u0438 &#8226; \u042d\u043a\u0441\u043a\u0443\u0440\u0441\u0438\u0438 Skyline","isPartOf":{"@id":"https:\/\/skyline-gs.com\/it\/#website"},"primaryImageOfPage":{"@id":"https:\/\/skyline-gs.com\/product\/privat-fanrang-with-capybaras-nhatrang\/#primaryimage"},"image":{"@id":"https:\/\/skyline-gs.com\/product\/privat-fanrang-with-capybaras-nhatrang\/#primaryimage"},"thumbnailUrl":"https:\/\/skyline-gs.com\/wp-content\/uploads\/2025\/06\/22.png","datePublished":"2025-06-19T22:57:44+00:00","dateModified":"2026-03-30T21:38:54+00:00","breadcrumb":{"@id":"https:\/\/skyline-gs.com\/product\/privat-fanrang-with-capybaras-nhatrang\/#breadcrumb"},"inLanguage":"de","potentialAction":[{"@type":"ReadAction","target":["https:\/\/skyline-gs.com\/product\/privat-fanrang-with-capybaras-nhatrang\/"]}]},{"@type":"ImageObject","inLanguage":"de","@id":"https:\/\/skyline-gs.com\/product\/privat-fanrang-with-capybaras-nhatrang\/#primaryimage","url":"https:\/\/skyline-gs.com\/wp-content\/uploads\/2025\/06\/22.png","contentUrl":"https:\/\/skyline-gs.com\/wp-content\/uploads\/2025\/06\/22.png","width":669,"height":446},{"@type":"BreadcrumbList","@id":"https:\/\/skyline-gs.com\/product\/privat-fanrang-with-capybaras-nhatrang\/#breadcrumb","itemListElement":[{"@type":"ListItem","position":1,"name":"\u0413\u043b\u0430\u0432\u043d\u0430\u044f \u0441\u0442\u0440\u0430\u043d\u0438\u0446\u0430","item":"https:\/\/skyline-gs.com\/hu\/"},{"@type":"ListItem","position":2,"name":"\u041c\u0430\u0433\u0430\u0437\u0438\u043d","item":"https:\/\/skyline-gs.com\/cs\/shop\/"},{"@type":"ListItem","position":3,"name":"\u0418\u043d\u0434\u0438\u0432\u0438\u0434\u0443\u0430\u043b\u044c\u043d\u044b\u0439 \u0442\u0443\u0440: \u0424\u0430\u043d\u0440\u0430\u043d\u0433 \u0441 \u043a\u0430\u043f\u0438\u0431\u0430\u0440\u0430\u043c\u0438"}]},{"@type":"WebSite","@id":"https:\/\/skyline-gs.com\/it\/#website","url":"https:\/\/skyline-gs.com\/it\/","name":"Skyline Ausfl\u00fcge","description":"Exklusive Ausfl\u00fcge in den besten Resorts der Welt","publisher":{"@id":"https:\/\/skyline-gs.com\/it\/#organization"},"alternateName":"Skyline","potentialAction":[{"@type":"SearchAction","target":{"@type":"EntryPoint","urlTemplate":"https:\/\/skyline-gs.com\/it\/?s={search_term_string}"},"query-input":{"@type":"PropertyValueSpecification","valueRequired":true,"valueName":"search_term_string"}}],"inLanguage":"de"},{"@type":"Organization","@id":"https:\/\/skyline-gs.com\/it\/#organization","name":"Skyline Ausfl\u00fcge","alternateName":"\u042d\u043a\u0441\u043a\u0443\u0440\u0441\u0438\u0438 Skyline","url":"https:\/\/skyline-gs.com\/it\/","logo":{"@type":"ImageObject","inLanguage":"de","@id":"https:\/\/skyline-gs.com\/it\/#\/schema\/logo\/image\/","url":"https:\/\/skyline-gs.com\/wp-content\/uploads\/2020\/12\/cropped-logo-2.png","contentUrl":"https:\/\/skyline-gs.com\/wp-content\/uploads\/2020\/12\/cropped-logo-2.png","width":512,"height":512,"caption":"\u042d\u043a\u0441\u043a\u0443\u0440\u0441\u0438\u0438 Skyline"},"image":{"@id":"https:\/\/skyline-gs.com\/it\/#\/schema\/logo\/image\/"},"sameAs":["https:\/\/www.instagram.com\/skylineglobalservice\/"]}]}},"_links":{"self":[{"href":"https:\/\/skyline-gs.com\/de\/wp-json\/wp\/v2\/product\/64472","targetHints":{"allow":["GET"]}}],"collection":[{"href":"https:\/\/skyline-gs.com\/de\/wp-json\/wp\/v2\/product"}],"about":[{"href":"https:\/\/skyline-gs.com\/de\/wp-json\/wp\/v2\/types\/product"}],"version-history":[{"count":0,"href":"https:\/\/skyline-gs.com\/de\/wp-json\/wp\/v2\/product\/64472\/revisions"}],"wp:featuredmedia":[{"embeddable":true,"href":"https:\/\/skyline-gs.com\/de\/wp-json\/wp\/v2\/media\/64473"}],"wp:attachment":[{"href":"https:\/\/skyline-gs.com\/de\/wp-json\/wp\/v2\/media?parent=64472"}],"wp:term":[{"taxonomy":"product_brand","embeddable":true,"href":"https:\/\/skyline-gs.com\/de\/wp-json\/wp\/v2\/product_brand?post=64472"},{"taxonomy":"product_cat","embeddable":true,"href":"https:\/\/skyline-gs.com\/de\/wp-json\/wp\/v2\/product_cat?post=64472"},{"taxonomy":"product_tag","embeddable":true,"href":"https:\/\/skyline-gs.com\/de\/wp-json\/wp\/v2\/product_tag?post=64472"}],"curies":[{"name":"wp","href":"https:\/\/api.w.org\/{rel}","templated":true}]}}