{"id":64350,"date":"2025-06-16T01:46:54","date_gmt":"2025-06-15T23:46:54","guid":{"rendered":"http:\/\/skyline-gs.com\/?post_type=product&#038;p=64350"},"modified":"2025-06-16T23:21:23","modified_gmt":"2025-06-16T21:21:23","slug":"super-drive-5-in-1-kemer","status":"publish","type":"product","link":"https:\/\/skyline-gs.com\/de\/product\/super-drive-5-in-1-kemer\/","title":{"rendered":"Super drive 5 in 1: Rafting + Zipline + Buggy\/Quadro + Cabrio Safari + K\u00f6pr\u00fcl\u00fc Canyon"},"content":{"rendered":"<p>Ein intensiver 5-in-1-Ausflug: Rafting, Buggy- oder Quadro-Safari, Cabrio-Jiping, K\u00f6pr\u00fcl\u00fc-Canyon und Ziplining an einem Tag!<\/p>\n<p><strong>8:00 - Auschecken aus dem Hotel. <\/strong>Morgens Transfer vom Hotel zum K\u00f6pr\u00fcl\u00fc-Nationalpark<\/p>\n<ul>\n<li><strong data-start=\"613\" data-end=\"641\">Cabrio-Safari durch den Canyon.<\/strong> - 30 Minuten. Bis zu 400 m hohe Klippen, 14 km lang<\/li>\n<li>Fotostopp in einem malerischen Teil des Canyons<\/li>\n<li><strong data-start=\"742\" data-end=\"770\">Rafting auf dem Kepryuchai-Fluss<\/strong> - 2 Stunden<\/li>\n<li>Einweisung, Helme, Westen, Rafting mit Stopps und Schwimmen<\/li>\n<li><strong data-start=\"847\" data-end=\"877\">Mittagessen in einem Restaurant am Strand. <\/strong>Buffet: Salate, Pilaws, Nudeln, Huhn und Fisch<\/li>\n<li><strong data-start=\"940\" data-end=\"976\">Buggy oder Quad fahren<\/strong> - 20-30 Minuten<\/li>\n<li>Durch die Schlucht und auf Waldwegen<\/li>\n<li><strong data-start=\"1027\" data-end=\"1038\">Ziplining<\/strong> - 250 Meter \u00fcber dem Fluss, 2-3 Minuten. Mit Anleitung und Ausr\u00fcstung<\/li>\n<li>Ende des Programms - Transfer zum Hotel.<\/li>\n<\/ul>\n<p data-start=\"764\" data-end=\"809\"><strong>19:00 - R\u00fcckkehr zum Hotel.<\/strong><\/p>\n<p><strong>Inbegriffen:<\/strong><\/p>\n<ul>\n<li>Transfer vom Hotel und zur\u00fcck<\/li>\n<li>Cabrio Safari<\/li>\n<li>Rafting 2 Stunden<\/li>\n<li>Buggy oder Quad fahren<\/li>\n<li>Ziplining<\/li>\n<li>Abendessen<\/li>\n<li>Helme, Schwimmwesten, Paddel<\/li>\n<li>Russischsprachige Anstandsdamen<\/li>\n<li>Versicherung<\/li>\n<\/ul>\n<p><strong>Nicht enthalten:<\/strong><\/p>\n<ul>\n<li>Getr\u00e4nke<\/li>\n<li>Foto und Video - USB (optional)<\/li>\n<li>Staubdichtes Halstuch<\/li>\n<li>Safari-Schutzbrille<\/li>\n<li>Handytasche (optional)<\/li>\n<li>Neoprenanzug<\/li>\n<li>Gummischuhe<\/li>\n<li>Flo\u00df Kajak<\/li>\n<li>Pers\u00f6nliche Ausgaben<\/li>\n<\/ul>\n<p><strong>Nimm mit:<\/strong><\/p>\n<ul>\n<li>Geschlossene Schuhe sind Pflicht! Es ist nicht erlaubt, in Flip-Flops zu raften.<\/li>\n<li>Badeanzug, Handtuch, Sonnenschutzmittel und Sonnenbrille<\/li>\n<li>Wechsel von trockener Kleidung, Kopfbedeckung<\/li>\n<li>Gummistiefel, Tanktop unter der Weste.<\/li>\n<li>Geld f\u00fcr pers\u00f6nliche Ausgaben<\/li>\n<\/ul>\n<p><strong>Das ist wichtig zu wissen:<\/strong><\/p>\n<ul>\n<li>F\u00fchrerschein <strong data-start=\"1511\" data-end=\"1527\">nicht erforderlich<\/strong><\/li>\n<li>Kinder unter 16 Jahren - nur mit Eltern<\/li>\n<li>Nehmen Sie f\u00fcr Fotos\/Videos einen USB-Stick mit.<\/li>\n<li>Die Reihenfolge des Programms kann ge\u00e4ndert werden<\/li>\n<\/ul>","protected":false},"excerpt":{"rendered":"<p><strong>Tourzeit:<\/strong> 8:00 - 19:00<\/p>\n<p><strong>Veranstaltungstage:<\/strong> T\u00e4glich<\/p>","protected":false},"featured_media":64334,"template":"","meta":{"_kad_post_transparent":"default","_kad_post_title":"","_kad_post_layout":"default","_kad_post_sidebar_id":"","_kad_post_content_style":"default","_kad_post_vertical_padding":"default","_kad_post_feature":"","_kad_post_feature_position":"","_kad_post_header":false,"_kad_post_footer":false,"_kad_post_classname":"","_glsr_average":0,"_glsr_ranking":0,"_glsr_reviews":0},"product_brand":[],"product_cat":[448],"product_tag":[],"class_list":{"0":"post-64350","1":"product","2":"type-product","3":"status-publish","4":"has-post-thumbnail","6":"product_cat-kemer","7":"tm-has-options","9":"first","10":"instock","11":"sold-individually","12":"taxable","13":"shipping-taxable","14":"purchasable","15":"product-type-simple","16":"entry","17":"content-bg","18":"loop-entry"},"yoast_head":"<!-- This site is optimized with the Yoast SEO plugin v27.3 - https:\/\/yoast.com\/product\/yoast-seo-wordpress\/ -->\n<title>\u0421\u0443\u043f\u0435\u0440 \u0434\u0440\u0430\u0439\u0432 5 \u0432 1 \u0438\u0437 \u041a\u0435\u043c\u0435\u0440\u0430 &#8226; \u042d\u043a\u0441\u043a\u0443\u0440\u0441\u0438\u0438 Skyline<\/title>\n<meta name=\"description\" content=\"\u041d\u0430\u0441\u044b\u0449\u0435\u043d\u043d\u0430\u044f \u044d\u043a\u0441\u043a\u0443\u0440\u0441\u0438\u044f 5-\u0432-1: \u0440\u0430\u0444\u0442\u0438\u043d\u0433, \u0441\u0430\u0444\u0430\u0440\u0438 \u043d\u0430 \u0431\u0430\u0433\u0433\u0438 \u0438\u043b\u0438 \u043a\u0432\u0430\u0434\u0440\u043e, \u043a\u0430\u0442\u0430\u043d\u0438\u0435 \u043d\u0430 \u043a\u0430\u0431\u0440\u0438\u043e-\u0434\u0436\u0438\u043f\u0435, \u043a\u0430\u043d\u044c\u043e\u043d \u041a\u0451\u043f\u0440\u044e\u043b\u044e \u0438 \u0437\u0438\u043f\u043b\u0430\u0439\u043d \u0437\u0430 \u043e\u0434\u0438\u043d \u0434\u0435\u043d\u044c!\" \/>\n<meta name=\"robots\" content=\"index, follow, max-snippet:-1, max-image-preview:large, max-video-preview:-1\" \/>\n<link rel=\"canonical\" href=\"https:\/\/skyline-gs.com\/de\/produkt\/super-drive-5-in-1-kemer\/\" \/>\n<meta property=\"og:locale\" content=\"de_DE\" \/>\n<meta property=\"og:type\" content=\"article\" \/>\n<meta property=\"og:title\" content=\"\u0421\u0443\u043f\u0435\u0440 \u0434\u0440\u0430\u0439\u0432 5 \u0432 1 \u0438\u0437 \u041a\u0435\u043c\u0435\u0440\u0430 &#8226; \u042d\u043a\u0441\u043a\u0443\u0440\u0441\u0438\u0438 Skyline\" \/>\n<meta property=\"og:description\" content=\"\u041d\u0430\u0441\u044b\u0449\u0435\u043d\u043d\u0430\u044f \u044d\u043a\u0441\u043a\u0443\u0440\u0441\u0438\u044f 5-\u0432-1: \u0440\u0430\u0444\u0442\u0438\u043d\u0433, \u0441\u0430\u0444\u0430\u0440\u0438 \u043d\u0430 \u0431\u0430\u0433\u0433\u0438 \u0438\u043b\u0438 \u043a\u0432\u0430\u0434\u0440\u043e, \u043a\u0430\u0442\u0430\u043d\u0438\u0435 \u043d\u0430 \u043a\u0430\u0431\u0440\u0438\u043e-\u0434\u0436\u0438\u043f\u0435, \u043a\u0430\u043d\u044c\u043e\u043d \u041a\u0451\u043f\u0440\u044e\u043b\u044e \u0438 \u0437\u0438\u043f\u043b\u0430\u0439\u043d \u0437\u0430 \u043e\u0434\u0438\u043d \u0434\u0435\u043d\u044c!\" \/>\n<meta property=\"og:url\" content=\"https:\/\/skyline-gs.com\/de\/produkt\/super-drive-5-in-1-kemer\/\" \/>\n<meta property=\"og:site_name\" content=\"\u042d\u043a\u0441\u043a\u0443\u0440\u0441\u0438\u0438 Skyline\" \/>\n<meta property=\"article:modified_time\" content=\"2025-06-16T21:21:23+00:00\" \/>\n<meta property=\"og:image\" content=\"https:\/\/skyline-gs.com\/wp-content\/uploads\/2025\/06\/\u0411\u0430\u0433\u0433\u0438-\u0432-\u0410\u043b\u0430\u043d\u044c\u0435-4.jpg\" \/>\n\t<meta property=\"og:image:width\" content=\"669\" \/>\n\t<meta property=\"og:image:height\" content=\"446\" \/>\n\t<meta property=\"og:image:type\" content=\"image\/jpeg\" \/>\n<meta name=\"twitter:card\" content=\"summary_large_image\" \/>\n<meta name=\"twitter:label1\" content=\"Gesch\u00e4tzte Lesezeit\" \/>\n\t<meta name=\"twitter:data1\" content=\"2\u00a0Minuten\" \/>\n<script type=\"application\/ld+json\" class=\"yoast-schema-graph\">{\"@context\":\"https:\\\/\\\/schema.org\",\"@graph\":[{\"@type\":\"WebPage\",\"@id\":\"https:\\\/\\\/skyline-gs.com\\\/en\\\/product-2\\\/super-drive-5-in-1-kemer\\\/\",\"url\":\"https:\\\/\\\/skyline-gs.com\\\/en\\\/product-2\\\/super-drive-5-in-1-kemer\\\/\",\"name\":\"\u0421\u0443\u043f\u0435\u0440 \u0434\u0440\u0430\u0439\u0432 5 \u0432 1 \u0438\u0437 \u041a\u0435\u043c\u0435\u0440\u0430 &#8226; \u042d\u043a\u0441\u043a\u0443\u0440\u0441\u0438\u0438 Skyline\",\"isPartOf\":{\"@id\":\"https:\\\/\\\/skyline-gs.com\\\/it\\\/#website\"},\"primaryImageOfPage\":{\"@id\":\"https:\\\/\\\/skyline-gs.com\\\/en\\\/product-2\\\/super-drive-5-in-1-kemer\\\/#primaryimage\"},\"image\":{\"@id\":\"https:\\\/\\\/skyline-gs.com\\\/en\\\/product-2\\\/super-drive-5-in-1-kemer\\\/#primaryimage\"},\"thumbnailUrl\":\"https:\\\/\\\/skyline-gs.com\\\/wp-content\\\/uploads\\\/2025\\\/06\\\/\u0411\u0430\u0433\u0433\u0438-\u0432-\u0410\u043b\u0430\u043d\u044c\u0435-4.jpg\",\"datePublished\":\"2025-06-15T23:46:54+00:00\",\"dateModified\":\"2025-06-16T21:21:23+00:00\",\"description\":\"\u041d\u0430\u0441\u044b\u0449\u0435\u043d\u043d\u0430\u044f \u044d\u043a\u0441\u043a\u0443\u0440\u0441\u0438\u044f 5-\u0432-1: \u0440\u0430\u0444\u0442\u0438\u043d\u0433, \u0441\u0430\u0444\u0430\u0440\u0438 \u043d\u0430 \u0431\u0430\u0433\u0433\u0438 \u0438\u043b\u0438 \u043a\u0432\u0430\u0434\u0440\u043e, \u043a\u0430\u0442\u0430\u043d\u0438\u0435 \u043d\u0430 \u043a\u0430\u0431\u0440\u0438\u043e-\u0434\u0436\u0438\u043f\u0435, \u043a\u0430\u043d\u044c\u043e\u043d \u041a\u0451\u043f\u0440\u044e\u043b\u044e \u0438 \u0437\u0438\u043f\u043b\u0430\u0439\u043d \u0437\u0430 \u043e\u0434\u0438\u043d \u0434\u0435\u043d\u044c!\",\"breadcrumb\":{\"@id\":\"https:\\\/\\\/skyline-gs.com\\\/en\\\/product-2\\\/super-drive-5-in-1-kemer\\\/#breadcrumb\"},\"inLanguage\":\"de\",\"potentialAction\":[{\"@type\":\"ReadAction\",\"target\":[\"https:\\\/\\\/skyline-gs.com\\\/en\\\/product-2\\\/super-drive-5-in-1-kemer\\\/\"]}]},{\"@type\":\"ImageObject\",\"inLanguage\":\"de\",\"@id\":\"https:\\\/\\\/skyline-gs.com\\\/en\\\/product-2\\\/super-drive-5-in-1-kemer\\\/#primaryimage\",\"url\":\"https:\\\/\\\/skyline-gs.com\\\/wp-content\\\/uploads\\\/2025\\\/06\\\/\u0411\u0430\u0433\u0433\u0438-\u0432-\u0410\u043b\u0430\u043d\u044c\u0435-4.jpg\",\"contentUrl\":\"https:\\\/\\\/skyline-gs.com\\\/wp-content\\\/uploads\\\/2025\\\/06\\\/\u0411\u0430\u0433\u0433\u0438-\u0432-\u0410\u043b\u0430\u043d\u044c\u0435-4.jpg\",\"width\":669,\"height\":446},{\"@type\":\"BreadcrumbList\",\"@id\":\"https:\\\/\\\/skyline-gs.com\\\/en\\\/product-2\\\/super-drive-5-in-1-kemer\\\/#breadcrumb\",\"itemListElement\":[{\"@type\":\"ListItem\",\"position\":1,\"name\":\"\u0413\u043b\u0430\u0432\u043d\u0430\u044f \u0441\u0442\u0440\u0430\u043d\u0438\u0446\u0430\",\"item\":\"https:\\\/\\\/skyline-gs.com\\\/hu\\\/\"},{\"@type\":\"ListItem\",\"position\":2,\"name\":\"\u041c\u0430\u0433\u0430\u0437\u0438\u043d\",\"item\":\"https:\\\/\\\/skyline-gs.com\\\/cs\\\/shop\\\/\"},{\"@type\":\"ListItem\",\"position\":3,\"name\":\"\u0421\u0443\u043f\u0435\u0440 \u0434\u0440\u0430\u0439\u0432 5 \u0432 1: \u0420\u0430\u0444\u0442\u0438\u043d\u0433 + \u0417\u0438\u043f\u043b\u0430\u0439\u043d + \u0411\u0430\u0433\u0433\u0438\\\/\u041a\u0432\u0430\u0434\u0440\u043e + \u041a\u0430\u0431\u0440\u0438\u043e \u0421\u0430\u0444\u0430\u0440\u0438 + \u041a\u0430\u043d\u044c\u043e\u043d \u041a\u0451\u043f\u0440\u044e\u043b\u044e\"}]},{\"@type\":\"WebSite\",\"@id\":\"https:\\\/\\\/skyline-gs.com\\\/it\\\/#website\",\"url\":\"https:\\\/\\\/skyline-gs.com\\\/it\\\/\",\"name\":\"\u042d\u043a\u0441\u043a\u0443\u0440\u0441\u0438\u0438 Skyline\",\"description\":\"\u042d\u043a\u0441\u043a\u043b\u044e\u0437\u0438\u0432\u043d\u044b\u0435 \u044d\u043a\u0441\u043a\u0443\u0440\u0441\u0438\u0438 \u043d\u0430 \u043b\u0443\u0447\u0448\u0438\u0445 \u043a\u0443\u0440\u043e\u0440\u0442\u0430\u0445 \u043c\u0438\u0440\u0430\",\"publisher\":{\"@id\":\"https:\\\/\\\/skyline-gs.com\\\/it\\\/#organization\"},\"alternateName\":\"Skyline\",\"potentialAction\":[{\"@type\":\"SearchAction\",\"target\":{\"@type\":\"EntryPoint\",\"urlTemplate\":\"https:\\\/\\\/skyline-gs.com\\\/it\\\/?s={search_term_string}\"},\"query-input\":{\"@type\":\"PropertyValueSpecification\",\"valueRequired\":true,\"valueName\":\"search_term_string\"}}],\"inLanguage\":\"de\"},{\"@type\":\"Organization\",\"@id\":\"https:\\\/\\\/skyline-gs.com\\\/it\\\/#organization\",\"name\":\"\u042d\u043a\u0441\u043a\u0443\u0440\u0441\u0438\u0438 Skyline\",\"alternateName\":\"\u042d\u043a\u0441\u043a\u0443\u0440\u0441\u0438\u0438 Skyline\",\"url\":\"https:\\\/\\\/skyline-gs.com\\\/it\\\/\",\"logo\":{\"@type\":\"ImageObject\",\"inLanguage\":\"de\",\"@id\":\"https:\\\/\\\/skyline-gs.com\\\/it\\\/#\\\/schema\\\/logo\\\/image\\\/\",\"url\":\"https:\\\/\\\/skyline-gs.com\\\/wp-content\\\/uploads\\\/2020\\\/12\\\/cropped-logo-2.png\",\"contentUrl\":\"https:\\\/\\\/skyline-gs.com\\\/wp-content\\\/uploads\\\/2020\\\/12\\\/cropped-logo-2.png\",\"width\":512,\"height\":512,\"caption\":\"\u042d\u043a\u0441\u043a\u0443\u0440\u0441\u0438\u0438 Skyline\"},\"image\":{\"@id\":\"https:\\\/\\\/skyline-gs.com\\\/it\\\/#\\\/schema\\\/logo\\\/image\\\/\"},\"sameAs\":[\"https:\\\/\\\/www.instagram.com\\\/skylineglobalservice\\\/\"]}]}<\/script>\n<!-- \/ Yoast SEO plugin. -->","yoast_head_json":{"title":"\u0421\u0443\u043f\u0435\u0440 \u0434\u0440\u0430\u0439\u0432 5 \u0432 1 \u0438\u0437 \u041a\u0435\u043c\u0435\u0440\u0430 &#8226; \u042d\u043a\u0441\u043a\u0443\u0440\u0441\u0438\u0438 Skyline","description":"Ein intensiver 5-in-1-Ausflug: Rafting, Buggy- oder Quadro-Safari, Cabrio-Jiping, K\u00f6pr\u00fcl\u00fc-Canyon und Ziplining an einem Tag!","robots":{"index":"index","follow":"follow","max-snippet":"max-snippet:-1","max-image-preview":"max-image-preview:large","max-video-preview":"max-video-preview:-1"},"canonical":"https:\/\/skyline-gs.com\/de\/produkt\/super-drive-5-in-1-kemer\/","og_locale":"de_DE","og_type":"article","og_title":"\u0421\u0443\u043f\u0435\u0440 \u0434\u0440\u0430\u0439\u0432 5 \u0432 1 \u0438\u0437 \u041a\u0435\u043c\u0435\u0440\u0430 &#8226; \u042d\u043a\u0441\u043a\u0443\u0440\u0441\u0438\u0438 Skyline","og_description":"\u041d\u0430\u0441\u044b\u0449\u0435\u043d\u043d\u0430\u044f \u044d\u043a\u0441\u043a\u0443\u0440\u0441\u0438\u044f 5-\u0432-1: \u0440\u0430\u0444\u0442\u0438\u043d\u0433, \u0441\u0430\u0444\u0430\u0440\u0438 \u043d\u0430 \u0431\u0430\u0433\u0433\u0438 \u0438\u043b\u0438 \u043a\u0432\u0430\u0434\u0440\u043e, \u043a\u0430\u0442\u0430\u043d\u0438\u0435 \u043d\u0430 \u043a\u0430\u0431\u0440\u0438\u043e-\u0434\u0436\u0438\u043f\u0435, \u043a\u0430\u043d\u044c\u043e\u043d \u041a\u0451\u043f\u0440\u044e\u043b\u044e \u0438 \u0437\u0438\u043f\u043b\u0430\u0439\u043d \u0437\u0430 \u043e\u0434\u0438\u043d \u0434\u0435\u043d\u044c!","og_url":"https:\/\/skyline-gs.com\/de\/produkt\/super-drive-5-in-1-kemer\/","og_site_name":"\u042d\u043a\u0441\u043a\u0443\u0440\u0441\u0438\u0438 Skyline","article_modified_time":"2025-06-16T21:21:23+00:00","og_image":[{"width":669,"height":446,"url":"https:\/\/skyline-gs.com\/wp-content\/uploads\/2025\/06\/\u0411\u0430\u0433\u0433\u0438-\u0432-\u0410\u043b\u0430\u043d\u044c\u0435-4.jpg","type":"image\/jpeg"}],"twitter_card":"summary_large_image","twitter_misc":{"Gesch\u00e4tzte Lesezeit":"2\u00a0Minuten"},"schema":{"@context":"https:\/\/schema.org","@graph":[{"@type":"WebPage","@id":"https:\/\/skyline-gs.com\/en\/product-2\/super-drive-5-in-1-kemer\/","url":"https:\/\/skyline-gs.com\/en\/product-2\/super-drive-5-in-1-kemer\/","name":"\u0421\u0443\u043f\u0435\u0440 \u0434\u0440\u0430\u0439\u0432 5 \u0432 1 \u0438\u0437 \u041a\u0435\u043c\u0435\u0440\u0430 &#8226; \u042d\u043a\u0441\u043a\u0443\u0440\u0441\u0438\u0438 Skyline","isPartOf":{"@id":"https:\/\/skyline-gs.com\/it\/#website"},"primaryImageOfPage":{"@id":"https:\/\/skyline-gs.com\/en\/product-2\/super-drive-5-in-1-kemer\/#primaryimage"},"image":{"@id":"https:\/\/skyline-gs.com\/en\/product-2\/super-drive-5-in-1-kemer\/#primaryimage"},"thumbnailUrl":"https:\/\/skyline-gs.com\/wp-content\/uploads\/2025\/06\/\u0411\u0430\u0433\u0433\u0438-\u0432-\u0410\u043b\u0430\u043d\u044c\u0435-4.jpg","datePublished":"2025-06-15T23:46:54+00:00","dateModified":"2025-06-16T21:21:23+00:00","description":"Ein intensiver 5-in-1-Ausflug: Rafting, Buggy- oder Quadro-Safari, Cabrio-Jiping, K\u00f6pr\u00fcl\u00fc-Canyon und Ziplining an einem Tag!","breadcrumb":{"@id":"https:\/\/skyline-gs.com\/en\/product-2\/super-drive-5-in-1-kemer\/#breadcrumb"},"inLanguage":"de","potentialAction":[{"@type":"ReadAction","target":["https:\/\/skyline-gs.com\/en\/product-2\/super-drive-5-in-1-kemer\/"]}]},{"@type":"ImageObject","inLanguage":"de","@id":"https:\/\/skyline-gs.com\/en\/product-2\/super-drive-5-in-1-kemer\/#primaryimage","url":"https:\/\/skyline-gs.com\/wp-content\/uploads\/2025\/06\/\u0411\u0430\u0433\u0433\u0438-\u0432-\u0410\u043b\u0430\u043d\u044c\u0435-4.jpg","contentUrl":"https:\/\/skyline-gs.com\/wp-content\/uploads\/2025\/06\/\u0411\u0430\u0433\u0433\u0438-\u0432-\u0410\u043b\u0430\u043d\u044c\u0435-4.jpg","width":669,"height":446},{"@type":"BreadcrumbList","@id":"https:\/\/skyline-gs.com\/en\/product-2\/super-drive-5-in-1-kemer\/#breadcrumb","itemListElement":[{"@type":"ListItem","position":1,"name":"\u0413\u043b\u0430\u0432\u043d\u0430\u044f \u0441\u0442\u0440\u0430\u043d\u0438\u0446\u0430","item":"https:\/\/skyline-gs.com\/hu\/"},{"@type":"ListItem","position":2,"name":"\u041c\u0430\u0433\u0430\u0437\u0438\u043d","item":"https:\/\/skyline-gs.com\/cs\/shop\/"},{"@type":"ListItem","position":3,"name":"\u0421\u0443\u043f\u0435\u0440 \u0434\u0440\u0430\u0439\u0432 5 \u0432 1: \u0420\u0430\u0444\u0442\u0438\u043d\u0433 + \u0417\u0438\u043f\u043b\u0430\u0439\u043d + \u0411\u0430\u0433\u0433\u0438\/\u041a\u0432\u0430\u0434\u0440\u043e + \u041a\u0430\u0431\u0440\u0438\u043e \u0421\u0430\u0444\u0430\u0440\u0438 + \u041a\u0430\u043d\u044c\u043e\u043d \u041a\u0451\u043f\u0440\u044e\u043b\u044e"}]},{"@type":"WebSite","@id":"https:\/\/skyline-gs.com\/it\/#website","url":"https:\/\/skyline-gs.com\/it\/","name":"Skyline Ausfl\u00fcge","description":"Exklusive Ausfl\u00fcge in den besten Resorts der Welt","publisher":{"@id":"https:\/\/skyline-gs.com\/it\/#organization"},"alternateName":"Skyline","potentialAction":[{"@type":"SearchAction","target":{"@type":"EntryPoint","urlTemplate":"https:\/\/skyline-gs.com\/it\/?s={search_term_string}"},"query-input":{"@type":"PropertyValueSpecification","valueRequired":true,"valueName":"search_term_string"}}],"inLanguage":"de"},{"@type":"Organization","@id":"https:\/\/skyline-gs.com\/it\/#organization","name":"Skyline Ausfl\u00fcge","alternateName":"\u042d\u043a\u0441\u043a\u0443\u0440\u0441\u0438\u0438 Skyline","url":"https:\/\/skyline-gs.com\/it\/","logo":{"@type":"ImageObject","inLanguage":"de","@id":"https:\/\/skyline-gs.com\/it\/#\/schema\/logo\/image\/","url":"https:\/\/skyline-gs.com\/wp-content\/uploads\/2020\/12\/cropped-logo-2.png","contentUrl":"https:\/\/skyline-gs.com\/wp-content\/uploads\/2020\/12\/cropped-logo-2.png","width":512,"height":512,"caption":"\u042d\u043a\u0441\u043a\u0443\u0440\u0441\u0438\u0438 Skyline"},"image":{"@id":"https:\/\/skyline-gs.com\/it\/#\/schema\/logo\/image\/"},"sameAs":["https:\/\/www.instagram.com\/skylineglobalservice\/"]}]}},"_links":{"self":[{"href":"https:\/\/skyline-gs.com\/de\/wp-json\/wp\/v2\/product\/64350","targetHints":{"allow":["GET"]}}],"collection":[{"href":"https:\/\/skyline-gs.com\/de\/wp-json\/wp\/v2\/product"}],"about":[{"href":"https:\/\/skyline-gs.com\/de\/wp-json\/wp\/v2\/types\/product"}],"version-history":[{"count":0,"href":"https:\/\/skyline-gs.com\/de\/wp-json\/wp\/v2\/product\/64350\/revisions"}],"wp:featuredmedia":[{"embeddable":true,"href":"https:\/\/skyline-gs.com\/de\/wp-json\/wp\/v2\/media\/64334"}],"wp:attachment":[{"href":"https:\/\/skyline-gs.com\/de\/wp-json\/wp\/v2\/media?parent=64350"}],"wp:term":[{"taxonomy":"product_brand","embeddable":true,"href":"https:\/\/skyline-gs.com\/de\/wp-json\/wp\/v2\/product_brand?post=64350"},{"taxonomy":"product_cat","embeddable":true,"href":"https:\/\/skyline-gs.com\/de\/wp-json\/wp\/v2\/product_cat?post=64350"},{"taxonomy":"product_tag","embeddable":true,"href":"https:\/\/skyline-gs.com\/de\/wp-json\/wp\/v2\/product_tag?post=64350"}],"curies":[{"name":"wp","href":"https:\/\/api.w.org\/{rel}","templated":true}]}}