{"id":63526,"date":"2025-05-27T22:24:39","date_gmt":"2025-05-27T20:24:39","guid":{"rendered":"http:\/\/skyline-gs.com\/?post_type=product&#038;p=63526"},"modified":"2025-12-23T00:45:32","modified_gmt":"2025-12-22T22:45:32","slug":"grose-tournee-in-island","status":"publish","type":"product","link":"https:\/\/skyline-gs.com\/de\/product\/big-tour-in-iceland\/","title":{"rendered":"Personalisierte Tour: Gro\u00dfe Tour durch Island (7 Tage)"},"content":{"rendered":"<p>Ein gro\u00dfer Ring um Island mit Gletschern, Vulkanen, Wasserf\u00e4llen, Fjorden, Inseln, hei\u00dfen Quellen und Nordlichtern. Maximale Erfahrung, null Hektik. Und das alles in Begleitung eines erfahrenen Reiseleiters, der f\u00fcr Ihren Komfort und Ihre W\u00e4rme sorgt.<\/p>\n<p><strong>Die Einzigartigkeit der Tour:<\/strong><\/p>\n<ul>\n<li data-start=\"673\" data-end=\"796\"><strong data-start=\"673\" data-end=\"696\">Abdeckung des gesamten Staatsgebiets von Island<\/strong> - Reisen entlang der Ringstra\u00dfe: Wasserf\u00e4lle, Fjorde, Geysire, Vulkane und Gletscher auf einer Route.<\/li>\n<li data-start=\"800\" data-end=\"915\"><strong data-start=\"800\" data-end=\"822\">Optimales Gleichgewicht<\/strong> - Ein reichhaltiges Programm ohne \u00dcberlastung: H\u00f6hepunkte und abgelegene Orte.<\/li>\n<li data-start=\"919\" data-end=\"1051\"><strong data-start=\"919\" data-end=\"941\">Komfort und Flexibilit\u00e4t<\/strong> - individueller Ansatz, M\u00f6glichkeit zur Anpassung der Reiseroute und Unterbringung in stimmungsvollen Orten mit Blick auf die Natur.<\/li>\n<\/ul>\n<p><strong>Tag 1: Reykjav\u00edk und der Goldene Ring<\/strong><\/p>\n<p><strong>8:00 - Abfahrt von Ihrer Hotellobby<\/strong><\/p>\n<ul>\n<li data-start=\"558\" data-end=\"654\"><strong data-start=\"558\" data-end=\"590\">\u00deingvellir-Nationalpark<\/strong> - der Ort, an dem die tektonischen Platten aufeinandertreffen, und das erste Parlament der Welt.<\/li>\n<li data-start=\"657\" data-end=\"725\"><strong data-start=\"657\" data-end=\"676\">Geysir Strokkur<\/strong> - alle sieben Minuten eine echte S\u00e4ule aus kochendem Wasser in den Himmel.<\/li>\n<li data-start=\"728\" data-end=\"807\"><strong data-start=\"728\" data-end=\"755\">Der m\u00e4chtige Wasserfall Gullfoss<\/strong> - Golden Falls\u00ab gab der gesamten Route nicht umsonst ihren Namen.<\/li>\n<li data-start=\"810\" data-end=\"879\"><strong data-start=\"810\" data-end=\"826\">Kerid-Krater<\/strong> (Eintritt ~5 \u20ac) - ein vollkommen runder See im Inneren des Kraters.<\/li>\n<li data-start=\"882\" data-end=\"973\"><strong data-start=\"882\" data-end=\"911\">Fri\u00f0heimar-Tomatenhof<\/strong> - ein einzigartiges Gew\u00e4chshaus, in dem Tomaten unter der Sonne des Nordens wachsen.<\/li>\n<li><strong>Besuch der Blauen Lagune oder der Himmelslagune<\/strong> - thermische Entspannung mit Meerblick.<\/li>\n<\/ul>\n<p><strong>Tag 2: Reykjav\u00edk - Kultur, Wale und Panoramen<\/strong><\/p>\n<ul>\n<li><strong>Reykjav\u00edk Besichtigungstour<\/strong>:<\/li>\n<li>Hallgr\u00edmskirkja<\/li>\n<li>Harpa<\/li>\n<li>S\u00f3lfar<\/li>\n<li>Der alte Hafen und die Stra\u00dfe Laugavegur<\/li>\n<li>Das Parlament und der See Tj\u00f6rnin<\/li>\n<\/ul>\n<p>Die Wahl:<\/p>\n<ul>\n<li data-start=\"1532\" data-end=\"1584\"><strong>Meereswal-Safari<\/strong> (Klassisch\/Premium)<\/li>\n<li data-start=\"1587\" data-end=\"1636\"><strong>FlyOver Island<\/strong> - 5D-Flug \u00fcber das ganze Land<\/li>\n<li data-start=\"1639\" data-end=\"1688\"><strong>Lavashow<\/strong>, das Perlan-Museum, das Walmuseum<\/li>\n<li data-start=\"1691\" data-end=\"1730\"><strong>Besuch von Thermalb\u00e4dern<\/strong><\/li>\n<\/ul>\n<p><strong>Tag 3: Die Insel Heimaey und der Atlantik<\/strong><\/p>\n<ul>\n<li data-start=\"1898\" data-end=\"1943\">Die F\u00e4hre nach <strong>Insel Heimaey<\/strong> (Hin- und R\u00fcckfahrt ~240 \u20ac)<\/li>\n<li data-start=\"1946\" data-end=\"2011\"><strong>Ein Spaziergang durch die Lavafelder<\/strong>, nach der Eruption von 1973 eingefroren.<\/li>\n<li data-start=\"2014\" data-end=\"2078\">Ausgucke, Seev\u00f6gel, <strong>die M\u00f6glichkeit, tote Tiere zu sehen<\/strong><\/li>\n<li data-start=\"2081\" data-end=\"2143\">R\u00fcckkehr zum Festland \u00fcber <strong data-start=\"2110\" data-end=\"2130\">Eine geheime Lagune<\/strong> (Eintritt ~30 \u20ac)<\/li>\n<\/ul>\n<p><strong>Tag 4-5: S\u00fcdk\u00fcste und Gletscher<\/strong><\/p>\n<ul>\n<li data-start=\"2308\" data-end=\"2373\">Wasserf\u00e4lle <strong data-start=\"2317\" data-end=\"2335\">Seljalandsfoss<\/strong> (mit einem Pfad hinter dem Bach) und <strong data-start=\"2360\" data-end=\"2373\">Sk\u00f3gafoss<\/strong><\/li>\n<li data-start=\"2376\" data-end=\"2425\">Felsen <strong data-start=\"2382\" data-end=\"2395\">Dyrh\u00f3laey<\/strong> und der schwarze Strand <strong data-start=\"2410\" data-end=\"2425\">Reynisfjara<\/strong><\/li>\n<li data-start=\"2428\" data-end=\"2482\"><strong data-start=\"2428\" data-end=\"2453\">Ein abgest\u00fcrztes DC-3-Flugzeug<\/strong> (fakultativ, Transfer: 25 \u20ac)<\/li>\n<li data-start=\"2485\" data-end=\"2510\"><strong data-start=\"2485\" data-end=\"2510\">Fja\u00f0r\u00e1rglj\u00fafur-Schlucht<\/strong><\/li>\n<li data-start=\"2513\" data-end=\"2566\"><strong data-start=\"2513\" data-end=\"2546\">Gletscherlagune J\u00f6kuls\u00e1rl\u00f3n<\/strong> \u0438 <strong data-start=\"2549\" data-end=\"2566\">Diamant-Strand<\/strong><\/li>\n<li data-start=\"2569\" data-end=\"2637\">Es besteht die M\u00f6glichkeit, die Tour durch einen Ausflug zur Eish\u00f6hle Katla zu erg\u00e4nzen (~200 \u20ac)<\/li>\n<\/ul>\n<p><strong>Tag 6: Reykjavik<\/strong><\/p>\n<ul>\n<li>Freizeit, Shopping, Kultur - freier Tag<\/li>\n<\/ul>\n<p><strong>Tag 7: Westlich von Island - Halbinsel Snaefellsnes<\/strong><\/p>\n<ul>\n<li data-start=\"2985\" data-end=\"3022\"><strong data-start=\"2985\" data-end=\"2999\">Ytri-Tunga<\/strong> - Seehundstrand<\/li>\n<li data-start=\"3025\" data-end=\"3078\"><strong data-start=\"3025\" data-end=\"3040\">Kirkjufell<\/strong> - Der meistfotografierte Berg Islands<\/li>\n<li data-start=\"3081\" data-end=\"3135\"><strong data-start=\"3081\" data-end=\"3095\">Arnarstapi<\/strong> - eine felsige Landzunge mit einem Bogen und M\u00f6wennestern<\/li>\n<li data-start=\"3138\" data-end=\"3191\"><strong data-start=\"3138\" data-end=\"3157\">Djupalonssandur<\/strong> - ein schwarzer Strand mit Schiffswracks<\/li>\n<\/ul>\n<p data-start=\"3117\" data-end=\"3126\"><strong>20:00 - R\u00fcckkehr zum Hotel<\/strong><\/p>\n<p><strong>Inbegriffen:<\/strong><\/p>\n<ul>\n<li>Transfer vom Hotel und zur\u00fcck<\/li>\n<li>Transfers in einem komfortablen 4\u00d74 SUV mit Klimaanlage<\/li>\n<li>Englischsprachiger Reiseleiter<\/li>\n<li>Kraftstoff<\/li>\n<\/ul>\n<p><strong>Nicht enthalten:<\/strong><\/p>\n<ul>\n<li>Unterkunft (Hotels oder Ferienh\u00e4user)<\/li>\n<li>Eintrittskarten<\/li>\n<li>Baden in den Thermalquellen (ab 30 Euro)<\/li>\n<li>Mahlzeiten (optional, Caf\u00e9s entlang der Strecke)<\/li>\n<li>Kostenpflichtige Parkpl\u00e4tze entlang der Strecke<\/li>\n<\/ul>\n<p><strong>Nimm mit:<\/strong><\/p>\n<ul>\n<li>Kamera<\/li>\n<li>Bequeme Schuhe<\/li>\n<li>Warme Kleidung<\/li>\n<li>Geld f\u00fcr pers\u00f6nliche Ausgaben<\/li>\n<\/ul>","protected":false},"excerpt":{"rendered":"<p><strong>Tourzeit: <\/strong>7 Tage<\/p>\n<p><strong>Veranstaltungstage: <\/strong>T\u00e4glich<\/p>","protected":false},"featured_media":63535,"template":"","meta":{"_kad_post_transparent":"default","_kad_post_title":"","_kad_post_layout":"default","_kad_post_sidebar_id":"","_kad_post_content_style":"default","_kad_post_vertical_padding":"default","_kad_post_feature":"","_kad_post_feature_position":"","_kad_post_header":false,"_kad_post_footer":false,"_kad_post_classname":"","_glsr_average":0,"_glsr_ranking":0,"_glsr_reviews":0},"product_brand":[],"product_cat":[467],"product_tag":[],"class_list":{"0":"post-63526","1":"product","2":"type-product","3":"status-publish","4":"has-post-thumbnail","6":"product_cat-iceland","7":"tm-has-options","9":"first","10":"instock","11":"sold-individually","12":"taxable","13":"shipping-taxable","14":"purchasable","15":"product-type-simple","16":"entry","17":"content-bg","18":"loop-entry"},"yoast_head":"<!-- This site is optimized with the Yoast SEO plugin v27.4 - https:\/\/yoast.com\/product\/yoast-seo-wordpress\/ -->\n<title>\u0418\u043d\u0434\u0438\u0432\u0438\u0434\u0443\u0430\u043b\u044c\u043d\u044b\u0439 \u0442\u0443\u0440: \u0411\u043e\u043b\u044c\u0448\u043e\u0439 \u0442\u0443\u0440 \u043f\u043e \u0418\u0441\u043b\u0430\u043d\u0434\u0438\u0438 (7 \u0434\u043d\u0435\u0439) &#8226; \u042d\u043a\u0441\u043a\u0443\u0440\u0441\u0438\u0438 Skyline<\/title>\n<meta name=\"robots\" content=\"index, follow, max-snippet:-1, max-image-preview:large, max-video-preview:-1\" \/>\n<link rel=\"canonical\" href=\"https:\/\/skyline-gs.com\/de\/produkt\/grose-tournee-in-island\/\" \/>\n<meta property=\"og:locale\" content=\"de_DE\" \/>\n<meta property=\"og:type\" content=\"article\" \/>\n<meta property=\"og:title\" content=\"\u0418\u043d\u0434\u0438\u0432\u0438\u0434\u0443\u0430\u043b\u044c\u043d\u044b\u0439 \u0442\u0443\u0440: \u0411\u043e\u043b\u044c\u0448\u043e\u0439 \u0442\u0443\u0440 \u043f\u043e \u0418\u0441\u043b\u0430\u043d\u0434\u0438\u0438 (7 \u0434\u043d\u0435\u0439) &#8226; \u042d\u043a\u0441\u043a\u0443\u0440\u0441\u0438\u0438 Skyline\" \/>\n<meta property=\"og:description\" content=\"\u0412\u0440\u0435\u043c\u044f \u0442\u0443\u0440\u0430: 7 \u0434\u043d\u0435\u0439  \u0414\u043d\u0438 \u043f\u0440\u043e\u0432\u0435\u0434\u0435\u043d\u0438\u044f: \u041a\u0430\u0436\u0434\u044b\u0439 \u0434\u0435\u043d\u044c\" \/>\n<meta property=\"og:url\" content=\"https:\/\/skyline-gs.com\/de\/produkt\/grose-tournee-in-island\/\" \/>\n<meta property=\"og:site_name\" content=\"\u042d\u043a\u0441\u043a\u0443\u0440\u0441\u0438\u0438 Skyline\" \/>\n<meta property=\"article:modified_time\" content=\"2025-12-22T22:45:32+00:00\" \/>\n<meta property=\"og:image\" content=\"https:\/\/skyline-gs.com\/wp-content\/uploads\/2025\/05\/caption-3.jpg\" \/>\n\t<meta property=\"og:image:width\" content=\"1400\" \/>\n\t<meta property=\"og:image:height\" content=\"1000\" \/>\n\t<meta property=\"og:image:type\" content=\"image\/jpeg\" \/>\n<meta name=\"twitter:card\" content=\"summary_large_image\" \/>\n<meta name=\"twitter:label1\" content=\"Gesch\u00e4tzte Lesezeit\" \/>\n\t<meta name=\"twitter:data1\" content=\"3\u00a0Minuten\" \/>\n<script type=\"application\/ld+json\" class=\"yoast-schema-graph\">{\"@context\":\"https:\\\/\\\/schema.org\",\"@graph\":[{\"@type\":\"WebPage\",\"@id\":\"https:\\\/\\\/skyline-gs.com\\\/pl\\\/produkt\\\/big-tour-in-iceland\\\/\",\"url\":\"https:\\\/\\\/skyline-gs.com\\\/pl\\\/produkt\\\/big-tour-in-iceland\\\/\",\"name\":\"\u0418\u043d\u0434\u0438\u0432\u0438\u0434\u0443\u0430\u043b\u044c\u043d\u044b\u0439 \u0442\u0443\u0440: \u0411\u043e\u043b\u044c\u0448\u043e\u0439 \u0442\u0443\u0440 \u043f\u043e \u0418\u0441\u043b\u0430\u043d\u0434\u0438\u0438 (7 \u0434\u043d\u0435\u0439) &#8226; \u042d\u043a\u0441\u043a\u0443\u0440\u0441\u0438\u0438 Skyline\",\"isPartOf\":{\"@id\":\"https:\\\/\\\/skyline-gs.com\\\/it\\\/#website\"},\"primaryImageOfPage\":{\"@id\":\"https:\\\/\\\/skyline-gs.com\\\/pl\\\/produkt\\\/big-tour-in-iceland\\\/#primaryimage\"},\"image\":{\"@id\":\"https:\\\/\\\/skyline-gs.com\\\/pl\\\/produkt\\\/big-tour-in-iceland\\\/#primaryimage\"},\"thumbnailUrl\":\"https:\\\/\\\/skyline-gs.com\\\/wp-content\\\/uploads\\\/2025\\\/05\\\/caption-3.jpg\",\"datePublished\":\"2025-05-27T20:24:39+00:00\",\"dateModified\":\"2025-12-22T22:45:32+00:00\",\"breadcrumb\":{\"@id\":\"https:\\\/\\\/skyline-gs.com\\\/pl\\\/produkt\\\/big-tour-in-iceland\\\/#breadcrumb\"},\"inLanguage\":\"de\",\"potentialAction\":[{\"@type\":\"ReadAction\",\"target\":[\"https:\\\/\\\/skyline-gs.com\\\/pl\\\/produkt\\\/big-tour-in-iceland\\\/\"]}]},{\"@type\":\"ImageObject\",\"inLanguage\":\"de\",\"@id\":\"https:\\\/\\\/skyline-gs.com\\\/pl\\\/produkt\\\/big-tour-in-iceland\\\/#primaryimage\",\"url\":\"https:\\\/\\\/skyline-gs.com\\\/wp-content\\\/uploads\\\/2025\\\/05\\\/caption-3.jpg\",\"contentUrl\":\"https:\\\/\\\/skyline-gs.com\\\/wp-content\\\/uploads\\\/2025\\\/05\\\/caption-3.jpg\",\"width\":1400,\"height\":1000},{\"@type\":\"BreadcrumbList\",\"@id\":\"https:\\\/\\\/skyline-gs.com\\\/pl\\\/produkt\\\/big-tour-in-iceland\\\/#breadcrumb\",\"itemListElement\":[{\"@type\":\"ListItem\",\"position\":1,\"name\":\"\u0413\u043b\u0430\u0432\u043d\u0430\u044f \u0441\u0442\u0440\u0430\u043d\u0438\u0446\u0430\",\"item\":\"https:\\\/\\\/skyline-gs.com\\\/hu\\\/\"},{\"@type\":\"ListItem\",\"position\":2,\"name\":\"\u041c\u0430\u0433\u0430\u0437\u0438\u043d\",\"item\":\"https:\\\/\\\/skyline-gs.com\\\/cs\\\/shop\\\/\"},{\"@type\":\"ListItem\",\"position\":3,\"name\":\"\u0418\u043d\u0434\u0438\u0432\u0438\u0434\u0443\u0430\u043b\u044c\u043d\u044b\u0439 \u0442\u0443\u0440: \u0411\u043e\u043b\u044c\u0448\u043e\u0439 \u0442\u0443\u0440 \u043f\u043e \u0418\u0441\u043b\u0430\u043d\u0434\u0438\u0438 (7 \u0434\u043d\u0435\u0439)\"}]},{\"@type\":\"WebSite\",\"@id\":\"https:\\\/\\\/skyline-gs.com\\\/it\\\/#website\",\"url\":\"https:\\\/\\\/skyline-gs.com\\\/it\\\/\",\"name\":\"\u042d\u043a\u0441\u043a\u0443\u0440\u0441\u0438\u0438 Skyline\",\"description\":\"\u042d\u043a\u0441\u043a\u043b\u044e\u0437\u0438\u0432\u043d\u044b\u0435 \u044d\u043a\u0441\u043a\u0443\u0440\u0441\u0438\u0438 \u043d\u0430 \u043b\u0443\u0447\u0448\u0438\u0445 \u043a\u0443\u0440\u043e\u0440\u0442\u0430\u0445 \u043c\u0438\u0440\u0430\",\"publisher\":{\"@id\":\"https:\\\/\\\/skyline-gs.com\\\/it\\\/#organization\"},\"alternateName\":\"Skyline\",\"potentialAction\":[{\"@type\":\"SearchAction\",\"target\":{\"@type\":\"EntryPoint\",\"urlTemplate\":\"https:\\\/\\\/skyline-gs.com\\\/it\\\/?s={search_term_string}\"},\"query-input\":{\"@type\":\"PropertyValueSpecification\",\"valueRequired\":true,\"valueName\":\"search_term_string\"}}],\"inLanguage\":\"de\"},{\"@type\":\"Organization\",\"@id\":\"https:\\\/\\\/skyline-gs.com\\\/it\\\/#organization\",\"name\":\"\u042d\u043a\u0441\u043a\u0443\u0440\u0441\u0438\u0438 Skyline\",\"alternateName\":\"\u042d\u043a\u0441\u043a\u0443\u0440\u0441\u0438\u0438 Skyline\",\"url\":\"https:\\\/\\\/skyline-gs.com\\\/it\\\/\",\"logo\":{\"@type\":\"ImageObject\",\"inLanguage\":\"de\",\"@id\":\"https:\\\/\\\/skyline-gs.com\\\/it\\\/#\\\/schema\\\/logo\\\/image\\\/\",\"url\":\"https:\\\/\\\/skyline-gs.com\\\/wp-content\\\/uploads\\\/2020\\\/12\\\/cropped-logo-2.png\",\"contentUrl\":\"https:\\\/\\\/skyline-gs.com\\\/wp-content\\\/uploads\\\/2020\\\/12\\\/cropped-logo-2.png\",\"width\":512,\"height\":512,\"caption\":\"\u042d\u043a\u0441\u043a\u0443\u0440\u0441\u0438\u0438 Skyline\"},\"image\":{\"@id\":\"https:\\\/\\\/skyline-gs.com\\\/it\\\/#\\\/schema\\\/logo\\\/image\\\/\"},\"sameAs\":[\"https:\\\/\\\/www.instagram.com\\\/skylineglobalservice\\\/\"]}]}<\/script>\n<!-- \/ Yoast SEO plugin. -->","yoast_head_json":{"title":"Ma\u00dfgeschneiderte Tour: Gro\u00dfe Tour durch Island (7 Tage) - Skyline Excursions","robots":{"index":"index","follow":"follow","max-snippet":"max-snippet:-1","max-image-preview":"max-image-preview:large","max-video-preview":"max-video-preview:-1"},"canonical":"https:\/\/skyline-gs.com\/de\/produkt\/grose-tournee-in-island\/","og_locale":"de_DE","og_type":"article","og_title":"\u0418\u043d\u0434\u0438\u0432\u0438\u0434\u0443\u0430\u043b\u044c\u043d\u044b\u0439 \u0442\u0443\u0440: \u0411\u043e\u043b\u044c\u0448\u043e\u0439 \u0442\u0443\u0440 \u043f\u043e \u0418\u0441\u043b\u0430\u043d\u0434\u0438\u0438 (7 \u0434\u043d\u0435\u0439) &#8226; \u042d\u043a\u0441\u043a\u0443\u0440\u0441\u0438\u0438 Skyline","og_description":"\u0412\u0440\u0435\u043c\u044f \u0442\u0443\u0440\u0430: 7 \u0434\u043d\u0435\u0439  \u0414\u043d\u0438 \u043f\u0440\u043e\u0432\u0435\u0434\u0435\u043d\u0438\u044f: \u041a\u0430\u0436\u0434\u044b\u0439 \u0434\u0435\u043d\u044c","og_url":"https:\/\/skyline-gs.com\/de\/produkt\/grose-tournee-in-island\/","og_site_name":"\u042d\u043a\u0441\u043a\u0443\u0440\u0441\u0438\u0438 Skyline","article_modified_time":"2025-12-22T22:45:32+00:00","og_image":[{"width":1400,"height":1000,"url":"https:\/\/skyline-gs.com\/wp-content\/uploads\/2025\/05\/caption-3.jpg","type":"image\/jpeg"}],"twitter_card":"summary_large_image","twitter_misc":{"Gesch\u00e4tzte Lesezeit":"3\u00a0Minuten"},"schema":{"@context":"https:\/\/schema.org","@graph":[{"@type":"WebPage","@id":"https:\/\/skyline-gs.com\/pl\/produkt\/big-tour-in-iceland\/","url":"https:\/\/skyline-gs.com\/pl\/produkt\/big-tour-in-iceland\/","name":"Ma\u00dfgeschneiderte Tour: Gro\u00dfe Tour durch Island (7 Tage) - Skyline Excursions","isPartOf":{"@id":"https:\/\/skyline-gs.com\/it\/#website"},"primaryImageOfPage":{"@id":"https:\/\/skyline-gs.com\/pl\/produkt\/big-tour-in-iceland\/#primaryimage"},"image":{"@id":"https:\/\/skyline-gs.com\/pl\/produkt\/big-tour-in-iceland\/#primaryimage"},"thumbnailUrl":"https:\/\/skyline-gs.com\/wp-content\/uploads\/2025\/05\/caption-3.jpg","datePublished":"2025-05-27T20:24:39+00:00","dateModified":"2025-12-22T22:45:32+00:00","breadcrumb":{"@id":"https:\/\/skyline-gs.com\/pl\/produkt\/big-tour-in-iceland\/#breadcrumb"},"inLanguage":"de","potentialAction":[{"@type":"ReadAction","target":["https:\/\/skyline-gs.com\/pl\/produkt\/big-tour-in-iceland\/"]}]},{"@type":"ImageObject","inLanguage":"de","@id":"https:\/\/skyline-gs.com\/pl\/produkt\/big-tour-in-iceland\/#primaryimage","url":"https:\/\/skyline-gs.com\/wp-content\/uploads\/2025\/05\/caption-3.jpg","contentUrl":"https:\/\/skyline-gs.com\/wp-content\/uploads\/2025\/05\/caption-3.jpg","width":1400,"height":1000},{"@type":"BreadcrumbList","@id":"https:\/\/skyline-gs.com\/pl\/produkt\/big-tour-in-iceland\/#breadcrumb","itemListElement":[{"@type":"ListItem","position":1,"name":"\u0413\u043b\u0430\u0432\u043d\u0430\u044f \u0441\u0442\u0440\u0430\u043d\u0438\u0446\u0430","item":"https:\/\/skyline-gs.com\/hu\/"},{"@type":"ListItem","position":2,"name":"\u041c\u0430\u0433\u0430\u0437\u0438\u043d","item":"https:\/\/skyline-gs.com\/cs\/shop\/"},{"@type":"ListItem","position":3,"name":"\u0418\u043d\u0434\u0438\u0432\u0438\u0434\u0443\u0430\u043b\u044c\u043d\u044b\u0439 \u0442\u0443\u0440: \u0411\u043e\u043b\u044c\u0448\u043e\u0439 \u0442\u0443\u0440 \u043f\u043e \u0418\u0441\u043b\u0430\u043d\u0434\u0438\u0438 (7 \u0434\u043d\u0435\u0439)"}]},{"@type":"WebSite","@id":"https:\/\/skyline-gs.com\/it\/#website","url":"https:\/\/skyline-gs.com\/it\/","name":"Skyline Ausfl\u00fcge","description":"Exklusive Ausfl\u00fcge in den besten Resorts der Welt","publisher":{"@id":"https:\/\/skyline-gs.com\/it\/#organization"},"alternateName":"Skyline","potentialAction":[{"@type":"SearchAction","target":{"@type":"EntryPoint","urlTemplate":"https:\/\/skyline-gs.com\/it\/?s={search_term_string}"},"query-input":{"@type":"PropertyValueSpecification","valueRequired":true,"valueName":"search_term_string"}}],"inLanguage":"de"},{"@type":"Organization","@id":"https:\/\/skyline-gs.com\/it\/#organization","name":"Skyline Ausfl\u00fcge","alternateName":"\u042d\u043a\u0441\u043a\u0443\u0440\u0441\u0438\u0438 Skyline","url":"https:\/\/skyline-gs.com\/it\/","logo":{"@type":"ImageObject","inLanguage":"de","@id":"https:\/\/skyline-gs.com\/it\/#\/schema\/logo\/image\/","url":"https:\/\/skyline-gs.com\/wp-content\/uploads\/2020\/12\/cropped-logo-2.png","contentUrl":"https:\/\/skyline-gs.com\/wp-content\/uploads\/2020\/12\/cropped-logo-2.png","width":512,"height":512,"caption":"\u042d\u043a\u0441\u043a\u0443\u0440\u0441\u0438\u0438 Skyline"},"image":{"@id":"https:\/\/skyline-gs.com\/it\/#\/schema\/logo\/image\/"},"sameAs":["https:\/\/www.instagram.com\/skylineglobalservice\/"]}]}},"_links":{"self":[{"href":"https:\/\/skyline-gs.com\/de\/wp-json\/wp\/v2\/product\/63526","targetHints":{"allow":["GET"]}}],"collection":[{"href":"https:\/\/skyline-gs.com\/de\/wp-json\/wp\/v2\/product"}],"about":[{"href":"https:\/\/skyline-gs.com\/de\/wp-json\/wp\/v2\/types\/product"}],"version-history":[{"count":0,"href":"https:\/\/skyline-gs.com\/de\/wp-json\/wp\/v2\/product\/63526\/revisions"}],"wp:featuredmedia":[{"embeddable":true,"href":"https:\/\/skyline-gs.com\/de\/wp-json\/wp\/v2\/media\/63535"}],"wp:attachment":[{"href":"https:\/\/skyline-gs.com\/de\/wp-json\/wp\/v2\/media?parent=63526"}],"wp:term":[{"taxonomy":"product_brand","embeddable":true,"href":"https:\/\/skyline-gs.com\/de\/wp-json\/wp\/v2\/product_brand?post=63526"},{"taxonomy":"product_cat","embeddable":true,"href":"https:\/\/skyline-gs.com\/de\/wp-json\/wp\/v2\/product_cat?post=63526"},{"taxonomy":"product_tag","embeddable":true,"href":"https:\/\/skyline-gs.com\/de\/wp-json\/wp\/v2\/product_tag?post=63526"}],"curies":[{"name":"wp","href":"https:\/\/api.w.org\/{rel}","templated":true}]}}