{"id":63518,"date":"2025-05-27T20:51:57","date_gmt":"2025-05-27T18:51:57","guid":{"rendered":"http:\/\/skyline-gs.com\/?post_type=product&#038;p=63518"},"modified":"2025-12-23T00:35:36","modified_gmt":"2025-12-22T22:35:36","slug":"big-vip-tour-in-iceland","status":"publish","type":"product","link":"https:\/\/skyline-gs.com\/de\/product\/big-vip-tour-in-iceland\/","title":{"rendered":"Personalisierte Tour: Gro\u00dfe Island VIP Tour (9 Tage)"},"content":{"rendered":"<p>Volles Eintauchen in den Luxus Islands: Gletscher, Vulkane, T\u00e4ler und Lagunen. Einzigartige Orte, durchdachter Komfort und die Eindr\u00fccke des Autors. Eine Reiseroute, die Dynamik und Ruhe, Abenteuer und Meditation, Natur und Einsamkeit verbindet.<\/p>\n<p><strong>Die Einzigartigkeit der Tour:<\/strong><\/p>\n<ul>\n<li data-start=\"172\" data-end=\"316\"><strong data-start=\"172\" data-end=\"200\">Exklusive Erlebnisse<\/strong> - Helikopterfl\u00fcge, private Gletscherlagunen-Kreuzfahrt, individuelle Ausfl\u00fcge zu Eish\u00f6hlen und Vulkanen.<\/li>\n<li data-start=\"320\" data-end=\"440\"><strong data-start=\"320\" data-end=\"343\">Personalisiertes Format<\/strong> - nur Sie, ein erfahrener russischsprachiger F\u00fchrer und ein komfortables Gel\u00e4ndefahrzeug: keine Gruppen, keine Warteschlangen und keine Eile.<\/li>\n<li data-start=\"444\" data-end=\"584\"><strong data-start=\"444\" data-end=\"474\">Beste Hotels und Gastronomie<\/strong> - sorgf\u00e4ltig ausgew\u00e4hlte Boutique-Hotels, Farmverkostungen und Entspannung im Retreat Spa at Blue Lagoon.<\/li>\n<\/ul>\n<p><strong>Tag 1: Ankunft in Island<\/strong><\/p>\n<p><strong>Abholung am Flughafen und individueller Transfer nach Reykjav\u00edk.<\/strong><\/p>\n<ul>\n<li data-start=\"619\" data-end=\"674\">Unterkunft in einem stilvollen Hotel <strong data-start=\"647\" data-end=\"672\">Die Edition Reykjavik<\/strong><\/li>\n<li data-start=\"677\" data-end=\"731\">Freie Zeit und Abendessen in einem Restaurant (empfohlen)<\/li>\n<li data-start=\"734\" data-end=\"762\"><strong data-start=\"734\" data-end=\"762\">\u00dcbernachtung im The Edition Hotel<\/strong><\/li>\n<\/ul>\n<p><strong>Tag 2: Ein Goldring mit Drehung<\/strong><\/p>\n<ul>\n<li>Fr\u00fchst\u00fcck im Hotel.<\/li>\n<li>Privater Besuch <strong data-start=\"946\" data-end=\"964\">des H\u00f6hlenhauses<\/strong> (inklusive)<\/li>\n<li><strong style=\"font-family: var(--global-body-font-family);\" data-start=\"982\" data-end=\"1001\">Tal der Geysire<\/strong><\/li>\n<li>Wasserfall <strong data-start=\"1016\" data-end=\"1028\">Gullfoss<\/strong><\/li>\n<li>Private Verkostung <strong data-start=\"1056\" data-end=\"1074\">Lavabrot<\/strong> (inklusive)Fr\u00fchst\u00fcck im Hotel<\/li>\n<li>Umzug in den S\u00fcden von Island<\/li>\n<li>Unterkunft in einem Boutique-Hotel <strong data-start=\"1142\" data-end=\"1160\">Gutshof Skalakot<\/strong><\/li>\n<li>Abendessen und Pause<\/li>\n<li><strong data-start=\"1182\" data-end=\"1213\">\u00dcbernachtung im Skalakot Manor Hotel<\/strong><\/li>\n<\/ul>\n<p><strong>Tag 3: S\u00fcdk\u00fcste und Eish\u00f6hle<\/strong><\/p>\n<ul>\n<li data-start=\"1289\" data-end=\"1306\">Fr\u00fchst\u00fcck im Hotel.<\/li>\n<li data-start=\"1309\" data-end=\"1373\">Wasserfall <strong data-start=\"1317\" data-end=\"1330\">Sk\u00f3gafoss<\/strong>, Kap <strong data-start=\"1336\" data-end=\"1349\">Dyrh\u00f3laey<\/strong>, Strand <strong data-start=\"1356\" data-end=\"1371\">Reynisfjara<\/strong><\/li>\n<li data-start=\"1376\" data-end=\"1402\">Mittagessen im Dorf <strong data-start=\"1393\" data-end=\"1400\">Vic<\/strong><\/li>\n<li data-start=\"1405\" data-end=\"1482\">Superjeep-Ausflug nach <strong data-start=\"1431\" data-end=\"1452\">Gletscherh\u00f6hle<\/strong> (Katla oder saisonales Analogon)<\/li>\n<li data-start=\"1485\" data-end=\"1523\">R\u00fcckkehr zum Hotel, freie Zeit<\/li>\n<li data-start=\"1526\" data-end=\"1557\"><strong data-start=\"1526\" data-end=\"1557\">\u00dcbernachtung im Skalakot Manor Hotel<\/strong><\/li>\n<\/ul>\n<p><strong>Tag 4: Thorsmerk und Hubschrauberflug<\/strong><\/p>\n<ul>\n<li data-start=\"1631\" data-end=\"1640\">Fr\u00fchst\u00fcck<\/li>\n<li data-start=\"1643\" data-end=\"1695\">Superjeep-Fahrt in einem Bergtal <strong data-start=\"1681\" data-end=\"1693\">\u00de\u00f3rsm\u00f6rk<\/strong><\/li>\n<li data-start=\"1643\" data-end=\"1695\"><span style=\"font-family: var(--global-body-font-family);\">Wasserf\u00e4lle <\/span><strong style=\"font-family: var(--global-body-font-family);\" data-start=\"1709\" data-end=\"1727\">Seljalandsfoss<\/strong><span style=\"font-family: var(--global-body-font-family);\"> \u0438 <\/span><strong style=\"font-family: var(--global-body-font-family);\" data-start=\"1730\" data-end=\"1744\">Glj\u00fafrab\u00fai<\/strong><\/li>\n<li data-start=\"1643\" data-end=\"1695\"><span style=\"font-family: var(--global-body-font-family);\">Ein Spaziergang durch das Tal<\/span><\/li>\n<li data-start=\"1643\" data-end=\"1695\"><span style=\"font-family: var(--global-body-font-family);\">BBQ-Picknick auf dem Lande<\/span><\/li>\n<li data-start=\"1643\" data-end=\"1695\"><strong data-start=\"1814\" data-end=\"1837\">Hubschrauberflug<\/strong> zur Gletscherlagune mit Anlandungen in den Bergen* (M\u00f6glichkeit verhandelbar)<\/li>\n<li data-start=\"1909\" data-end=\"1941\">Unterkunft in <strong data-start=\"1922\" data-end=\"1939\">Gletscher Hotel<\/strong><\/li>\n<li data-start=\"1944\" data-end=\"1958\">Abendessen und Pause<\/li>\n<li data-start=\"1961\" data-end=\"1985\"><strong data-start=\"1961\" data-end=\"1985\">\u00dcbernachtung im Glacier Hotel<\/strong><\/li>\n<\/ul>\n<p><strong>Tag 5: Gletscherlagune und Zeit f\u00fcr sich selbst<\/strong><\/p>\n<ul>\n<li data-start=\"2063\" data-end=\"2072\">Fr\u00fchst\u00fcck<\/li>\n<li data-start=\"2075\" data-end=\"2129\">Eine private Kreuzfahrt auf <strong data-start=\"2094\" data-end=\"2109\">J\u00f6kuls\u00e1rl\u00f3n<\/strong> (zwischen den Eisbergen)<\/li>\n<li data-start=\"2132\" data-end=\"2159\">R\u00fcckkehr zum Hotel, Mittagessen<\/li>\n<li data-start=\"2162\" data-end=\"2211\">Freie Zeit f\u00fcr Arbeit, Freizeit oder Ausfl\u00fcge<\/li>\n<li data-start=\"2214\" data-end=\"2238\"><strong data-start=\"2214\" data-end=\"2238\">\u00dcbernachtung im Glacier Hotel<\/strong><\/li>\n<\/ul>\n<p><strong>Tag 6: Am Rande der Welt - \u00f6stlich von Island<\/strong><\/p>\n<ul>\n<li data-start=\"2309\" data-end=\"2318\">Fr\u00fchst\u00fcck<\/li>\n<li data-start=\"2321\" data-end=\"2400\">Eine Reise zum Kap <strong data-start=\"2336\" data-end=\"2350\">Vestrahorn<\/strong> und ein Spaziergang durch die nachgebaute <strong data-start=\"2378\" data-end=\"2398\">ein Wikingerdorf<\/strong><\/li>\n<li data-start=\"2403\" data-end=\"2427\">Mittagessen und freie Zeit<\/li>\n<li data-start=\"2430\" data-end=\"2451\">R\u00fcckkehr zum Hotel<\/li>\n<li data-start=\"2454\" data-end=\"2478\"><strong data-start=\"2454\" data-end=\"2478\">\u00dcbernachtung im Glacier Hotel<\/strong><\/li>\n<\/ul>\n<p><strong>Tag 7: Vulkan und Spa-Paradies<\/strong><\/p>\n<ul>\n<li data-start=\"2538\" data-end=\"2547\">Fr\u00fchst\u00fcck<\/li>\n<li data-start=\"2550\" data-end=\"2607\">Hubschrauberflug \u00fcber das Hochland und die S\u00fcdk\u00fcste<\/li>\n<li data-start=\"2610\" data-end=\"2665\">Privat <strong data-start=\"2620\" data-end=\"2649\">Abseilen<\/strong> (fakultativ)<\/li>\n<li data-start=\"2668\" data-end=\"2712\">Flug zum Hotel <strong data-start=\"2684\" data-end=\"2710\">R\u00fcckzug in der Blauen Lagune<\/strong><\/li>\n<li data-start=\"2715\" data-end=\"2759\">Besuch des Kurzentrums <strong data-start=\"2739\" data-end=\"2757\">R\u00fcckzugsgebiet Lagune<\/strong><\/li>\n<li data-start=\"2762\" data-end=\"2768\">Abendessen<\/li>\n<li data-start=\"2771\" data-end=\"2799\"><strong data-start=\"2771\" data-end=\"2799\">\u00dcbernachtung im Retreat Spa Hotel<\/strong><\/li>\n<\/ul>\n<p><strong>Tag 8: ATVs oder Schneemobile und Entspannung<\/strong><\/p>\n<ul>\n<li data-start=\"2876\" data-end=\"2885\">Fr\u00fchst\u00fcck<\/li>\n<li data-start=\"2888\" data-end=\"2969\">Eine private Reise nach <strong data-start=\"2909\" data-end=\"2925\">Quads<\/strong> (alternativ. <strong data-start=\"2942\" data-end=\"2955\">Motorschlitten<\/strong> den Gletscher hinunter)<\/li>\n<li data-start=\"2972\" data-end=\"3009\">Zweiter Besuch <strong data-start=\"2989\" data-end=\"3007\">R\u00fcckzugsgebiet Lagune<\/strong><\/li>\n<li data-start=\"3012\" data-end=\"3035\">Zeit f\u00fcr Ruhe und Abendessen<\/li>\n<li data-start=\"3038\" data-end=\"3066\"><strong data-start=\"3038\" data-end=\"3066\">\u00dcbernachtung im Retreat Spa Hotel<\/strong><\/li>\n<\/ul>\n<p><strong>Tag 9: Abreise<\/strong><\/p>\n<ul>\n<li data-start=\"3117\" data-end=\"3126\">Fr\u00fchst\u00fcck<\/li>\n<\/ul>\n<p data-start=\"3117\" data-end=\"3126\"><strong>Privater Transfer zum internationalen Flughafen Keflavik<\/strong><\/p>\n<p><strong>Inbegriffen:<\/strong><\/p>\n<ul>\n<li>Transfer vom Hotel und zur\u00fcck<\/li>\n<li>Transfers in einem komfortablen 4\u00d74 SUV mit Klimaanlage<\/li>\n<li>Englischsprachiger Reiseleiter<\/li>\n<li>Kraftstoff<\/li>\n<li>Picknick<\/li>\n<\/ul>\n<p><strong>Nicht enthalten:<\/strong><\/p>\n<ul>\n<li>Unterbringung in erstklassigen Hotels<\/li>\n<li>Mahlzeiten (optional, Caf\u00e9s entlang der Strecke)<\/li>\n<li>Eintrittsgelder und Aktivit\u00e4ten (oben als Richtwert aufgef\u00fchrt)<\/li>\n<li>Superjip und Hubschraubermiete auf der Strecke (falls vereinbart)<\/li>\n<li>Kostenpflichtige Parkpl\u00e4tze entlang der Strecke<\/li>\n<\/ul>\n<p><strong>Nimm mit:<\/strong><\/p>\n<ul>\n<li>Kamera<\/li>\n<li>Bequeme Schuhe<\/li>\n<li>Warme Kleidung<\/li>\n<li>Geld f\u00fcr pers\u00f6nliche Ausgaben<\/li>\n<\/ul>","protected":false},"excerpt":{"rendered":"<p><strong>Tourzeit: <\/strong>9 Tage<\/p>\n<p><strong>Veranstaltungstage: <\/strong>T\u00e4glich<\/p>","protected":false},"featured_media":63519,"template":"","meta":{"_kad_post_transparent":"default","_kad_post_title":"","_kad_post_layout":"default","_kad_post_sidebar_id":"","_kad_post_content_style":"default","_kad_post_vertical_padding":"default","_kad_post_feature":"","_kad_post_feature_position":"","_kad_post_header":false,"_kad_post_footer":false,"_kad_post_classname":"","_glsr_average":0,"_glsr_ranking":0,"_glsr_reviews":0},"product_brand":[],"product_cat":[467],"product_tag":[],"class_list":{"0":"post-63518","1":"product","2":"type-product","3":"status-publish","4":"has-post-thumbnail","6":"product_cat-iceland","7":"tm-has-options","9":"first","10":"instock","11":"sold-individually","12":"taxable","13":"shipping-taxable","14":"purchasable","15":"product-type-simple","16":"entry","17":"content-bg","18":"loop-entry"},"yoast_head":"<!-- This site is optimized with the Yoast SEO plugin v27.3 - https:\/\/yoast.com\/product\/yoast-seo-wordpress\/ -->\n<title>\u0418\u043d\u0434\u0438\u0432\u0438\u0434\u0443\u0430\u043b\u044c\u043d\u044b\u0439 \u0442\u0443\u0440: \u0411\u043e\u043b\u044c\u0448\u043e\u0439 \u0442\u0443\u0440 \u043f\u043e \u0418\u0441\u043b\u0430\u043d\u0434\u0438\u0438 VIP (9 \u0434\u043d\u0435\u0439) &#8226; \u042d\u043a\u0441\u043a\u0443\u0440\u0441\u0438\u0438 Skyline<\/title>\n<meta name=\"robots\" content=\"index, follow, max-snippet:-1, max-image-preview:large, max-video-preview:-1\" \/>\n<link rel=\"canonical\" href=\"https:\/\/skyline-gs.com\/de\/produkt\/big-vip-tour-in-iceland\/\" \/>\n<meta property=\"og:locale\" content=\"de_DE\" \/>\n<meta property=\"og:type\" content=\"article\" \/>\n<meta property=\"og:title\" content=\"\u0418\u043d\u0434\u0438\u0432\u0438\u0434\u0443\u0430\u043b\u044c\u043d\u044b\u0439 \u0442\u0443\u0440: \u0411\u043e\u043b\u044c\u0448\u043e\u0439 \u0442\u0443\u0440 \u043f\u043e \u0418\u0441\u043b\u0430\u043d\u0434\u0438\u0438 VIP (9 \u0434\u043d\u0435\u0439) &#8226; \u042d\u043a\u0441\u043a\u0443\u0440\u0441\u0438\u0438 Skyline\" \/>\n<meta property=\"og:description\" content=\"\u0412\u0440\u0435\u043c\u044f \u0442\u0443\u0440\u0430: 9\u00a0\u0434\u043d\u0435\u0439  \u0414\u043d\u0438 \u043f\u0440\u043e\u0432\u0435\u0434\u0435\u043d\u0438\u044f: \u041a\u0430\u0436\u0434\u044b\u0439 \u0434\u0435\u043d\u044c\" \/>\n<meta property=\"og:url\" content=\"https:\/\/skyline-gs.com\/de\/produkt\/big-vip-tour-in-iceland\/\" \/>\n<meta property=\"og:site_name\" content=\"\u042d\u043a\u0441\u043a\u0443\u0440\u0441\u0438\u0438 Skyline\" \/>\n<meta property=\"article:modified_time\" content=\"2025-12-22T22:35:36+00:00\" \/>\n<meta property=\"og:image\" content=\"https:\/\/skyline-gs.com\/wp-content\/uploads\/2025\/05\/30.jpg\" \/>\n\t<meta property=\"og:image:width\" content=\"669\" \/>\n\t<meta property=\"og:image:height\" content=\"446\" \/>\n\t<meta property=\"og:image:type\" content=\"image\/jpeg\" \/>\n<meta name=\"twitter:card\" content=\"summary_large_image\" \/>\n<meta name=\"twitter:label1\" content=\"Gesch\u00e4tzte Lesezeit\" \/>\n\t<meta name=\"twitter:data1\" content=\"3\u00a0Minuten\" \/>\n<script type=\"application\/ld+json\" class=\"yoast-schema-graph\">{\"@context\":\"https:\\\/\\\/schema.org\",\"@graph\":[{\"@type\":\"WebPage\",\"@id\":\"https:\\\/\\\/skyline-gs.com\\\/hu\\\/termek\\\/big-vip-tour-in-iceland\\\/\",\"url\":\"https:\\\/\\\/skyline-gs.com\\\/hu\\\/termek\\\/big-vip-tour-in-iceland\\\/\",\"name\":\"\u0418\u043d\u0434\u0438\u0432\u0438\u0434\u0443\u0430\u043b\u044c\u043d\u044b\u0439 \u0442\u0443\u0440: \u0411\u043e\u043b\u044c\u0448\u043e\u0439 \u0442\u0443\u0440 \u043f\u043e \u0418\u0441\u043b\u0430\u043d\u0434\u0438\u0438 VIP (9 \u0434\u043d\u0435\u0439) &#8226; \u042d\u043a\u0441\u043a\u0443\u0440\u0441\u0438\u0438 Skyline\",\"isPartOf\":{\"@id\":\"https:\\\/\\\/skyline-gs.com\\\/it\\\/#website\"},\"primaryImageOfPage\":{\"@id\":\"https:\\\/\\\/skyline-gs.com\\\/hu\\\/termek\\\/big-vip-tour-in-iceland\\\/#primaryimage\"},\"image\":{\"@id\":\"https:\\\/\\\/skyline-gs.com\\\/hu\\\/termek\\\/big-vip-tour-in-iceland\\\/#primaryimage\"},\"thumbnailUrl\":\"https:\\\/\\\/skyline-gs.com\\\/wp-content\\\/uploads\\\/2025\\\/05\\\/30.jpg\",\"datePublished\":\"2025-05-27T18:51:57+00:00\",\"dateModified\":\"2025-12-22T22:35:36+00:00\",\"breadcrumb\":{\"@id\":\"https:\\\/\\\/skyline-gs.com\\\/hu\\\/termek\\\/big-vip-tour-in-iceland\\\/#breadcrumb\"},\"inLanguage\":\"de\",\"potentialAction\":[{\"@type\":\"ReadAction\",\"target\":[\"https:\\\/\\\/skyline-gs.com\\\/hu\\\/termek\\\/big-vip-tour-in-iceland\\\/\"]}]},{\"@type\":\"ImageObject\",\"inLanguage\":\"de\",\"@id\":\"https:\\\/\\\/skyline-gs.com\\\/hu\\\/termek\\\/big-vip-tour-in-iceland\\\/#primaryimage\",\"url\":\"https:\\\/\\\/skyline-gs.com\\\/wp-content\\\/uploads\\\/2025\\\/05\\\/30.jpg\",\"contentUrl\":\"https:\\\/\\\/skyline-gs.com\\\/wp-content\\\/uploads\\\/2025\\\/05\\\/30.jpg\",\"width\":669,\"height\":446},{\"@type\":\"BreadcrumbList\",\"@id\":\"https:\\\/\\\/skyline-gs.com\\\/hu\\\/termek\\\/big-vip-tour-in-iceland\\\/#breadcrumb\",\"itemListElement\":[{\"@type\":\"ListItem\",\"position\":1,\"name\":\"\u0413\u043b\u0430\u0432\u043d\u0430\u044f \u0441\u0442\u0440\u0430\u043d\u0438\u0446\u0430\",\"item\":\"https:\\\/\\\/skyline-gs.com\\\/hu\\\/\"},{\"@type\":\"ListItem\",\"position\":2,\"name\":\"\u041c\u0430\u0433\u0430\u0437\u0438\u043d\",\"item\":\"https:\\\/\\\/skyline-gs.com\\\/cs\\\/shop\\\/\"},{\"@type\":\"ListItem\",\"position\":3,\"name\":\"\u0418\u043d\u0434\u0438\u0432\u0438\u0434\u0443\u0430\u043b\u044c\u043d\u044b\u0439 \u0442\u0443\u0440: \u0411\u043e\u043b\u044c\u0448\u043e\u0439 \u0442\u0443\u0440 \u043f\u043e \u0418\u0441\u043b\u0430\u043d\u0434\u0438\u0438 VIP (9 \u0434\u043d\u0435\u0439)\"}]},{\"@type\":\"WebSite\",\"@id\":\"https:\\\/\\\/skyline-gs.com\\\/it\\\/#website\",\"url\":\"https:\\\/\\\/skyline-gs.com\\\/it\\\/\",\"name\":\"\u042d\u043a\u0441\u043a\u0443\u0440\u0441\u0438\u0438 Skyline\",\"description\":\"\u042d\u043a\u0441\u043a\u043b\u044e\u0437\u0438\u0432\u043d\u044b\u0435 \u044d\u043a\u0441\u043a\u0443\u0440\u0441\u0438\u0438 \u043d\u0430 \u043b\u0443\u0447\u0448\u0438\u0445 \u043a\u0443\u0440\u043e\u0440\u0442\u0430\u0445 \u043c\u0438\u0440\u0430\",\"publisher\":{\"@id\":\"https:\\\/\\\/skyline-gs.com\\\/it\\\/#organization\"},\"alternateName\":\"Skyline\",\"potentialAction\":[{\"@type\":\"SearchAction\",\"target\":{\"@type\":\"EntryPoint\",\"urlTemplate\":\"https:\\\/\\\/skyline-gs.com\\\/it\\\/?s={search_term_string}\"},\"query-input\":{\"@type\":\"PropertyValueSpecification\",\"valueRequired\":true,\"valueName\":\"search_term_string\"}}],\"inLanguage\":\"de\"},{\"@type\":\"Organization\",\"@id\":\"https:\\\/\\\/skyline-gs.com\\\/it\\\/#organization\",\"name\":\"\u042d\u043a\u0441\u043a\u0443\u0440\u0441\u0438\u0438 Skyline\",\"alternateName\":\"\u042d\u043a\u0441\u043a\u0443\u0440\u0441\u0438\u0438 Skyline\",\"url\":\"https:\\\/\\\/skyline-gs.com\\\/it\\\/\",\"logo\":{\"@type\":\"ImageObject\",\"inLanguage\":\"de\",\"@id\":\"https:\\\/\\\/skyline-gs.com\\\/it\\\/#\\\/schema\\\/logo\\\/image\\\/\",\"url\":\"https:\\\/\\\/skyline-gs.com\\\/wp-content\\\/uploads\\\/2020\\\/12\\\/cropped-logo-2.png\",\"contentUrl\":\"https:\\\/\\\/skyline-gs.com\\\/wp-content\\\/uploads\\\/2020\\\/12\\\/cropped-logo-2.png\",\"width\":512,\"height\":512,\"caption\":\"\u042d\u043a\u0441\u043a\u0443\u0440\u0441\u0438\u0438 Skyline\"},\"image\":{\"@id\":\"https:\\\/\\\/skyline-gs.com\\\/it\\\/#\\\/schema\\\/logo\\\/image\\\/\"},\"sameAs\":[\"https:\\\/\\\/www.instagram.com\\\/skylineglobalservice\\\/\"]}]}<\/script>\n<!-- \/ Yoast SEO plugin. -->","yoast_head_json":{"title":"Ma\u00dfgeschneiderte Tour: VIP Grand Tour of Iceland (9 Tage) - Skyline Excursions","robots":{"index":"index","follow":"follow","max-snippet":"max-snippet:-1","max-image-preview":"max-image-preview:large","max-video-preview":"max-video-preview:-1"},"canonical":"https:\/\/skyline-gs.com\/de\/produkt\/big-vip-tour-in-iceland\/","og_locale":"de_DE","og_type":"article","og_title":"\u0418\u043d\u0434\u0438\u0432\u0438\u0434\u0443\u0430\u043b\u044c\u043d\u044b\u0439 \u0442\u0443\u0440: \u0411\u043e\u043b\u044c\u0448\u043e\u0439 \u0442\u0443\u0440 \u043f\u043e \u0418\u0441\u043b\u0430\u043d\u0434\u0438\u0438 VIP (9 \u0434\u043d\u0435\u0439) &#8226; \u042d\u043a\u0441\u043a\u0443\u0440\u0441\u0438\u0438 Skyline","og_description":"\u0412\u0440\u0435\u043c\u044f \u0442\u0443\u0440\u0430: 9\u00a0\u0434\u043d\u0435\u0439  \u0414\u043d\u0438 \u043f\u0440\u043e\u0432\u0435\u0434\u0435\u043d\u0438\u044f: \u041a\u0430\u0436\u0434\u044b\u0439 \u0434\u0435\u043d\u044c","og_url":"https:\/\/skyline-gs.com\/de\/produkt\/big-vip-tour-in-iceland\/","og_site_name":"\u042d\u043a\u0441\u043a\u0443\u0440\u0441\u0438\u0438 Skyline","article_modified_time":"2025-12-22T22:35:36+00:00","og_image":[{"width":669,"height":446,"url":"https:\/\/skyline-gs.com\/wp-content\/uploads\/2025\/05\/30.jpg","type":"image\/jpeg"}],"twitter_card":"summary_large_image","twitter_misc":{"Gesch\u00e4tzte Lesezeit":"3\u00a0Minuten"},"schema":{"@context":"https:\/\/schema.org","@graph":[{"@type":"WebPage","@id":"https:\/\/skyline-gs.com\/hu\/termek\/big-vip-tour-in-iceland\/","url":"https:\/\/skyline-gs.com\/hu\/termek\/big-vip-tour-in-iceland\/","name":"Ma\u00dfgeschneiderte Tour: VIP Grand Tour of Iceland (9 Tage) - Skyline Excursions","isPartOf":{"@id":"https:\/\/skyline-gs.com\/it\/#website"},"primaryImageOfPage":{"@id":"https:\/\/skyline-gs.com\/hu\/termek\/big-vip-tour-in-iceland\/#primaryimage"},"image":{"@id":"https:\/\/skyline-gs.com\/hu\/termek\/big-vip-tour-in-iceland\/#primaryimage"},"thumbnailUrl":"https:\/\/skyline-gs.com\/wp-content\/uploads\/2025\/05\/30.jpg","datePublished":"2025-05-27T18:51:57+00:00","dateModified":"2025-12-22T22:35:36+00:00","breadcrumb":{"@id":"https:\/\/skyline-gs.com\/hu\/termek\/big-vip-tour-in-iceland\/#breadcrumb"},"inLanguage":"de","potentialAction":[{"@type":"ReadAction","target":["https:\/\/skyline-gs.com\/hu\/termek\/big-vip-tour-in-iceland\/"]}]},{"@type":"ImageObject","inLanguage":"de","@id":"https:\/\/skyline-gs.com\/hu\/termek\/big-vip-tour-in-iceland\/#primaryimage","url":"https:\/\/skyline-gs.com\/wp-content\/uploads\/2025\/05\/30.jpg","contentUrl":"https:\/\/skyline-gs.com\/wp-content\/uploads\/2025\/05\/30.jpg","width":669,"height":446},{"@type":"BreadcrumbList","@id":"https:\/\/skyline-gs.com\/hu\/termek\/big-vip-tour-in-iceland\/#breadcrumb","itemListElement":[{"@type":"ListItem","position":1,"name":"\u0413\u043b\u0430\u0432\u043d\u0430\u044f \u0441\u0442\u0440\u0430\u043d\u0438\u0446\u0430","item":"https:\/\/skyline-gs.com\/hu\/"},{"@type":"ListItem","position":2,"name":"\u041c\u0430\u0433\u0430\u0437\u0438\u043d","item":"https:\/\/skyline-gs.com\/cs\/shop\/"},{"@type":"ListItem","position":3,"name":"\u0418\u043d\u0434\u0438\u0432\u0438\u0434\u0443\u0430\u043b\u044c\u043d\u044b\u0439 \u0442\u0443\u0440: \u0411\u043e\u043b\u044c\u0448\u043e\u0439 \u0442\u0443\u0440 \u043f\u043e \u0418\u0441\u043b\u0430\u043d\u0434\u0438\u0438 VIP (9 \u0434\u043d\u0435\u0439)"}]},{"@type":"WebSite","@id":"https:\/\/skyline-gs.com\/it\/#website","url":"https:\/\/skyline-gs.com\/it\/","name":"Skyline Ausfl\u00fcge","description":"Exklusive Ausfl\u00fcge in den besten Resorts der Welt","publisher":{"@id":"https:\/\/skyline-gs.com\/it\/#organization"},"alternateName":"Skyline","potentialAction":[{"@type":"SearchAction","target":{"@type":"EntryPoint","urlTemplate":"https:\/\/skyline-gs.com\/it\/?s={search_term_string}"},"query-input":{"@type":"PropertyValueSpecification","valueRequired":true,"valueName":"search_term_string"}}],"inLanguage":"de"},{"@type":"Organization","@id":"https:\/\/skyline-gs.com\/it\/#organization","name":"Skyline Ausfl\u00fcge","alternateName":"\u042d\u043a\u0441\u043a\u0443\u0440\u0441\u0438\u0438 Skyline","url":"https:\/\/skyline-gs.com\/it\/","logo":{"@type":"ImageObject","inLanguage":"de","@id":"https:\/\/skyline-gs.com\/it\/#\/schema\/logo\/image\/","url":"https:\/\/skyline-gs.com\/wp-content\/uploads\/2020\/12\/cropped-logo-2.png","contentUrl":"https:\/\/skyline-gs.com\/wp-content\/uploads\/2020\/12\/cropped-logo-2.png","width":512,"height":512,"caption":"\u042d\u043a\u0441\u043a\u0443\u0440\u0441\u0438\u0438 Skyline"},"image":{"@id":"https:\/\/skyline-gs.com\/it\/#\/schema\/logo\/image\/"},"sameAs":["https:\/\/www.instagram.com\/skylineglobalservice\/"]}]}},"_links":{"self":[{"href":"https:\/\/skyline-gs.com\/de\/wp-json\/wp\/v2\/product\/63518","targetHints":{"allow":["GET"]}}],"collection":[{"href":"https:\/\/skyline-gs.com\/de\/wp-json\/wp\/v2\/product"}],"about":[{"href":"https:\/\/skyline-gs.com\/de\/wp-json\/wp\/v2\/types\/product"}],"version-history":[{"count":0,"href":"https:\/\/skyline-gs.com\/de\/wp-json\/wp\/v2\/product\/63518\/revisions"}],"wp:featuredmedia":[{"embeddable":true,"href":"https:\/\/skyline-gs.com\/de\/wp-json\/wp\/v2\/media\/63519"}],"wp:attachment":[{"href":"https:\/\/skyline-gs.com\/de\/wp-json\/wp\/v2\/media?parent=63518"}],"wp:term":[{"taxonomy":"product_brand","embeddable":true,"href":"https:\/\/skyline-gs.com\/de\/wp-json\/wp\/v2\/product_brand?post=63518"},{"taxonomy":"product_cat","embeddable":true,"href":"https:\/\/skyline-gs.com\/de\/wp-json\/wp\/v2\/product_cat?post=63518"},{"taxonomy":"product_tag","embeddable":true,"href":"https:\/\/skyline-gs.com\/de\/wp-json\/wp\/v2\/product_tag?post=63518"}],"curies":[{"name":"wp","href":"https:\/\/api.w.org\/{rel}","templated":true}]}}