{"id":63441,"date":"2025-05-22T23:28:41","date_gmt":"2025-05-22T21:28:41","guid":{"rendered":"http:\/\/skyline-gs.com\/?post_type=product&#038;p=63441"},"modified":"2025-12-23T00:44:04","modified_gmt":"2025-12-22T22:44:04","slug":"the-full-ring-of-iceland","status":"publish","type":"product","link":"https:\/\/skyline-gs.com\/de\/product\/the-full-ring-of-iceland\/","title":{"rendered":"Ma\u00dfgeschneiderte Tour: Der komplette Ring von Island (7 Tage)"},"content":{"rendered":"<p>Die intensivste Route um die ganze Insel: Gletscher, Vulkane, Fjorde, Wasserf\u00e4lle, hei\u00dfe Quellen, schwarze Str\u00e4nde und himmlische Landschaften. In einer Woche sehen Sie alles, wof\u00fcr die Menschen nach Island reisen - und mehr.<\/p>\n<p><strong>Die Einzigartigkeit der Tour:<\/strong><\/p>\n<ul>\n<li>Ein kompletter Ring um alle Regionen Islands<\/li>\n<li>Enth\u00e4lt sowohl beliebte Orte als auch versteckte Juwelen<\/li>\n<li>Geeignet f\u00fcr einen ersten Besuch sowie f\u00fcr diejenigen, die \"alles sehen\" wollen<\/li>\n<\/ul>\n<p><strong>Tag 1: Der Goldene Ring und der Weg nach S\u00fcden<\/strong><\/p>\n<p><strong>9:00 - Abfahrt von der Lobby Ihres Hotels.<\/strong><\/p>\n<ul>\n<li>Wir beginnen unsere Reise mit <strong>Tingvellir-Nationalpark<\/strong>wo sich tektonische Plattengrenzen befinden<\/li>\n<li>Teilnahme an der Veranstaltung <strong>des Geysirs Strokkur<\/strong> und das Thermalgebiet von H\u00f8jkadalur<\/li>\n<li>Leistungsstarke <strong>G\u00fcdlfoss Wasserfall<\/strong>eines der Symbole von Island<\/li>\n<li>Wir beenden den Tag bei <strong>des Kraters Caryd<\/strong><\/li>\n<li>\u00dcbernachtung in der S\u00fcdk\u00fcstenregion<\/li>\n<\/ul>\n<p><strong>Tag 2: S\u00fcdk\u00fcste - Wasserf\u00e4lle, Str\u00e4nde und Gletscher<\/strong><\/p>\n<ul>\n<li>Wasserf\u00e4lle am Morgen: <strong>Seljalandsfoss<\/strong> \u0438 <strong>Skougafoss<\/strong><\/li>\n<li>Ein Spaziergang an einem schwarzen Strand <strong>Reynisfiara<\/strong> mit Basaltfelsen<\/li>\n<li>Ein Halt an der Klippe <strong>Deerholaay<\/strong><\/li>\n<li>Ausflug zum Gletscher <strong>Solheimaj\u00f6kull<\/strong>optionale gef\u00fchrte Wanderung<\/li>\n<li>\u00dcbernachtung in der N\u00e4he des Dorfes Vic<\/li>\n<\/ul>\n<p><strong>Tag 3: Schluchten, Lagune J\u00f6kuls\u00e1rl\u00f3n und Diamantstrand<\/strong><\/p>\n<ul>\n<li>Canyon Walk <strong>Fiadrargljufur<\/strong><\/li>\n<li>Die Lavafelder von Eldhraun geh\u00f6ren zu den gr\u00f6\u00dften der Welt<\/li>\n<li>Besuch der Gletscherlagune <strong>J\u00f6kuls\u00e1rl\u00f3n<\/strong> \u0438 <strong>Diamant-Strand<\/strong><\/li>\n<li>Bootsfahrt auf der Lagune (in der Saison)<\/li>\n<li>\u00dcbernachtung am Fu\u00dfe des Vatnaj\u00f6kull-Gletschers<\/li>\n<\/ul>\n<p><strong>Tag 4: \u00d6stliche Fjorde<\/strong><\/p>\n<ul>\n<li>Der landschaftlich reizvollste Abschnitt: kurvenreiche Stra\u00dfen zwischen den <strong>\u00f6stliche Fjorde<\/strong><\/li>\n<li>Ein Zwischenstopp in einem Fischerdorf <strong>Dupivogur<\/strong><\/li>\n<li>Spaziergang am Meer entlang, Beobachtung von Seev\u00f6geln und Robben<\/li>\n<li>Am Abend - Baden in einer hei\u00dfen Quelle am Strand<\/li>\n<li>\u00dcbernachtung in der Region Egilsstadir<\/li>\n<\/ul>\n<p><strong>Tag 5: Mondlandschaften und geothermischer Norden<\/strong><\/p>\n<ul>\n<li>\u00dcber die Lavaplateaus nach <strong>See M\u00fdvatn<\/strong> - fantastische Region mit vulkanischen Formen<\/li>\n<li>Teilnahme an der Veranstaltung <strong>Scutustadir pseudocraters.<\/strong><\/li>\n<li>Ein Spaziergang entlang <strong>zur Lavastadt Dimmuborgir.<\/strong><\/li>\n<li>Baden in geothermischen B\u00e4dern <strong>M<\/strong><strong>\u00fd<\/strong><strong>vatn<\/strong> <strong>Natur<\/strong> <strong>B\u00e4der<\/strong><\/li>\n<li>Eine Reise nach <strong>zum Namascard-Schwefelfeld<\/strong> und der Krater <strong>Viti<\/strong><\/li>\n<li>\u00dcbernachtung im Stadtgebiet von Akureyri<\/li>\n<\/ul>\n<p><strong>Tag 6: Norden und die Wasserf\u00e4lle der G\u00f6tter<\/strong><\/p>\n<ul>\n<li>Am Morgen des <strong>Akureyri<\/strong> - Hauptstadt des Nordens, Stadtrundgang<\/li>\n<li>Ein Ausflug zu einem der sch\u00f6nsten Wasserf\u00e4lle des Landes - <strong>Godafossou<\/strong><\/li>\n<li>Stra\u00dfe durch das Skagafjordur-Tal, das Zentrum der isl\u00e4ndischen Pferdezucht<\/li>\n<li>Besuch eines Bauernhofs, Begegnung mit Islandpferden<\/li>\n<li>Nacht im Nordwesten des Landes<\/li>\n<\/ul>\n<p><strong>Tag 7: Lavafelder und R\u00fcckkehr \u00fcber Reykjanes<\/strong><\/p>\n<ul>\n<li>Eine Reise durch die Lavafelder im Westen Islands<\/li>\n<li>Anhalten bei <strong>Hraunfossar Wasserfall<\/strong> \u0438 <strong>Barnafoss<\/strong><\/li>\n<li>Geothermische Region <strong>Deildartunguhver<\/strong> und Baden im Krauma Spa (fakultativ)<\/li>\n<li>R\u00fcckkehr nach Reykjavik am Abend, Transfer zum Hotel<\/li>\n<\/ul>\n<p><strong>19:00 - R\u00fcckkehr zum Hotel.<\/strong><\/p>\n<p><strong>Inbegriffen:<\/strong><\/p>\n<ul>\n<li>Transfer vom Hotel und zur\u00fcck<\/li>\n<li>Transfers in einem komfortablen 4\u00d74 SUV mit Klimaanlage<\/li>\n<li>Englischsprachiger Reiseleiter<\/li>\n<li>Kraftstoff<\/li>\n<\/ul>\n<p><strong>Nicht enthalten:<\/strong><\/p>\n<ul>\n<li>Unterkunft (6 N\u00e4chte unterwegs - Osten, Norden, Westen von Island)<\/li>\n<li>Mahlzeiten (optional, Caf\u00e9s entlang der Strecke)<\/li>\n<li>Zus\u00e4tzliche Aktivit\u00e4ten sind m\u00f6glich:<\/li>\n<li>Baden in den Thermalquellen (ab 30 Euro)<\/li>\n<li>Besuch einer Walsafari in Husavik (ab 85 Euro pro Person)<\/li>\n<li>Gletscherh\u00f6hlen oder Kajakfahren in der Lagune (ab 120 \u20ac)<\/li>\n<li>Museen, Bauernh\u00f6fe, lokale Ausfl\u00fcge (ab 15 Euro)<\/li>\n<li>Kostenpflichtige Parkpl\u00e4tze entlang der Strecke<\/li>\n<\/ul>\n<p><strong>Nimm mit:<\/strong><\/p>\n<ul>\n<li>Kamera<\/li>\n<li>Bequeme Schuhe<\/li>\n<li>Warme Kleidung<\/li>\n<li>Geld f\u00fcr pers\u00f6nliche Ausgaben<\/li>\n<\/ul>","protected":false},"excerpt":{"rendered":"<p><strong>Tourzeit: <\/strong>7 Tage<\/p>\n<p><strong>Veranstaltungstage: <\/strong>T\u00e4glich<\/p>","protected":false},"featured_media":63444,"template":"","meta":{"_kad_post_transparent":"default","_kad_post_title":"","_kad_post_layout":"default","_kad_post_sidebar_id":"","_kad_post_content_style":"default","_kad_post_vertical_padding":"default","_kad_post_feature":"","_kad_post_feature_position":"","_kad_post_header":false,"_kad_post_footer":false,"_kad_post_classname":"","_glsr_average":0,"_glsr_ranking":0,"_glsr_reviews":0},"product_brand":[],"product_cat":[467],"product_tag":[],"class_list":{"0":"post-63441","1":"product","2":"type-product","3":"status-publish","4":"has-post-thumbnail","6":"product_cat-iceland","7":"tm-has-options","9":"first","10":"instock","11":"sold-individually","12":"taxable","13":"shipping-taxable","14":"purchasable","15":"product-type-simple","16":"entry","17":"content-bg","18":"loop-entry"},"yoast_head":"<!-- This site is optimized with the Yoast SEO plugin v27.3 - https:\/\/yoast.com\/product\/yoast-seo-wordpress\/ -->\n<title>\u0418\u043d\u0434\u0438\u0432\u0438\u0434\u0443\u0430\u043b\u044c\u043d\u044b\u0439 \u0442\u0443\u0440: \u041f\u043e\u043b\u043d\u043e\u0435 \u043a\u043e\u043b\u044c\u0446\u043e \u0418\u0441\u043b\u0430\u043d\u0434\u0438\u0438 (7 \u0434\u043d\u0435\u0439) &#8226; \u042d\u043a\u0441\u043a\u0443\u0440\u0441\u0438\u0438 Skyline<\/title>\n<meta name=\"robots\" content=\"index, follow, max-snippet:-1, max-image-preview:large, max-video-preview:-1\" \/>\n<link rel=\"canonical\" href=\"https:\/\/skyline-gs.com\/de\/produkt\/the-full-ring-of-iceland\/\" \/>\n<meta property=\"og:locale\" content=\"de_DE\" \/>\n<meta property=\"og:type\" content=\"article\" \/>\n<meta property=\"og:title\" content=\"\u0418\u043d\u0434\u0438\u0432\u0438\u0434\u0443\u0430\u043b\u044c\u043d\u044b\u0439 \u0442\u0443\u0440: \u041f\u043e\u043b\u043d\u043e\u0435 \u043a\u043e\u043b\u044c\u0446\u043e \u0418\u0441\u043b\u0430\u043d\u0434\u0438\u0438 (7 \u0434\u043d\u0435\u0439) &#8226; \u042d\u043a\u0441\u043a\u0443\u0440\u0441\u0438\u0438 Skyline\" \/>\n<meta property=\"og:description\" content=\"\u0412\u0440\u0435\u043c\u044f \u0442\u0443\u0440\u0430: 7 \u0434\u043d\u0435\u0439  \u0414\u043d\u0438 \u043f\u0440\u043e\u0432\u0435\u0434\u0435\u043d\u0438\u044f: \u041a\u0430\u0436\u0434\u044b\u0439 \u0434\u0435\u043d\u044c\" \/>\n<meta property=\"og:url\" content=\"https:\/\/skyline-gs.com\/de\/produkt\/the-full-ring-of-iceland\/\" \/>\n<meta property=\"og:site_name\" content=\"\u042d\u043a\u0441\u043a\u0443\u0440\u0441\u0438\u0438 Skyline\" \/>\n<meta property=\"article:modified_time\" content=\"2025-12-22T22:44:04+00:00\" \/>\n<meta property=\"og:image\" content=\"https:\/\/skyline-gs.com\/wp-content\/uploads\/2025\/05\/11.jpg\" \/>\n\t<meta property=\"og:image:width\" content=\"669\" \/>\n\t<meta property=\"og:image:height\" content=\"446\" \/>\n\t<meta property=\"og:image:type\" content=\"image\/jpeg\" \/>\n<meta name=\"twitter:card\" content=\"summary_large_image\" \/>\n<meta name=\"twitter:label1\" content=\"Gesch\u00e4tzte Lesezeit\" \/>\n\t<meta name=\"twitter:data1\" content=\"3\u00a0Minuten\" \/>\n<script type=\"application\/ld+json\" class=\"yoast-schema-graph\">{\"@context\":\"https:\\\/\\\/schema.org\",\"@graph\":[{\"@type\":\"WebPage\",\"@id\":\"https:\\\/\\\/skyline-gs.com\\\/hu\\\/termek\\\/the-full-ring-of-iceland\\\/\",\"url\":\"https:\\\/\\\/skyline-gs.com\\\/hu\\\/termek\\\/the-full-ring-of-iceland\\\/\",\"name\":\"\u0418\u043d\u0434\u0438\u0432\u0438\u0434\u0443\u0430\u043b\u044c\u043d\u044b\u0439 \u0442\u0443\u0440: \u041f\u043e\u043b\u043d\u043e\u0435 \u043a\u043e\u043b\u044c\u0446\u043e \u0418\u0441\u043b\u0430\u043d\u0434\u0438\u0438 (7 \u0434\u043d\u0435\u0439) &#8226; \u042d\u043a\u0441\u043a\u0443\u0440\u0441\u0438\u0438 Skyline\",\"isPartOf\":{\"@id\":\"https:\\\/\\\/skyline-gs.com\\\/it\\\/#website\"},\"primaryImageOfPage\":{\"@id\":\"https:\\\/\\\/skyline-gs.com\\\/hu\\\/termek\\\/the-full-ring-of-iceland\\\/#primaryimage\"},\"image\":{\"@id\":\"https:\\\/\\\/skyline-gs.com\\\/hu\\\/termek\\\/the-full-ring-of-iceland\\\/#primaryimage\"},\"thumbnailUrl\":\"https:\\\/\\\/skyline-gs.com\\\/wp-content\\\/uploads\\\/2025\\\/05\\\/11.jpg\",\"datePublished\":\"2025-05-22T21:28:41+00:00\",\"dateModified\":\"2025-12-22T22:44:04+00:00\",\"breadcrumb\":{\"@id\":\"https:\\\/\\\/skyline-gs.com\\\/hu\\\/termek\\\/the-full-ring-of-iceland\\\/#breadcrumb\"},\"inLanguage\":\"de\",\"potentialAction\":[{\"@type\":\"ReadAction\",\"target\":[\"https:\\\/\\\/skyline-gs.com\\\/hu\\\/termek\\\/the-full-ring-of-iceland\\\/\"]}]},{\"@type\":\"ImageObject\",\"inLanguage\":\"de\",\"@id\":\"https:\\\/\\\/skyline-gs.com\\\/hu\\\/termek\\\/the-full-ring-of-iceland\\\/#primaryimage\",\"url\":\"https:\\\/\\\/skyline-gs.com\\\/wp-content\\\/uploads\\\/2025\\\/05\\\/11.jpg\",\"contentUrl\":\"https:\\\/\\\/skyline-gs.com\\\/wp-content\\\/uploads\\\/2025\\\/05\\\/11.jpg\",\"width\":669,\"height\":446},{\"@type\":\"BreadcrumbList\",\"@id\":\"https:\\\/\\\/skyline-gs.com\\\/hu\\\/termek\\\/the-full-ring-of-iceland\\\/#breadcrumb\",\"itemListElement\":[{\"@type\":\"ListItem\",\"position\":1,\"name\":\"\u0413\u043b\u0430\u0432\u043d\u0430\u044f \u0441\u0442\u0440\u0430\u043d\u0438\u0446\u0430\",\"item\":\"https:\\\/\\\/skyline-gs.com\\\/hu\\\/\"},{\"@type\":\"ListItem\",\"position\":2,\"name\":\"\u041c\u0430\u0433\u0430\u0437\u0438\u043d\",\"item\":\"https:\\\/\\\/skyline-gs.com\\\/cs\\\/shop\\\/\"},{\"@type\":\"ListItem\",\"position\":3,\"name\":\"\u0418\u043d\u0434\u0438\u0432\u0438\u0434\u0443\u0430\u043b\u044c\u043d\u044b\u0439 \u0442\u0443\u0440: \u041f\u043e\u043b\u043d\u043e\u0435 \u043a\u043e\u043b\u044c\u0446\u043e \u0418\u0441\u043b\u0430\u043d\u0434\u0438\u0438 (7 \u0434\u043d\u0435\u0439)\"}]},{\"@type\":\"WebSite\",\"@id\":\"https:\\\/\\\/skyline-gs.com\\\/it\\\/#website\",\"url\":\"https:\\\/\\\/skyline-gs.com\\\/it\\\/\",\"name\":\"\u042d\u043a\u0441\u043a\u0443\u0440\u0441\u0438\u0438 Skyline\",\"description\":\"\u042d\u043a\u0441\u043a\u043b\u044e\u0437\u0438\u0432\u043d\u044b\u0435 \u044d\u043a\u0441\u043a\u0443\u0440\u0441\u0438\u0438 \u043d\u0430 \u043b\u0443\u0447\u0448\u0438\u0445 \u043a\u0443\u0440\u043e\u0440\u0442\u0430\u0445 \u043c\u0438\u0440\u0430\",\"publisher\":{\"@id\":\"https:\\\/\\\/skyline-gs.com\\\/it\\\/#organization\"},\"alternateName\":\"Skyline\",\"potentialAction\":[{\"@type\":\"SearchAction\",\"target\":{\"@type\":\"EntryPoint\",\"urlTemplate\":\"https:\\\/\\\/skyline-gs.com\\\/it\\\/?s={search_term_string}\"},\"query-input\":{\"@type\":\"PropertyValueSpecification\",\"valueRequired\":true,\"valueName\":\"search_term_string\"}}],\"inLanguage\":\"de\"},{\"@type\":\"Organization\",\"@id\":\"https:\\\/\\\/skyline-gs.com\\\/it\\\/#organization\",\"name\":\"\u042d\u043a\u0441\u043a\u0443\u0440\u0441\u0438\u0438 Skyline\",\"alternateName\":\"\u042d\u043a\u0441\u043a\u0443\u0440\u0441\u0438\u0438 Skyline\",\"url\":\"https:\\\/\\\/skyline-gs.com\\\/it\\\/\",\"logo\":{\"@type\":\"ImageObject\",\"inLanguage\":\"de\",\"@id\":\"https:\\\/\\\/skyline-gs.com\\\/it\\\/#\\\/schema\\\/logo\\\/image\\\/\",\"url\":\"https:\\\/\\\/skyline-gs.com\\\/wp-content\\\/uploads\\\/2020\\\/12\\\/cropped-logo-2.png\",\"contentUrl\":\"https:\\\/\\\/skyline-gs.com\\\/wp-content\\\/uploads\\\/2020\\\/12\\\/cropped-logo-2.png\",\"width\":512,\"height\":512,\"caption\":\"\u042d\u043a\u0441\u043a\u0443\u0440\u0441\u0438\u0438 Skyline\"},\"image\":{\"@id\":\"https:\\\/\\\/skyline-gs.com\\\/it\\\/#\\\/schema\\\/logo\\\/image\\\/\"},\"sameAs\":[\"https:\\\/\\\/www.instagram.com\\\/skylineglobalservice\\\/\"]}]}<\/script>\n<!-- \/ Yoast SEO plugin. -->","yoast_head_json":{"title":"\u0418\u043d\u0434\u0438\u0432\u0438\u0434\u0443\u0430\u043b\u044c\u043d\u044b\u0439 \u0442\u0443\u0440: \u041f\u043e\u043b\u043d\u043e\u0435 \u043a\u043e\u043b\u044c\u0446\u043e \u0418\u0441\u043b\u0430\u043d\u0434\u0438\u0438 (7 \u0434\u043d\u0435\u0439) &#8226; \u042d\u043a\u0441\u043a\u0443\u0440\u0441\u0438\u0438 Skyline","robots":{"index":"index","follow":"follow","max-snippet":"max-snippet:-1","max-image-preview":"max-image-preview:large","max-video-preview":"max-video-preview:-1"},"canonical":"https:\/\/skyline-gs.com\/de\/produkt\/the-full-ring-of-iceland\/","og_locale":"de_DE","og_type":"article","og_title":"\u0418\u043d\u0434\u0438\u0432\u0438\u0434\u0443\u0430\u043b\u044c\u043d\u044b\u0439 \u0442\u0443\u0440: \u041f\u043e\u043b\u043d\u043e\u0435 \u043a\u043e\u043b\u044c\u0446\u043e \u0418\u0441\u043b\u0430\u043d\u0434\u0438\u0438 (7 \u0434\u043d\u0435\u0439) &#8226; \u042d\u043a\u0441\u043a\u0443\u0440\u0441\u0438\u0438 Skyline","og_description":"\u0412\u0440\u0435\u043c\u044f \u0442\u0443\u0440\u0430: 7 \u0434\u043d\u0435\u0439  \u0414\u043d\u0438 \u043f\u0440\u043e\u0432\u0435\u0434\u0435\u043d\u0438\u044f: \u041a\u0430\u0436\u0434\u044b\u0439 \u0434\u0435\u043d\u044c","og_url":"https:\/\/skyline-gs.com\/de\/produkt\/the-full-ring-of-iceland\/","og_site_name":"\u042d\u043a\u0441\u043a\u0443\u0440\u0441\u0438\u0438 Skyline","article_modified_time":"2025-12-22T22:44:04+00:00","og_image":[{"width":669,"height":446,"url":"https:\/\/skyline-gs.com\/wp-content\/uploads\/2025\/05\/11.jpg","type":"image\/jpeg"}],"twitter_card":"summary_large_image","twitter_misc":{"Gesch\u00e4tzte Lesezeit":"3\u00a0Minuten"},"schema":{"@context":"https:\/\/schema.org","@graph":[{"@type":"WebPage","@id":"https:\/\/skyline-gs.com\/hu\/termek\/the-full-ring-of-iceland\/","url":"https:\/\/skyline-gs.com\/hu\/termek\/the-full-ring-of-iceland\/","name":"\u0418\u043d\u0434\u0438\u0432\u0438\u0434\u0443\u0430\u043b\u044c\u043d\u044b\u0439 \u0442\u0443\u0440: \u041f\u043e\u043b\u043d\u043e\u0435 \u043a\u043e\u043b\u044c\u0446\u043e \u0418\u0441\u043b\u0430\u043d\u0434\u0438\u0438 (7 \u0434\u043d\u0435\u0439) &#8226; \u042d\u043a\u0441\u043a\u0443\u0440\u0441\u0438\u0438 Skyline","isPartOf":{"@id":"https:\/\/skyline-gs.com\/it\/#website"},"primaryImageOfPage":{"@id":"https:\/\/skyline-gs.com\/hu\/termek\/the-full-ring-of-iceland\/#primaryimage"},"image":{"@id":"https:\/\/skyline-gs.com\/hu\/termek\/the-full-ring-of-iceland\/#primaryimage"},"thumbnailUrl":"https:\/\/skyline-gs.com\/wp-content\/uploads\/2025\/05\/11.jpg","datePublished":"2025-05-22T21:28:41+00:00","dateModified":"2025-12-22T22:44:04+00:00","breadcrumb":{"@id":"https:\/\/skyline-gs.com\/hu\/termek\/the-full-ring-of-iceland\/#breadcrumb"},"inLanguage":"de","potentialAction":[{"@type":"ReadAction","target":["https:\/\/skyline-gs.com\/hu\/termek\/the-full-ring-of-iceland\/"]}]},{"@type":"ImageObject","inLanguage":"de","@id":"https:\/\/skyline-gs.com\/hu\/termek\/the-full-ring-of-iceland\/#primaryimage","url":"https:\/\/skyline-gs.com\/wp-content\/uploads\/2025\/05\/11.jpg","contentUrl":"https:\/\/skyline-gs.com\/wp-content\/uploads\/2025\/05\/11.jpg","width":669,"height":446},{"@type":"BreadcrumbList","@id":"https:\/\/skyline-gs.com\/hu\/termek\/the-full-ring-of-iceland\/#breadcrumb","itemListElement":[{"@type":"ListItem","position":1,"name":"\u0413\u043b\u0430\u0432\u043d\u0430\u044f \u0441\u0442\u0440\u0430\u043d\u0438\u0446\u0430","item":"https:\/\/skyline-gs.com\/hu\/"},{"@type":"ListItem","position":2,"name":"\u041c\u0430\u0433\u0430\u0437\u0438\u043d","item":"https:\/\/skyline-gs.com\/cs\/shop\/"},{"@type":"ListItem","position":3,"name":"\u0418\u043d\u0434\u0438\u0432\u0438\u0434\u0443\u0430\u043b\u044c\u043d\u044b\u0439 \u0442\u0443\u0440: \u041f\u043e\u043b\u043d\u043e\u0435 \u043a\u043e\u043b\u044c\u0446\u043e \u0418\u0441\u043b\u0430\u043d\u0434\u0438\u0438 (7 \u0434\u043d\u0435\u0439)"}]},{"@type":"WebSite","@id":"https:\/\/skyline-gs.com\/it\/#website","url":"https:\/\/skyline-gs.com\/it\/","name":"Skyline Ausfl\u00fcge","description":"Exklusive Ausfl\u00fcge in den besten Resorts der Welt","publisher":{"@id":"https:\/\/skyline-gs.com\/it\/#organization"},"alternateName":"Skyline","potentialAction":[{"@type":"SearchAction","target":{"@type":"EntryPoint","urlTemplate":"https:\/\/skyline-gs.com\/it\/?s={search_term_string}"},"query-input":{"@type":"PropertyValueSpecification","valueRequired":true,"valueName":"search_term_string"}}],"inLanguage":"de"},{"@type":"Organization","@id":"https:\/\/skyline-gs.com\/it\/#organization","name":"Skyline Ausfl\u00fcge","alternateName":"\u042d\u043a\u0441\u043a\u0443\u0440\u0441\u0438\u0438 Skyline","url":"https:\/\/skyline-gs.com\/it\/","logo":{"@type":"ImageObject","inLanguage":"de","@id":"https:\/\/skyline-gs.com\/it\/#\/schema\/logo\/image\/","url":"https:\/\/skyline-gs.com\/wp-content\/uploads\/2020\/12\/cropped-logo-2.png","contentUrl":"https:\/\/skyline-gs.com\/wp-content\/uploads\/2020\/12\/cropped-logo-2.png","width":512,"height":512,"caption":"\u042d\u043a\u0441\u043a\u0443\u0440\u0441\u0438\u0438 Skyline"},"image":{"@id":"https:\/\/skyline-gs.com\/it\/#\/schema\/logo\/image\/"},"sameAs":["https:\/\/www.instagram.com\/skylineglobalservice\/"]}]}},"_links":{"self":[{"href":"https:\/\/skyline-gs.com\/de\/wp-json\/wp\/v2\/product\/63441","targetHints":{"allow":["GET"]}}],"collection":[{"href":"https:\/\/skyline-gs.com\/de\/wp-json\/wp\/v2\/product"}],"about":[{"href":"https:\/\/skyline-gs.com\/de\/wp-json\/wp\/v2\/types\/product"}],"version-history":[{"count":0,"href":"https:\/\/skyline-gs.com\/de\/wp-json\/wp\/v2\/product\/63441\/revisions"}],"wp:featuredmedia":[{"embeddable":true,"href":"https:\/\/skyline-gs.com\/de\/wp-json\/wp\/v2\/media\/63444"}],"wp:attachment":[{"href":"https:\/\/skyline-gs.com\/de\/wp-json\/wp\/v2\/media?parent=63441"}],"wp:term":[{"taxonomy":"product_brand","embeddable":true,"href":"https:\/\/skyline-gs.com\/de\/wp-json\/wp\/v2\/product_brand?post=63441"},{"taxonomy":"product_cat","embeddable":true,"href":"https:\/\/skyline-gs.com\/de\/wp-json\/wp\/v2\/product_cat?post=63441"},{"taxonomy":"product_tag","embeddable":true,"href":"https:\/\/skyline-gs.com\/de\/wp-json\/wp\/v2\/product_tag?post=63441"}],"curies":[{"name":"wp","href":"https:\/\/api.w.org\/{rel}","templated":true}]}}