{"id":60833,"date":"2025-01-06T20:22:05","date_gmt":"2025-01-06T18:22:05","guid":{"rendered":"http:\/\/skyline-gs.com\/?post_type=product&#038;p=60833"},"modified":"2025-01-06T21:09:17","modified_gmt":"2025-01-06T19:09:17","slug":"ch-chi-mekong-saigon","status":"publish","type":"product","link":"https:\/\/skyline-gs.com\/de\/product\/ch-chi-mekong-saigon\/","title":{"rendered":"Individuelle Tour: Cu Chi-Tunnel und der Mekong-Fluss"},"content":{"rendered":"<p><strong>Beginnen Sie Ihren Tag, indem Sie in die Geschichte Vietnams eintauchen<\/strong>besuchen Sie die ber\u00fchmten Cu-Chi-Tunnel. Dieses erstaunliche, mehr als 250 km lange unterirdische Netz diente w\u00e4hrend des Krieges als Unterschlupf, Angriffstaktik und Verteidigung. Sie werden sehen, wie die Menschen unter diesen Bedingungen \u00fcberlebten, Nahrung zubereiteten und das Leben im Untergrund organisierten. Wer m\u00f6chte, kann sich im Schie\u00dfen mit Troph\u00e4enwaffen versuchen und das Adrenalin des Kampfes sp\u00fcren.<\/p>\n<p>Nachdem Sie die Geschichte erkundet haben, fahren Sie in das Mekong-Delta, die Wiege des l\u00e4ndlichen Lebens in Vietnam. Hier werden Sie <strong>Bootsfahrt auf den malerischen Kan\u00e4len<\/strong>Ein Besuch in einem traditionellen Obstgarten, umgeben von \u00fcppigem Gr\u00fcn, und ein Besuch in einem traditionellen Obstgarten, wo Sie tropische Aromen genie\u00dfen k\u00f6nnen. Die Imkerei bietet Honiggetr\u00e4nke an, und traditionelle Musiker werden Ihnen ein unvergessliches Konzert bieten. Verpassen Sie nicht die Gelegenheit, die Insel der Kunsthandwerker zu besuchen, wo sie einzigartige Produkte aus Kokosnuss, Leder und Reis herstellen. Sie haben die M\u00f6glichkeit, den gesamten Herstellungsprozess mitzuerleben und Souvenirs als Andenken zu kaufen.<\/p>\n<p><strong>8:00 - Abfahrt von Ihrer Hotellobby.<\/strong><\/p>\n<ul>\n<li><strong>8:00 &#8212; 09:00:<\/strong> Transfer zu den ber\u00fchmten Cu-Chi-Tunneln.<\/li>\n<li><strong>9:00 &#8212; 11:00:<\/strong> Besichtigung der Cu Chi Tunnels. Dabei handelt es sich um ein komplexes, \u00fcber 250 km langes Netz unterirdischer G\u00e4nge, die w\u00e4hrend des Vietnamkriegs zur Verteidigung und f\u00fcr Angriffe genutzt wurden. Sie werden sehen k\u00f6nnen, wie das Leben unter den Bedingungen des Krieges war, und Sie k\u00f6nnen sich im Schie\u00dfen mit Troph\u00e4enwaffen versuchen (optional, gegen Aufpreis: AK-47, M-16, M-60).<\/li>\n<li><strong>11:00 &#8212; 12:30:<\/strong> Transfer zum Mekong-Fluss.<\/li>\n<li><strong>12:30 &#8212; 13:00:<\/strong> Mittagessen im Restaurant.<\/li>\n<li><strong>13:00 &#8212; 15:00:<\/strong> Mekong Delta Tour:\n<ul>\n<li>Eine Bootsfahrt auf den malerischen Wasserstra\u00dfen des Flusses.<\/li>\n<li>Besuch des Obstgartens und des Bienenstocks, Verkostung von Honiggetr\u00e4nken.<\/li>\n<li>Eine einzigartige Darbietung von Musikern, die Volkslieder vortragen.<\/li>\n<li>Ein Spaziergang durch eine Dorfstra\u00dfe auf einem Pferdewagen.<\/li>\n<li>Mit einem Holzboot durch enge Kan\u00e4le fahren.<\/li>\n<li>Besuch eines Fischerdorfs, Kennenlernen des \u00f6rtlichen Lebens.<\/li>\n<li>Insel der Kunsthandwerker: Herstellung von Kokosnussbonbons, Reiskuchen, Souvenirs und Krokodilhautprodukten.<\/li>\n<\/ul>\n<\/li>\n<\/ul>\n<p><strong>16:00 - R\u00fcckkehr zum Hotel.<\/strong><\/p>\n<p><strong>Inbegriffen:<\/strong><\/p>\n<ul>\n<li>Transfer vom Hotel und zur\u00fcck<\/li>\n<li>Abendessen<\/li>\n<li>Englischsprachiger Reiseleiter<\/li>\n<li>Alle Eintrittskarten<\/li>\n<li>Bootsfahrt auf dem Mekong-Fluss<\/li>\n<\/ul>\n<p><strong>Nicht enthalten:<\/strong><\/p>\n<ul>\n<li>Schie\u00dfen mit Troph\u00e4enwaffen (optional, gegen Aufpreis: AK-47, M-16, M-60)<\/li>\n<\/ul>\n<p><strong>Nimm mit:<\/strong><\/p>\n<ul>\n<li>Wasser<\/li>\n<li>Bequeme Kleidung<\/li>\n<li>Kamera<\/li>\n<li>Geld f\u00fcr pers\u00f6nliche Ausgaben<\/li>\n<\/ul>","protected":false},"excerpt":{"rendered":"<p><strong>Tourzeit:<\/strong> 8:00 &#8212; 16:00<\/p>\n<p><strong>Veranstaltungstage:<\/strong> T\u00e4glich<\/p>","protected":false},"featured_media":59264,"template":"","meta":{"_kad_post_transparent":"default","_kad_post_title":"","_kad_post_layout":"default","_kad_post_sidebar_id":"","_kad_post_content_style":"default","_kad_post_vertical_padding":"default","_kad_post_feature":"","_kad_post_feature_position":"","_kad_post_header":false,"_kad_post_footer":false,"_kad_post_classname":"","_glsr_average":0,"_glsr_ranking":0,"_glsr_reviews":0},"product_brand":[],"product_cat":[488],"product_tag":[],"class_list":{"0":"post-60833","1":"product","2":"type-product","3":"status-publish","4":"has-post-thumbnail","6":"product_cat-hochiminh","7":"tm-has-options","9":"first","10":"instock","11":"sold-individually","12":"taxable","13":"shipping-taxable","14":"purchasable","15":"product-type-simple","16":"entry","17":"content-bg","18":"loop-entry"},"yoast_head":"<!-- This site is optimized with the Yoast SEO plugin v27.3 - https:\/\/yoast.com\/product\/yoast-seo-wordpress\/ -->\n<title>\u0418\u043d\u0434\u0438\u0432\u0438\u0434\u0443\u0430\u043b\u044c\u043d\u044b \u0442\u0443\u0440: \u0422\u043e\u043d\u043d\u0435\u043b\u0438 \u041a\u0443 \u0427\u0438 \u0438 \u0440\u0435\u043a\u0430 \u041c\u0435\u043a\u043e\u043d\u0433 &#8226; \u042d\u043a\u0441\u043a\u0443\u0440\u0441\u0438\u0438 Skyline<\/title>\n<meta name=\"robots\" content=\"index, follow, max-snippet:-1, max-image-preview:large, max-video-preview:-1\" \/>\n<link rel=\"canonical\" href=\"https:\/\/skyline-gs.com\/de\/produkt\/ch-chi-mekong-saigon\/\" \/>\n<meta property=\"og:locale\" content=\"de_DE\" \/>\n<meta property=\"og:type\" content=\"article\" \/>\n<meta property=\"og:title\" content=\"\u0418\u043d\u0434\u0438\u0432\u0438\u0434\u0443\u0430\u043b\u044c\u043d\u044b \u0442\u0443\u0440: \u0422\u043e\u043d\u043d\u0435\u043b\u0438 \u041a\u0443 \u0427\u0438 \u0438 \u0440\u0435\u043a\u0430 \u041c\u0435\u043a\u043e\u043d\u0433 &#8226; \u042d\u043a\u0441\u043a\u0443\u0440\u0441\u0438\u0438 Skyline\" \/>\n<meta property=\"og:description\" content=\"\u0412\u0440\u0435\u043c\u044f \u0442\u0443\u0440\u0430: 8:00 - 16:00  \u0414\u043d\u0438 \u043f\u0440\u043e\u0432\u0435\u0434\u0435\u043d\u0438\u044f: \u0415\u0436\u0435\u0434\u043d\u0435\u0432\u043d\u043e\" \/>\n<meta property=\"og:url\" content=\"https:\/\/skyline-gs.com\/de\/produkt\/ch-chi-mekong-saigon\/\" \/>\n<meta property=\"og:site_name\" content=\"\u042d\u043a\u0441\u043a\u0443\u0440\u0441\u0438\u0438 Skyline\" \/>\n<meta property=\"article:modified_time\" content=\"2025-01-06T19:09:17+00:00\" \/>\n<meta property=\"og:image\" content=\"https:\/\/skyline-gs.com\/wp-content\/uploads\/2024\/11\/7b-2.jpg\" \/>\n\t<meta property=\"og:image:width\" content=\"669\" \/>\n\t<meta property=\"og:image:height\" content=\"446\" \/>\n\t<meta property=\"og:image:type\" content=\"image\/jpeg\" \/>\n<meta name=\"twitter:card\" content=\"summary_large_image\" \/>\n<meta name=\"twitter:label1\" content=\"Gesch\u00e4tzte Lesezeit\" \/>\n\t<meta name=\"twitter:data1\" content=\"2\u00a0Minuten\" \/>\n<script type=\"application\/ld+json\" class=\"yoast-schema-graph\">{\"@context\":\"https:\\\/\\\/schema.org\",\"@graph\":[{\"@type\":\"WebPage\",\"@id\":\"https:\\\/\\\/skyline-gs.com\\\/it\\\/prodotto\\\/ch-chi-mekong-saigon\\\/\",\"url\":\"https:\\\/\\\/skyline-gs.com\\\/it\\\/prodotto\\\/ch-chi-mekong-saigon\\\/\",\"name\":\"\u0418\u043d\u0434\u0438\u0432\u0438\u0434\u0443\u0430\u043b\u044c\u043d\u044b \u0442\u0443\u0440: \u0422\u043e\u043d\u043d\u0435\u043b\u0438 \u041a\u0443 \u0427\u0438 \u0438 \u0440\u0435\u043a\u0430 \u041c\u0435\u043a\u043e\u043d\u0433 &#8226; \u042d\u043a\u0441\u043a\u0443\u0440\u0441\u0438\u0438 Skyline\",\"isPartOf\":{\"@id\":\"https:\\\/\\\/skyline-gs.com\\\/it\\\/#website\"},\"primaryImageOfPage\":{\"@id\":\"https:\\\/\\\/skyline-gs.com\\\/it\\\/prodotto\\\/ch-chi-mekong-saigon\\\/#primaryimage\"},\"image\":{\"@id\":\"https:\\\/\\\/skyline-gs.com\\\/it\\\/prodotto\\\/ch-chi-mekong-saigon\\\/#primaryimage\"},\"thumbnailUrl\":\"https:\\\/\\\/skyline-gs.com\\\/wp-content\\\/uploads\\\/2024\\\/11\\\/7b-2.jpg\",\"datePublished\":\"2025-01-06T18:22:05+00:00\",\"dateModified\":\"2025-01-06T19:09:17+00:00\",\"breadcrumb\":{\"@id\":\"https:\\\/\\\/skyline-gs.com\\\/it\\\/prodotto\\\/ch-chi-mekong-saigon\\\/#breadcrumb\"},\"inLanguage\":\"de\",\"potentialAction\":[{\"@type\":\"ReadAction\",\"target\":[\"https:\\\/\\\/skyline-gs.com\\\/it\\\/prodotto\\\/ch-chi-mekong-saigon\\\/\"]}]},{\"@type\":\"ImageObject\",\"inLanguage\":\"de\",\"@id\":\"https:\\\/\\\/skyline-gs.com\\\/it\\\/prodotto\\\/ch-chi-mekong-saigon\\\/#primaryimage\",\"url\":\"https:\\\/\\\/skyline-gs.com\\\/wp-content\\\/uploads\\\/2024\\\/11\\\/7b-2.jpg\",\"contentUrl\":\"https:\\\/\\\/skyline-gs.com\\\/wp-content\\\/uploads\\\/2024\\\/11\\\/7b-2.jpg\",\"width\":669,\"height\":446},{\"@type\":\"BreadcrumbList\",\"@id\":\"https:\\\/\\\/skyline-gs.com\\\/it\\\/prodotto\\\/ch-chi-mekong-saigon\\\/#breadcrumb\",\"itemListElement\":[{\"@type\":\"ListItem\",\"position\":1,\"name\":\"\u0413\u043b\u0430\u0432\u043d\u0430\u044f \u0441\u0442\u0440\u0430\u043d\u0438\u0446\u0430\",\"item\":\"https:\\\/\\\/skyline-gs.com\\\/hu\\\/\"},{\"@type\":\"ListItem\",\"position\":2,\"name\":\"\u041c\u0430\u0433\u0430\u0437\u0438\u043d\",\"item\":\"https:\\\/\\\/skyline-gs.com\\\/cs\\\/shop\\\/\"},{\"@type\":\"ListItem\",\"position\":3,\"name\":\"\u0418\u043d\u0434\u0438\u0432\u0438\u0434\u0443\u0430\u043b\u044c\u043d\u044b \u0442\u0443\u0440: \u0422\u043e\u043d\u043d\u0435\u043b\u0438 \u041a\u0443 \u0427\u0438 \u0438 \u0440\u0435\u043a\u0430 \u041c\u0435\u043a\u043e\u043d\u0433\"}]},{\"@type\":\"WebSite\",\"@id\":\"https:\\\/\\\/skyline-gs.com\\\/it\\\/#website\",\"url\":\"https:\\\/\\\/skyline-gs.com\\\/it\\\/\",\"name\":\"\u042d\u043a\u0441\u043a\u0443\u0440\u0441\u0438\u0438 Skyline\",\"description\":\"\u042d\u043a\u0441\u043a\u043b\u044e\u0437\u0438\u0432\u043d\u044b\u0435 \u044d\u043a\u0441\u043a\u0443\u0440\u0441\u0438\u0438 \u043d\u0430 \u043b\u0443\u0447\u0448\u0438\u0445 \u043a\u0443\u0440\u043e\u0440\u0442\u0430\u0445 \u043c\u0438\u0440\u0430\",\"publisher\":{\"@id\":\"https:\\\/\\\/skyline-gs.com\\\/it\\\/#organization\"},\"alternateName\":\"Skyline\",\"potentialAction\":[{\"@type\":\"SearchAction\",\"target\":{\"@type\":\"EntryPoint\",\"urlTemplate\":\"https:\\\/\\\/skyline-gs.com\\\/it\\\/?s={search_term_string}\"},\"query-input\":{\"@type\":\"PropertyValueSpecification\",\"valueRequired\":true,\"valueName\":\"search_term_string\"}}],\"inLanguage\":\"de\"},{\"@type\":\"Organization\",\"@id\":\"https:\\\/\\\/skyline-gs.com\\\/it\\\/#organization\",\"name\":\"\u042d\u043a\u0441\u043a\u0443\u0440\u0441\u0438\u0438 Skyline\",\"alternateName\":\"\u042d\u043a\u0441\u043a\u0443\u0440\u0441\u0438\u0438 Skyline\",\"url\":\"https:\\\/\\\/skyline-gs.com\\\/it\\\/\",\"logo\":{\"@type\":\"ImageObject\",\"inLanguage\":\"de\",\"@id\":\"https:\\\/\\\/skyline-gs.com\\\/it\\\/#\\\/schema\\\/logo\\\/image\\\/\",\"url\":\"https:\\\/\\\/skyline-gs.com\\\/wp-content\\\/uploads\\\/2020\\\/12\\\/cropped-logo-2.png\",\"contentUrl\":\"https:\\\/\\\/skyline-gs.com\\\/wp-content\\\/uploads\\\/2020\\\/12\\\/cropped-logo-2.png\",\"width\":512,\"height\":512,\"caption\":\"\u042d\u043a\u0441\u043a\u0443\u0440\u0441\u0438\u0438 Skyline\"},\"image\":{\"@id\":\"https:\\\/\\\/skyline-gs.com\\\/it\\\/#\\\/schema\\\/logo\\\/image\\\/\"},\"sameAs\":[\"https:\\\/\\\/www.instagram.com\\\/skylineglobalservice\\\/\"]}]}<\/script>\n<!-- \/ Yoast SEO plugin. -->","yoast_head_json":{"title":"\u0418\u043d\u0434\u0438\u0432\u0438\u0434\u0443\u0430\u043b\u044c\u043d\u044b \u0442\u0443\u0440: \u0422\u043e\u043d\u043d\u0435\u043b\u0438 \u041a\u0443 \u0427\u0438 \u0438 \u0440\u0435\u043a\u0430 \u041c\u0435\u043a\u043e\u043d\u0433 &#8226; \u042d\u043a\u0441\u043a\u0443\u0440\u0441\u0438\u0438 Skyline","robots":{"index":"index","follow":"follow","max-snippet":"max-snippet:-1","max-image-preview":"max-image-preview:large","max-video-preview":"max-video-preview:-1"},"canonical":"https:\/\/skyline-gs.com\/de\/produkt\/ch-chi-mekong-saigon\/","og_locale":"de_DE","og_type":"article","og_title":"\u0418\u043d\u0434\u0438\u0432\u0438\u0434\u0443\u0430\u043b\u044c\u043d\u044b \u0442\u0443\u0440: \u0422\u043e\u043d\u043d\u0435\u043b\u0438 \u041a\u0443 \u0427\u0438 \u0438 \u0440\u0435\u043a\u0430 \u041c\u0435\u043a\u043e\u043d\u0433 &#8226; \u042d\u043a\u0441\u043a\u0443\u0440\u0441\u0438\u0438 Skyline","og_description":"\u0412\u0440\u0435\u043c\u044f \u0442\u0443\u0440\u0430: 8:00 - 16:00  \u0414\u043d\u0438 \u043f\u0440\u043e\u0432\u0435\u0434\u0435\u043d\u0438\u044f: \u0415\u0436\u0435\u0434\u043d\u0435\u0432\u043d\u043e","og_url":"https:\/\/skyline-gs.com\/de\/produkt\/ch-chi-mekong-saigon\/","og_site_name":"\u042d\u043a\u0441\u043a\u0443\u0440\u0441\u0438\u0438 Skyline","article_modified_time":"2025-01-06T19:09:17+00:00","og_image":[{"width":669,"height":446,"url":"https:\/\/skyline-gs.com\/wp-content\/uploads\/2024\/11\/7b-2.jpg","type":"image\/jpeg"}],"twitter_card":"summary_large_image","twitter_misc":{"Gesch\u00e4tzte Lesezeit":"2\u00a0Minuten"},"schema":{"@context":"https:\/\/schema.org","@graph":[{"@type":"WebPage","@id":"https:\/\/skyline-gs.com\/it\/prodotto\/ch-chi-mekong-saigon\/","url":"https:\/\/skyline-gs.com\/it\/prodotto\/ch-chi-mekong-saigon\/","name":"\u0418\u043d\u0434\u0438\u0432\u0438\u0434\u0443\u0430\u043b\u044c\u043d\u044b \u0442\u0443\u0440: \u0422\u043e\u043d\u043d\u0435\u043b\u0438 \u041a\u0443 \u0427\u0438 \u0438 \u0440\u0435\u043a\u0430 \u041c\u0435\u043a\u043e\u043d\u0433 &#8226; \u042d\u043a\u0441\u043a\u0443\u0440\u0441\u0438\u0438 Skyline","isPartOf":{"@id":"https:\/\/skyline-gs.com\/it\/#website"},"primaryImageOfPage":{"@id":"https:\/\/skyline-gs.com\/it\/prodotto\/ch-chi-mekong-saigon\/#primaryimage"},"image":{"@id":"https:\/\/skyline-gs.com\/it\/prodotto\/ch-chi-mekong-saigon\/#primaryimage"},"thumbnailUrl":"https:\/\/skyline-gs.com\/wp-content\/uploads\/2024\/11\/7b-2.jpg","datePublished":"2025-01-06T18:22:05+00:00","dateModified":"2025-01-06T19:09:17+00:00","breadcrumb":{"@id":"https:\/\/skyline-gs.com\/it\/prodotto\/ch-chi-mekong-saigon\/#breadcrumb"},"inLanguage":"de","potentialAction":[{"@type":"ReadAction","target":["https:\/\/skyline-gs.com\/it\/prodotto\/ch-chi-mekong-saigon\/"]}]},{"@type":"ImageObject","inLanguage":"de","@id":"https:\/\/skyline-gs.com\/it\/prodotto\/ch-chi-mekong-saigon\/#primaryimage","url":"https:\/\/skyline-gs.com\/wp-content\/uploads\/2024\/11\/7b-2.jpg","contentUrl":"https:\/\/skyline-gs.com\/wp-content\/uploads\/2024\/11\/7b-2.jpg","width":669,"height":446},{"@type":"BreadcrumbList","@id":"https:\/\/skyline-gs.com\/it\/prodotto\/ch-chi-mekong-saigon\/#breadcrumb","itemListElement":[{"@type":"ListItem","position":1,"name":"\u0413\u043b\u0430\u0432\u043d\u0430\u044f \u0441\u0442\u0440\u0430\u043d\u0438\u0446\u0430","item":"https:\/\/skyline-gs.com\/hu\/"},{"@type":"ListItem","position":2,"name":"\u041c\u0430\u0433\u0430\u0437\u0438\u043d","item":"https:\/\/skyline-gs.com\/cs\/shop\/"},{"@type":"ListItem","position":3,"name":"\u0418\u043d\u0434\u0438\u0432\u0438\u0434\u0443\u0430\u043b\u044c\u043d\u044b \u0442\u0443\u0440: \u0422\u043e\u043d\u043d\u0435\u043b\u0438 \u041a\u0443 \u0427\u0438 \u0438 \u0440\u0435\u043a\u0430 \u041c\u0435\u043a\u043e\u043d\u0433"}]},{"@type":"WebSite","@id":"https:\/\/skyline-gs.com\/it\/#website","url":"https:\/\/skyline-gs.com\/it\/","name":"Skyline Ausfl\u00fcge","description":"Exklusive Ausfl\u00fcge in den besten Resorts der Welt","publisher":{"@id":"https:\/\/skyline-gs.com\/it\/#organization"},"alternateName":"Skyline","potentialAction":[{"@type":"SearchAction","target":{"@type":"EntryPoint","urlTemplate":"https:\/\/skyline-gs.com\/it\/?s={search_term_string}"},"query-input":{"@type":"PropertyValueSpecification","valueRequired":true,"valueName":"search_term_string"}}],"inLanguage":"de"},{"@type":"Organization","@id":"https:\/\/skyline-gs.com\/it\/#organization","name":"Skyline Ausfl\u00fcge","alternateName":"\u042d\u043a\u0441\u043a\u0443\u0440\u0441\u0438\u0438 Skyline","url":"https:\/\/skyline-gs.com\/it\/","logo":{"@type":"ImageObject","inLanguage":"de","@id":"https:\/\/skyline-gs.com\/it\/#\/schema\/logo\/image\/","url":"https:\/\/skyline-gs.com\/wp-content\/uploads\/2020\/12\/cropped-logo-2.png","contentUrl":"https:\/\/skyline-gs.com\/wp-content\/uploads\/2020\/12\/cropped-logo-2.png","width":512,"height":512,"caption":"\u042d\u043a\u0441\u043a\u0443\u0440\u0441\u0438\u0438 Skyline"},"image":{"@id":"https:\/\/skyline-gs.com\/it\/#\/schema\/logo\/image\/"},"sameAs":["https:\/\/www.instagram.com\/skylineglobalservice\/"]}]}},"_links":{"self":[{"href":"https:\/\/skyline-gs.com\/de\/wp-json\/wp\/v2\/product\/60833","targetHints":{"allow":["GET"]}}],"collection":[{"href":"https:\/\/skyline-gs.com\/de\/wp-json\/wp\/v2\/product"}],"about":[{"href":"https:\/\/skyline-gs.com\/de\/wp-json\/wp\/v2\/types\/product"}],"version-history":[{"count":0,"href":"https:\/\/skyline-gs.com\/de\/wp-json\/wp\/v2\/product\/60833\/revisions"}],"wp:featuredmedia":[{"embeddable":true,"href":"https:\/\/skyline-gs.com\/de\/wp-json\/wp\/v2\/media\/59264"}],"wp:attachment":[{"href":"https:\/\/skyline-gs.com\/de\/wp-json\/wp\/v2\/media?parent=60833"}],"wp:term":[{"taxonomy":"product_brand","embeddable":true,"href":"https:\/\/skyline-gs.com\/de\/wp-json\/wp\/v2\/product_brand?post=60833"},{"taxonomy":"product_cat","embeddable":true,"href":"https:\/\/skyline-gs.com\/de\/wp-json\/wp\/v2\/product_cat?post=60833"},{"taxonomy":"product_tag","embeddable":true,"href":"https:\/\/skyline-gs.com\/de\/wp-json\/wp\/v2\/product_tag?post=60833"}],"curies":[{"name":"wp","href":"https:\/\/api.w.org\/{rel}","templated":true}]}}