{"id":60130,"date":"2024-12-24T18:28:11","date_gmt":"2024-12-24T16:28:11","guid":{"rendered":"http:\/\/skyline-gs.com\/?post_type=product&#038;p=60130"},"modified":"2025-06-13T13:56:21","modified_gmt":"2025-06-13T11:56:21","slug":"city-tour-muine","status":"publish","type":"product","link":"https:\/\/skyline-gs.com\/de\/product\/city-tour-muine\/","title":{"rendered":"Mui Ne Jeep Tour (Sonnenuntergang)"},"content":{"rendered":"<p>Mui Ne ist nicht nur einer der beliebtesten Urlaubsorte Vietnams, sondern auch eine wahre Oase f\u00fcr alle, die auf der Suche nach einzigartigen Naturlandschaften sind. Diese Sightseeing-Tour findet mit dem Jeep statt - der perfekte Weg, um die sch\u00f6nsten Teile von Mui Ne zu sehen und zu erfahren, wie die Einheimischen leben.<\/p>\n<h4><strong>13:00 - Abreise vom Hotel<\/strong>.<\/h4>\n<h4><strong>Fischerdorf Mui Ne<\/strong><\/h4>\n<ul>\n<li>Wir beginnen mit einem Besuch in einem traditionellen Fischerdorf. Hier sehen Sie Dutzende bunte Boote in der Bucht und k\u00f6nnen das t\u00e4gliche Leben der lokalen Fischer beobachten. Dieser Ort ist eine echte Ecke der authentischen vietnamesischen Kultur.<\/li>\n<\/ul>\n<h4>Wei\u00dfe Sandd\u00fcnen (Bau Trang)<\/h4>\n<ul>\n<li>Das n\u00e4chste Ziel sind die ber\u00fchmten Wei\u00dfen D\u00fcnen, eine W\u00fcstenoase mit einem t\u00fcrkisfarbenen See, der von Sandh\u00fcgeln umgeben ist. Sie haben die M\u00f6glichkeit, ein Quad zu mieten oder einfach die Sch\u00f6nheit zu genie\u00dfen und atemberaubende Fotos zu machen.<\/li>\n<\/ul>\n<h4><strong>Fei Stream (Suoi Tien)<\/strong><\/h4>\n<ul>\n<li>Anschlie\u00dfend unternehmen Sie einen Spaziergang entlang des Fay-Bachs, der sich durch bunte Felsen und Sandlandschaften schl\u00e4ngelt. Sein angenehmes Wasser und seine erstaunlichen Farben machen ihn zu einer der ungew\u00f6hnlichsten Naturattraktionen der Region.<\/li>\n<\/ul>\n<h4><strong>Rote Sandd\u00fcnen (Rote Sandd\u00fcnen)<\/strong><\/h4>\n<ul>\n<li>Wir beenden unsere Tour an den Roten D\u00fcnen, wo wir extra herkommen, um den Sonnenuntergang zu bewundern. Die gold-roten Schattierungen des Sandes vor dem Hintergrund der untergehenden Sonne schaffen eine magische Atmosph\u00e4re. Hier k\u00f6nnen Sie lebendige Bilder machen und die Ruhe inmitten der nat\u00fcrlichen Sch\u00f6nheit genie\u00dfen.<\/li>\n<\/ul>\n<p><strong>17:00 - R\u00fcckkehr zum Hotel.<\/strong><\/p>\n<p><strong>Inbegriffen:<\/strong><\/p>\n<ul>\n<li>Transfer vom Hotel und zur\u00fcck<\/li>\n<li>Fahrer-Guide (englischsprachig)<\/li>\n<li>Jeep-Tour<\/li>\n<\/ul>\n<p><strong>Nicht enthalten:<\/strong><\/p>\n<ul>\n<li>Jeepfahrt durch die wei\u00dfen D\u00fcnen<\/li>\n<li>Quadfahren in den wei\u00dfen D\u00fcnen +300 VDN pro Person (optional)<\/li>\n<\/ul>\n<p><strong>Nimm mit:<\/strong><\/p>\n<ul>\n<li>Sonnenbrille<\/li>\n<li>Wasser<\/li>\n<li>Sonnencreme<\/li>\n<\/ul>","protected":false},"excerpt":{"rendered":"<p><strong>Tourzeit:<\/strong> 13:00 \u2014 17:00<\/p>\n<p><strong>Veranstaltungstage:<\/strong> T\u00e4glich<\/p>","protected":false},"featured_media":60153,"template":"","meta":{"_kad_post_transparent":"default","_kad_post_title":"","_kad_post_layout":"default","_kad_post_sidebar_id":"","_kad_post_content_style":"default","_kad_post_vertical_padding":"default","_kad_post_feature":"","_kad_post_feature_position":"","_kad_post_header":false,"_kad_post_footer":false,"_kad_post_classname":"","_glsr_average":0,"_glsr_ranking":0,"_glsr_reviews":0},"product_brand":[],"product_cat":[487],"product_tag":[],"class_list":{"0":"post-60130","1":"product","2":"type-product","3":"status-publish","4":"has-post-thumbnail","6":"product_cat-muine","7":"tm-has-options","9":"first","10":"instock","11":"sold-individually","12":"taxable","13":"shipping-taxable","14":"purchasable","15":"product-type-simple","16":"entry","17":"content-bg","18":"loop-entry"},"yoast_head":"<!-- This site is optimized with the Yoast SEO plugin v27.4 - https:\/\/yoast.com\/product\/yoast-seo-wordpress\/ -->\n<title>\u0414\u0436\u0438\u043f-\u0442\u0443\u0440 \u043f\u043e \u041c\u0443\u0439\u043d\u0435 (\u0417\u0430\u043a\u0430\u0442) &#8226; \u042d\u043a\u0441\u043a\u0443\u0440\u0441\u0438\u0438 Skyline<\/title>\n<meta name=\"robots\" content=\"index, follow, max-snippet:-1, max-image-preview:large, max-video-preview:-1\" \/>\n<link rel=\"canonical\" href=\"https:\/\/skyline-gs.com\/de\/produkt\/city-tour-muine\/\" \/>\n<meta property=\"og:locale\" content=\"de_DE\" \/>\n<meta property=\"og:type\" content=\"article\" \/>\n<meta property=\"og:title\" content=\"\u0414\u0436\u0438\u043f-\u0442\u0443\u0440 \u043f\u043e \u041c\u0443\u0439\u043d\u0435 (\u0417\u0430\u043a\u0430\u0442) &#8226; \u042d\u043a\u0441\u043a\u0443\u0440\u0441\u0438\u0438 Skyline\" \/>\n<meta property=\"og:description\" content=\"\u0412\u0440\u0435\u043c\u044f \u0442\u0443\u0440\u0430: 13:00 - 17:00  \u0414\u043d\u0438 \u043f\u0440\u043e\u0432\u0435\u0434\u0435\u043d\u0438\u044f: \u041a\u0430\u0436\u0434\u044b\u0439 \u0434\u0435\u043d\u044c\" \/>\n<meta property=\"og:url\" content=\"https:\/\/skyline-gs.com\/de\/produkt\/city-tour-muine\/\" \/>\n<meta property=\"og:site_name\" content=\"\u042d\u043a\u0441\u043a\u0443\u0440\u0441\u0438\u0438 Skyline\" \/>\n<meta property=\"article:modified_time\" content=\"2025-06-13T11:56:21+00:00\" \/>\n<meta property=\"og:image\" content=\"https:\/\/skyline-gs.com\/wp-content\/uploads\/2024\/12\/21-2.jpg\" \/>\n\t<meta property=\"og:image:width\" content=\"669\" \/>\n\t<meta property=\"og:image:height\" content=\"446\" \/>\n\t<meta property=\"og:image:type\" content=\"image\/jpeg\" \/>\n<meta name=\"twitter:card\" content=\"summary_large_image\" \/>\n<meta name=\"twitter:label1\" content=\"Gesch\u00e4tzte Lesezeit\" \/>\n\t<meta name=\"twitter:data1\" content=\"2\u00a0Minuten\" \/>\n<script type=\"application\/ld+json\" class=\"yoast-schema-graph\">{\"@context\":\"https:\\\/\\\/schema.org\",\"@graph\":[{\"@type\":\"WebPage\",\"@id\":\"https:\\\/\\\/skyline-gs.com\\\/product\\\/city-tour-muine\\\/\",\"url\":\"https:\\\/\\\/skyline-gs.com\\\/product\\\/city-tour-muine\\\/\",\"name\":\"\u0414\u0436\u0438\u043f-\u0442\u0443\u0440 \u043f\u043e \u041c\u0443\u0439\u043d\u0435 (\u0417\u0430\u043a\u0430\u0442) &#8226; \u042d\u043a\u0441\u043a\u0443\u0440\u0441\u0438\u0438 Skyline\",\"isPartOf\":{\"@id\":\"https:\\\/\\\/skyline-gs.com\\\/it\\\/#website\"},\"primaryImageOfPage\":{\"@id\":\"https:\\\/\\\/skyline-gs.com\\\/product\\\/city-tour-muine\\\/#primaryimage\"},\"image\":{\"@id\":\"https:\\\/\\\/skyline-gs.com\\\/product\\\/city-tour-muine\\\/#primaryimage\"},\"thumbnailUrl\":\"https:\\\/\\\/skyline-gs.com\\\/wp-content\\\/uploads\\\/2024\\\/12\\\/21-2.jpg\",\"datePublished\":\"2024-12-24T16:28:11+00:00\",\"dateModified\":\"2025-06-13T11:56:21+00:00\",\"breadcrumb\":{\"@id\":\"https:\\\/\\\/skyline-gs.com\\\/product\\\/city-tour-muine\\\/#breadcrumb\"},\"inLanguage\":\"de\",\"potentialAction\":[{\"@type\":\"ReadAction\",\"target\":[\"https:\\\/\\\/skyline-gs.com\\\/product\\\/city-tour-muine\\\/\"]}]},{\"@type\":\"ImageObject\",\"inLanguage\":\"de\",\"@id\":\"https:\\\/\\\/skyline-gs.com\\\/product\\\/city-tour-muine\\\/#primaryimage\",\"url\":\"https:\\\/\\\/skyline-gs.com\\\/wp-content\\\/uploads\\\/2024\\\/12\\\/21-2.jpg\",\"contentUrl\":\"https:\\\/\\\/skyline-gs.com\\\/wp-content\\\/uploads\\\/2024\\\/12\\\/21-2.jpg\",\"width\":669,\"height\":446},{\"@type\":\"BreadcrumbList\",\"@id\":\"https:\\\/\\\/skyline-gs.com\\\/product\\\/city-tour-muine\\\/#breadcrumb\",\"itemListElement\":[{\"@type\":\"ListItem\",\"position\":1,\"name\":\"\u0413\u043b\u0430\u0432\u043d\u0430\u044f \u0441\u0442\u0440\u0430\u043d\u0438\u0446\u0430\",\"item\":\"https:\\\/\\\/skyline-gs.com\\\/hu\\\/\"},{\"@type\":\"ListItem\",\"position\":2,\"name\":\"\u041c\u0430\u0433\u0430\u0437\u0438\u043d\",\"item\":\"https:\\\/\\\/skyline-gs.com\\\/cs\\\/shop\\\/\"},{\"@type\":\"ListItem\",\"position\":3,\"name\":\"\u0414\u0436\u0438\u043f-\u0442\u0443\u0440 \u043f\u043e \u041c\u0443\u0439\u043d\u0435 (\u0417\u0430\u043a\u0430\u0442)\"}]},{\"@type\":\"WebSite\",\"@id\":\"https:\\\/\\\/skyline-gs.com\\\/it\\\/#website\",\"url\":\"https:\\\/\\\/skyline-gs.com\\\/it\\\/\",\"name\":\"\u042d\u043a\u0441\u043a\u0443\u0440\u0441\u0438\u0438 Skyline\",\"description\":\"\u042d\u043a\u0441\u043a\u043b\u044e\u0437\u0438\u0432\u043d\u044b\u0435 \u044d\u043a\u0441\u043a\u0443\u0440\u0441\u0438\u0438 \u043d\u0430 \u043b\u0443\u0447\u0448\u0438\u0445 \u043a\u0443\u0440\u043e\u0440\u0442\u0430\u0445 \u043c\u0438\u0440\u0430\",\"publisher\":{\"@id\":\"https:\\\/\\\/skyline-gs.com\\\/it\\\/#organization\"},\"alternateName\":\"Skyline\",\"potentialAction\":[{\"@type\":\"SearchAction\",\"target\":{\"@type\":\"EntryPoint\",\"urlTemplate\":\"https:\\\/\\\/skyline-gs.com\\\/it\\\/?s={search_term_string}\"},\"query-input\":{\"@type\":\"PropertyValueSpecification\",\"valueRequired\":true,\"valueName\":\"search_term_string\"}}],\"inLanguage\":\"de\"},{\"@type\":\"Organization\",\"@id\":\"https:\\\/\\\/skyline-gs.com\\\/it\\\/#organization\",\"name\":\"\u042d\u043a\u0441\u043a\u0443\u0440\u0441\u0438\u0438 Skyline\",\"alternateName\":\"\u042d\u043a\u0441\u043a\u0443\u0440\u0441\u0438\u0438 Skyline\",\"url\":\"https:\\\/\\\/skyline-gs.com\\\/it\\\/\",\"logo\":{\"@type\":\"ImageObject\",\"inLanguage\":\"de\",\"@id\":\"https:\\\/\\\/skyline-gs.com\\\/it\\\/#\\\/schema\\\/logo\\\/image\\\/\",\"url\":\"https:\\\/\\\/skyline-gs.com\\\/wp-content\\\/uploads\\\/2020\\\/12\\\/cropped-logo-2.png\",\"contentUrl\":\"https:\\\/\\\/skyline-gs.com\\\/wp-content\\\/uploads\\\/2020\\\/12\\\/cropped-logo-2.png\",\"width\":512,\"height\":512,\"caption\":\"\u042d\u043a\u0441\u043a\u0443\u0440\u0441\u0438\u0438 Skyline\"},\"image\":{\"@id\":\"https:\\\/\\\/skyline-gs.com\\\/it\\\/#\\\/schema\\\/logo\\\/image\\\/\"},\"sameAs\":[\"https:\\\/\\\/www.instagram.com\\\/skylineglobalservice\\\/\"]}]}<\/script>\n<!-- \/ Yoast SEO plugin. -->","yoast_head_json":{"title":"\u0414\u0436\u0438\u043f-\u0442\u0443\u0440 \u043f\u043e \u041c\u0443\u0439\u043d\u0435 (\u0417\u0430\u043a\u0430\u0442) &#8226; \u042d\u043a\u0441\u043a\u0443\u0440\u0441\u0438\u0438 Skyline","robots":{"index":"index","follow":"follow","max-snippet":"max-snippet:-1","max-image-preview":"max-image-preview:large","max-video-preview":"max-video-preview:-1"},"canonical":"https:\/\/skyline-gs.com\/de\/produkt\/city-tour-muine\/","og_locale":"de_DE","og_type":"article","og_title":"\u0414\u0436\u0438\u043f-\u0442\u0443\u0440 \u043f\u043e \u041c\u0443\u0439\u043d\u0435 (\u0417\u0430\u043a\u0430\u0442) &#8226; \u042d\u043a\u0441\u043a\u0443\u0440\u0441\u0438\u0438 Skyline","og_description":"\u0412\u0440\u0435\u043c\u044f \u0442\u0443\u0440\u0430: 13:00 - 17:00  \u0414\u043d\u0438 \u043f\u0440\u043e\u0432\u0435\u0434\u0435\u043d\u0438\u044f: \u041a\u0430\u0436\u0434\u044b\u0439 \u0434\u0435\u043d\u044c","og_url":"https:\/\/skyline-gs.com\/de\/produkt\/city-tour-muine\/","og_site_name":"\u042d\u043a\u0441\u043a\u0443\u0440\u0441\u0438\u0438 Skyline","article_modified_time":"2025-06-13T11:56:21+00:00","og_image":[{"width":669,"height":446,"url":"https:\/\/skyline-gs.com\/wp-content\/uploads\/2024\/12\/21-2.jpg","type":"image\/jpeg"}],"twitter_card":"summary_large_image","twitter_misc":{"Gesch\u00e4tzte Lesezeit":"2\u00a0Minuten"},"schema":{"@context":"https:\/\/schema.org","@graph":[{"@type":"WebPage","@id":"https:\/\/skyline-gs.com\/product\/city-tour-muine\/","url":"https:\/\/skyline-gs.com\/product\/city-tour-muine\/","name":"\u0414\u0436\u0438\u043f-\u0442\u0443\u0440 \u043f\u043e \u041c\u0443\u0439\u043d\u0435 (\u0417\u0430\u043a\u0430\u0442) &#8226; \u042d\u043a\u0441\u043a\u0443\u0440\u0441\u0438\u0438 Skyline","isPartOf":{"@id":"https:\/\/skyline-gs.com\/it\/#website"},"primaryImageOfPage":{"@id":"https:\/\/skyline-gs.com\/product\/city-tour-muine\/#primaryimage"},"image":{"@id":"https:\/\/skyline-gs.com\/product\/city-tour-muine\/#primaryimage"},"thumbnailUrl":"https:\/\/skyline-gs.com\/wp-content\/uploads\/2024\/12\/21-2.jpg","datePublished":"2024-12-24T16:28:11+00:00","dateModified":"2025-06-13T11:56:21+00:00","breadcrumb":{"@id":"https:\/\/skyline-gs.com\/product\/city-tour-muine\/#breadcrumb"},"inLanguage":"de","potentialAction":[{"@type":"ReadAction","target":["https:\/\/skyline-gs.com\/product\/city-tour-muine\/"]}]},{"@type":"ImageObject","inLanguage":"de","@id":"https:\/\/skyline-gs.com\/product\/city-tour-muine\/#primaryimage","url":"https:\/\/skyline-gs.com\/wp-content\/uploads\/2024\/12\/21-2.jpg","contentUrl":"https:\/\/skyline-gs.com\/wp-content\/uploads\/2024\/12\/21-2.jpg","width":669,"height":446},{"@type":"BreadcrumbList","@id":"https:\/\/skyline-gs.com\/product\/city-tour-muine\/#breadcrumb","itemListElement":[{"@type":"ListItem","position":1,"name":"\u0413\u043b\u0430\u0432\u043d\u0430\u044f \u0441\u0442\u0440\u0430\u043d\u0438\u0446\u0430","item":"https:\/\/skyline-gs.com\/hu\/"},{"@type":"ListItem","position":2,"name":"\u041c\u0430\u0433\u0430\u0437\u0438\u043d","item":"https:\/\/skyline-gs.com\/cs\/shop\/"},{"@type":"ListItem","position":3,"name":"\u0414\u0436\u0438\u043f-\u0442\u0443\u0440 \u043f\u043e \u041c\u0443\u0439\u043d\u0435 (\u0417\u0430\u043a\u0430\u0442)"}]},{"@type":"WebSite","@id":"https:\/\/skyline-gs.com\/it\/#website","url":"https:\/\/skyline-gs.com\/it\/","name":"Skyline Ausfl\u00fcge","description":"Exklusive Ausfl\u00fcge in den besten Resorts der Welt","publisher":{"@id":"https:\/\/skyline-gs.com\/it\/#organization"},"alternateName":"Skyline","potentialAction":[{"@type":"SearchAction","target":{"@type":"EntryPoint","urlTemplate":"https:\/\/skyline-gs.com\/it\/?s={search_term_string}"},"query-input":{"@type":"PropertyValueSpecification","valueRequired":true,"valueName":"search_term_string"}}],"inLanguage":"de"},{"@type":"Organization","@id":"https:\/\/skyline-gs.com\/it\/#organization","name":"Skyline Ausfl\u00fcge","alternateName":"\u042d\u043a\u0441\u043a\u0443\u0440\u0441\u0438\u0438 Skyline","url":"https:\/\/skyline-gs.com\/it\/","logo":{"@type":"ImageObject","inLanguage":"de","@id":"https:\/\/skyline-gs.com\/it\/#\/schema\/logo\/image\/","url":"https:\/\/skyline-gs.com\/wp-content\/uploads\/2020\/12\/cropped-logo-2.png","contentUrl":"https:\/\/skyline-gs.com\/wp-content\/uploads\/2020\/12\/cropped-logo-2.png","width":512,"height":512,"caption":"\u042d\u043a\u0441\u043a\u0443\u0440\u0441\u0438\u0438 Skyline"},"image":{"@id":"https:\/\/skyline-gs.com\/it\/#\/schema\/logo\/image\/"},"sameAs":["https:\/\/www.instagram.com\/skylineglobalservice\/"]}]}},"_links":{"self":[{"href":"https:\/\/skyline-gs.com\/de\/wp-json\/wp\/v2\/product\/60130","targetHints":{"allow":["GET"]}}],"collection":[{"href":"https:\/\/skyline-gs.com\/de\/wp-json\/wp\/v2\/product"}],"about":[{"href":"https:\/\/skyline-gs.com\/de\/wp-json\/wp\/v2\/types\/product"}],"version-history":[{"count":0,"href":"https:\/\/skyline-gs.com\/de\/wp-json\/wp\/v2\/product\/60130\/revisions"}],"wp:featuredmedia":[{"embeddable":true,"href":"https:\/\/skyline-gs.com\/de\/wp-json\/wp\/v2\/media\/60153"}],"wp:attachment":[{"href":"https:\/\/skyline-gs.com\/de\/wp-json\/wp\/v2\/media?parent=60130"}],"wp:term":[{"taxonomy":"product_brand","embeddable":true,"href":"https:\/\/skyline-gs.com\/de\/wp-json\/wp\/v2\/product_brand?post=60130"},{"taxonomy":"product_cat","embeddable":true,"href":"https:\/\/skyline-gs.com\/de\/wp-json\/wp\/v2\/product_cat?post=60130"},{"taxonomy":"product_tag","embeddable":true,"href":"https:\/\/skyline-gs.com\/de\/wp-json\/wp\/v2\/product_tag?post=60130"}],"curies":[{"name":"wp","href":"https:\/\/api.w.org\/{rel}","templated":true}]}}