{"id":60115,"date":"2024-12-24T16:17:00","date_gmt":"2024-12-24T14:17:00","guid":{"rendered":"http:\/\/skyline-gs.com\/?post_type=product&#038;p=60115"},"modified":"2025-12-22T22:34:35","modified_gmt":"2025-12-22T20:34:35","slug":"privat-tour-phu-quoc","status":"publish","type":"product","link":"https:\/\/skyline-gs.com\/de\/product\/privat-tour-phu-quoc\/","title":{"rendered":"Personalisierte Fukuoka Stadtrundfahrt"},"content":{"rendered":"<p>\u042d\u0442\u043e\u0442 \u0442\u0443\u0440 \u0441\u043e\u0437\u0434\u0430\u043d \u0434\u043b\u044f \u0442\u0435\u0445, \u043a\u0442\u043e \u0445\u043e\u0447\u0435\u0442 \u0443\u0432\u0438\u0434\u0435\u0442\u044c \u0432\u0441\u0435 \u043a\u043b\u044e\u0447\u0435\u0432\u044b\u0435 \u043c\u0435\u0441\u0442\u0430 \u043e\u0441\u0442\u0440\u043e\u0432\u0430 \u0437\u0430 \u043e\u0434\u0438\u043d \u0434\u0435\u043d\u044c \u2014 \u0431\u0435\u0437 \u043c\u0430\u0433\u0430\u0437\u0438\u043d\u043e\u0432 \u0438 \u043b\u0438\u0448\u043d\u0438\u0445 \u043e\u0441\u0442\u0430\u043d\u043e\u0432\u043e\u043a. \u0412\u0430\u0441 \u0436\u0434\u0443\u0442 \u043f\u0440\u0438\u0440\u043e\u0434\u043d\u044b\u0435 \u043b\u043e\u043a\u0430\u0446\u0438\u0438, \u0432\u043f\u0435\u0447\u0430\u0442\u043b\u044f\u044e\u0449\u0438\u0435 \u0432\u0438\u0434\u044b, \u043a\u0443\u043b\u044c\u0442\u043e\u0432\u044b\u0435 \u0445\u0440\u0430\u043c\u044b \u0438 \u0441\u043e\u0432\u0440\u0435\u043c\u0435\u043d\u043d\u044b\u0435 \u0430\u0440\u0445\u0438\u0442\u0435\u043a\u0442\u0443\u0440\u043d\u044b\u0435 \u043f\u0440\u043e\u0441\u0442\u0440\u0430\u043d\u0441\u0442\u0432\u0430, \u043a\u043e\u0442\u043e\u0440\u044b\u0435 \u0440\u0430\u0441\u043a\u0440\u044b\u0432\u0430\u044e\u0442 \u0424\u0443\u043a\u0443\u043e\u043a \u0441\u0440\u0430\u0437\u0443 \u0432\u043e \u0432\u0441\u0435\u0445 \u0435\u0433\u043e \u043e\u0442\u0442\u0435\u043d\u043a\u0430\u0445.<\/p>\n<p><strong>8:00 - Abreise vom Hotel<\/strong>.<\/p>\n<ul>\n<li><strong>The Peak<\/strong> \u2014 \u043e\u0434\u043d\u0430 \u0438\u0437 \u0441\u0430\u043c\u044b\u0445 \u0432\u0438\u0434\u043e\u0432\u044b\u0445 \u043b\u043e\u043a\u0430\u0446\u0438\u0439 \u043e\u0441\u0442\u0440\u043e\u0432\u0430, \u0441\u043c\u043e\u0442\u0440\u043e\u0432\u0430\u044f \u043f\u043b\u043e\u0449\u0430\u0434\u043a\u0430 \u0441 \u043f\u0430\u043d\u043e\u0440\u0430\u043c\u0430\u043c\u0438 \u043f\u043e\u0431\u0435\u0440\u0435\u0436\u044c\u044f \u0438 \u0443\u043d\u0438\u043a\u0430\u043b\u044c\u043d\u044b\u043c\u0438 \u0430\u0440\u0442-\u043e\u0431\u044a\u0435\u043a\u0442\u0430\u043c\u0438, \u0433\u0434\u0435 \u043c\u043e\u0436\u043d\u043e \u0441\u0434\u0435\u043b\u0430\u0442\u044c \u043a\u0440\u0430\u0441\u0438\u0432\u044b\u0435 \u0444\u043e\u0442\u043e\u0433\u0440\u0430\u0444\u0438\u0438.<\/li>\n<li><strong>\u0411\u0430\u0443\u043d\u0442\u0438-\u043f\u043b\u044f\u0436. <\/strong>\u041a\u043e\u0440\u043e\u0442\u043a\u0438\u0439 \u043e\u0442\u0434\u044b\u0445 \u043d\u0430 \u043e\u0434\u043d\u043e\u043c \u0438\u0437 \u0441\u0430\u043c\u044b\u0445 \u0436\u0438\u0432\u043e\u043f\u0438\u0441\u043d\u044b\u0445 \u043f\u043b\u044f\u0436\u0435\u0439 \u043e\u0441\u0442\u0440\u043e\u0432\u0430 \u0441 \u0431\u0435\u043b\u043e\u0441\u043d\u0435\u0436\u043d\u044b\u043c \u043f\u0435\u0441\u043a\u043e\u043c \u0438 \u043a\u043e\u043a\u043e\u0441\u043e\u0432\u044b\u043c\u0438 \u043f\u0430\u043b\u044c\u043c\u0430\u043c\u0438.<\/li>\n<li><strong>\u041f\u043b\u044f\u0436 \u0441\u043e \u0437\u0432\u0451\u0437\u0434\u0430\u043c\u0438. <\/strong>\u0423\u043d\u0438\u043a\u0430\u043b\u044c\u043d\u043e\u0435 \u043c\u0435\u0441\u0442\u043e \u043d\u0430 \u0424\u0443\u043a\u0443\u043e\u043a\u0435, \u0433\u0434\u0435 \u043c\u043e\u0436\u043d\u043e \u0443\u0432\u0438\u0434\u0435\u0442\u044c \u043c\u043e\u0440\u0441\u043a\u0438\u0445 \u0437\u0432\u0451\u0437\u0434. \u041f\u0440\u043e\u0433\u0443\u043b\u043a\u0430 \u0438 \u0444\u043e\u0442\u043e\u0441\u0435\u0441\u0441\u0438\u044f \u043d\u0430 \u0444\u043e\u043d\u0435 \u043f\u043e\u0442\u0440\u044f\u0441\u0430\u044e\u0449\u0435\u0439 \u043f\u0440\u0438\u0440\u043e\u0434\u044b.<\/li>\n<li><strong>\u0425\u0440\u0430\u043c \u043d\u0430 \u0433\u043e\u0440\u0435 \u0411\u043e\u0433\u0438\u043d\u0438 \u0413\u0443\u0430\u043d\u0438\u043d (Ch\u00f9a H\u1ed9 Qu\u1ed1c). <\/strong>\u041f\u043e\u0441\u0435\u0449\u0435\u043d\u0438\u0435 \u043a\u0440\u0443\u043f\u043d\u043e\u0433\u043e \u0431\u0443\u0434\u0434\u0438\u0439\u0441\u043a\u043e\u0433\u043e \u0445\u0440\u0430\u043c\u0430 \u0441 \u043f\u0430\u043d\u043e\u0440\u0430\u043c\u043d\u044b\u043c \u0432\u0438\u0434\u043e\u043c \u043d\u0430 \u043c\u043e\u0440\u0435. \u0417\u0434\u0435\u0441\u044c \u0432\u044b \u0443\u0437\u043d\u0430\u0435\u0442\u0435 \u043e \u0431\u0443\u0434\u0434\u0438\u0439\u0441\u043a\u0438\u0445 \u0442\u0440\u0430\u0434\u0438\u0446\u0438\u044f\u0445, \u0438\u0441\u0442\u043e\u0440\u0438\u0438 \u0445\u0440\u0430\u043c\u0430 \u0438 \u0443\u0432\u0438\u0434\u0438\u0442\u0435 \u0432\u0435\u043b\u0438\u0447\u0435\u0441\u0442\u0432\u0435\u043d\u043d\u0443\u044e \u0441\u0442\u0430\u0442\u0443\u044e \u0411\u043e\u0433\u0438\u043d\u0438 \u041c\u0438\u043b\u043e\u0441\u0435\u0440\u0434\u0438\u044f \u0413\u0443\u0430\u043d\u0438\u043d.<\/li>\n<li><strong>\u0421\u0430\u043c\u044b\u0439 \u0434\u043b\u0438\u043d\u043d\u044b\u0439 \u043b\u0435\u0436\u0430\u0447\u0438\u0439 \u0411\u0443\u0434\u0434\u0430 (Ch\u00f9a S\u01b0 Mu\u00f4n). <\/strong>\u041e\u0441\u043c\u043e\u0442\u0440 \u0445\u0440\u0430\u043c\u0430 \u0441 \u0441\u0430\u043c\u043e\u0439 \u043a\u0440\u0443\u043f\u043d\u043e\u0439 \u0441\u0442\u0430\u0442\u0443\u0435\u0439 \u043b\u0435\u0436\u0430\u0447\u0435\u0433\u043e \u0411\u0443\u0434\u0434\u044b \u043d\u0430 \u043e\u0441\u0442\u0440\u043e\u0432\u0435. \u0418\u043d\u0442\u0435\u0440\u0435\u0441\u043d\u044b\u0435 \u0444\u0430\u043a\u0442\u044b \u043e \u0431\u0443\u0434\u0434\u0438\u0439\u0441\u043a\u043e\u0439 \u0430\u0440\u0445\u0438\u0442\u0435\u043a\u0442\u0443\u0440\u0435 \u0438 \u0435\u0451 \u043e\u0441\u043e\u0431\u0435\u043d\u043d\u043e\u0441\u0442\u044f\u0445.<\/li>\n<li><strong>\u041a\u043e\u043a\u043e\u0441\u043e\u0432\u0430\u044f \u0442\u044e\u0440\u044c\u043c\u0430 (Nh\u00e0 T\u00f9 Ph\u00fa Qu\u1ed1c). <\/strong>\u042d\u043a\u0441\u043a\u0443\u0440\u0441\u0438\u044f \u043f\u043e \u0438\u0441\u0442\u043e\u0440\u0438\u0447\u0435\u0441\u043a\u043e\u043c\u0443 \u043b\u0430\u0433\u0435\u0440\u044e \u0432\u0440\u0435\u043c\u0451\u043d \u0412\u044c\u0435\u0442\u043d\u0430\u043c\u0441\u043a\u043e\u0439 \u0432\u043e\u0439\u043d\u044b. \u0412\u044b \u0443\u0437\u043d\u0430\u0435\u0442\u0435 \u043e\u0431 \u0443\u0441\u0442\u0440\u043e\u0439\u0441\u0442\u0432\u0435 \u0442\u044e\u0440\u044c\u043c\u044b \u0438 \u043a\u043b\u044e\u0447\u0435\u0432\u044b\u0445 \u0441\u043e\u0431\u044b\u0442\u0438\u044f\u0445, \u043f\u0440\u043e\u0438\u0441\u0445\u043e\u0434\u0438\u0432\u0448\u0438\u0445 \u0432 \u044d\u0442\u043e\u043c \u043c\u0435\u0441\u0442\u0435.<\/li>\n<li><strong>Sunset Town. <\/strong>\u041f\u0440\u043e\u0433\u0443\u043b\u043a\u0430 \u043f\u043e \u0441\u0440\u0435\u0434\u0438\u0437\u0435\u043c\u043d\u043e\u043c\u043e\u0440\u0441\u043a\u043e\u043c\u0443 \u0433\u043e\u0440\u043e\u0434\u043a\u0443 \u0441 \u044f\u0440\u043a\u0438\u043c\u0438 \u0432\u0438\u0434\u0430\u043c\u0438 \u0438 \u0443\u043d\u0438\u043a\u0430\u043b\u044c\u043d\u043e\u0439 \u0430\u0442\u043c\u043e\u0441\u0444\u0435\u0440\u043e\u0439.<\/li>\n<li><strong>Grand World. <\/strong>\u041f\u0440\u043e\u0433\u0443\u043b\u043a\u0430 \u043f\u043e \u044f\u0440\u043a\u043e\u043c\u0443 \u043a\u043e\u043c\u043f\u043b\u0435\u043a\u0441\u0443 \u0441 \u043a\u0430\u043d\u0430\u043b\u0430\u043c\u0438, \u0448\u043e\u0443 \u0444\u043e\u043d\u0442\u0430\u043d\u043e\u0432 \u0438 \u0430\u0442\u043c\u043e\u0441\u0444\u0435\u0440\u043d\u044b\u043c\u0438 \u043f\u043e\u0441\u0442\u0440\u043e\u0439\u043a\u0430\u043c\u0438. \u0417\u0434\u0435\u0441\u044c \u0432\u044b \u0441\u043c\u043e\u0436\u0435\u0442\u0435 \u043d\u0430\u0441\u043b\u0430\u0434\u0438\u0442\u044c\u0441\u044f \u043a\u0440\u0430\u0441\u043e\u0442\u043e\u0439 \u0441\u043e\u0432\u0440\u0435\u043c\u0435\u043d\u043d\u044b\u0445 \u0438 \u0442\u0440\u0430\u0434\u0438\u0446\u0438\u043e\u043d\u043d\u044b\u0445 \u0430\u0440\u0445\u0438\u0442\u0435\u043a\u0442\u0443\u0440\u043d\u044b\u0445 \u0440\u0435\u0448\u0435\u043d\u0438\u0439.<\/li>\n<\/ul>\n<p><strong>17:00 - R\u00fcckkehr zum Hotel.<\/strong><\/p>\n<p><strong>Inbegriffen:<\/strong><\/p>\n<ul>\n<li>Transfer vom Hotel und zur\u00fcck<\/li>\n<li>Englischsprachiger Reiseleiter<\/li>\n<li>Eintrittskarten<\/li>\n<li>Boot<\/li>\n<li>Abendessen<\/li>\n<\/ul>\n<p><strong>Nimm mit:<\/strong><\/p>\n<ul>\n<li>Sonnenbrille<\/li>\n<li>Wasser<\/li>\n<li>Badeanzug, Badehose<\/li>\n<li>Sonnencreme<\/li>\n<li>Handtuch<\/li>\n<\/ul>","protected":false},"excerpt":{"rendered":"<p><strong>Tourzeit:<\/strong> 8:00 &#8212; 17:00<\/p>\n<p><strong>Veranstaltungstage:<\/strong> T\u00e4glich<\/p>","protected":false},"featured_media":71421,"template":"","meta":{"_kad_post_transparent":"default","_kad_post_title":"","_kad_post_layout":"default","_kad_post_sidebar_id":"","_kad_post_content_style":"default","_kad_post_vertical_padding":"default","_kad_post_feature":"","_kad_post_feature_position":"","_kad_post_header":false,"_kad_post_footer":false,"_kad_post_classname":"","_glsr_average":0,"_glsr_ranking":0,"_glsr_reviews":0},"product_brand":[],"product_cat":[484],"product_tag":[],"class_list":{"0":"post-60115","1":"product","2":"type-product","3":"status-publish","4":"has-post-thumbnail","6":"product_cat-phu-quoc","7":"tm-has-options","9":"first","10":"instock","11":"sale","12":"sold-individually","13":"taxable","14":"shipping-taxable","15":"purchasable","16":"product-type-simple","17":"entry","18":"content-bg","19":"loop-entry"},"yoast_head":"<!-- This site is optimized with the Yoast SEO plugin v27.3 - https:\/\/yoast.com\/product\/yoast-seo-wordpress\/ -->\n<title>\u0418\u043d\u0434\u0438\u0432\u0438\u0434\u0443\u0430\u043b\u044c\u043d\u0430\u044f \u043e\u0431\u0437\u043e\u0440\u043d\u0430\u044f \u043f\u043e \u0424\u0443\u043a\u0443\u043e\u043a\u0443 &#8226; \u042d\u043a\u0441\u043a\u0443\u0440\u0441\u0438\u0438 Skyline<\/title>\n<meta name=\"robots\" content=\"index, follow, max-snippet:-1, max-image-preview:large, max-video-preview:-1\" \/>\n<link rel=\"canonical\" href=\"https:\/\/skyline-gs.com\/de\/produkt\/privat-tour-phu-quoc\/\" \/>\n<meta property=\"og:locale\" content=\"de_DE\" \/>\n<meta property=\"og:type\" content=\"article\" \/>\n<meta property=\"og:title\" content=\"\u0418\u043d\u0434\u0438\u0432\u0438\u0434\u0443\u0430\u043b\u044c\u043d\u0430\u044f \u043e\u0431\u0437\u043e\u0440\u043d\u0430\u044f \u043f\u043e \u0424\u0443\u043a\u0443\u043e\u043a\u0443 &#8226; \u042d\u043a\u0441\u043a\u0443\u0440\u0441\u0438\u0438 Skyline\" \/>\n<meta property=\"og:description\" content=\"\u0412\u0440\u0435\u043c\u044f \u0442\u0443\u0440\u0430: 8:00 - 17:00  \u0414\u043d\u0438 \u043f\u0440\u043e\u0432\u0435\u0434\u0435\u043d\u0438\u044f: \u041a\u0430\u0436\u0434\u044b\u0439 \u0434\u0435\u043d\u044c\" \/>\n<meta property=\"og:url\" content=\"https:\/\/skyline-gs.com\/de\/produkt\/privat-tour-phu-quoc\/\" \/>\n<meta property=\"og:site_name\" content=\"\u042d\u043a\u0441\u043a\u0443\u0440\u0441\u0438\u0438 Skyline\" \/>\n<meta property=\"article:modified_time\" content=\"2025-12-22T20:34:35+00:00\" \/>\n<meta property=\"og:image\" content=\"https:\/\/skyline-gs.com\/wp-content\/uploads\/2024\/12\/fukuok-obzornaya-11.jpg\" \/>\n\t<meta property=\"og:image:width\" content=\"669\" \/>\n\t<meta property=\"og:image:height\" content=\"446\" \/>\n\t<meta property=\"og:image:type\" content=\"image\/jpeg\" \/>\n<meta name=\"twitter:card\" content=\"summary_large_image\" \/>\n<meta name=\"twitter:label1\" content=\"Gesch\u00e4tzte Lesezeit\" \/>\n\t<meta name=\"twitter:data1\" content=\"2\u00a0Minuten\" \/>\n<script type=\"application\/ld+json\" class=\"yoast-schema-graph\">{\"@context\":\"https:\\\/\\\/schema.org\",\"@graph\":[{\"@type\":\"WebPage\",\"@id\":\"https:\\\/\\\/skyline-gs.com\\\/product\\\/privat-tour-phu-quoc\\\/\",\"url\":\"https:\\\/\\\/skyline-gs.com\\\/product\\\/privat-tour-phu-quoc\\\/\",\"name\":\"\u0418\u043d\u0434\u0438\u0432\u0438\u0434\u0443\u0430\u043b\u044c\u043d\u0430\u044f \u043e\u0431\u0437\u043e\u0440\u043d\u0430\u044f \u043f\u043e \u0424\u0443\u043a\u0443\u043e\u043a\u0443 &#8226; \u042d\u043a\u0441\u043a\u0443\u0440\u0441\u0438\u0438 Skyline\",\"isPartOf\":{\"@id\":\"https:\\\/\\\/skyline-gs.com\\\/it\\\/#website\"},\"primaryImageOfPage\":{\"@id\":\"https:\\\/\\\/skyline-gs.com\\\/product\\\/privat-tour-phu-quoc\\\/#primaryimage\"},\"image\":{\"@id\":\"https:\\\/\\\/skyline-gs.com\\\/product\\\/privat-tour-phu-quoc\\\/#primaryimage\"},\"thumbnailUrl\":\"https:\\\/\\\/skyline-gs.com\\\/wp-content\\\/uploads\\\/2024\\\/12\\\/fukuok-obzornaya-11.jpg\",\"datePublished\":\"2024-12-24T14:17:00+00:00\",\"dateModified\":\"2025-12-22T20:34:35+00:00\",\"breadcrumb\":{\"@id\":\"https:\\\/\\\/skyline-gs.com\\\/product\\\/privat-tour-phu-quoc\\\/#breadcrumb\"},\"inLanguage\":\"de\",\"potentialAction\":[{\"@type\":\"ReadAction\",\"target\":[\"https:\\\/\\\/skyline-gs.com\\\/product\\\/privat-tour-phu-quoc\\\/\"]}]},{\"@type\":\"ImageObject\",\"inLanguage\":\"de\",\"@id\":\"https:\\\/\\\/skyline-gs.com\\\/product\\\/privat-tour-phu-quoc\\\/#primaryimage\",\"url\":\"https:\\\/\\\/skyline-gs.com\\\/wp-content\\\/uploads\\\/2024\\\/12\\\/fukuok-obzornaya-11.jpg\",\"contentUrl\":\"https:\\\/\\\/skyline-gs.com\\\/wp-content\\\/uploads\\\/2024\\\/12\\\/fukuok-obzornaya-11.jpg\",\"width\":669,\"height\":446},{\"@type\":\"BreadcrumbList\",\"@id\":\"https:\\\/\\\/skyline-gs.com\\\/product\\\/privat-tour-phu-quoc\\\/#breadcrumb\",\"itemListElement\":[{\"@type\":\"ListItem\",\"position\":1,\"name\":\"\u0413\u043b\u0430\u0432\u043d\u0430\u044f \u0441\u0442\u0440\u0430\u043d\u0438\u0446\u0430\",\"item\":\"https:\\\/\\\/skyline-gs.com\\\/hu\\\/\"},{\"@type\":\"ListItem\",\"position\":2,\"name\":\"\u041c\u0430\u0433\u0430\u0437\u0438\u043d\",\"item\":\"https:\\\/\\\/skyline-gs.com\\\/cs\\\/shop\\\/\"},{\"@type\":\"ListItem\",\"position\":3,\"name\":\"\u0418\u043d\u0434\u0438\u0432\u0438\u0434\u0443\u0430\u043b\u044c\u043d\u0430\u044f \u043e\u0431\u0437\u043e\u0440\u043d\u0430\u044f \u043f\u043e \u0424\u0443\u043a\u0443\u043e\u043a\u0443\"}]},{\"@type\":\"WebSite\",\"@id\":\"https:\\\/\\\/skyline-gs.com\\\/it\\\/#website\",\"url\":\"https:\\\/\\\/skyline-gs.com\\\/it\\\/\",\"name\":\"\u042d\u043a\u0441\u043a\u0443\u0440\u0441\u0438\u0438 Skyline\",\"description\":\"\u042d\u043a\u0441\u043a\u043b\u044e\u0437\u0438\u0432\u043d\u044b\u0435 \u044d\u043a\u0441\u043a\u0443\u0440\u0441\u0438\u0438 \u043d\u0430 \u043b\u0443\u0447\u0448\u0438\u0445 \u043a\u0443\u0440\u043e\u0440\u0442\u0430\u0445 \u043c\u0438\u0440\u0430\",\"publisher\":{\"@id\":\"https:\\\/\\\/skyline-gs.com\\\/it\\\/#organization\"},\"alternateName\":\"Skyline\",\"potentialAction\":[{\"@type\":\"SearchAction\",\"target\":{\"@type\":\"EntryPoint\",\"urlTemplate\":\"https:\\\/\\\/skyline-gs.com\\\/it\\\/?s={search_term_string}\"},\"query-input\":{\"@type\":\"PropertyValueSpecification\",\"valueRequired\":true,\"valueName\":\"search_term_string\"}}],\"inLanguage\":\"de\"},{\"@type\":\"Organization\",\"@id\":\"https:\\\/\\\/skyline-gs.com\\\/it\\\/#organization\",\"name\":\"\u042d\u043a\u0441\u043a\u0443\u0440\u0441\u0438\u0438 Skyline\",\"alternateName\":\"\u042d\u043a\u0441\u043a\u0443\u0440\u0441\u0438\u0438 Skyline\",\"url\":\"https:\\\/\\\/skyline-gs.com\\\/it\\\/\",\"logo\":{\"@type\":\"ImageObject\",\"inLanguage\":\"de\",\"@id\":\"https:\\\/\\\/skyline-gs.com\\\/it\\\/#\\\/schema\\\/logo\\\/image\\\/\",\"url\":\"https:\\\/\\\/skyline-gs.com\\\/wp-content\\\/uploads\\\/2020\\\/12\\\/cropped-logo-2.png\",\"contentUrl\":\"https:\\\/\\\/skyline-gs.com\\\/wp-content\\\/uploads\\\/2020\\\/12\\\/cropped-logo-2.png\",\"width\":512,\"height\":512,\"caption\":\"\u042d\u043a\u0441\u043a\u0443\u0440\u0441\u0438\u0438 Skyline\"},\"image\":{\"@id\":\"https:\\\/\\\/skyline-gs.com\\\/it\\\/#\\\/schema\\\/logo\\\/image\\\/\"},\"sameAs\":[\"https:\\\/\\\/www.instagram.com\\\/skylineglobalservice\\\/\"]}]}<\/script>\n<!-- \/ Yoast SEO plugin. -->","yoast_head_json":{"title":"\u0418\u043d\u0434\u0438\u0432\u0438\u0434\u0443\u0430\u043b\u044c\u043d\u0430\u044f \u043e\u0431\u0437\u043e\u0440\u043d\u0430\u044f \u043f\u043e \u0424\u0443\u043a\u0443\u043e\u043a\u0443 &#8226; \u042d\u043a\u0441\u043a\u0443\u0440\u0441\u0438\u0438 Skyline","robots":{"index":"index","follow":"follow","max-snippet":"max-snippet:-1","max-image-preview":"max-image-preview:large","max-video-preview":"max-video-preview:-1"},"canonical":"https:\/\/skyline-gs.com\/de\/produkt\/privat-tour-phu-quoc\/","og_locale":"de_DE","og_type":"article","og_title":"\u0418\u043d\u0434\u0438\u0432\u0438\u0434\u0443\u0430\u043b\u044c\u043d\u0430\u044f \u043e\u0431\u0437\u043e\u0440\u043d\u0430\u044f \u043f\u043e \u0424\u0443\u043a\u0443\u043e\u043a\u0443 &#8226; \u042d\u043a\u0441\u043a\u0443\u0440\u0441\u0438\u0438 Skyline","og_description":"\u0412\u0440\u0435\u043c\u044f \u0442\u0443\u0440\u0430: 8:00 - 17:00  \u0414\u043d\u0438 \u043f\u0440\u043e\u0432\u0435\u0434\u0435\u043d\u0438\u044f: \u041a\u0430\u0436\u0434\u044b\u0439 \u0434\u0435\u043d\u044c","og_url":"https:\/\/skyline-gs.com\/de\/produkt\/privat-tour-phu-quoc\/","og_site_name":"\u042d\u043a\u0441\u043a\u0443\u0440\u0441\u0438\u0438 Skyline","article_modified_time":"2025-12-22T20:34:35+00:00","og_image":[{"width":669,"height":446,"url":"https:\/\/skyline-gs.com\/wp-content\/uploads\/2024\/12\/fukuok-obzornaya-11.jpg","type":"image\/jpeg"}],"twitter_card":"summary_large_image","twitter_misc":{"Gesch\u00e4tzte Lesezeit":"2\u00a0Minuten"},"schema":{"@context":"https:\/\/schema.org","@graph":[{"@type":"WebPage","@id":"https:\/\/skyline-gs.com\/product\/privat-tour-phu-quoc\/","url":"https:\/\/skyline-gs.com\/product\/privat-tour-phu-quoc\/","name":"\u0418\u043d\u0434\u0438\u0432\u0438\u0434\u0443\u0430\u043b\u044c\u043d\u0430\u044f \u043e\u0431\u0437\u043e\u0440\u043d\u0430\u044f \u043f\u043e \u0424\u0443\u043a\u0443\u043e\u043a\u0443 &#8226; \u042d\u043a\u0441\u043a\u0443\u0440\u0441\u0438\u0438 Skyline","isPartOf":{"@id":"https:\/\/skyline-gs.com\/it\/#website"},"primaryImageOfPage":{"@id":"https:\/\/skyline-gs.com\/product\/privat-tour-phu-quoc\/#primaryimage"},"image":{"@id":"https:\/\/skyline-gs.com\/product\/privat-tour-phu-quoc\/#primaryimage"},"thumbnailUrl":"https:\/\/skyline-gs.com\/wp-content\/uploads\/2024\/12\/fukuok-obzornaya-11.jpg","datePublished":"2024-12-24T14:17:00+00:00","dateModified":"2025-12-22T20:34:35+00:00","breadcrumb":{"@id":"https:\/\/skyline-gs.com\/product\/privat-tour-phu-quoc\/#breadcrumb"},"inLanguage":"de","potentialAction":[{"@type":"ReadAction","target":["https:\/\/skyline-gs.com\/product\/privat-tour-phu-quoc\/"]}]},{"@type":"ImageObject","inLanguage":"de","@id":"https:\/\/skyline-gs.com\/product\/privat-tour-phu-quoc\/#primaryimage","url":"https:\/\/skyline-gs.com\/wp-content\/uploads\/2024\/12\/fukuok-obzornaya-11.jpg","contentUrl":"https:\/\/skyline-gs.com\/wp-content\/uploads\/2024\/12\/fukuok-obzornaya-11.jpg","width":669,"height":446},{"@type":"BreadcrumbList","@id":"https:\/\/skyline-gs.com\/product\/privat-tour-phu-quoc\/#breadcrumb","itemListElement":[{"@type":"ListItem","position":1,"name":"\u0413\u043b\u0430\u0432\u043d\u0430\u044f \u0441\u0442\u0440\u0430\u043d\u0438\u0446\u0430","item":"https:\/\/skyline-gs.com\/hu\/"},{"@type":"ListItem","position":2,"name":"\u041c\u0430\u0433\u0430\u0437\u0438\u043d","item":"https:\/\/skyline-gs.com\/cs\/shop\/"},{"@type":"ListItem","position":3,"name":"\u0418\u043d\u0434\u0438\u0432\u0438\u0434\u0443\u0430\u043b\u044c\u043d\u0430\u044f \u043e\u0431\u0437\u043e\u0440\u043d\u0430\u044f \u043f\u043e \u0424\u0443\u043a\u0443\u043e\u043a\u0443"}]},{"@type":"WebSite","@id":"https:\/\/skyline-gs.com\/it\/#website","url":"https:\/\/skyline-gs.com\/it\/","name":"Skyline Ausfl\u00fcge","description":"Exklusive Ausfl\u00fcge in den besten Resorts der Welt","publisher":{"@id":"https:\/\/skyline-gs.com\/it\/#organization"},"alternateName":"Skyline","potentialAction":[{"@type":"SearchAction","target":{"@type":"EntryPoint","urlTemplate":"https:\/\/skyline-gs.com\/it\/?s={search_term_string}"},"query-input":{"@type":"PropertyValueSpecification","valueRequired":true,"valueName":"search_term_string"}}],"inLanguage":"de"},{"@type":"Organization","@id":"https:\/\/skyline-gs.com\/it\/#organization","name":"Skyline Ausfl\u00fcge","alternateName":"\u042d\u043a\u0441\u043a\u0443\u0440\u0441\u0438\u0438 Skyline","url":"https:\/\/skyline-gs.com\/it\/","logo":{"@type":"ImageObject","inLanguage":"de","@id":"https:\/\/skyline-gs.com\/it\/#\/schema\/logo\/image\/","url":"https:\/\/skyline-gs.com\/wp-content\/uploads\/2020\/12\/cropped-logo-2.png","contentUrl":"https:\/\/skyline-gs.com\/wp-content\/uploads\/2020\/12\/cropped-logo-2.png","width":512,"height":512,"caption":"\u042d\u043a\u0441\u043a\u0443\u0440\u0441\u0438\u0438 Skyline"},"image":{"@id":"https:\/\/skyline-gs.com\/it\/#\/schema\/logo\/image\/"},"sameAs":["https:\/\/www.instagram.com\/skylineglobalservice\/"]}]}},"_links":{"self":[{"href":"https:\/\/skyline-gs.com\/de\/wp-json\/wp\/v2\/product\/60115","targetHints":{"allow":["GET"]}}],"collection":[{"href":"https:\/\/skyline-gs.com\/de\/wp-json\/wp\/v2\/product"}],"about":[{"href":"https:\/\/skyline-gs.com\/de\/wp-json\/wp\/v2\/types\/product"}],"version-history":[{"count":0,"href":"https:\/\/skyline-gs.com\/de\/wp-json\/wp\/v2\/product\/60115\/revisions"}],"wp:featuredmedia":[{"embeddable":true,"href":"https:\/\/skyline-gs.com\/de\/wp-json\/wp\/v2\/media\/71421"}],"wp:attachment":[{"href":"https:\/\/skyline-gs.com\/de\/wp-json\/wp\/v2\/media?parent=60115"}],"wp:term":[{"taxonomy":"product_brand","embeddable":true,"href":"https:\/\/skyline-gs.com\/de\/wp-json\/wp\/v2\/product_brand?post=60115"},{"taxonomy":"product_cat","embeddable":true,"href":"https:\/\/skyline-gs.com\/de\/wp-json\/wp\/v2\/product_cat?post=60115"},{"taxonomy":"product_tag","embeddable":true,"href":"https:\/\/skyline-gs.com\/de\/wp-json\/wp\/v2\/product_tag?post=60115"}],"curies":[{"name":"wp","href":"https:\/\/api.w.org\/{rel}","templated":true}]}}