{"id":59237,"date":"2024-11-17T19:42:18","date_gmt":"2024-11-17T17:42:18","guid":{"rendered":"http:\/\/skyline-gs.com\/?post_type=product&#038;p=59237"},"modified":"2026-03-31T00:46:07","modified_gmt":"2026-03-30T22:46:07","slug":"saigon-and-cu-chi-tunnels-nhatrang","status":"publish","type":"product","link":"https:\/\/skyline-gs.com\/de\/product\/saigon-and-cu-chi-tunnels-nhatrang\/","title":{"rendered":"Saigon und Cu Chi Tunnels 1 Tag (VIP-Slipbus)"},"content":{"rendered":"<p>Diese Tour bietet Ihnen die einmalige Gelegenheit, etwas \u00fcber die milit\u00e4rische Vergangenheit Vietnams zu erfahren, die wichtigsten historischen Monumente von Ho-Chi-Minh-Stadt zu erkunden und in die Kultur und Atmosph\u00e4re der Stadt einzutauchen. Sie besichtigen nicht nur die wichtigsten Sehensw\u00fcrdigkeiten, sondern besuchen auch die ber\u00fchmten Cu-Chi-Tunnel, die im Vietnamkrieg eine Schl\u00fcsselrolle spielten.<\/p>\n<p><strong>Tag 1 - Abreise nach Ho-Chi-Minh-Stadt:<\/strong><\/p>\n<ul>\n<li><strong>21:00 &#8212; 21:30:<\/strong> Transfer vom Hotel und Einstieg in den VIP-Slipbus (Schlafkapselbus) f\u00fcr die Fahrt nach Ho-Chi-Minh-Stadt \u00fcber Nacht. An Bord werden Sie komfortable Bedingungen genie\u00dfen: Wi-Fi, TV, Wasser, Plaid.<\/li>\n<\/ul>\n<p><strong>Tag 2 - Ho-Chi-Minh-Stadt und Cu-Chi-Tunnel:<\/strong><\/p>\n<ul>\n<li><strong>06:00 &#8212; 06:30:<\/strong> Ankunft in Ho-Chi-Minh-Stadt, Treffen mit Ihrem Reiseleiter, Transfer zum Restaurant f\u00fcr das Fr\u00fchst\u00fcck.<\/li>\n<li><strong>07:00 &#8212; 07:45:<\/strong> Fr\u00fchst\u00fcck im Restaurant (Buffet).<\/li>\n<li><strong>08:00 &#8212; 09:00:<\/strong> Transfer zu den ber\u00fchmten Cu-Chi-Tunneln.<\/li>\n<li><strong>09:00 &#8212; 11:00:<\/strong> Besichtigung der Cu Chi Tunnels. Dabei handelt es sich um ein komplexes, \u00fcber 250 km langes Netz unterirdischer G\u00e4nge, die w\u00e4hrend des Vietnamkriegs zur Verteidigung und f\u00fcr Angriffe genutzt wurden. Sie werden sehen k\u00f6nnen, wie das Leben unter den Bedingungen des Krieges war, und Sie k\u00f6nnen sich im Schie\u00dfen mit Troph\u00e4enwaffen versuchen (optional, gegen Aufpreis: AK-47, M-16, M-60).<\/li>\n<li><strong>11:00 &#8212; 12:30:<\/strong> R\u00fcckkehr nach Ho-Chi-Minh-Stadt.<\/li>\n<li><strong>12:30 &#8212; 13:00:<\/strong> Mittagessen im Restaurant.<\/li>\n<li><strong>13:00 &#8212; 15:30:<\/strong> Ho-Chi-Minh-Stadt Besichtigungstour:\n<ul>\n<li><strong>Museum f\u00fcr Kriegsverbrechen<\/strong> - Die Geschichte des Krieges und seine Auswirkungen auf das Land.<\/li>\n<li><strong>Kathedrale Notre Dame de Saigon<\/strong> - eine wundersch\u00f6ne franz\u00f6sische katholische Kathedrale.<\/li>\n<li><strong>Allgemeines Postamt<\/strong> - entworfen von Gustave Eiffel.<\/li>\n<li><strong>Vinh Nghiem-Tempel<\/strong> - ein alter vietnamesischer Tempel.<\/li>\n<li><strong>Zentraler Platz, Ho-Chi-Minh-Denkmal<\/strong> - wichtige Symbole der Stadt.<\/li>\n<li><strong>St\u00e4dtisches Verwaltungsgeb\u00e4ude<\/strong> \u0438 <strong>Drachenhaus-Kai<\/strong> - Architekturdenkm\u00e4ler mit einer interessanten Geschichte.<\/li>\n<\/ul>\n<\/li>\n<li><strong>16:00 &#8212; 19:00:<\/strong> Freie Zeit zum Einkaufen auf dem zentralen Markt oder in den Einkaufszentren.<\/li>\n<li><strong>22:00:<\/strong> Abfahrt nach Nha Trang mit dem Schlafwagenbus.<\/li>\n<\/ul>\n<p><strong>Tag 3 - R\u00fcckkehr nach Nha Trang:<\/strong><\/p>\n<ul>\n<li><strong>Morgen:<\/strong> Ankunft in Nha Trang, Transfer zum Hotel.<\/li>\n<\/ul>\n<p><strong>Inbegriffen:<\/strong><\/p>\n<ul>\n<li>Transfer vom Hotel und zur\u00fcck<\/li>\n<li>VIP-Schlafbus (Schlupfbus)<\/li>\n<li>Fr\u00fchst\u00fcck und Mittagessen<\/li>\n<li>Englischsprachiger Reiseleiter<\/li>\n<li>Alle Eintrittskarten laut Programm<\/li>\n<\/ul>\n<p><strong>Nicht enthalten:<\/strong><\/p>\n<ul>\n<li>Schie\u00dfen mit Troph\u00e4enwaffen (optional, gegen Aufpreis: AK-47, M-16, M-60)<\/li>\n<li>Transfer von Hotels au\u00dferhalb der Stadt:\u00a0<strong>Cam Ranh<\/strong>\u00a0- Aufpreis\u00a0<strong>+40$ pro Fahrzeug f\u00fcr bis zu 6 Personen<\/strong>\u00a0Hin- und R\u00fcckflug und\u00a0<strong>+60$ pro Fahrzeug f\u00fcr bis zu 10 Personen<\/strong>\u00a0beide Richtungen<\/li>\n<li>Transfer von Hotels au\u00dferhalb der Stadt:\u00a0<strong>Amiana<\/strong>\u00a0- Aufpreis\u00a0<strong>+10$ pro Fahrzeug f\u00fcr bis zu 6 Personen<\/strong>\u00a0Hin- und R\u00fcckflug und\u00a0<strong>+15$ pro Fahrzeug f\u00fcr bis zu 10 Personen<\/strong>\u00a0beide Richtungen<\/li>\n<\/ul>\n<p><strong>Nimm mit:<\/strong><\/p>\n<ul>\n<li>Bequeme Kleidung<\/li>\n<li>Kamera oder Smartphone zum Fotografieren<\/li>\n<li>K\u00f6rperpflegeprodukte<\/li>\n<li>Geld f\u00fcr Eink\u00e4ufe und kleine Ausgaben<\/li>\n<\/ul>","protected":false},"excerpt":{"rendered":"<p><strong>Dauer:<\/strong> 1 Tag<\/p>\n<p><strong>Veranstaltungstage:<\/strong> T\u00e4glich<\/p>","protected":false},"featured_media":59278,"template":"","meta":{"_kad_post_transparent":"default","_kad_post_title":"","_kad_post_layout":"default","_kad_post_sidebar_id":"","_kad_post_content_style":"default","_kad_post_vertical_padding":"default","_kad_post_feature":"","_kad_post_feature_position":"","_kad_post_header":false,"_kad_post_footer":false,"_kad_post_classname":"","_glsr_average":0,"_glsr_ranking":0,"_glsr_reviews":0},"product_brand":[],"product_cat":[437],"product_tag":[],"class_list":{"0":"post-59237","1":"product","2":"type-product","3":"status-publish","4":"has-post-thumbnail","6":"product_cat-nha-trang","7":"tm-has-options","9":"first","10":"instock","11":"sold-individually","12":"taxable","13":"shipping-taxable","14":"purchasable","15":"product-type-simple","16":"entry","17":"content-bg","18":"loop-entry"},"yoast_head":"<!-- This site is optimized with the Yoast SEO plugin v27.3 - https:\/\/yoast.com\/product\/yoast-seo-wordpress\/ -->\n<title>\u0421\u0430\u0439\u0433\u043e\u043d \u0438 \u0442\u043e\u043d\u043d\u0435\u043b\u0438 \u041a\u0443 \u0427\u0438 1 \u0434\u0435\u043d\u044c (VIP-\u0441\u043b\u0438\u043f\u0431\u0430\u0441) &#8226; \u042d\u043a\u0441\u043a\u0443\u0440\u0441\u0438\u0438 Skyline<\/title>\n<meta name=\"robots\" content=\"index, follow, max-snippet:-1, max-image-preview:large, max-video-preview:-1\" \/>\n<link rel=\"canonical\" href=\"https:\/\/skyline-gs.com\/de\/produkt\/saigon-and-cu-chi-tunnels-nhatrang\/\" \/>\n<meta property=\"og:locale\" content=\"de_DE\" \/>\n<meta property=\"og:type\" content=\"article\" \/>\n<meta property=\"og:title\" content=\"\u0421\u0430\u0439\u0433\u043e\u043d \u0438 \u0442\u043e\u043d\u043d\u0435\u043b\u0438 \u041a\u0443 \u0427\u0438 1 \u0434\u0435\u043d\u044c (VIP-\u0441\u043b\u0438\u043f\u0431\u0430\u0441) &#8226; \u042d\u043a\u0441\u043a\u0443\u0440\u0441\u0438\u0438 Skyline\" \/>\n<meta property=\"og:description\" content=\"\u0414\u043b\u0438\u0442\u0435\u043b\u044c\u043d\u043e\u0441\u0442\u044c: 1 \u0434\u0435\u043d\u044c  \u0414\u043d\u0438 \u043f\u0440\u043e\u0432\u0435\u0434\u0435\u043d\u0438\u044f: \u0415\u0436\u0435\u0434\u043d\u0435\u0432\u043d\u043e\" \/>\n<meta property=\"og:url\" content=\"https:\/\/skyline-gs.com\/de\/produkt\/saigon-and-cu-chi-tunnels-nhatrang\/\" \/>\n<meta property=\"og:site_name\" content=\"\u042d\u043a\u0441\u043a\u0443\u0440\u0441\u0438\u0438 Skyline\" \/>\n<meta property=\"article:modified_time\" content=\"2026-03-30T22:46:07+00:00\" \/>\n<meta property=\"og:image\" content=\"https:\/\/skyline-gs.com\/wp-content\/uploads\/2024\/11\/hoshimin_006-e1731875166180.jpg\" \/>\n\t<meta property=\"og:image:width\" content=\"940\" \/>\n\t<meta property=\"og:image:height\" content=\"627\" \/>\n\t<meta property=\"og:image:type\" content=\"image\/jpeg\" \/>\n<meta name=\"twitter:card\" content=\"summary_large_image\" \/>\n<meta name=\"twitter:label1\" content=\"Gesch\u00e4tzte Lesezeit\" \/>\n\t<meta name=\"twitter:data1\" content=\"3\u00a0Minuten\" \/>\n<script type=\"application\/ld+json\" class=\"yoast-schema-graph\">{\"@context\":\"https:\\\/\\\/schema.org\",\"@graph\":[{\"@type\":\"WebPage\",\"@id\":\"https:\\\/\\\/skyline-gs.com\\\/product\\\/saigon-and-cu-chi-tunnels-nhatrang\\\/\",\"url\":\"https:\\\/\\\/skyline-gs.com\\\/product\\\/saigon-and-cu-chi-tunnels-nhatrang\\\/\",\"name\":\"\u0421\u0430\u0439\u0433\u043e\u043d \u0438 \u0442\u043e\u043d\u043d\u0435\u043b\u0438 \u041a\u0443 \u0427\u0438 1 \u0434\u0435\u043d\u044c (VIP-\u0441\u043b\u0438\u043f\u0431\u0430\u0441) &#8226; \u042d\u043a\u0441\u043a\u0443\u0440\u0441\u0438\u0438 Skyline\",\"isPartOf\":{\"@id\":\"https:\\\/\\\/skyline-gs.com\\\/it\\\/#website\"},\"primaryImageOfPage\":{\"@id\":\"https:\\\/\\\/skyline-gs.com\\\/product\\\/saigon-and-cu-chi-tunnels-nhatrang\\\/#primaryimage\"},\"image\":{\"@id\":\"https:\\\/\\\/skyline-gs.com\\\/product\\\/saigon-and-cu-chi-tunnels-nhatrang\\\/#primaryimage\"},\"thumbnailUrl\":\"https:\\\/\\\/skyline-gs.com\\\/wp-content\\\/uploads\\\/2024\\\/11\\\/hoshimin_006-e1731875166180.jpg\",\"datePublished\":\"2024-11-17T17:42:18+00:00\",\"dateModified\":\"2026-03-30T22:46:07+00:00\",\"breadcrumb\":{\"@id\":\"https:\\\/\\\/skyline-gs.com\\\/product\\\/saigon-and-cu-chi-tunnels-nhatrang\\\/#breadcrumb\"},\"inLanguage\":\"de\",\"potentialAction\":[{\"@type\":\"ReadAction\",\"target\":[\"https:\\\/\\\/skyline-gs.com\\\/product\\\/saigon-and-cu-chi-tunnels-nhatrang\\\/\"]}]},{\"@type\":\"ImageObject\",\"inLanguage\":\"de\",\"@id\":\"https:\\\/\\\/skyline-gs.com\\\/product\\\/saigon-and-cu-chi-tunnels-nhatrang\\\/#primaryimage\",\"url\":\"https:\\\/\\\/skyline-gs.com\\\/wp-content\\\/uploads\\\/2024\\\/11\\\/hoshimin_006-e1731875166180.jpg\",\"contentUrl\":\"https:\\\/\\\/skyline-gs.com\\\/wp-content\\\/uploads\\\/2024\\\/11\\\/hoshimin_006-e1731875166180.jpg\",\"width\":940,\"height\":627},{\"@type\":\"BreadcrumbList\",\"@id\":\"https:\\\/\\\/skyline-gs.com\\\/product\\\/saigon-and-cu-chi-tunnels-nhatrang\\\/#breadcrumb\",\"itemListElement\":[{\"@type\":\"ListItem\",\"position\":1,\"name\":\"\u0413\u043b\u0430\u0432\u043d\u0430\u044f \u0441\u0442\u0440\u0430\u043d\u0438\u0446\u0430\",\"item\":\"https:\\\/\\\/skyline-gs.com\\\/hu\\\/\"},{\"@type\":\"ListItem\",\"position\":2,\"name\":\"\u041c\u0430\u0433\u0430\u0437\u0438\u043d\",\"item\":\"https:\\\/\\\/skyline-gs.com\\\/cs\\\/shop\\\/\"},{\"@type\":\"ListItem\",\"position\":3,\"name\":\"\u0421\u0430\u0439\u0433\u043e\u043d \u0438 \u0442\u043e\u043d\u043d\u0435\u043b\u0438 \u041a\u0443 \u0427\u0438 1 \u0434\u0435\u043d\u044c (VIP-\u0441\u043b\u0438\u043f\u0431\u0430\u0441)\"}]},{\"@type\":\"WebSite\",\"@id\":\"https:\\\/\\\/skyline-gs.com\\\/it\\\/#website\",\"url\":\"https:\\\/\\\/skyline-gs.com\\\/it\\\/\",\"name\":\"\u042d\u043a\u0441\u043a\u0443\u0440\u0441\u0438\u0438 Skyline\",\"description\":\"\u042d\u043a\u0441\u043a\u043b\u044e\u0437\u0438\u0432\u043d\u044b\u0435 \u044d\u043a\u0441\u043a\u0443\u0440\u0441\u0438\u0438 \u043d\u0430 \u043b\u0443\u0447\u0448\u0438\u0445 \u043a\u0443\u0440\u043e\u0440\u0442\u0430\u0445 \u043c\u0438\u0440\u0430\",\"publisher\":{\"@id\":\"https:\\\/\\\/skyline-gs.com\\\/it\\\/#organization\"},\"alternateName\":\"Skyline\",\"potentialAction\":[{\"@type\":\"SearchAction\",\"target\":{\"@type\":\"EntryPoint\",\"urlTemplate\":\"https:\\\/\\\/skyline-gs.com\\\/it\\\/?s={search_term_string}\"},\"query-input\":{\"@type\":\"PropertyValueSpecification\",\"valueRequired\":true,\"valueName\":\"search_term_string\"}}],\"inLanguage\":\"de\"},{\"@type\":\"Organization\",\"@id\":\"https:\\\/\\\/skyline-gs.com\\\/it\\\/#organization\",\"name\":\"\u042d\u043a\u0441\u043a\u0443\u0440\u0441\u0438\u0438 Skyline\",\"alternateName\":\"\u042d\u043a\u0441\u043a\u0443\u0440\u0441\u0438\u0438 Skyline\",\"url\":\"https:\\\/\\\/skyline-gs.com\\\/it\\\/\",\"logo\":{\"@type\":\"ImageObject\",\"inLanguage\":\"de\",\"@id\":\"https:\\\/\\\/skyline-gs.com\\\/it\\\/#\\\/schema\\\/logo\\\/image\\\/\",\"url\":\"https:\\\/\\\/skyline-gs.com\\\/wp-content\\\/uploads\\\/2020\\\/12\\\/cropped-logo-2.png\",\"contentUrl\":\"https:\\\/\\\/skyline-gs.com\\\/wp-content\\\/uploads\\\/2020\\\/12\\\/cropped-logo-2.png\",\"width\":512,\"height\":512,\"caption\":\"\u042d\u043a\u0441\u043a\u0443\u0440\u0441\u0438\u0438 Skyline\"},\"image\":{\"@id\":\"https:\\\/\\\/skyline-gs.com\\\/it\\\/#\\\/schema\\\/logo\\\/image\\\/\"},\"sameAs\":[\"https:\\\/\\\/www.instagram.com\\\/skylineglobalservice\\\/\"]}]}<\/script>\n<!-- \/ Yoast SEO plugin. -->","yoast_head_json":{"title":"Saigon und Cu Chi Tunnels 1 Tag (VIP-Slipbus) - Skyline Excursions","robots":{"index":"index","follow":"follow","max-snippet":"max-snippet:-1","max-image-preview":"max-image-preview:large","max-video-preview":"max-video-preview:-1"},"canonical":"https:\/\/skyline-gs.com\/de\/produkt\/saigon-and-cu-chi-tunnels-nhatrang\/","og_locale":"de_DE","og_type":"article","og_title":"\u0421\u0430\u0439\u0433\u043e\u043d \u0438 \u0442\u043e\u043d\u043d\u0435\u043b\u0438 \u041a\u0443 \u0427\u0438 1 \u0434\u0435\u043d\u044c (VIP-\u0441\u043b\u0438\u043f\u0431\u0430\u0441) &#8226; \u042d\u043a\u0441\u043a\u0443\u0440\u0441\u0438\u0438 Skyline","og_description":"\u0414\u043b\u0438\u0442\u0435\u043b\u044c\u043d\u043e\u0441\u0442\u044c: 1 \u0434\u0435\u043d\u044c  \u0414\u043d\u0438 \u043f\u0440\u043e\u0432\u0435\u0434\u0435\u043d\u0438\u044f: \u0415\u0436\u0435\u0434\u043d\u0435\u0432\u043d\u043e","og_url":"https:\/\/skyline-gs.com\/de\/produkt\/saigon-and-cu-chi-tunnels-nhatrang\/","og_site_name":"\u042d\u043a\u0441\u043a\u0443\u0440\u0441\u0438\u0438 Skyline","article_modified_time":"2026-03-30T22:46:07+00:00","og_image":[{"width":940,"height":627,"url":"https:\/\/skyline-gs.com\/wp-content\/uploads\/2024\/11\/hoshimin_006-e1731875166180.jpg","type":"image\/jpeg"}],"twitter_card":"summary_large_image","twitter_misc":{"Gesch\u00e4tzte Lesezeit":"3\u00a0Minuten"},"schema":{"@context":"https:\/\/schema.org","@graph":[{"@type":"WebPage","@id":"https:\/\/skyline-gs.com\/product\/saigon-and-cu-chi-tunnels-nhatrang\/","url":"https:\/\/skyline-gs.com\/product\/saigon-and-cu-chi-tunnels-nhatrang\/","name":"Saigon und Cu Chi Tunnels 1 Tag (VIP-Slipbus) - Skyline Excursions","isPartOf":{"@id":"https:\/\/skyline-gs.com\/it\/#website"},"primaryImageOfPage":{"@id":"https:\/\/skyline-gs.com\/product\/saigon-and-cu-chi-tunnels-nhatrang\/#primaryimage"},"image":{"@id":"https:\/\/skyline-gs.com\/product\/saigon-and-cu-chi-tunnels-nhatrang\/#primaryimage"},"thumbnailUrl":"https:\/\/skyline-gs.com\/wp-content\/uploads\/2024\/11\/hoshimin_006-e1731875166180.jpg","datePublished":"2024-11-17T17:42:18+00:00","dateModified":"2026-03-30T22:46:07+00:00","breadcrumb":{"@id":"https:\/\/skyline-gs.com\/product\/saigon-and-cu-chi-tunnels-nhatrang\/#breadcrumb"},"inLanguage":"de","potentialAction":[{"@type":"ReadAction","target":["https:\/\/skyline-gs.com\/product\/saigon-and-cu-chi-tunnels-nhatrang\/"]}]},{"@type":"ImageObject","inLanguage":"de","@id":"https:\/\/skyline-gs.com\/product\/saigon-and-cu-chi-tunnels-nhatrang\/#primaryimage","url":"https:\/\/skyline-gs.com\/wp-content\/uploads\/2024\/11\/hoshimin_006-e1731875166180.jpg","contentUrl":"https:\/\/skyline-gs.com\/wp-content\/uploads\/2024\/11\/hoshimin_006-e1731875166180.jpg","width":940,"height":627},{"@type":"BreadcrumbList","@id":"https:\/\/skyline-gs.com\/product\/saigon-and-cu-chi-tunnels-nhatrang\/#breadcrumb","itemListElement":[{"@type":"ListItem","position":1,"name":"\u0413\u043b\u0430\u0432\u043d\u0430\u044f \u0441\u0442\u0440\u0430\u043d\u0438\u0446\u0430","item":"https:\/\/skyline-gs.com\/hu\/"},{"@type":"ListItem","position":2,"name":"\u041c\u0430\u0433\u0430\u0437\u0438\u043d","item":"https:\/\/skyline-gs.com\/cs\/shop\/"},{"@type":"ListItem","position":3,"name":"\u0421\u0430\u0439\u0433\u043e\u043d \u0438 \u0442\u043e\u043d\u043d\u0435\u043b\u0438 \u041a\u0443 \u0427\u0438 1 \u0434\u0435\u043d\u044c (VIP-\u0441\u043b\u0438\u043f\u0431\u0430\u0441)"}]},{"@type":"WebSite","@id":"https:\/\/skyline-gs.com\/it\/#website","url":"https:\/\/skyline-gs.com\/it\/","name":"Skyline Ausfl\u00fcge","description":"Exklusive Ausfl\u00fcge in den besten Resorts der Welt","publisher":{"@id":"https:\/\/skyline-gs.com\/it\/#organization"},"alternateName":"Skyline","potentialAction":[{"@type":"SearchAction","target":{"@type":"EntryPoint","urlTemplate":"https:\/\/skyline-gs.com\/it\/?s={search_term_string}"},"query-input":{"@type":"PropertyValueSpecification","valueRequired":true,"valueName":"search_term_string"}}],"inLanguage":"de"},{"@type":"Organization","@id":"https:\/\/skyline-gs.com\/it\/#organization","name":"Skyline Ausfl\u00fcge","alternateName":"\u042d\u043a\u0441\u043a\u0443\u0440\u0441\u0438\u0438 Skyline","url":"https:\/\/skyline-gs.com\/it\/","logo":{"@type":"ImageObject","inLanguage":"de","@id":"https:\/\/skyline-gs.com\/it\/#\/schema\/logo\/image\/","url":"https:\/\/skyline-gs.com\/wp-content\/uploads\/2020\/12\/cropped-logo-2.png","contentUrl":"https:\/\/skyline-gs.com\/wp-content\/uploads\/2020\/12\/cropped-logo-2.png","width":512,"height":512,"caption":"\u042d\u043a\u0441\u043a\u0443\u0440\u0441\u0438\u0438 Skyline"},"image":{"@id":"https:\/\/skyline-gs.com\/it\/#\/schema\/logo\/image\/"},"sameAs":["https:\/\/www.instagram.com\/skylineglobalservice\/"]}]}},"_links":{"self":[{"href":"https:\/\/skyline-gs.com\/de\/wp-json\/wp\/v2\/product\/59237","targetHints":{"allow":["GET"]}}],"collection":[{"href":"https:\/\/skyline-gs.com\/de\/wp-json\/wp\/v2\/product"}],"about":[{"href":"https:\/\/skyline-gs.com\/de\/wp-json\/wp\/v2\/types\/product"}],"version-history":[{"count":0,"href":"https:\/\/skyline-gs.com\/de\/wp-json\/wp\/v2\/product\/59237\/revisions"}],"wp:featuredmedia":[{"embeddable":true,"href":"https:\/\/skyline-gs.com\/de\/wp-json\/wp\/v2\/media\/59278"}],"wp:attachment":[{"href":"https:\/\/skyline-gs.com\/de\/wp-json\/wp\/v2\/media?parent=59237"}],"wp:term":[{"taxonomy":"product_brand","embeddable":true,"href":"https:\/\/skyline-gs.com\/de\/wp-json\/wp\/v2\/product_brand?post=59237"},{"taxonomy":"product_cat","embeddable":true,"href":"https:\/\/skyline-gs.com\/de\/wp-json\/wp\/v2\/product_cat?post=59237"},{"taxonomy":"product_tag","embeddable":true,"href":"https:\/\/skyline-gs.com\/de\/wp-json\/wp\/v2\/product_tag?post=59237"}],"curies":[{"name":"wp","href":"https:\/\/api.w.org\/{rel}","templated":true}]}}