{"id":59061,"date":"2024-11-16T17:08:01","date_gmt":"2024-11-16T15:08:01","guid":{"rendered":"http:\/\/skyline-gs.com\/?post_type=product&#038;p=59061"},"modified":"2026-04-18T16:49:47","modified_gmt":"2026-04-18T14:49:47","slug":"danang-and-golden-bridge-nhatrang","status":"publish","type":"product","link":"https:\/\/skyline-gs.com\/de\/product\/danang-and-golden-bridge-nhatrang\/","title":{"rendered":"Da Nang und Goldene Br\u00fccke 1 Tag (VIP-Slipbus)"},"content":{"rendered":"<p><strong>Da Nang und Goldene Br\u00fccke Tour - Da Nang und die Goldene Br\u00fccke<\/strong>\u00a0- ist eine unvergessliche Reise in das Herz Vietnams, die einzigartige nat\u00fcrliche und kulturelle Attraktionen miteinander verbindet. Das Programm beinhaltet einen aufregenden \u00dcbernachtungstransfer sowie einen Besuch der ber\u00fchmten Goldenen Br\u00fccke und vieler anderer beeindruckender Orte, die Sie mit ihrer Sch\u00f6nheit und Erhabenheit in Erstaunen versetzen werden.<\/p>\n<ul>\n<li><strong>18:40-19:50 - Transfer vom Hotel zur VIP-Slipbasis.<\/strong> Ihr komfortabler Nachttransfer beginnt in einem doppelreihigen Schlafwagen mit Schlafkabinen, Wi-Fi, TV, USB-Anschl\u00fcssen, Wasser und Plaids, so dass Sie sich entspannen und die Fahrt nach Da Nang genie\u00dfen k\u00f6nnen.<\/li>\n<li>\u00dcber Nacht Transfer nach Da Nang.<\/li>\n<li><strong>6:00 - Ankunft in Da Nang.<\/strong> Treffen Sie Ihren Reiseleiter, der Ihnen alle H\u00f6hepunkte dieser Reise zeigen wird.<\/li>\n<li><strong>7:00 - Fr\u00fchst\u00fcck im Hotel.<\/strong> Fr\u00fchst\u00fccksbuffet im Hotel im Stadtzentrum mit einer Auswahl an vietnamesischen und internationalen Gerichten.<\/li>\n<li><strong>8:30 - Transfer zum Ba Na H\u00fcgel.<\/strong> Ein Vergn\u00fcgungskomplex in den Bergen (1500 Meter \u00fcber dem Meeresspiegel), in dem Sie sich in einer v\u00f6llig anderen Welt wiederfinden werden.<\/li>\n<li>Klettern nach <strong>Seilbahn<\/strong> (5 km), die einen atemberaubenden Blick auf Berge und T\u00e4ler bietet.\n<ul>\n<li><strong>Die Goldene Br\u00fccke \"Die H\u00e4nde Gottes\"<\/strong> - ein ber\u00fchmtes technisches Wunderwerk, das Himmel und Erde miteinander verbindet. Diese Br\u00fccke ist zu einem echten Symbol f\u00fcr Vietnam geworden.<\/li>\n<li><strong>Mittelalterliche Schl\u00f6sser<\/strong>, <strong>Le Jardin Blumengarten<\/strong> \u0438 <strong>Franz\u00f6sisches Viertel<\/strong> - stimmungsvolle, geschichtstr\u00e4chtige Orte und malerische Landschaften.<\/li>\n<li><strong>Museen und Pagoden<\/strong> - Ein Ort f\u00fcr diejenigen, die mehr \u00fcber die Kultur und Religion Vietnams erfahren m\u00f6chten.<\/li>\n<li><strong>Vergn\u00fcgungsfahrten<\/strong> - f\u00fcr Aufregungssuchende und Aufregungssuchende.<\/li>\n<\/ul>\n<\/li>\n<li><strong>Mittagessen (Buffet)<\/strong> - Ein unbegrenztes Mittagessen, bei dem jeder die traditionelle vietnamesische K\u00fcche und internationale Gerichte genie\u00dfen kann.<\/li>\n<li>15:30 - R\u00fcckfahrt mit der Seilbahn.<\/li>\n<li>17:00 - <strong>Besuch der Drachenbr\u00fccke und der Br\u00fccke der Liebe.<\/strong> Ein Spaziergang \u00fcber diese symboltr\u00e4chtigen und sch\u00f6nen Br\u00fccken, die zum Wahrzeichen der Stadt Da Nang geworden sind.<\/li>\n<li>18:30 - Abfahrt zur\u00fcck nach Nha Trang mit einem VIP-Slipbus.<\/li>\n<li>5:00 Ankunft in Nha Trang<\/li>\n<li>Transfer zum Hotel. Morgens Transfer zum Hotel, um diese unvergessliche Reise zu beenden.<\/li>\n<\/ul>\n<p><strong>5:30 - R\u00fcckkehr zum Hotel.<\/strong><\/p>\n<p><strong>Inbegriffen:<\/strong><\/p>\n<ul>\n<li>Transfer vom Hotel und zur\u00fcck<\/li>\n<li>Fahrkarten f\u00fcr den VIP-Schlupfbus (doppelreihiger Schlafwagenbus)<\/li>\n<li>Wasser<\/li>\n<li>Englischsprachiger Reiseleiter<\/li>\n<li>Fr\u00fchst\u00fcck und Mittagessen<\/li>\n<li>Eintrittskarten<\/li>\n<\/ul>\n<p><strong>Nicht enthalten:<\/strong><\/p>\n<ul>\n<li>Transfer von Hotels au\u00dferhalb der Stadt:\u00a0<strong>Cam Ranh<\/strong>\u00a0- Aufpreis\u00a0<strong>+40$ pro Fahrzeug f\u00fcr bis zu 6 Personen<\/strong>\u00a0Hin- und R\u00fcckflug und\u00a0<strong>+60$ pro Fahrzeug f\u00fcr bis zu 10 Personen<\/strong>\u00a0beide Richtungen<\/li>\n<li>Transfer von Hotels au\u00dferhalb der Stadt:\u00a0<strong>Amiana<\/strong>\u00a0- Aufpreis\u00a0<strong>+10$ pro Fahrzeug f\u00fcr bis zu 6 Personen<\/strong>\u00a0Hin- und R\u00fcckflug und\u00a0<strong>+15$ pro Fahrzeug f\u00fcr bis zu 10 Personen<\/strong>\u00a0beide Richtungen<\/li>\n<\/ul>","protected":false},"excerpt":{"rendered":"<p><strong>Dauer:<\/strong> 1 Tag<\/p>\n<p><strong>Veranstaltungstage:<\/strong> T\u00e4glich<\/p>","protected":false},"featured_media":59072,"template":"","meta":{"_kad_post_transparent":"default","_kad_post_title":"","_kad_post_layout":"default","_kad_post_sidebar_id":"","_kad_post_content_style":"default","_kad_post_vertical_padding":"default","_kad_post_feature":"","_kad_post_feature_position":"","_kad_post_header":false,"_kad_post_footer":false,"_kad_post_classname":"","_glsr_average":0,"_glsr_ranking":0,"_glsr_reviews":0},"product_brand":[],"product_cat":[437],"product_tag":[],"class_list":{"0":"post-59061","1":"product","2":"type-product","3":"status-publish","4":"has-post-thumbnail","6":"product_cat-nha-trang","7":"tm-has-options","9":"first","10":"instock","11":"sold-individually","12":"taxable","13":"shipping-taxable","14":"purchasable","15":"product-type-simple","16":"entry","17":"content-bg","18":"loop-entry"},"yoast_head":"<!-- This site is optimized with the Yoast SEO plugin v27.4 - https:\/\/yoast.com\/product\/yoast-seo-wordpress\/ -->\n<title>\u0414\u0430\u043d\u0430\u043d\u0433 \u0438 \u0417\u043e\u043b\u043e\u0442\u043e\u0439 \u043c\u043e\u0441\u0442 1 \u0434\u0435\u043d\u044c (VIP-\u0441\u043b\u0438\u043f\u0431\u0430\u0441) &#8226; \u042d\u043a\u0441\u043a\u0443\u0440\u0441\u0438\u0438 Skyline<\/title>\n<meta name=\"robots\" content=\"index, follow, max-snippet:-1, max-image-preview:large, max-video-preview:-1\" \/>\n<link rel=\"canonical\" href=\"https:\/\/skyline-gs.com\/de\/produkt\/danang-and-golden-bridge-nhatrang\/\" \/>\n<meta property=\"og:locale\" content=\"de_DE\" \/>\n<meta property=\"og:type\" content=\"article\" \/>\n<meta property=\"og:title\" content=\"\u0414\u0430\u043d\u0430\u043d\u0433 \u0438 \u0417\u043e\u043b\u043e\u0442\u043e\u0439 \u043c\u043e\u0441\u0442 1 \u0434\u0435\u043d\u044c (VIP-\u0441\u043b\u0438\u043f\u0431\u0430\u0441) &#8226; \u042d\u043a\u0441\u043a\u0443\u0440\u0441\u0438\u0438 Skyline\" \/>\n<meta property=\"og:description\" content=\"\u0414\u043b\u0438\u0442\u0435\u043b\u044c\u043d\u043e\u0441\u0442\u044c: 1 \u0434\u0435\u043d\u044c  \u0414\u043d\u0438 \u043f\u0440\u043e\u0432\u0435\u0434\u0435\u043d\u0438\u044f: \u0415\u0436\u0435\u0434\u043d\u0435\u0432\u043d\u043e\" \/>\n<meta property=\"og:url\" content=\"https:\/\/skyline-gs.com\/de\/produkt\/danang-and-golden-bridge-nhatrang\/\" \/>\n<meta property=\"og:site_name\" content=\"\u042d\u043a\u0441\u043a\u0443\u0440\u0441\u0438\u0438 Skyline\" \/>\n<meta property=\"article:modified_time\" content=\"2026-04-18T14:49:47+00:00\" \/>\n<meta property=\"og:image\" content=\"https:\/\/skyline-gs.com\/wp-content\/uploads\/2024\/11\/b0.jpg\" \/>\n\t<meta property=\"og:image:width\" content=\"669\" \/>\n\t<meta property=\"og:image:height\" content=\"446\" \/>\n\t<meta property=\"og:image:type\" content=\"image\/jpeg\" \/>\n<meta name=\"twitter:card\" content=\"summary_large_image\" \/>\n<meta name=\"twitter:label1\" content=\"Gesch\u00e4tzte Lesezeit\" \/>\n\t<meta name=\"twitter:data1\" content=\"3\u00a0Minuten\" \/>\n<script type=\"application\/ld+json\" class=\"yoast-schema-graph\">{\"@context\":\"https:\\\/\\\/schema.org\",\"@graph\":[{\"@type\":\"WebPage\",\"@id\":\"https:\\\/\\\/skyline-gs.com\\\/product\\\/danang-and-golden-bridge-nhatrang\\\/\",\"url\":\"https:\\\/\\\/skyline-gs.com\\\/product\\\/danang-and-golden-bridge-nhatrang\\\/\",\"name\":\"\u0414\u0430\u043d\u0430\u043d\u0433 \u0438 \u0417\u043e\u043b\u043e\u0442\u043e\u0439 \u043c\u043e\u0441\u0442 1 \u0434\u0435\u043d\u044c (VIP-\u0441\u043b\u0438\u043f\u0431\u0430\u0441) &#8226; \u042d\u043a\u0441\u043a\u0443\u0440\u0441\u0438\u0438 Skyline\",\"isPartOf\":{\"@id\":\"https:\\\/\\\/skyline-gs.com\\\/it\\\/#website\"},\"primaryImageOfPage\":{\"@id\":\"https:\\\/\\\/skyline-gs.com\\\/product\\\/danang-and-golden-bridge-nhatrang\\\/#primaryimage\"},\"image\":{\"@id\":\"https:\\\/\\\/skyline-gs.com\\\/product\\\/danang-and-golden-bridge-nhatrang\\\/#primaryimage\"},\"thumbnailUrl\":\"https:\\\/\\\/skyline-gs.com\\\/wp-content\\\/uploads\\\/2024\\\/11\\\/b0.jpg\",\"datePublished\":\"2024-11-16T15:08:01+00:00\",\"dateModified\":\"2026-04-18T14:49:47+00:00\",\"breadcrumb\":{\"@id\":\"https:\\\/\\\/skyline-gs.com\\\/product\\\/danang-and-golden-bridge-nhatrang\\\/#breadcrumb\"},\"inLanguage\":\"de\",\"potentialAction\":[{\"@type\":\"ReadAction\",\"target\":[\"https:\\\/\\\/skyline-gs.com\\\/product\\\/danang-and-golden-bridge-nhatrang\\\/\"]}]},{\"@type\":\"ImageObject\",\"inLanguage\":\"de\",\"@id\":\"https:\\\/\\\/skyline-gs.com\\\/product\\\/danang-and-golden-bridge-nhatrang\\\/#primaryimage\",\"url\":\"https:\\\/\\\/skyline-gs.com\\\/wp-content\\\/uploads\\\/2024\\\/11\\\/b0.jpg\",\"contentUrl\":\"https:\\\/\\\/skyline-gs.com\\\/wp-content\\\/uploads\\\/2024\\\/11\\\/b0.jpg\",\"width\":669,\"height\":446},{\"@type\":\"BreadcrumbList\",\"@id\":\"https:\\\/\\\/skyline-gs.com\\\/product\\\/danang-and-golden-bridge-nhatrang\\\/#breadcrumb\",\"itemListElement\":[{\"@type\":\"ListItem\",\"position\":1,\"name\":\"\u0413\u043b\u0430\u0432\u043d\u0430\u044f \u0441\u0442\u0440\u0430\u043d\u0438\u0446\u0430\",\"item\":\"https:\\\/\\\/skyline-gs.com\\\/hu\\\/\"},{\"@type\":\"ListItem\",\"position\":2,\"name\":\"\u041c\u0430\u0433\u0430\u0437\u0438\u043d\",\"item\":\"https:\\\/\\\/skyline-gs.com\\\/cs\\\/shop\\\/\"},{\"@type\":\"ListItem\",\"position\":3,\"name\":\"\u0414\u0430\u043d\u0430\u043d\u0433 \u0438 \u0417\u043e\u043b\u043e\u0442\u043e\u0439 \u043c\u043e\u0441\u0442 1 \u0434\u0435\u043d\u044c (VIP-\u0441\u043b\u0438\u043f\u0431\u0430\u0441)\"}]},{\"@type\":\"WebSite\",\"@id\":\"https:\\\/\\\/skyline-gs.com\\\/it\\\/#website\",\"url\":\"https:\\\/\\\/skyline-gs.com\\\/it\\\/\",\"name\":\"\u042d\u043a\u0441\u043a\u0443\u0440\u0441\u0438\u0438 Skyline\",\"description\":\"\u042d\u043a\u0441\u043a\u043b\u044e\u0437\u0438\u0432\u043d\u044b\u0435 \u044d\u043a\u0441\u043a\u0443\u0440\u0441\u0438\u0438 \u043d\u0430 \u043b\u0443\u0447\u0448\u0438\u0445 \u043a\u0443\u0440\u043e\u0440\u0442\u0430\u0445 \u043c\u0438\u0440\u0430\",\"publisher\":{\"@id\":\"https:\\\/\\\/skyline-gs.com\\\/it\\\/#organization\"},\"alternateName\":\"Skyline\",\"potentialAction\":[{\"@type\":\"SearchAction\",\"target\":{\"@type\":\"EntryPoint\",\"urlTemplate\":\"https:\\\/\\\/skyline-gs.com\\\/it\\\/?s={search_term_string}\"},\"query-input\":{\"@type\":\"PropertyValueSpecification\",\"valueRequired\":true,\"valueName\":\"search_term_string\"}}],\"inLanguage\":\"de\"},{\"@type\":\"Organization\",\"@id\":\"https:\\\/\\\/skyline-gs.com\\\/it\\\/#organization\",\"name\":\"\u042d\u043a\u0441\u043a\u0443\u0440\u0441\u0438\u0438 Skyline\",\"alternateName\":\"\u042d\u043a\u0441\u043a\u0443\u0440\u0441\u0438\u0438 Skyline\",\"url\":\"https:\\\/\\\/skyline-gs.com\\\/it\\\/\",\"logo\":{\"@type\":\"ImageObject\",\"inLanguage\":\"de\",\"@id\":\"https:\\\/\\\/skyline-gs.com\\\/it\\\/#\\\/schema\\\/logo\\\/image\\\/\",\"url\":\"https:\\\/\\\/skyline-gs.com\\\/wp-content\\\/uploads\\\/2020\\\/12\\\/cropped-logo-2.png\",\"contentUrl\":\"https:\\\/\\\/skyline-gs.com\\\/wp-content\\\/uploads\\\/2020\\\/12\\\/cropped-logo-2.png\",\"width\":512,\"height\":512,\"caption\":\"\u042d\u043a\u0441\u043a\u0443\u0440\u0441\u0438\u0438 Skyline\"},\"image\":{\"@id\":\"https:\\\/\\\/skyline-gs.com\\\/it\\\/#\\\/schema\\\/logo\\\/image\\\/\"},\"sameAs\":[\"https:\\\/\\\/www.instagram.com\\\/skylineglobalservice\\\/\"]}]}<\/script>\n<!-- \/ Yoast SEO plugin. -->","yoast_head_json":{"title":"\u0414\u0430\u043d\u0430\u043d\u0433 \u0438 \u0417\u043e\u043b\u043e\u0442\u043e\u0439 \u043c\u043e\u0441\u0442 1 \u0434\u0435\u043d\u044c (VIP-\u0441\u043b\u0438\u043f\u0431\u0430\u0441) &#8226; \u042d\u043a\u0441\u043a\u0443\u0440\u0441\u0438\u0438 Skyline","robots":{"index":"index","follow":"follow","max-snippet":"max-snippet:-1","max-image-preview":"max-image-preview:large","max-video-preview":"max-video-preview:-1"},"canonical":"https:\/\/skyline-gs.com\/de\/produkt\/danang-and-golden-bridge-nhatrang\/","og_locale":"de_DE","og_type":"article","og_title":"\u0414\u0430\u043d\u0430\u043d\u0433 \u0438 \u0417\u043e\u043b\u043e\u0442\u043e\u0439 \u043c\u043e\u0441\u0442 1 \u0434\u0435\u043d\u044c (VIP-\u0441\u043b\u0438\u043f\u0431\u0430\u0441) &#8226; \u042d\u043a\u0441\u043a\u0443\u0440\u0441\u0438\u0438 Skyline","og_description":"\u0414\u043b\u0438\u0442\u0435\u043b\u044c\u043d\u043e\u0441\u0442\u044c: 1 \u0434\u0435\u043d\u044c  \u0414\u043d\u0438 \u043f\u0440\u043e\u0432\u0435\u0434\u0435\u043d\u0438\u044f: \u0415\u0436\u0435\u0434\u043d\u0435\u0432\u043d\u043e","og_url":"https:\/\/skyline-gs.com\/de\/produkt\/danang-and-golden-bridge-nhatrang\/","og_site_name":"\u042d\u043a\u0441\u043a\u0443\u0440\u0441\u0438\u0438 Skyline","article_modified_time":"2026-04-18T14:49:47+00:00","og_image":[{"width":669,"height":446,"url":"https:\/\/skyline-gs.com\/wp-content\/uploads\/2024\/11\/b0.jpg","type":"image\/jpeg"}],"twitter_card":"summary_large_image","twitter_misc":{"Gesch\u00e4tzte Lesezeit":"3\u00a0Minuten"},"schema":{"@context":"https:\/\/schema.org","@graph":[{"@type":"WebPage","@id":"https:\/\/skyline-gs.com\/product\/danang-and-golden-bridge-nhatrang\/","url":"https:\/\/skyline-gs.com\/product\/danang-and-golden-bridge-nhatrang\/","name":"\u0414\u0430\u043d\u0430\u043d\u0433 \u0438 \u0417\u043e\u043b\u043e\u0442\u043e\u0439 \u043c\u043e\u0441\u0442 1 \u0434\u0435\u043d\u044c (VIP-\u0441\u043b\u0438\u043f\u0431\u0430\u0441) &#8226; \u042d\u043a\u0441\u043a\u0443\u0440\u0441\u0438\u0438 Skyline","isPartOf":{"@id":"https:\/\/skyline-gs.com\/it\/#website"},"primaryImageOfPage":{"@id":"https:\/\/skyline-gs.com\/product\/danang-and-golden-bridge-nhatrang\/#primaryimage"},"image":{"@id":"https:\/\/skyline-gs.com\/product\/danang-and-golden-bridge-nhatrang\/#primaryimage"},"thumbnailUrl":"https:\/\/skyline-gs.com\/wp-content\/uploads\/2024\/11\/b0.jpg","datePublished":"2024-11-16T15:08:01+00:00","dateModified":"2026-04-18T14:49:47+00:00","breadcrumb":{"@id":"https:\/\/skyline-gs.com\/product\/danang-and-golden-bridge-nhatrang\/#breadcrumb"},"inLanguage":"de","potentialAction":[{"@type":"ReadAction","target":["https:\/\/skyline-gs.com\/product\/danang-and-golden-bridge-nhatrang\/"]}]},{"@type":"ImageObject","inLanguage":"de","@id":"https:\/\/skyline-gs.com\/product\/danang-and-golden-bridge-nhatrang\/#primaryimage","url":"https:\/\/skyline-gs.com\/wp-content\/uploads\/2024\/11\/b0.jpg","contentUrl":"https:\/\/skyline-gs.com\/wp-content\/uploads\/2024\/11\/b0.jpg","width":669,"height":446},{"@type":"BreadcrumbList","@id":"https:\/\/skyline-gs.com\/product\/danang-and-golden-bridge-nhatrang\/#breadcrumb","itemListElement":[{"@type":"ListItem","position":1,"name":"\u0413\u043b\u0430\u0432\u043d\u0430\u044f \u0441\u0442\u0440\u0430\u043d\u0438\u0446\u0430","item":"https:\/\/skyline-gs.com\/hu\/"},{"@type":"ListItem","position":2,"name":"\u041c\u0430\u0433\u0430\u0437\u0438\u043d","item":"https:\/\/skyline-gs.com\/cs\/shop\/"},{"@type":"ListItem","position":3,"name":"\u0414\u0430\u043d\u0430\u043d\u0433 \u0438 \u0417\u043e\u043b\u043e\u0442\u043e\u0439 \u043c\u043e\u0441\u0442 1 \u0434\u0435\u043d\u044c (VIP-\u0441\u043b\u0438\u043f\u0431\u0430\u0441)"}]},{"@type":"WebSite","@id":"https:\/\/skyline-gs.com\/it\/#website","url":"https:\/\/skyline-gs.com\/it\/","name":"Skyline Ausfl\u00fcge","description":"Exklusive Ausfl\u00fcge in den besten Resorts der Welt","publisher":{"@id":"https:\/\/skyline-gs.com\/it\/#organization"},"alternateName":"Skyline","potentialAction":[{"@type":"SearchAction","target":{"@type":"EntryPoint","urlTemplate":"https:\/\/skyline-gs.com\/it\/?s={search_term_string}"},"query-input":{"@type":"PropertyValueSpecification","valueRequired":true,"valueName":"search_term_string"}}],"inLanguage":"de"},{"@type":"Organization","@id":"https:\/\/skyline-gs.com\/it\/#organization","name":"Skyline Ausfl\u00fcge","alternateName":"\u042d\u043a\u0441\u043a\u0443\u0440\u0441\u0438\u0438 Skyline","url":"https:\/\/skyline-gs.com\/it\/","logo":{"@type":"ImageObject","inLanguage":"de","@id":"https:\/\/skyline-gs.com\/it\/#\/schema\/logo\/image\/","url":"https:\/\/skyline-gs.com\/wp-content\/uploads\/2020\/12\/cropped-logo-2.png","contentUrl":"https:\/\/skyline-gs.com\/wp-content\/uploads\/2020\/12\/cropped-logo-2.png","width":512,"height":512,"caption":"\u042d\u043a\u0441\u043a\u0443\u0440\u0441\u0438\u0438 Skyline"},"image":{"@id":"https:\/\/skyline-gs.com\/it\/#\/schema\/logo\/image\/"},"sameAs":["https:\/\/www.instagram.com\/skylineglobalservice\/"]}]}},"_links":{"self":[{"href":"https:\/\/skyline-gs.com\/de\/wp-json\/wp\/v2\/product\/59061","targetHints":{"allow":["GET"]}}],"collection":[{"href":"https:\/\/skyline-gs.com\/de\/wp-json\/wp\/v2\/product"}],"about":[{"href":"https:\/\/skyline-gs.com\/de\/wp-json\/wp\/v2\/types\/product"}],"version-history":[{"count":0,"href":"https:\/\/skyline-gs.com\/de\/wp-json\/wp\/v2\/product\/59061\/revisions"}],"wp:featuredmedia":[{"embeddable":true,"href":"https:\/\/skyline-gs.com\/de\/wp-json\/wp\/v2\/media\/59072"}],"wp:attachment":[{"href":"https:\/\/skyline-gs.com\/de\/wp-json\/wp\/v2\/media?parent=59061"}],"wp:term":[{"taxonomy":"product_brand","embeddable":true,"href":"https:\/\/skyline-gs.com\/de\/wp-json\/wp\/v2\/product_brand?post=59061"},{"taxonomy":"product_cat","embeddable":true,"href":"https:\/\/skyline-gs.com\/de\/wp-json\/wp\/v2\/product_cat?post=59061"},{"taxonomy":"product_tag","embeddable":true,"href":"https:\/\/skyline-gs.com\/de\/wp-json\/wp\/v2\/product_tag?post=59061"}],"curies":[{"name":"wp","href":"https:\/\/api.w.org\/{rel}","templated":true}]}}