{"id":59049,"date":"2024-11-16T16:01:26","date_gmt":"2024-11-16T14:01:26","guid":{"rendered":"http:\/\/skyline-gs.com\/?post_type=product&#038;p=59049"},"modified":"2026-04-18T15:36:29","modified_gmt":"2026-04-18T13:36:29","slug":"dalat-maximum-nhatrang-2","status":"publish","type":"product","link":"https:\/\/skyline-gs.com\/de\/product\/dalat-maximum-nhatrang\/","title":{"rendered":"Dalat Maximum (Minigruppe)"},"content":{"rendered":"<p><strong>Aktie!<\/strong> \u0421 1 \u043c\u0430\u044f \u0446\u0435\u043d\u044b \u043d\u0430 \u0433\u0440\u0443\u043f\u043f\u043e\u0432\u044b\u0435 \u044d\u043a\u0441\u043a\u0443\u0440\u0441\u0438\u0438 \u0432 \u0414\u0430\u043b\u0430\u0442 <strong>\u0438\u0437\u043c\u0435\u043d\u044f\u0442\u0441\u044f:<\/strong><\/p>\n<p>&#x1f539; \u0414\u0430\u043b\u0430\u0442 \u041c\u0430\u043a\u0441\u0438\u043c\u0443\u043c \u2014 59$<br \/>\n&#x1f539; \u0414\u0430\u043b\u0430\u0442 \u0423\u043b\u044c\u0442\u0440\u0430 \u2014 69$<\/p>\n<p>\u041d\u043e \u0441\u0435\u0439\u0447\u0430\u0441 \u0434\u0435\u0439\u0441\u0442\u0432\u0443\u0435\u0442 \u0430\u043a\u0446\u0438\u044f &#x1f525;<br \/>\nUnter <strong>\u0431\u0440\u043e\u043d\u0438\u0440\u043e\u0432\u0430\u043d\u0438\u0438 \u0432 \u0442\u0435\u0447\u0435\u043d\u0438\u0435 \u0430\u043f\u0440\u0435\u043b\u044f<\/strong> \u043c\u043e\u0436\u043d\u043e \u0437\u0430\u0444\u0438\u043a\u0441\u0438\u0440\u043e\u0432\u0430\u0442\u044c <strong>\u0441\u0442\u0430\u0440\u0443\u044e \u0446\u0435\u043d\u0443<\/strong>:<\/p>\n<p>&#x2705; <strong>\u0414\u0430\u043b\u0430\u0442 \u041c\u0430\u043a\u0441\u0438\u043c\u0443\u043c \u2014 55$<\/strong><br \/>\n<strong>&#x2705; \u0414\u0430\u043b\u0430\u0442 \u0423\u043b\u044c\u0442\u0440\u0430 \u2014 66$<\/strong><\/p>\n<p>&#x1f449; \u0414\u0430\u0436\u0435 \u0435\u0441\u043b\u0438 \u043f\u043e\u0435\u0437\u0434\u043a\u0430 \u0431\u0443\u0434\u0435\u0442 \u0432 \u043c\u0430\u0435 \u0438\u043b\u0438 \u043f\u043e\u0437\u0436\u0435 \u2014 <strong>\u0446\u0435\u043d\u0430 \u0437\u0430 \u0432\u0430\u043c\u0438 \u0441\u043e\u0445\u0440\u0430\u043d\u044f\u0435\u0442\u0441\u044f.<\/strong><\/p>\n<p><em>Gr\u00f6\u00dfe der Gruppe: Bis zu 14 Personen<\/em><\/p>\n<p><strong>Dalat 1-Tages-Tour durch Dalat - Dalat Maximum<\/strong> - ist eine einzigartige Gelegenheit, in die Atmosph\u00e4re Vietnams einzutauchen, die die Frische der Berge, die exotische Natur und ungew\u00f6hnliche architektonische Wunder vereint. Dalat ist ein Ort, an dem jeder Winkel von Magie erf\u00fcllt ist: von malerischen Wasserf\u00e4llen und Kaffeeplantagen bis hin zu den seltsamsten und magischsten Geb\u00e4uden. Das Programm umfasst alle H\u00f6hepunkte dieser Wunderstadt, so dass Sie ihre ganze Sch\u00f6nheit an einem Tag genie\u00dfen k\u00f6nnen.<\/p>\n<p><strong>Reiseroute:<\/strong><\/p>\n<p><strong>5:00 - Abfahrt von Ihrer Hotellobby.<\/strong> Die Fahrt nach Dalat dauert etwa 3 Stunden, und auf dem Weg dorthin werden Sie mit spektakul\u00e4ren Ausblicken auf Berge und T\u00e4ler belohnt, die einen unvergesslichen Eindruck hinterlassen und einen gro\u00dfartigen Start in den Tag darstellen.<\/p>\n<ol>\n<li><strong>Fr\u00fchst\u00fcck im Dorf Raglai<\/strong> - Fr\u00fchst\u00fcckspause in einem Caf\u00e9 (bestellen Sie das Fr\u00fchst\u00fcck an der Rezeption Ihres Hotels, es ist kostenlos).<\/li>\n<li><strong>Khan Le Pass<\/strong> (H\u00f6he 1500 m) - Fotostopp am Dalat-Tr\u00e4nen-Wasserfall mit Panoramablick auf das malerische Tayngguyen-Plateau.<\/li>\n<li><strong>Arabica-Kaffeeplantagen<\/strong> - Ein Spaziergang durch die duftenden Kaffeeplantagen in den Kiefernw\u00e4ldern der Vororte von Dalat, wo Sie mehr \u00fcber den Anbau und die Ernte von Kaffee erfahren k\u00f6nnen.<\/li>\n<li><strong>Verr\u00fccktes Haus<\/strong> - Ein Besuch in einem einzigartigen Hotel, das mit seiner extravaganten Architektur und surrealen Atmosph\u00e4re als eines der ungew\u00f6hnlichsten Geb\u00e4ude der Welt gilt.<\/li>\n<li><strong>Lehmdorf<\/strong> (Tunnel der Kreativit\u00e4t) - interessante Kunstobjekte und die Fotozone \"Gesichter der Liebe\", die Sie inspirieren und Ihnen leuchtende Bilder liefern wird.<\/li>\n<li><strong>Seilbahn<\/strong> (2.300 Meter lang) ist eine atemberaubende Fahrt mit einem Panoramablick auf Dalat und seine Umgebung aus der Vogelperspektive.<\/li>\n<li><strong>Datanla-F\u00e4lle<\/strong> - Ein sch\u00f6ner Ort zum Spazierengehen und Fotografieren, mit der M\u00f6glichkeit, mit elektrischen Schlitten bis zum Fu\u00df des Wasserfalls hinunterzufahren.<\/li>\n<li><strong>Luwak Kaffee Farm<\/strong> - Sie erfahren, wie der ber\u00fchmte Kaffee hergestellt wird, es gibt einen Mini-Zoo, Elefanten- und Strau\u00dfenritte sowie ein ungew\u00f6hnliches Unterhaltungsprogramm - das Fangen von Krokodilen.<\/li>\n<li><strong>Linh-Phuoc-Pagode<\/strong> - ein erstaunlicher Tempel aus zerbrochenem Glas, eine 18 Meter hohe Statue aus frischen Blumen, ein Tempel des goldenen Buddha und eine Wunschglocke, in der Sie Ihre Tr\u00e4ume wahr werden lassen k\u00f6nnen.<\/li>\n<\/ol>\n<p><strong>19:00 - R\u00fcckkehr zum Hotel.<\/strong> Am Abend werden Sie voller lebhafter Eindr\u00fccke und Erinnerungen an die sch\u00f6nen Orte sein, die Sie besucht haben.<\/p>\n<p><strong>Inbegriffen:<\/strong><\/p>\n<ul>\n<li>Transfer vom Hotel und zur\u00fcck<\/li>\n<li>Englischsprachiger Reiseleiter<\/li>\n<li>Eintrittskarten<\/li>\n<li>Abendessen<\/li>\n<li>Wasser<\/li>\n<\/ul>\n<p><strong>Nicht enthalten:<\/strong><\/p>\n<ul>\n<li>Fr\u00fchst\u00fcck<\/li>\n<li>Zus\u00e4tzliche Unterhaltung (Elefanten-, Strau\u00dfen- und Elektroschlittenfahrten)<\/li>\n<li>Transfer von Hotels au\u00dferhalb der Stadt: <strong style=\"font-family: var(--global-body-font-family);\">Cam Ranh<\/strong><span style=\"font-family: var(--global-body-font-family);\">\u00a0- Aufpreis\u00a0<\/span><strong style=\"font-family: var(--global-body-font-family);\">+40$ pro Fahrzeug f\u00fcr bis zu 6 Personen<\/strong><span style=\"font-family: var(--global-body-font-family);\">\u00a0Hin- und R\u00fcckflug und\u00a0<\/span><strong style=\"font-family: var(--global-body-font-family);\">+60$ pro Fahrzeug f\u00fcr bis zu 10 Personen<\/strong><span style=\"font-family: var(--global-body-font-family);\">\u00a0beide Richtungen<\/span><\/li>\n<li>Transfer von Hotels au\u00dferhalb der Stadt:\u00a0<strong>Amiana<\/strong>\u00a0- Aufpreis\u00a0<strong>+10$ pro Fahrzeug f\u00fcr bis zu 6 Personen<\/strong>\u00a0Hin- und R\u00fcckflug und\u00a0<strong>+15$ pro Fahrzeug f\u00fcr bis zu 10 Personen<\/strong>\u00a0beide Richtungen<\/li>\n<\/ul>\n<p><strong>Nimm mit:<\/strong><\/p>\n<ul>\n<li>Fr\u00fchst\u00fcck zum Mitnehmen (Bestellung an der Hotelrezeption, es ist kostenlos)<\/li>\n<li>Warme Kleidung im Winter<\/li>\n<li>Kopfbedeckung<\/li>\n<li>Bequeme Schuhe<\/li>\n<li>Kamera<\/li>\n<\/ul>","protected":false},"excerpt":{"rendered":"<p><strong>Tourzeit:<\/strong> 5:00 \u2014 19:00<\/p>\n<p><strong>Veranstaltungstage:<\/strong> Montag, Donnerstag<\/p>","protected":false},"featured_media":59132,"template":"","meta":{"_kad_post_transparent":"default","_kad_post_title":"","_kad_post_layout":"default","_kad_post_sidebar_id":"","_kad_post_content_style":"default","_kad_post_vertical_padding":"default","_kad_post_feature":"","_kad_post_feature_position":"","_kad_post_header":false,"_kad_post_footer":false,"_kad_post_classname":"","_glsr_average":0,"_glsr_ranking":0,"_glsr_reviews":0},"product_brand":[],"product_cat":[437],"product_tag":[],"class_list":{"0":"post-59049","1":"product","2":"type-product","3":"status-publish","4":"has-post-thumbnail","6":"product_cat-nha-trang","7":"tm-has-options","9":"first","10":"instock","11":"sale","12":"sold-individually","13":"taxable","14":"shipping-taxable","15":"purchasable","16":"product-type-simple","17":"entry","18":"content-bg","19":"loop-entry"},"yoast_head":"<!-- This site is optimized with the Yoast SEO plugin v27.4 - https:\/\/yoast.com\/product\/yoast-seo-wordpress\/ -->\n<title>\u0414\u0430\u043b\u0430\u0442 Maximum (\u043c\u0438\u043d\u0438-\u0433\u0440\u0443\u043f\u043f\u0430) &#8226; \u042d\u043a\u0441\u043a\u0443\u0440\u0441\u0438\u0438 Skyline<\/title>\n<meta name=\"robots\" content=\"index, follow, max-snippet:-1, max-image-preview:large, max-video-preview:-1\" \/>\n<link rel=\"canonical\" href=\"https:\/\/skyline-gs.com\/de\/produkt\/dalat-maximum-nhatrang-2\/\" \/>\n<meta property=\"og:locale\" content=\"de_DE\" \/>\n<meta property=\"og:type\" content=\"article\" \/>\n<meta property=\"og:title\" content=\"\u0414\u0430\u043b\u0430\u0442 Maximum (\u043c\u0438\u043d\u0438-\u0433\u0440\u0443\u043f\u043f\u0430) &#8226; \u042d\u043a\u0441\u043a\u0443\u0440\u0441\u0438\u0438 Skyline\" \/>\n<meta property=\"og:description\" content=\"\u0412\u0440\u0435\u043c\u044f \u0442\u0443\u0440\u0430: 5:00 - 19:00  \u0414\u043d\u0438 \u043f\u0440\u043e\u0432\u0435\u0434\u0435\u043d\u0438\u044f: \u041f\u043e\u043d\u0435\u0434\u0435\u043b\u044c\u043d\u0438\u043a, \u0427\u0435\u0442\u0432\u0435\u0440\u0433\" \/>\n<meta property=\"og:url\" content=\"https:\/\/skyline-gs.com\/de\/produkt\/dalat-maximum-nhatrang-2\/\" \/>\n<meta property=\"og:site_name\" content=\"\u042d\u043a\u0441\u043a\u0443\u0440\u0441\u0438\u0438 Skyline\" \/>\n<meta property=\"article:modified_time\" content=\"2026-04-18T13:36:29+00:00\" \/>\n<meta property=\"og:image\" content=\"https:\/\/skyline-gs.com\/wp-content\/uploads\/2024\/11\/22.png\" \/>\n\t<meta property=\"og:image:width\" content=\"669\" \/>\n\t<meta property=\"og:image:height\" content=\"446\" \/>\n\t<meta property=\"og:image:type\" content=\"image\/png\" \/>\n<meta name=\"twitter:card\" content=\"summary_large_image\" \/>\n<meta name=\"twitter:label1\" content=\"Gesch\u00e4tzte Lesezeit\" \/>\n\t<meta name=\"twitter:data1\" content=\"3\u00a0Minuten\" \/>\n<script type=\"application\/ld+json\" class=\"yoast-schema-graph\">{\"@context\":\"https:\\\/\\\/schema.org\",\"@graph\":[{\"@type\":\"WebPage\",\"@id\":\"https:\\\/\\\/skyline-gs.com\\\/product\\\/dalat-maximum-nhatrang\\\/\",\"url\":\"https:\\\/\\\/skyline-gs.com\\\/product\\\/dalat-maximum-nhatrang\\\/\",\"name\":\"\u0414\u0430\u043b\u0430\u0442 Maximum (\u043c\u0438\u043d\u0438-\u0433\u0440\u0443\u043f\u043f\u0430) &#8226; \u042d\u043a\u0441\u043a\u0443\u0440\u0441\u0438\u0438 Skyline\",\"isPartOf\":{\"@id\":\"https:\\\/\\\/skyline-gs.com\\\/it\\\/#website\"},\"primaryImageOfPage\":{\"@id\":\"https:\\\/\\\/skyline-gs.com\\\/product\\\/dalat-maximum-nhatrang\\\/#primaryimage\"},\"image\":{\"@id\":\"https:\\\/\\\/skyline-gs.com\\\/product\\\/dalat-maximum-nhatrang\\\/#primaryimage\"},\"thumbnailUrl\":\"https:\\\/\\\/skyline-gs.com\\\/wp-content\\\/uploads\\\/2024\\\/11\\\/22.png\",\"datePublished\":\"2024-11-16T14:01:26+00:00\",\"dateModified\":\"2026-04-18T13:36:29+00:00\",\"breadcrumb\":{\"@id\":\"https:\\\/\\\/skyline-gs.com\\\/product\\\/dalat-maximum-nhatrang\\\/#breadcrumb\"},\"inLanguage\":\"de\",\"potentialAction\":[{\"@type\":\"ReadAction\",\"target\":[\"https:\\\/\\\/skyline-gs.com\\\/product\\\/dalat-maximum-nhatrang\\\/\"]}]},{\"@type\":\"ImageObject\",\"inLanguage\":\"de\",\"@id\":\"https:\\\/\\\/skyline-gs.com\\\/product\\\/dalat-maximum-nhatrang\\\/#primaryimage\",\"url\":\"https:\\\/\\\/skyline-gs.com\\\/wp-content\\\/uploads\\\/2024\\\/11\\\/22.png\",\"contentUrl\":\"https:\\\/\\\/skyline-gs.com\\\/wp-content\\\/uploads\\\/2024\\\/11\\\/22.png\",\"width\":669,\"height\":446},{\"@type\":\"BreadcrumbList\",\"@id\":\"https:\\\/\\\/skyline-gs.com\\\/product\\\/dalat-maximum-nhatrang\\\/#breadcrumb\",\"itemListElement\":[{\"@type\":\"ListItem\",\"position\":1,\"name\":\"\u0413\u043b\u0430\u0432\u043d\u0430\u044f \u0441\u0442\u0440\u0430\u043d\u0438\u0446\u0430\",\"item\":\"https:\\\/\\\/skyline-gs.com\\\/hu\\\/\"},{\"@type\":\"ListItem\",\"position\":2,\"name\":\"\u041c\u0430\u0433\u0430\u0437\u0438\u043d\",\"item\":\"https:\\\/\\\/skyline-gs.com\\\/cs\\\/shop\\\/\"},{\"@type\":\"ListItem\",\"position\":3,\"name\":\"\u0414\u0430\u043b\u0430\u0442 Maximum (\u043c\u0438\u043d\u0438-\u0433\u0440\u0443\u043f\u043f\u0430)\"}]},{\"@type\":\"WebSite\",\"@id\":\"https:\\\/\\\/skyline-gs.com\\\/it\\\/#website\",\"url\":\"https:\\\/\\\/skyline-gs.com\\\/it\\\/\",\"name\":\"\u042d\u043a\u0441\u043a\u0443\u0440\u0441\u0438\u0438 Skyline\",\"description\":\"\u042d\u043a\u0441\u043a\u043b\u044e\u0437\u0438\u0432\u043d\u044b\u0435 \u044d\u043a\u0441\u043a\u0443\u0440\u0441\u0438\u0438 \u043d\u0430 \u043b\u0443\u0447\u0448\u0438\u0445 \u043a\u0443\u0440\u043e\u0440\u0442\u0430\u0445 \u043c\u0438\u0440\u0430\",\"publisher\":{\"@id\":\"https:\\\/\\\/skyline-gs.com\\\/it\\\/#organization\"},\"alternateName\":\"Skyline\",\"potentialAction\":[{\"@type\":\"SearchAction\",\"target\":{\"@type\":\"EntryPoint\",\"urlTemplate\":\"https:\\\/\\\/skyline-gs.com\\\/it\\\/?s={search_term_string}\"},\"query-input\":{\"@type\":\"PropertyValueSpecification\",\"valueRequired\":true,\"valueName\":\"search_term_string\"}}],\"inLanguage\":\"de\"},{\"@type\":\"Organization\",\"@id\":\"https:\\\/\\\/skyline-gs.com\\\/it\\\/#organization\",\"name\":\"\u042d\u043a\u0441\u043a\u0443\u0440\u0441\u0438\u0438 Skyline\",\"alternateName\":\"\u042d\u043a\u0441\u043a\u0443\u0440\u0441\u0438\u0438 Skyline\",\"url\":\"https:\\\/\\\/skyline-gs.com\\\/it\\\/\",\"logo\":{\"@type\":\"ImageObject\",\"inLanguage\":\"de\",\"@id\":\"https:\\\/\\\/skyline-gs.com\\\/it\\\/#\\\/schema\\\/logo\\\/image\\\/\",\"url\":\"https:\\\/\\\/skyline-gs.com\\\/wp-content\\\/uploads\\\/2020\\\/12\\\/cropped-logo-2.png\",\"contentUrl\":\"https:\\\/\\\/skyline-gs.com\\\/wp-content\\\/uploads\\\/2020\\\/12\\\/cropped-logo-2.png\",\"width\":512,\"height\":512,\"caption\":\"\u042d\u043a\u0441\u043a\u0443\u0440\u0441\u0438\u0438 Skyline\"},\"image\":{\"@id\":\"https:\\\/\\\/skyline-gs.com\\\/it\\\/#\\\/schema\\\/logo\\\/image\\\/\"},\"sameAs\":[\"https:\\\/\\\/www.instagram.com\\\/skylineglobalservice\\\/\"]}]}<\/script>\n<!-- \/ Yoast SEO plugin. -->","yoast_head_json":{"title":"Dalat Maximum (Mini-Gruppe) - Skyline Excursions","robots":{"index":"index","follow":"follow","max-snippet":"max-snippet:-1","max-image-preview":"max-image-preview:large","max-video-preview":"max-video-preview:-1"},"canonical":"https:\/\/skyline-gs.com\/de\/produkt\/dalat-maximum-nhatrang-2\/","og_locale":"de_DE","og_type":"article","og_title":"\u0414\u0430\u043b\u0430\u0442 Maximum (\u043c\u0438\u043d\u0438-\u0433\u0440\u0443\u043f\u043f\u0430) &#8226; \u042d\u043a\u0441\u043a\u0443\u0440\u0441\u0438\u0438 Skyline","og_description":"\u0412\u0440\u0435\u043c\u044f \u0442\u0443\u0440\u0430: 5:00 - 19:00  \u0414\u043d\u0438 \u043f\u0440\u043e\u0432\u0435\u0434\u0435\u043d\u0438\u044f: \u041f\u043e\u043d\u0435\u0434\u0435\u043b\u044c\u043d\u0438\u043a, \u0427\u0435\u0442\u0432\u0435\u0440\u0433","og_url":"https:\/\/skyline-gs.com\/de\/produkt\/dalat-maximum-nhatrang-2\/","og_site_name":"\u042d\u043a\u0441\u043a\u0443\u0440\u0441\u0438\u0438 Skyline","article_modified_time":"2026-04-18T13:36:29+00:00","og_image":[{"width":669,"height":446,"url":"https:\/\/skyline-gs.com\/wp-content\/uploads\/2024\/11\/22.png","type":"image\/png"}],"twitter_card":"summary_large_image","twitter_misc":{"Gesch\u00e4tzte Lesezeit":"3\u00a0Minuten"},"schema":{"@context":"https:\/\/schema.org","@graph":[{"@type":"WebPage","@id":"https:\/\/skyline-gs.com\/product\/dalat-maximum-nhatrang\/","url":"https:\/\/skyline-gs.com\/product\/dalat-maximum-nhatrang\/","name":"Dalat Maximum (Mini-Gruppe) - Skyline Excursions","isPartOf":{"@id":"https:\/\/skyline-gs.com\/it\/#website"},"primaryImageOfPage":{"@id":"https:\/\/skyline-gs.com\/product\/dalat-maximum-nhatrang\/#primaryimage"},"image":{"@id":"https:\/\/skyline-gs.com\/product\/dalat-maximum-nhatrang\/#primaryimage"},"thumbnailUrl":"https:\/\/skyline-gs.com\/wp-content\/uploads\/2024\/11\/22.png","datePublished":"2024-11-16T14:01:26+00:00","dateModified":"2026-04-18T13:36:29+00:00","breadcrumb":{"@id":"https:\/\/skyline-gs.com\/product\/dalat-maximum-nhatrang\/#breadcrumb"},"inLanguage":"de","potentialAction":[{"@type":"ReadAction","target":["https:\/\/skyline-gs.com\/product\/dalat-maximum-nhatrang\/"]}]},{"@type":"ImageObject","inLanguage":"de","@id":"https:\/\/skyline-gs.com\/product\/dalat-maximum-nhatrang\/#primaryimage","url":"https:\/\/skyline-gs.com\/wp-content\/uploads\/2024\/11\/22.png","contentUrl":"https:\/\/skyline-gs.com\/wp-content\/uploads\/2024\/11\/22.png","width":669,"height":446},{"@type":"BreadcrumbList","@id":"https:\/\/skyline-gs.com\/product\/dalat-maximum-nhatrang\/#breadcrumb","itemListElement":[{"@type":"ListItem","position":1,"name":"\u0413\u043b\u0430\u0432\u043d\u0430\u044f \u0441\u0442\u0440\u0430\u043d\u0438\u0446\u0430","item":"https:\/\/skyline-gs.com\/hu\/"},{"@type":"ListItem","position":2,"name":"\u041c\u0430\u0433\u0430\u0437\u0438\u043d","item":"https:\/\/skyline-gs.com\/cs\/shop\/"},{"@type":"ListItem","position":3,"name":"\u0414\u0430\u043b\u0430\u0442 Maximum (\u043c\u0438\u043d\u0438-\u0433\u0440\u0443\u043f\u043f\u0430)"}]},{"@type":"WebSite","@id":"https:\/\/skyline-gs.com\/it\/#website","url":"https:\/\/skyline-gs.com\/it\/","name":"Skyline Ausfl\u00fcge","description":"Exklusive Ausfl\u00fcge in den besten Resorts der Welt","publisher":{"@id":"https:\/\/skyline-gs.com\/it\/#organization"},"alternateName":"Skyline","potentialAction":[{"@type":"SearchAction","target":{"@type":"EntryPoint","urlTemplate":"https:\/\/skyline-gs.com\/it\/?s={search_term_string}"},"query-input":{"@type":"PropertyValueSpecification","valueRequired":true,"valueName":"search_term_string"}}],"inLanguage":"de"},{"@type":"Organization","@id":"https:\/\/skyline-gs.com\/it\/#organization","name":"Skyline Ausfl\u00fcge","alternateName":"\u042d\u043a\u0441\u043a\u0443\u0440\u0441\u0438\u0438 Skyline","url":"https:\/\/skyline-gs.com\/it\/","logo":{"@type":"ImageObject","inLanguage":"de","@id":"https:\/\/skyline-gs.com\/it\/#\/schema\/logo\/image\/","url":"https:\/\/skyline-gs.com\/wp-content\/uploads\/2020\/12\/cropped-logo-2.png","contentUrl":"https:\/\/skyline-gs.com\/wp-content\/uploads\/2020\/12\/cropped-logo-2.png","width":512,"height":512,"caption":"\u042d\u043a\u0441\u043a\u0443\u0440\u0441\u0438\u0438 Skyline"},"image":{"@id":"https:\/\/skyline-gs.com\/it\/#\/schema\/logo\/image\/"},"sameAs":["https:\/\/www.instagram.com\/skylineglobalservice\/"]}]}},"_links":{"self":[{"href":"https:\/\/skyline-gs.com\/de\/wp-json\/wp\/v2\/product\/59049","targetHints":{"allow":["GET"]}}],"collection":[{"href":"https:\/\/skyline-gs.com\/de\/wp-json\/wp\/v2\/product"}],"about":[{"href":"https:\/\/skyline-gs.com\/de\/wp-json\/wp\/v2\/types\/product"}],"version-history":[{"count":0,"href":"https:\/\/skyline-gs.com\/de\/wp-json\/wp\/v2\/product\/59049\/revisions"}],"wp:featuredmedia":[{"embeddable":true,"href":"https:\/\/skyline-gs.com\/de\/wp-json\/wp\/v2\/media\/59132"}],"wp:attachment":[{"href":"https:\/\/skyline-gs.com\/de\/wp-json\/wp\/v2\/media?parent=59049"}],"wp:term":[{"taxonomy":"product_brand","embeddable":true,"href":"https:\/\/skyline-gs.com\/de\/wp-json\/wp\/v2\/product_brand?post=59049"},{"taxonomy":"product_cat","embeddable":true,"href":"https:\/\/skyline-gs.com\/de\/wp-json\/wp\/v2\/product_cat?post=59049"},{"taxonomy":"product_tag","embeddable":true,"href":"https:\/\/skyline-gs.com\/de\/wp-json\/wp\/v2\/product_tag?post=59049"}],"curies":[{"name":"wp","href":"https:\/\/api.w.org\/{rel}","templated":true}]}}