{"id":57527,"date":"2024-08-07T13:56:36","date_gmt":"2024-08-07T10:56:36","guid":{"rendered":"https:\/\/hurghada.skyline-gs.com\/?post_type=product&#038;p=28806"},"modified":"2025-10-21T21:23:21","modified_gmt":"2025-10-21T19:23:21","slug":"quad-bike-safari-2-hours","status":"publish","type":"product","link":"https:\/\/skyline-gs.com\/de\/product\/quad-bike-safari-2-hours\/","title":{"rendered":"Mini-Safari (2 Stunden)"},"content":{"rendered":"<p><strong>8:30 - Abreise vom Hotel<\/strong>. Die Fahrt dauert etwa 20 Minuten.<\/p>\n<ul>\n<li><strong>Kurzes Briefing:<\/strong>\u00a0Unsere erfahrenen Instruktoren geben Ihnen eine kurze Einweisung in die Sicherheit und die Bedienung der Quads, bevor Sie Ihre Tour beginnen.<\/li>\n<li><strong>Ein 45-min\u00fctiges W\u00fcstenabenteuer:<\/strong>\u00a0Eine aufregende Quad-Tour durch die W\u00fcstend\u00fcnen, bei der Sie den wahren Geist der W\u00fcste sp\u00fcren k\u00f6nnen.<\/li>\n<\/ul>\n<p><strong>10:30 - R\u00fcckkehr zum Hotel.<\/strong><\/p>\n<p><strong>Ort der Abreise:<\/strong><\/p>\n<ul>\n<li>Wir treffen uns um 8:30 Uhr am Haupteingang Ihres Hotels in Hurghada (in der N\u00e4he der Schranke).<\/li>\n<\/ul>\n<p><strong>Inbegriffen:<\/strong><\/p>\n<ul>\n<li>Transfer vom Hotel und zur\u00fcck<\/li>\n<li>F\u00fchrungsdienste<\/li>\n<li>\u041d\u0430\u043b\u043e\u0433\u0438 \u0438 \u0441\u0431\u043e\u0440\u044b<\/li>\n<\/ul>\n<p><strong>Nicht enthalten:<\/strong><\/p>\n<ul>\n<li>Zus\u00e4tzlicher Transfer von El Gouna, Sahl Hasheesh, Makadi Hotels extra +10$ hin und zur\u00fcck pro Auto f\u00fcr bis zu 6 Personen.<\/li>\n<li>Optionaler Transfer: Soma Bay und Safaga extra +20$ Hin- und R\u00fcckfahrt pro Auto bis zu 6 Personen<\/li>\n<\/ul>\n<p><strong>Was Sie mitbringen sollten:<\/strong><\/p>\n<ul>\n<li><strong>Tragen Sie bequeme Kleidung und Schuhe<\/strong>um sich w\u00e4hrend der gesamten Tour wohl zu f\u00fchlen.<\/li>\n<li><strong>Vergessen Sie nicht die Sonnencreme<\/strong>\u00a0und Kopfbedeckungen zum Schutz vor Sonnenstrahlen.<\/li>\n<li><strong>Nehmen Sie eine Flasche Wasser mit<\/strong>\u00a0Aufrechterhaltung des Wasserhaushalts unter W\u00fcstenbedingungen<\/li>\n<li><strong>Laden Sie Ihre Kameras und Telefone auf<\/strong>um die unvergesslichen Momente Ihres Abenteuers festzuhalten.<\/li>\n<\/ul>\n<p><strong>Weitere Informationen:<\/strong><\/p>\n<ul>\n<li>\u0415\u0441\u0442\u044c \u0432\u043e\u0437\u043c\u043e\u0436\u043d\u043e\u0441\u0442\u044c \u0441\u0434\u0435\u043b\u0430\u0442\u044c \u0438\u043d\u0434\u0438\u0432\u0438\u0434\u0443\u0430\u043b\u044c\u043d\u044b\u0439 \u0442\u0443\u0440, \u0442\u043e\u043b\u044c\u043a\u043e \u0434\u043b\u044f \u0432\u0430\u0441, \u0434\u043e\u043f\u043b\u0430\u0442\u0438\u0432 \u0432\u0441\u0435\u0433\u043e +14$ \u0437\u0430 \u0432\u0441\u0435\u0445<\/li>\n<li>Sie brauchen keinen F\u00fchrerschein<\/li>\n<li>Das maximale Gesamtgewicht f\u00fcr ein zweisitziges Quad betr\u00e4gt 150 kg.<\/li>\n<li>Dauer der Tour mit Transfer - 2 Stunden<\/li>\n<\/ul>","protected":false},"excerpt":{"rendered":"<p><strong>Tourzeit:<\/strong> 8:30 &#8212; 10:30<\/p>\n<p><strong>Veranstaltungstage:<\/strong> T\u00e4glich<\/p>","protected":false},"featured_media":57703,"template":"","meta":{"_kad_post_transparent":"default","_kad_post_title":"","_kad_post_layout":"default","_kad_post_sidebar_id":"","_kad_post_content_style":"default","_kad_post_vertical_padding":"default","_kad_post_feature":"","_kad_post_feature_position":"","_kad_post_header":false,"_kad_post_footer":false,"_kad_post_classname":"","_glsr_average":0,"_glsr_ranking":0,"_glsr_reviews":0},"product_brand":[],"product_cat":[480,479],"product_tag":[511],"class_list":{"0":"post-57527","1":"product","2":"type-product","3":"status-publish","4":"has-post-thumbnail","6":"product_cat-individual-tours-hurghada","7":"product_cat-hurghadatours","8":"product_tag-511","9":"tm-has-options","11":"first","12":"instock","13":"sold-individually","14":"taxable","15":"shipping-taxable","16":"purchasable","17":"product-type-simple","18":"entry","19":"content-bg","20":"loop-entry"},"yoast_head":"<!-- This site is optimized with the Yoast SEO plugin v27.3 - https:\/\/yoast.com\/product\/yoast-seo-wordpress\/ -->\n<title>\u041c\u0438\u043d\u0438 \u0441\u0430\u0444\u0430\u0440\u0438 (2 \u0447\u0430\u0441\u0430) &#8226; \u042d\u043a\u0441\u043a\u0443\u0440\u0441\u0438\u0438 Skyline<\/title>\n<meta name=\"robots\" content=\"index, follow, max-snippet:-1, max-image-preview:large, max-video-preview:-1\" \/>\n<link rel=\"canonical\" href=\"https:\/\/skyline-gs.com\/de\/produkt\/quad-bike-safari-2-hours\/\" \/>\n<meta property=\"og:locale\" content=\"de_DE\" \/>\n<meta property=\"og:type\" content=\"article\" \/>\n<meta property=\"og:title\" content=\"\u041c\u0438\u043d\u0438 \u0441\u0430\u0444\u0430\u0440\u0438 (2 \u0447\u0430\u0441\u0430) &#8226; \u042d\u043a\u0441\u043a\u0443\u0440\u0441\u0438\u0438 Skyline\" \/>\n<meta property=\"og:description\" content=\"\u0412\u0440\u0435\u043c\u044f \u0442\u0443\u0440\u0430: 8:30 - 10:30  \u0414\u043d\u0438 \u043f\u0440\u043e\u0432\u0435\u0434\u0435\u043d\u0438\u044f: \u0435\u0436\u0435\u0434\u043d\u0435\u0432\u043d\u043e\" \/>\n<meta property=\"og:url\" content=\"https:\/\/skyline-gs.com\/de\/produkt\/quad-bike-safari-2-hours\/\" \/>\n<meta property=\"og:site_name\" content=\"\u042d\u043a\u0441\u043a\u0443\u0440\u0441\u0438\u0438 Skyline\" \/>\n<meta property=\"article:modified_time\" content=\"2025-10-21T19:23:21+00:00\" \/>\n<meta property=\"og:image\" content=\"https:\/\/skyline-gs.com\/wp-content\/uploads\/2024\/08\/145-2024-06-09T174059.413-1.jpg\" \/>\n\t<meta property=\"og:image:width\" content=\"960\" \/>\n\t<meta property=\"og:image:height\" content=\"636\" \/>\n\t<meta property=\"og:image:type\" content=\"image\/jpeg\" \/>\n<meta name=\"twitter:card\" content=\"summary_large_image\" \/>\n<meta name=\"twitter:label1\" content=\"Gesch\u00e4tzte Lesezeit\" \/>\n\t<meta name=\"twitter:data1\" content=\"2\u00a0Minuten\" \/>\n<script type=\"application\/ld+json\" class=\"yoast-schema-graph\">{\"@context\":\"https:\\\/\\\/schema.org\",\"@graph\":[{\"@type\":\"WebPage\",\"@id\":\"https:\\\/\\\/skyline-gs.com\\\/de\\\/produkt\\\/quad-bike-safari-2-hours\\\/\",\"url\":\"https:\\\/\\\/skyline-gs.com\\\/de\\\/produkt\\\/quad-bike-safari-2-hours\\\/\",\"name\":\"\u041c\u0438\u043d\u0438 \u0441\u0430\u0444\u0430\u0440\u0438 (2 \u0447\u0430\u0441\u0430) &#8226; \u042d\u043a\u0441\u043a\u0443\u0440\u0441\u0438\u0438 Skyline\",\"isPartOf\":{\"@id\":\"https:\\\/\\\/skyline-gs.com\\\/it\\\/#website\"},\"primaryImageOfPage\":{\"@id\":\"https:\\\/\\\/skyline-gs.com\\\/de\\\/produkt\\\/quad-bike-safari-2-hours\\\/#primaryimage\"},\"image\":{\"@id\":\"https:\\\/\\\/skyline-gs.com\\\/de\\\/produkt\\\/quad-bike-safari-2-hours\\\/#primaryimage\"},\"thumbnailUrl\":\"https:\\\/\\\/skyline-gs.com\\\/wp-content\\\/uploads\\\/2024\\\/08\\\/145-2024-06-09T174059.413-1.jpg\",\"datePublished\":\"2024-08-07T10:56:36+00:00\",\"dateModified\":\"2025-10-21T19:23:21+00:00\",\"breadcrumb\":{\"@id\":\"https:\\\/\\\/skyline-gs.com\\\/de\\\/produkt\\\/quad-bike-safari-2-hours\\\/#breadcrumb\"},\"inLanguage\":\"de\",\"potentialAction\":[{\"@type\":\"ReadAction\",\"target\":[\"https:\\\/\\\/skyline-gs.com\\\/de\\\/produkt\\\/quad-bike-safari-2-hours\\\/\"]}]},{\"@type\":\"ImageObject\",\"inLanguage\":\"de\",\"@id\":\"https:\\\/\\\/skyline-gs.com\\\/de\\\/produkt\\\/quad-bike-safari-2-hours\\\/#primaryimage\",\"url\":\"https:\\\/\\\/skyline-gs.com\\\/wp-content\\\/uploads\\\/2024\\\/08\\\/145-2024-06-09T174059.413-1.jpg\",\"contentUrl\":\"https:\\\/\\\/skyline-gs.com\\\/wp-content\\\/uploads\\\/2024\\\/08\\\/145-2024-06-09T174059.413-1.jpg\",\"width\":960,\"height\":636},{\"@type\":\"BreadcrumbList\",\"@id\":\"https:\\\/\\\/skyline-gs.com\\\/de\\\/produkt\\\/quad-bike-safari-2-hours\\\/#breadcrumb\",\"itemListElement\":[{\"@type\":\"ListItem\",\"position\":1,\"name\":\"\u0413\u043b\u0430\u0432\u043d\u0430\u044f \u0441\u0442\u0440\u0430\u043d\u0438\u0446\u0430\",\"item\":\"https:\\\/\\\/skyline-gs.com\\\/hu\\\/\"},{\"@type\":\"ListItem\",\"position\":2,\"name\":\"\u041c\u0430\u0433\u0430\u0437\u0438\u043d\",\"item\":\"https:\\\/\\\/skyline-gs.com\\\/cs\\\/shop\\\/\"},{\"@type\":\"ListItem\",\"position\":3,\"name\":\"\u041c\u0438\u043d\u0438 \u0441\u0430\u0444\u0430\u0440\u0438 (2 \u0447\u0430\u0441\u0430)\"}]},{\"@type\":\"WebSite\",\"@id\":\"https:\\\/\\\/skyline-gs.com\\\/it\\\/#website\",\"url\":\"https:\\\/\\\/skyline-gs.com\\\/it\\\/\",\"name\":\"\u042d\u043a\u0441\u043a\u0443\u0440\u0441\u0438\u0438 Skyline\",\"description\":\"\u042d\u043a\u0441\u043a\u043b\u044e\u0437\u0438\u0432\u043d\u044b\u0435 \u044d\u043a\u0441\u043a\u0443\u0440\u0441\u0438\u0438 \u043d\u0430 \u043b\u0443\u0447\u0448\u0438\u0445 \u043a\u0443\u0440\u043e\u0440\u0442\u0430\u0445 \u043c\u0438\u0440\u0430\",\"publisher\":{\"@id\":\"https:\\\/\\\/skyline-gs.com\\\/it\\\/#organization\"},\"alternateName\":\"Skyline\",\"potentialAction\":[{\"@type\":\"SearchAction\",\"target\":{\"@type\":\"EntryPoint\",\"urlTemplate\":\"https:\\\/\\\/skyline-gs.com\\\/it\\\/?s={search_term_string}\"},\"query-input\":{\"@type\":\"PropertyValueSpecification\",\"valueRequired\":true,\"valueName\":\"search_term_string\"}}],\"inLanguage\":\"de\"},{\"@type\":\"Organization\",\"@id\":\"https:\\\/\\\/skyline-gs.com\\\/it\\\/#organization\",\"name\":\"\u042d\u043a\u0441\u043a\u0443\u0440\u0441\u0438\u0438 Skyline\",\"alternateName\":\"\u042d\u043a\u0441\u043a\u0443\u0440\u0441\u0438\u0438 Skyline\",\"url\":\"https:\\\/\\\/skyline-gs.com\\\/it\\\/\",\"logo\":{\"@type\":\"ImageObject\",\"inLanguage\":\"de\",\"@id\":\"https:\\\/\\\/skyline-gs.com\\\/it\\\/#\\\/schema\\\/logo\\\/image\\\/\",\"url\":\"https:\\\/\\\/skyline-gs.com\\\/wp-content\\\/uploads\\\/2020\\\/12\\\/cropped-logo-2.png\",\"contentUrl\":\"https:\\\/\\\/skyline-gs.com\\\/wp-content\\\/uploads\\\/2020\\\/12\\\/cropped-logo-2.png\",\"width\":512,\"height\":512,\"caption\":\"\u042d\u043a\u0441\u043a\u0443\u0440\u0441\u0438\u0438 Skyline\"},\"image\":{\"@id\":\"https:\\\/\\\/skyline-gs.com\\\/it\\\/#\\\/schema\\\/logo\\\/image\\\/\"},\"sameAs\":[\"https:\\\/\\\/www.instagram.com\\\/skylineglobalservice\\\/\"]}]}<\/script>\n<!-- \/ Yoast SEO plugin. -->","yoast_head_json":{"title":"\u041c\u0438\u043d\u0438 \u0441\u0430\u0444\u0430\u0440\u0438 (2 \u0447\u0430\u0441\u0430) &#8226; \u042d\u043a\u0441\u043a\u0443\u0440\u0441\u0438\u0438 Skyline","robots":{"index":"index","follow":"follow","max-snippet":"max-snippet:-1","max-image-preview":"max-image-preview:large","max-video-preview":"max-video-preview:-1"},"canonical":"https:\/\/skyline-gs.com\/de\/produkt\/quad-bike-safari-2-hours\/","og_locale":"de_DE","og_type":"article","og_title":"\u041c\u0438\u043d\u0438 \u0441\u0430\u0444\u0430\u0440\u0438 (2 \u0447\u0430\u0441\u0430) &#8226; \u042d\u043a\u0441\u043a\u0443\u0440\u0441\u0438\u0438 Skyline","og_description":"\u0412\u0440\u0435\u043c\u044f \u0442\u0443\u0440\u0430: 8:30 - 10:30  \u0414\u043d\u0438 \u043f\u0440\u043e\u0432\u0435\u0434\u0435\u043d\u0438\u044f: \u0435\u0436\u0435\u0434\u043d\u0435\u0432\u043d\u043e","og_url":"https:\/\/skyline-gs.com\/de\/produkt\/quad-bike-safari-2-hours\/","og_site_name":"\u042d\u043a\u0441\u043a\u0443\u0440\u0441\u0438\u0438 Skyline","article_modified_time":"2025-10-21T19:23:21+00:00","og_image":[{"width":960,"height":636,"url":"https:\/\/skyline-gs.com\/wp-content\/uploads\/2024\/08\/145-2024-06-09T174059.413-1.jpg","type":"image\/jpeg"}],"twitter_card":"summary_large_image","twitter_misc":{"Gesch\u00e4tzte Lesezeit":"2\u00a0Minuten"},"schema":{"@context":"https:\/\/schema.org","@graph":[{"@type":"WebPage","@id":"https:\/\/skyline-gs.com\/de\/produkt\/quad-bike-safari-2-hours\/","url":"https:\/\/skyline-gs.com\/de\/produkt\/quad-bike-safari-2-hours\/","name":"\u041c\u0438\u043d\u0438 \u0441\u0430\u0444\u0430\u0440\u0438 (2 \u0447\u0430\u0441\u0430) &#8226; \u042d\u043a\u0441\u043a\u0443\u0440\u0441\u0438\u0438 Skyline","isPartOf":{"@id":"https:\/\/skyline-gs.com\/it\/#website"},"primaryImageOfPage":{"@id":"https:\/\/skyline-gs.com\/de\/produkt\/quad-bike-safari-2-hours\/#primaryimage"},"image":{"@id":"https:\/\/skyline-gs.com\/de\/produkt\/quad-bike-safari-2-hours\/#primaryimage"},"thumbnailUrl":"https:\/\/skyline-gs.com\/wp-content\/uploads\/2024\/08\/145-2024-06-09T174059.413-1.jpg","datePublished":"2024-08-07T10:56:36+00:00","dateModified":"2025-10-21T19:23:21+00:00","breadcrumb":{"@id":"https:\/\/skyline-gs.com\/de\/produkt\/quad-bike-safari-2-hours\/#breadcrumb"},"inLanguage":"de","potentialAction":[{"@type":"ReadAction","target":["https:\/\/skyline-gs.com\/de\/produkt\/quad-bike-safari-2-hours\/"]}]},{"@type":"ImageObject","inLanguage":"de","@id":"https:\/\/skyline-gs.com\/de\/produkt\/quad-bike-safari-2-hours\/#primaryimage","url":"https:\/\/skyline-gs.com\/wp-content\/uploads\/2024\/08\/145-2024-06-09T174059.413-1.jpg","contentUrl":"https:\/\/skyline-gs.com\/wp-content\/uploads\/2024\/08\/145-2024-06-09T174059.413-1.jpg","width":960,"height":636},{"@type":"BreadcrumbList","@id":"https:\/\/skyline-gs.com\/de\/produkt\/quad-bike-safari-2-hours\/#breadcrumb","itemListElement":[{"@type":"ListItem","position":1,"name":"\u0413\u043b\u0430\u0432\u043d\u0430\u044f \u0441\u0442\u0440\u0430\u043d\u0438\u0446\u0430","item":"https:\/\/skyline-gs.com\/hu\/"},{"@type":"ListItem","position":2,"name":"\u041c\u0430\u0433\u0430\u0437\u0438\u043d","item":"https:\/\/skyline-gs.com\/cs\/shop\/"},{"@type":"ListItem","position":3,"name":"\u041c\u0438\u043d\u0438 \u0441\u0430\u0444\u0430\u0440\u0438 (2 \u0447\u0430\u0441\u0430)"}]},{"@type":"WebSite","@id":"https:\/\/skyline-gs.com\/it\/#website","url":"https:\/\/skyline-gs.com\/it\/","name":"Skyline Ausfl\u00fcge","description":"Exklusive Ausfl\u00fcge in den besten Resorts der Welt","publisher":{"@id":"https:\/\/skyline-gs.com\/it\/#organization"},"alternateName":"Skyline","potentialAction":[{"@type":"SearchAction","target":{"@type":"EntryPoint","urlTemplate":"https:\/\/skyline-gs.com\/it\/?s={search_term_string}"},"query-input":{"@type":"PropertyValueSpecification","valueRequired":true,"valueName":"search_term_string"}}],"inLanguage":"de"},{"@type":"Organization","@id":"https:\/\/skyline-gs.com\/it\/#organization","name":"Skyline Ausfl\u00fcge","alternateName":"\u042d\u043a\u0441\u043a\u0443\u0440\u0441\u0438\u0438 Skyline","url":"https:\/\/skyline-gs.com\/it\/","logo":{"@type":"ImageObject","inLanguage":"de","@id":"https:\/\/skyline-gs.com\/it\/#\/schema\/logo\/image\/","url":"https:\/\/skyline-gs.com\/wp-content\/uploads\/2020\/12\/cropped-logo-2.png","contentUrl":"https:\/\/skyline-gs.com\/wp-content\/uploads\/2020\/12\/cropped-logo-2.png","width":512,"height":512,"caption":"\u042d\u043a\u0441\u043a\u0443\u0440\u0441\u0438\u0438 Skyline"},"image":{"@id":"https:\/\/skyline-gs.com\/it\/#\/schema\/logo\/image\/"},"sameAs":["https:\/\/www.instagram.com\/skylineglobalservice\/"]}]}},"_links":{"self":[{"href":"https:\/\/skyline-gs.com\/de\/wp-json\/wp\/v2\/product\/57527","targetHints":{"allow":["GET"]}}],"collection":[{"href":"https:\/\/skyline-gs.com\/de\/wp-json\/wp\/v2\/product"}],"about":[{"href":"https:\/\/skyline-gs.com\/de\/wp-json\/wp\/v2\/types\/product"}],"version-history":[{"count":0,"href":"https:\/\/skyline-gs.com\/de\/wp-json\/wp\/v2\/product\/57527\/revisions"}],"wp:featuredmedia":[{"embeddable":true,"href":"https:\/\/skyline-gs.com\/de\/wp-json\/wp\/v2\/media\/57703"}],"wp:attachment":[{"href":"https:\/\/skyline-gs.com\/de\/wp-json\/wp\/v2\/media?parent=57527"}],"wp:term":[{"taxonomy":"product_brand","embeddable":true,"href":"https:\/\/skyline-gs.com\/de\/wp-json\/wp\/v2\/product_brand?post=57527"},{"taxonomy":"product_cat","embeddable":true,"href":"https:\/\/skyline-gs.com\/de\/wp-json\/wp\/v2\/product_cat?post=57527"},{"taxonomy":"product_tag","embeddable":true,"href":"https:\/\/skyline-gs.com\/de\/wp-json\/wp\/v2\/product_tag?post=57527"}],"curies":[{"name":"wp","href":"https:\/\/api.w.org\/{rel}","templated":true}]}}