{"id":57507,"date":"2021-06-02T17:13:26","date_gmt":"2021-06-02T14:13:26","guid":{"rendered":"https:\/\/hurghada.skyline-gs.com\/?post_type=product&#038;p=22940"},"modified":"2025-11-08T11:50:33","modified_gmt":"2025-11-08T09:50:33","slug":"luxor-valley-of-the-kings","status":"publish","type":"product","link":"https:\/\/skyline-gs.com\/de\/product\/luxor-valley-of-the-kings\/","title":{"rendered":"Luxor und das Tal der K\u00f6nige +2 $ Rabatt auf einen weiteren Ausflug"},"content":{"rendered":"<p data-start=\"87\" data-end=\"230\" class=\"translation-block\"><p>\ud83c\udf89 <strong>Aktion!<\/strong><\/p>\n<p>Beim Kauf <strong>eines beliebigen Programms in Luxor<\/strong> erhalten Sie <strong>$2 Rabatt pro Person<\/strong> auf <strong>jede n\u00e4chste Exkursion in Hurghada!<\/strong><\/p><\/p>\n<p data-start=\"232\" data-end=\"275\">Reisen Sie mehr \u2014 zahlen Sie weniger\u00a0<img decoding=\"async\" class=\"emoji\" role=\"img\" draggable=\"false\" src=\"https:\/\/s.w.org\/images\/core\/emoji\/16.0.1\/svg\/1f334.svg\" alt=\"\" \/><img decoding=\"async\" class=\"emoji\" role=\"img\" draggable=\"false\" src=\"https:\/\/s.w.org\/images\/core\/emoji\/16.0.1\/svg\/2728.svg\" alt=\"\u2728\" \/><\/p>\n<p>4.30 Uhr Abfahrt vom Hotel. Eine einfache Fahrt dauert etwa 4,5 Stunden. 8:30 Ankunft im Niltal und Besichtigung des wahren Lebens \u00c4gyptens. 09:30 Ankunft in Luxor. Nach der Ankunft in Luxor beginnt der erste Teil des Programms \u201eCity of the Living\u201c, das sich am Ostufer des Nils befindet. Besuchen Sie den Tempel von Karnak\nkurz ist das gr\u00f6\u00dfte architektonische Bauwerk der Antike und eine der gr\u00f6\u00dften Tempelanlagen der Welt. Der Karnak-Tempel wurde von mehr als einem Pharao und sogar mehr als einer Dynastie erbaut, etwa 30 Pharaonen trugen zur Schaffung des Komplexes bei und f\u00fcgten Tempel, Pylone, Kapellen und Obelisken hinzu, die den G\u00f6ttern von Theben gewidmet waren.\nDer Karnak-Tempel besteht aus drei gro\u00dfen Strukturen, mehreren kleineren Tempeln, die sich im Hauptbereich befinden. Mittagessen in einem Buffetrestaurant (Getr\u00e4nke nicht inbegriffen).<\/p>\n<p>Anschlie\u00dfend fahren Sie mit dem Boot auf dem Nil zum Westufer in die Stadt der Toten, wo Sie den zweiten Teil des Programms haben. Besuche im Westjordanland und Valley of the Dead. Zuerst treffen Sie auf die Kolosse von Memnon, zwei riesige Statuen mit einer H\u00f6he von 18 Metern und einem Gewicht von jeweils mehr als 700 Tonnen. Fahren Sie durch das Tal der Toten und besuchen Sie den Tempel der K\u00f6nigin Hatschepsut.\nDas architektonische Hauptmerkmal dieses monumentalen Bauwerks sind 3 \u00fcbereinander liegende Terrassen, die jeweils einen offenen Innenhof, \u00fcberdachte R\u00e4ume mit Pilastern und in den Tiefen des Berges verborgene Heiligt\u00fcmer beherbergten. Hatschepsut ist eine der ber\u00fchmtesten Figuren in der Geschichte des alten \u00c4gypten.\nDie Geschichte des alten \u00c4gypten erw\u00e4hnt sie als die Eiserne Herrscherin. Ein Besuch im Tal der K\u00f6nige ist eine felsige Schlucht in \u00c4gypten, wo w\u00e4hrend der Zeit des Neuen Reiches Gr\u00e4ber f\u00fcr die Pharaonen sowie f\u00fcr eine Reihe ihrer hochrangigen Beamten und Verwandten errichtet wurden. In unserer Zeit ist das Tal der K\u00f6nige durch die Entdeckung des Grabes des Pharaos Tutanchamun popul\u00e4r geworden.\nDie Gesamtzahl der Gr\u00e4ber im Tal der K\u00f6nige betr\u00e4gt mehr als 60. Danach machen Sie einen Spaziergang entlang des Nils mit einem Besuch der Bananeninsel (optional gegen eine zus\u00e4tzliche Geb\u00fchr - 10\u20ac). Ende der Tour und R\u00fcckfahrt. 22:00 R\u00fcckkehr zum Hotel.<\/p>\n<p><strong>Inbegriffen:<\/strong><\/p>\n<ul>\n<li>Transfer vom Hotel und zur\u00fcck<\/li>\n<li>Transfer laut Programm in einem modernen Bus mit Klimaanlage und Toilette<\/li>\n<li>Deutschsprachiger Reiseleiter \u00c4gyptologe<\/li>\n<li>Eintrittskarten<\/li>\n<li>Besuch im Tal der K\u00f6nige<\/li>\n<li>Mittagessen in einem restaurant in Luxor<\/li>\n<\/ul>\n<p><strong>Nicht enthalten:<\/strong><\/p>\n<ul>\n<li>Abholung von Hotels au\u00dferhalb der Stadt: Aufpreis f\u00fcr El Gouna und Sahl Hasheesh +10\u20ac Hin- und R\u00fcckfahrt (pro Auto bis zu 6 Personen)<\/li>\n<li>Transfer von Landhotels: Soma Bay Kempinski und Sheraton Aufpreis +15\u20ac in beide Richtungen (pro Auto bis 6 Personen)<\/li>\n<li>Besuch der Bananeninsel +10$ pro Person (optional, vor Ort zu zahlen)<\/li>\n<li>Getr\u00e4nke w\u00e4hrend des mittagessens<\/li>\n<\/ul>\n<p><strong>Nimm mit:<\/strong><\/p>\n<ul>\n<li>Der Pass<\/li>\n<li>Kopfbedeckung<\/li>\n<li>Geld f\u00fcr pers\u00f6nliche Ausgaben und Souvenirs<\/li>\n<li>K\u00f6rperpflegeprodukte<\/li>\n<li>Wasser trinken<\/li>\n<li>Morgensnack (erkl\u00e4ren Sie an der Hotelrezeption, dass Sie fr\u00fch morgens einen Ausflug unternehmen und eine Lunchbox vorbereiten m\u00fcssen, die Hotels bieten diesen Service kostenlos an)<\/li>\n<li>Bequeme Schuhe<\/li>\n<li>Warme Kleidung f\u00fcr unterwegs (im Winter)<\/li>\n<\/ul>","protected":false},"excerpt":{"rendered":"<p><strong>Dauer:<\/strong> 4:30 - 22:00<\/p>\n<p><strong>Veranstaltungstage:<\/strong> Montag, Dienstag, Donnerstag, Freitag, Samstag.<\/p>","protected":false},"featured_media":20189,"template":"","meta":{"_kad_post_transparent":"default","_kad_post_title":"","_kad_post_layout":"default","_kad_post_sidebar_id":"","_kad_post_content_style":"default","_kad_post_vertical_padding":"default","_kad_post_feature":"","_kad_post_feature_position":"","_kad_post_header":false,"_kad_post_footer":false,"_kad_post_classname":"","_glsr_average":0,"_glsr_ranking":0,"_glsr_reviews":0},"product_brand":[],"product_cat":[479],"product_tag":[],"class_list":{"0":"post-57507","1":"product","2":"type-product","3":"status-publish","4":"has-post-thumbnail","6":"product_cat-hurghadatours","7":"tm-has-options","9":"first","10":"instock","11":"sold-individually","12":"taxable","13":"shipping-taxable","14":"purchasable","15":"product-type-simple","16":"entry","17":"content-bg","18":"loop-entry"},"yoast_head":"<!-- This site is optimized with the Yoast SEO plugin v27.4 - https:\/\/yoast.com\/product\/yoast-seo-wordpress\/ -->\n<title>\u041b\u0443\u043a\u0441\u043e\u0440 \u0438 \u0414\u043e\u043b\u0438\u043d\u0430 \u0426\u0430\u0440\u0435\u0439 +2$ \u0441\u043a\u0438\u0434\u043a\u0430 \u043d\u0430 \u0434\u0440\u0443\u0433\u0443\u044e \u044d\u043a\u0441\u043a\u0443\u0440\u0441\u0438\u044e &#8226; \u042d\u043a\u0441\u043a\u0443\u0440\u0441\u0438\u0438 Skyline<\/title>\n<meta name=\"robots\" content=\"index, follow, max-snippet:-1, max-image-preview:large, max-video-preview:-1\" \/>\n<link rel=\"canonical\" href=\"https:\/\/skyline-gs.com\/de\/produkt\/luxor-valley-of-the-kings\/\" \/>\n<meta property=\"og:locale\" content=\"de_DE\" \/>\n<meta property=\"og:type\" content=\"article\" \/>\n<meta property=\"og:title\" content=\"\u041b\u0443\u043a\u0441\u043e\u0440 \u0438 \u0414\u043e\u043b\u0438\u043d\u0430 \u0426\u0430\u0440\u0435\u0439 +2$ \u0441\u043a\u0438\u0434\u043a\u0430 \u043d\u0430 \u0434\u0440\u0443\u0433\u0443\u044e \u044d\u043a\u0441\u043a\u0443\u0440\u0441\u0438\u044e &#8226; \u042d\u043a\u0441\u043a\u0443\u0440\u0441\u0438\u0438 Skyline\" \/>\n<meta property=\"og:description\" content=\"\u0414\u043b\u0438\u0442\u0435\u043b\u044c\u043d\u043e\u0441\u0442\u044c: 4:30 - 22:00  \u0414\u043d\u0438 \u043f\u0440\u043e\u0432\u0435\u0434\u0435\u043d\u0438\u044f: \u041f\u043e\u043d\u0435\u0434\u0435\u043b\u044c\u043d\u0438\u043a, \u0412\u0442\u043e\u0440\u043d\u0438\u043a, \u0427\u0435\u0442\u0432\u0435\u0440\u0433, \u041f\u044f\u0442\u043d\u0438\u0446\u0430, \u0421\u0443\u0431\u0431\u043e\u0442\u0430\" \/>\n<meta property=\"og:url\" content=\"https:\/\/skyline-gs.com\/de\/produkt\/luxor-valley-of-the-kings\/\" \/>\n<meta property=\"og:site_name\" content=\"\u042d\u043a\u0441\u043a\u0443\u0440\u0441\u0438\u0438 Skyline\" \/>\n<meta property=\"article:modified_time\" content=\"2025-11-08T09:50:33+00:00\" \/>\n<meta property=\"og:image\" content=\"https:\/\/skyline-gs.com\/wp-content\/uploads\/2021\/04\/ff-1-1.jpg\" \/>\n\t<meta property=\"og:image:width\" content=\"669\" \/>\n\t<meta property=\"og:image:height\" content=\"446\" \/>\n\t<meta property=\"og:image:type\" content=\"image\/jpeg\" \/>\n<meta name=\"twitter:card\" content=\"summary_large_image\" \/>\n<meta name=\"twitter:label1\" content=\"Gesch\u00e4tzte Lesezeit\" \/>\n\t<meta name=\"twitter:data1\" content=\"4\u00a0Minuten\" \/>\n<script type=\"application\/ld+json\" class=\"yoast-schema-graph\">{\"@context\":\"https:\\\/\\\/schema.org\",\"@graph\":[{\"@type\":\"WebPage\",\"@id\":\"https:\\\/\\\/skyline-gs.com\\\/product\\\/luxor-valley-of-the-kings\\\/\",\"url\":\"https:\\\/\\\/skyline-gs.com\\\/product\\\/luxor-valley-of-the-kings\\\/\",\"name\":\"\u041b\u0443\u043a\u0441\u043e\u0440 \u0438 \u0414\u043e\u043b\u0438\u043d\u0430 \u0426\u0430\u0440\u0435\u0439 +2$ \u0441\u043a\u0438\u0434\u043a\u0430 \u043d\u0430 \u0434\u0440\u0443\u0433\u0443\u044e \u044d\u043a\u0441\u043a\u0443\u0440\u0441\u0438\u044e &#8226; \u042d\u043a\u0441\u043a\u0443\u0440\u0441\u0438\u0438 Skyline\",\"isPartOf\":{\"@id\":\"https:\\\/\\\/skyline-gs.com\\\/it\\\/#website\"},\"primaryImageOfPage\":{\"@id\":\"https:\\\/\\\/skyline-gs.com\\\/product\\\/luxor-valley-of-the-kings\\\/#primaryimage\"},\"image\":{\"@id\":\"https:\\\/\\\/skyline-gs.com\\\/product\\\/luxor-valley-of-the-kings\\\/#primaryimage\"},\"thumbnailUrl\":\"https:\\\/\\\/skyline-gs.com\\\/wp-content\\\/uploads\\\/2021\\\/04\\\/ff-1-1.jpg\",\"datePublished\":\"2021-06-02T14:13:26+00:00\",\"dateModified\":\"2025-11-08T09:50:33+00:00\",\"breadcrumb\":{\"@id\":\"https:\\\/\\\/skyline-gs.com\\\/product\\\/luxor-valley-of-the-kings\\\/#breadcrumb\"},\"inLanguage\":\"de\",\"potentialAction\":[{\"@type\":\"ReadAction\",\"target\":[\"https:\\\/\\\/skyline-gs.com\\\/product\\\/luxor-valley-of-the-kings\\\/\"]}]},{\"@type\":\"ImageObject\",\"inLanguage\":\"de\",\"@id\":\"https:\\\/\\\/skyline-gs.com\\\/product\\\/luxor-valley-of-the-kings\\\/#primaryimage\",\"url\":\"https:\\\/\\\/skyline-gs.com\\\/wp-content\\\/uploads\\\/2021\\\/04\\\/ff-1-1.jpg\",\"contentUrl\":\"https:\\\/\\\/skyline-gs.com\\\/wp-content\\\/uploads\\\/2021\\\/04\\\/ff-1-1.jpg\",\"width\":669,\"height\":446},{\"@type\":\"BreadcrumbList\",\"@id\":\"https:\\\/\\\/skyline-gs.com\\\/product\\\/luxor-valley-of-the-kings\\\/#breadcrumb\",\"itemListElement\":[{\"@type\":\"ListItem\",\"position\":1,\"name\":\"\u0413\u043b\u0430\u0432\u043d\u0430\u044f \u0441\u0442\u0440\u0430\u043d\u0438\u0446\u0430\",\"item\":\"https:\\\/\\\/skyline-gs.com\\\/hu\\\/\"},{\"@type\":\"ListItem\",\"position\":2,\"name\":\"\u041c\u0430\u0433\u0430\u0437\u0438\u043d\",\"item\":\"https:\\\/\\\/skyline-gs.com\\\/cs\\\/shop\\\/\"},{\"@type\":\"ListItem\",\"position\":3,\"name\":\"\u041b\u0443\u043a\u0441\u043e\u0440 \u0438 \u0414\u043e\u043b\u0438\u043d\u0430 \u0426\u0430\u0440\u0435\u0439 +2$ \u0441\u043a\u0438\u0434\u043a\u0430 \u043d\u0430 \u0434\u0440\u0443\u0433\u0443\u044e \u044d\u043a\u0441\u043a\u0443\u0440\u0441\u0438\u044e\"}]},{\"@type\":\"WebSite\",\"@id\":\"https:\\\/\\\/skyline-gs.com\\\/it\\\/#website\",\"url\":\"https:\\\/\\\/skyline-gs.com\\\/it\\\/\",\"name\":\"\u042d\u043a\u0441\u043a\u0443\u0440\u0441\u0438\u0438 Skyline\",\"description\":\"\u042d\u043a\u0441\u043a\u043b\u044e\u0437\u0438\u0432\u043d\u044b\u0435 \u044d\u043a\u0441\u043a\u0443\u0440\u0441\u0438\u0438 \u043d\u0430 \u043b\u0443\u0447\u0448\u0438\u0445 \u043a\u0443\u0440\u043e\u0440\u0442\u0430\u0445 \u043c\u0438\u0440\u0430\",\"publisher\":{\"@id\":\"https:\\\/\\\/skyline-gs.com\\\/it\\\/#organization\"},\"alternateName\":\"Skyline\",\"potentialAction\":[{\"@type\":\"SearchAction\",\"target\":{\"@type\":\"EntryPoint\",\"urlTemplate\":\"https:\\\/\\\/skyline-gs.com\\\/it\\\/?s={search_term_string}\"},\"query-input\":{\"@type\":\"PropertyValueSpecification\",\"valueRequired\":true,\"valueName\":\"search_term_string\"}}],\"inLanguage\":\"de\"},{\"@type\":\"Organization\",\"@id\":\"https:\\\/\\\/skyline-gs.com\\\/it\\\/#organization\",\"name\":\"\u042d\u043a\u0441\u043a\u0443\u0440\u0441\u0438\u0438 Skyline\",\"alternateName\":\"\u042d\u043a\u0441\u043a\u0443\u0440\u0441\u0438\u0438 Skyline\",\"url\":\"https:\\\/\\\/skyline-gs.com\\\/it\\\/\",\"logo\":{\"@type\":\"ImageObject\",\"inLanguage\":\"de\",\"@id\":\"https:\\\/\\\/skyline-gs.com\\\/it\\\/#\\\/schema\\\/logo\\\/image\\\/\",\"url\":\"https:\\\/\\\/skyline-gs.com\\\/wp-content\\\/uploads\\\/2020\\\/12\\\/cropped-logo-2.png\",\"contentUrl\":\"https:\\\/\\\/skyline-gs.com\\\/wp-content\\\/uploads\\\/2020\\\/12\\\/cropped-logo-2.png\",\"width\":512,\"height\":512,\"caption\":\"\u042d\u043a\u0441\u043a\u0443\u0440\u0441\u0438\u0438 Skyline\"},\"image\":{\"@id\":\"https:\\\/\\\/skyline-gs.com\\\/it\\\/#\\\/schema\\\/logo\\\/image\\\/\"},\"sameAs\":[\"https:\\\/\\\/www.instagram.com\\\/skylineglobalservice\\\/\"]}]}<\/script>\n<!-- \/ Yoast SEO plugin. -->","yoast_head_json":{"title":"Luxor und das Tal der K\u00f6nige +2$ Rabatt auf eine andere Tour - Skyline Excursions","robots":{"index":"index","follow":"follow","max-snippet":"max-snippet:-1","max-image-preview":"max-image-preview:large","max-video-preview":"max-video-preview:-1"},"canonical":"https:\/\/skyline-gs.com\/de\/produkt\/luxor-valley-of-the-kings\/","og_locale":"de_DE","og_type":"article","og_title":"\u041b\u0443\u043a\u0441\u043e\u0440 \u0438 \u0414\u043e\u043b\u0438\u043d\u0430 \u0426\u0430\u0440\u0435\u0439 +2$ \u0441\u043a\u0438\u0434\u043a\u0430 \u043d\u0430 \u0434\u0440\u0443\u0433\u0443\u044e \u044d\u043a\u0441\u043a\u0443\u0440\u0441\u0438\u044e &#8226; \u042d\u043a\u0441\u043a\u0443\u0440\u0441\u0438\u0438 Skyline","og_description":"\u0414\u043b\u0438\u0442\u0435\u043b\u044c\u043d\u043e\u0441\u0442\u044c: 4:30 - 22:00  \u0414\u043d\u0438 \u043f\u0440\u043e\u0432\u0435\u0434\u0435\u043d\u0438\u044f: \u041f\u043e\u043d\u0435\u0434\u0435\u043b\u044c\u043d\u0438\u043a, \u0412\u0442\u043e\u0440\u043d\u0438\u043a, \u0427\u0435\u0442\u0432\u0435\u0440\u0433, \u041f\u044f\u0442\u043d\u0438\u0446\u0430, \u0421\u0443\u0431\u0431\u043e\u0442\u0430","og_url":"https:\/\/skyline-gs.com\/de\/produkt\/luxor-valley-of-the-kings\/","og_site_name":"\u042d\u043a\u0441\u043a\u0443\u0440\u0441\u0438\u0438 Skyline","article_modified_time":"2025-11-08T09:50:33+00:00","og_image":[{"width":669,"height":446,"url":"https:\/\/skyline-gs.com\/wp-content\/uploads\/2021\/04\/ff-1-1.jpg","type":"image\/jpeg"}],"twitter_card":"summary_large_image","twitter_misc":{"Gesch\u00e4tzte Lesezeit":"4\u00a0Minuten"},"schema":{"@context":"https:\/\/schema.org","@graph":[{"@type":"WebPage","@id":"https:\/\/skyline-gs.com\/product\/luxor-valley-of-the-kings\/","url":"https:\/\/skyline-gs.com\/product\/luxor-valley-of-the-kings\/","name":"Luxor und das Tal der K\u00f6nige +2$ Rabatt auf eine andere Tour - Skyline Excursions","isPartOf":{"@id":"https:\/\/skyline-gs.com\/it\/#website"},"primaryImageOfPage":{"@id":"https:\/\/skyline-gs.com\/product\/luxor-valley-of-the-kings\/#primaryimage"},"image":{"@id":"https:\/\/skyline-gs.com\/product\/luxor-valley-of-the-kings\/#primaryimage"},"thumbnailUrl":"https:\/\/skyline-gs.com\/wp-content\/uploads\/2021\/04\/ff-1-1.jpg","datePublished":"2021-06-02T14:13:26+00:00","dateModified":"2025-11-08T09:50:33+00:00","breadcrumb":{"@id":"https:\/\/skyline-gs.com\/product\/luxor-valley-of-the-kings\/#breadcrumb"},"inLanguage":"de","potentialAction":[{"@type":"ReadAction","target":["https:\/\/skyline-gs.com\/product\/luxor-valley-of-the-kings\/"]}]},{"@type":"ImageObject","inLanguage":"de","@id":"https:\/\/skyline-gs.com\/product\/luxor-valley-of-the-kings\/#primaryimage","url":"https:\/\/skyline-gs.com\/wp-content\/uploads\/2021\/04\/ff-1-1.jpg","contentUrl":"https:\/\/skyline-gs.com\/wp-content\/uploads\/2021\/04\/ff-1-1.jpg","width":669,"height":446},{"@type":"BreadcrumbList","@id":"https:\/\/skyline-gs.com\/product\/luxor-valley-of-the-kings\/#breadcrumb","itemListElement":[{"@type":"ListItem","position":1,"name":"\u0413\u043b\u0430\u0432\u043d\u0430\u044f \u0441\u0442\u0440\u0430\u043d\u0438\u0446\u0430","item":"https:\/\/skyline-gs.com\/hu\/"},{"@type":"ListItem","position":2,"name":"\u041c\u0430\u0433\u0430\u0437\u0438\u043d","item":"https:\/\/skyline-gs.com\/cs\/shop\/"},{"@type":"ListItem","position":3,"name":"\u041b\u0443\u043a\u0441\u043e\u0440 \u0438 \u0414\u043e\u043b\u0438\u043d\u0430 \u0426\u0430\u0440\u0435\u0439 +2$ \u0441\u043a\u0438\u0434\u043a\u0430 \u043d\u0430 \u0434\u0440\u0443\u0433\u0443\u044e \u044d\u043a\u0441\u043a\u0443\u0440\u0441\u0438\u044e"}]},{"@type":"WebSite","@id":"https:\/\/skyline-gs.com\/it\/#website","url":"https:\/\/skyline-gs.com\/it\/","name":"Skyline Ausfl\u00fcge","description":"Exklusive Ausfl\u00fcge in den besten Resorts der Welt","publisher":{"@id":"https:\/\/skyline-gs.com\/it\/#organization"},"alternateName":"Skyline","potentialAction":[{"@type":"SearchAction","target":{"@type":"EntryPoint","urlTemplate":"https:\/\/skyline-gs.com\/it\/?s={search_term_string}"},"query-input":{"@type":"PropertyValueSpecification","valueRequired":true,"valueName":"search_term_string"}}],"inLanguage":"de"},{"@type":"Organization","@id":"https:\/\/skyline-gs.com\/it\/#organization","name":"Skyline Ausfl\u00fcge","alternateName":"\u042d\u043a\u0441\u043a\u0443\u0440\u0441\u0438\u0438 Skyline","url":"https:\/\/skyline-gs.com\/it\/","logo":{"@type":"ImageObject","inLanguage":"de","@id":"https:\/\/skyline-gs.com\/it\/#\/schema\/logo\/image\/","url":"https:\/\/skyline-gs.com\/wp-content\/uploads\/2020\/12\/cropped-logo-2.png","contentUrl":"https:\/\/skyline-gs.com\/wp-content\/uploads\/2020\/12\/cropped-logo-2.png","width":512,"height":512,"caption":"\u042d\u043a\u0441\u043a\u0443\u0440\u0441\u0438\u0438 Skyline"},"image":{"@id":"https:\/\/skyline-gs.com\/it\/#\/schema\/logo\/image\/"},"sameAs":["https:\/\/www.instagram.com\/skylineglobalservice\/"]}]}},"_links":{"self":[{"href":"https:\/\/skyline-gs.com\/de\/wp-json\/wp\/v2\/product\/57507","targetHints":{"allow":["GET"]}}],"collection":[{"href":"https:\/\/skyline-gs.com\/de\/wp-json\/wp\/v2\/product"}],"about":[{"href":"https:\/\/skyline-gs.com\/de\/wp-json\/wp\/v2\/types\/product"}],"version-history":[{"count":0,"href":"https:\/\/skyline-gs.com\/de\/wp-json\/wp\/v2\/product\/57507\/revisions"}],"wp:featuredmedia":[{"embeddable":true,"href":"https:\/\/skyline-gs.com\/de\/wp-json\/wp\/v2\/media\/20189"}],"wp:attachment":[{"href":"https:\/\/skyline-gs.com\/de\/wp-json\/wp\/v2\/media?parent=57507"}],"wp:term":[{"taxonomy":"product_brand","embeddable":true,"href":"https:\/\/skyline-gs.com\/de\/wp-json\/wp\/v2\/product_brand?post=57507"},{"taxonomy":"product_cat","embeddable":true,"href":"https:\/\/skyline-gs.com\/de\/wp-json\/wp\/v2\/product_cat?post=57507"},{"taxonomy":"product_tag","embeddable":true,"href":"https:\/\/skyline-gs.com\/de\/wp-json\/wp\/v2\/product_tag?post=57507"}],"curies":[{"name":"wp","href":"https:\/\/api.w.org\/{rel}","templated":true}]}}