{"id":57506,"date":"2021-05-20T16:52:28","date_gmt":"2021-05-20T13:52:28","guid":{"rendered":"https:\/\/hurghada.skyline-gs.com\/?post_type=product&#038;p=22669"},"modified":"2024-11-07T02:41:22","modified_gmt":"2024-11-07T00:41:22","slug":"2-stunden-reiten-im-sonnenuntergang","status":"publish","type":"product","link":"https:\/\/skyline-gs.com\/de\/product\/progulka-na-loshadyah-na-zakate-2-chasa\/","title":{"rendered":"Reiten bei Sonnenuntergang 2 Stunden"},"content":{"rendered":"<div class=\"\">\n<div class=\"tour-schedule\">\n<p>15:00 Transfer vom Hotel zum Stall, wo Ihnen professionelle Instruktoren helfen, mit Ihrem Pferd in Kontakt zu kommen. Wir haben eine gro\u00dfe Auswahl an ruhigen, gelehrigen Pferden f\u00fcr Kinder und Anf\u00e4nger, sowie ausgelasseneren Pferden f\u00fcr selbstbewusste Reiter. Sie werden zu Pferd durch die W\u00fcste zum Meer reiten und am Strand entlang reiten.\nDer Weg zur\u00fcck zum Stall f\u00fchrt im Licht der untergehenden Sonne durch die W\u00fcste. Gesamtfahrzeit 2 Stunden. Dann gegen 18:30 Transfer zur\u00fcck zum Hotel.<\/p>\n<\/div>\n<\/div>\n<p><strong>Inbegriffen:<\/strong><\/p>\n<ul>\n<li>Pferde-Reiten;<\/li>\n<li>Munition und Schutz;<\/li>\n<li>Deutschsprachiger Lehrer.<\/li>\n<\/ul>\n<p><strong>Gesch\u00e4ftsbedingungen:<\/strong><\/p>\n<ul>\n<li>Kinder \u00fcber 3-4 Jahre reiten auf einem separaten Pferd zum vollen Preis;<\/li>\n<li>Das Gewicht des Fahrers darf 100 kg nicht \u00fcberschreiten.<\/li>\n<\/ul>\n<p><strong>Nicht enthalten:<\/strong><\/p>\n<ul>\n<li>Transfer vom Hotel in Hurghada - 10\u20ac, Hin- und R\u00fcckfahrt pro Auto (1 - 4 Personen)<\/li>\n<li>Transfer von den Landhotels El Gouna, Sahl Hasheesh, Makadi Bay - 15\u20ac, Hin- und R\u00fcckfahrt pro Auto (1 - 4 Personen)<\/li>\n<li>Transfer von den Landhotels Safaga, Soma Bay - 20\u20ac, Hin- und R\u00fcckfahrt pro Auto (1 - 4 Personen)<\/li>\n<\/ul>\n<p><strong>Nimm mit:<\/strong><\/p>\n<ul>\n<li>Foto-Videokamera;<\/li>\n<li>Sonnenbrille;<\/li>\n<li>Bequeme Schuhe.<\/li>\n<\/ul>","protected":false},"excerpt":{"rendered":"<p><strong>Dauer:<\/strong> 15:00 \u2014 19:00<\/p>\n<p><strong>Veranstaltungstage: <\/strong>T\u00e4glich<\/p>","protected":false},"featured_media":22661,"template":"","meta":{"_kad_post_transparent":"default","_kad_post_title":"","_kad_post_layout":"default","_kad_post_sidebar_id":"","_kad_post_content_style":"default","_kad_post_vertical_padding":"default","_kad_post_feature":"","_kad_post_feature_position":"","_kad_post_header":false,"_kad_post_footer":false,"_kad_post_classname":"","_glsr_average":0,"_glsr_ranking":0,"_glsr_reviews":0},"product_brand":[],"product_cat":[480],"product_tag":[],"class_list":{"0":"post-57506","1":"product","2":"type-product","3":"status-publish","4":"has-post-thumbnail","6":"product_cat-individual-tours-hurghada","7":"tm-has-options","9":"first","10":"instock","11":"sold-individually","12":"taxable","13":"shipping-taxable","14":"purchasable","15":"product-type-simple","16":"entry","17":"content-bg","18":"loop-entry"},"yoast_head":"<!-- This site is optimized with the Yoast SEO plugin v27.4 - https:\/\/yoast.com\/product\/yoast-seo-wordpress\/ -->\n<title>\u041f\u0440\u043e\u0433\u0443\u043b\u043a\u0430 \u043d\u0430 \u043b\u043e\u0448\u0430\u0434\u044f\u0445 \u043d\u0430 \u0437\u0430\u043a\u0430\u0442\u0435 2 \u0447\u0430\u0441\u0430 &#8226; \u042d\u043a\u0441\u043a\u0443\u0440\u0441\u0438\u0438 Skyline<\/title>\n<meta name=\"robots\" content=\"index, follow, max-snippet:-1, max-image-preview:large, max-video-preview:-1\" \/>\n<link rel=\"canonical\" href=\"http:\/\/skyline-gs.com\/de\/produkt\/2-stunden-reiten-im-sonnenuntergang\/\" \/>\n<meta property=\"og:locale\" content=\"de_DE\" \/>\n<meta property=\"og:type\" content=\"article\" \/>\n<meta property=\"og:title\" content=\"\u041f\u0440\u043e\u0433\u0443\u043b\u043a\u0430 \u043d\u0430 \u043b\u043e\u0448\u0430\u0434\u044f\u0445 \u043d\u0430 \u0437\u0430\u043a\u0430\u0442\u0435 2 \u0447\u0430\u0441\u0430 &#8226; \u042d\u043a\u0441\u043a\u0443\u0440\u0441\u0438\u0438 Skyline\" \/>\n<meta property=\"og:description\" content=\"\u0414\u043b\u0438\u0442\u0435\u043b\u044c\u043d\u043e\u0441\u0442\u044c: 15:00 - 19:00  \u0414\u043d\u0438 \u043f\u0440\u043e\u0432\u0435\u0434\u0435\u043d\u0438\u044f: \u0435\u0436\u0435\u0434\u043d\u0435\u0432\u043d\u043e\" \/>\n<meta property=\"og:url\" content=\"http:\/\/skyline-gs.com\/de\/produkt\/2-stunden-reiten-im-sonnenuntergang\/\" \/>\n<meta property=\"og:site_name\" content=\"\u042d\u043a\u0441\u043a\u0443\u0440\u0441\u0438\u0438 Skyline\" \/>\n<meta property=\"article:modified_time\" content=\"2024-11-07T00:41:22+00:00\" \/>\n<meta property=\"og:image\" content=\"https:\/\/skyline-gs.com\/wp-content\/uploads\/2021\/05\/c7.jpg\" \/>\n\t<meta property=\"og:image:width\" content=\"669\" \/>\n\t<meta property=\"og:image:height\" content=\"446\" \/>\n\t<meta property=\"og:image:type\" content=\"image\/jpeg\" \/>\n<meta name=\"twitter:card\" content=\"summary_large_image\" \/>\n<meta name=\"twitter:label1\" content=\"Gesch\u00e4tzte Lesezeit\" \/>\n\t<meta name=\"twitter:data1\" content=\"2\u00a0Minuten\" \/>\n<script type=\"application\/ld+json\" class=\"yoast-schema-graph\">{\"@context\":\"https:\\\/\\\/schema.org\",\"@graph\":[{\"@type\":\"WebPage\",\"@id\":\"http:\\\/\\\/skyline-gs.com\\\/de\\\/produkt\\\/progulka-na-loshadyah-na-zakate-2-chasa\\\/\",\"url\":\"http:\\\/\\\/skyline-gs.com\\\/de\\\/produkt\\\/progulka-na-loshadyah-na-zakate-2-chasa\\\/\",\"name\":\"\u041f\u0440\u043e\u0433\u0443\u043b\u043a\u0430 \u043d\u0430 \u043b\u043e\u0448\u0430\u0434\u044f\u0445 \u043d\u0430 \u0437\u0430\u043a\u0430\u0442\u0435 2 \u0447\u0430\u0441\u0430 &#8226; \u042d\u043a\u0441\u043a\u0443\u0440\u0441\u0438\u0438 Skyline\",\"isPartOf\":{\"@id\":\"https:\\\/\\\/skyline-gs.com\\\/it\\\/#website\"},\"primaryImageOfPage\":{\"@id\":\"http:\\\/\\\/skyline-gs.com\\\/de\\\/produkt\\\/progulka-na-loshadyah-na-zakate-2-chasa\\\/#primaryimage\"},\"image\":{\"@id\":\"http:\\\/\\\/skyline-gs.com\\\/de\\\/produkt\\\/progulka-na-loshadyah-na-zakate-2-chasa\\\/#primaryimage\"},\"thumbnailUrl\":\"https:\\\/\\\/skyline-gs.com\\\/wp-content\\\/uploads\\\/2021\\\/05\\\/c7.jpg\",\"datePublished\":\"2021-05-20T13:52:28+00:00\",\"dateModified\":\"2024-11-07T00:41:22+00:00\",\"breadcrumb\":{\"@id\":\"http:\\\/\\\/skyline-gs.com\\\/de\\\/produkt\\\/progulka-na-loshadyah-na-zakate-2-chasa\\\/#breadcrumb\"},\"inLanguage\":\"de\",\"potentialAction\":[{\"@type\":\"ReadAction\",\"target\":[\"http:\\\/\\\/skyline-gs.com\\\/de\\\/produkt\\\/progulka-na-loshadyah-na-zakate-2-chasa\\\/\"]}]},{\"@type\":\"ImageObject\",\"inLanguage\":\"de\",\"@id\":\"http:\\\/\\\/skyline-gs.com\\\/de\\\/produkt\\\/progulka-na-loshadyah-na-zakate-2-chasa\\\/#primaryimage\",\"url\":\"https:\\\/\\\/skyline-gs.com\\\/wp-content\\\/uploads\\\/2021\\\/05\\\/c7.jpg\",\"contentUrl\":\"https:\\\/\\\/skyline-gs.com\\\/wp-content\\\/uploads\\\/2021\\\/05\\\/c7.jpg\",\"width\":669,\"height\":446},{\"@type\":\"BreadcrumbList\",\"@id\":\"http:\\\/\\\/skyline-gs.com\\\/de\\\/produkt\\\/progulka-na-loshadyah-na-zakate-2-chasa\\\/#breadcrumb\",\"itemListElement\":[{\"@type\":\"ListItem\",\"position\":1,\"name\":\"\u0413\u043b\u0430\u0432\u043d\u0430\u044f \u0441\u0442\u0440\u0430\u043d\u0438\u0446\u0430\",\"item\":\"https:\\\/\\\/skyline-gs.com\\\/hu\\\/\"},{\"@type\":\"ListItem\",\"position\":2,\"name\":\"\u041c\u0430\u0433\u0430\u0437\u0438\u043d\",\"item\":\"https:\\\/\\\/skyline-gs.com\\\/cs\\\/shop\\\/\"},{\"@type\":\"ListItem\",\"position\":3,\"name\":\"\u041f\u0440\u043e\u0433\u0443\u043b\u043a\u0430 \u043d\u0430 \u043b\u043e\u0448\u0430\u0434\u044f\u0445 \u043d\u0430 \u0437\u0430\u043a\u0430\u0442\u0435 2 \u0447\u0430\u0441\u0430\"}]},{\"@type\":\"WebSite\",\"@id\":\"https:\\\/\\\/skyline-gs.com\\\/it\\\/#website\",\"url\":\"https:\\\/\\\/skyline-gs.com\\\/it\\\/\",\"name\":\"\u042d\u043a\u0441\u043a\u0443\u0440\u0441\u0438\u0438 Skyline\",\"description\":\"\u042d\u043a\u0441\u043a\u043b\u044e\u0437\u0438\u0432\u043d\u044b\u0435 \u044d\u043a\u0441\u043a\u0443\u0440\u0441\u0438\u0438 \u043d\u0430 \u043b\u0443\u0447\u0448\u0438\u0445 \u043a\u0443\u0440\u043e\u0440\u0442\u0430\u0445 \u043c\u0438\u0440\u0430\",\"publisher\":{\"@id\":\"https:\\\/\\\/skyline-gs.com\\\/it\\\/#organization\"},\"alternateName\":\"Skyline\",\"potentialAction\":[{\"@type\":\"SearchAction\",\"target\":{\"@type\":\"EntryPoint\",\"urlTemplate\":\"https:\\\/\\\/skyline-gs.com\\\/it\\\/?s={search_term_string}\"},\"query-input\":{\"@type\":\"PropertyValueSpecification\",\"valueRequired\":true,\"valueName\":\"search_term_string\"}}],\"inLanguage\":\"de\"},{\"@type\":\"Organization\",\"@id\":\"https:\\\/\\\/skyline-gs.com\\\/it\\\/#organization\",\"name\":\"\u042d\u043a\u0441\u043a\u0443\u0440\u0441\u0438\u0438 Skyline\",\"alternateName\":\"\u042d\u043a\u0441\u043a\u0443\u0440\u0441\u0438\u0438 Skyline\",\"url\":\"https:\\\/\\\/skyline-gs.com\\\/it\\\/\",\"logo\":{\"@type\":\"ImageObject\",\"inLanguage\":\"de\",\"@id\":\"https:\\\/\\\/skyline-gs.com\\\/it\\\/#\\\/schema\\\/logo\\\/image\\\/\",\"url\":\"https:\\\/\\\/skyline-gs.com\\\/wp-content\\\/uploads\\\/2020\\\/12\\\/cropped-logo-2.png\",\"contentUrl\":\"https:\\\/\\\/skyline-gs.com\\\/wp-content\\\/uploads\\\/2020\\\/12\\\/cropped-logo-2.png\",\"width\":512,\"height\":512,\"caption\":\"\u042d\u043a\u0441\u043a\u0443\u0440\u0441\u0438\u0438 Skyline\"},\"image\":{\"@id\":\"https:\\\/\\\/skyline-gs.com\\\/it\\\/#\\\/schema\\\/logo\\\/image\\\/\"},\"sameAs\":[\"https:\\\/\\\/www.instagram.com\\\/skylineglobalservice\\\/\"]}]}<\/script>\n<!-- \/ Yoast SEO plugin. -->","yoast_head_json":{"title":"Pferderitt bei Sonnenuntergang 2 Stunden \u2022 Skyline Touren","robots":{"index":"index","follow":"follow","max-snippet":"max-snippet:-1","max-image-preview":"max-image-preview:large","max-video-preview":"max-video-preview:-1"},"canonical":"http:\/\/skyline-gs.com\/de\/produkt\/2-stunden-reiten-im-sonnenuntergang\/","og_locale":"de_DE","og_type":"article","og_title":"\u041f\u0440\u043e\u0433\u0443\u043b\u043a\u0430 \u043d\u0430 \u043b\u043e\u0448\u0430\u0434\u044f\u0445 \u043d\u0430 \u0437\u0430\u043a\u0430\u0442\u0435 2 \u0447\u0430\u0441\u0430 &#8226; \u042d\u043a\u0441\u043a\u0443\u0440\u0441\u0438\u0438 Skyline","og_description":"\u0414\u043b\u0438\u0442\u0435\u043b\u044c\u043d\u043e\u0441\u0442\u044c: 15:00 - 19:00  \u0414\u043d\u0438 \u043f\u0440\u043e\u0432\u0435\u0434\u0435\u043d\u0438\u044f: \u0435\u0436\u0435\u0434\u043d\u0435\u0432\u043d\u043e","og_url":"http:\/\/skyline-gs.com\/de\/produkt\/2-stunden-reiten-im-sonnenuntergang\/","og_site_name":"\u042d\u043a\u0441\u043a\u0443\u0440\u0441\u0438\u0438 Skyline","article_modified_time":"2024-11-07T00:41:22+00:00","og_image":[{"width":669,"height":446,"url":"https:\/\/skyline-gs.com\/wp-content\/uploads\/2021\/05\/c7.jpg","type":"image\/jpeg"}],"twitter_card":"summary_large_image","twitter_misc":{"Gesch\u00e4tzte Lesezeit":"2\u00a0Minuten"},"schema":{"@context":"https:\/\/schema.org","@graph":[{"@type":"WebPage","@id":"http:\/\/skyline-gs.com\/de\/produkt\/progulka-na-loshadyah-na-zakate-2-chasa\/","url":"http:\/\/skyline-gs.com\/de\/produkt\/progulka-na-loshadyah-na-zakate-2-chasa\/","name":"Pferderitt bei Sonnenuntergang 2 Stunden \u2022 Skyline Touren","isPartOf":{"@id":"https:\/\/skyline-gs.com\/it\/#website"},"primaryImageOfPage":{"@id":"http:\/\/skyline-gs.com\/de\/produkt\/progulka-na-loshadyah-na-zakate-2-chasa\/#primaryimage"},"image":{"@id":"http:\/\/skyline-gs.com\/de\/produkt\/progulka-na-loshadyah-na-zakate-2-chasa\/#primaryimage"},"thumbnailUrl":"https:\/\/skyline-gs.com\/wp-content\/uploads\/2021\/05\/c7.jpg","datePublished":"2021-05-20T13:52:28+00:00","dateModified":"2024-11-07T00:41:22+00:00","breadcrumb":{"@id":"http:\/\/skyline-gs.com\/de\/produkt\/progulka-na-loshadyah-na-zakate-2-chasa\/#breadcrumb"},"inLanguage":"de","potentialAction":[{"@type":"ReadAction","target":["http:\/\/skyline-gs.com\/de\/produkt\/progulka-na-loshadyah-na-zakate-2-chasa\/"]}]},{"@type":"ImageObject","inLanguage":"de","@id":"http:\/\/skyline-gs.com\/de\/produkt\/progulka-na-loshadyah-na-zakate-2-chasa\/#primaryimage","url":"https:\/\/skyline-gs.com\/wp-content\/uploads\/2021\/05\/c7.jpg","contentUrl":"https:\/\/skyline-gs.com\/wp-content\/uploads\/2021\/05\/c7.jpg","width":669,"height":446},{"@type":"BreadcrumbList","@id":"http:\/\/skyline-gs.com\/de\/produkt\/progulka-na-loshadyah-na-zakate-2-chasa\/#breadcrumb","itemListElement":[{"@type":"ListItem","position":1,"name":"\u0413\u043b\u0430\u0432\u043d\u0430\u044f \u0441\u0442\u0440\u0430\u043d\u0438\u0446\u0430","item":"https:\/\/skyline-gs.com\/hu\/"},{"@type":"ListItem","position":2,"name":"\u041c\u0430\u0433\u0430\u0437\u0438\u043d","item":"https:\/\/skyline-gs.com\/cs\/shop\/"},{"@type":"ListItem","position":3,"name":"\u041f\u0440\u043e\u0433\u0443\u043b\u043a\u0430 \u043d\u0430 \u043b\u043e\u0448\u0430\u0434\u044f\u0445 \u043d\u0430 \u0437\u0430\u043a\u0430\u0442\u0435 2 \u0447\u0430\u0441\u0430"}]},{"@type":"WebSite","@id":"https:\/\/skyline-gs.com\/it\/#website","url":"https:\/\/skyline-gs.com\/it\/","name":"Skyline Ausfl\u00fcge","description":"Exklusive Ausfl\u00fcge in den besten Resorts der Welt","publisher":{"@id":"https:\/\/skyline-gs.com\/it\/#organization"},"alternateName":"Skyline","potentialAction":[{"@type":"SearchAction","target":{"@type":"EntryPoint","urlTemplate":"https:\/\/skyline-gs.com\/it\/?s={search_term_string}"},"query-input":{"@type":"PropertyValueSpecification","valueRequired":true,"valueName":"search_term_string"}}],"inLanguage":"de"},{"@type":"Organization","@id":"https:\/\/skyline-gs.com\/it\/#organization","name":"Skyline Ausfl\u00fcge","alternateName":"\u042d\u043a\u0441\u043a\u0443\u0440\u0441\u0438\u0438 Skyline","url":"https:\/\/skyline-gs.com\/it\/","logo":{"@type":"ImageObject","inLanguage":"de","@id":"https:\/\/skyline-gs.com\/it\/#\/schema\/logo\/image\/","url":"https:\/\/skyline-gs.com\/wp-content\/uploads\/2020\/12\/cropped-logo-2.png","contentUrl":"https:\/\/skyline-gs.com\/wp-content\/uploads\/2020\/12\/cropped-logo-2.png","width":512,"height":512,"caption":"\u042d\u043a\u0441\u043a\u0443\u0440\u0441\u0438\u0438 Skyline"},"image":{"@id":"https:\/\/skyline-gs.com\/it\/#\/schema\/logo\/image\/"},"sameAs":["https:\/\/www.instagram.com\/skylineglobalservice\/"]}]}},"_links":{"self":[{"href":"https:\/\/skyline-gs.com\/de\/wp-json\/wp\/v2\/product\/57506","targetHints":{"allow":["GET"]}}],"collection":[{"href":"https:\/\/skyline-gs.com\/de\/wp-json\/wp\/v2\/product"}],"about":[{"href":"https:\/\/skyline-gs.com\/de\/wp-json\/wp\/v2\/types\/product"}],"version-history":[{"count":0,"href":"https:\/\/skyline-gs.com\/de\/wp-json\/wp\/v2\/product\/57506\/revisions"}],"wp:featuredmedia":[{"embeddable":true,"href":"https:\/\/skyline-gs.com\/de\/wp-json\/wp\/v2\/media\/22661"}],"wp:attachment":[{"href":"https:\/\/skyline-gs.com\/de\/wp-json\/wp\/v2\/media?parent=57506"}],"wp:term":[{"taxonomy":"product_brand","embeddable":true,"href":"https:\/\/skyline-gs.com\/de\/wp-json\/wp\/v2\/product_brand?post=57506"},{"taxonomy":"product_cat","embeddable":true,"href":"https:\/\/skyline-gs.com\/de\/wp-json\/wp\/v2\/product_cat?post=57506"},{"taxonomy":"product_tag","embeddable":true,"href":"https:\/\/skyline-gs.com\/de\/wp-json\/wp\/v2\/product_tag?post=57506"}],"curies":[{"name":"wp","href":"https:\/\/api.w.org\/{rel}","templated":true}]}}