{"id":57501,"date":"2021-04-29T13:58:04","date_gmt":"2021-04-29T10:58:04","guid":{"rendered":"https:\/\/hurghada.skyline-gs.com\/?post_type=product&#038;p=20061"},"modified":"2026-04-12T14:29:42","modified_gmt":"2026-04-12T12:29:42","slug":"abu-simbel-2","status":"publish","type":"product","link":"https:\/\/skyline-gs.com\/de\/product\/abu-simbel\/","title":{"rendered":"Assuan und Abu Simbel 2 Tage"},"content":{"rendered":"<p><strong>Tag 1<\/strong><\/p>\n<p>5:00 Auschecken aus dem Hotel und Transfer nach Assuan. Die Fahrt wird etwa 6-7 Stunden dauern.  Der erste Punkt auf Ihrem Weg wird Assuan sein. Hier k\u00f6nnen Sie den Assuan-Staudamm besichtigen, ein Wunderwerk, das von den Ingenieuren der Sowjetunion geschaffen wurde. Mittagessen. Freie Zeit. Optionaler Besuch von Philae mit dem Tempelkomplex auf der Insel, der w\u00e4hrend der Ptolem\u00e4erzeit erbaut wurde: Tempel von Nectaneb I., \"Kiosk\" von Trajan, Tempel der G\u00f6ttin Hathor und monumentaler Tempel der G\u00f6ttin Isis (Aufpreis 20$ pro Person). \u00dcbernachtung im Hotel in Assuan.<\/p>\n<p><strong>Tag 2<\/strong><\/p>\n<p>Fr\u00fches Fr\u00fchst\u00fcck im Hotel und Abfahrt um 4 Uhr morgens nach Abu Simbel. Die Fahrt wird 3 Stunden dauern.  Abu Simbel befindet sich in der N\u00e4he der sudanesischen Grenze. Dieses Bauwerk kann in seiner Altert\u00fcmlichkeit nur von den ber\u00fchmten Gro\u00dfen Pyramiden \u00fcbertroffen werden. Erkunden Sie die sch\u00f6nsten Tempel von K\u00f6nig Ramses und seiner Frau Nefertari. Bestaunen Sie die erstaunlichsten Szenen im Inneren der Tempel. Besichtigen Sie die atemberaubenden Felsentempel von Abu Simbel am Ufer des Nassersees. Erfahren Sie mehr \u00fcber ihre Geschichte und besichtigen Sie die beeindruckenden Statuen, S\u00e4ulen und Fresken im Inneren. Fahrt nach Assuan. Mittagessen. Nach dem Mittagessen fahren wir zur\u00fcck nach Hurghada. Gegen 22:00 Uhr R\u00fcckkehr zum Hotel.<\/p>\n<p><strong>Inbegriffen:<\/strong><\/p>\n<ul>\n<li>Transfer vom Hotel und zur\u00fcck<\/li>\n<li>Alle Transfers laut Programm<\/li>\n<li>Leistungen eines deutschsprachigen Reiseleiters<\/li>\n<li>\u00dcbernachtung im Hotel in Assuan<\/li>\n<li>Mittagessen, Fr\u00fchst\u00fcck, Mittagessen<\/li>\n<\/ul>\n<p><strong>Nicht enthalten:<\/strong><\/p>\n<ul>\n<li>Besichtigung von Philae mit dem Tempelkomplex auf der Insel, der in ptolem\u00e4ischer Zeit erbaut wurde: der Tempel des Nektanebus I., der \"Kiosk\" des Trajan, der Tempel der G\u00f6ttin Hathor und der monumentale Tempel der G\u00f6ttin Isis - Aufpreis 20$ pro Person.<\/li>\n<li>Transfer von den Landhotels in El Gouna, Sahl Hasheesh, Soma Bay, Safaga und Makadi Bay - 20\u20ac f\u00fcr ein 4-Sitzer-Auto in beide Richtungen.<\/li>\n<\/ul>\n<p><strong>Nimm mit:<\/strong><\/p>\n<ul>\n<li>Der Pass<\/li>\n<li>Kopfbedeckung<\/li>\n<li>Geld f\u00fcr pers\u00f6nliche Ausgaben und Souvenirs<\/li>\n<li>K\u00f6rperpflegeprodukte<\/li>\n<li>Wasser trinken<\/li>\n<li>Morgensnack (erkl\u00e4ren Sie an der Hotelrezeption, dass Sie fr\u00fch morgens einen Ausflug unternehmen und eine Lunchbox vorbereiten m\u00fcssen, die Hotels bieten diesen Service kostenlos an)<\/li>\n<li>Bequeme Schuhe<\/li>\n<li>Warme Kleidung f\u00fcr unterwegs (im Winter)<\/li>\n<\/ul>\n<p><strong>Buchungsbedingungen:<\/strong><\/p>\n<ul>\n<li>Eine Vorauszahlung von 50$ ist erforderlich. Erstattungsf\u00e4hig bei Stornierung 2 Tage im Voraus.<\/li>\n<li>\u0415\u0441\u043b\u0438 \u0435\u0434\u0435\u0442 \u043e\u0434\u0438\u043d \u0447\u0435\u043b\u043e\u0432\u0435\u043a, \u0441\u0442\u043e\u0438\u043c\u043e\u0441\u0442\u044c \u0442\u0440\u0430\u043d\u0441\u0444\u0435\u0440\u0430 \u0441\u043e\u0441\u0442\u0430\u0432\u043b\u044f\u0435\u0442 10$.<\/li>\n<\/ul>","protected":false},"excerpt":{"rendered":"<p><strong>Dauer:<\/strong> 2 Tage<\/p>\n<p><strong>Veranstaltungstage:<\/strong> Mittwoch<\/p>","protected":false},"featured_media":20064,"template":"","meta":{"_kad_post_transparent":"default","_kad_post_title":"","_kad_post_layout":"default","_kad_post_sidebar_id":"","_kad_post_content_style":"default","_kad_post_vertical_padding":"default","_kad_post_feature":"","_kad_post_feature_position":"","_kad_post_header":false,"_kad_post_footer":false,"_kad_post_classname":"","_glsr_average":0,"_glsr_ranking":0,"_glsr_reviews":0},"product_brand":[],"product_cat":[480,479],"product_tag":[],"class_list":{"0":"post-57501","1":"product","2":"type-product","3":"status-publish","4":"has-post-thumbnail","6":"product_cat-individual-tours-hurghada","7":"product_cat-hurghadatours","8":"tm-has-options","10":"first","11":"instock","12":"sale","13":"sold-individually","14":"taxable","15":"shipping-taxable","16":"purchasable","17":"product-type-simple","18":"entry","19":"content-bg","20":"loop-entry"},"yoast_head":"<!-- This site is optimized with the Yoast SEO plugin v27.4 - https:\/\/yoast.com\/product\/yoast-seo-wordpress\/ -->\n<title>\u0410\u0441\u0443\u0430\u043d \u0438 \u0410\u0431\u0443-\u0421\u0438\u043c\u0431\u0435\u043b 2 \u0434\u043d\u044f &#8226; \u042d\u043a\u0441\u043a\u0443\u0440\u0441\u0438\u0438 Skyline<\/title>\n<meta name=\"robots\" content=\"index, follow, max-snippet:-1, max-image-preview:large, max-video-preview:-1\" \/>\n<link rel=\"canonical\" href=\"https:\/\/skyline-gs.com\/de\/produkt\/abu-simbel-2\/\" \/>\n<meta property=\"og:locale\" content=\"de_DE\" \/>\n<meta property=\"og:type\" content=\"article\" \/>\n<meta property=\"og:title\" content=\"\u0410\u0441\u0443\u0430\u043d \u0438 \u0410\u0431\u0443-\u0421\u0438\u043c\u0431\u0435\u043b 2 \u0434\u043d\u044f &#8226; \u042d\u043a\u0441\u043a\u0443\u0440\u0441\u0438\u0438 Skyline\" \/>\n<meta property=\"og:description\" content=\"\u0414\u043b\u0438\u0442\u0435\u043b\u044c\u043d\u043e\u0441\u0442\u044c: 2 \u0434\u043d\u044f  \u0414\u043d\u0438 \u043f\u0440\u043e\u0432\u0435\u0434\u0435\u043d\u0438\u044f: \u0421\u0440\u0435\u0434\u0430\" \/>\n<meta property=\"og:url\" content=\"https:\/\/skyline-gs.com\/de\/produkt\/abu-simbel-2\/\" \/>\n<meta property=\"og:site_name\" content=\"\u042d\u043a\u0441\u043a\u0443\u0440\u0441\u0438\u0438 Skyline\" \/>\n<meta property=\"article:modified_time\" content=\"2026-04-12T12:29:42+00:00\" \/>\n<meta property=\"og:image\" content=\"https:\/\/skyline-gs.com\/wp-content\/uploads\/2021\/04\/03.jpg\" \/>\n\t<meta property=\"og:image:width\" content=\"669\" \/>\n\t<meta property=\"og:image:height\" content=\"446\" \/>\n\t<meta property=\"og:image:type\" content=\"image\/jpeg\" \/>\n<meta name=\"twitter:card\" content=\"summary_large_image\" \/>\n<meta name=\"twitter:label1\" content=\"Gesch\u00e4tzte Lesezeit\" \/>\n\t<meta name=\"twitter:data1\" content=\"2\u00a0Minuten\" \/>\n<script type=\"application\/ld+json\" class=\"yoast-schema-graph\">{\"@context\":\"https:\\\/\\\/schema.org\",\"@graph\":[{\"@type\":\"WebPage\",\"@id\":\"https:\\\/\\\/skyline-gs.com\\\/product\\\/abu-simbel\\\/\",\"url\":\"https:\\\/\\\/skyline-gs.com\\\/product\\\/abu-simbel\\\/\",\"name\":\"\u0410\u0441\u0443\u0430\u043d \u0438 \u0410\u0431\u0443-\u0421\u0438\u043c\u0431\u0435\u043b 2 \u0434\u043d\u044f &#8226; \u042d\u043a\u0441\u043a\u0443\u0440\u0441\u0438\u0438 Skyline\",\"isPartOf\":{\"@id\":\"https:\\\/\\\/skyline-gs.com\\\/it\\\/#website\"},\"primaryImageOfPage\":{\"@id\":\"https:\\\/\\\/skyline-gs.com\\\/product\\\/abu-simbel\\\/#primaryimage\"},\"image\":{\"@id\":\"https:\\\/\\\/skyline-gs.com\\\/product\\\/abu-simbel\\\/#primaryimage\"},\"thumbnailUrl\":\"https:\\\/\\\/skyline-gs.com\\\/wp-content\\\/uploads\\\/2021\\\/04\\\/03.jpg\",\"datePublished\":\"2021-04-29T10:58:04+00:00\",\"dateModified\":\"2026-04-12T12:29:42+00:00\",\"breadcrumb\":{\"@id\":\"https:\\\/\\\/skyline-gs.com\\\/product\\\/abu-simbel\\\/#breadcrumb\"},\"inLanguage\":\"de\",\"potentialAction\":[{\"@type\":\"ReadAction\",\"target\":[\"https:\\\/\\\/skyline-gs.com\\\/product\\\/abu-simbel\\\/\"]}]},{\"@type\":\"ImageObject\",\"inLanguage\":\"de\",\"@id\":\"https:\\\/\\\/skyline-gs.com\\\/product\\\/abu-simbel\\\/#primaryimage\",\"url\":\"https:\\\/\\\/skyline-gs.com\\\/wp-content\\\/uploads\\\/2021\\\/04\\\/03.jpg\",\"contentUrl\":\"https:\\\/\\\/skyline-gs.com\\\/wp-content\\\/uploads\\\/2021\\\/04\\\/03.jpg\",\"width\":669,\"height\":446},{\"@type\":\"BreadcrumbList\",\"@id\":\"https:\\\/\\\/skyline-gs.com\\\/product\\\/abu-simbel\\\/#breadcrumb\",\"itemListElement\":[{\"@type\":\"ListItem\",\"position\":1,\"name\":\"\u0413\u043b\u0430\u0432\u043d\u0430\u044f \u0441\u0442\u0440\u0430\u043d\u0438\u0446\u0430\",\"item\":\"https:\\\/\\\/skyline-gs.com\\\/hu\\\/\"},{\"@type\":\"ListItem\",\"position\":2,\"name\":\"\u041c\u0430\u0433\u0430\u0437\u0438\u043d\",\"item\":\"https:\\\/\\\/skyline-gs.com\\\/cs\\\/shop\\\/\"},{\"@type\":\"ListItem\",\"position\":3,\"name\":\"\u0410\u0441\u0443\u0430\u043d \u0438 \u0410\u0431\u0443-\u0421\u0438\u043c\u0431\u0435\u043b 2 \u0434\u043d\u044f\"}]},{\"@type\":\"WebSite\",\"@id\":\"https:\\\/\\\/skyline-gs.com\\\/it\\\/#website\",\"url\":\"https:\\\/\\\/skyline-gs.com\\\/it\\\/\",\"name\":\"\u042d\u043a\u0441\u043a\u0443\u0440\u0441\u0438\u0438 Skyline\",\"description\":\"\u042d\u043a\u0441\u043a\u043b\u044e\u0437\u0438\u0432\u043d\u044b\u0435 \u044d\u043a\u0441\u043a\u0443\u0440\u0441\u0438\u0438 \u043d\u0430 \u043b\u0443\u0447\u0448\u0438\u0445 \u043a\u0443\u0440\u043e\u0440\u0442\u0430\u0445 \u043c\u0438\u0440\u0430\",\"publisher\":{\"@id\":\"https:\\\/\\\/skyline-gs.com\\\/it\\\/#organization\"},\"alternateName\":\"Skyline\",\"potentialAction\":[{\"@type\":\"SearchAction\",\"target\":{\"@type\":\"EntryPoint\",\"urlTemplate\":\"https:\\\/\\\/skyline-gs.com\\\/it\\\/?s={search_term_string}\"},\"query-input\":{\"@type\":\"PropertyValueSpecification\",\"valueRequired\":true,\"valueName\":\"search_term_string\"}}],\"inLanguage\":\"de\"},{\"@type\":\"Organization\",\"@id\":\"https:\\\/\\\/skyline-gs.com\\\/it\\\/#organization\",\"name\":\"\u042d\u043a\u0441\u043a\u0443\u0440\u0441\u0438\u0438 Skyline\",\"alternateName\":\"\u042d\u043a\u0441\u043a\u0443\u0440\u0441\u0438\u0438 Skyline\",\"url\":\"https:\\\/\\\/skyline-gs.com\\\/it\\\/\",\"logo\":{\"@type\":\"ImageObject\",\"inLanguage\":\"de\",\"@id\":\"https:\\\/\\\/skyline-gs.com\\\/it\\\/#\\\/schema\\\/logo\\\/image\\\/\",\"url\":\"https:\\\/\\\/skyline-gs.com\\\/wp-content\\\/uploads\\\/2020\\\/12\\\/cropped-logo-2.png\",\"contentUrl\":\"https:\\\/\\\/skyline-gs.com\\\/wp-content\\\/uploads\\\/2020\\\/12\\\/cropped-logo-2.png\",\"width\":512,\"height\":512,\"caption\":\"\u042d\u043a\u0441\u043a\u0443\u0440\u0441\u0438\u0438 Skyline\"},\"image\":{\"@id\":\"https:\\\/\\\/skyline-gs.com\\\/it\\\/#\\\/schema\\\/logo\\\/image\\\/\"},\"sameAs\":[\"https:\\\/\\\/www.instagram.com\\\/skylineglobalservice\\\/\"]}]}<\/script>\n<!-- \/ Yoast SEO plugin. -->","yoast_head_json":{"title":"Assuan und Abu Simbel 2 Tage - Skyline Excursions","robots":{"index":"index","follow":"follow","max-snippet":"max-snippet:-1","max-image-preview":"max-image-preview:large","max-video-preview":"max-video-preview:-1"},"canonical":"https:\/\/skyline-gs.com\/de\/produkt\/abu-simbel-2\/","og_locale":"de_DE","og_type":"article","og_title":"\u0410\u0441\u0443\u0430\u043d \u0438 \u0410\u0431\u0443-\u0421\u0438\u043c\u0431\u0435\u043b 2 \u0434\u043d\u044f &#8226; \u042d\u043a\u0441\u043a\u0443\u0440\u0441\u0438\u0438 Skyline","og_description":"\u0414\u043b\u0438\u0442\u0435\u043b\u044c\u043d\u043e\u0441\u0442\u044c: 2 \u0434\u043d\u044f  \u0414\u043d\u0438 \u043f\u0440\u043e\u0432\u0435\u0434\u0435\u043d\u0438\u044f: \u0421\u0440\u0435\u0434\u0430","og_url":"https:\/\/skyline-gs.com\/de\/produkt\/abu-simbel-2\/","og_site_name":"\u042d\u043a\u0441\u043a\u0443\u0440\u0441\u0438\u0438 Skyline","article_modified_time":"2026-04-12T12:29:42+00:00","og_image":[{"width":669,"height":446,"url":"https:\/\/skyline-gs.com\/wp-content\/uploads\/2021\/04\/03.jpg","type":"image\/jpeg"}],"twitter_card":"summary_large_image","twitter_misc":{"Gesch\u00e4tzte Lesezeit":"2\u00a0Minuten"},"schema":{"@context":"https:\/\/schema.org","@graph":[{"@type":"WebPage","@id":"https:\/\/skyline-gs.com\/product\/abu-simbel\/","url":"https:\/\/skyline-gs.com\/product\/abu-simbel\/","name":"Assuan und Abu Simbel 2 Tage - Skyline Excursions","isPartOf":{"@id":"https:\/\/skyline-gs.com\/it\/#website"},"primaryImageOfPage":{"@id":"https:\/\/skyline-gs.com\/product\/abu-simbel\/#primaryimage"},"image":{"@id":"https:\/\/skyline-gs.com\/product\/abu-simbel\/#primaryimage"},"thumbnailUrl":"https:\/\/skyline-gs.com\/wp-content\/uploads\/2021\/04\/03.jpg","datePublished":"2021-04-29T10:58:04+00:00","dateModified":"2026-04-12T12:29:42+00:00","breadcrumb":{"@id":"https:\/\/skyline-gs.com\/product\/abu-simbel\/#breadcrumb"},"inLanguage":"de","potentialAction":[{"@type":"ReadAction","target":["https:\/\/skyline-gs.com\/product\/abu-simbel\/"]}]},{"@type":"ImageObject","inLanguage":"de","@id":"https:\/\/skyline-gs.com\/product\/abu-simbel\/#primaryimage","url":"https:\/\/skyline-gs.com\/wp-content\/uploads\/2021\/04\/03.jpg","contentUrl":"https:\/\/skyline-gs.com\/wp-content\/uploads\/2021\/04\/03.jpg","width":669,"height":446},{"@type":"BreadcrumbList","@id":"https:\/\/skyline-gs.com\/product\/abu-simbel\/#breadcrumb","itemListElement":[{"@type":"ListItem","position":1,"name":"\u0413\u043b\u0430\u0432\u043d\u0430\u044f \u0441\u0442\u0440\u0430\u043d\u0438\u0446\u0430","item":"https:\/\/skyline-gs.com\/hu\/"},{"@type":"ListItem","position":2,"name":"\u041c\u0430\u0433\u0430\u0437\u0438\u043d","item":"https:\/\/skyline-gs.com\/cs\/shop\/"},{"@type":"ListItem","position":3,"name":"\u0410\u0441\u0443\u0430\u043d \u0438 \u0410\u0431\u0443-\u0421\u0438\u043c\u0431\u0435\u043b 2 \u0434\u043d\u044f"}]},{"@type":"WebSite","@id":"https:\/\/skyline-gs.com\/it\/#website","url":"https:\/\/skyline-gs.com\/it\/","name":"Skyline Ausfl\u00fcge","description":"Exklusive Ausfl\u00fcge in den besten Resorts der Welt","publisher":{"@id":"https:\/\/skyline-gs.com\/it\/#organization"},"alternateName":"Skyline","potentialAction":[{"@type":"SearchAction","target":{"@type":"EntryPoint","urlTemplate":"https:\/\/skyline-gs.com\/it\/?s={search_term_string}"},"query-input":{"@type":"PropertyValueSpecification","valueRequired":true,"valueName":"search_term_string"}}],"inLanguage":"de"},{"@type":"Organization","@id":"https:\/\/skyline-gs.com\/it\/#organization","name":"Skyline Ausfl\u00fcge","alternateName":"\u042d\u043a\u0441\u043a\u0443\u0440\u0441\u0438\u0438 Skyline","url":"https:\/\/skyline-gs.com\/it\/","logo":{"@type":"ImageObject","inLanguage":"de","@id":"https:\/\/skyline-gs.com\/it\/#\/schema\/logo\/image\/","url":"https:\/\/skyline-gs.com\/wp-content\/uploads\/2020\/12\/cropped-logo-2.png","contentUrl":"https:\/\/skyline-gs.com\/wp-content\/uploads\/2020\/12\/cropped-logo-2.png","width":512,"height":512,"caption":"\u042d\u043a\u0441\u043a\u0443\u0440\u0441\u0438\u0438 Skyline"},"image":{"@id":"https:\/\/skyline-gs.com\/it\/#\/schema\/logo\/image\/"},"sameAs":["https:\/\/www.instagram.com\/skylineglobalservice\/"]}]}},"_links":{"self":[{"href":"https:\/\/skyline-gs.com\/de\/wp-json\/wp\/v2\/product\/57501","targetHints":{"allow":["GET"]}}],"collection":[{"href":"https:\/\/skyline-gs.com\/de\/wp-json\/wp\/v2\/product"}],"about":[{"href":"https:\/\/skyline-gs.com\/de\/wp-json\/wp\/v2\/types\/product"}],"version-history":[{"count":0,"href":"https:\/\/skyline-gs.com\/de\/wp-json\/wp\/v2\/product\/57501\/revisions"}],"wp:featuredmedia":[{"embeddable":true,"href":"https:\/\/skyline-gs.com\/de\/wp-json\/wp\/v2\/media\/20064"}],"wp:attachment":[{"href":"https:\/\/skyline-gs.com\/de\/wp-json\/wp\/v2\/media?parent=57501"}],"wp:term":[{"taxonomy":"product_brand","embeddable":true,"href":"https:\/\/skyline-gs.com\/de\/wp-json\/wp\/v2\/product_brand?post=57501"},{"taxonomy":"product_cat","embeddable":true,"href":"https:\/\/skyline-gs.com\/de\/wp-json\/wp\/v2\/product_cat?post=57501"},{"taxonomy":"product_tag","embeddable":true,"href":"https:\/\/skyline-gs.com\/de\/wp-json\/wp\/v2\/product_tag?post=57501"}],"curies":[{"name":"wp","href":"https:\/\/api.w.org\/{rel}","templated":true}]}}