{"id":57499,"date":"2021-04-15T20:27:27","date_gmt":"2021-04-15T17:27:27","guid":{"rendered":"https:\/\/hurghada.skyline-gs.com\/?post_type=product&#038;p=19455"},"modified":"2026-03-12T15:18:50","modified_gmt":"2026-03-12T13:18:50","slug":"pyramids-of-giza-by-plane-hurghada","status":"publish","type":"product","link":"https:\/\/skyline-gs.com\/de\/product\/pyramids-of-giza-by-plane-hurghada\/","title":{"rendered":"Kairo und die Pyramiden von Gizeh (mit dem Flugzeug)"},"content":{"rendered":"<p>5:00 \u0432\u044b\u0435\u0437\u0434 \u0438\u0437 \u043e\u0442\u0435\u043b\u044f \u0438 \u0442\u0440\u0430\u043d\u0441\u0444\u0435\u0440 \u0432 \u0430\u044d\u0440\u043e\u043f\u043e\u0440\u0442. \u041f\u0435\u0440\u0435\u043b\u0435\u0442 \u0432 \u041a\u0430\u0438\u0440 (1 \u0447\u0430\u0441). 8:00 \u0412\u0441\u0442\u0440\u0435\u0447\u0430 \u0432 \u0430\u044d\u0440\u043e\u043f\u043e\u0440\u0442\u0443 \u0438 \u0442\u0440\u0430\u043d\u0441\u0444\u0435\u0440 \u0434\u043e \u043c\u0435\u0441\u0442\u0430 \u043d\u0430\u0447\u0430\u043b\u0430 \u044d\u043a\u0441\u043a\u0443\u0440\u0441\u0438\u0438, \u043d\u0430\u0448 \u0432\u043e\u0434\u0438\u0442\u0435\u043b\u044c \u0432\u0441\u0442\u0440\u0435\u0447\u0430\u0435\u0442 \u0441 \u0442\u0430\u0431\u043b\u0438\u0447\u043a\u043e\u0439 \u043d\u0430 \u043a\u043e\u0442\u043e\u0440\u043e\u0439 \u0431\u0443\u0434\u0443\u0442 \u0438\u043c\u0435\u043d\u0430 \u0442\u0443\u0440\u0438\u0441\u0442\u043e\u0432. 8:30 \u043d\u0430\u0447\u0430\u043b\u043e \u0442\u0443\u0440\u0430 \u0438 \u043e\u0441\u043c\u043e\u0442\u0440 \u043e\u0434\u043d\u043e\u0433\u043e \u0438\u0437 \u0441\u0430\u043c\u044b\u0445 \u0431\u043e\u043b\u044c\u0448\u0438\u0445 \u0433\u0443\u0441\u0442\u043e\u043d\u0430\u0441\u0435\u043b\u0435\u043d\u043d\u044b\u0445 \u0433\u043e\u0440\u043e\u0434\u043e\u0432 \u0410\u0444\u0440\u0438\u043a\u0438. \u0415\u0433\u0438\u043f\u0435\u0442\u0441\u043a\u0438\u0439 \u043c\u0443\u0437\u0435\u0439, \u0433\u0434\u0435 \u0441\u043e\u0431\u0440\u0430\u043d\u043e \u043e\u0433\u0440\u043e\u043c\u043d\u043e\u0435 \u043a\u043e\u043b\u0438\u0447\u0435\u0441\u0442\u0432\u043e \u0435\u0433\u0438\u043f\u0435\u0442\u0441\u043a\u0438\u0445 \u0434\u0440\u0435\u0432\u043d\u043e\u0441\u0442\u0435\u0439. \u0412 \u043c\u0443\u0437\u0435\u0435, \u0441\u043e\u0441\u0442\u043e\u044f\u0449\u0435\u043c \u0431\u043e\u043b\u0435\u0435 \u0447\u0435\u043c \u0438\u0437 \u0441\u0442\u0430 \u0437\u0430\u043b\u043e\u0432, \u043d\u0430\u0445\u043e\u0434\u044f\u0442\u0441\u044f \u0443\u043d\u0438\u043a\u0430\u043b\u044c\u043d\u044b\u0435 \u044d\u043a\u0441\u043f\u043e\u043d\u0430\u0442\u044b, \u0432\u043e\u0437\u0440\u0430\u0441\u0442 \u043a\u043e\u0442\u043e\u0440\u044b\u0445 \u043e\u043a\u043e\u043b\u043e \u043f\u044f\u0442\u0438 \u0442\u044b\u0441\u044f\u0447 \u043b\u0435\u0442. \u0412\u044b \u0443\u0432\u0438\u0434\u0438\u0442\u0435 \u0441\u0442\u0430\u0442\u0443\u0438 \u0441\u0430\u043c\u044b\u0445 \u0438\u0437\u0432\u0435\u0441\u0442\u043d\u044b\u0445 \u0444\u0430\u0440\u0430\u043e\u043d\u043e\u0432, \u0442\u0430\u043a\u0438\u0445 \u043a\u0430\u043a \u0425\u0435\u043e\u043f\u0441, \u0425\u0435\u0444\u0440\u0435\u043d, \u041c\u0438\u043a\u0435\u0440\u0438\u043d, \u0425\u0430\u0442\u0448\u0435\u043f\u0441\u0443\u0442, \u042d\u0445\u043d\u0430\u0442\u043e\u043d \u0438 \u0434\u0440\u0443\u0433\u0438\u0435. \u0417\u043e\u043b\u043e\u0442\u044b\u0435 \u0441\u0430\u0440\u043a\u043e\u0444\u0430\u0433\u0438, \u0441\u0442\u0430\u0442\u0443\u0438 \u0438 \u0441\u043e\u043a\u0440\u043e\u0432\u0438\u0449\u0430 \u0438\u0437 \u0433\u0440\u043e\u0431\u043d\u0438\u0446\u044b \u0441\u0430\u043c\u043e\u0433\u043e \u0422\u0443\u0442\u0430\u043d\u0445\u0430\u043c\u043e\u043d\u0430. \u041f\u0440\u043e\u0433\u0443\u043b\u043a\u0430 \u043f\u043e \u0440\u0435\u043a\u0435 \u041d\u0438\u043b ( \u043f\u043e \u0436\u0435\u043b\u0430\u043d\u0438\u044e \u0437\u0430 \u0434\u043e\u043f\u043e\u043b\u043d\u0438\u0442\u0435\u043b\u044c\u043d\u0443\u044e \u043f\u043b\u0430\u0442\u0443 &#8212; 10$). \u041e\u0431\u0435\u0434 \u0432 \u0440\u0435\u0441\u0442\u043e\u0440\u0430\u043d\u0435 \u043f\u043e \u0441\u0438\u0441\u0442\u0435\u043c\u0435 \u0448\u0432\u0435\u0434\u0441\u043a\u0438\u0439 \u0441\u0442\u043e\u043b (\u043d\u0430\u043f\u0438\u0442\u043a\u0438 \u043d\u0435 \u0432\u043a\u043b\u044e\u0447\u0435\u043d\u044b \u0432 \u0441\u0442\u043e\u0438\u043c\u043e\u0441\u0442\u044c). \u041f\u043e\u0441\u043b\u0435 \u043e\u0431\u0435\u0434\u0430 \u0412\u044b o\u0442\u043f\u0440\u0430\u0432\u0438\u0442\u0435\u0441\u044c \u0442\u0443\u0434\u0430, \u0433\u0434\u0435 \u0437\u0430\u043c\u0438\u0440\u0430\u0435\u0442 \u0432\u0440\u0435\u043c\u044f,\u043a \u0441\u0438\u043c\u0432\u043e\u043b\u0443 \u0415\u0433\u0438\u043f\u0442\u0430 \u2013 \u0412\u0435\u043b\u0438\u043a\u0438\u043c \u043f\u0438\u0440\u0430\u043c\u0438\u0434\u0430\u043c \u0438 \u0421\u0444\u0438\u043d\u043a\u0441\u0443. \u0432 \u0415\u0433\u0438\u043f\u0442\u0435 \u043d\u0430\u0441\u0447\u0438\u0442\u044b\u0432\u0430\u0435\u0442\u0441\u044f \u0431\u043e\u043b\u0435\u0435 100 \u043f\u0438\u0440\u0430\u043c\u0438\u0434, \u043d\u043e \u0441\u0430\u043c\u044b\u0435 \u0437\u043d\u0430\u043c\u0435\u043d\u0438\u0442\u044b\u0435 \u044d\u0442\u043e \u043f\u0438\u0440\u0430\u043c\u0438\u0434\u044b \u0413\u0438\u0437\u044b, \u043a\u043e\u0442\u043e\u0440\u044b\u0435 \u0441\u0447\u0438\u0442\u0430\u044e\u0442\u0441\u044f \u043f\u0435\u0440\u0432\u044b\u043c \u0447\u0443\u0434\u043e\u043c \u0441\u0432\u0435\u0442\u0430 \u0432\u0441\u0435\u0445 \u0432\u0440\u0435\u043c\u0435\u043d. \u0413\u0438\u0437\u0430 \u2013 \u043f\u0440\u0438\u0433\u043e\u0440\u043e\u0434 \u041a\u0430\u0438\u0440\u0430, \u043a\u043e\u0442\u043e\u0440\u044b\u0439 \u043f\u043e\u043b\u044c\u0437\u0443\u0435\u0442\u0441\u044f \u043c\u0438\u0440\u043e\u0432\u043e\u0439 \u0441\u043b\u0430\u0432\u043e\u0439. \u0412\u044b \u043f\u043e\u0431\u044b\u0432\u0430\u0435\u0442\u0435 \u0432 \u043c\u0443\u0437\u0435\u0435 \u043f\u0430\u043f\u0438\u0440\u0443\u0441\u0430, \u0433\u0434\u0435 \u0432\u0430\u043c \u0440\u0430\u0441\u0441\u043a\u0430\u0436\u0443\u0442 \u0438 \u043f\u043e\u043a\u0430\u0436\u0443\u0442, \u043a\u0430\u043a \u0438\u0437\u0433\u043e\u0442\u0430\u0432\u043b\u0438\u0432\u0430\u043b\u0438 \u043f\u0430\u043f\u0438\u0440\u0443\u0441 \u0432 \u0434\u0440\u0435\u0432\u043d\u043e\u0441\u0442\u0438 \u0438\u043b\u0438 \u0444\u0430\u0431\u0440\u0438\u043a\u0443 \u0430\u0440\u043e\u043c\u0430\u0442\u043e\u0432 \u0438 \u043c\u0430\u0441\u0435\u043b. \u0422\u0440\u0430\u043d\u0441\u0444\u0435\u0440 \u0432 \u0430\u044d\u0440\u043e\u043f\u043e\u0440\u0442. \u041f\u0435\u0440\u0435\u043b\u0435\u0442 \u041a\u0430\u0438\u0440 &#8212; \u0425\u0443\u0440\u0433\u0430\u0434\u0430. 21:00 \u0412\u0441\u0442\u0440\u0435\u0447\u0430 \u0432 \u0430\u044d\u0440\u043e\u043f\u043e\u0440\u0442\u0443 \u0438 \u0442\u0440\u0430\u043d\u0441\u0444\u0435\u0440 \u0432 \u043e\u0442\u0435\u043b\u044c, \u043d\u0430\u0448 \u0432\u043e\u0434\u0438\u0442\u0435\u043b\u044c \u0432\u0441\u0442\u0440\u0435\u0447\u0430\u0435\u0442 \u0441 \u0442\u0430\u0431\u043b\u0438\u0447\u043a\u043e\u0439 \u043d\u0430 \u043a\u043e\u0442\u043e\u0440\u043e\u0439 \u0431\u0443\u0434\u0443\u0442 \u0438\u043c\u0435\u043d\u0430 \u0442\u0443\u0440\u0438\u0441\u0442\u043e\u0432.<\/p>\n<p><strong>Inbegriffen:<\/strong><\/p>\n<ul>\n<li>Flug<\/li>\n<li>Transfer mit privatem, klimatisiertem Auto;<\/li>\n<li>Deutschsprachige Reiseleitung \u00e4gyptologische Reiseleitung in Kairo;<\/li>\n<li>Eintrittsgelder zu allen genannten Attraktionen;<\/li>\n<li>Besuch des \u00c4gyptischen Museums;<\/li>\n<li>Besuch der Pyramiden von Gizeh;<\/li>\n<li>Besuch der legend\u00e4ren Sphinx;<\/li>\n<li>Mittagessen in einem Restaurant in Kairo.<\/li>\n<\/ul>\n<p><strong>Nicht enthalten:<\/strong><\/p>\n<ul>\n<li>Transfer von den otels Sahl Hasheesh, Makadi Bay, El Gouna + 10 USD in beide Richtungen (f\u00fcr eine Gruppe von bis zu 6 Personen)<\/li>\n<li>Transfer von den hotels Soma Bay, Safaga +20 USD in beide Richtungen (f\u00fcr eine Gruppe von bis zu 6 Personen)<\/li>\n<li>Getr\u00e4nke<\/li>\n<\/ul>\n<p><strong>Nimm mit:<\/strong><\/p>\n<ul>\n<li>Reisepass und Versicherungspolice;<\/li>\n<li>Kopfbedeckung<\/li>\n<li>Geld f\u00fcr pers\u00f6nliche Ausgaben und Souvenirs<\/li>\n<li>Produkte f\u00fcr die pers\u00f6nliche Hygiene<\/li>\n<li>Wasser trinken<\/li>\n<li>Morgensnack (erkl\u00e4ren Sie an der Hotelrezeption, dass Sie fr\u00fch morgens zu einem Ausflug aufbrechen und eine Lunchbox vorbereiten m\u00fcssen, die Hotels bieten diesen Service kostenlos an);<\/li>\n<li>Bequeme Schuhe<\/li>\n<li>Warme Kleidung f\u00fcr unterwegs (im Winter)<\/li>\n<\/ul>\n<p><strong>Buchungsbedingungen:<\/strong><\/p>\n<ul>\n<li>\u0422\u0440\u0435\u0431\u0443\u0435\u0442\u0441\u044f \u043f\u0440\u0435\u0434\u043e\u043f\u043b\u0430\u0442\u0430 100$<\/li>\n<\/ul>","protected":false},"excerpt":{"rendered":"<p><strong>Tourzeit: <\/strong>5:00 &#8212; 22:00<\/p>\n<p><strong>Veranstaltungstage:<\/strong> T\u00e4glich<\/p>","protected":false},"featured_media":19456,"template":"","meta":{"_kad_post_transparent":"default","_kad_post_title":"","_kad_post_layout":"default","_kad_post_sidebar_id":"","_kad_post_content_style":"default","_kad_post_vertical_padding":"default","_kad_post_feature":"","_kad_post_feature_position":"","_kad_post_header":false,"_kad_post_footer":false,"_kad_post_classname":"","_glsr_average":0,"_glsr_ranking":0,"_glsr_reviews":0},"product_brand":[],"product_cat":[479],"product_tag":[],"class_list":{"0":"post-57499","1":"product","2":"type-product","3":"status-publish","4":"has-post-thumbnail","6":"product_cat-hurghadatours","7":"tm-has-options","9":"first","10":"instock","11":"sale","12":"sold-individually","13":"taxable","14":"shipping-taxable","15":"purchasable","16":"product-type-simple","17":"entry","18":"content-bg","19":"loop-entry"},"yoast_head":"<!-- This site is optimized with the Yoast SEO plugin v27.3 - https:\/\/yoast.com\/product\/yoast-seo-wordpress\/ -->\n<title>\u041a\u0430\u0438\u0440 \u0438 \u041f\u0438\u0440\u0430\u043c\u0438\u0434\u044b \u0413\u0438\u0437\u044b (\u043d\u0430 \u0441\u0430\u043c\u043e\u043b\u0451\u0442\u0435) &#8226; \u042d\u043a\u0441\u043a\u0443\u0440\u0441\u0438\u0438 Skyline<\/title>\n<meta name=\"robots\" content=\"index, follow, max-snippet:-1, max-image-preview:large, max-video-preview:-1\" \/>\n<link rel=\"canonical\" href=\"https:\/\/skyline-gs.com\/de\/produkt\/pyramids-of-giza-by-plane-hurghada\/\" \/>\n<meta property=\"og:locale\" content=\"de_DE\" \/>\n<meta property=\"og:type\" content=\"article\" \/>\n<meta property=\"og:title\" content=\"\u041a\u0430\u0438\u0440 \u0438 \u041f\u0438\u0440\u0430\u043c\u0438\u0434\u044b \u0413\u0438\u0437\u044b (\u043d\u0430 \u0441\u0430\u043c\u043e\u043b\u0451\u0442\u0435) &#8226; \u042d\u043a\u0441\u043a\u0443\u0440\u0441\u0438\u0438 Skyline\" \/>\n<meta property=\"og:description\" content=\"\u0412\u0440\u0435\u043c\u044f \u0442\u0443\u0440\u0430: 5:00 - 22:00  \u0414\u043d\u0438 \u043f\u0440\u043e\u0432\u0435\u0434\u0435\u043d\u0438\u044f: \u041a\u0430\u0436\u0434\u044b\u0439 \u0434\u0435\u043d\u044c\" \/>\n<meta property=\"og:url\" content=\"https:\/\/skyline-gs.com\/de\/produkt\/pyramids-of-giza-by-plane-hurghada\/\" \/>\n<meta property=\"og:site_name\" content=\"\u042d\u043a\u0441\u043a\u0443\u0440\u0441\u0438\u0438 Skyline\" \/>\n<meta property=\"article:modified_time\" content=\"2026-03-12T13:18:50+00:00\" \/>\n<meta property=\"og:image\" content=\"https:\/\/skyline-gs.com\/wp-content\/uploads\/2021\/04\/8c-1.jpg\" \/>\n\t<meta property=\"og:image:width\" content=\"669\" \/>\n\t<meta property=\"og:image:height\" content=\"446\" \/>\n\t<meta property=\"og:image:type\" content=\"image\/jpeg\" \/>\n<meta name=\"twitter:card\" content=\"summary_large_image\" \/>\n<meta name=\"twitter:label1\" content=\"Gesch\u00e4tzte Lesezeit\" \/>\n\t<meta name=\"twitter:data1\" content=\"3\u00a0Minuten\" \/>\n<script type=\"application\/ld+json\" class=\"yoast-schema-graph\">{\"@context\":\"https:\\\/\\\/schema.org\",\"@graph\":[{\"@type\":\"WebPage\",\"@id\":\"https:\\\/\\\/skyline-gs.com\\\/product\\\/pyramids-of-giza-by-plane-hurghada\\\/\",\"url\":\"https:\\\/\\\/skyline-gs.com\\\/product\\\/pyramids-of-giza-by-plane-hurghada\\\/\",\"name\":\"\u041a\u0430\u0438\u0440 \u0438 \u041f\u0438\u0440\u0430\u043c\u0438\u0434\u044b \u0413\u0438\u0437\u044b (\u043d\u0430 \u0441\u0430\u043c\u043e\u043b\u0451\u0442\u0435) &#8226; \u042d\u043a\u0441\u043a\u0443\u0440\u0441\u0438\u0438 Skyline\",\"isPartOf\":{\"@id\":\"https:\\\/\\\/skyline-gs.com\\\/it\\\/#website\"},\"primaryImageOfPage\":{\"@id\":\"https:\\\/\\\/skyline-gs.com\\\/product\\\/pyramids-of-giza-by-plane-hurghada\\\/#primaryimage\"},\"image\":{\"@id\":\"https:\\\/\\\/skyline-gs.com\\\/product\\\/pyramids-of-giza-by-plane-hurghada\\\/#primaryimage\"},\"thumbnailUrl\":\"https:\\\/\\\/skyline-gs.com\\\/wp-content\\\/uploads\\\/2021\\\/04\\\/8c-1.jpg\",\"datePublished\":\"2021-04-15T17:27:27+00:00\",\"dateModified\":\"2026-03-12T13:18:50+00:00\",\"breadcrumb\":{\"@id\":\"https:\\\/\\\/skyline-gs.com\\\/product\\\/pyramids-of-giza-by-plane-hurghada\\\/#breadcrumb\"},\"inLanguage\":\"de\",\"potentialAction\":[{\"@type\":\"ReadAction\",\"target\":[\"https:\\\/\\\/skyline-gs.com\\\/product\\\/pyramids-of-giza-by-plane-hurghada\\\/\"]}]},{\"@type\":\"ImageObject\",\"inLanguage\":\"de\",\"@id\":\"https:\\\/\\\/skyline-gs.com\\\/product\\\/pyramids-of-giza-by-plane-hurghada\\\/#primaryimage\",\"url\":\"https:\\\/\\\/skyline-gs.com\\\/wp-content\\\/uploads\\\/2021\\\/04\\\/8c-1.jpg\",\"contentUrl\":\"https:\\\/\\\/skyline-gs.com\\\/wp-content\\\/uploads\\\/2021\\\/04\\\/8c-1.jpg\",\"width\":669,\"height\":446},{\"@type\":\"BreadcrumbList\",\"@id\":\"https:\\\/\\\/skyline-gs.com\\\/product\\\/pyramids-of-giza-by-plane-hurghada\\\/#breadcrumb\",\"itemListElement\":[{\"@type\":\"ListItem\",\"position\":1,\"name\":\"\u0413\u043b\u0430\u0432\u043d\u0430\u044f \u0441\u0442\u0440\u0430\u043d\u0438\u0446\u0430\",\"item\":\"https:\\\/\\\/skyline-gs.com\\\/hu\\\/\"},{\"@type\":\"ListItem\",\"position\":2,\"name\":\"\u041c\u0430\u0433\u0430\u0437\u0438\u043d\",\"item\":\"https:\\\/\\\/skyline-gs.com\\\/cs\\\/shop\\\/\"},{\"@type\":\"ListItem\",\"position\":3,\"name\":\"\u041a\u0430\u0438\u0440 \u0438 \u041f\u0438\u0440\u0430\u043c\u0438\u0434\u044b \u0413\u0438\u0437\u044b (\u043d\u0430 \u0441\u0430\u043c\u043e\u043b\u0451\u0442\u0435)\"}]},{\"@type\":\"WebSite\",\"@id\":\"https:\\\/\\\/skyline-gs.com\\\/it\\\/#website\",\"url\":\"https:\\\/\\\/skyline-gs.com\\\/it\\\/\",\"name\":\"\u042d\u043a\u0441\u043a\u0443\u0440\u0441\u0438\u0438 Skyline\",\"description\":\"\u042d\u043a\u0441\u043a\u043b\u044e\u0437\u0438\u0432\u043d\u044b\u0435 \u044d\u043a\u0441\u043a\u0443\u0440\u0441\u0438\u0438 \u043d\u0430 \u043b\u0443\u0447\u0448\u0438\u0445 \u043a\u0443\u0440\u043e\u0440\u0442\u0430\u0445 \u043c\u0438\u0440\u0430\",\"publisher\":{\"@id\":\"https:\\\/\\\/skyline-gs.com\\\/it\\\/#organization\"},\"alternateName\":\"Skyline\",\"potentialAction\":[{\"@type\":\"SearchAction\",\"target\":{\"@type\":\"EntryPoint\",\"urlTemplate\":\"https:\\\/\\\/skyline-gs.com\\\/it\\\/?s={search_term_string}\"},\"query-input\":{\"@type\":\"PropertyValueSpecification\",\"valueRequired\":true,\"valueName\":\"search_term_string\"}}],\"inLanguage\":\"de\"},{\"@type\":\"Organization\",\"@id\":\"https:\\\/\\\/skyline-gs.com\\\/it\\\/#organization\",\"name\":\"\u042d\u043a\u0441\u043a\u0443\u0440\u0441\u0438\u0438 Skyline\",\"alternateName\":\"\u042d\u043a\u0441\u043a\u0443\u0440\u0441\u0438\u0438 Skyline\",\"url\":\"https:\\\/\\\/skyline-gs.com\\\/it\\\/\",\"logo\":{\"@type\":\"ImageObject\",\"inLanguage\":\"de\",\"@id\":\"https:\\\/\\\/skyline-gs.com\\\/it\\\/#\\\/schema\\\/logo\\\/image\\\/\",\"url\":\"https:\\\/\\\/skyline-gs.com\\\/wp-content\\\/uploads\\\/2020\\\/12\\\/cropped-logo-2.png\",\"contentUrl\":\"https:\\\/\\\/skyline-gs.com\\\/wp-content\\\/uploads\\\/2020\\\/12\\\/cropped-logo-2.png\",\"width\":512,\"height\":512,\"caption\":\"\u042d\u043a\u0441\u043a\u0443\u0440\u0441\u0438\u0438 Skyline\"},\"image\":{\"@id\":\"https:\\\/\\\/skyline-gs.com\\\/it\\\/#\\\/schema\\\/logo\\\/image\\\/\"},\"sameAs\":[\"https:\\\/\\\/www.instagram.com\\\/skylineglobalservice\\\/\"]}]}<\/script>\n<!-- \/ Yoast SEO plugin. -->","yoast_head_json":{"title":"\u041a\u0430\u0438\u0440 \u0438 \u041f\u0438\u0440\u0430\u043c\u0438\u0434\u044b \u0413\u0438\u0437\u044b (\u043d\u0430 \u0441\u0430\u043c\u043e\u043b\u0451\u0442\u0435) &#8226; \u042d\u043a\u0441\u043a\u0443\u0440\u0441\u0438\u0438 Skyline","robots":{"index":"index","follow":"follow","max-snippet":"max-snippet:-1","max-image-preview":"max-image-preview:large","max-video-preview":"max-video-preview:-1"},"canonical":"https:\/\/skyline-gs.com\/de\/produkt\/pyramids-of-giza-by-plane-hurghada\/","og_locale":"de_DE","og_type":"article","og_title":"\u041a\u0430\u0438\u0440 \u0438 \u041f\u0438\u0440\u0430\u043c\u0438\u0434\u044b \u0413\u0438\u0437\u044b (\u043d\u0430 \u0441\u0430\u043c\u043e\u043b\u0451\u0442\u0435) &#8226; \u042d\u043a\u0441\u043a\u0443\u0440\u0441\u0438\u0438 Skyline","og_description":"\u0412\u0440\u0435\u043c\u044f \u0442\u0443\u0440\u0430: 5:00 - 22:00  \u0414\u043d\u0438 \u043f\u0440\u043e\u0432\u0435\u0434\u0435\u043d\u0438\u044f: \u041a\u0430\u0436\u0434\u044b\u0439 \u0434\u0435\u043d\u044c","og_url":"https:\/\/skyline-gs.com\/de\/produkt\/pyramids-of-giza-by-plane-hurghada\/","og_site_name":"\u042d\u043a\u0441\u043a\u0443\u0440\u0441\u0438\u0438 Skyline","article_modified_time":"2026-03-12T13:18:50+00:00","og_image":[{"width":669,"height":446,"url":"https:\/\/skyline-gs.com\/wp-content\/uploads\/2021\/04\/8c-1.jpg","type":"image\/jpeg"}],"twitter_card":"summary_large_image","twitter_misc":{"Gesch\u00e4tzte Lesezeit":"3\u00a0Minuten"},"schema":{"@context":"https:\/\/schema.org","@graph":[{"@type":"WebPage","@id":"https:\/\/skyline-gs.com\/product\/pyramids-of-giza-by-plane-hurghada\/","url":"https:\/\/skyline-gs.com\/product\/pyramids-of-giza-by-plane-hurghada\/","name":"\u041a\u0430\u0438\u0440 \u0438 \u041f\u0438\u0440\u0430\u043c\u0438\u0434\u044b \u0413\u0438\u0437\u044b (\u043d\u0430 \u0441\u0430\u043c\u043e\u043b\u0451\u0442\u0435) &#8226; \u042d\u043a\u0441\u043a\u0443\u0440\u0441\u0438\u0438 Skyline","isPartOf":{"@id":"https:\/\/skyline-gs.com\/it\/#website"},"primaryImageOfPage":{"@id":"https:\/\/skyline-gs.com\/product\/pyramids-of-giza-by-plane-hurghada\/#primaryimage"},"image":{"@id":"https:\/\/skyline-gs.com\/product\/pyramids-of-giza-by-plane-hurghada\/#primaryimage"},"thumbnailUrl":"https:\/\/skyline-gs.com\/wp-content\/uploads\/2021\/04\/8c-1.jpg","datePublished":"2021-04-15T17:27:27+00:00","dateModified":"2026-03-12T13:18:50+00:00","breadcrumb":{"@id":"https:\/\/skyline-gs.com\/product\/pyramids-of-giza-by-plane-hurghada\/#breadcrumb"},"inLanguage":"de","potentialAction":[{"@type":"ReadAction","target":["https:\/\/skyline-gs.com\/product\/pyramids-of-giza-by-plane-hurghada\/"]}]},{"@type":"ImageObject","inLanguage":"de","@id":"https:\/\/skyline-gs.com\/product\/pyramids-of-giza-by-plane-hurghada\/#primaryimage","url":"https:\/\/skyline-gs.com\/wp-content\/uploads\/2021\/04\/8c-1.jpg","contentUrl":"https:\/\/skyline-gs.com\/wp-content\/uploads\/2021\/04\/8c-1.jpg","width":669,"height":446},{"@type":"BreadcrumbList","@id":"https:\/\/skyline-gs.com\/product\/pyramids-of-giza-by-plane-hurghada\/#breadcrumb","itemListElement":[{"@type":"ListItem","position":1,"name":"\u0413\u043b\u0430\u0432\u043d\u0430\u044f \u0441\u0442\u0440\u0430\u043d\u0438\u0446\u0430","item":"https:\/\/skyline-gs.com\/hu\/"},{"@type":"ListItem","position":2,"name":"\u041c\u0430\u0433\u0430\u0437\u0438\u043d","item":"https:\/\/skyline-gs.com\/cs\/shop\/"},{"@type":"ListItem","position":3,"name":"\u041a\u0430\u0438\u0440 \u0438 \u041f\u0438\u0440\u0430\u043c\u0438\u0434\u044b \u0413\u0438\u0437\u044b (\u043d\u0430 \u0441\u0430\u043c\u043e\u043b\u0451\u0442\u0435)"}]},{"@type":"WebSite","@id":"https:\/\/skyline-gs.com\/it\/#website","url":"https:\/\/skyline-gs.com\/it\/","name":"Skyline Ausfl\u00fcge","description":"Exklusive Ausfl\u00fcge in den besten Resorts der Welt","publisher":{"@id":"https:\/\/skyline-gs.com\/it\/#organization"},"alternateName":"Skyline","potentialAction":[{"@type":"SearchAction","target":{"@type":"EntryPoint","urlTemplate":"https:\/\/skyline-gs.com\/it\/?s={search_term_string}"},"query-input":{"@type":"PropertyValueSpecification","valueRequired":true,"valueName":"search_term_string"}}],"inLanguage":"de"},{"@type":"Organization","@id":"https:\/\/skyline-gs.com\/it\/#organization","name":"Skyline Ausfl\u00fcge","alternateName":"\u042d\u043a\u0441\u043a\u0443\u0440\u0441\u0438\u0438 Skyline","url":"https:\/\/skyline-gs.com\/it\/","logo":{"@type":"ImageObject","inLanguage":"de","@id":"https:\/\/skyline-gs.com\/it\/#\/schema\/logo\/image\/","url":"https:\/\/skyline-gs.com\/wp-content\/uploads\/2020\/12\/cropped-logo-2.png","contentUrl":"https:\/\/skyline-gs.com\/wp-content\/uploads\/2020\/12\/cropped-logo-2.png","width":512,"height":512,"caption":"\u042d\u043a\u0441\u043a\u0443\u0440\u0441\u0438\u0438 Skyline"},"image":{"@id":"https:\/\/skyline-gs.com\/it\/#\/schema\/logo\/image\/"},"sameAs":["https:\/\/www.instagram.com\/skylineglobalservice\/"]}]}},"_links":{"self":[{"href":"https:\/\/skyline-gs.com\/de\/wp-json\/wp\/v2\/product\/57499","targetHints":{"allow":["GET"]}}],"collection":[{"href":"https:\/\/skyline-gs.com\/de\/wp-json\/wp\/v2\/product"}],"about":[{"href":"https:\/\/skyline-gs.com\/de\/wp-json\/wp\/v2\/types\/product"}],"version-history":[{"count":0,"href":"https:\/\/skyline-gs.com\/de\/wp-json\/wp\/v2\/product\/57499\/revisions"}],"wp:featuredmedia":[{"embeddable":true,"href":"https:\/\/skyline-gs.com\/de\/wp-json\/wp\/v2\/media\/19456"}],"wp:attachment":[{"href":"https:\/\/skyline-gs.com\/de\/wp-json\/wp\/v2\/media?parent=57499"}],"wp:term":[{"taxonomy":"product_brand","embeddable":true,"href":"https:\/\/skyline-gs.com\/de\/wp-json\/wp\/v2\/product_brand?post=57499"},{"taxonomy":"product_cat","embeddable":true,"href":"https:\/\/skyline-gs.com\/de\/wp-json\/wp\/v2\/product_cat?post=57499"},{"taxonomy":"product_tag","embeddable":true,"href":"https:\/\/skyline-gs.com\/de\/wp-json\/wp\/v2\/product_tag?post=57499"}],"curies":[{"name":"wp","href":"https:\/\/api.w.org\/{rel}","templated":true}]}}