{"id":56257,"date":"2022-11-13T21:34:48","date_gmt":"2022-11-13T18:34:48","guid":{"rendered":"https:\/\/dubai.skyline-gs.com\/?post_type=product&#038;p=41148"},"modified":"2025-11-12T00:12:29","modified_gmt":"2025-11-11T22:12:29","slug":"mangusta-l-esperance-dubai","status":"publish","type":"product","link":"https:\/\/skyline-gs.com\/de\/product\/mangusta-l-esperance-dubai\/","title":{"rendered":"Yacht Mangusta L'ESPERANCE"},"content":{"rendered":"<p>Verbringen Sie Ihren Urlaub in einem luxuri\u00f6sen Szenario - an Bord einer eleganten Yacht mit wei\u00dfen Segeln, die durch das azurblaue Wasser des sanften Persischen Golfs gleitet. Genie\u00dfen Sie eine der malerischsten Skylines, inmitten der Wolkenkratzer und beliebtesten Orte in Dubai: Burj Al Arab, Atlantis und Burj Khalifa. Eine zuvorkommende Crew und ein hervorragender Service stehen Ihnen zur Verf\u00fcgung.<\/p>\n<p>Mangusta 92 L\u2019ESPERANCE \u0438\u043c\u0435\u0435\u0442 \u044d\u043a\u0441\u043a\u043b\u044e\u0437\u0438\u0432\u043d\u044b\u0439 \u0438\u043d\u0442\u0435\u0440\u044c\u0435\u0440 \u0441 \u0442\u0435\u043c\u043d\u044b\u043c \u043f\u043e\u043b\u043e\u043c \u0446\u0432\u0435\u0442\u0430 \u0432\u0435\u043d\u0433\u0435 \u0438 \u043c\u0435\u0431\u0435\u043b\u044c\u044e, \u043a\u043e\u0442\u043e\u0440\u0430\u044f \u044d\u043b\u0435\u0433\u0430\u043d\u0442\u043d\u043e \u043a\u043e\u043d\u0442\u0440\u0430\u0441\u0442\u0438\u0440\u0443\u0435\u0442 \u0441 \u0435\u0435 \u0431\u0435\u043b\u044b\u043c \u043a\u043e\u0436\u0430\u043d\u044b\u043c \u043f\u043e\u0442\u043e\u043b\u043a\u043e\u043c \u0438 \u0446\u0432\u0435\u0442\u043d\u044b\u043c\u0438 \u043f\u043e\u0434\u0443\u0448\u043a\u0430\u043c\u0438. \u041d\u0430\u043f\u0440\u043e\u0442\u0438\u0432 \u0431\u0430\u0440\u0430 \u043d\u0430\u0445\u043e\u0434\u0438\u0442\u0441\u044f \u043b\u0435\u0441\u0442\u043d\u0438\u0446\u0430, \u0432\u0435\u0434\u0443\u0449\u0430\u044f \u0432 \u043e\u0442\u0434\u0435\u043b\u044c\u043d\u044b\u0435 \u043f\u043e\u043c\u0435\u0449\u0435\u043d\u0438\u044f \u044d\u043a\u0438\u043f\u0430\u0436\u0430, \u043f\u0440\u0430\u0447\u0435\u0447\u043d\u0443\u044e \u0438 \u043a\u0430\u043c\u0431\u0443\u0437. \u0413\u043e\u0441\u0442\u0438 \u043c\u043e\u0433\u0443\u0442 \u043f\u043e\u0443\u0436\u0438\u043d\u0430\u0442\u044c \u043d\u0430 \u0441\u0432\u0435\u0436\u0435\u043c \u0432\u043e\u0437\u0434\u0443\u0445\u0435 \u0431\u043b\u0430\u0433\u043e\u0434\u0430\u0440\u044f \u0440\u0430\u0437\u0434\u0432\u0438\u0436\u043d\u043e\u043c\u0443 \u043b\u044e\u043a\u0443 \u043d\u0430 \u043a\u0440\u044b\u0448\u0435, \u043a\u043e\u0442\u043e\u0440\u044b\u0439 \u043e\u0442\u043a\u0440\u044b\u0432\u0430\u0435\u0442 \u0441\u0430\u043b\u043e\u043d \u043f\u0430\u043b\u0443\u0431\u044b \u043a \u043d\u0435\u0431\u0443. \u041a\u043e\u0436\u0430\u043d\u044b\u0435 \u0441\u0438\u0434\u0435\u043d\u044c\u044f \u043f\u0438\u043b\u043e\u0442\u0430, \u0440\u0430\u0441\u043f\u043e\u043b\u043e\u0436\u0435\u043d\u043d\u044b\u0435 \u0437\u0430 \u0431\u043e\u043b\u044c\u0448\u0438\u043c \u044d\u043a\u0440\u0430\u043d\u043e\u043c \u0442\u0435\u043b\u0435\u0432\u0438\u0437\u043e\u0440\u0430, \u0430 \u0442\u0430\u043a\u0436\u0435 \u043f\u0440\u0435\u0432\u043e\u0441\u0445\u043e\u0434\u043d\u0430\u044f \u043f\u0440\u0438\u0431\u043e\u0440\u043d\u0430\u044f \u043f\u0430\u043d\u0435\u043b\u044c \u0438\u0437 \u0443\u0433\u043b\u0435\u0440\u043e\u0434\u043d\u043e\u0433\u043e \u0432\u043e\u043b\u043e\u043a\u043d\u0430 \u043d\u0430\u043f\u043e\u043c\u0438\u043d\u0430\u044e\u0442, \u0447\u0442\u043e \u0432\u044b \u043d\u0430\u0445\u043e\u0434\u0438\u0442\u0435\u0441\u044c \u043d\u0430 \u0431\u043e\u0440\u0442\u0443 \u0438\u0442\u0430\u043b\u044c\u044f\u043d\u0441\u043a\u043e\u0439 \u0441\u043f\u043e\u0440\u0442\u0438\u0432\u043d\u043e\u0439 \u044f\u0445\u0442\u044b.<\/p>\n<p>\u0412 L\u2019ESPERANCE \u043c\u043e\u0433\u0443\u0442 \u0440\u0430\u0437\u043c\u0435\u0441\u0442\u0438\u0442\u044c\u0441\u044f 7 \u0433\u043e\u0441\u0442\u0435\u0439 \u0432 3 \u043a\u0430\u044e\u0442\u0430\u0445, \u0432\u043a\u043b\u044e\u0447\u0430\u044f \u043c\u0430\u0441\u0442\u0435\u0440-\u043a\u0430\u044e\u0442\u0443 \u0432\u043e \u0432\u0441\u044e \u0448\u0438\u0440\u0438\u043d\u0443, VIP-\u043a\u0430\u044e\u0442\u0443 \u0438 \u0434\u0432\u0443\u0445\u043c\u0435\u0441\u0442\u043d\u0443\u044e \u043a\u0430\u044e\u0442\u0443 \u0441 \u043a\u0440\u043e\u0432\u0430\u0442\u044c\u044e Pullman \u043d\u0430 \u043d\u0438\u0436\u043d\u0435\u0439 \u043f\u0430\u043b\u0443\u0431\u0435, \u043a\u0443\u0434\u0430 \u0432\u0435\u0434\u0435\u0442 \u0434\u0435\u0440\u0435\u0432\u044f\u043d\u043d\u0430\u044f \u043b\u0435\u0441\u0442\u043d\u0438\u0446\u0430.<\/p>\n<p><strong>Weitere Informationen:<\/strong><\/p>\n<ul>\n<li>Sie m\u00fcssen die Originalp\u00e4sse aller Teilnehmer bei sich haben.<\/li>\n<li>Mindestmietdauer - 2 Stunden<\/li>\n<li>Verf\u00fcgbar f\u00fcr w\u00f6chentliche Vermietung<\/li>\n<li>Anzahl der Kabinen: 3<\/li>\n<li>\u041a\u043e\u043b\u0438\u0447\u0435\u0441\u0442\u0432\u043e \u0441\u043f\u0430\u043b\u044c\u043d\u044b\u0445 \u043c\u0435\u0441\u0442: 7<\/li>\n<\/ul>\n<p><strong>Inbegriffen:<\/strong><\/p>\n<ul>\n<li>Transfers vom und zum Hotel (bis zu 6 Personen)<\/li>\n<li>Individuelle Yachtvermietung<\/li>\n<li>Personal Service<\/li>\n<li>Schwimmwesten<\/li>\n<li>Annehmlichkeiten an Bord<\/li>\n<\/ul>\n<p><strong>Nicht enthalten:<\/strong><\/p>\n<ul>\n<li>Transfers vom und zum Hotel f\u00fcr 7-14 Personen - Aufpreis 100$ pro Gruppe<\/li>\n<li>Transfers vom und zum Hotel f\u00fcr mehr als 15-24 Personen - Aufpreis 200$ pro Gruppe<\/li>\n<\/ul>\n<p><strong>Nimm mit:<\/strong><\/p>\n<ul>\n<li>Wasser<\/li>\n<li>Handtuch<\/li>\n<\/ul>\n<p><strong>Men\u00fcoptionen:<\/strong><\/p>\n<ol>\n<li><strong>Bronze-Men\u00fc. Erwachsener - 50$, Kind unter 12 Jahren - 35$. <\/strong>Caesar-Salat, arabischer Fattoush-Salat, verschiedene Spie\u00dffleischsorten, gegrilltes Gem\u00fcse, Gem\u00fcse, Kartoffelp\u00fcree, Obst, Wasser<\/li>\n<li><strong>Silbernes Men\u00fc. Erwachsener - 70$, Kind unter 12 Jahren - 55$. <\/strong>Arabischer Fattoush-Salat, Hummus, Fisch, gegrilltes Gem\u00fcse, Shrimps, Pommes frites, arabisches Fladenbrot, Fruchtschnitten, Wasser<\/li>\n<li><strong><strong>Gold-Men\u00fc. Erwachsene - 90$, Kinder unter 12 Jahren - 75$. <\/strong><\/strong>Caesar-Salat, Gem\u00fcsesalat, griechischer Salat, Lamm, Fisch, Garnelen, gegrilltes Gem\u00fcse, Chips, arabisches Fladenbrot, Fruchtaufstrich, Baklava, Wasser<\/li>\n<\/ol>","protected":false},"excerpt":{"rendered":"<p><strong>Mietdauer:<\/strong>\u00a02 Stunden<\/p>\n<p><strong>Kapazit\u00e4t:<\/strong>\u00a020 Personen<\/p>","protected":false},"featured_media":41157,"template":"","meta":{"_kad_post_transparent":"default","_kad_post_title":"","_kad_post_layout":"default","_kad_post_sidebar_id":"","_kad_post_content_style":"default","_kad_post_vertical_padding":"default","_kad_post_feature":"","_kad_post_feature_position":"","_kad_post_header":false,"_kad_post_footer":false,"_kad_post_classname":"","_glsr_average":0,"_glsr_ranking":0,"_glsr_reviews":0},"product_brand":[],"product_cat":[474],"product_tag":[],"class_list":{"0":"post-56257","1":"product","2":"type-product","3":"status-publish","4":"has-post-thumbnail","6":"product_cat-yacht-in-dubai","7":"tm-has-options","9":"first","10":"instock","11":"sold-individually","12":"taxable","13":"shipping-taxable","14":"purchasable","15":"product-type-simple","16":"entry","17":"content-bg","18":"loop-entry"},"yoast_head":"<!-- This site is optimized with the Yoast SEO plugin v27.3 - https:\/\/yoast.com\/product\/yoast-seo-wordpress\/ -->\n<title>\u042f\u0445\u0442\u0430 Mangusta L&#039;ESPERANCE &#8226; \u042d\u043a\u0441\u043a\u0443\u0440\u0441\u0438\u0438 Skyline<\/title>\n<meta name=\"robots\" content=\"index, follow, max-snippet:-1, max-image-preview:large, max-video-preview:-1\" \/>\n<link rel=\"canonical\" href=\"http:\/\/skyline-gs.com\/de\/produkt\/mangusta-l-esperance-dubai\/\" \/>\n<meta property=\"og:locale\" content=\"de_DE\" \/>\n<meta property=\"og:type\" content=\"article\" \/>\n<meta property=\"og:title\" content=\"\u042f\u0445\u0442\u0430 Mangusta L&#039;ESPERANCE &#8226; \u042d\u043a\u0441\u043a\u0443\u0440\u0441\u0438\u0438 Skyline\" \/>\n<meta property=\"og:description\" content=\"\u0414\u043b\u0438\u0442\u0435\u043b\u044c\u043d\u043e\u0441\u0442\u044c \u0430\u0440\u0435\u043d\u0434\u044b:\u00a02 \u0447\u0430\u0441\u0430  \u0412\u043c\u0435\u0441\u0442\u0438\u0442\u0435\u043b\u044c\u043d\u043e\u0441\u0442\u044c:\u00a020 \u0447\u0435\u043b\u043e\u0432\u0435\u043a\" \/>\n<meta property=\"og:url\" content=\"http:\/\/skyline-gs.com\/de\/produkt\/mangusta-l-esperance-dubai\/\" \/>\n<meta property=\"og:site_name\" content=\"\u042d\u043a\u0441\u043a\u0443\u0440\u0441\u0438\u0438 Skyline\" \/>\n<meta property=\"article:modified_time\" content=\"2025-11-11T22:12:29+00:00\" \/>\n<meta property=\"og:image\" content=\"https:\/\/skyline-gs.com\/wp-content\/uploads\/2022\/11\/8-5.png\" \/>\n\t<meta property=\"og:image:width\" content=\"669\" \/>\n\t<meta property=\"og:image:height\" content=\"446\" \/>\n\t<meta property=\"og:image:type\" content=\"image\/png\" \/>\n<meta name=\"twitter:card\" content=\"summary_large_image\" \/>\n<meta name=\"twitter:label1\" content=\"Gesch\u00e4tzte Lesezeit\" \/>\n\t<meta name=\"twitter:data1\" content=\"2\u00a0Minuten\" \/>\n<script type=\"application\/ld+json\" class=\"yoast-schema-graph\">{\"@context\":\"https:\\\/\\\/schema.org\",\"@graph\":[{\"@type\":\"WebPage\",\"@id\":\"http:\\\/\\\/skyline-gs.com\\\/fr\\\/produit\\\/mangusta-l-esperance-dubai\\\/\",\"url\":\"http:\\\/\\\/skyline-gs.com\\\/fr\\\/produit\\\/mangusta-l-esperance-dubai\\\/\",\"name\":\"\u042f\u0445\u0442\u0430 Mangusta L'ESPERANCE &#8226; \u042d\u043a\u0441\u043a\u0443\u0440\u0441\u0438\u0438 Skyline\",\"isPartOf\":{\"@id\":\"https:\\\/\\\/skyline-gs.com\\\/it\\\/#website\"},\"primaryImageOfPage\":{\"@id\":\"http:\\\/\\\/skyline-gs.com\\\/fr\\\/produit\\\/mangusta-l-esperance-dubai\\\/#primaryimage\"},\"image\":{\"@id\":\"http:\\\/\\\/skyline-gs.com\\\/fr\\\/produit\\\/mangusta-l-esperance-dubai\\\/#primaryimage\"},\"thumbnailUrl\":\"https:\\\/\\\/skyline-gs.com\\\/wp-content\\\/uploads\\\/2022\\\/11\\\/8-5.png\",\"datePublished\":\"2022-11-13T18:34:48+00:00\",\"dateModified\":\"2025-11-11T22:12:29+00:00\",\"breadcrumb\":{\"@id\":\"http:\\\/\\\/skyline-gs.com\\\/fr\\\/produit\\\/mangusta-l-esperance-dubai\\\/#breadcrumb\"},\"inLanguage\":\"de\",\"potentialAction\":[{\"@type\":\"ReadAction\",\"target\":[\"http:\\\/\\\/skyline-gs.com\\\/fr\\\/produit\\\/mangusta-l-esperance-dubai\\\/\"]}]},{\"@type\":\"ImageObject\",\"inLanguage\":\"de\",\"@id\":\"http:\\\/\\\/skyline-gs.com\\\/fr\\\/produit\\\/mangusta-l-esperance-dubai\\\/#primaryimage\",\"url\":\"https:\\\/\\\/skyline-gs.com\\\/wp-content\\\/uploads\\\/2022\\\/11\\\/8-5.png\",\"contentUrl\":\"https:\\\/\\\/skyline-gs.com\\\/wp-content\\\/uploads\\\/2022\\\/11\\\/8-5.png\",\"width\":669,\"height\":446},{\"@type\":\"BreadcrumbList\",\"@id\":\"http:\\\/\\\/skyline-gs.com\\\/fr\\\/produit\\\/mangusta-l-esperance-dubai\\\/#breadcrumb\",\"itemListElement\":[{\"@type\":\"ListItem\",\"position\":1,\"name\":\"\u0413\u043b\u0430\u0432\u043d\u0430\u044f \u0441\u0442\u0440\u0430\u043d\u0438\u0446\u0430\",\"item\":\"https:\\\/\\\/skyline-gs.com\\\/hu\\\/\"},{\"@type\":\"ListItem\",\"position\":2,\"name\":\"\u041c\u0430\u0433\u0430\u0437\u0438\u043d\",\"item\":\"https:\\\/\\\/skyline-gs.com\\\/cs\\\/shop\\\/\"},{\"@type\":\"ListItem\",\"position\":3,\"name\":\"\u042f\u0445\u0442\u0430 Mangusta L&#8217;ESPERANCE\"}]},{\"@type\":\"WebSite\",\"@id\":\"https:\\\/\\\/skyline-gs.com\\\/it\\\/#website\",\"url\":\"https:\\\/\\\/skyline-gs.com\\\/it\\\/\",\"name\":\"\u042d\u043a\u0441\u043a\u0443\u0440\u0441\u0438\u0438 Skyline\",\"description\":\"\u042d\u043a\u0441\u043a\u043b\u044e\u0437\u0438\u0432\u043d\u044b\u0435 \u044d\u043a\u0441\u043a\u0443\u0440\u0441\u0438\u0438 \u043d\u0430 \u043b\u0443\u0447\u0448\u0438\u0445 \u043a\u0443\u0440\u043e\u0440\u0442\u0430\u0445 \u043c\u0438\u0440\u0430\",\"publisher\":{\"@id\":\"https:\\\/\\\/skyline-gs.com\\\/it\\\/#organization\"},\"alternateName\":\"Skyline\",\"potentialAction\":[{\"@type\":\"SearchAction\",\"target\":{\"@type\":\"EntryPoint\",\"urlTemplate\":\"https:\\\/\\\/skyline-gs.com\\\/it\\\/?s={search_term_string}\"},\"query-input\":{\"@type\":\"PropertyValueSpecification\",\"valueRequired\":true,\"valueName\":\"search_term_string\"}}],\"inLanguage\":\"de\"},{\"@type\":\"Organization\",\"@id\":\"https:\\\/\\\/skyline-gs.com\\\/it\\\/#organization\",\"name\":\"\u042d\u043a\u0441\u043a\u0443\u0440\u0441\u0438\u0438 Skyline\",\"alternateName\":\"\u042d\u043a\u0441\u043a\u0443\u0440\u0441\u0438\u0438 Skyline\",\"url\":\"https:\\\/\\\/skyline-gs.com\\\/it\\\/\",\"logo\":{\"@type\":\"ImageObject\",\"inLanguage\":\"de\",\"@id\":\"https:\\\/\\\/skyline-gs.com\\\/it\\\/#\\\/schema\\\/logo\\\/image\\\/\",\"url\":\"https:\\\/\\\/skyline-gs.com\\\/wp-content\\\/uploads\\\/2020\\\/12\\\/cropped-logo-2.png\",\"contentUrl\":\"https:\\\/\\\/skyline-gs.com\\\/wp-content\\\/uploads\\\/2020\\\/12\\\/cropped-logo-2.png\",\"width\":512,\"height\":512,\"caption\":\"\u042d\u043a\u0441\u043a\u0443\u0440\u0441\u0438\u0438 Skyline\"},\"image\":{\"@id\":\"https:\\\/\\\/skyline-gs.com\\\/it\\\/#\\\/schema\\\/logo\\\/image\\\/\"},\"sameAs\":[\"https:\\\/\\\/www.instagram.com\\\/skylineglobalservice\\\/\"]}]}<\/script>\n<!-- \/ Yoast SEO plugin. -->","yoast_head_json":{"title":"\u042f\u0445\u0442\u0430 Mangusta L'ESPERANCE &#8226; \u042d\u043a\u0441\u043a\u0443\u0440\u0441\u0438\u0438 Skyline","robots":{"index":"index","follow":"follow","max-snippet":"max-snippet:-1","max-image-preview":"max-image-preview:large","max-video-preview":"max-video-preview:-1"},"canonical":"http:\/\/skyline-gs.com\/de\/produkt\/mangusta-l-esperance-dubai\/","og_locale":"de_DE","og_type":"article","og_title":"\u042f\u0445\u0442\u0430 Mangusta L'ESPERANCE &#8226; \u042d\u043a\u0441\u043a\u0443\u0440\u0441\u0438\u0438 Skyline","og_description":"\u0414\u043b\u0438\u0442\u0435\u043b\u044c\u043d\u043e\u0441\u0442\u044c \u0430\u0440\u0435\u043d\u0434\u044b:\u00a02 \u0447\u0430\u0441\u0430  \u0412\u043c\u0435\u0441\u0442\u0438\u0442\u0435\u043b\u044c\u043d\u043e\u0441\u0442\u044c:\u00a020 \u0447\u0435\u043b\u043e\u0432\u0435\u043a","og_url":"http:\/\/skyline-gs.com\/de\/produkt\/mangusta-l-esperance-dubai\/","og_site_name":"\u042d\u043a\u0441\u043a\u0443\u0440\u0441\u0438\u0438 Skyline","article_modified_time":"2025-11-11T22:12:29+00:00","og_image":[{"width":669,"height":446,"url":"https:\/\/skyline-gs.com\/wp-content\/uploads\/2022\/11\/8-5.png","type":"image\/png"}],"twitter_card":"summary_large_image","twitter_misc":{"Gesch\u00e4tzte Lesezeit":"2\u00a0Minuten"},"schema":{"@context":"https:\/\/schema.org","@graph":[{"@type":"WebPage","@id":"http:\/\/skyline-gs.com\/fr\/produit\/mangusta-l-esperance-dubai\/","url":"http:\/\/skyline-gs.com\/fr\/produit\/mangusta-l-esperance-dubai\/","name":"\u042f\u0445\u0442\u0430 Mangusta L'ESPERANCE &#8226; \u042d\u043a\u0441\u043a\u0443\u0440\u0441\u0438\u0438 Skyline","isPartOf":{"@id":"https:\/\/skyline-gs.com\/it\/#website"},"primaryImageOfPage":{"@id":"http:\/\/skyline-gs.com\/fr\/produit\/mangusta-l-esperance-dubai\/#primaryimage"},"image":{"@id":"http:\/\/skyline-gs.com\/fr\/produit\/mangusta-l-esperance-dubai\/#primaryimage"},"thumbnailUrl":"https:\/\/skyline-gs.com\/wp-content\/uploads\/2022\/11\/8-5.png","datePublished":"2022-11-13T18:34:48+00:00","dateModified":"2025-11-11T22:12:29+00:00","breadcrumb":{"@id":"http:\/\/skyline-gs.com\/fr\/produit\/mangusta-l-esperance-dubai\/#breadcrumb"},"inLanguage":"de","potentialAction":[{"@type":"ReadAction","target":["http:\/\/skyline-gs.com\/fr\/produit\/mangusta-l-esperance-dubai\/"]}]},{"@type":"ImageObject","inLanguage":"de","@id":"http:\/\/skyline-gs.com\/fr\/produit\/mangusta-l-esperance-dubai\/#primaryimage","url":"https:\/\/skyline-gs.com\/wp-content\/uploads\/2022\/11\/8-5.png","contentUrl":"https:\/\/skyline-gs.com\/wp-content\/uploads\/2022\/11\/8-5.png","width":669,"height":446},{"@type":"BreadcrumbList","@id":"http:\/\/skyline-gs.com\/fr\/produit\/mangusta-l-esperance-dubai\/#breadcrumb","itemListElement":[{"@type":"ListItem","position":1,"name":"\u0413\u043b\u0430\u0432\u043d\u0430\u044f \u0441\u0442\u0440\u0430\u043d\u0438\u0446\u0430","item":"https:\/\/skyline-gs.com\/hu\/"},{"@type":"ListItem","position":2,"name":"\u041c\u0430\u0433\u0430\u0437\u0438\u043d","item":"https:\/\/skyline-gs.com\/cs\/shop\/"},{"@type":"ListItem","position":3,"name":"\u042f\u0445\u0442\u0430 Mangusta L&#8217;ESPERANCE"}]},{"@type":"WebSite","@id":"https:\/\/skyline-gs.com\/it\/#website","url":"https:\/\/skyline-gs.com\/it\/","name":"Skyline Ausfl\u00fcge","description":"Exklusive Ausfl\u00fcge in den besten Resorts der Welt","publisher":{"@id":"https:\/\/skyline-gs.com\/it\/#organization"},"alternateName":"Skyline","potentialAction":[{"@type":"SearchAction","target":{"@type":"EntryPoint","urlTemplate":"https:\/\/skyline-gs.com\/it\/?s={search_term_string}"},"query-input":{"@type":"PropertyValueSpecification","valueRequired":true,"valueName":"search_term_string"}}],"inLanguage":"de"},{"@type":"Organization","@id":"https:\/\/skyline-gs.com\/it\/#organization","name":"Skyline Ausfl\u00fcge","alternateName":"\u042d\u043a\u0441\u043a\u0443\u0440\u0441\u0438\u0438 Skyline","url":"https:\/\/skyline-gs.com\/it\/","logo":{"@type":"ImageObject","inLanguage":"de","@id":"https:\/\/skyline-gs.com\/it\/#\/schema\/logo\/image\/","url":"https:\/\/skyline-gs.com\/wp-content\/uploads\/2020\/12\/cropped-logo-2.png","contentUrl":"https:\/\/skyline-gs.com\/wp-content\/uploads\/2020\/12\/cropped-logo-2.png","width":512,"height":512,"caption":"\u042d\u043a\u0441\u043a\u0443\u0440\u0441\u0438\u0438 Skyline"},"image":{"@id":"https:\/\/skyline-gs.com\/it\/#\/schema\/logo\/image\/"},"sameAs":["https:\/\/www.instagram.com\/skylineglobalservice\/"]}]}},"_links":{"self":[{"href":"https:\/\/skyline-gs.com\/de\/wp-json\/wp\/v2\/product\/56257","targetHints":{"allow":["GET"]}}],"collection":[{"href":"https:\/\/skyline-gs.com\/de\/wp-json\/wp\/v2\/product"}],"about":[{"href":"https:\/\/skyline-gs.com\/de\/wp-json\/wp\/v2\/types\/product"}],"version-history":[{"count":0,"href":"https:\/\/skyline-gs.com\/de\/wp-json\/wp\/v2\/product\/56257\/revisions"}],"wp:featuredmedia":[{"embeddable":true,"href":"https:\/\/skyline-gs.com\/de\/wp-json\/wp\/v2\/media\/41157"}],"wp:attachment":[{"href":"https:\/\/skyline-gs.com\/de\/wp-json\/wp\/v2\/media?parent=56257"}],"wp:term":[{"taxonomy":"product_brand","embeddable":true,"href":"https:\/\/skyline-gs.com\/de\/wp-json\/wp\/v2\/product_brand?post=56257"},{"taxonomy":"product_cat","embeddable":true,"href":"https:\/\/skyline-gs.com\/de\/wp-json\/wp\/v2\/product_cat?post=56257"},{"taxonomy":"product_tag","embeddable":true,"href":"https:\/\/skyline-gs.com\/de\/wp-json\/wp\/v2\/product_tag?post=56257"}],"curies":[{"name":"wp","href":"https:\/\/api.w.org\/{rel}","templated":true}]}}