{"id":55684,"date":"2022-10-16T18:36:56","date_gmt":"2022-10-16T15:36:56","guid":{"rendered":"https:\/\/zanzibar.skyline-gs.com\/?post_type=product&amp;p=19927"},"modified":"2022-10-16T18:36:56","modified_gmt":"2022-10-16T15:36:56","slug":"delfin-tour-cuza-hohle-und-jozani-forest","status":"publish","type":"product","link":"https:\/\/skyline-gs.com\/de\/product\/dolphin-tour-cuza-cave-and-jozani-forest\/","title":{"rendered":"Personalisierte Delfin-Tour von Kizimkazi, Kuza-H\u00f6hle und Jozani-Wald"},"content":{"rendered":"<p>5:00 Uhr Auschecken aus dem Hotel und Abfahrt zum Dorf Kizimkazi. In der Bucht von Kizimkazi im S\u00fcden der Insel sind die Bedingungen perfekt f\u00fcr Delfine. Eine fr\u00fche Abfahrt ist notwendig, um die Chancen, Delfine zu sehen, zu maximieren. Die Tiere, die nicht an die Bedingungen von Delfinarien gebunden sind, verhalten sich nat\u00fcrlich und zeigen eine nat\u00fcrliche Neugier, wenn sie auf Touristen treffen.  Diejenigen, die einen aktiveren Urlaub bevorzugen, sind eingeladen zu <strong>Delfinschwimmen<\/strong>, Die Delfine sind so freundlich, dass man sie streicheln darf und sie sogar bereitwillig akzeptieren, wenn Menschen mit ihnen spielen. Sie k\u00f6nnen sowohl Gro\u00dfe T\u00fcmmler als auch Buckeldelfine sehen. Nach der R\u00fcckkehr an die K\u00fcste ist Zeit f\u00fcr ein Fr\u00fchst\u00fcck (bestellen Sie Ihr Fr\u00fchst\u00fcck im Hotel).<\/p>\n<p>Danach geht es weiter in eine wundersch\u00f6ne Karsth\u00f6hle \u2014 <strong>Kusca-H\u00f6hle<\/strong>. Es ist ein heiliger Ort f\u00fcr die Einheimischen. Sansibar hat Hunderte von H\u00f6hlen, die durch viele Tunnel miteinander verbunden sind. Es wird angenommen, dass man nach dem Schwimmen im kristallklaren Wasser dieser H\u00f6hle von einigen Krankheiten geheilt werden kann und dass ein Wunsch, den man sich w\u00fcnscht, in Erf\u00fcllung gehen wird.<\/p>\n<p><strong>Besuch des Jozani-Waldes<\/strong> \u2014 Der n\u00e4chste Teil des Programms. Ein Urlaub in afrikanischen Resorts beinhaltet ein obligatorisches Kennenlernen der reichen und vielf\u00e4ltigen Tierwelt des Kontinents. Eine der besten M\u00f6glichkeiten hierf\u00fcr ist der Besuch eines Affenparks, in dem sch\u00f6ne und erstaunliche rote Colobusaffen frei herumlaufen. Das 44 Quadratkilometer gro\u00dfe Jozani Forest ist in drei Bereiche unterteilt: Der erste Bereich ist mit B\u00fcschen bewachsen; der zweite mit Mangroven; der dritte Bereich ist von Regenwald bedeckt. Neben Affen k\u00f6nnen Sie hier auch Cham\u00e4leons, wundersch\u00f6ne V\u00f6gel und Schmetterlinge antreffen. Programmende ca. 14:00 Uhr. Transfer zur\u00fcck zum Hotel.<\/p>\n<p><strong>Was ist inbegriffen:<\/strong><\/p>\n<ul>\n<li>Transfer vom Hotel und zur\u00fcck<\/li>\n<li>Alle Transfers erfolgen mit einem Minibus mit Klimaanlage<\/li>\n<li>Bootsverleih<\/li>\n<li>Englischsprachiger Reiseleiter<\/li>\n<li>Alle Eintrittskarten<\/li>\n<li>Obst und Snacks<\/li>\n<li>Schnorchelausr\u00fcstung<\/li>\n<li>Schwimmwesten<\/li>\n<\/ul>\n<p><strong>Mitnehmen:<\/strong><\/p>\n<ul>\n<li>Fr\u00fchst\u00fcck zum Mitnehmen (bestellen Sie eine Lunchbox an der Rezeption des Hotels)<\/li>\n<li>Badeanzug, Badehose<\/li>\n<li>Handtuch<\/li>\n<li>Kamera<\/li>\n<li><span class=\"fontstyle0\">Sonnenbrille<\/span><\/li>\n<li>Kopfbedeckung<\/li>\n<li><span class=\"fontstyle0\">Sonnencreme<\/span><\/li>\n<\/ul>\n<ul>\n<li style=\"list-style-type: none;\"><\/li>\n<\/ul>","protected":false},"excerpt":{"rendered":"<p><strong>Tourzeit: <\/strong>5:00 \u2014 14:00<\/p>\n<p><strong>Veranstaltungstage: <\/strong>T\u00e4glich<\/p>","protected":false},"featured_media":19929,"template":"","meta":{"_kad_post_transparent":"default","_kad_post_title":"","_kad_post_layout":"default","_kad_post_sidebar_id":"","_kad_post_content_style":"default","_kad_post_vertical_padding":"default","_kad_post_feature":"","_kad_post_feature_position":"","_kad_post_header":false,"_kad_post_footer":false,"_kad_post_classname":"","_glsr_average":0,"_glsr_ranking":0,"_glsr_reviews":0},"product_brand":[],"product_cat":[470],"product_tag":[],"class_list":{"0":"post-55684","1":"product","2":"type-product","3":"status-publish","4":"has-post-thumbnail","6":"product_cat-individual","7":"tm-has-options","9":"first","10":"instock","11":"sold-individually","12":"taxable","13":"shipping-taxable","14":"purchasable","15":"product-type-simple","16":"entry","17":"content-bg","18":"loop-entry"},"yoast_head":"<!-- This site is optimized with the Yoast SEO plugin v27.4 - https:\/\/yoast.com\/product\/yoast-seo-wordpress\/ -->\n<title>\u0418\u043d\u0434\u0438\u0432\u0438\u0434\u0443\u0430\u043b\u044c\u043d\u044b\u0439 \u0414\u0435\u043b\u044c\u0444\u0438\u043d \u0442\u0443\u0440 \u0438\u0437 \u041a\u0438\u0437\u0438\u043c\u043a\u0430\u0437\u0438, \u041f\u0435\u0449\u0435\u0440\u0430 \u041a\u0443\u0437\u0430 \u0438 \u041b\u0435\u0441 \u0414\u0436\u043e\u0437\u0430\u043d\u0438 &#8226; \u042d\u043a\u0441\u043a\u0443\u0440\u0441\u0438\u0438 Skyline<\/title>\n<meta name=\"robots\" content=\"index, follow, max-snippet:-1, max-image-preview:large, max-video-preview:-1\" \/>\n<link rel=\"canonical\" href=\"http:\/\/skyline-gs.com\/de\/produkt\/delfin-tour-cuza-hohle-und-jozani-forest\/\" \/>\n<meta property=\"og:locale\" content=\"de_DE\" \/>\n<meta property=\"og:type\" content=\"article\" \/>\n<meta property=\"og:title\" content=\"\u0418\u043d\u0434\u0438\u0432\u0438\u0434\u0443\u0430\u043b\u044c\u043d\u044b\u0439 \u0414\u0435\u043b\u044c\u0444\u0438\u043d \u0442\u0443\u0440 \u0438\u0437 \u041a\u0438\u0437\u0438\u043c\u043a\u0430\u0437\u0438, \u041f\u0435\u0449\u0435\u0440\u0430 \u041a\u0443\u0437\u0430 \u0438 \u041b\u0435\u0441 \u0414\u0436\u043e\u0437\u0430\u043d\u0438 &#8226; \u042d\u043a\u0441\u043a\u0443\u0440\u0441\u0438\u0438 Skyline\" \/>\n<meta property=\"og:description\" content=\"\u0412\u0440\u0435\u043c\u044f \u0442\u0443\u0440\u0430: 5:00 - 14:00 \u0414\u043d\u0438 \u043f\u0440\u043e\u0432\u0435\u0434\u0435\u043d\u0438\u044f: \u0435\u0436\u0435\u0434\u043d\u0435\u0432\u043d\u043e\" \/>\n<meta property=\"og:url\" content=\"http:\/\/skyline-gs.com\/de\/produkt\/delfin-tour-cuza-hohle-und-jozani-forest\/\" \/>\n<meta property=\"og:site_name\" content=\"\u042d\u043a\u0441\u043a\u0443\u0440\u0441\u0438\u0438 Skyline\" \/>\n<meta property=\"og:image\" content=\"https:\/\/skyline-gs.com\/wp-content\/uploads\/2022\/10\/3-3-1.png\" \/>\n\t<meta property=\"og:image:width\" content=\"669\" \/>\n\t<meta property=\"og:image:height\" content=\"446\" \/>\n\t<meta property=\"og:image:type\" content=\"image\/png\" \/>\n<meta name=\"twitter:card\" content=\"summary_large_image\" \/>\n<meta name=\"twitter:label1\" content=\"Gesch\u00e4tzte Lesezeit\" \/>\n\t<meta name=\"twitter:data1\" content=\"2\u00a0Minuten\" \/>\n<script type=\"application\/ld+json\" class=\"yoast-schema-graph\">{\"@context\":\"https:\\\/\\\/schema.org\",\"@graph\":[{\"@type\":\"WebPage\",\"@id\":\"http:\\\/\\\/skyline-gs.com\\\/pl\\\/produkt\\\/dolphin-tour-cuza-cave-and-jozani-forest\\\/\",\"url\":\"http:\\\/\\\/skyline-gs.com\\\/pl\\\/produkt\\\/dolphin-tour-cuza-cave-and-jozani-forest\\\/\",\"name\":\"\u0418\u043d\u0434\u0438\u0432\u0438\u0434\u0443\u0430\u043b\u044c\u043d\u044b\u0439 \u0414\u0435\u043b\u044c\u0444\u0438\u043d \u0442\u0443\u0440 \u0438\u0437 \u041a\u0438\u0437\u0438\u043c\u043a\u0430\u0437\u0438, \u041f\u0435\u0449\u0435\u0440\u0430 \u041a\u0443\u0437\u0430 \u0438 \u041b\u0435\u0441 \u0414\u0436\u043e\u0437\u0430\u043d\u0438 &#8226; \u042d\u043a\u0441\u043a\u0443\u0440\u0441\u0438\u0438 Skyline\",\"isPartOf\":{\"@id\":\"https:\\\/\\\/skyline-gs.com\\\/it\\\/#website\"},\"primaryImageOfPage\":{\"@id\":\"http:\\\/\\\/skyline-gs.com\\\/pl\\\/produkt\\\/dolphin-tour-cuza-cave-and-jozani-forest\\\/#primaryimage\"},\"image\":{\"@id\":\"http:\\\/\\\/skyline-gs.com\\\/pl\\\/produkt\\\/dolphin-tour-cuza-cave-and-jozani-forest\\\/#primaryimage\"},\"thumbnailUrl\":\"https:\\\/\\\/skyline-gs.com\\\/wp-content\\\/uploads\\\/2022\\\/10\\\/3-3-1.png\",\"datePublished\":\"2022-10-16T15:36:56+00:00\",\"breadcrumb\":{\"@id\":\"http:\\\/\\\/skyline-gs.com\\\/pl\\\/produkt\\\/dolphin-tour-cuza-cave-and-jozani-forest\\\/#breadcrumb\"},\"inLanguage\":\"de\",\"potentialAction\":[{\"@type\":\"ReadAction\",\"target\":[\"http:\\\/\\\/skyline-gs.com\\\/pl\\\/produkt\\\/dolphin-tour-cuza-cave-and-jozani-forest\\\/\"]}]},{\"@type\":\"ImageObject\",\"inLanguage\":\"de\",\"@id\":\"http:\\\/\\\/skyline-gs.com\\\/pl\\\/produkt\\\/dolphin-tour-cuza-cave-and-jozani-forest\\\/#primaryimage\",\"url\":\"https:\\\/\\\/skyline-gs.com\\\/wp-content\\\/uploads\\\/2022\\\/10\\\/3-3-1.png\",\"contentUrl\":\"https:\\\/\\\/skyline-gs.com\\\/wp-content\\\/uploads\\\/2022\\\/10\\\/3-3-1.png\",\"width\":669,\"height\":446},{\"@type\":\"BreadcrumbList\",\"@id\":\"http:\\\/\\\/skyline-gs.com\\\/pl\\\/produkt\\\/dolphin-tour-cuza-cave-and-jozani-forest\\\/#breadcrumb\",\"itemListElement\":[{\"@type\":\"ListItem\",\"position\":1,\"name\":\"\u0413\u043b\u0430\u0432\u043d\u0430\u044f \u0441\u0442\u0440\u0430\u043d\u0438\u0446\u0430\",\"item\":\"https:\\\/\\\/skyline-gs.com\\\/hu\\\/\"},{\"@type\":\"ListItem\",\"position\":2,\"name\":\"\u041c\u0430\u0433\u0430\u0437\u0438\u043d\",\"item\":\"https:\\\/\\\/skyline-gs.com\\\/cs\\\/shop\\\/\"},{\"@type\":\"ListItem\",\"position\":3,\"name\":\"\u0418\u043d\u0434\u0438\u0432\u0438\u0434\u0443\u0430\u043b\u044c\u043d\u044b\u0439 \u0414\u0435\u043b\u044c\u0444\u0438\u043d \u0442\u0443\u0440 \u0438\u0437 \u041a\u0438\u0437\u0438\u043c\u043a\u0430\u0437\u0438, \u041f\u0435\u0449\u0435\u0440\u0430 \u041a\u0443\u0437\u0430 \u0438 \u041b\u0435\u0441 \u0414\u0436\u043e\u0437\u0430\u043d\u0438\"}]},{\"@type\":\"WebSite\",\"@id\":\"https:\\\/\\\/skyline-gs.com\\\/it\\\/#website\",\"url\":\"https:\\\/\\\/skyline-gs.com\\\/it\\\/\",\"name\":\"\u042d\u043a\u0441\u043a\u0443\u0440\u0441\u0438\u0438 Skyline\",\"description\":\"\u042d\u043a\u0441\u043a\u043b\u044e\u0437\u0438\u0432\u043d\u044b\u0435 \u044d\u043a\u0441\u043a\u0443\u0440\u0441\u0438\u0438 \u043d\u0430 \u043b\u0443\u0447\u0448\u0438\u0445 \u043a\u0443\u0440\u043e\u0440\u0442\u0430\u0445 \u043c\u0438\u0440\u0430\",\"publisher\":{\"@id\":\"https:\\\/\\\/skyline-gs.com\\\/it\\\/#organization\"},\"alternateName\":\"Skyline\",\"potentialAction\":[{\"@type\":\"SearchAction\",\"target\":{\"@type\":\"EntryPoint\",\"urlTemplate\":\"https:\\\/\\\/skyline-gs.com\\\/it\\\/?s={search_term_string}\"},\"query-input\":{\"@type\":\"PropertyValueSpecification\",\"valueRequired\":true,\"valueName\":\"search_term_string\"}}],\"inLanguage\":\"de\"},{\"@type\":\"Organization\",\"@id\":\"https:\\\/\\\/skyline-gs.com\\\/it\\\/#organization\",\"name\":\"\u042d\u043a\u0441\u043a\u0443\u0440\u0441\u0438\u0438 Skyline\",\"alternateName\":\"\u042d\u043a\u0441\u043a\u0443\u0440\u0441\u0438\u0438 Skyline\",\"url\":\"https:\\\/\\\/skyline-gs.com\\\/it\\\/\",\"logo\":{\"@type\":\"ImageObject\",\"inLanguage\":\"de\",\"@id\":\"https:\\\/\\\/skyline-gs.com\\\/it\\\/#\\\/schema\\\/logo\\\/image\\\/\",\"url\":\"https:\\\/\\\/skyline-gs.com\\\/wp-content\\\/uploads\\\/2020\\\/12\\\/cropped-logo-2.png\",\"contentUrl\":\"https:\\\/\\\/skyline-gs.com\\\/wp-content\\\/uploads\\\/2020\\\/12\\\/cropped-logo-2.png\",\"width\":512,\"height\":512,\"caption\":\"\u042d\u043a\u0441\u043a\u0443\u0440\u0441\u0438\u0438 Skyline\"},\"image\":{\"@id\":\"https:\\\/\\\/skyline-gs.com\\\/it\\\/#\\\/schema\\\/logo\\\/image\\\/\"},\"sameAs\":[\"https:\\\/\\\/www.instagram.com\\\/skylineglobalservice\\\/\"]}]}<\/script>\n<!-- \/ Yoast SEO plugin. -->","yoast_head_json":{"title":"Individuelle Delfin-Tour von Kizimkazi, Kuza-H\u00f6hle und Jozani-Wald \u2022 Skyline-Touren","robots":{"index":"index","follow":"follow","max-snippet":"max-snippet:-1","max-image-preview":"max-image-preview:large","max-video-preview":"max-video-preview:-1"},"canonical":"http:\/\/skyline-gs.com\/de\/produkt\/delfin-tour-cuza-hohle-und-jozani-forest\/","og_locale":"de_DE","og_type":"article","og_title":"\u0418\u043d\u0434\u0438\u0432\u0438\u0434\u0443\u0430\u043b\u044c\u043d\u044b\u0439 \u0414\u0435\u043b\u044c\u0444\u0438\u043d \u0442\u0443\u0440 \u0438\u0437 \u041a\u0438\u0437\u0438\u043c\u043a\u0430\u0437\u0438, \u041f\u0435\u0449\u0435\u0440\u0430 \u041a\u0443\u0437\u0430 \u0438 \u041b\u0435\u0441 \u0414\u0436\u043e\u0437\u0430\u043d\u0438 &#8226; \u042d\u043a\u0441\u043a\u0443\u0440\u0441\u0438\u0438 Skyline","og_description":"\u0412\u0440\u0435\u043c\u044f \u0442\u0443\u0440\u0430: 5:00 - 14:00 \u0414\u043d\u0438 \u043f\u0440\u043e\u0432\u0435\u0434\u0435\u043d\u0438\u044f: \u0435\u0436\u0435\u0434\u043d\u0435\u0432\u043d\u043e","og_url":"http:\/\/skyline-gs.com\/de\/produkt\/delfin-tour-cuza-hohle-und-jozani-forest\/","og_site_name":"\u042d\u043a\u0441\u043a\u0443\u0440\u0441\u0438\u0438 Skyline","og_image":[{"width":669,"height":446,"url":"https:\/\/skyline-gs.com\/wp-content\/uploads\/2022\/10\/3-3-1.png","type":"image\/png"}],"twitter_card":"summary_large_image","twitter_misc":{"Gesch\u00e4tzte Lesezeit":"2\u00a0Minuten"},"schema":{"@context":"https:\/\/schema.org","@graph":[{"@type":"WebPage","@id":"http:\/\/skyline-gs.com\/pl\/produkt\/dolphin-tour-cuza-cave-and-jozani-forest\/","url":"http:\/\/skyline-gs.com\/pl\/produkt\/dolphin-tour-cuza-cave-and-jozani-forest\/","name":"Individuelle Delfin-Tour von Kizimkazi, Kuza-H\u00f6hle und Jozani-Wald \u2022 Skyline-Touren","isPartOf":{"@id":"https:\/\/skyline-gs.com\/it\/#website"},"primaryImageOfPage":{"@id":"http:\/\/skyline-gs.com\/pl\/produkt\/dolphin-tour-cuza-cave-and-jozani-forest\/#primaryimage"},"image":{"@id":"http:\/\/skyline-gs.com\/pl\/produkt\/dolphin-tour-cuza-cave-and-jozani-forest\/#primaryimage"},"thumbnailUrl":"https:\/\/skyline-gs.com\/wp-content\/uploads\/2022\/10\/3-3-1.png","datePublished":"2022-10-16T15:36:56+00:00","breadcrumb":{"@id":"http:\/\/skyline-gs.com\/pl\/produkt\/dolphin-tour-cuza-cave-and-jozani-forest\/#breadcrumb"},"inLanguage":"de","potentialAction":[{"@type":"ReadAction","target":["http:\/\/skyline-gs.com\/pl\/produkt\/dolphin-tour-cuza-cave-and-jozani-forest\/"]}]},{"@type":"ImageObject","inLanguage":"de","@id":"http:\/\/skyline-gs.com\/pl\/produkt\/dolphin-tour-cuza-cave-and-jozani-forest\/#primaryimage","url":"https:\/\/skyline-gs.com\/wp-content\/uploads\/2022\/10\/3-3-1.png","contentUrl":"https:\/\/skyline-gs.com\/wp-content\/uploads\/2022\/10\/3-3-1.png","width":669,"height":446},{"@type":"BreadcrumbList","@id":"http:\/\/skyline-gs.com\/pl\/produkt\/dolphin-tour-cuza-cave-and-jozani-forest\/#breadcrumb","itemListElement":[{"@type":"ListItem","position":1,"name":"\u0413\u043b\u0430\u0432\u043d\u0430\u044f \u0441\u0442\u0440\u0430\u043d\u0438\u0446\u0430","item":"https:\/\/skyline-gs.com\/hu\/"},{"@type":"ListItem","position":2,"name":"\u041c\u0430\u0433\u0430\u0437\u0438\u043d","item":"https:\/\/skyline-gs.com\/cs\/shop\/"},{"@type":"ListItem","position":3,"name":"\u0418\u043d\u0434\u0438\u0432\u0438\u0434\u0443\u0430\u043b\u044c\u043d\u044b\u0439 \u0414\u0435\u043b\u044c\u0444\u0438\u043d \u0442\u0443\u0440 \u0438\u0437 \u041a\u0438\u0437\u0438\u043c\u043a\u0430\u0437\u0438, \u041f\u0435\u0449\u0435\u0440\u0430 \u041a\u0443\u0437\u0430 \u0438 \u041b\u0435\u0441 \u0414\u0436\u043e\u0437\u0430\u043d\u0438"}]},{"@type":"WebSite","@id":"https:\/\/skyline-gs.com\/it\/#website","url":"https:\/\/skyline-gs.com\/it\/","name":"Skyline Ausfl\u00fcge","description":"Exklusive Ausfl\u00fcge in den besten Resorts der Welt","publisher":{"@id":"https:\/\/skyline-gs.com\/it\/#organization"},"alternateName":"Skyline","potentialAction":[{"@type":"SearchAction","target":{"@type":"EntryPoint","urlTemplate":"https:\/\/skyline-gs.com\/it\/?s={search_term_string}"},"query-input":{"@type":"PropertyValueSpecification","valueRequired":true,"valueName":"search_term_string"}}],"inLanguage":"de"},{"@type":"Organization","@id":"https:\/\/skyline-gs.com\/it\/#organization","name":"Skyline Ausfl\u00fcge","alternateName":"\u042d\u043a\u0441\u043a\u0443\u0440\u0441\u0438\u0438 Skyline","url":"https:\/\/skyline-gs.com\/it\/","logo":{"@type":"ImageObject","inLanguage":"de","@id":"https:\/\/skyline-gs.com\/it\/#\/schema\/logo\/image\/","url":"https:\/\/skyline-gs.com\/wp-content\/uploads\/2020\/12\/cropped-logo-2.png","contentUrl":"https:\/\/skyline-gs.com\/wp-content\/uploads\/2020\/12\/cropped-logo-2.png","width":512,"height":512,"caption":"\u042d\u043a\u0441\u043a\u0443\u0440\u0441\u0438\u0438 Skyline"},"image":{"@id":"https:\/\/skyline-gs.com\/it\/#\/schema\/logo\/image\/"},"sameAs":["https:\/\/www.instagram.com\/skylineglobalservice\/"]}]}},"_links":{"self":[{"href":"https:\/\/skyline-gs.com\/de\/wp-json\/wp\/v2\/product\/55684","targetHints":{"allow":["GET"]}}],"collection":[{"href":"https:\/\/skyline-gs.com\/de\/wp-json\/wp\/v2\/product"}],"about":[{"href":"https:\/\/skyline-gs.com\/de\/wp-json\/wp\/v2\/types\/product"}],"version-history":[{"count":0,"href":"https:\/\/skyline-gs.com\/de\/wp-json\/wp\/v2\/product\/55684\/revisions"}],"wp:featuredmedia":[{"embeddable":true,"href":"https:\/\/skyline-gs.com\/de\/wp-json\/wp\/v2\/media\/19929"}],"wp:attachment":[{"href":"https:\/\/skyline-gs.com\/de\/wp-json\/wp\/v2\/media?parent=55684"}],"wp:term":[{"taxonomy":"product_brand","embeddable":true,"href":"https:\/\/skyline-gs.com\/de\/wp-json\/wp\/v2\/product_brand?post=55684"},{"taxonomy":"product_cat","embeddable":true,"href":"https:\/\/skyline-gs.com\/de\/wp-json\/wp\/v2\/product_cat?post=55684"},{"taxonomy":"product_tag","embeddable":true,"href":"https:\/\/skyline-gs.com\/de\/wp-json\/wp\/v2\/product_tag?post=55684"}],"curies":[{"name":"wp","href":"https:\/\/api.w.org\/{rel}","templated":true}]}}