{"id":53290,"date":"2024-08-01T16:33:30","date_gmt":"2024-08-01T14:33:30","guid":{"rendered":"http:\/\/skyline-gs.com\/?post_type=product&#038;p=53290"},"modified":"2024-10-21T22:19:18","modified_gmt":"2024-10-21T20:19:18","slug":"lake-salda-and-pammukale-side","status":"publish","type":"product","link":"https:\/\/skyline-gs.com\/de\/product\/lake-salda-and-pammukale-side\/","title":{"rendered":"Salda-See und Pammukale"},"content":{"rendered":"<p>6:00 Uhr Auschecken aus dem Hotel. Der erste Punkt ist das Fr\u00fchst\u00fcck im Restaurant. Danach erwarten Sie die ber\u00fchmten \u00abBaumwollterrassen\u00bb von Pamukkale und ein Mittagessen in einem gem\u00fctlichen Restaurant mit nationaler t\u00fcrkischer K\u00fcche. Danach folgt eine faszinierende F\u00fchrung durch die antike Stadt Hierapolis, gefolgt von einem Besuch am Kleopatra-Teich, wo Sie ein Bad nehmen k\u00f6nnen. Danach geht es zum Salda-See, wo 60 Minuten zur Entspannung zur Verf\u00fcgung stehen. Die Tour endet mit einem Abendessen und dem Transfer zur\u00fcck zu den Hotels. Gegen 21:00 Uhr R\u00fcckkehr zum Hotel.<\/p>\n<p><strong>Inbegriffen:<\/strong><\/p>\n<ul>\n<li>Transfer vom Hotel und zur\u00fcck<\/li>\n<li>Transfers im Rahmen des Programms erfolgen in einem komfortablen klimatisierten Bus<\/li>\n<li>Englischsprachiger Reiseleiter<\/li>\n<li>Abendessen (Buffet)<\/li>\n<li>Versicherung<\/li>\n<\/ul>\n<p><strong>Nicht enthalten:<\/strong><\/p>\n<ul>\n<li>Eintritt zum Kleopatra-Pool (optional +8$)<\/li>\n<li>Eintritt in das Karahayit-Schwimmbad (fakultativ +8$)<\/li>\n<li>Eintrittsgelder f\u00fcr Pamukkale und Hierapolis (+32$)<\/li>\n<li>Getr\u00e4nke<\/li>\n<li>Fr\u00fchst\u00fcck<\/li>\n<li>Abendessen<\/li>\n<\/ul>\n<p><strong>Nimm mit:<\/strong><\/p>\n<ul>\n<li>Wasser<\/li>\n<li>Bequeme Schuhe<\/li>\n<li>Sonnencreme<\/li>\n<li>Badeanzug, Badehose<\/li>\n<li>Handtuch<\/li>\n<li>Kamera<\/li>\n<li>Geld f\u00fcr pers\u00f6nliche Ausgaben<\/li>\n<\/ul>","protected":false},"excerpt":{"rendered":"<p><strong>Tourzeit:<\/strong> 6:00 \u2014 21:00<\/p>\n<p><strong>Veranstaltungstage:<\/strong> T\u00e4glich<\/p>","protected":false},"featured_media":53291,"template":"","meta":{"_kad_post_transparent":"default","_kad_post_title":"","_kad_post_layout":"default","_kad_post_sidebar_id":"","_kad_post_content_style":"default","_kad_post_vertical_padding":"default","_kad_post_feature":"","_kad_post_feature_position":"","_kad_post_header":false,"_kad_post_footer":false,"_kad_post_classname":"","_glsr_average":0,"_glsr_ranking":0,"_glsr_reviews":0},"product_brand":[],"product_cat":[446],"product_tag":[],"class_list":{"0":"post-53290","1":"product","2":"type-product","3":"status-publish","4":"has-post-thumbnail","6":"product_cat-side","7":"tm-has-options","9":"first","10":"instock","11":"sale","12":"sold-individually","13":"taxable","14":"shipping-taxable","15":"purchasable","16":"product-type-simple","17":"entry","18":"content-bg","19":"loop-entry"},"yoast_head":"<!-- This site is optimized with the Yoast SEO plugin v27.3 - https:\/\/yoast.com\/product\/yoast-seo-wordpress\/ -->\n<title>\u041e\u0437\u0435\u0440\u043e \u0421\u0430\u043b\u0434\u0430 \u0438 \u041f\u0430\u043c\u043c\u0443\u043a\u0430\u043b\u0435 &#8226; \u042d\u043a\u0441\u043a\u0443\u0440\u0441\u0438\u0438 Skyline<\/title>\n<meta name=\"robots\" content=\"index, follow, max-snippet:-1, max-image-preview:large, max-video-preview:-1\" \/>\n<link rel=\"canonical\" href=\"http:\/\/skyline-gs.com\/de\/produkt\/lake-salda-and-pammukale-side\/\" \/>\n<meta property=\"og:locale\" content=\"de_DE\" \/>\n<meta property=\"og:type\" content=\"article\" \/>\n<meta property=\"og:title\" content=\"\u041e\u0437\u0435\u0440\u043e \u0421\u0430\u043b\u0434\u0430 \u0438 \u041f\u0430\u043c\u043c\u0443\u043a\u0430\u043b\u0435 &#8226; \u042d\u043a\u0441\u043a\u0443\u0440\u0441\u0438\u0438 Skyline\" \/>\n<meta property=\"og:description\" content=\"\u0412\u0440\u0435\u043c\u044f \u0442\u0443\u0440\u0430: 6:00 - 21:00  \u0414\u043d\u0438 \u043f\u0440\u043e\u0432\u0435\u0434\u0435\u043d\u0438\u044f: \u0435\u0436\u0435\u0434\u043d\u0435\u0432\u043d\u043e\" \/>\n<meta property=\"og:url\" content=\"http:\/\/skyline-gs.com\/de\/produkt\/lake-salda-and-pammukale-side\/\" \/>\n<meta property=\"og:site_name\" content=\"\u042d\u043a\u0441\u043a\u0443\u0440\u0441\u0438\u0438 Skyline\" \/>\n<meta property=\"article:modified_time\" content=\"2024-10-21T20:19:18+00:00\" \/>\n<meta property=\"og:image\" content=\"https:\/\/skyline-gs.com\/wp-content\/uploads\/2024\/08\/5.png\" \/>\n\t<meta property=\"og:image:width\" content=\"669\" \/>\n\t<meta property=\"og:image:height\" content=\"446\" \/>\n\t<meta property=\"og:image:type\" content=\"image\/png\" \/>\n<meta name=\"twitter:card\" content=\"summary_large_image\" \/>\n<meta name=\"twitter:label1\" content=\"Gesch\u00e4tzte Lesezeit\" \/>\n\t<meta name=\"twitter:data1\" content=\"1\u00a0Minute\" \/>\n<script type=\"application\/ld+json\" class=\"yoast-schema-graph\">{\"@context\":\"https:\\\/\\\/schema.org\",\"@graph\":[{\"@type\":\"WebPage\",\"@id\":\"http:\\\/\\\/skyline-gs.com\\\/pl\\\/produkt\\\/lake-salda-and-pammukale-side\\\/\",\"url\":\"http:\\\/\\\/skyline-gs.com\\\/pl\\\/produkt\\\/lake-salda-and-pammukale-side\\\/\",\"name\":\"\u041e\u0437\u0435\u0440\u043e \u0421\u0430\u043b\u0434\u0430 \u0438 \u041f\u0430\u043c\u043c\u0443\u043a\u0430\u043b\u0435 &#8226; \u042d\u043a\u0441\u043a\u0443\u0440\u0441\u0438\u0438 Skyline\",\"isPartOf\":{\"@id\":\"https:\\\/\\\/skyline-gs.com\\\/it\\\/#website\"},\"primaryImageOfPage\":{\"@id\":\"http:\\\/\\\/skyline-gs.com\\\/pl\\\/produkt\\\/lake-salda-and-pammukale-side\\\/#primaryimage\"},\"image\":{\"@id\":\"http:\\\/\\\/skyline-gs.com\\\/pl\\\/produkt\\\/lake-salda-and-pammukale-side\\\/#primaryimage\"},\"thumbnailUrl\":\"https:\\\/\\\/skyline-gs.com\\\/wp-content\\\/uploads\\\/2024\\\/08\\\/5.png\",\"datePublished\":\"2024-08-01T14:33:30+00:00\",\"dateModified\":\"2024-10-21T20:19:18+00:00\",\"breadcrumb\":{\"@id\":\"http:\\\/\\\/skyline-gs.com\\\/pl\\\/produkt\\\/lake-salda-and-pammukale-side\\\/#breadcrumb\"},\"inLanguage\":\"de\",\"potentialAction\":[{\"@type\":\"ReadAction\",\"target\":[\"http:\\\/\\\/skyline-gs.com\\\/pl\\\/produkt\\\/lake-salda-and-pammukale-side\\\/\"]}]},{\"@type\":\"ImageObject\",\"inLanguage\":\"de\",\"@id\":\"http:\\\/\\\/skyline-gs.com\\\/pl\\\/produkt\\\/lake-salda-and-pammukale-side\\\/#primaryimage\",\"url\":\"https:\\\/\\\/skyline-gs.com\\\/wp-content\\\/uploads\\\/2024\\\/08\\\/5.png\",\"contentUrl\":\"https:\\\/\\\/skyline-gs.com\\\/wp-content\\\/uploads\\\/2024\\\/08\\\/5.png\",\"width\":669,\"height\":446},{\"@type\":\"BreadcrumbList\",\"@id\":\"http:\\\/\\\/skyline-gs.com\\\/pl\\\/produkt\\\/lake-salda-and-pammukale-side\\\/#breadcrumb\",\"itemListElement\":[{\"@type\":\"ListItem\",\"position\":1,\"name\":\"\u0413\u043b\u0430\u0432\u043d\u0430\u044f \u0441\u0442\u0440\u0430\u043d\u0438\u0446\u0430\",\"item\":\"https:\\\/\\\/skyline-gs.com\\\/hu\\\/\"},{\"@type\":\"ListItem\",\"position\":2,\"name\":\"\u041c\u0430\u0433\u0430\u0437\u0438\u043d\",\"item\":\"https:\\\/\\\/skyline-gs.com\\\/cs\\\/shop\\\/\"},{\"@type\":\"ListItem\",\"position\":3,\"name\":\"\u041e\u0437\u0435\u0440\u043e \u0421\u0430\u043b\u0434\u0430 \u0438 \u041f\u0430\u043c\u043c\u0443\u043a\u0430\u043b\u0435\"}]},{\"@type\":\"WebSite\",\"@id\":\"https:\\\/\\\/skyline-gs.com\\\/it\\\/#website\",\"url\":\"https:\\\/\\\/skyline-gs.com\\\/it\\\/\",\"name\":\"\u042d\u043a\u0441\u043a\u0443\u0440\u0441\u0438\u0438 Skyline\",\"description\":\"\u042d\u043a\u0441\u043a\u043b\u044e\u0437\u0438\u0432\u043d\u044b\u0435 \u044d\u043a\u0441\u043a\u0443\u0440\u0441\u0438\u0438 \u043d\u0430 \u043b\u0443\u0447\u0448\u0438\u0445 \u043a\u0443\u0440\u043e\u0440\u0442\u0430\u0445 \u043c\u0438\u0440\u0430\",\"publisher\":{\"@id\":\"https:\\\/\\\/skyline-gs.com\\\/it\\\/#organization\"},\"alternateName\":\"Skyline\",\"potentialAction\":[{\"@type\":\"SearchAction\",\"target\":{\"@type\":\"EntryPoint\",\"urlTemplate\":\"https:\\\/\\\/skyline-gs.com\\\/it\\\/?s={search_term_string}\"},\"query-input\":{\"@type\":\"PropertyValueSpecification\",\"valueRequired\":true,\"valueName\":\"search_term_string\"}}],\"inLanguage\":\"de\"},{\"@type\":\"Organization\",\"@id\":\"https:\\\/\\\/skyline-gs.com\\\/it\\\/#organization\",\"name\":\"\u042d\u043a\u0441\u043a\u0443\u0440\u0441\u0438\u0438 Skyline\",\"alternateName\":\"\u042d\u043a\u0441\u043a\u0443\u0440\u0441\u0438\u0438 Skyline\",\"url\":\"https:\\\/\\\/skyline-gs.com\\\/it\\\/\",\"logo\":{\"@type\":\"ImageObject\",\"inLanguage\":\"de\",\"@id\":\"https:\\\/\\\/skyline-gs.com\\\/it\\\/#\\\/schema\\\/logo\\\/image\\\/\",\"url\":\"https:\\\/\\\/skyline-gs.com\\\/wp-content\\\/uploads\\\/2020\\\/12\\\/cropped-logo-2.png\",\"contentUrl\":\"https:\\\/\\\/skyline-gs.com\\\/wp-content\\\/uploads\\\/2020\\\/12\\\/cropped-logo-2.png\",\"width\":512,\"height\":512,\"caption\":\"\u042d\u043a\u0441\u043a\u0443\u0440\u0441\u0438\u0438 Skyline\"},\"image\":{\"@id\":\"https:\\\/\\\/skyline-gs.com\\\/it\\\/#\\\/schema\\\/logo\\\/image\\\/\"},\"sameAs\":[\"https:\\\/\\\/www.instagram.com\\\/skylineglobalservice\\\/\"]}]}<\/script>\n<!-- \/ Yoast SEO plugin. -->","yoast_head_json":{"title":"Salda-See und Pammukale - Skyline Excursions","robots":{"index":"index","follow":"follow","max-snippet":"max-snippet:-1","max-image-preview":"max-image-preview:large","max-video-preview":"max-video-preview:-1"},"canonical":"http:\/\/skyline-gs.com\/de\/produkt\/lake-salda-and-pammukale-side\/","og_locale":"de_DE","og_type":"article","og_title":"\u041e\u0437\u0435\u0440\u043e \u0421\u0430\u043b\u0434\u0430 \u0438 \u041f\u0430\u043c\u043c\u0443\u043a\u0430\u043b\u0435 &#8226; \u042d\u043a\u0441\u043a\u0443\u0440\u0441\u0438\u0438 Skyline","og_description":"\u0412\u0440\u0435\u043c\u044f \u0442\u0443\u0440\u0430: 6:00 - 21:00  \u0414\u043d\u0438 \u043f\u0440\u043e\u0432\u0435\u0434\u0435\u043d\u0438\u044f: \u0435\u0436\u0435\u0434\u043d\u0435\u0432\u043d\u043e","og_url":"http:\/\/skyline-gs.com\/de\/produkt\/lake-salda-and-pammukale-side\/","og_site_name":"\u042d\u043a\u0441\u043a\u0443\u0440\u0441\u0438\u0438 Skyline","article_modified_time":"2024-10-21T20:19:18+00:00","og_image":[{"width":669,"height":446,"url":"https:\/\/skyline-gs.com\/wp-content\/uploads\/2024\/08\/5.png","type":"image\/png"}],"twitter_card":"summary_large_image","twitter_misc":{"Gesch\u00e4tzte Lesezeit":"1\u00a0Minute"},"schema":{"@context":"https:\/\/schema.org","@graph":[{"@type":"WebPage","@id":"http:\/\/skyline-gs.com\/pl\/produkt\/lake-salda-and-pammukale-side\/","url":"http:\/\/skyline-gs.com\/pl\/produkt\/lake-salda-and-pammukale-side\/","name":"Salda-See und Pammukale - Skyline Excursions","isPartOf":{"@id":"https:\/\/skyline-gs.com\/it\/#website"},"primaryImageOfPage":{"@id":"http:\/\/skyline-gs.com\/pl\/produkt\/lake-salda-and-pammukale-side\/#primaryimage"},"image":{"@id":"http:\/\/skyline-gs.com\/pl\/produkt\/lake-salda-and-pammukale-side\/#primaryimage"},"thumbnailUrl":"https:\/\/skyline-gs.com\/wp-content\/uploads\/2024\/08\/5.png","datePublished":"2024-08-01T14:33:30+00:00","dateModified":"2024-10-21T20:19:18+00:00","breadcrumb":{"@id":"http:\/\/skyline-gs.com\/pl\/produkt\/lake-salda-and-pammukale-side\/#breadcrumb"},"inLanguage":"de","potentialAction":[{"@type":"ReadAction","target":["http:\/\/skyline-gs.com\/pl\/produkt\/lake-salda-and-pammukale-side\/"]}]},{"@type":"ImageObject","inLanguage":"de","@id":"http:\/\/skyline-gs.com\/pl\/produkt\/lake-salda-and-pammukale-side\/#primaryimage","url":"https:\/\/skyline-gs.com\/wp-content\/uploads\/2024\/08\/5.png","contentUrl":"https:\/\/skyline-gs.com\/wp-content\/uploads\/2024\/08\/5.png","width":669,"height":446},{"@type":"BreadcrumbList","@id":"http:\/\/skyline-gs.com\/pl\/produkt\/lake-salda-and-pammukale-side\/#breadcrumb","itemListElement":[{"@type":"ListItem","position":1,"name":"\u0413\u043b\u0430\u0432\u043d\u0430\u044f \u0441\u0442\u0440\u0430\u043d\u0438\u0446\u0430","item":"https:\/\/skyline-gs.com\/hu\/"},{"@type":"ListItem","position":2,"name":"\u041c\u0430\u0433\u0430\u0437\u0438\u043d","item":"https:\/\/skyline-gs.com\/cs\/shop\/"},{"@type":"ListItem","position":3,"name":"\u041e\u0437\u0435\u0440\u043e \u0421\u0430\u043b\u0434\u0430 \u0438 \u041f\u0430\u043c\u043c\u0443\u043a\u0430\u043b\u0435"}]},{"@type":"WebSite","@id":"https:\/\/skyline-gs.com\/it\/#website","url":"https:\/\/skyline-gs.com\/it\/","name":"Skyline Ausfl\u00fcge","description":"Exklusive Ausfl\u00fcge in den besten Resorts der Welt","publisher":{"@id":"https:\/\/skyline-gs.com\/it\/#organization"},"alternateName":"Skyline","potentialAction":[{"@type":"SearchAction","target":{"@type":"EntryPoint","urlTemplate":"https:\/\/skyline-gs.com\/it\/?s={search_term_string}"},"query-input":{"@type":"PropertyValueSpecification","valueRequired":true,"valueName":"search_term_string"}}],"inLanguage":"de"},{"@type":"Organization","@id":"https:\/\/skyline-gs.com\/it\/#organization","name":"Skyline Ausfl\u00fcge","alternateName":"\u042d\u043a\u0441\u043a\u0443\u0440\u0441\u0438\u0438 Skyline","url":"https:\/\/skyline-gs.com\/it\/","logo":{"@type":"ImageObject","inLanguage":"de","@id":"https:\/\/skyline-gs.com\/it\/#\/schema\/logo\/image\/","url":"https:\/\/skyline-gs.com\/wp-content\/uploads\/2020\/12\/cropped-logo-2.png","contentUrl":"https:\/\/skyline-gs.com\/wp-content\/uploads\/2020\/12\/cropped-logo-2.png","width":512,"height":512,"caption":"\u042d\u043a\u0441\u043a\u0443\u0440\u0441\u0438\u0438 Skyline"},"image":{"@id":"https:\/\/skyline-gs.com\/it\/#\/schema\/logo\/image\/"},"sameAs":["https:\/\/www.instagram.com\/skylineglobalservice\/"]}]}},"_links":{"self":[{"href":"https:\/\/skyline-gs.com\/de\/wp-json\/wp\/v2\/product\/53290","targetHints":{"allow":["GET"]}}],"collection":[{"href":"https:\/\/skyline-gs.com\/de\/wp-json\/wp\/v2\/product"}],"about":[{"href":"https:\/\/skyline-gs.com\/de\/wp-json\/wp\/v2\/types\/product"}],"version-history":[{"count":0,"href":"https:\/\/skyline-gs.com\/de\/wp-json\/wp\/v2\/product\/53290\/revisions"}],"wp:featuredmedia":[{"embeddable":true,"href":"https:\/\/skyline-gs.com\/de\/wp-json\/wp\/v2\/media\/53291"}],"wp:attachment":[{"href":"https:\/\/skyline-gs.com\/de\/wp-json\/wp\/v2\/media?parent=53290"}],"wp:term":[{"taxonomy":"product_brand","embeddable":true,"href":"https:\/\/skyline-gs.com\/de\/wp-json\/wp\/v2\/product_brand?post=53290"},{"taxonomy":"product_cat","embeddable":true,"href":"https:\/\/skyline-gs.com\/de\/wp-json\/wp\/v2\/product_cat?post=53290"},{"taxonomy":"product_tag","embeddable":true,"href":"https:\/\/skyline-gs.com\/de\/wp-json\/wp\/v2\/product_tag?post=53290"}],"curies":[{"name":"wp","href":"https:\/\/api.w.org\/{rel}","templated":true}]}}