{"id":50311,"date":"2024-06-04T20:11:28","date_gmt":"2024-06-04T18:11:28","guid":{"rendered":"http:\/\/skyline-gs.com\/?post_type=product&#038;p=50311"},"modified":"2025-11-28T16:02:39","modified_gmt":"2025-11-28T14:02:39","slug":"golden-circle-iceland","status":"publish","type":"product","link":"https:\/\/skyline-gs.com\/de\/product\/golden-circle-iceland\/","title":{"rendered":"Personalisierte Tour: Goldener Ring, Islandpferde, Vulkansee Kerid"},"content":{"rendered":"<p>\u0417\u043e\u043b\u043e\u0442\u043e\u0435 \u043a\u043e\u043b\u044c\u0446\u043e \u0418\u0441\u043b\u0430\u043d\u0434\u0438\u0438 \u2014 \u044d\u0442\u043e \u043e\u0434\u0438\u043d \u0438\u0437 \u0441\u0430\u043c\u044b\u0445 \u043f\u043e\u043f\u0443\u043b\u044f\u0440\u043d\u044b\u0445 \u0438 \u0437\u0430\u0445\u0432\u0430\u0442\u044b\u0432\u0430\u044e\u0449\u0438\u0445 \u0442\u0443\u0440\u0438\u0441\u0442\u0438\u0447\u0435\u0441\u043a\u0438\u0445 \u043c\u0430\u0440\u0448\u0440\u0443\u0442\u043e\u0432 \u0441\u0442\u0440\u0430\u043d\u044b, \u043a\u043e\u0442\u043e\u0440\u044b\u0439 \u043e\u0442\u043a\u0440\u043e\u0435\u0442 \u0432\u0430\u043c \u0441\u0430\u043c\u044b\u0435 \u0432\u0435\u043b\u0438\u043a\u043e\u043b\u0435\u043f\u043d\u044b\u0435 \u043f\u0440\u0438\u0440\u043e\u0434\u043d\u044b\u0435 \u0447\u0443\u0434\u0435\u0441\u0430 \u0438 \u0443\u043d\u0438\u043a\u0430\u043b\u044c\u043d\u044b\u0435 \u0433\u0435\u043e\u043b\u043e\u0433\u0438\u0447\u0435\u0441\u043a\u0438\u0435 \u044f\u0432\u043b\u0435\u043d\u0438\u044f. \u041f\u0443\u0442\u0435\u0448\u0435\u0441\u0442\u0432\u0443\u0439\u0442\u0435 \u043f\u043e \u044d\u0442\u043e\u043c\u0443 \u043c\u0430\u0440\u0448\u0440\u0443\u0442\u0443 \u0438 \u043f\u043e\u0447\u0443\u0432\u0441\u0442\u0432\u0443\u0439\u0442\u0435 \u043c\u0430\u0433\u0438\u044e \u0418\u0441\u043b\u0430\u043d\u0434\u0438\u0438, \u043e \u043a\u043e\u0442\u043e\u0440\u043e\u0439 \u043c\u0435\u0447\u0442\u0430\u044e\u0442 \u043c\u043d\u043e\u0433\u0438\u0435 \u043f\u0443\u0442\u0435\u0448\u0435\u0441\u0442\u0432\u0435\u043d\u043d\u0438\u043a\u0438!<\/p>\n<p><strong>8:00 - Abfahrt von Ihrer Hotellobby.<\/strong><\/p>\n<ul>\n<li><strong>Tingvellir-Nationalpark<\/strong> - Beginnen Sie Ihre Tour an diesem historischen Ort, an dem das erste isl\u00e4ndische Parlament gegr\u00fcndet wurde. Hier k\u00f6nnen Sie auch eine einzigartige geologische Besonderheit sehen - die Trennung der eurasischen und der nordamerikanischen tektonischen Platte. Dies ist nicht nur ein kulturelles, sondern auch ein geologisches Wunder!<\/li>\n<li><strong>Wasserfall Ehsaraurfoss<\/strong> - Ein majest\u00e4tischer Wasserfall am Fluss Ehsarau, der die Klippe der Almannagya-Verwerfung hinunterst\u00fcrzt, die an der \u00f6stlichen Grenze der tektonischen Platten verl\u00e4uft. Die Kraft der Natur ist hier in vollem Umfang zu sp\u00fcren.<\/li>\n<li><strong>Geysir<\/strong> - ist der Ort, von dem die gesamte Gruppe der hei\u00dfen Quellen ihren Namen hat. Hier sehen Sie den ber\u00fchmten Strokk\u00fcr-Geysir, der bis zu 30 Meter hoch hei\u00dfes Wasser spuckt. Ein unglaublicher Anblick, den Sie nicht verpassen sollten!<\/li>\n<li><strong>Islandpferde<\/strong> - eine einzigartige Pferderasse, die f\u00fcr ihren Charakter und ihre St\u00e4rke bekannt ist. Sie k\u00f6nnen sie kennenlernen und erfahren, warum sie f\u00fcr Island so wichtig sind.<\/li>\n<li><strong>G\u00fcdlfoss Wasserfall<\/strong> - einer der majest\u00e4tischsten Wasserf\u00e4lle in Island. Die m\u00e4chtigen Wasserstr\u00f6me und die Umgebung schaffen unglaubliche Aussichten und eine Atmosph\u00e4re, in der Sie die ganze Kraft der Natur sp\u00fcren k\u00f6nnen.<\/li>\n<li><strong>Vulkanischer See Kerid<\/strong> - Ein Kratersee, der vor \u00fcber 6.000 Jahren durch einen Vulkanausbruch entstand. Dieser Ort wird Sie mit seiner Sch\u00f6nheit und einzigartigen Atmosph\u00e4re in Erstaunen versetzen.<\/li>\n<\/ul>\n<p><strong>16:00 - R\u00fcckkehr zum Hotel.<\/strong><\/p>\n<p><strong>Inbegriffen:<\/strong><\/p>\n<ul>\n<li>Transfer vom Hotel und zur\u00fcck<\/li>\n<li>Transfers in einem komfortablen 4\u00d74 SUV mit Klimaanlage<\/li>\n<li>Englischsprachiger Reiseleiter<\/li>\n<li>Kraftstoff<\/li>\n<li>Kostenpflichtige Parkpl\u00e4tze entlang der Strecke<\/li>\n<\/ul>\n<p><strong>Nicht enthalten:<\/strong><\/p>\n<ul>\n<li>Eintrittskarten<\/li>\n<li>Mahlzeiten (optional, Caf\u00e9s entlang der Strecke)<\/li>\n<\/ul>\n<p><strong>Nimm mit:<\/strong><\/p>\n<ul>\n<li>Kamera<\/li>\n<li>Bequeme Schuhe<\/li>\n<li>Warme Kleidung<\/li>\n<li>Geld f\u00fcr pers\u00f6nliche Ausgaben<\/li>\n<\/ul>","protected":false},"excerpt":{"rendered":"<p><strong>Tourzeit:\u00a0<\/strong>8:00 \u2014 16:00<\/p>\n<p><strong>Veranstaltungstage: <\/strong>T\u00e4glich<\/p>","protected":false},"featured_media":63396,"template":"","meta":{"_kad_post_transparent":"default","_kad_post_title":"","_kad_post_layout":"default","_kad_post_sidebar_id":"","_kad_post_content_style":"default","_kad_post_vertical_padding":"default","_kad_post_feature":"","_kad_post_feature_position":"","_kad_post_header":false,"_kad_post_footer":false,"_kad_post_classname":"","_glsr_average":0,"_glsr_ranking":0,"_glsr_reviews":0},"product_brand":[],"product_cat":[467],"product_tag":[],"class_list":{"0":"post-50311","1":"product","2":"type-product","3":"status-publish","4":"has-post-thumbnail","6":"product_cat-iceland","7":"tm-has-options","9":"first","10":"instock","11":"sale","12":"sold-individually","13":"taxable","14":"shipping-taxable","15":"purchasable","16":"product-type-simple","17":"entry","18":"content-bg","19":"loop-entry"},"yoast_head":"<!-- This site is optimized with the Yoast SEO plugin v27.4 - https:\/\/yoast.com\/product\/yoast-seo-wordpress\/ -->\n<title>\u0418\u043d\u0434\u0438\u0432\u0438\u0434\u0443\u0430\u043b\u044c\u043d\u044b\u0439 \u0442\u0443\u0440: \u0417\u043e\u043b\u043e\u0442\u043e\u0435 \u043a\u043e\u043b\u044c\u0446\u043e, \u0438\u0441\u043b\u0430\u043d\u0434\u0441\u043a\u0438\u0435 \u043b\u043e\u0448\u0430\u0434\u0438, \u0432\u0443\u043b\u043a\u0430\u043d\u0438\u0447\u0435\u0441\u043a\u043e\u0435 \u043e\u0437\u0435\u0440\u043e \u041a\u0435\u0440\u0438\u0434 &#8226; \u042d\u043a\u0441\u043a\u0443\u0440\u0441\u0438\u0438 Skyline<\/title>\n<meta name=\"robots\" content=\"index, follow, max-snippet:-1, max-image-preview:large, max-video-preview:-1\" \/>\n<link rel=\"canonical\" href=\"https:\/\/skyline-gs.com\/de\/produkt\/golden-circle-iceland\/\" \/>\n<meta property=\"og:locale\" content=\"de_DE\" \/>\n<meta property=\"og:type\" content=\"article\" \/>\n<meta property=\"og:title\" content=\"\u0418\u043d\u0434\u0438\u0432\u0438\u0434\u0443\u0430\u043b\u044c\u043d\u044b\u0439 \u0442\u0443\u0440: \u0417\u043e\u043b\u043e\u0442\u043e\u0435 \u043a\u043e\u043b\u044c\u0446\u043e, \u0438\u0441\u043b\u0430\u043d\u0434\u0441\u043a\u0438\u0435 \u043b\u043e\u0448\u0430\u0434\u0438, \u0432\u0443\u043b\u043a\u0430\u043d\u0438\u0447\u0435\u0441\u043a\u043e\u0435 \u043e\u0437\u0435\u0440\u043e \u041a\u0435\u0440\u0438\u0434 &#8226; \u042d\u043a\u0441\u043a\u0443\u0440\u0441\u0438\u0438 Skyline\" \/>\n<meta property=\"og:description\" content=\"\u0412\u0440\u0435\u043c\u044f \u0442\u0443\u0440\u0430:\u00a08:00 \u2014 16:00  \u0414\u043d\u0438 \u043f\u0440\u043e\u0432\u0435\u0434\u0435\u043d\u0438\u044f: \u041a\u0430\u0436\u0434\u044b\u0439 \u0434\u0435\u043d\u044c\" \/>\n<meta property=\"og:url\" content=\"https:\/\/skyline-gs.com\/de\/produkt\/golden-circle-iceland\/\" \/>\n<meta property=\"og:site_name\" content=\"\u042d\u043a\u0441\u043a\u0443\u0440\u0441\u0438\u0438 Skyline\" \/>\n<meta property=\"article:modified_time\" content=\"2025-11-28T14:02:39+00:00\" \/>\n<meta property=\"og:image\" content=\"https:\/\/skyline-gs.com\/wp-content\/uploads\/2024\/06\/27.jpg\" \/>\n\t<meta property=\"og:image:width\" content=\"669\" \/>\n\t<meta property=\"og:image:height\" content=\"446\" \/>\n\t<meta property=\"og:image:type\" content=\"image\/jpeg\" \/>\n<meta name=\"twitter:card\" content=\"summary_large_image\" \/>\n<meta name=\"twitter:label1\" content=\"Gesch\u00e4tzte Lesezeit\" \/>\n\t<meta name=\"twitter:data1\" content=\"2\u00a0Minuten\" \/>\n<script type=\"application\/ld+json\" class=\"yoast-schema-graph\">{\"@context\":\"https:\\\/\\\/schema.org\",\"@graph\":[{\"@type\":\"WebPage\",\"@id\":\"https:\\\/\\\/skyline-gs.com\\\/en\\\/product-2\\\/golden-circle-iceland\\\/\",\"url\":\"https:\\\/\\\/skyline-gs.com\\\/en\\\/product-2\\\/golden-circle-iceland\\\/\",\"name\":\"\u0418\u043d\u0434\u0438\u0432\u0438\u0434\u0443\u0430\u043b\u044c\u043d\u044b\u0439 \u0442\u0443\u0440: \u0417\u043e\u043b\u043e\u0442\u043e\u0435 \u043a\u043e\u043b\u044c\u0446\u043e, \u0438\u0441\u043b\u0430\u043d\u0434\u0441\u043a\u0438\u0435 \u043b\u043e\u0448\u0430\u0434\u0438, \u0432\u0443\u043b\u043a\u0430\u043d\u0438\u0447\u0435\u0441\u043a\u043e\u0435 \u043e\u0437\u0435\u0440\u043e \u041a\u0435\u0440\u0438\u0434 &#8226; \u042d\u043a\u0441\u043a\u0443\u0440\u0441\u0438\u0438 Skyline\",\"isPartOf\":{\"@id\":\"https:\\\/\\\/skyline-gs.com\\\/it\\\/#website\"},\"primaryImageOfPage\":{\"@id\":\"https:\\\/\\\/skyline-gs.com\\\/en\\\/product-2\\\/golden-circle-iceland\\\/#primaryimage\"},\"image\":{\"@id\":\"https:\\\/\\\/skyline-gs.com\\\/en\\\/product-2\\\/golden-circle-iceland\\\/#primaryimage\"},\"thumbnailUrl\":\"https:\\\/\\\/skyline-gs.com\\\/wp-content\\\/uploads\\\/2024\\\/06\\\/27.jpg\",\"datePublished\":\"2024-06-04T18:11:28+00:00\",\"dateModified\":\"2025-11-28T14:02:39+00:00\",\"breadcrumb\":{\"@id\":\"https:\\\/\\\/skyline-gs.com\\\/en\\\/product-2\\\/golden-circle-iceland\\\/#breadcrumb\"},\"inLanguage\":\"de\",\"potentialAction\":[{\"@type\":\"ReadAction\",\"target\":[\"https:\\\/\\\/skyline-gs.com\\\/en\\\/product-2\\\/golden-circle-iceland\\\/\"]}]},{\"@type\":\"ImageObject\",\"inLanguage\":\"de\",\"@id\":\"https:\\\/\\\/skyline-gs.com\\\/en\\\/product-2\\\/golden-circle-iceland\\\/#primaryimage\",\"url\":\"https:\\\/\\\/skyline-gs.com\\\/wp-content\\\/uploads\\\/2024\\\/06\\\/27.jpg\",\"contentUrl\":\"https:\\\/\\\/skyline-gs.com\\\/wp-content\\\/uploads\\\/2024\\\/06\\\/27.jpg\",\"width\":669,\"height\":446},{\"@type\":\"BreadcrumbList\",\"@id\":\"https:\\\/\\\/skyline-gs.com\\\/en\\\/product-2\\\/golden-circle-iceland\\\/#breadcrumb\",\"itemListElement\":[{\"@type\":\"ListItem\",\"position\":1,\"name\":\"\u0413\u043b\u0430\u0432\u043d\u0430\u044f \u0441\u0442\u0440\u0430\u043d\u0438\u0446\u0430\",\"item\":\"https:\\\/\\\/skyline-gs.com\\\/hu\\\/\"},{\"@type\":\"ListItem\",\"position\":2,\"name\":\"\u041c\u0430\u0433\u0430\u0437\u0438\u043d\",\"item\":\"https:\\\/\\\/skyline-gs.com\\\/cs\\\/shop\\\/\"},{\"@type\":\"ListItem\",\"position\":3,\"name\":\"\u0418\u043d\u0434\u0438\u0432\u0438\u0434\u0443\u0430\u043b\u044c\u043d\u044b\u0439 \u0442\u0443\u0440: \u0417\u043e\u043b\u043e\u0442\u043e\u0435 \u043a\u043e\u043b\u044c\u0446\u043e, \u0438\u0441\u043b\u0430\u043d\u0434\u0441\u043a\u0438\u0435 \u043b\u043e\u0448\u0430\u0434\u0438, \u0432\u0443\u043b\u043a\u0430\u043d\u0438\u0447\u0435\u0441\u043a\u043e\u0435 \u043e\u0437\u0435\u0440\u043e \u041a\u0435\u0440\u0438\u0434\"}]},{\"@type\":\"WebSite\",\"@id\":\"https:\\\/\\\/skyline-gs.com\\\/it\\\/#website\",\"url\":\"https:\\\/\\\/skyline-gs.com\\\/it\\\/\",\"name\":\"\u042d\u043a\u0441\u043a\u0443\u0440\u0441\u0438\u0438 Skyline\",\"description\":\"\u042d\u043a\u0441\u043a\u043b\u044e\u0437\u0438\u0432\u043d\u044b\u0435 \u044d\u043a\u0441\u043a\u0443\u0440\u0441\u0438\u0438 \u043d\u0430 \u043b\u0443\u0447\u0448\u0438\u0445 \u043a\u0443\u0440\u043e\u0440\u0442\u0430\u0445 \u043c\u0438\u0440\u0430\",\"publisher\":{\"@id\":\"https:\\\/\\\/skyline-gs.com\\\/it\\\/#organization\"},\"alternateName\":\"Skyline\",\"potentialAction\":[{\"@type\":\"SearchAction\",\"target\":{\"@type\":\"EntryPoint\",\"urlTemplate\":\"https:\\\/\\\/skyline-gs.com\\\/it\\\/?s={search_term_string}\"},\"query-input\":{\"@type\":\"PropertyValueSpecification\",\"valueRequired\":true,\"valueName\":\"search_term_string\"}}],\"inLanguage\":\"de\"},{\"@type\":\"Organization\",\"@id\":\"https:\\\/\\\/skyline-gs.com\\\/it\\\/#organization\",\"name\":\"\u042d\u043a\u0441\u043a\u0443\u0440\u0441\u0438\u0438 Skyline\",\"alternateName\":\"\u042d\u043a\u0441\u043a\u0443\u0440\u0441\u0438\u0438 Skyline\",\"url\":\"https:\\\/\\\/skyline-gs.com\\\/it\\\/\",\"logo\":{\"@type\":\"ImageObject\",\"inLanguage\":\"de\",\"@id\":\"https:\\\/\\\/skyline-gs.com\\\/it\\\/#\\\/schema\\\/logo\\\/image\\\/\",\"url\":\"https:\\\/\\\/skyline-gs.com\\\/wp-content\\\/uploads\\\/2020\\\/12\\\/cropped-logo-2.png\",\"contentUrl\":\"https:\\\/\\\/skyline-gs.com\\\/wp-content\\\/uploads\\\/2020\\\/12\\\/cropped-logo-2.png\",\"width\":512,\"height\":512,\"caption\":\"\u042d\u043a\u0441\u043a\u0443\u0440\u0441\u0438\u0438 Skyline\"},\"image\":{\"@id\":\"https:\\\/\\\/skyline-gs.com\\\/it\\\/#\\\/schema\\\/logo\\\/image\\\/\"},\"sameAs\":[\"https:\\\/\\\/www.instagram.com\\\/skylineglobalservice\\\/\"]}]}<\/script>\n<!-- \/ Yoast SEO plugin. -->","yoast_head_json":{"title":"\u0418\u043d\u0434\u0438\u0432\u0438\u0434\u0443\u0430\u043b\u044c\u043d\u044b\u0439 \u0442\u0443\u0440: \u0417\u043e\u043b\u043e\u0442\u043e\u0435 \u043a\u043e\u043b\u044c\u0446\u043e, \u0438\u0441\u043b\u0430\u043d\u0434\u0441\u043a\u0438\u0435 \u043b\u043e\u0448\u0430\u0434\u0438, \u0432\u0443\u043b\u043a\u0430\u043d\u0438\u0447\u0435\u0441\u043a\u043e\u0435 \u043e\u0437\u0435\u0440\u043e \u041a\u0435\u0440\u0438\u0434 &#8226; \u042d\u043a\u0441\u043a\u0443\u0440\u0441\u0438\u0438 Skyline","robots":{"index":"index","follow":"follow","max-snippet":"max-snippet:-1","max-image-preview":"max-image-preview:large","max-video-preview":"max-video-preview:-1"},"canonical":"https:\/\/skyline-gs.com\/de\/produkt\/golden-circle-iceland\/","og_locale":"de_DE","og_type":"article","og_title":"\u0418\u043d\u0434\u0438\u0432\u0438\u0434\u0443\u0430\u043b\u044c\u043d\u044b\u0439 \u0442\u0443\u0440: \u0417\u043e\u043b\u043e\u0442\u043e\u0435 \u043a\u043e\u043b\u044c\u0446\u043e, \u0438\u0441\u043b\u0430\u043d\u0434\u0441\u043a\u0438\u0435 \u043b\u043e\u0448\u0430\u0434\u0438, \u0432\u0443\u043b\u043a\u0430\u043d\u0438\u0447\u0435\u0441\u043a\u043e\u0435 \u043e\u0437\u0435\u0440\u043e \u041a\u0435\u0440\u0438\u0434 &#8226; \u042d\u043a\u0441\u043a\u0443\u0440\u0441\u0438\u0438 Skyline","og_description":"\u0412\u0440\u0435\u043c\u044f \u0442\u0443\u0440\u0430:\u00a08:00 \u2014 16:00  \u0414\u043d\u0438 \u043f\u0440\u043e\u0432\u0435\u0434\u0435\u043d\u0438\u044f: \u041a\u0430\u0436\u0434\u044b\u0439 \u0434\u0435\u043d\u044c","og_url":"https:\/\/skyline-gs.com\/de\/produkt\/golden-circle-iceland\/","og_site_name":"\u042d\u043a\u0441\u043a\u0443\u0440\u0441\u0438\u0438 Skyline","article_modified_time":"2025-11-28T14:02:39+00:00","og_image":[{"width":669,"height":446,"url":"https:\/\/skyline-gs.com\/wp-content\/uploads\/2024\/06\/27.jpg","type":"image\/jpeg"}],"twitter_card":"summary_large_image","twitter_misc":{"Gesch\u00e4tzte Lesezeit":"2\u00a0Minuten"},"schema":{"@context":"https:\/\/schema.org","@graph":[{"@type":"WebPage","@id":"https:\/\/skyline-gs.com\/en\/product-2\/golden-circle-iceland\/","url":"https:\/\/skyline-gs.com\/en\/product-2\/golden-circle-iceland\/","name":"\u0418\u043d\u0434\u0438\u0432\u0438\u0434\u0443\u0430\u043b\u044c\u043d\u044b\u0439 \u0442\u0443\u0440: \u0417\u043e\u043b\u043e\u0442\u043e\u0435 \u043a\u043e\u043b\u044c\u0446\u043e, \u0438\u0441\u043b\u0430\u043d\u0434\u0441\u043a\u0438\u0435 \u043b\u043e\u0448\u0430\u0434\u0438, \u0432\u0443\u043b\u043a\u0430\u043d\u0438\u0447\u0435\u0441\u043a\u043e\u0435 \u043e\u0437\u0435\u0440\u043e \u041a\u0435\u0440\u0438\u0434 &#8226; \u042d\u043a\u0441\u043a\u0443\u0440\u0441\u0438\u0438 Skyline","isPartOf":{"@id":"https:\/\/skyline-gs.com\/it\/#website"},"primaryImageOfPage":{"@id":"https:\/\/skyline-gs.com\/en\/product-2\/golden-circle-iceland\/#primaryimage"},"image":{"@id":"https:\/\/skyline-gs.com\/en\/product-2\/golden-circle-iceland\/#primaryimage"},"thumbnailUrl":"https:\/\/skyline-gs.com\/wp-content\/uploads\/2024\/06\/27.jpg","datePublished":"2024-06-04T18:11:28+00:00","dateModified":"2025-11-28T14:02:39+00:00","breadcrumb":{"@id":"https:\/\/skyline-gs.com\/en\/product-2\/golden-circle-iceland\/#breadcrumb"},"inLanguage":"de","potentialAction":[{"@type":"ReadAction","target":["https:\/\/skyline-gs.com\/en\/product-2\/golden-circle-iceland\/"]}]},{"@type":"ImageObject","inLanguage":"de","@id":"https:\/\/skyline-gs.com\/en\/product-2\/golden-circle-iceland\/#primaryimage","url":"https:\/\/skyline-gs.com\/wp-content\/uploads\/2024\/06\/27.jpg","contentUrl":"https:\/\/skyline-gs.com\/wp-content\/uploads\/2024\/06\/27.jpg","width":669,"height":446},{"@type":"BreadcrumbList","@id":"https:\/\/skyline-gs.com\/en\/product-2\/golden-circle-iceland\/#breadcrumb","itemListElement":[{"@type":"ListItem","position":1,"name":"\u0413\u043b\u0430\u0432\u043d\u0430\u044f \u0441\u0442\u0440\u0430\u043d\u0438\u0446\u0430","item":"https:\/\/skyline-gs.com\/hu\/"},{"@type":"ListItem","position":2,"name":"\u041c\u0430\u0433\u0430\u0437\u0438\u043d","item":"https:\/\/skyline-gs.com\/cs\/shop\/"},{"@type":"ListItem","position":3,"name":"\u0418\u043d\u0434\u0438\u0432\u0438\u0434\u0443\u0430\u043b\u044c\u043d\u044b\u0439 \u0442\u0443\u0440: \u0417\u043e\u043b\u043e\u0442\u043e\u0435 \u043a\u043e\u043b\u044c\u0446\u043e, \u0438\u0441\u043b\u0430\u043d\u0434\u0441\u043a\u0438\u0435 \u043b\u043e\u0448\u0430\u0434\u0438, \u0432\u0443\u043b\u043a\u0430\u043d\u0438\u0447\u0435\u0441\u043a\u043e\u0435 \u043e\u0437\u0435\u0440\u043e \u041a\u0435\u0440\u0438\u0434"}]},{"@type":"WebSite","@id":"https:\/\/skyline-gs.com\/it\/#website","url":"https:\/\/skyline-gs.com\/it\/","name":"Skyline Ausfl\u00fcge","description":"Exklusive Ausfl\u00fcge in den besten Resorts der Welt","publisher":{"@id":"https:\/\/skyline-gs.com\/it\/#organization"},"alternateName":"Skyline","potentialAction":[{"@type":"SearchAction","target":{"@type":"EntryPoint","urlTemplate":"https:\/\/skyline-gs.com\/it\/?s={search_term_string}"},"query-input":{"@type":"PropertyValueSpecification","valueRequired":true,"valueName":"search_term_string"}}],"inLanguage":"de"},{"@type":"Organization","@id":"https:\/\/skyline-gs.com\/it\/#organization","name":"Skyline Ausfl\u00fcge","alternateName":"\u042d\u043a\u0441\u043a\u0443\u0440\u0441\u0438\u0438 Skyline","url":"https:\/\/skyline-gs.com\/it\/","logo":{"@type":"ImageObject","inLanguage":"de","@id":"https:\/\/skyline-gs.com\/it\/#\/schema\/logo\/image\/","url":"https:\/\/skyline-gs.com\/wp-content\/uploads\/2020\/12\/cropped-logo-2.png","contentUrl":"https:\/\/skyline-gs.com\/wp-content\/uploads\/2020\/12\/cropped-logo-2.png","width":512,"height":512,"caption":"\u042d\u043a\u0441\u043a\u0443\u0440\u0441\u0438\u0438 Skyline"},"image":{"@id":"https:\/\/skyline-gs.com\/it\/#\/schema\/logo\/image\/"},"sameAs":["https:\/\/www.instagram.com\/skylineglobalservice\/"]}]}},"_links":{"self":[{"href":"https:\/\/skyline-gs.com\/de\/wp-json\/wp\/v2\/product\/50311","targetHints":{"allow":["GET"]}}],"collection":[{"href":"https:\/\/skyline-gs.com\/de\/wp-json\/wp\/v2\/product"}],"about":[{"href":"https:\/\/skyline-gs.com\/de\/wp-json\/wp\/v2\/types\/product"}],"version-history":[{"count":0,"href":"https:\/\/skyline-gs.com\/de\/wp-json\/wp\/v2\/product\/50311\/revisions"}],"wp:featuredmedia":[{"embeddable":true,"href":"https:\/\/skyline-gs.com\/de\/wp-json\/wp\/v2\/media\/63396"}],"wp:attachment":[{"href":"https:\/\/skyline-gs.com\/de\/wp-json\/wp\/v2\/media?parent=50311"}],"wp:term":[{"taxonomy":"product_brand","embeddable":true,"href":"https:\/\/skyline-gs.com\/de\/wp-json\/wp\/v2\/product_brand?post=50311"},{"taxonomy":"product_cat","embeddable":true,"href":"https:\/\/skyline-gs.com\/de\/wp-json\/wp\/v2\/product_cat?post=50311"},{"taxonomy":"product_tag","embeddable":true,"href":"https:\/\/skyline-gs.com\/de\/wp-json\/wp\/v2\/product_tag?post=50311"}],"curies":[{"name":"wp","href":"https:\/\/api.w.org\/{rel}","templated":true}]}}