{"id":45926,"date":"2024-01-14T21:12:48","date_gmt":"2024-01-14T19:12:48","guid":{"rendered":"http:\/\/skyline-gs.com\/?post_type=product&#038;p=45926"},"modified":"2024-01-24T00:56:37","modified_gmt":"2024-01-23T22:56:37","slug":"excursion-confluence-of-two-seas-in-marmaris-all-inclusive","status":"publish","type":"product","link":"https:\/\/skyline-gs.com\/de\/product\/excursion-confluence-of-two-seas-in-marmaris-all-inclusive\/","title":{"rendered":"Marmaris Ausflug \"Verschmelzung der beiden Meere\" (All Inclusive)"},"content":{"rendered":"<p>Die Reise beginnt mit einem Transfer, der Sie bequem von Ihrem Hotel abholt.<\/p>\n<p>Nach der Abfahrt zum Hafen erwartet Sie eine aufregende Seereise auf einer Doppelstockyacht entlang der wundersch\u00f6nen K\u00fcste von Marmaris. W\u00e4hrend der Tour werden Sie die Aussicht auf Buchten, H\u00f6hlen und Inseln genie\u00dfen, w\u00e4hrend unser Reiseleiter Ihnen interessante Fakten \u00fcber jeden Ort erz\u00e4hlen wird.<\/p>\n<p>Die Tour beinhaltet einen Besuch des malerischen Strandes und einen Halt im Fischerdorf Turun\u00e7, das auch als \"T\u00fcrkisches Venedig\" bekannt ist, wo absolute Ruhe herrscht.<\/p>\n<p>Das Mittagessen wird im t\u00fcrkischen Stil serviert. Danach fahren Sie zur Paradiesinsel, die von wundersch\u00f6ner Natur und einer Landschaft umgeben ist, die zum Schwimmen und Sonnenbaden einl\u00e4dt. Danach machen Sie einen Halt in der N\u00e4he der Phosphorh\u00f6hle, wo Sie inmitten des dichten Gr\u00fcns im t\u00fcrkisfarbenen Wasser schwimmen k\u00f6nnen.<\/p>\n<p>Ende der Fahrt zum Hafen und R\u00fcckfahrt zu den Hotels in Marmaris per Transfer.<\/p>\n<p><strong>Inbegriffen:<\/strong><\/p>\n<ul>\n<li>Hin- und R\u00fccktransfer<\/li>\n<li>Versicherung<\/li>\n<li>Abendessen<\/li>\n<li>Lokal hergestellte Erfrischungsgetr\u00e4nke und alkoholische Getr\u00e4nke<\/li>\n<\/ul>\n<p><strong>Nicht enthalten:<\/strong><\/p>\n<ul>\n<li>Pers\u00f6nliche Ausgaben<\/li>\n<li>Professionelle Fotografie und Videografie<\/li>\n<\/ul>\n<p><strong>Vergessen Sie das nicht:<\/strong><\/p>\n<ul>\n<li>Badeutensilien<\/li>\n<li>Sonnencreme\/Sonnenschutzmittel<\/li>\n<li>Kopfbedeckungen<\/li>\n<li>Sonnenbrille<\/li>\n<\/ul>","protected":false},"excerpt":{"rendered":"<p><strong>Tourzeit: <\/strong>09:00 &#8212; 16:00<\/p>\n<p><strong>Tage der Tour: <\/strong>T\u00e4glich<\/p>","protected":false},"featured_media":0,"template":"","meta":{"_kad_post_transparent":"default","_kad_post_title":"","_kad_post_layout":"default","_kad_post_sidebar_id":"","_kad_post_content_style":"default","_kad_post_vertical_padding":"default","_kad_post_feature":"","_kad_post_feature_position":"","_kad_post_header":false,"_kad_post_footer":false,"_kad_post_classname":"","_glsr_average":0,"_glsr_ranking":0,"_glsr_reviews":0},"product_brand":[],"product_cat":[451],"product_tag":[],"class_list":{"0":"post-45926","1":"product","2":"type-product","3":"status-publish","5":"product_cat-marmaris","6":"tm-has-options","8":"first","9":"instock","10":"sold-individually","11":"taxable","12":"shipping-taxable","13":"purchasable","14":"product-type-simple","15":"entry","16":"content-bg","17":"loop-entry"},"yoast_head":"<!-- This site is optimized with the Yoast SEO plugin v27.3 - https:\/\/yoast.com\/product\/yoast-seo-wordpress\/ -->\n<title>\u042d\u043a\u0441\u043a\u0443\u0440\u0441\u0438\u044f \u0421\u043b\u0438\u044f\u043d\u0438\u0435 \u0434\u0432\u0443\u0445 \u043c\u043e\u0440\u0435\u0439 \u0432 \u041c\u0430\u0440\u043c\u0430\u0440\u0438\u0441\u0435 (\u0412\u0441\u0435 \u0432\u043a\u043b\u044e\u0447\u0435\u043d\u043e) &#8226; \u042d\u043a\u0441\u043a\u0443\u0440\u0441\u0438\u0438 Skyline<\/title>\n<meta name=\"description\" content=\"\u0417\u0430\u0445\u0432\u0430\u0442\u044b\u0432\u0430\u044e\u0449\u0435\u0435 \u043c\u043e\u0440\u0441\u043a\u043e\u0435 \u043f\u0440\u0438\u043a\u043b\u044e\u0447\u0435\u043d\u0438\u0435 \u0421\u043b\u0438\u044f\u043d\u0438\u0435 \u0434\u0432\u0443\u0445 \u043c\u043e\u0440\u0435\u0439 \u0432 \u041c\u0430\u0440\u043c\u0430\u0440\u0438\u0441\u0435. \u041f\u043e\u0433\u0440\u0443\u0437\u0438\u0442\u0435\u0441\u044c \u0432 \u0443\u043d\u0438\u043a\u0430\u043b\u044c\u043d\u044b\u0439 \u0440\u0435\u0433\u0438\u043e\u043d, \u043e\u043c\u044b\u0432\u0430\u0435\u043c\u044b\u0439 \u0432\u043e\u0434\u0430\u043c\u0438 \u0421\u0440\u0435\u0434\u0438\u0437\u0435\u043c\u043d\u043e\u0433\u043e \u0438 \u042d\u0433\u0435\u0439\u0441\u043a\u043e\u0433\u043e \u043c\u043e\u0440\u0435\u0439.\" \/>\n<meta name=\"robots\" content=\"index, follow, max-snippet:-1, max-image-preview:large, max-video-preview:-1\" \/>\n<link rel=\"canonical\" href=\"http:\/\/skyline-gs.com\/de\/produkt\/excursion-confluence-of-two-seas-in-marmaris-all-inclusive\/\" \/>\n<meta property=\"og:locale\" content=\"de_DE\" \/>\n<meta property=\"og:type\" content=\"article\" \/>\n<meta property=\"og:title\" content=\"\u042d\u043a\u0441\u043a\u0443\u0440\u0441\u0438\u044f \u0421\u043b\u0438\u044f\u043d\u0438\u0435 \u0434\u0432\u0443\u0445 \u043c\u043e\u0440\u0435\u0439 \u0432 \u041c\u0430\u0440\u043c\u0430\u0440\u0438\u0441\u0435 (\u0412\u0441\u0435 \u0432\u043a\u043b\u044e\u0447\u0435\u043d\u043e) &#8226; \u042d\u043a\u0441\u043a\u0443\u0440\u0441\u0438\u0438 Skyline\" \/>\n<meta property=\"og:description\" content=\"\u0417\u0430\u0445\u0432\u0430\u0442\u044b\u0432\u0430\u044e\u0449\u0435\u0435 \u043c\u043e\u0440\u0441\u043a\u043e\u0435 \u043f\u0440\u0438\u043a\u043b\u044e\u0447\u0435\u043d\u0438\u0435 \u0421\u043b\u0438\u044f\u043d\u0438\u0435 \u0434\u0432\u0443\u0445 \u043c\u043e\u0440\u0435\u0439 \u0432 \u041c\u0430\u0440\u043c\u0430\u0440\u0438\u0441\u0435. \u041f\u043e\u0433\u0440\u0443\u0437\u0438\u0442\u0435\u0441\u044c \u0432 \u0443\u043d\u0438\u043a\u0430\u043b\u044c\u043d\u044b\u0439 \u0440\u0435\u0433\u0438\u043e\u043d, \u043e\u043c\u044b\u0432\u0430\u0435\u043c\u044b\u0439 \u0432\u043e\u0434\u0430\u043c\u0438 \u0421\u0440\u0435\u0434\u0438\u0437\u0435\u043c\u043d\u043e\u0433\u043e \u0438 \u042d\u0433\u0435\u0439\u0441\u043a\u043e\u0433\u043e \u043c\u043e\u0440\u0435\u0439.\" \/>\n<meta property=\"og:url\" content=\"http:\/\/skyline-gs.com\/de\/produkt\/excursion-confluence-of-two-seas-in-marmaris-all-inclusive\/\" \/>\n<meta property=\"og:site_name\" content=\"\u042d\u043a\u0441\u043a\u0443\u0440\u0441\u0438\u0438 Skyline\" \/>\n<meta property=\"article:modified_time\" content=\"2024-01-23T22:56:37+00:00\" \/>\n<meta property=\"og:image\" content=\"https:\/\/skyline-gs.com\/wp-content\/uploads\/2024\/08\/LoGo777.png\" \/>\n\t<meta property=\"og:image:width\" content=\"1080\" \/>\n\t<meta property=\"og:image:height\" content=\"1080\" \/>\n\t<meta property=\"og:image:type\" content=\"image\/png\" \/>\n<meta name=\"twitter:card\" content=\"summary_large_image\" \/>\n<meta name=\"twitter:label1\" content=\"Gesch\u00e4tzte Lesezeit\" \/>\n\t<meta name=\"twitter:data1\" content=\"1\u00a0Minute\" \/>\n<script type=\"application\/ld+json\" class=\"yoast-schema-graph\">{\"@context\":\"https:\\\/\\\/schema.org\",\"@graph\":[{\"@type\":\"WebPage\",\"@id\":\"http:\\\/\\\/skyline-gs.com\\\/cs\\\/produkt\\\/excursion-confluence-of-two-seas-in-marmaris-all-inclusive\\\/\",\"url\":\"http:\\\/\\\/skyline-gs.com\\\/cs\\\/produkt\\\/excursion-confluence-of-two-seas-in-marmaris-all-inclusive\\\/\",\"name\":\"\u042d\u043a\u0441\u043a\u0443\u0440\u0441\u0438\u044f \u0421\u043b\u0438\u044f\u043d\u0438\u0435 \u0434\u0432\u0443\u0445 \u043c\u043e\u0440\u0435\u0439 \u0432 \u041c\u0430\u0440\u043c\u0430\u0440\u0438\u0441\u0435 (\u0412\u0441\u0435 \u0432\u043a\u043b\u044e\u0447\u0435\u043d\u043e) &#8226; \u042d\u043a\u0441\u043a\u0443\u0440\u0441\u0438\u0438 Skyline\",\"isPartOf\":{\"@id\":\"https:\\\/\\\/skyline-gs.com\\\/it\\\/#website\"},\"datePublished\":\"2024-01-14T19:12:48+00:00\",\"dateModified\":\"2024-01-23T22:56:37+00:00\",\"description\":\"\u0417\u0430\u0445\u0432\u0430\u0442\u044b\u0432\u0430\u044e\u0449\u0435\u0435 \u043c\u043e\u0440\u0441\u043a\u043e\u0435 \u043f\u0440\u0438\u043a\u043b\u044e\u0447\u0435\u043d\u0438\u0435 \u0421\u043b\u0438\u044f\u043d\u0438\u0435 \u0434\u0432\u0443\u0445 \u043c\u043e\u0440\u0435\u0439 \u0432 \u041c\u0430\u0440\u043c\u0430\u0440\u0438\u0441\u0435. \u041f\u043e\u0433\u0440\u0443\u0437\u0438\u0442\u0435\u0441\u044c \u0432 \u0443\u043d\u0438\u043a\u0430\u043b\u044c\u043d\u044b\u0439 \u0440\u0435\u0433\u0438\u043e\u043d, \u043e\u043c\u044b\u0432\u0430\u0435\u043c\u044b\u0439 \u0432\u043e\u0434\u0430\u043c\u0438 \u0421\u0440\u0435\u0434\u0438\u0437\u0435\u043c\u043d\u043e\u0433\u043e \u0438 \u042d\u0433\u0435\u0439\u0441\u043a\u043e\u0433\u043e \u043c\u043e\u0440\u0435\u0439.\",\"breadcrumb\":{\"@id\":\"http:\\\/\\\/skyline-gs.com\\\/cs\\\/produkt\\\/excursion-confluence-of-two-seas-in-marmaris-all-inclusive\\\/#breadcrumb\"},\"inLanguage\":\"de\",\"potentialAction\":[{\"@type\":\"ReadAction\",\"target\":[\"http:\\\/\\\/skyline-gs.com\\\/cs\\\/produkt\\\/excursion-confluence-of-two-seas-in-marmaris-all-inclusive\\\/\"]}]},{\"@type\":\"BreadcrumbList\",\"@id\":\"http:\\\/\\\/skyline-gs.com\\\/cs\\\/produkt\\\/excursion-confluence-of-two-seas-in-marmaris-all-inclusive\\\/#breadcrumb\",\"itemListElement\":[{\"@type\":\"ListItem\",\"position\":1,\"name\":\"\u0413\u043b\u0430\u0432\u043d\u0430\u044f \u0441\u0442\u0440\u0430\u043d\u0438\u0446\u0430\",\"item\":\"https:\\\/\\\/skyline-gs.com\\\/hu\\\/\"},{\"@type\":\"ListItem\",\"position\":2,\"name\":\"\u041c\u0430\u0433\u0430\u0437\u0438\u043d\",\"item\":\"https:\\\/\\\/skyline-gs.com\\\/cs\\\/shop\\\/\"},{\"@type\":\"ListItem\",\"position\":3,\"name\":\"\u042d\u043a\u0441\u043a\u0443\u0440\u0441\u0438\u044f \u0421\u043b\u0438\u044f\u043d\u0438\u0435 \u0434\u0432\u0443\u0445 \u043c\u043e\u0440\u0435\u0439 \u0432 \u041c\u0430\u0440\u043c\u0430\u0440\u0438\u0441\u0435 (\u0412\u0441\u0435 \u0432\u043a\u043b\u044e\u0447\u0435\u043d\u043e)\"}]},{\"@type\":\"WebSite\",\"@id\":\"https:\\\/\\\/skyline-gs.com\\\/it\\\/#website\",\"url\":\"https:\\\/\\\/skyline-gs.com\\\/it\\\/\",\"name\":\"\u042d\u043a\u0441\u043a\u0443\u0440\u0441\u0438\u0438 Skyline\",\"description\":\"\u042d\u043a\u0441\u043a\u043b\u044e\u0437\u0438\u0432\u043d\u044b\u0435 \u044d\u043a\u0441\u043a\u0443\u0440\u0441\u0438\u0438 \u043d\u0430 \u043b\u0443\u0447\u0448\u0438\u0445 \u043a\u0443\u0440\u043e\u0440\u0442\u0430\u0445 \u043c\u0438\u0440\u0430\",\"publisher\":{\"@id\":\"https:\\\/\\\/skyline-gs.com\\\/it\\\/#organization\"},\"alternateName\":\"Skyline\",\"potentialAction\":[{\"@type\":\"SearchAction\",\"target\":{\"@type\":\"EntryPoint\",\"urlTemplate\":\"https:\\\/\\\/skyline-gs.com\\\/it\\\/?s={search_term_string}\"},\"query-input\":{\"@type\":\"PropertyValueSpecification\",\"valueRequired\":true,\"valueName\":\"search_term_string\"}}],\"inLanguage\":\"de\"},{\"@type\":\"Organization\",\"@id\":\"https:\\\/\\\/skyline-gs.com\\\/it\\\/#organization\",\"name\":\"\u042d\u043a\u0441\u043a\u0443\u0440\u0441\u0438\u0438 Skyline\",\"alternateName\":\"\u042d\u043a\u0441\u043a\u0443\u0440\u0441\u0438\u0438 Skyline\",\"url\":\"https:\\\/\\\/skyline-gs.com\\\/it\\\/\",\"logo\":{\"@type\":\"ImageObject\",\"inLanguage\":\"de\",\"@id\":\"https:\\\/\\\/skyline-gs.com\\\/it\\\/#\\\/schema\\\/logo\\\/image\\\/\",\"url\":\"https:\\\/\\\/skyline-gs.com\\\/wp-content\\\/uploads\\\/2020\\\/12\\\/cropped-logo-2.png\",\"contentUrl\":\"https:\\\/\\\/skyline-gs.com\\\/wp-content\\\/uploads\\\/2020\\\/12\\\/cropped-logo-2.png\",\"width\":512,\"height\":512,\"caption\":\"\u042d\u043a\u0441\u043a\u0443\u0440\u0441\u0438\u0438 Skyline\"},\"image\":{\"@id\":\"https:\\\/\\\/skyline-gs.com\\\/it\\\/#\\\/schema\\\/logo\\\/image\\\/\"},\"sameAs\":[\"https:\\\/\\\/www.instagram.com\\\/skylineglobalservice\\\/\"]}]}<\/script>\n<!-- \/ Yoast SEO plugin. -->","yoast_head_json":{"title":"\u042d\u043a\u0441\u043a\u0443\u0440\u0441\u0438\u044f \u0421\u043b\u0438\u044f\u043d\u0438\u0435 \u0434\u0432\u0443\u0445 \u043c\u043e\u0440\u0435\u0439 \u0432 \u041c\u0430\u0440\u043c\u0430\u0440\u0438\u0441\u0435 (\u0412\u0441\u0435 \u0432\u043a\u043b\u044e\u0447\u0435\u043d\u043e) &#8226; \u042d\u043a\u0441\u043a\u0443\u0440\u0441\u0438\u0438 Skyline","description":"Ein aufregendes maritimes Abenteuer Das Zusammentreffen zweier Meere in Marmaris. Tauchen Sie ein in eine einzigartige Region, die von den Wassern des Mittelmeers und der \u00c4g\u00e4is umsp\u00fclt wird.","robots":{"index":"index","follow":"follow","max-snippet":"max-snippet:-1","max-image-preview":"max-image-preview:large","max-video-preview":"max-video-preview:-1"},"canonical":"http:\/\/skyline-gs.com\/de\/produkt\/excursion-confluence-of-two-seas-in-marmaris-all-inclusive\/","og_locale":"de_DE","og_type":"article","og_title":"\u042d\u043a\u0441\u043a\u0443\u0440\u0441\u0438\u044f \u0421\u043b\u0438\u044f\u043d\u0438\u0435 \u0434\u0432\u0443\u0445 \u043c\u043e\u0440\u0435\u0439 \u0432 \u041c\u0430\u0440\u043c\u0430\u0440\u0438\u0441\u0435 (\u0412\u0441\u0435 \u0432\u043a\u043b\u044e\u0447\u0435\u043d\u043e) &#8226; \u042d\u043a\u0441\u043a\u0443\u0440\u0441\u0438\u0438 Skyline","og_description":"\u0417\u0430\u0445\u0432\u0430\u0442\u044b\u0432\u0430\u044e\u0449\u0435\u0435 \u043c\u043e\u0440\u0441\u043a\u043e\u0435 \u043f\u0440\u0438\u043a\u043b\u044e\u0447\u0435\u043d\u0438\u0435 \u0421\u043b\u0438\u044f\u043d\u0438\u0435 \u0434\u0432\u0443\u0445 \u043c\u043e\u0440\u0435\u0439 \u0432 \u041c\u0430\u0440\u043c\u0430\u0440\u0438\u0441\u0435. \u041f\u043e\u0433\u0440\u0443\u0437\u0438\u0442\u0435\u0441\u044c \u0432 \u0443\u043d\u0438\u043a\u0430\u043b\u044c\u043d\u044b\u0439 \u0440\u0435\u0433\u0438\u043e\u043d, \u043e\u043c\u044b\u0432\u0430\u0435\u043c\u044b\u0439 \u0432\u043e\u0434\u0430\u043c\u0438 \u0421\u0440\u0435\u0434\u0438\u0437\u0435\u043c\u043d\u043e\u0433\u043e \u0438 \u042d\u0433\u0435\u0439\u0441\u043a\u043e\u0433\u043e \u043c\u043e\u0440\u0435\u0439.","og_url":"http:\/\/skyline-gs.com\/de\/produkt\/excursion-confluence-of-two-seas-in-marmaris-all-inclusive\/","og_site_name":"\u042d\u043a\u0441\u043a\u0443\u0440\u0441\u0438\u0438 Skyline","article_modified_time":"2024-01-23T22:56:37+00:00","og_image":[{"width":1080,"height":1080,"url":"https:\/\/skyline-gs.com\/wp-content\/uploads\/2024\/08\/LoGo777.png","type":"image\/png"}],"twitter_card":"summary_large_image","twitter_misc":{"Gesch\u00e4tzte Lesezeit":"1\u00a0Minute"},"schema":{"@context":"https:\/\/schema.org","@graph":[{"@type":"WebPage","@id":"http:\/\/skyline-gs.com\/cs\/produkt\/excursion-confluence-of-two-seas-in-marmaris-all-inclusive\/","url":"http:\/\/skyline-gs.com\/cs\/produkt\/excursion-confluence-of-two-seas-in-marmaris-all-inclusive\/","name":"\u042d\u043a\u0441\u043a\u0443\u0440\u0441\u0438\u044f \u0421\u043b\u0438\u044f\u043d\u0438\u0435 \u0434\u0432\u0443\u0445 \u043c\u043e\u0440\u0435\u0439 \u0432 \u041c\u0430\u0440\u043c\u0430\u0440\u0438\u0441\u0435 (\u0412\u0441\u0435 \u0432\u043a\u043b\u044e\u0447\u0435\u043d\u043e) &#8226; \u042d\u043a\u0441\u043a\u0443\u0440\u0441\u0438\u0438 Skyline","isPartOf":{"@id":"https:\/\/skyline-gs.com\/it\/#website"},"datePublished":"2024-01-14T19:12:48+00:00","dateModified":"2024-01-23T22:56:37+00:00","description":"Ein aufregendes maritimes Abenteuer Das Zusammentreffen zweier Meere in Marmaris. Tauchen Sie ein in eine einzigartige Region, die von den Wassern des Mittelmeers und der \u00c4g\u00e4is umsp\u00fclt wird.","breadcrumb":{"@id":"http:\/\/skyline-gs.com\/cs\/produkt\/excursion-confluence-of-two-seas-in-marmaris-all-inclusive\/#breadcrumb"},"inLanguage":"de","potentialAction":[{"@type":"ReadAction","target":["http:\/\/skyline-gs.com\/cs\/produkt\/excursion-confluence-of-two-seas-in-marmaris-all-inclusive\/"]}]},{"@type":"BreadcrumbList","@id":"http:\/\/skyline-gs.com\/cs\/produkt\/excursion-confluence-of-two-seas-in-marmaris-all-inclusive\/#breadcrumb","itemListElement":[{"@type":"ListItem","position":1,"name":"\u0413\u043b\u0430\u0432\u043d\u0430\u044f \u0441\u0442\u0440\u0430\u043d\u0438\u0446\u0430","item":"https:\/\/skyline-gs.com\/hu\/"},{"@type":"ListItem","position":2,"name":"\u041c\u0430\u0433\u0430\u0437\u0438\u043d","item":"https:\/\/skyline-gs.com\/cs\/shop\/"},{"@type":"ListItem","position":3,"name":"\u042d\u043a\u0441\u043a\u0443\u0440\u0441\u0438\u044f \u0421\u043b\u0438\u044f\u043d\u0438\u0435 \u0434\u0432\u0443\u0445 \u043c\u043e\u0440\u0435\u0439 \u0432 \u041c\u0430\u0440\u043c\u0430\u0440\u0438\u0441\u0435 (\u0412\u0441\u0435 \u0432\u043a\u043b\u044e\u0447\u0435\u043d\u043e)"}]},{"@type":"WebSite","@id":"https:\/\/skyline-gs.com\/it\/#website","url":"https:\/\/skyline-gs.com\/it\/","name":"Skyline Ausfl\u00fcge","description":"Exklusive Ausfl\u00fcge in den besten Resorts der Welt","publisher":{"@id":"https:\/\/skyline-gs.com\/it\/#organization"},"alternateName":"Skyline","potentialAction":[{"@type":"SearchAction","target":{"@type":"EntryPoint","urlTemplate":"https:\/\/skyline-gs.com\/it\/?s={search_term_string}"},"query-input":{"@type":"PropertyValueSpecification","valueRequired":true,"valueName":"search_term_string"}}],"inLanguage":"de"},{"@type":"Organization","@id":"https:\/\/skyline-gs.com\/it\/#organization","name":"Skyline Ausfl\u00fcge","alternateName":"\u042d\u043a\u0441\u043a\u0443\u0440\u0441\u0438\u0438 Skyline","url":"https:\/\/skyline-gs.com\/it\/","logo":{"@type":"ImageObject","inLanguage":"de","@id":"https:\/\/skyline-gs.com\/it\/#\/schema\/logo\/image\/","url":"https:\/\/skyline-gs.com\/wp-content\/uploads\/2020\/12\/cropped-logo-2.png","contentUrl":"https:\/\/skyline-gs.com\/wp-content\/uploads\/2020\/12\/cropped-logo-2.png","width":512,"height":512,"caption":"\u042d\u043a\u0441\u043a\u0443\u0440\u0441\u0438\u0438 Skyline"},"image":{"@id":"https:\/\/skyline-gs.com\/it\/#\/schema\/logo\/image\/"},"sameAs":["https:\/\/www.instagram.com\/skylineglobalservice\/"]}]}},"_links":{"self":[{"href":"https:\/\/skyline-gs.com\/de\/wp-json\/wp\/v2\/product\/45926","targetHints":{"allow":["GET"]}}],"collection":[{"href":"https:\/\/skyline-gs.com\/de\/wp-json\/wp\/v2\/product"}],"about":[{"href":"https:\/\/skyline-gs.com\/de\/wp-json\/wp\/v2\/types\/product"}],"version-history":[{"count":0,"href":"https:\/\/skyline-gs.com\/de\/wp-json\/wp\/v2\/product\/45926\/revisions"}],"wp:attachment":[{"href":"https:\/\/skyline-gs.com\/de\/wp-json\/wp\/v2\/media?parent=45926"}],"wp:term":[{"taxonomy":"product_brand","embeddable":true,"href":"https:\/\/skyline-gs.com\/de\/wp-json\/wp\/v2\/product_brand?post=45926"},{"taxonomy":"product_cat","embeddable":true,"href":"https:\/\/skyline-gs.com\/de\/wp-json\/wp\/v2\/product_cat?post=45926"},{"taxonomy":"product_tag","embeddable":true,"href":"https:\/\/skyline-gs.com\/de\/wp-json\/wp\/v2\/product_tag?post=45926"}],"curies":[{"name":"wp","href":"https:\/\/api.w.org\/{rel}","templated":true}]}}