{"id":45859,"date":"2024-01-11T14:07:56","date_gmt":"2024-01-11T12:07:56","guid":{"rendered":"http:\/\/skyline-gs.com\/?post_type=product&#038;p=45859"},"modified":"2024-01-24T01:05:12","modified_gmt":"2024-01-23T23:05:12","slug":"blue-crabs-dalyan","status":"publish","type":"product","link":"https:\/\/skyline-gs.com\/de\/product\/blue-crabs-dalyan\/","title":{"rendered":"Blaue Krabben Dalyan"},"content":{"rendered":"<p>Auf dem Programm stehen der Besuch von nat\u00fcrlichen Schlammb\u00e4dern, die der Haut gut tun, und eine Pause, in der man ein k\u00f6stliches t\u00fcrkisches Mittagessen mit nationalen Gerichten genie\u00dfen kann. Bei einem atemberaubenden Spaziergang entlang des Dalyan-Flusses kann sich jeder wie ein Fischer f\u00fchlen und blaue Krebse fangen.<\/p>\n<p>Ein Halt bei den lykischen Gr\u00e4bern und die Beobachtung der Riesenschildkr\u00f6ten Caretta Caretta verleihen Ihrem Abenteuer eine historische Note. Eine Bootsfahrt auf dem K\u00f6ycegiz-See und Entspannung am Turtle Beach, wo die Caretta Caretta-Schildkr\u00f6ten ihre Eier ablegen, runden Ihren Tag ab.<\/p>\n<p><strong>Inbegriffen:<\/strong><\/p>\n<ul>\n<li>Leistungen eines deutschsprachigen Reiseleiters<\/li>\n<li>Eintrittsgelder f\u00fcr die Quellen und den Strand von Iztuzu<\/li>\n<li>Bootfahren<\/li>\n<li>Abendessen<\/li>\n<li>Versicherung<\/li>\n<li>Transfer (zum\/vom Hotel)<\/li>\n<\/ul>\n<p><strong>Nicht enthalten:<\/strong><\/p>\n<ul>\n<li>Getr\u00e4nke<\/li>\n<li>Pers\u00f6nliche Ausgaben<\/li>\n<\/ul>\n<p><strong>Vergessen Sie nicht, Ihre eigenen mitzubringen:<\/strong><\/p>\n<ul>\n<li>Bequeme Kleidung\/Schuhe<\/li>\n<li>Badeutensilien<\/li>\n<li>Sonnencreme<\/li>\n<li>Kopfbedeckung<\/li>\n<li>Sonnenbrille<\/li>\n<\/ul>","protected":false},"excerpt":{"rendered":"<p><strong>Tourzeit:<\/strong> 08:00 &#8212; 17:00<\/p>\n<p><strong>Veranstaltungstage:<\/strong> T\u00e4glich<\/p>","protected":false},"featured_media":0,"template":"","meta":{"_kad_post_transparent":"default","_kad_post_title":"","_kad_post_layout":"default","_kad_post_sidebar_id":"","_kad_post_content_style":"default","_kad_post_vertical_padding":"default","_kad_post_feature":"","_kad_post_feature_position":"","_kad_post_header":false,"_kad_post_footer":false,"_kad_post_classname":"","_glsr_average":0,"_glsr_ranking":0,"_glsr_reviews":0},"product_brand":[],"product_cat":[451],"product_tag":[],"class_list":{"0":"post-45859","1":"product","2":"type-product","3":"status-publish","5":"product_cat-marmaris","6":"tm-has-options","8":"first","9":"instock","10":"sold-individually","11":"taxable","12":"shipping-taxable","13":"purchasable","14":"product-type-simple","15":"entry","16":"content-bg","17":"loop-entry"},"yoast_head":"<!-- This site is optimized with the Yoast SEO plugin v27.3 - https:\/\/yoast.com\/product\/yoast-seo-wordpress\/ -->\n<title>\u0413\u043e\u043b\u0443\u0431\u044b\u0435 \u043a\u0440\u0430\u0431\u044b \u0414\u0430\u043b\u044c\u044f\u043d &#8226; \u042d\u043a\u0441\u043a\u0443\u0440\u0441\u0438\u0438 Skyline<\/title>\n<meta name=\"description\" content=\"\u041f\u0440\u043e\u0432\u0435\u0434\u0438\u0442\u0435 \u0432\u0440\u0435\u043c\u044f \u0432 \u043f\u0440\u0438\u0440\u043e\u0434\u043d\u043e\u043c \u0437\u0430\u043f\u043e\u0432\u0435\u0434\u043d\u0438\u043a\u0435 \u0427\u0435\u0440\u0435\u043f\u0430\u0448\u044c\u0435\u0433\u043e \u043f\u043b\u044f\u0436\u0430, \u0438\u0441\u0441\u043b\u0435\u0434\u0443\u0439\u0442\u0435 \u0441\u0430\u043c\u043e\u0435 \u0431\u043e\u043b\u044c\u0448\u043e\u0435 \u043e\u0437\u0435\u0440\u043e \u041a\u0451\u0439\u0434\u0436\u0435\u0433\u0438\u0437, \u043d\u0430\u0441\u043b\u0430\u0436\u0434\u0430\u0439\u0442\u0435\u0441\u044c \u0433\u0440\u044f\u0437\u0435\u0432\u044b\u043c\u0438 \u0432\u0430\u043d\u043d\u0430\u043c\u0438, \u0438 \u043e\u043a\u0443\u043d\u0438\u0442\u0435\u0441\u044c \u0432 \u0438\u0441\u0442\u043e\u0440\u0438\u044e, \u043f\u043e\u0441\u0435\u0449\u0430\u044f \u041b\u0438\u043a\u0438\u0439\u0441\u043a\u0438\u0435 \u0433\u0440\u043e\u0431\u043d\u0438\u0446\u044b.\" \/>\n<meta name=\"robots\" content=\"index, follow, max-snippet:-1, max-image-preview:large, max-video-preview:-1\" \/>\n<link rel=\"canonical\" href=\"https:\/\/skyline-gs.com\/de\/produkt\/blue-crabs-dalyan\/\" \/>\n<meta property=\"og:locale\" content=\"de_DE\" \/>\n<meta property=\"og:type\" content=\"article\" \/>\n<meta property=\"og:title\" content=\"\u0413\u043e\u043b\u0443\u0431\u044b\u0435 \u043a\u0440\u0430\u0431\u044b \u0414\u0430\u043b\u044c\u044f\u043d &#8226; \u042d\u043a\u0441\u043a\u0443\u0440\u0441\u0438\u0438 Skyline\" \/>\n<meta property=\"og:description\" content=\"\u041f\u0440\u043e\u0432\u0435\u0434\u0438\u0442\u0435 \u0432\u0440\u0435\u043c\u044f \u0432 \u043f\u0440\u0438\u0440\u043e\u0434\u043d\u043e\u043c \u0437\u0430\u043f\u043e\u0432\u0435\u0434\u043d\u0438\u043a\u0435 \u0427\u0435\u0440\u0435\u043f\u0430\u0448\u044c\u0435\u0433\u043e \u043f\u043b\u044f\u0436\u0430, \u0438\u0441\u0441\u043b\u0435\u0434\u0443\u0439\u0442\u0435 \u0441\u0430\u043c\u043e\u0435 \u0431\u043e\u043b\u044c\u0448\u043e\u0435 \u043e\u0437\u0435\u0440\u043e \u041a\u0451\u0439\u0434\u0436\u0435\u0433\u0438\u0437, \u043d\u0430\u0441\u043b\u0430\u0436\u0434\u0430\u0439\u0442\u0435\u0441\u044c \u0433\u0440\u044f\u0437\u0435\u0432\u044b\u043c\u0438 \u0432\u0430\u043d\u043d\u0430\u043c\u0438, \u0438 \u043e\u043a\u0443\u043d\u0438\u0442\u0435\u0441\u044c \u0432 \u0438\u0441\u0442\u043e\u0440\u0438\u044e, \u043f\u043e\u0441\u0435\u0449\u0430\u044f \u041b\u0438\u043a\u0438\u0439\u0441\u043a\u0438\u0435 \u0433\u0440\u043e\u0431\u043d\u0438\u0446\u044b.\" \/>\n<meta property=\"og:url\" content=\"https:\/\/skyline-gs.com\/de\/produkt\/blue-crabs-dalyan\/\" \/>\n<meta property=\"og:site_name\" content=\"\u042d\u043a\u0441\u043a\u0443\u0440\u0441\u0438\u0438 Skyline\" \/>\n<meta property=\"article:modified_time\" content=\"2024-01-23T23:05:12+00:00\" \/>\n<meta property=\"og:image\" content=\"https:\/\/skyline-gs.com\/wp-content\/uploads\/2024\/08\/LoGo777.png\" \/>\n\t<meta property=\"og:image:width\" content=\"1080\" \/>\n\t<meta property=\"og:image:height\" content=\"1080\" \/>\n\t<meta property=\"og:image:type\" content=\"image\/png\" \/>\n<meta name=\"twitter:card\" content=\"summary_large_image\" \/>\n<meta name=\"twitter:label1\" content=\"Gesch\u00e4tzte Lesezeit\" \/>\n\t<meta name=\"twitter:data1\" content=\"1\u00a0Minute\" \/>\n<script type=\"application\/ld+json\" class=\"yoast-schema-graph\">{\"@context\":\"https:\\\/\\\/schema.org\",\"@graph\":[{\"@type\":\"WebPage\",\"@id\":\"https:\\\/\\\/skyline-gs.com\\\/product\\\/blue-crabs-dalyan\\\/\",\"url\":\"https:\\\/\\\/skyline-gs.com\\\/product\\\/blue-crabs-dalyan\\\/\",\"name\":\"\u0413\u043e\u043b\u0443\u0431\u044b\u0435 \u043a\u0440\u0430\u0431\u044b \u0414\u0430\u043b\u044c\u044f\u043d &#8226; \u042d\u043a\u0441\u043a\u0443\u0440\u0441\u0438\u0438 Skyline\",\"isPartOf\":{\"@id\":\"https:\\\/\\\/skyline-gs.com\\\/it\\\/#website\"},\"datePublished\":\"2024-01-11T12:07:56+00:00\",\"dateModified\":\"2024-01-23T23:05:12+00:00\",\"description\":\"\u041f\u0440\u043e\u0432\u0435\u0434\u0438\u0442\u0435 \u0432\u0440\u0435\u043c\u044f \u0432 \u043f\u0440\u0438\u0440\u043e\u0434\u043d\u043e\u043c \u0437\u0430\u043f\u043e\u0432\u0435\u0434\u043d\u0438\u043a\u0435 \u0427\u0435\u0440\u0435\u043f\u0430\u0448\u044c\u0435\u0433\u043e \u043f\u043b\u044f\u0436\u0430, \u0438\u0441\u0441\u043b\u0435\u0434\u0443\u0439\u0442\u0435 \u0441\u0430\u043c\u043e\u0435 \u0431\u043e\u043b\u044c\u0448\u043e\u0435 \u043e\u0437\u0435\u0440\u043e \u041a\u0451\u0439\u0434\u0436\u0435\u0433\u0438\u0437, \u043d\u0430\u0441\u043b\u0430\u0436\u0434\u0430\u0439\u0442\u0435\u0441\u044c \u0433\u0440\u044f\u0437\u0435\u0432\u044b\u043c\u0438 \u0432\u0430\u043d\u043d\u0430\u043c\u0438, \u0438 \u043e\u043a\u0443\u043d\u0438\u0442\u0435\u0441\u044c \u0432 \u0438\u0441\u0442\u043e\u0440\u0438\u044e, \u043f\u043e\u0441\u0435\u0449\u0430\u044f \u041b\u0438\u043a\u0438\u0439\u0441\u043a\u0438\u0435 \u0433\u0440\u043e\u0431\u043d\u0438\u0446\u044b.\",\"breadcrumb\":{\"@id\":\"https:\\\/\\\/skyline-gs.com\\\/product\\\/blue-crabs-dalyan\\\/#breadcrumb\"},\"inLanguage\":\"de\",\"potentialAction\":[{\"@type\":\"ReadAction\",\"target\":[\"https:\\\/\\\/skyline-gs.com\\\/product\\\/blue-crabs-dalyan\\\/\"]}]},{\"@type\":\"BreadcrumbList\",\"@id\":\"https:\\\/\\\/skyline-gs.com\\\/product\\\/blue-crabs-dalyan\\\/#breadcrumb\",\"itemListElement\":[{\"@type\":\"ListItem\",\"position\":1,\"name\":\"\u0413\u043b\u0430\u0432\u043d\u0430\u044f \u0441\u0442\u0440\u0430\u043d\u0438\u0446\u0430\",\"item\":\"https:\\\/\\\/skyline-gs.com\\\/hu\\\/\"},{\"@type\":\"ListItem\",\"position\":2,\"name\":\"\u041c\u0430\u0433\u0430\u0437\u0438\u043d\",\"item\":\"https:\\\/\\\/skyline-gs.com\\\/cs\\\/shop\\\/\"},{\"@type\":\"ListItem\",\"position\":3,\"name\":\"\u0413\u043e\u043b\u0443\u0431\u044b\u0435 \u043a\u0440\u0430\u0431\u044b \u0414\u0430\u043b\u044c\u044f\u043d\"}]},{\"@type\":\"WebSite\",\"@id\":\"https:\\\/\\\/skyline-gs.com\\\/it\\\/#website\",\"url\":\"https:\\\/\\\/skyline-gs.com\\\/it\\\/\",\"name\":\"\u042d\u043a\u0441\u043a\u0443\u0440\u0441\u0438\u0438 Skyline\",\"description\":\"\u042d\u043a\u0441\u043a\u043b\u044e\u0437\u0438\u0432\u043d\u044b\u0435 \u044d\u043a\u0441\u043a\u0443\u0440\u0441\u0438\u0438 \u043d\u0430 \u043b\u0443\u0447\u0448\u0438\u0445 \u043a\u0443\u0440\u043e\u0440\u0442\u0430\u0445 \u043c\u0438\u0440\u0430\",\"publisher\":{\"@id\":\"https:\\\/\\\/skyline-gs.com\\\/it\\\/#organization\"},\"alternateName\":\"Skyline\",\"potentialAction\":[{\"@type\":\"SearchAction\",\"target\":{\"@type\":\"EntryPoint\",\"urlTemplate\":\"https:\\\/\\\/skyline-gs.com\\\/it\\\/?s={search_term_string}\"},\"query-input\":{\"@type\":\"PropertyValueSpecification\",\"valueRequired\":true,\"valueName\":\"search_term_string\"}}],\"inLanguage\":\"de\"},{\"@type\":\"Organization\",\"@id\":\"https:\\\/\\\/skyline-gs.com\\\/it\\\/#organization\",\"name\":\"\u042d\u043a\u0441\u043a\u0443\u0440\u0441\u0438\u0438 Skyline\",\"alternateName\":\"\u042d\u043a\u0441\u043a\u0443\u0440\u0441\u0438\u0438 Skyline\",\"url\":\"https:\\\/\\\/skyline-gs.com\\\/it\\\/\",\"logo\":{\"@type\":\"ImageObject\",\"inLanguage\":\"de\",\"@id\":\"https:\\\/\\\/skyline-gs.com\\\/it\\\/#\\\/schema\\\/logo\\\/image\\\/\",\"url\":\"https:\\\/\\\/skyline-gs.com\\\/wp-content\\\/uploads\\\/2020\\\/12\\\/cropped-logo-2.png\",\"contentUrl\":\"https:\\\/\\\/skyline-gs.com\\\/wp-content\\\/uploads\\\/2020\\\/12\\\/cropped-logo-2.png\",\"width\":512,\"height\":512,\"caption\":\"\u042d\u043a\u0441\u043a\u0443\u0440\u0441\u0438\u0438 Skyline\"},\"image\":{\"@id\":\"https:\\\/\\\/skyline-gs.com\\\/it\\\/#\\\/schema\\\/logo\\\/image\\\/\"},\"sameAs\":[\"https:\\\/\\\/www.instagram.com\\\/skylineglobalservice\\\/\"]}]}<\/script>\n<!-- \/ Yoast SEO plugin. -->","yoast_head_json":{"title":"\u0413\u043e\u043b\u0443\u0431\u044b\u0435 \u043a\u0440\u0430\u0431\u044b \u0414\u0430\u043b\u044c\u044f\u043d &#8226; \u042d\u043a\u0441\u043a\u0443\u0440\u0441\u0438\u0438 Skyline","description":"Verbringen Sie Zeit im Turtle Beach Nature Reserve, erkunden Sie den gr\u00f6\u00dften See von K\u00f6ycegiz, genie\u00dfen Sie Schlammb\u00e4der und tauchen Sie bei einem Besuch der lykischen Gr\u00e4ber in die Geschichte ein.","robots":{"index":"index","follow":"follow","max-snippet":"max-snippet:-1","max-image-preview":"max-image-preview:large","max-video-preview":"max-video-preview:-1"},"canonical":"https:\/\/skyline-gs.com\/de\/produkt\/blue-crabs-dalyan\/","og_locale":"de_DE","og_type":"article","og_title":"\u0413\u043e\u043b\u0443\u0431\u044b\u0435 \u043a\u0440\u0430\u0431\u044b \u0414\u0430\u043b\u044c\u044f\u043d &#8226; \u042d\u043a\u0441\u043a\u0443\u0440\u0441\u0438\u0438 Skyline","og_description":"\u041f\u0440\u043e\u0432\u0435\u0434\u0438\u0442\u0435 \u0432\u0440\u0435\u043c\u044f \u0432 \u043f\u0440\u0438\u0440\u043e\u0434\u043d\u043e\u043c \u0437\u0430\u043f\u043e\u0432\u0435\u0434\u043d\u0438\u043a\u0435 \u0427\u0435\u0440\u0435\u043f\u0430\u0448\u044c\u0435\u0433\u043e \u043f\u043b\u044f\u0436\u0430, \u0438\u0441\u0441\u043b\u0435\u0434\u0443\u0439\u0442\u0435 \u0441\u0430\u043c\u043e\u0435 \u0431\u043e\u043b\u044c\u0448\u043e\u0435 \u043e\u0437\u0435\u0440\u043e \u041a\u0451\u0439\u0434\u0436\u0435\u0433\u0438\u0437, \u043d\u0430\u0441\u043b\u0430\u0436\u0434\u0430\u0439\u0442\u0435\u0441\u044c \u0433\u0440\u044f\u0437\u0435\u0432\u044b\u043c\u0438 \u0432\u0430\u043d\u043d\u0430\u043c\u0438, \u0438 \u043e\u043a\u0443\u043d\u0438\u0442\u0435\u0441\u044c \u0432 \u0438\u0441\u0442\u043e\u0440\u0438\u044e, \u043f\u043e\u0441\u0435\u0449\u0430\u044f \u041b\u0438\u043a\u0438\u0439\u0441\u043a\u0438\u0435 \u0433\u0440\u043e\u0431\u043d\u0438\u0446\u044b.","og_url":"https:\/\/skyline-gs.com\/de\/produkt\/blue-crabs-dalyan\/","og_site_name":"\u042d\u043a\u0441\u043a\u0443\u0440\u0441\u0438\u0438 Skyline","article_modified_time":"2024-01-23T23:05:12+00:00","og_image":[{"width":1080,"height":1080,"url":"https:\/\/skyline-gs.com\/wp-content\/uploads\/2024\/08\/LoGo777.png","type":"image\/png"}],"twitter_card":"summary_large_image","twitter_misc":{"Gesch\u00e4tzte Lesezeit":"1\u00a0Minute"},"schema":{"@context":"https:\/\/schema.org","@graph":[{"@type":"WebPage","@id":"https:\/\/skyline-gs.com\/product\/blue-crabs-dalyan\/","url":"https:\/\/skyline-gs.com\/product\/blue-crabs-dalyan\/","name":"\u0413\u043e\u043b\u0443\u0431\u044b\u0435 \u043a\u0440\u0430\u0431\u044b \u0414\u0430\u043b\u044c\u044f\u043d &#8226; \u042d\u043a\u0441\u043a\u0443\u0440\u0441\u0438\u0438 Skyline","isPartOf":{"@id":"https:\/\/skyline-gs.com\/it\/#website"},"datePublished":"2024-01-11T12:07:56+00:00","dateModified":"2024-01-23T23:05:12+00:00","description":"Verbringen Sie Zeit im Turtle Beach Nature Reserve, erkunden Sie den gr\u00f6\u00dften See von K\u00f6ycegiz, genie\u00dfen Sie Schlammb\u00e4der und tauchen Sie bei einem Besuch der lykischen Gr\u00e4ber in die Geschichte ein.","breadcrumb":{"@id":"https:\/\/skyline-gs.com\/product\/blue-crabs-dalyan\/#breadcrumb"},"inLanguage":"de","potentialAction":[{"@type":"ReadAction","target":["https:\/\/skyline-gs.com\/product\/blue-crabs-dalyan\/"]}]},{"@type":"BreadcrumbList","@id":"https:\/\/skyline-gs.com\/product\/blue-crabs-dalyan\/#breadcrumb","itemListElement":[{"@type":"ListItem","position":1,"name":"\u0413\u043b\u0430\u0432\u043d\u0430\u044f \u0441\u0442\u0440\u0430\u043d\u0438\u0446\u0430","item":"https:\/\/skyline-gs.com\/hu\/"},{"@type":"ListItem","position":2,"name":"\u041c\u0430\u0433\u0430\u0437\u0438\u043d","item":"https:\/\/skyline-gs.com\/cs\/shop\/"},{"@type":"ListItem","position":3,"name":"\u0413\u043e\u043b\u0443\u0431\u044b\u0435 \u043a\u0440\u0430\u0431\u044b \u0414\u0430\u043b\u044c\u044f\u043d"}]},{"@type":"WebSite","@id":"https:\/\/skyline-gs.com\/it\/#website","url":"https:\/\/skyline-gs.com\/it\/","name":"Skyline Ausfl\u00fcge","description":"Exklusive Ausfl\u00fcge in den besten Resorts der Welt","publisher":{"@id":"https:\/\/skyline-gs.com\/it\/#organization"},"alternateName":"Skyline","potentialAction":[{"@type":"SearchAction","target":{"@type":"EntryPoint","urlTemplate":"https:\/\/skyline-gs.com\/it\/?s={search_term_string}"},"query-input":{"@type":"PropertyValueSpecification","valueRequired":true,"valueName":"search_term_string"}}],"inLanguage":"de"},{"@type":"Organization","@id":"https:\/\/skyline-gs.com\/it\/#organization","name":"Skyline Ausfl\u00fcge","alternateName":"\u042d\u043a\u0441\u043a\u0443\u0440\u0441\u0438\u0438 Skyline","url":"https:\/\/skyline-gs.com\/it\/","logo":{"@type":"ImageObject","inLanguage":"de","@id":"https:\/\/skyline-gs.com\/it\/#\/schema\/logo\/image\/","url":"https:\/\/skyline-gs.com\/wp-content\/uploads\/2020\/12\/cropped-logo-2.png","contentUrl":"https:\/\/skyline-gs.com\/wp-content\/uploads\/2020\/12\/cropped-logo-2.png","width":512,"height":512,"caption":"\u042d\u043a\u0441\u043a\u0443\u0440\u0441\u0438\u0438 Skyline"},"image":{"@id":"https:\/\/skyline-gs.com\/it\/#\/schema\/logo\/image\/"},"sameAs":["https:\/\/www.instagram.com\/skylineglobalservice\/"]}]}},"_links":{"self":[{"href":"https:\/\/skyline-gs.com\/de\/wp-json\/wp\/v2\/product\/45859","targetHints":{"allow":["GET"]}}],"collection":[{"href":"https:\/\/skyline-gs.com\/de\/wp-json\/wp\/v2\/product"}],"about":[{"href":"https:\/\/skyline-gs.com\/de\/wp-json\/wp\/v2\/types\/product"}],"version-history":[{"count":0,"href":"https:\/\/skyline-gs.com\/de\/wp-json\/wp\/v2\/product\/45859\/revisions"}],"wp:attachment":[{"href":"https:\/\/skyline-gs.com\/de\/wp-json\/wp\/v2\/media?parent=45859"}],"wp:term":[{"taxonomy":"product_brand","embeddable":true,"href":"https:\/\/skyline-gs.com\/de\/wp-json\/wp\/v2\/product_brand?post=45859"},{"taxonomy":"product_cat","embeddable":true,"href":"https:\/\/skyline-gs.com\/de\/wp-json\/wp\/v2\/product_cat?post=45859"},{"taxonomy":"product_tag","embeddable":true,"href":"https:\/\/skyline-gs.com\/de\/wp-json\/wp\/v2\/product_tag?post=45859"}],"curies":[{"name":"wp","href":"https:\/\/api.w.org\/{rel}","templated":true}]}}