{"id":42586,"date":"2023-07-13T14:19:31","date_gmt":"2023-07-13T12:19:31","guid":{"rendered":"http:\/\/skyline-gs.com\/?post_type=product&#038;p=42586"},"modified":"2025-07-08T18:46:49","modified_gmt":"2025-07-08T16:46:49","slug":"limira-demre-kekova-kemer","status":"publish","type":"product","link":"https:\/\/skyline-gs.com\/de\/product\/limira-demre-kekova-kemer\/","title":{"rendered":"Demre-Mira-Kekova"},"content":{"rendered":"<p>Entdecken Sie die Geschichte, Kultur und Natur des antiken Lykiens. Eine faszinierende Reise zur Stadt des Friedens des Heiligen Nikolaus des Wundert\u00e4ters, antike Gr\u00e4ber, ein antikes r\u00f6misches Theater und eine Bootsfahrt \u00fcber die versunkene Stadt Kekova - alles an einem Tag.<\/p>\n<p data-start=\"586\" data-end=\"649\"><strong>8:00 - Auschecken aus dem Hotel.<\/strong> Transfer nach Demre (ca. 2 Stunden Fahrtzeit).<\/p>\n<ul>\n<li data-start=\"651\" data-end=\"719\">Besuch des \"Icon Shop\". 15 Minuten, um sich umzusehen und Souvenirs zu kaufen.<\/li>\n<li data-start=\"651\" data-end=\"719\"><strong>St.-Nikolaus-Kirche.<\/strong> Einer der wichtigsten christlichen Tempel der T\u00fcrkei. Erkunden Sie die Innenr\u00e4ume und den Sarkophag, <strong>wo der Legende nach der Heilige Nikolaus begraben wurde.<\/strong><\/li>\n<li data-start=\"651\" data-end=\"719\"><strong>Die antike Stadt Mira<\/strong>. Ein Spaziergang \u00fcber das Gel\u00e4nde der alten lykischen Stadt.<\/li>\n<li data-start=\"651\" data-end=\"719\"><strong>Felsengr\u00e4ber<\/strong>direkt in den Fels gehauen.<\/li>\n<li data-start=\"651\" data-end=\"719\"><strong>Amphitheater<\/strong> f\u00fcr 10.000 Zuschauer.<\/li>\n<li data-start=\"651\" data-end=\"719\">Mittagessen im Restaurant. Buffet mit t\u00fcrkischen Spezialit\u00e4ten.<\/li>\n<li data-start=\"651\" data-end=\"719\"><strong>Bootsfahrt.<\/strong> Auf dem Weg zur Insel Kekova.<\/li>\n<li data-start=\"651\" data-end=\"719\"><strong>Schwimmen im offenen Meer<\/strong><\/li>\n<li data-start=\"651\" data-end=\"719\"><strong>Beobachtung einer versunkenen antiken Stadt<\/strong> Unterwasser<\/li>\n<li data-start=\"651\" data-end=\"719\">Onyx Shop.<\/li>\n<li data-start=\"651\" data-end=\"719\">Ein kurzer Halt f\u00fcr eine Steinwerkstatt und Souvenirs.<\/li>\n<\/ul>\n<p data-start=\"1392\" data-end=\"1420\"><strong>18:00 - R\u00fcckkehr zum Hotel.<\/strong><\/p>\n<p><strong>Inbegriffen:<\/strong><\/p>\n<ul>\n<li>Transfer vom Hotel und zur\u00fcck<\/li>\n<li>Mittagessen (Buffet)<\/li>\n<li>Yachtausflug<\/li>\n<li>Englischsprachiger Reiseleiter<\/li>\n<li>Versicherung<\/li>\n<\/ul>\n<p><strong>Nicht enthalten:<\/strong><\/p>\n<ul>\n<li>Eine Eintrittskarte f\u00fcr die Kirche St. Nikolaus<\/li>\n<li>Eine Eintrittskarte in die antike Stadt Mira<\/li>\n<li>Getr\u00e4nke<\/li>\n<li>Pers\u00f6nliche Ausgaben<\/li>\n<\/ul>\n<p><strong>Mitnehmen:<\/strong><\/p>\n<ul>\n<li>Badeanzug und Handtuch<\/li>\n<li>Kopfbedeckung, Sonnenbrille und Creme<\/li>\n<li>Bequeme Schuhe<\/li>\n<li>Wasser<\/li>\n<li>Bargeld f\u00fcr pers\u00f6nliche Ausgaben<\/li>\n<li>Wechsel der Schuhe<\/li>\n<\/ul>","protected":false},"excerpt":{"rendered":"<p><strong>Tourzeit:<\/strong> 8:00 - 18:00<\/p>\n<p><strong>Veranstaltungstage:<\/strong>\u00a0Dienstag, Donnerstag, Sonntag<\/p>","protected":false},"featured_media":42690,"template":"","meta":{"_kad_post_transparent":"default","_kad_post_title":"","_kad_post_layout":"default","_kad_post_sidebar_id":"","_kad_post_content_style":"default","_kad_post_vertical_padding":"default","_kad_post_feature":"","_kad_post_feature_position":"","_kad_post_header":false,"_kad_post_footer":false,"_kad_post_classname":"","_glsr_average":0,"_glsr_ranking":0,"_glsr_reviews":0},"product_brand":[],"product_cat":[448],"product_tag":[],"class_list":{"0":"post-42586","1":"product","2":"type-product","3":"status-publish","4":"has-post-thumbnail","6":"product_cat-kemer","7":"tm-has-options","9":"first","10":"instock","11":"sold-individually","12":"taxable","13":"shipping-taxable","14":"purchasable","15":"product-type-simple","16":"entry","17":"content-bg","18":"loop-entry"},"yoast_head":"<!-- This site is optimized with the Yoast SEO plugin v27.3 - https:\/\/yoast.com\/product\/yoast-seo-wordpress\/ -->\n<title>\u0414\u0435\u043c\u0440\u0435-\u041c\u0438\u0440\u0430-\u041a\u0435\u043a\u043e\u0432\u0430 \u0438\u0437 \u041a\u0435\u043c\u0435\u0440\u0430 &#8226; \u042d\u043a\u0441\u043a\u0443\u0440\u0441\u0438\u0438 Skyline<\/title>\n<meta name=\"description\" content=\"\u041e\u0442\u043a\u0440\u043e\u0439\u0442\u0435 \u0434\u043b\u044f \u0441\u0435\u0431\u044f \u0438\u0441\u0442\u043e\u0440\u0438\u044e, \u043a\u0443\u043b\u044c\u0442\u0443\u0440\u0443 \u0438 \u043f\u0440\u0438\u0440\u043e\u0434\u0443 \u0434\u0440\u0435\u0432\u043d\u0435\u0439 \u041b\u0438\u043a\u0438\u0438. \u0426\u0435\u0440\u043a\u043e\u0432\u044c \u0421\u0432\u044f\u0442\u043e\u0433\u043e \u041d\u0438\u043a\u043e\u043b\u0430\u044f. \u0410\u043d\u0442\u0438\u0447\u043d\u044b\u0439 \u0433\u043e\u0440\u043e\u0434 \u041c\u0438\u0440\u0430. \u041f\u0440\u043e\u0433\u0443\u043b\u043a\u0430 \u043d\u0430 \u044f\u0445\u0442\u0435.\" \/>\n<meta name=\"robots\" content=\"index, follow, max-snippet:-1, max-image-preview:large, max-video-preview:-1\" \/>\n<link rel=\"canonical\" href=\"http:\/\/skyline-gs.com\/de\/produkt\/limira-demre-kekova-kemer\/\" \/>\n<meta property=\"og:locale\" content=\"de_DE\" \/>\n<meta property=\"og:type\" content=\"article\" \/>\n<meta property=\"og:title\" content=\"\u0414\u0435\u043c\u0440\u0435-\u041c\u0438\u0440\u0430-\u041a\u0435\u043a\u043e\u0432\u0430 \u0438\u0437 \u041a\u0435\u043c\u0435\u0440\u0430 &#8226; \u042d\u043a\u0441\u043a\u0443\u0440\u0441\u0438\u0438 Skyline\" \/>\n<meta property=\"og:description\" content=\"\u041e\u0442\u043a\u0440\u043e\u0439\u0442\u0435 \u0434\u043b\u044f \u0441\u0435\u0431\u044f \u0438\u0441\u0442\u043e\u0440\u0438\u044e, \u043a\u0443\u043b\u044c\u0442\u0443\u0440\u0443 \u0438 \u043f\u0440\u0438\u0440\u043e\u0434\u0443 \u0434\u0440\u0435\u0432\u043d\u0435\u0439 \u041b\u0438\u043a\u0438\u0438. \u0426\u0435\u0440\u043a\u043e\u0432\u044c \u0421\u0432\u044f\u0442\u043e\u0433\u043e \u041d\u0438\u043a\u043e\u043b\u0430\u044f. \u0410\u043d\u0442\u0438\u0447\u043d\u044b\u0439 \u0433\u043e\u0440\u043e\u0434 \u041c\u0438\u0440\u0430. \u041f\u0440\u043e\u0433\u0443\u043b\u043a\u0430 \u043d\u0430 \u044f\u0445\u0442\u0435.\" \/>\n<meta property=\"og:url\" content=\"http:\/\/skyline-gs.com\/de\/produkt\/limira-demre-kekova-kemer\/\" \/>\n<meta property=\"og:site_name\" content=\"\u042d\u043a\u0441\u043a\u0443\u0440\u0441\u0438\u0438 Skyline\" \/>\n<meta property=\"article:modified_time\" content=\"2025-07-08T16:46:49+00:00\" \/>\n<meta property=\"og:image\" content=\"https:\/\/skyline-gs.com\/wp-content\/uploads\/2022\/07\/7-44.png\" \/>\n\t<meta property=\"og:image:width\" content=\"669\" \/>\n\t<meta property=\"og:image:height\" content=\"446\" \/>\n\t<meta property=\"og:image:type\" content=\"image\/png\" \/>\n<meta name=\"twitter:card\" content=\"summary_large_image\" \/>\n<meta name=\"twitter:label1\" content=\"Gesch\u00e4tzte Lesezeit\" \/>\n\t<meta name=\"twitter:data1\" content=\"2\u00a0Minuten\" \/>\n<script type=\"application\/ld+json\" class=\"yoast-schema-graph\">{\"@context\":\"https:\\\/\\\/schema.org\",\"@graph\":[{\"@type\":\"WebPage\",\"@id\":\"http:\\\/\\\/skyline-gs.com\\\/it\\\/prodotto\\\/limira-demre-kekova-kemer\\\/\",\"url\":\"http:\\\/\\\/skyline-gs.com\\\/it\\\/prodotto\\\/limira-demre-kekova-kemer\\\/\",\"name\":\"\u0414\u0435\u043c\u0440\u0435-\u041c\u0438\u0440\u0430-\u041a\u0435\u043a\u043e\u0432\u0430 \u0438\u0437 \u041a\u0435\u043c\u0435\u0440\u0430 &#8226; \u042d\u043a\u0441\u043a\u0443\u0440\u0441\u0438\u0438 Skyline\",\"isPartOf\":{\"@id\":\"https:\\\/\\\/skyline-gs.com\\\/it\\\/#website\"},\"primaryImageOfPage\":{\"@id\":\"http:\\\/\\\/skyline-gs.com\\\/it\\\/prodotto\\\/limira-demre-kekova-kemer\\\/#primaryimage\"},\"image\":{\"@id\":\"http:\\\/\\\/skyline-gs.com\\\/it\\\/prodotto\\\/limira-demre-kekova-kemer\\\/#primaryimage\"},\"thumbnailUrl\":\"https:\\\/\\\/skyline-gs.com\\\/wp-content\\\/uploads\\\/2022\\\/07\\\/7-44.png\",\"datePublished\":\"2023-07-13T12:19:31+00:00\",\"dateModified\":\"2025-07-08T16:46:49+00:00\",\"description\":\"\u041e\u0442\u043a\u0440\u043e\u0439\u0442\u0435 \u0434\u043b\u044f \u0441\u0435\u0431\u044f \u0438\u0441\u0442\u043e\u0440\u0438\u044e, \u043a\u0443\u043b\u044c\u0442\u0443\u0440\u0443 \u0438 \u043f\u0440\u0438\u0440\u043e\u0434\u0443 \u0434\u0440\u0435\u0432\u043d\u0435\u0439 \u041b\u0438\u043a\u0438\u0438. \u0426\u0435\u0440\u043a\u043e\u0432\u044c \u0421\u0432\u044f\u0442\u043e\u0433\u043e \u041d\u0438\u043a\u043e\u043b\u0430\u044f. \u0410\u043d\u0442\u0438\u0447\u043d\u044b\u0439 \u0433\u043e\u0440\u043e\u0434 \u041c\u0438\u0440\u0430. \u041f\u0440\u043e\u0433\u0443\u043b\u043a\u0430 \u043d\u0430 \u044f\u0445\u0442\u0435.\",\"breadcrumb\":{\"@id\":\"http:\\\/\\\/skyline-gs.com\\\/it\\\/prodotto\\\/limira-demre-kekova-kemer\\\/#breadcrumb\"},\"inLanguage\":\"de\",\"potentialAction\":[{\"@type\":\"ReadAction\",\"target\":[\"http:\\\/\\\/skyline-gs.com\\\/it\\\/prodotto\\\/limira-demre-kekova-kemer\\\/\"]}]},{\"@type\":\"ImageObject\",\"inLanguage\":\"de\",\"@id\":\"http:\\\/\\\/skyline-gs.com\\\/it\\\/prodotto\\\/limira-demre-kekova-kemer\\\/#primaryimage\",\"url\":\"https:\\\/\\\/skyline-gs.com\\\/wp-content\\\/uploads\\\/2022\\\/07\\\/7-44.png\",\"contentUrl\":\"https:\\\/\\\/skyline-gs.com\\\/wp-content\\\/uploads\\\/2022\\\/07\\\/7-44.png\",\"width\":669,\"height\":446},{\"@type\":\"BreadcrumbList\",\"@id\":\"http:\\\/\\\/skyline-gs.com\\\/it\\\/prodotto\\\/limira-demre-kekova-kemer\\\/#breadcrumb\",\"itemListElement\":[{\"@type\":\"ListItem\",\"position\":1,\"name\":\"\u0413\u043b\u0430\u0432\u043d\u0430\u044f \u0441\u0442\u0440\u0430\u043d\u0438\u0446\u0430\",\"item\":\"https:\\\/\\\/skyline-gs.com\\\/hu\\\/\"},{\"@type\":\"ListItem\",\"position\":2,\"name\":\"\u041c\u0430\u0433\u0430\u0437\u0438\u043d\",\"item\":\"https:\\\/\\\/skyline-gs.com\\\/cs\\\/shop\\\/\"},{\"@type\":\"ListItem\",\"position\":3,\"name\":\"\u0414\u0435\u043c\u0440\u0435-\u041c\u0438\u0440\u0430-\u041a\u0435\u043a\u043e\u0432\u0430\"}]},{\"@type\":\"WebSite\",\"@id\":\"https:\\\/\\\/skyline-gs.com\\\/it\\\/#website\",\"url\":\"https:\\\/\\\/skyline-gs.com\\\/it\\\/\",\"name\":\"\u042d\u043a\u0441\u043a\u0443\u0440\u0441\u0438\u0438 Skyline\",\"description\":\"\u042d\u043a\u0441\u043a\u043b\u044e\u0437\u0438\u0432\u043d\u044b\u0435 \u044d\u043a\u0441\u043a\u0443\u0440\u0441\u0438\u0438 \u043d\u0430 \u043b\u0443\u0447\u0448\u0438\u0445 \u043a\u0443\u0440\u043e\u0440\u0442\u0430\u0445 \u043c\u0438\u0440\u0430\",\"publisher\":{\"@id\":\"https:\\\/\\\/skyline-gs.com\\\/it\\\/#organization\"},\"alternateName\":\"Skyline\",\"potentialAction\":[{\"@type\":\"SearchAction\",\"target\":{\"@type\":\"EntryPoint\",\"urlTemplate\":\"https:\\\/\\\/skyline-gs.com\\\/it\\\/?s={search_term_string}\"},\"query-input\":{\"@type\":\"PropertyValueSpecification\",\"valueRequired\":true,\"valueName\":\"search_term_string\"}}],\"inLanguage\":\"de\"},{\"@type\":\"Organization\",\"@id\":\"https:\\\/\\\/skyline-gs.com\\\/it\\\/#organization\",\"name\":\"\u042d\u043a\u0441\u043a\u0443\u0440\u0441\u0438\u0438 Skyline\",\"alternateName\":\"\u042d\u043a\u0441\u043a\u0443\u0440\u0441\u0438\u0438 Skyline\",\"url\":\"https:\\\/\\\/skyline-gs.com\\\/it\\\/\",\"logo\":{\"@type\":\"ImageObject\",\"inLanguage\":\"de\",\"@id\":\"https:\\\/\\\/skyline-gs.com\\\/it\\\/#\\\/schema\\\/logo\\\/image\\\/\",\"url\":\"https:\\\/\\\/skyline-gs.com\\\/wp-content\\\/uploads\\\/2020\\\/12\\\/cropped-logo-2.png\",\"contentUrl\":\"https:\\\/\\\/skyline-gs.com\\\/wp-content\\\/uploads\\\/2020\\\/12\\\/cropped-logo-2.png\",\"width\":512,\"height\":512,\"caption\":\"\u042d\u043a\u0441\u043a\u0443\u0440\u0441\u0438\u0438 Skyline\"},\"image\":{\"@id\":\"https:\\\/\\\/skyline-gs.com\\\/it\\\/#\\\/schema\\\/logo\\\/image\\\/\"},\"sameAs\":[\"https:\\\/\\\/www.instagram.com\\\/skylineglobalservice\\\/\"]}]}<\/script>\n<!-- \/ Yoast SEO plugin. -->","yoast_head_json":{"title":"\u0414\u0435\u043c\u0440\u0435-\u041c\u0438\u0440\u0430-\u041a\u0435\u043a\u043e\u0432\u0430 \u0438\u0437 \u041a\u0435\u043c\u0435\u0440\u0430 &#8226; \u042d\u043a\u0441\u043a\u0443\u0440\u0441\u0438\u0438 Skyline","description":"Entdecken Sie die Geschichte, Kultur und Natur des alten Lykiens. Die Kirche des Heiligen Nikolaus. Die antike Stadt Mira. Bootsfahrt.","robots":{"index":"index","follow":"follow","max-snippet":"max-snippet:-1","max-image-preview":"max-image-preview:large","max-video-preview":"max-video-preview:-1"},"canonical":"http:\/\/skyline-gs.com\/de\/produkt\/limira-demre-kekova-kemer\/","og_locale":"de_DE","og_type":"article","og_title":"\u0414\u0435\u043c\u0440\u0435-\u041c\u0438\u0440\u0430-\u041a\u0435\u043a\u043e\u0432\u0430 \u0438\u0437 \u041a\u0435\u043c\u0435\u0440\u0430 &#8226; \u042d\u043a\u0441\u043a\u0443\u0440\u0441\u0438\u0438 Skyline","og_description":"\u041e\u0442\u043a\u0440\u043e\u0439\u0442\u0435 \u0434\u043b\u044f \u0441\u0435\u0431\u044f \u0438\u0441\u0442\u043e\u0440\u0438\u044e, \u043a\u0443\u043b\u044c\u0442\u0443\u0440\u0443 \u0438 \u043f\u0440\u0438\u0440\u043e\u0434\u0443 \u0434\u0440\u0435\u0432\u043d\u0435\u0439 \u041b\u0438\u043a\u0438\u0438. \u0426\u0435\u0440\u043a\u043e\u0432\u044c \u0421\u0432\u044f\u0442\u043e\u0433\u043e \u041d\u0438\u043a\u043e\u043b\u0430\u044f. \u0410\u043d\u0442\u0438\u0447\u043d\u044b\u0439 \u0433\u043e\u0440\u043e\u0434 \u041c\u0438\u0440\u0430. \u041f\u0440\u043e\u0433\u0443\u043b\u043a\u0430 \u043d\u0430 \u044f\u0445\u0442\u0435.","og_url":"http:\/\/skyline-gs.com\/de\/produkt\/limira-demre-kekova-kemer\/","og_site_name":"\u042d\u043a\u0441\u043a\u0443\u0440\u0441\u0438\u0438 Skyline","article_modified_time":"2025-07-08T16:46:49+00:00","og_image":[{"width":669,"height":446,"url":"https:\/\/skyline-gs.com\/wp-content\/uploads\/2022\/07\/7-44.png","type":"image\/png"}],"twitter_card":"summary_large_image","twitter_misc":{"Gesch\u00e4tzte Lesezeit":"2\u00a0Minuten"},"schema":{"@context":"https:\/\/schema.org","@graph":[{"@type":"WebPage","@id":"http:\/\/skyline-gs.com\/it\/prodotto\/limira-demre-kekova-kemer\/","url":"http:\/\/skyline-gs.com\/it\/prodotto\/limira-demre-kekova-kemer\/","name":"\u0414\u0435\u043c\u0440\u0435-\u041c\u0438\u0440\u0430-\u041a\u0435\u043a\u043e\u0432\u0430 \u0438\u0437 \u041a\u0435\u043c\u0435\u0440\u0430 &#8226; \u042d\u043a\u0441\u043a\u0443\u0440\u0441\u0438\u0438 Skyline","isPartOf":{"@id":"https:\/\/skyline-gs.com\/it\/#website"},"primaryImageOfPage":{"@id":"http:\/\/skyline-gs.com\/it\/prodotto\/limira-demre-kekova-kemer\/#primaryimage"},"image":{"@id":"http:\/\/skyline-gs.com\/it\/prodotto\/limira-demre-kekova-kemer\/#primaryimage"},"thumbnailUrl":"https:\/\/skyline-gs.com\/wp-content\/uploads\/2022\/07\/7-44.png","datePublished":"2023-07-13T12:19:31+00:00","dateModified":"2025-07-08T16:46:49+00:00","description":"Entdecken Sie die Geschichte, Kultur und Natur des alten Lykiens. Die Kirche des Heiligen Nikolaus. Die antike Stadt Mira. Bootsfahrt.","breadcrumb":{"@id":"http:\/\/skyline-gs.com\/it\/prodotto\/limira-demre-kekova-kemer\/#breadcrumb"},"inLanguage":"de","potentialAction":[{"@type":"ReadAction","target":["http:\/\/skyline-gs.com\/it\/prodotto\/limira-demre-kekova-kemer\/"]}]},{"@type":"ImageObject","inLanguage":"de","@id":"http:\/\/skyline-gs.com\/it\/prodotto\/limira-demre-kekova-kemer\/#primaryimage","url":"https:\/\/skyline-gs.com\/wp-content\/uploads\/2022\/07\/7-44.png","contentUrl":"https:\/\/skyline-gs.com\/wp-content\/uploads\/2022\/07\/7-44.png","width":669,"height":446},{"@type":"BreadcrumbList","@id":"http:\/\/skyline-gs.com\/it\/prodotto\/limira-demre-kekova-kemer\/#breadcrumb","itemListElement":[{"@type":"ListItem","position":1,"name":"\u0413\u043b\u0430\u0432\u043d\u0430\u044f \u0441\u0442\u0440\u0430\u043d\u0438\u0446\u0430","item":"https:\/\/skyline-gs.com\/hu\/"},{"@type":"ListItem","position":2,"name":"\u041c\u0430\u0433\u0430\u0437\u0438\u043d","item":"https:\/\/skyline-gs.com\/cs\/shop\/"},{"@type":"ListItem","position":3,"name":"\u0414\u0435\u043c\u0440\u0435-\u041c\u0438\u0440\u0430-\u041a\u0435\u043a\u043e\u0432\u0430"}]},{"@type":"WebSite","@id":"https:\/\/skyline-gs.com\/it\/#website","url":"https:\/\/skyline-gs.com\/it\/","name":"Skyline Ausfl\u00fcge","description":"Exklusive Ausfl\u00fcge in den besten Resorts der Welt","publisher":{"@id":"https:\/\/skyline-gs.com\/it\/#organization"},"alternateName":"Skyline","potentialAction":[{"@type":"SearchAction","target":{"@type":"EntryPoint","urlTemplate":"https:\/\/skyline-gs.com\/it\/?s={search_term_string}"},"query-input":{"@type":"PropertyValueSpecification","valueRequired":true,"valueName":"search_term_string"}}],"inLanguage":"de"},{"@type":"Organization","@id":"https:\/\/skyline-gs.com\/it\/#organization","name":"Skyline Ausfl\u00fcge","alternateName":"\u042d\u043a\u0441\u043a\u0443\u0440\u0441\u0438\u0438 Skyline","url":"https:\/\/skyline-gs.com\/it\/","logo":{"@type":"ImageObject","inLanguage":"de","@id":"https:\/\/skyline-gs.com\/it\/#\/schema\/logo\/image\/","url":"https:\/\/skyline-gs.com\/wp-content\/uploads\/2020\/12\/cropped-logo-2.png","contentUrl":"https:\/\/skyline-gs.com\/wp-content\/uploads\/2020\/12\/cropped-logo-2.png","width":512,"height":512,"caption":"\u042d\u043a\u0441\u043a\u0443\u0440\u0441\u0438\u0438 Skyline"},"image":{"@id":"https:\/\/skyline-gs.com\/it\/#\/schema\/logo\/image\/"},"sameAs":["https:\/\/www.instagram.com\/skylineglobalservice\/"]}]}},"_links":{"self":[{"href":"https:\/\/skyline-gs.com\/de\/wp-json\/wp\/v2\/product\/42586","targetHints":{"allow":["GET"]}}],"collection":[{"href":"https:\/\/skyline-gs.com\/de\/wp-json\/wp\/v2\/product"}],"about":[{"href":"https:\/\/skyline-gs.com\/de\/wp-json\/wp\/v2\/types\/product"}],"version-history":[{"count":0,"href":"https:\/\/skyline-gs.com\/de\/wp-json\/wp\/v2\/product\/42586\/revisions"}],"wp:featuredmedia":[{"embeddable":true,"href":"https:\/\/skyline-gs.com\/de\/wp-json\/wp\/v2\/media\/42690"}],"wp:attachment":[{"href":"https:\/\/skyline-gs.com\/de\/wp-json\/wp\/v2\/media?parent=42586"}],"wp:term":[{"taxonomy":"product_brand","embeddable":true,"href":"https:\/\/skyline-gs.com\/de\/wp-json\/wp\/v2\/product_brand?post=42586"},{"taxonomy":"product_cat","embeddable":true,"href":"https:\/\/skyline-gs.com\/de\/wp-json\/wp\/v2\/product_cat?post=42586"},{"taxonomy":"product_tag","embeddable":true,"href":"https:\/\/skyline-gs.com\/de\/wp-json\/wp\/v2\/product_tag?post=42586"}],"curies":[{"name":"wp","href":"https:\/\/api.w.org\/{rel}","templated":true}]}}