{"id":42033,"date":"2023-01-26T01:08:45","date_gmt":"2023-01-25T23:08:45","guid":{"rendered":"http:\/\/skyline-gs.com\/?post_type=product&#038;p=42033"},"modified":"2025-05-31T22:06:14","modified_gmt":"2025-05-31T20:06:14","slug":"zoo-singapore","status":"publish","type":"product","link":"https:\/\/skyline-gs.com\/de\/product\/zoo-singapore\/","title":{"rendered":"Zoo Singapur"},"content":{"rendered":"<p>Abfahrt vom Hotel um 10:00 Uhr. Der Singapur Zoo wurde nach dem Konzept eines \"offenen Zoos\" errichtet - es gibt hier keine Z\u00e4une, K\u00e4fige oder Gitter. Aber keine Sorge - Sie werden kein Mahl f\u00fcr Raubtiere oder andere Zoo-Bewohner werden! Nat\u00fcrliche Barrieren wie Wassergr\u00e4ben, tiefe Gr\u00e4ben, trockene \u00c4ste und St\u00e4mme schaffen sichere Bedingungen f\u00fcr die Besucher. Diese Gehege sind so nah wie m\u00f6glich am nat\u00fcrlichen Lebensraum der Tiere, was nicht nur f\u00fcr die Tiere gut ist, sondern auch f\u00fcr die Zoo-Besucher - sie k\u00f6nnen die Tiere in ihrer nat\u00fcrlichen Umgebung beobachten. Regelm\u00e4\u00dfige \u00dcbungen entwickeln die Tiere, verhindern, dass sie sich langweilen, und helfen ihnen gleichzeitig, ihre nat\u00fcrlichen Instinkte nicht zu vergessen. Zum Beispiel m\u00fcssen Orang-Utans und Malaienb\u00e4ren hart arbeiten, bevor sie ihre Portion Milch oder Honig bekommen, die in speziellen Futterstellen aufgeh\u00e4ngt ist.<br \/>\nNicht nur, dass man hoch springen muss, um sie zu erreichen, sondern auch \u00f6ffnen. Um die leckeren australischen Macadamia-N\u00fcsse zu bekommen, m\u00fcssen Orang-Utans und Schimpansen ein paar Stunden investieren. Um die harte Schale der Nuss zu knacken, m\u00fcssen Sie Einfallsreichtum zeigen und sogar einen Stein verwenden. Eine andere technische L\u00f6sung sind h\u00e4ufig gewechselte Barrieren und Gehegegestaltungen. Dies weckt das Interesse der Tiere an ihrem t\u00e4glichen Leben - um herauszufinden und zu erkunden, was neu ist.<br \/>\nzu finden und zu erfahren, was es Neues gibt.<\/p>\n<p>Die Ausstellung \"Fragile Forest\" entf\u00fchrt Sie auf eine Reise in den tropischen Wald, wo zahlreiche flatternde Schmetterlinge, Waldtau, das Rauschen von Wasserf\u00e4llen, m\u00e4chtige B\u00e4ume, zarte Farne und eine gro\u00dfe Vielfalt an Tieren, wie Goldkopf\u00e4ffchen, Moschushirsche, gestreifte Lemuren, bunte Papageien, Faultiere, Flughunde, Ihren Spaziergang zu einem au\u00dfergew\u00f6hnlichen Abenteuer machen werden. Machen Sie einen Spaziergang durch die anderen Ausstellungen im Zoo, die verschiedenen Tieren gewidmet sind - \"Treetop Trails\", \"Wild Africa\", \"Aquatic Animals\", \"Primates\", \"The Great Rift Valley\", \"Reptile Garden\", \"Feline Family\". Wir werden gegen 13:30 Uhr zum Hotel zur\u00fcckkehren.<\/p>\n<p><strong>Inbegriffen:<\/strong><\/p>\n<ul>\n<li>Transfers vom Hotel und zur\u00fcck (wir holen Sie aus allen Hotels in Singapur ab).<\/li>\n<li>Alle Transfers laut Programm<\/li>\n<li>Englischsprachiger Reiseleiter<\/li>\n<\/ul>\n<p><strong>Nimm mit:<\/strong><\/p>\n<ul>\n<li>Wasser<\/li>\n<li>Kopfbedeckung<\/li>\n<li>Geld f\u00fcr pers\u00f6nliche Ausgaben.<\/li>\n<\/ul>","protected":false},"excerpt":{"rendered":"<p><strong>Tourzeit:<\/strong> 10:00 &#8212; 13:30<\/p>\n<p><strong>Veranstaltungstage:<\/strong> T\u00e4glich<\/p>","protected":false},"featured_media":42041,"template":"","meta":{"_kad_post_transparent":"default","_kad_post_title":"","_kad_post_layout":"default","_kad_post_sidebar_id":"","_kad_post_content_style":"default","_kad_post_vertical_padding":"default","_kad_post_feature":"","_kad_post_feature_position":"","_kad_post_header":false,"_kad_post_footer":false,"_kad_post_classname":"","_glsr_average":0,"_glsr_ranking":0,"_glsr_reviews":0},"product_brand":[],"product_cat":[440],"product_tag":[],"class_list":{"0":"post-42033","1":"product","2":"type-product","3":"status-publish","4":"has-post-thumbnail","6":"product_cat-singapore","7":"tm-has-options","9":"first","10":"instock","11":"sold-individually","12":"taxable","13":"shipping-taxable","14":"purchasable","15":"product-type-simple","16":"entry","17":"content-bg","18":"loop-entry"},"yoast_head":"<!-- This site is optimized with the Yoast SEO plugin v27.3 - https:\/\/yoast.com\/product\/yoast-seo-wordpress\/ -->\n<title>\u0421\u0438\u043d\u0433\u0430\u043f\u0443\u0440\u0441\u043a\u0438\u0439 \u0417\u043e\u043e\u043f\u0430\u0440\u043a &#8226; \u042d\u043a\u0441\u043a\u0443\u0440\u0441\u0438\u0438 Skyline<\/title>\n<meta name=\"robots\" content=\"index, follow, max-snippet:-1, max-image-preview:large, max-video-preview:-1\" \/>\n<link rel=\"canonical\" href=\"https:\/\/skyline-gs.com\/de\/produkt\/zoo-singapore\/\" \/>\n<meta property=\"og:locale\" content=\"de_DE\" \/>\n<meta property=\"og:type\" content=\"article\" \/>\n<meta property=\"og:title\" content=\"\u0421\u0438\u043d\u0433\u0430\u043f\u0443\u0440\u0441\u043a\u0438\u0439 \u0417\u043e\u043e\u043f\u0430\u0440\u043a &#8226; \u042d\u043a\u0441\u043a\u0443\u0440\u0441\u0438\u0438 Skyline\" \/>\n<meta property=\"og:description\" content=\"\u0412\u0440\u0435\u043c\u044f \u0442\u0443\u0440\u0430: 10:00 - 13:30  \u0414\u043d\u0438 \u043f\u0440\u043e\u0432\u0435\u0434\u0435\u043d\u0438\u044f: \u0435\u0436\u0435\u0434\u043d\u0435\u0432\u043d\u043e\" \/>\n<meta property=\"og:url\" content=\"https:\/\/skyline-gs.com\/de\/produkt\/zoo-singapore\/\" \/>\n<meta property=\"og:site_name\" content=\"\u042d\u043a\u0441\u043a\u0443\u0440\u0441\u0438\u0438 Skyline\" \/>\n<meta property=\"article:modified_time\" content=\"2025-05-31T20:06:14+00:00\" \/>\n<meta property=\"og:image\" content=\"https:\/\/skyline-gs.com\/wp-content\/uploads\/2023\/01\/8-11.png\" \/>\n\t<meta property=\"og:image:width\" content=\"669\" \/>\n\t<meta property=\"og:image:height\" content=\"446\" \/>\n\t<meta property=\"og:image:type\" content=\"image\/png\" \/>\n<meta name=\"twitter:card\" content=\"summary_large_image\" \/>\n<meta name=\"twitter:label1\" content=\"Gesch\u00e4tzte Lesezeit\" \/>\n\t<meta name=\"twitter:data1\" content=\"2\u00a0Minuten\" \/>\n<script type=\"application\/ld+json\" class=\"yoast-schema-graph\">{\"@context\":\"https:\\\/\\\/schema.org\",\"@graph\":[{\"@type\":\"WebPage\",\"@id\":\"https:\\\/\\\/skyline-gs.com\\\/product\\\/zoo-singapore\\\/\",\"url\":\"https:\\\/\\\/skyline-gs.com\\\/product\\\/zoo-singapore\\\/\",\"name\":\"\u0421\u0438\u043d\u0433\u0430\u043f\u0443\u0440\u0441\u043a\u0438\u0439 \u0417\u043e\u043e\u043f\u0430\u0440\u043a &#8226; \u042d\u043a\u0441\u043a\u0443\u0440\u0441\u0438\u0438 Skyline\",\"isPartOf\":{\"@id\":\"https:\\\/\\\/skyline-gs.com\\\/it\\\/#website\"},\"primaryImageOfPage\":{\"@id\":\"https:\\\/\\\/skyline-gs.com\\\/product\\\/zoo-singapore\\\/#primaryimage\"},\"image\":{\"@id\":\"https:\\\/\\\/skyline-gs.com\\\/product\\\/zoo-singapore\\\/#primaryimage\"},\"thumbnailUrl\":\"https:\\\/\\\/skyline-gs.com\\\/wp-content\\\/uploads\\\/2023\\\/01\\\/8-11.png\",\"datePublished\":\"2023-01-25T23:08:45+00:00\",\"dateModified\":\"2025-05-31T20:06:14+00:00\",\"breadcrumb\":{\"@id\":\"https:\\\/\\\/skyline-gs.com\\\/product\\\/zoo-singapore\\\/#breadcrumb\"},\"inLanguage\":\"de\",\"potentialAction\":[{\"@type\":\"ReadAction\",\"target\":[\"https:\\\/\\\/skyline-gs.com\\\/product\\\/zoo-singapore\\\/\"]}]},{\"@type\":\"ImageObject\",\"inLanguage\":\"de\",\"@id\":\"https:\\\/\\\/skyline-gs.com\\\/product\\\/zoo-singapore\\\/#primaryimage\",\"url\":\"https:\\\/\\\/skyline-gs.com\\\/wp-content\\\/uploads\\\/2023\\\/01\\\/8-11.png\",\"contentUrl\":\"https:\\\/\\\/skyline-gs.com\\\/wp-content\\\/uploads\\\/2023\\\/01\\\/8-11.png\",\"width\":669,\"height\":446},{\"@type\":\"BreadcrumbList\",\"@id\":\"https:\\\/\\\/skyline-gs.com\\\/product\\\/zoo-singapore\\\/#breadcrumb\",\"itemListElement\":[{\"@type\":\"ListItem\",\"position\":1,\"name\":\"\u0413\u043b\u0430\u0432\u043d\u0430\u044f \u0441\u0442\u0440\u0430\u043d\u0438\u0446\u0430\",\"item\":\"https:\\\/\\\/skyline-gs.com\\\/hu\\\/\"},{\"@type\":\"ListItem\",\"position\":2,\"name\":\"\u041c\u0430\u0433\u0430\u0437\u0438\u043d\",\"item\":\"https:\\\/\\\/skyline-gs.com\\\/cs\\\/shop\\\/\"},{\"@type\":\"ListItem\",\"position\":3,\"name\":\"\u0421\u0438\u043d\u0433\u0430\u043f\u0443\u0440\u0441\u043a\u0438\u0439 \u0417\u043e\u043e\u043f\u0430\u0440\u043a\"}]},{\"@type\":\"WebSite\",\"@id\":\"https:\\\/\\\/skyline-gs.com\\\/it\\\/#website\",\"url\":\"https:\\\/\\\/skyline-gs.com\\\/it\\\/\",\"name\":\"\u042d\u043a\u0441\u043a\u0443\u0440\u0441\u0438\u0438 Skyline\",\"description\":\"\u042d\u043a\u0441\u043a\u043b\u044e\u0437\u0438\u0432\u043d\u044b\u0435 \u044d\u043a\u0441\u043a\u0443\u0440\u0441\u0438\u0438 \u043d\u0430 \u043b\u0443\u0447\u0448\u0438\u0445 \u043a\u0443\u0440\u043e\u0440\u0442\u0430\u0445 \u043c\u0438\u0440\u0430\",\"publisher\":{\"@id\":\"https:\\\/\\\/skyline-gs.com\\\/it\\\/#organization\"},\"alternateName\":\"Skyline\",\"potentialAction\":[{\"@type\":\"SearchAction\",\"target\":{\"@type\":\"EntryPoint\",\"urlTemplate\":\"https:\\\/\\\/skyline-gs.com\\\/it\\\/?s={search_term_string}\"},\"query-input\":{\"@type\":\"PropertyValueSpecification\",\"valueRequired\":true,\"valueName\":\"search_term_string\"}}],\"inLanguage\":\"de\"},{\"@type\":\"Organization\",\"@id\":\"https:\\\/\\\/skyline-gs.com\\\/it\\\/#organization\",\"name\":\"\u042d\u043a\u0441\u043a\u0443\u0440\u0441\u0438\u0438 Skyline\",\"alternateName\":\"\u042d\u043a\u0441\u043a\u0443\u0440\u0441\u0438\u0438 Skyline\",\"url\":\"https:\\\/\\\/skyline-gs.com\\\/it\\\/\",\"logo\":{\"@type\":\"ImageObject\",\"inLanguage\":\"de\",\"@id\":\"https:\\\/\\\/skyline-gs.com\\\/it\\\/#\\\/schema\\\/logo\\\/image\\\/\",\"url\":\"https:\\\/\\\/skyline-gs.com\\\/wp-content\\\/uploads\\\/2020\\\/12\\\/cropped-logo-2.png\",\"contentUrl\":\"https:\\\/\\\/skyline-gs.com\\\/wp-content\\\/uploads\\\/2020\\\/12\\\/cropped-logo-2.png\",\"width\":512,\"height\":512,\"caption\":\"\u042d\u043a\u0441\u043a\u0443\u0440\u0441\u0438\u0438 Skyline\"},\"image\":{\"@id\":\"https:\\\/\\\/skyline-gs.com\\\/it\\\/#\\\/schema\\\/logo\\\/image\\\/\"},\"sameAs\":[\"https:\\\/\\\/www.instagram.com\\\/skylineglobalservice\\\/\"]}]}<\/script>\n<!-- \/ Yoast SEO plugin. -->","yoast_head_json":{"title":"\u0421\u0438\u043d\u0433\u0430\u043f\u0443\u0440\u0441\u043a\u0438\u0439 \u0417\u043e\u043e\u043f\u0430\u0440\u043a &#8226; \u042d\u043a\u0441\u043a\u0443\u0440\u0441\u0438\u0438 Skyline","robots":{"index":"index","follow":"follow","max-snippet":"max-snippet:-1","max-image-preview":"max-image-preview:large","max-video-preview":"max-video-preview:-1"},"canonical":"https:\/\/skyline-gs.com\/de\/produkt\/zoo-singapore\/","og_locale":"de_DE","og_type":"article","og_title":"\u0421\u0438\u043d\u0433\u0430\u043f\u0443\u0440\u0441\u043a\u0438\u0439 \u0417\u043e\u043e\u043f\u0430\u0440\u043a &#8226; \u042d\u043a\u0441\u043a\u0443\u0440\u0441\u0438\u0438 Skyline","og_description":"\u0412\u0440\u0435\u043c\u044f \u0442\u0443\u0440\u0430: 10:00 - 13:30  \u0414\u043d\u0438 \u043f\u0440\u043e\u0432\u0435\u0434\u0435\u043d\u0438\u044f: \u0435\u0436\u0435\u0434\u043d\u0435\u0432\u043d\u043e","og_url":"https:\/\/skyline-gs.com\/de\/produkt\/zoo-singapore\/","og_site_name":"\u042d\u043a\u0441\u043a\u0443\u0440\u0441\u0438\u0438 Skyline","article_modified_time":"2025-05-31T20:06:14+00:00","og_image":[{"width":669,"height":446,"url":"https:\/\/skyline-gs.com\/wp-content\/uploads\/2023\/01\/8-11.png","type":"image\/png"}],"twitter_card":"summary_large_image","twitter_misc":{"Gesch\u00e4tzte Lesezeit":"2\u00a0Minuten"},"schema":{"@context":"https:\/\/schema.org","@graph":[{"@type":"WebPage","@id":"https:\/\/skyline-gs.com\/product\/zoo-singapore\/","url":"https:\/\/skyline-gs.com\/product\/zoo-singapore\/","name":"\u0421\u0438\u043d\u0433\u0430\u043f\u0443\u0440\u0441\u043a\u0438\u0439 \u0417\u043e\u043e\u043f\u0430\u0440\u043a &#8226; \u042d\u043a\u0441\u043a\u0443\u0440\u0441\u0438\u0438 Skyline","isPartOf":{"@id":"https:\/\/skyline-gs.com\/it\/#website"},"primaryImageOfPage":{"@id":"https:\/\/skyline-gs.com\/product\/zoo-singapore\/#primaryimage"},"image":{"@id":"https:\/\/skyline-gs.com\/product\/zoo-singapore\/#primaryimage"},"thumbnailUrl":"https:\/\/skyline-gs.com\/wp-content\/uploads\/2023\/01\/8-11.png","datePublished":"2023-01-25T23:08:45+00:00","dateModified":"2025-05-31T20:06:14+00:00","breadcrumb":{"@id":"https:\/\/skyline-gs.com\/product\/zoo-singapore\/#breadcrumb"},"inLanguage":"de","potentialAction":[{"@type":"ReadAction","target":["https:\/\/skyline-gs.com\/product\/zoo-singapore\/"]}]},{"@type":"ImageObject","inLanguage":"de","@id":"https:\/\/skyline-gs.com\/product\/zoo-singapore\/#primaryimage","url":"https:\/\/skyline-gs.com\/wp-content\/uploads\/2023\/01\/8-11.png","contentUrl":"https:\/\/skyline-gs.com\/wp-content\/uploads\/2023\/01\/8-11.png","width":669,"height":446},{"@type":"BreadcrumbList","@id":"https:\/\/skyline-gs.com\/product\/zoo-singapore\/#breadcrumb","itemListElement":[{"@type":"ListItem","position":1,"name":"\u0413\u043b\u0430\u0432\u043d\u0430\u044f \u0441\u0442\u0440\u0430\u043d\u0438\u0446\u0430","item":"https:\/\/skyline-gs.com\/hu\/"},{"@type":"ListItem","position":2,"name":"\u041c\u0430\u0433\u0430\u0437\u0438\u043d","item":"https:\/\/skyline-gs.com\/cs\/shop\/"},{"@type":"ListItem","position":3,"name":"\u0421\u0438\u043d\u0433\u0430\u043f\u0443\u0440\u0441\u043a\u0438\u0439 \u0417\u043e\u043e\u043f\u0430\u0440\u043a"}]},{"@type":"WebSite","@id":"https:\/\/skyline-gs.com\/it\/#website","url":"https:\/\/skyline-gs.com\/it\/","name":"Skyline Ausfl\u00fcge","description":"Exklusive Ausfl\u00fcge in den besten Resorts der Welt","publisher":{"@id":"https:\/\/skyline-gs.com\/it\/#organization"},"alternateName":"Skyline","potentialAction":[{"@type":"SearchAction","target":{"@type":"EntryPoint","urlTemplate":"https:\/\/skyline-gs.com\/it\/?s={search_term_string}"},"query-input":{"@type":"PropertyValueSpecification","valueRequired":true,"valueName":"search_term_string"}}],"inLanguage":"de"},{"@type":"Organization","@id":"https:\/\/skyline-gs.com\/it\/#organization","name":"Skyline Ausfl\u00fcge","alternateName":"\u042d\u043a\u0441\u043a\u0443\u0440\u0441\u0438\u0438 Skyline","url":"https:\/\/skyline-gs.com\/it\/","logo":{"@type":"ImageObject","inLanguage":"de","@id":"https:\/\/skyline-gs.com\/it\/#\/schema\/logo\/image\/","url":"https:\/\/skyline-gs.com\/wp-content\/uploads\/2020\/12\/cropped-logo-2.png","contentUrl":"https:\/\/skyline-gs.com\/wp-content\/uploads\/2020\/12\/cropped-logo-2.png","width":512,"height":512,"caption":"\u042d\u043a\u0441\u043a\u0443\u0440\u0441\u0438\u0438 Skyline"},"image":{"@id":"https:\/\/skyline-gs.com\/it\/#\/schema\/logo\/image\/"},"sameAs":["https:\/\/www.instagram.com\/skylineglobalservice\/"]}]}},"_links":{"self":[{"href":"https:\/\/skyline-gs.com\/de\/wp-json\/wp\/v2\/product\/42033","targetHints":{"allow":["GET"]}}],"collection":[{"href":"https:\/\/skyline-gs.com\/de\/wp-json\/wp\/v2\/product"}],"about":[{"href":"https:\/\/skyline-gs.com\/de\/wp-json\/wp\/v2\/types\/product"}],"version-history":[{"count":0,"href":"https:\/\/skyline-gs.com\/de\/wp-json\/wp\/v2\/product\/42033\/revisions"}],"wp:featuredmedia":[{"embeddable":true,"href":"https:\/\/skyline-gs.com\/de\/wp-json\/wp\/v2\/media\/42041"}],"wp:attachment":[{"href":"https:\/\/skyline-gs.com\/de\/wp-json\/wp\/v2\/media?parent=42033"}],"wp:term":[{"taxonomy":"product_brand","embeddable":true,"href":"https:\/\/skyline-gs.com\/de\/wp-json\/wp\/v2\/product_brand?post=42033"},{"taxonomy":"product_cat","embeddable":true,"href":"https:\/\/skyline-gs.com\/de\/wp-json\/wp\/v2\/product_cat?post=42033"},{"taxonomy":"product_tag","embeddable":true,"href":"https:\/\/skyline-gs.com\/de\/wp-json\/wp\/v2\/product_tag?post=42033"}],"curies":[{"name":"wp","href":"https:\/\/api.w.org\/{rel}","templated":true}]}}