{"id":41896,"date":"2023-01-22T01:10:31","date_gmt":"2023-01-21T23:10:31","guid":{"rendered":"http:\/\/skyline-gs.com\/?post_type=product&#038;p=41896"},"modified":"2025-05-31T22:03:37","modified_gmt":"2025-05-31T20:03:37","slug":"botanischer-garten-an-der-bucht-und-super-trees-singapur","status":"publish","type":"product","link":"https:\/\/skyline-gs.com\/de\/product\/botanical-garden-by-the-bay-and-super-trees-singapore\/","title":{"rendered":"\"Supertrees\" und Botanischer Garten in der Bucht."},"content":{"rendered":"<p>Abfahrt vom Hotel um 16:00 Uhr. Herzlich willkommen in den Botanischen G\u00e4rten an der Bucht! Dieser Superpark beherbergt \u00fcber eine Viertelmillion seltener Pflanzen, erstreckt sich \u00fcber etwa 101 Hektar Land und liegt mitten im Herzen der Stadt, im Gebiet Marina Bay! Pflanzen aus allen Kontinenten au\u00dfer der Antarktis sind im Garten gesammelt. Sie werden die \"Flower Dome\" besuchen - eine Welt des ewigen Fr\u00fchlings, in der einzigartige Pflanzen st\u00e4ndig bl\u00fchen! Dieses Gew\u00e4chshaus simuliert das kalte, trockene Klima des Mittelmeers und das milde subtropische Klima S\u00fcdafrikas und Kaliforniens. Schlendern Sie unter jahrhundertealten Olivenb\u00e4umen, riesigen Dattelpalmen und ungew\u00f6hnlichen Baobabs. Genie\u00dfen Sie die unglaublichen Aromen des \"Flower Field\", in dem Blumen entsprechend den Jahreszeiten gepflanzt sind und verschiedene Feiertage und Feste symbolisieren. Anschlie\u00dfend besuchen Sie das Gew\u00e4chshaus \"Cloud Forest\", in dem das Mikroklima eines tropischen Hochlands nachgebildet wird. Sie werden den h\u00f6chsten k\u00fcnstlichen Wasserfall der Welt (35 m) und die Flora S\u00fcdostasiens, Zentral- und S\u00fcdamerikas bewundern. Sie werden fantastische Strukturen sehen - die \"Supertrees\", die zwischen 25 und 50 Metern hoch sind. Jedes \"Supertree\" ist ein vertikaler botanischer Garten, in dem Sie kletternde tropische Blumen, Farne und Bromelien finden k\u00f6nnen. Sie haben einen Blick auf die Botanischen G\u00e4rten, die Stadt und das ber\u00fchmte Marina Bay Sands Hotel. Tags\u00fcber erzeugen die Kronen der \"Supertrees\" Schatten im gesamten Garten, und abends erwachen sie zu einer fantastischen Licht- und Musikshow, die Sie genie\u00dfen werden. Wir werden gegen 19:30 Uhr zum Hotel zur\u00fcckkehren.<\/p>\n<p><strong>Inbegriffen:<\/strong><\/p>\n<ul>\n<li>Transfers vom Hotel und zur\u00fcck (wir holen Sie aus allen Hotels in Singapur ab).<\/li>\n<li>Alle Transfers laut Programm<\/li>\n<li>Englischsprachiger Reiseleiter<\/li>\n<li>Eintrittskarten<\/li>\n<\/ul>\n<p><strong>Nimm mit:<\/strong><\/p>\n<ul>\n<li>Wasser<\/li>\n<li>Kopfbedeckung<\/li>\n<li>Geld f\u00fcr pers\u00f6nliche Ausgaben.<\/li>\n<\/ul>","protected":false},"excerpt":{"rendered":"<p><strong>Tourzeit:<\/strong> 16:00 \u2014 19:30<\/p>\n<p><strong>Veranstaltungstage:<\/strong> T\u00e4glich<\/p>","protected":false},"featured_media":41903,"template":"","meta":{"_kad_post_transparent":"default","_kad_post_title":"","_kad_post_layout":"default","_kad_post_sidebar_id":"","_kad_post_content_style":"default","_kad_post_vertical_padding":"default","_kad_post_feature":"","_kad_post_feature_position":"","_kad_post_header":false,"_kad_post_footer":false,"_kad_post_classname":"","_glsr_average":0,"_glsr_ranking":0,"_glsr_reviews":0},"product_brand":[],"product_cat":[440],"product_tag":[],"class_list":{"0":"post-41896","1":"product","2":"type-product","3":"status-publish","4":"has-post-thumbnail","6":"product_cat-singapore","7":"tm-has-options","9":"first","10":"instock","11":"sale","12":"sold-individually","13":"taxable","14":"shipping-taxable","15":"purchasable","16":"product-type-simple","17":"entry","18":"content-bg","19":"loop-entry"},"yoast_head":"<!-- This site is optimized with the Yoast SEO plugin v27.3 - https:\/\/yoast.com\/product\/yoast-seo-wordpress\/ -->\n<title>\u00ab\u0421\u0443\u043f\u0435\u0440 \u0434\u0435\u0440\u0435\u0432\u044c\u044f\u00bb \u0438 \u0431\u043e\u0442\u0430\u043d\u0438\u0447\u0435\u0441\u043a\u0438\u0439 \u0441\u0430\u0434 \u0443 \u0437\u0430\u043b\u0438\u0432\u0430 &#8226; \u042d\u043a\u0441\u043a\u0443\u0440\u0441\u0438\u0438 Skyline<\/title>\n<meta name=\"robots\" content=\"index, follow, max-snippet:-1, max-image-preview:large, max-video-preview:-1\" \/>\n<link rel=\"canonical\" href=\"https:\/\/skyline-gs.com\/de\/produkt\/botanischer-garten-an-der-bucht-und-super-trees-singapur\/\" \/>\n<meta property=\"og:locale\" content=\"de_DE\" \/>\n<meta property=\"og:type\" content=\"article\" \/>\n<meta property=\"og:title\" content=\"\u00ab\u0421\u0443\u043f\u0435\u0440 \u0434\u0435\u0440\u0435\u0432\u044c\u044f\u00bb \u0438 \u0431\u043e\u0442\u0430\u043d\u0438\u0447\u0435\u0441\u043a\u0438\u0439 \u0441\u0430\u0434 \u0443 \u0437\u0430\u043b\u0438\u0432\u0430 &#8226; \u042d\u043a\u0441\u043a\u0443\u0440\u0441\u0438\u0438 Skyline\" \/>\n<meta property=\"og:description\" content=\"\u0412\u0440\u0435\u043c\u044f \u0442\u0443\u0440\u0430: 16:00 - 19:30  \u0414\u043d\u0438 \u043f\u0440\u043e\u0432\u0435\u0434\u0435\u043d\u0438\u044f: \u0435\u0436\u0435\u0434\u043d\u0435\u0432\u043d\u043e\" \/>\n<meta property=\"og:url\" content=\"https:\/\/skyline-gs.com\/de\/produkt\/botanischer-garten-an-der-bucht-und-super-trees-singapur\/\" \/>\n<meta property=\"og:site_name\" content=\"\u042d\u043a\u0441\u043a\u0443\u0440\u0441\u0438\u0438 Skyline\" \/>\n<meta property=\"article:modified_time\" content=\"2025-05-31T20:03:37+00:00\" \/>\n<meta property=\"og:image\" content=\"https:\/\/skyline-gs.com\/wp-content\/uploads\/2023\/01\/6-13.png\" \/>\n\t<meta property=\"og:image:width\" content=\"669\" \/>\n\t<meta property=\"og:image:height\" content=\"446\" \/>\n\t<meta property=\"og:image:type\" content=\"image\/png\" \/>\n<meta name=\"twitter:card\" content=\"summary_large_image\" \/>\n<meta name=\"twitter:label1\" content=\"Gesch\u00e4tzte Lesezeit\" \/>\n\t<meta name=\"twitter:data1\" content=\"2\u00a0Minuten\" \/>\n<script type=\"application\/ld+json\" class=\"yoast-schema-graph\">{\"@context\":\"https:\\\/\\\/schema.org\",\"@graph\":[{\"@type\":\"WebPage\",\"@id\":\"https:\\\/\\\/skyline-gs.com\\\/product\\\/botanical-garden-by-the-bay-and-super-trees-singapore\\\/\",\"url\":\"https:\\\/\\\/skyline-gs.com\\\/product\\\/botanical-garden-by-the-bay-and-super-trees-singapore\\\/\",\"name\":\"\u00ab\u0421\u0443\u043f\u0435\u0440 \u0434\u0435\u0440\u0435\u0432\u044c\u044f\u00bb \u0438 \u0431\u043e\u0442\u0430\u043d\u0438\u0447\u0435\u0441\u043a\u0438\u0439 \u0441\u0430\u0434 \u0443 \u0437\u0430\u043b\u0438\u0432\u0430 &#8226; \u042d\u043a\u0441\u043a\u0443\u0440\u0441\u0438\u0438 Skyline\",\"isPartOf\":{\"@id\":\"https:\\\/\\\/skyline-gs.com\\\/it\\\/#website\"},\"primaryImageOfPage\":{\"@id\":\"https:\\\/\\\/skyline-gs.com\\\/product\\\/botanical-garden-by-the-bay-and-super-trees-singapore\\\/#primaryimage\"},\"image\":{\"@id\":\"https:\\\/\\\/skyline-gs.com\\\/product\\\/botanical-garden-by-the-bay-and-super-trees-singapore\\\/#primaryimage\"},\"thumbnailUrl\":\"https:\\\/\\\/skyline-gs.com\\\/wp-content\\\/uploads\\\/2023\\\/01\\\/6-13.png\",\"datePublished\":\"2023-01-21T23:10:31+00:00\",\"dateModified\":\"2025-05-31T20:03:37+00:00\",\"breadcrumb\":{\"@id\":\"https:\\\/\\\/skyline-gs.com\\\/product\\\/botanical-garden-by-the-bay-and-super-trees-singapore\\\/#breadcrumb\"},\"inLanguage\":\"de\",\"potentialAction\":[{\"@type\":\"ReadAction\",\"target\":[\"https:\\\/\\\/skyline-gs.com\\\/product\\\/botanical-garden-by-the-bay-and-super-trees-singapore\\\/\"]}]},{\"@type\":\"ImageObject\",\"inLanguage\":\"de\",\"@id\":\"https:\\\/\\\/skyline-gs.com\\\/product\\\/botanical-garden-by-the-bay-and-super-trees-singapore\\\/#primaryimage\",\"url\":\"https:\\\/\\\/skyline-gs.com\\\/wp-content\\\/uploads\\\/2023\\\/01\\\/6-13.png\",\"contentUrl\":\"https:\\\/\\\/skyline-gs.com\\\/wp-content\\\/uploads\\\/2023\\\/01\\\/6-13.png\",\"width\":669,\"height\":446},{\"@type\":\"BreadcrumbList\",\"@id\":\"https:\\\/\\\/skyline-gs.com\\\/product\\\/botanical-garden-by-the-bay-and-super-trees-singapore\\\/#breadcrumb\",\"itemListElement\":[{\"@type\":\"ListItem\",\"position\":1,\"name\":\"\u0413\u043b\u0430\u0432\u043d\u0430\u044f \u0441\u0442\u0440\u0430\u043d\u0438\u0446\u0430\",\"item\":\"https:\\\/\\\/skyline-gs.com\\\/hu\\\/\"},{\"@type\":\"ListItem\",\"position\":2,\"name\":\"\u041c\u0430\u0433\u0430\u0437\u0438\u043d\",\"item\":\"https:\\\/\\\/skyline-gs.com\\\/cs\\\/shop\\\/\"},{\"@type\":\"ListItem\",\"position\":3,\"name\":\"\u00ab\u0421\u0443\u043f\u0435\u0440 \u0434\u0435\u0440\u0435\u0432\u044c\u044f\u00bb \u0438 \u0431\u043e\u0442\u0430\u043d\u0438\u0447\u0435\u0441\u043a\u0438\u0439 \u0441\u0430\u0434 \u0443 \u0437\u0430\u043b\u0438\u0432\u0430\"}]},{\"@type\":\"WebSite\",\"@id\":\"https:\\\/\\\/skyline-gs.com\\\/it\\\/#website\",\"url\":\"https:\\\/\\\/skyline-gs.com\\\/it\\\/\",\"name\":\"\u042d\u043a\u0441\u043a\u0443\u0440\u0441\u0438\u0438 Skyline\",\"description\":\"\u042d\u043a\u0441\u043a\u043b\u044e\u0437\u0438\u0432\u043d\u044b\u0435 \u044d\u043a\u0441\u043a\u0443\u0440\u0441\u0438\u0438 \u043d\u0430 \u043b\u0443\u0447\u0448\u0438\u0445 \u043a\u0443\u0440\u043e\u0440\u0442\u0430\u0445 \u043c\u0438\u0440\u0430\",\"publisher\":{\"@id\":\"https:\\\/\\\/skyline-gs.com\\\/it\\\/#organization\"},\"alternateName\":\"Skyline\",\"potentialAction\":[{\"@type\":\"SearchAction\",\"target\":{\"@type\":\"EntryPoint\",\"urlTemplate\":\"https:\\\/\\\/skyline-gs.com\\\/it\\\/?s={search_term_string}\"},\"query-input\":{\"@type\":\"PropertyValueSpecification\",\"valueRequired\":true,\"valueName\":\"search_term_string\"}}],\"inLanguage\":\"de\"},{\"@type\":\"Organization\",\"@id\":\"https:\\\/\\\/skyline-gs.com\\\/it\\\/#organization\",\"name\":\"\u042d\u043a\u0441\u043a\u0443\u0440\u0441\u0438\u0438 Skyline\",\"alternateName\":\"\u042d\u043a\u0441\u043a\u0443\u0440\u0441\u0438\u0438 Skyline\",\"url\":\"https:\\\/\\\/skyline-gs.com\\\/it\\\/\",\"logo\":{\"@type\":\"ImageObject\",\"inLanguage\":\"de\",\"@id\":\"https:\\\/\\\/skyline-gs.com\\\/it\\\/#\\\/schema\\\/logo\\\/image\\\/\",\"url\":\"https:\\\/\\\/skyline-gs.com\\\/wp-content\\\/uploads\\\/2020\\\/12\\\/cropped-logo-2.png\",\"contentUrl\":\"https:\\\/\\\/skyline-gs.com\\\/wp-content\\\/uploads\\\/2020\\\/12\\\/cropped-logo-2.png\",\"width\":512,\"height\":512,\"caption\":\"\u042d\u043a\u0441\u043a\u0443\u0440\u0441\u0438\u0438 Skyline\"},\"image\":{\"@id\":\"https:\\\/\\\/skyline-gs.com\\\/it\\\/#\\\/schema\\\/logo\\\/image\\\/\"},\"sameAs\":[\"https:\\\/\\\/www.instagram.com\\\/skylineglobalservice\\\/\"]}]}<\/script>\n<!-- \/ Yoast SEO plugin. -->","yoast_head_json":{"title":"\u00abSuper Trees\u00bb und Botanische G\u00e4rten an der Bucht - Skyline Excursions","robots":{"index":"index","follow":"follow","max-snippet":"max-snippet:-1","max-image-preview":"max-image-preview:large","max-video-preview":"max-video-preview:-1"},"canonical":"https:\/\/skyline-gs.com\/de\/produkt\/botanischer-garten-an-der-bucht-und-super-trees-singapur\/","og_locale":"de_DE","og_type":"article","og_title":"\u00ab\u0421\u0443\u043f\u0435\u0440 \u0434\u0435\u0440\u0435\u0432\u044c\u044f\u00bb \u0438 \u0431\u043e\u0442\u0430\u043d\u0438\u0447\u0435\u0441\u043a\u0438\u0439 \u0441\u0430\u0434 \u0443 \u0437\u0430\u043b\u0438\u0432\u0430 &#8226; \u042d\u043a\u0441\u043a\u0443\u0440\u0441\u0438\u0438 Skyline","og_description":"\u0412\u0440\u0435\u043c\u044f \u0442\u0443\u0440\u0430: 16:00 - 19:30  \u0414\u043d\u0438 \u043f\u0440\u043e\u0432\u0435\u0434\u0435\u043d\u0438\u044f: \u0435\u0436\u0435\u0434\u043d\u0435\u0432\u043d\u043e","og_url":"https:\/\/skyline-gs.com\/de\/produkt\/botanischer-garten-an-der-bucht-und-super-trees-singapur\/","og_site_name":"\u042d\u043a\u0441\u043a\u0443\u0440\u0441\u0438\u0438 Skyline","article_modified_time":"2025-05-31T20:03:37+00:00","og_image":[{"width":669,"height":446,"url":"https:\/\/skyline-gs.com\/wp-content\/uploads\/2023\/01\/6-13.png","type":"image\/png"}],"twitter_card":"summary_large_image","twitter_misc":{"Gesch\u00e4tzte Lesezeit":"2\u00a0Minuten"},"schema":{"@context":"https:\/\/schema.org","@graph":[{"@type":"WebPage","@id":"https:\/\/skyline-gs.com\/product\/botanical-garden-by-the-bay-and-super-trees-singapore\/","url":"https:\/\/skyline-gs.com\/product\/botanical-garden-by-the-bay-and-super-trees-singapore\/","name":"\u00abSuper Trees\u00bb und Botanische G\u00e4rten an der Bucht - Skyline Excursions","isPartOf":{"@id":"https:\/\/skyline-gs.com\/it\/#website"},"primaryImageOfPage":{"@id":"https:\/\/skyline-gs.com\/product\/botanical-garden-by-the-bay-and-super-trees-singapore\/#primaryimage"},"image":{"@id":"https:\/\/skyline-gs.com\/product\/botanical-garden-by-the-bay-and-super-trees-singapore\/#primaryimage"},"thumbnailUrl":"https:\/\/skyline-gs.com\/wp-content\/uploads\/2023\/01\/6-13.png","datePublished":"2023-01-21T23:10:31+00:00","dateModified":"2025-05-31T20:03:37+00:00","breadcrumb":{"@id":"https:\/\/skyline-gs.com\/product\/botanical-garden-by-the-bay-and-super-trees-singapore\/#breadcrumb"},"inLanguage":"de","potentialAction":[{"@type":"ReadAction","target":["https:\/\/skyline-gs.com\/product\/botanical-garden-by-the-bay-and-super-trees-singapore\/"]}]},{"@type":"ImageObject","inLanguage":"de","@id":"https:\/\/skyline-gs.com\/product\/botanical-garden-by-the-bay-and-super-trees-singapore\/#primaryimage","url":"https:\/\/skyline-gs.com\/wp-content\/uploads\/2023\/01\/6-13.png","contentUrl":"https:\/\/skyline-gs.com\/wp-content\/uploads\/2023\/01\/6-13.png","width":669,"height":446},{"@type":"BreadcrumbList","@id":"https:\/\/skyline-gs.com\/product\/botanical-garden-by-the-bay-and-super-trees-singapore\/#breadcrumb","itemListElement":[{"@type":"ListItem","position":1,"name":"\u0413\u043b\u0430\u0432\u043d\u0430\u044f \u0441\u0442\u0440\u0430\u043d\u0438\u0446\u0430","item":"https:\/\/skyline-gs.com\/hu\/"},{"@type":"ListItem","position":2,"name":"\u041c\u0430\u0433\u0430\u0437\u0438\u043d","item":"https:\/\/skyline-gs.com\/cs\/shop\/"},{"@type":"ListItem","position":3,"name":"\u00ab\u0421\u0443\u043f\u0435\u0440 \u0434\u0435\u0440\u0435\u0432\u044c\u044f\u00bb \u0438 \u0431\u043e\u0442\u0430\u043d\u0438\u0447\u0435\u0441\u043a\u0438\u0439 \u0441\u0430\u0434 \u0443 \u0437\u0430\u043b\u0438\u0432\u0430"}]},{"@type":"WebSite","@id":"https:\/\/skyline-gs.com\/it\/#website","url":"https:\/\/skyline-gs.com\/it\/","name":"Skyline Ausfl\u00fcge","description":"Exklusive Ausfl\u00fcge in den besten Resorts der Welt","publisher":{"@id":"https:\/\/skyline-gs.com\/it\/#organization"},"alternateName":"Skyline","potentialAction":[{"@type":"SearchAction","target":{"@type":"EntryPoint","urlTemplate":"https:\/\/skyline-gs.com\/it\/?s={search_term_string}"},"query-input":{"@type":"PropertyValueSpecification","valueRequired":true,"valueName":"search_term_string"}}],"inLanguage":"de"},{"@type":"Organization","@id":"https:\/\/skyline-gs.com\/it\/#organization","name":"Skyline Ausfl\u00fcge","alternateName":"\u042d\u043a\u0441\u043a\u0443\u0440\u0441\u0438\u0438 Skyline","url":"https:\/\/skyline-gs.com\/it\/","logo":{"@type":"ImageObject","inLanguage":"de","@id":"https:\/\/skyline-gs.com\/it\/#\/schema\/logo\/image\/","url":"https:\/\/skyline-gs.com\/wp-content\/uploads\/2020\/12\/cropped-logo-2.png","contentUrl":"https:\/\/skyline-gs.com\/wp-content\/uploads\/2020\/12\/cropped-logo-2.png","width":512,"height":512,"caption":"\u042d\u043a\u0441\u043a\u0443\u0440\u0441\u0438\u0438 Skyline"},"image":{"@id":"https:\/\/skyline-gs.com\/it\/#\/schema\/logo\/image\/"},"sameAs":["https:\/\/www.instagram.com\/skylineglobalservice\/"]}]}},"_links":{"self":[{"href":"https:\/\/skyline-gs.com\/de\/wp-json\/wp\/v2\/product\/41896","targetHints":{"allow":["GET"]}}],"collection":[{"href":"https:\/\/skyline-gs.com\/de\/wp-json\/wp\/v2\/product"}],"about":[{"href":"https:\/\/skyline-gs.com\/de\/wp-json\/wp\/v2\/types\/product"}],"version-history":[{"count":0,"href":"https:\/\/skyline-gs.com\/de\/wp-json\/wp\/v2\/product\/41896\/revisions"}],"wp:featuredmedia":[{"embeddable":true,"href":"https:\/\/skyline-gs.com\/de\/wp-json\/wp\/v2\/media\/41903"}],"wp:attachment":[{"href":"https:\/\/skyline-gs.com\/de\/wp-json\/wp\/v2\/media?parent=41896"}],"wp:term":[{"taxonomy":"product_brand","embeddable":true,"href":"https:\/\/skyline-gs.com\/de\/wp-json\/wp\/v2\/product_brand?post=41896"},{"taxonomy":"product_cat","embeddable":true,"href":"https:\/\/skyline-gs.com\/de\/wp-json\/wp\/v2\/product_cat?post=41896"},{"taxonomy":"product_tag","embeddable":true,"href":"https:\/\/skyline-gs.com\/de\/wp-json\/wp\/v2\/product_tag?post=41896"}],"curies":[{"name":"wp","href":"https:\/\/api.w.org\/{rel}","templated":true}]}}